{"id":8930,"date":"2025-06-18T11:28:57","date_gmt":"2025-06-18T03:28:57","guid":{"rendered":"https:\/\/www.hsymachinery.com\/?post_type=product&#038;p=8930"},"modified":"2025-06-25T21:06:25","modified_gmt":"2025-06-25T13:06:25","slug":"maquina-de-corte-de-vergalhoes-gq55-faca-redonda","status":"publish","type":"product","link":"https:\/\/www.hsymachinery.com\/pt\/product\/maquina-de-corte-de-vergalhoes-gq55-faca-redonda\/","title":{"rendered":"M\u00e1quina de corte de vergalh\u00f5es GQ55 (faca redonda)"},"content":{"rendered":"<h3 data-start=\"136\" data-end=\"210\">Cortador de vergalh\u00e3o de l\u00e2mina redonda refor\u00e7ada para processamento de barras de alta efici\u00eancia<\/h3>\n<h3 data-start=\"217\" data-end=\"286\">Descri\u00e7\u00e3o geral do produto - Cortador de a\u00e7o com l\u00e2mina de laminagem para vergalh\u00f5es de 6-42 mm<\/h3>\n<p data-start=\"288\" data-end=\"741\">A m\u00e1quina de corte de vergalh\u00f5es GQ55 (faca redonda) \u00e9 uma solu\u00e7\u00e3o de corte de vergalh\u00f5es de n\u00edvel profissional, optimizada para o corte de barras de a\u00e7o de grande di\u00e2metro. Processa eficazmente vergalh\u00f5es que variam de 6 mm a 42 mm, incluindo a\u00e7o redondo liso, barras com nervuras e barras de a\u00e7o carbono. Com o seu sistema de l\u00e2minas redondas de corte rolante, esta m\u00e1quina reduz significativamente a fric\u00e7\u00e3o durante o corte, conduzindo a resultados mais r\u00e1pidos, maior vida \u00fatil da l\u00e2mina e um funcionamento mais suave.<\/p>\n<p data-start=\"743\" data-end=\"860\">Este modelo \u00e9 amplamente utilizado no desenvolvimento de infra-estruturas, processamento de a\u00e7o industrial e trabalhos de funda\u00e7\u00e3o de arranha-c\u00e9us.<\/p>\n<h3 data-start=\"867\" data-end=\"913\">Corte suave com menos resist\u00eancia<\/h3>\n<p data-start=\"915\" data-end=\"1235\">O mecanismo da faca redonda roda ligeiramente durante o movimento de corte, produzindo um efeito de corte deslizante em vez de um golpe direto. Isto n\u00e3o s\u00f3 melhora a precis\u00e3o do corte como tamb\u00e9m reduz a carga do motor. Como resultado, a sua equipa pode cortar mais barras por turno com menos ru\u00eddo, menos vibra\u00e7\u00e3o e melhor efici\u00eancia energ\u00e9tica.<\/p>\n<p data-start=\"1237\" data-end=\"1486\">Alimentada por um motor de cobre de bin\u00e1rio elevado, a m\u00e1quina de corte de vergalh\u00f5es GQ55 (faca redonda) funciona de forma consistente em condi\u00e7\u00f5es exigentes no local de trabalho. A sua caixa de velocidades interna \u00e9 refor\u00e7ada e tratada termicamente, garantindo uma fiabilidade mec\u00e2nica duradoura.<\/p>\n<h3 data-start=\"1493\" data-end=\"1543\">Constru\u00eddo para resistir a ambientes rigorosos no local de trabalho<\/h3>\n<p data-start=\"1545\" data-end=\"1808\">Para suportar o peso de vergalh\u00f5es maiores e longos ciclos de opera\u00e7\u00e3o, esta m\u00e1quina \u00e9 constru\u00edda com uma estrutura de ferro fundido espessada. A estrutura geral resiste \u00e0 deforma\u00e7\u00e3o e ao stress do impacto, enquanto as rodas de transporte s\u00f3lidas garantem uma f\u00e1cil desloca\u00e7\u00e3o, mesmo em terrenos acidentados.<\/p>\n<p data-start=\"1810\" data-end=\"2074\">Al\u00e9m disso, a alavanca manual d\u00e1 ao operador o controlo total sobre cada corte, enquanto o acesso \u00e0 l\u00e2mina \u00e9 r\u00e1pido e f\u00e1cil de utilizar, ajudando a reduzir o tempo de inatividade durante a manuten\u00e7\u00e3o. A adaptabilidade internacional de energia (220V\/380V, 50Hz\/60Hz) apoia ainda mais a sua utiliza\u00e7\u00e3o global.<\/p>\n<h3 data-start=\"2081\" data-end=\"2145\">Porque \u00e9 que os profissionais escolhem o cortador de vergalh\u00f5es de faca redonda GQ55<\/h3>\n<ul data-start=\"2147\" data-end=\"2376\">\n<li data-start=\"2147\" data-end=\"2210\">\n<p data-start=\"2149\" data-end=\"2210\">Processa eficazmente barras de a\u00e7o de 6-42 mm utilizando a tesoura de laminagem<\/p>\n<\/li>\n<li data-start=\"2211\" data-end=\"2259\">\n<p data-start=\"2213\" data-end=\"2259\">Menos vibra\u00e7\u00e3o e maior durabilidade da l\u00e2mina<\/p>\n<\/li>\n<li data-start=\"2260\" data-end=\"2328\">\n<p data-start=\"2262\" data-end=\"2328\">Adequado para funcionamento cont\u00ednuo em condi\u00e7\u00f5es industriais dif\u00edceis<\/p>\n<\/li>\n<li data-start=\"2329\" data-end=\"2376\">\n<p data-start=\"2331\" data-end=\"2376\">Ideal para exporta\u00e7\u00e3o com suporte multi-tens\u00e3o<\/p>\n<\/li>\n<\/ul>\n<p><iframe title=\"cortador de vergalh\u00f5esm\u00e1quina de corte de vergalh\u00f5esm\u00e1quina de corte de vergalh\u00f5es, m\u00e1quina de corte de barras de a\u00e7o, m\u00e1quinas de constru\u00e7\u00e3o\" width=\"720\" height=\"405\" src=\"https:\/\/www.youtube.com\/embed\/cIrJPBezWsw?feature=oembed\" frameborder=\"0\" allow=\"accelerometer; autoplay; clipboard-write; encrypted-media; gyroscope; picture-in-picture; web-share\" referrerpolicy=\"strict-origin-when-cross-origin\" allowfullscreen><\/iframe><\/p>","protected":false},"excerpt":{"rendered":"<p>O cortador de vergalh\u00f5es de l\u00e2mina redonda GQ55 proporciona um corte de alta velocidade e baixa resist\u00eancia para barras de 6-42 mm. O seu design de l\u00e2mina rolante aumenta o rendimento e minimiza o desgaste durante opera\u00e7\u00f5es de longas horas.<\/p>","protected":false},"featured_media":8931,"template":"","meta":{"_kad_post_transparent":"default","_kad_post_title":"","_kad_post_layout":"default","_kad_post_sidebar_id":"","_kad_post_content_style":"default","_kad_post_vertical_padding":"default","_kad_post_feature":"","_kad_post_feature_position":"","_kad_post_header":false,"_kad_post_footer":false},"product_brand":[],"product_cat":[51],"product_tag":[988,992,990,989,993,985,994,987,984,991,986],"class_list":{"0":"post-8930","1":"product","2":"type-product","3":"status-publish","4":"has-post-thumbnail","6":"product_cat-rebar-cutting-machine","7":"product_tag-automatic-rebar-cutter","8":"product_tag-construction-steel-bar-cutter","9":"product_tag-electric-rebar-cutting-tool","10":"product_tag-hydraulic-rebar-cutting-machine","11":"product_tag-portable-rebar-cutting-machine","12":"product_tag-rebar-cutter","13":"product_tag-rebar-cutting-machine","14":"product_tag-reinforcement-bar-cutter","15":"product_tag-steel-bar-cutting-machine","16":"product_tag-steel-rod-cutter-machine","17":"product_tag-tmt-bar-cutting-machine","19":"first","20":"instock","21":"shipping-taxable","22":"product-type-simple","23":"entry","24":"content-bg","25":"loop-entry"},"yoast_head":"<!-- This site is optimized with the Yoast SEO plugin v25.3.1 - https:\/\/yoast.com\/wordpress\/plugins\/seo\/ -->\n<title>Rebar Cutting Machine GQ55 (Round knife) - HSY Construction Machinery<\/title>\n<meta name=\"description\" content=\"Rebar Cutting Machine GQ55 (Round Knife) processes 6\u201342mm rebar using rolling-shear action. Built for durability, smooth cuts, and global export needs.\" \/>\n<meta name=\"robots\" content=\"index, follow, max-snippet:-1, max-image-preview:large, max-video-preview:-1\" \/>\n<link rel=\"canonical\" href=\"https:\/\/www.hsymachinery.com\/pt\/product\/maquina-de-corte-de-vergalhoes-gq55-faca-redonda\/\" \/>\n<meta property=\"og:locale\" content=\"pt_PT\" \/>\n<meta property=\"og:type\" content=\"article\" \/>\n<meta property=\"og:title\" content=\"Rebar Cutting Machine GQ55 (Round knife) - HSY Construction Machinery\" \/>\n<meta property=\"og:description\" content=\"Rebar Cutting Machine GQ55 (Round Knife) processes 6\u201342mm rebar using rolling-shear action. Built for durability, smooth cuts, and global export needs.\" \/>\n<meta property=\"og:url\" content=\"https:\/\/www.hsymachinery.com\/pt\/product\/maquina-de-corte-de-vergalhoes-gq55-faca-redonda\/\" \/>\n<meta property=\"og:site_name\" content=\"HSY Construction Machinery\" \/>\n<meta property=\"article:modified_time\" content=\"2025-06-25T13:06:25+00:00\" \/>\n<meta property=\"og:image\" content=\"https:\/\/www.hsymachinery.com\/wp-content\/uploads\/2025\/06\/Rebar-Cutting-Machine-GQ55-Round-knife.jpg\" \/>\n\t<meta property=\"og:image:width\" content=\"600\" \/>\n\t<meta property=\"og:image:height\" content=\"600\" \/>\n\t<meta property=\"og:image:type\" content=\"image\/jpeg\" \/>\n<meta name=\"twitter:card\" content=\"summary_large_image\" \/>\n<meta name=\"twitter:label1\" content=\"Tempo estimado de leitura\" \/>\n\t<meta name=\"twitter:data1\" content=\"2 minutos\" \/>\n<script type=\"application\/ld+json\" class=\"yoast-schema-graph\">{\"@context\":\"https:\/\/schema.org\",\"@graph\":[{\"@type\":\"WebPage\",\"@id\":\"https:\/\/www.hsymachinery.com\/product\/rebar-cutting-machine-gq55-round-knife\/\",\"url\":\"https:\/\/www.hsymachinery.com\/product\/rebar-cutting-machine-gq55-round-knife\/\",\"name\":\"Rebar Cutting Machine GQ55 (Round knife) - HSY Construction Machinery\",\"isPartOf\":{\"@id\":\"https:\/\/www.hsymachinery.com\/#website\"},\"primaryImageOfPage\":{\"@id\":\"https:\/\/www.hsymachinery.com\/product\/rebar-cutting-machine-gq55-round-knife\/#primaryimage\"},\"image\":{\"@id\":\"https:\/\/www.hsymachinery.com\/product\/rebar-cutting-machine-gq55-round-knife\/#primaryimage\"},\"thumbnailUrl\":\"https:\/\/www.hsymachinery.com\/wp-content\/uploads\/2025\/06\/Rebar-Cutting-Machine-GQ55-Round-knife.jpg\",\"datePublished\":\"2025-06-18T03:28:57+00:00\",\"dateModified\":\"2025-06-25T13:06:25+00:00\",\"description\":\"Rebar Cutting Machine GQ55 (Round Knife) processes 6\u201342mm rebar using rolling-shear action. Built for durability, smooth cuts, and global export needs.\",\"breadcrumb\":{\"@id\":\"https:\/\/www.hsymachinery.com\/product\/rebar-cutting-machine-gq55-round-knife\/#breadcrumb\"},\"inLanguage\":\"pt-PT\",\"potentialAction\":[{\"@type\":\"ReadAction\",\"target\":[\"https:\/\/www.hsymachinery.com\/product\/rebar-cutting-machine-gq55-round-knife\/\"]}]},{\"@type\":\"ImageObject\",\"inLanguage\":\"pt-PT\",\"@id\":\"https:\/\/www.hsymachinery.com\/product\/rebar-cutting-machine-gq55-round-knife\/#primaryimage\",\"url\":\"https:\/\/www.hsymachinery.com\/wp-content\/uploads\/2025\/06\/Rebar-Cutting-Machine-GQ55-Round-knife.jpg\",\"contentUrl\":\"https:\/\/www.hsymachinery.com\/wp-content\/uploads\/2025\/06\/Rebar-Cutting-Machine-GQ55-Round-knife.jpg\",\"width\":600,\"height\":600},{\"@type\":\"BreadcrumbList\",\"@id\":\"https:\/\/www.hsymachinery.com\/product\/rebar-cutting-machine-gq55-round-knife\/#breadcrumb\",\"itemListElement\":[{\"@type\":\"ListItem\",\"position\":1,\"name\":\"home\",\"item\":\"https:\/\/www.hsymachinery.com\/\"},{\"@type\":\"ListItem\",\"position\":2,\"name\":\"products\",\"item\":\"https:\/\/www.hsymachinery.com\/products\/\"},{\"@type\":\"ListItem\",\"position\":3,\"name\":\"Rebar Cutting Machine GQ55 (Round knife)\"}]},{\"@type\":\"WebSite\",\"@id\":\"https:\/\/www.hsymachinery.com\/#website\",\"url\":\"https:\/\/www.hsymachinery.com\/\",\"name\":\"HSY Construction Machinery\",\"description\":\"HSY Machinery \u2013 A leading China construction machinery supplier, offering a wide range of light construction equipment. Our main products include Rebar Cutting Machine, Rebar Bending Machine, Rebar Stirrup Bending Machine, Rebar Arc Bending Machine, Rebar Straightening Machine, Five-Head Rebar Stirrup Bending Machine, Tamping Rammer, Plate Compactor, Concrete Cutter, Power Trowel, and other construction machinery. We are equipped with advanced CNC machines, and we enforce strict quality inspection standards along with comprehensive after-sales service. If you are interested in our products or services, we warmly welcome your inquiries via message.\",\"publisher\":{\"@id\":\"https:\/\/www.hsymachinery.com\/#organization\"},\"potentialAction\":[{\"@type\":\"SearchAction\",\"target\":{\"@type\":\"EntryPoint\",\"urlTemplate\":\"https:\/\/www.hsymachinery.com\/?s={search_term_string}\"},\"query-input\":{\"@type\":\"PropertyValueSpecification\",\"valueRequired\":true,\"valueName\":\"search_term_string\"}}],\"inLanguage\":\"pt-PT\"},{\"@type\":\"Organization\",\"@id\":\"https:\/\/www.hsymachinery.com\/#organization\",\"name\":\"HSY Construction Machinery\",\"url\":\"https:\/\/www.hsymachinery.com\/\",\"logo\":{\"@type\":\"ImageObject\",\"inLanguage\":\"pt-PT\",\"@id\":\"https:\/\/www.hsymachinery.com\/#\/schema\/logo\/image\/\",\"url\":\"https:\/\/www.hsymachinery.com\/wp-content\/uploads\/2025\/06\/cropped-HSY-machinery.png\",\"contentUrl\":\"https:\/\/www.hsymachinery.com\/wp-content\/uploads\/2025\/06\/cropped-HSY-machinery.png\",\"width\":600,\"height\":240,\"caption\":\"HSY Construction Machinery\"},\"image\":{\"@id\":\"https:\/\/www.hsymachinery.com\/#\/schema\/logo\/image\/\"}}]}<\/script>\n<!-- \/ Yoast SEO plugin. -->","yoast_head_json":{"title":"M\u00e1quina de corte de vergalh\u00e3o GQ55 (Faca redonda) - HSY Construction Machinery","description":"A m\u00e1quina de corte de vergalh\u00f5es GQ55 (faca redonda) processa vergalh\u00f5es de 6-42 mm utilizando a a\u00e7\u00e3o de corte por lamina\u00e7\u00e3o. Constru\u00edda para durabilidade, cortes suaves e necessidades globais de exporta\u00e7\u00e3o.","robots":{"index":"index","follow":"follow","max-snippet":"max-snippet:-1","max-image-preview":"max-image-preview:large","max-video-preview":"max-video-preview:-1"},"canonical":"https:\/\/www.hsymachinery.com\/pt\/product\/maquina-de-corte-de-vergalhoes-gq55-faca-redonda\/","og_locale":"pt_PT","og_type":"article","og_title":"Rebar Cutting Machine GQ55 (Round knife) - HSY Construction Machinery","og_description":"Rebar Cutting Machine GQ55 (Round Knife) processes 6\u201342mm rebar using rolling-shear action. Built for durability, smooth cuts, and global export needs.","og_url":"https:\/\/www.hsymachinery.com\/pt\/product\/maquina-de-corte-de-vergalhoes-gq55-faca-redonda\/","og_site_name":"HSY Construction Machinery","article_modified_time":"2025-06-25T13:06:25+00:00","og_image":[{"width":600,"height":600,"url":"https:\/\/www.hsymachinery.com\/wp-content\/uploads\/2025\/06\/Rebar-Cutting-Machine-GQ55-Round-knife.jpg","type":"image\/jpeg"}],"twitter_card":"summary_large_image","twitter_misc":{"Tempo estimado de leitura":"2 minutos"},"schema":{"@context":"https:\/\/schema.org","@graph":[{"@type":"WebPage","@id":"https:\/\/www.hsymachinery.com\/product\/rebar-cutting-machine-gq55-round-knife\/","url":"https:\/\/www.hsymachinery.com\/product\/rebar-cutting-machine-gq55-round-knife\/","name":"M\u00e1quina de corte de vergalh\u00e3o GQ55 (Faca redonda) - HSY Construction Machinery","isPartOf":{"@id":"https:\/\/www.hsymachinery.com\/#website"},"primaryImageOfPage":{"@id":"https:\/\/www.hsymachinery.com\/product\/rebar-cutting-machine-gq55-round-knife\/#primaryimage"},"image":{"@id":"https:\/\/www.hsymachinery.com\/product\/rebar-cutting-machine-gq55-round-knife\/#primaryimage"},"thumbnailUrl":"https:\/\/www.hsymachinery.com\/wp-content\/uploads\/2025\/06\/Rebar-Cutting-Machine-GQ55-Round-knife.jpg","datePublished":"2025-06-18T03:28:57+00:00","dateModified":"2025-06-25T13:06:25+00:00","description":"A m\u00e1quina de corte de vergalh\u00f5es GQ55 (faca redonda) processa vergalh\u00f5es de 6-42 mm utilizando a a\u00e7\u00e3o de corte por lamina\u00e7\u00e3o. Constru\u00edda para durabilidade, cortes suaves e necessidades globais de exporta\u00e7\u00e3o.","breadcrumb":{"@id":"https:\/\/www.hsymachinery.com\/product\/rebar-cutting-machine-gq55-round-knife\/#breadcrumb"},"inLanguage":"pt-PT","potentialAction":[{"@type":"ReadAction","target":["https:\/\/www.hsymachinery.com\/product\/rebar-cutting-machine-gq55-round-knife\/"]}]},{"@type":"ImageObject","inLanguage":"pt-PT","@id":"https:\/\/www.hsymachinery.com\/product\/rebar-cutting-machine-gq55-round-knife\/#primaryimage","url":"https:\/\/www.hsymachinery.com\/wp-content\/uploads\/2025\/06\/Rebar-Cutting-Machine-GQ55-Round-knife.jpg","contentUrl":"https:\/\/www.hsymachinery.com\/wp-content\/uploads\/2025\/06\/Rebar-Cutting-Machine-GQ55-Round-knife.jpg","width":600,"height":600},{"@type":"BreadcrumbList","@id":"https:\/\/www.hsymachinery.com\/product\/rebar-cutting-machine-gq55-round-knife\/#breadcrumb","itemListElement":[{"@type":"ListItem","position":1,"name":"home","item":"https:\/\/www.hsymachinery.com\/"},{"@type":"ListItem","position":2,"name":"products","item":"https:\/\/www.hsymachinery.com\/products\/"},{"@type":"ListItem","position":3,"name":"Rebar Cutting Machine GQ55 (Round knife)"}]},{"@type":"WebSite","@id":"https:\/\/www.hsymachinery.com\/#website","url":"https:\/\/www.hsymachinery.com\/","name":"M\u00e1quinas de constru\u00e7\u00e3o HSY","description":"HSY Machinery - Um fornecedor l\u00edder de m\u00e1quinas de constru\u00e7\u00e3o na China, oferecendo uma ampla gama de equipamentos de constru\u00e7\u00e3o leve. Nossos principais produtos incluem m\u00e1quina de corte de vergalh\u00e3o, m\u00e1quina dobradeira de vergalh\u00e3o, m\u00e1quina dobradeira de estribo de vergalh\u00e3o, m\u00e1quina dobradeira de arco de vergalh\u00e3o, m\u00e1quina de endireitar vergalh\u00e3o, m\u00e1quina dobradeira de estribo de vergalh\u00e3o de cinco cabe\u00e7as, compactador de placa, cortador de concreto, esp\u00e1tula el\u00e9trica e outras m\u00e1quinas de constru\u00e7\u00e3o. Estamos equipados com m\u00e1quinas CNC avan\u00e7adas, e n\u00f3s aplicamos rigorosas normas de inspe\u00e7\u00e3o de qualidade, juntamente com o servi\u00e7o p\u00f3s-venda abrangente. Se voc\u00ea est\u00e1 interessado em nossos produtos ou servi\u00e7os, congratulamo-nos com as suas perguntas atrav\u00e9s de mensagem.","publisher":{"@id":"https:\/\/www.hsymachinery.com\/#organization"},"potentialAction":[{"@type":"SearchAction","target":{"@type":"EntryPoint","urlTemplate":"https:\/\/www.hsymachinery.com\/?s={search_term_string}"},"query-input":{"@type":"PropertyValueSpecification","valueRequired":true,"valueName":"search_term_string"}}],"inLanguage":"pt-PT"},{"@type":"Organization","@id":"https:\/\/www.hsymachinery.com\/#organization","name":"M\u00e1quinas de constru\u00e7\u00e3o HSY","url":"https:\/\/www.hsymachinery.com\/","logo":{"@type":"ImageObject","inLanguage":"pt-PT","@id":"https:\/\/www.hsymachinery.com\/#\/schema\/logo\/image\/","url":"https:\/\/www.hsymachinery.com\/wp-content\/uploads\/2025\/06\/cropped-HSY-machinery.png","contentUrl":"https:\/\/www.hsymachinery.com\/wp-content\/uploads\/2025\/06\/cropped-HSY-machinery.png","width":600,"height":240,"caption":"HSY Construction Machinery"},"image":{"@id":"https:\/\/www.hsymachinery.com\/#\/schema\/logo\/image\/"}}]}},"_links":{"self":[{"href":"https:\/\/www.hsymachinery.com\/pt\/wp-json\/wp\/v2\/product\/8930","targetHints":{"allow":["GET"]}}],"collection":[{"href":"https:\/\/www.hsymachinery.com\/pt\/wp-json\/wp\/v2\/product"}],"about":[{"href":"https:\/\/www.hsymachinery.com\/pt\/wp-json\/wp\/v2\/types\/product"}],"version-history":[{"count":3,"href":"https:\/\/www.hsymachinery.com\/pt\/wp-json\/wp\/v2\/product\/8930\/revisions"}],"predecessor-version":[{"id":9335,"href":"https:\/\/www.hsymachinery.com\/pt\/wp-json\/wp\/v2\/product\/8930\/revisions\/9335"}],"wp:featuredmedia":[{"embeddable":true,"href":"https:\/\/www.hsymachinery.com\/pt\/wp-json\/wp\/v2\/media\/8931"}],"wp:attachment":[{"href":"https:\/\/www.hsymachinery.com\/pt\/wp-json\/wp\/v2\/media?parent=8930"}],"wp:term":[{"taxonomy":"product_brand","embeddable":true,"href":"https:\/\/www.hsymachinery.com\/pt\/wp-json\/wp\/v2\/product_brand?post=8930"},{"taxonomy":"product_cat","embeddable":true,"href":"https:\/\/www.hsymachinery.com\/pt\/wp-json\/wp\/v2\/product_cat?post=8930"},{"taxonomy":"product_tag","embeddable":true,"href":"https:\/\/www.hsymachinery.com\/pt\/wp-json\/wp\/v2\/product_tag?post=8930"}],"curies":[{"name":"wp","href":"https:\/\/api.w.org\/{rel}","templated":true}]}}