{"id":8927,"date":"2025-06-18T11:27:56","date_gmt":"2025-06-18T03:27:56","guid":{"rendered":"https:\/\/www.hsymachinery.com\/?post_type=product&#038;p=8927"},"modified":"2025-06-25T21:03:06","modified_gmt":"2025-06-25T13:03:06","slug":"maquina-de-corte-de-vergalhoes-gq55-faca-plana","status":"publish","type":"product","link":"https:\/\/www.hsymachinery.com\/pt\/product\/maquina-de-corte-de-vergalhoes-gq55-faca-plana\/","title":{"rendered":"M\u00e1quina de corte de vergalh\u00f5es GQ55 (faca plana)"},"content":{"rendered":"<h3 data-start=\"429\" data-end=\"519\">Vis\u00e3o geral do produto - M\u00e1quina de corte de barras com l\u00e2mina plana de precis\u00e3o para aplica\u00e7\u00f5es pesadas<\/h3>\n<p data-start=\"521\" data-end=\"893\">O <strong data-start=\"525\" data-end=\"568\">M\u00e1quina de corte de vergalh\u00f5es GQ55 (Faca plana)<\/strong> foi concebido para tarefas exigentes de corte de a\u00e7o em projectos de constru\u00e7\u00e3o em grande escala. Este modelo corta eficazmente barras de a\u00e7o de 6 mm a 42 mm de di\u00e2metro, incluindo vergalh\u00f5es com nervuras, redondos e de carbono. Com uma faca plana de engenharia de precis\u00e3o, proporciona cortes n\u00edtidos e precisos que cumprem as normas de refor\u00e7o estrutural.<\/p>\n<p data-start=\"895\" data-end=\"1076\">Ao contr\u00e1rio das m\u00e1quinas mais leves, a GQ55 oferece um bin\u00e1rio de sa\u00edda mais forte e estabilidade refor\u00e7ada, tornando-a adequada para trabalhos em pontes, constru\u00e7\u00e3o de edif\u00edcios altos e estaleiros de pr\u00e9-fabrica\u00e7\u00e3o.<\/p>\n<h3 data-start=\"1083\" data-end=\"1130\">Desempenho de corte preciso e duradouro<\/h3>\n<p data-start=\"1132\" data-end=\"1363\">O sistema de l\u00e2mina plana assegura uma linha de corte reta, resultando numa deforma\u00e7\u00e3o m\u00ednima da barra e num acabamento de corte mais limpo. Al\u00e9m disso, este modelo reduz a perda de material durante o processamento, o que ajuda a diminuir o seu custo operacional ao longo do tempo.<\/p>\n<p data-start=\"1365\" data-end=\"1643\">Gra\u00e7as ao seu motor de cobre de qualidade industrial, a m\u00e1quina de corte de vergalh\u00f5es GQ55 (Faca plana) oferece um fornecimento de energia est\u00e1vel e cont\u00ednuo. Entretanto, o sistema de transmiss\u00e3o interna foi aperfei\u00e7oado para reduzir o ru\u00eddo mec\u00e2nico e aumentar a vida \u00fatil, mesmo sob uso intensivo.<\/p>\n<p data-start=\"1645\" data-end=\"1802\">Al\u00e9m disso, o design de acesso r\u00e1pido simplifica a manuten\u00e7\u00e3o de rotina. Os operadores podem facilmente inspecionar, lubrificar ou mudar as l\u00e2minas sem remover v\u00e1rios pain\u00e9is.<\/p>\n<h3 data-start=\"1809\" data-end=\"1851\">Design refor\u00e7ado para utiliza\u00e7\u00e3o a longo prazo<\/h3>\n<p data-start=\"1853\" data-end=\"2186\">O modelo GQ55 adopta uma caixa de ferro fundido fortemente refor\u00e7ada para garantir uma excelente resist\u00eancia contra vibra\u00e7\u00f5es e esfor\u00e7os prolongados. Al\u00e9m disso, est\u00e1 equipado com rodas resistentes ao desgaste, permitindo uma desloca\u00e7\u00e3o sem esfor\u00e7o em superf\u00edcies irregulares. Uma alavanca manual proporciona um controlo intuitivo, garantindo que cada corte \u00e9 eficiente e seguro.<\/p>\n<p data-start=\"2188\" data-end=\"2365\">Suporta <strong data-start=\"2200\" data-end=\"2243\">configura\u00e7\u00f5es de dupla tens\u00e3o (220V\/380V)<\/strong> e <strong data-start=\"2248\" data-end=\"2261\">50Hz\/60Hz<\/strong>tornando-o altamente adapt\u00e1vel aos mercados de exporta\u00e7\u00e3o na \u00c1sia, M\u00e9dio Oriente, \u00c1frica e Am\u00e9rica Latina.<\/p>\n<h3 data-start=\"2372\" data-end=\"2420\">Principais vantagens do cortador de l\u00e2minas planas GQ55<\/h3>\n<ul data-start=\"2422\" data-end=\"2640\">\n<li data-start=\"2422\" data-end=\"2476\">\n<p data-start=\"2424\" data-end=\"2476\">Corta barras de a\u00e7o de 6-42 mm com uma precis\u00e3o consistente<\/p>\n<\/li>\n<li data-start=\"2477\" data-end=\"2522\">\n<p data-start=\"2479\" data-end=\"2522\">Constru\u00eddo para ambientes de constru\u00e7\u00e3o agressivos<\/p>\n<\/li>\n<li data-start=\"2523\" data-end=\"2580\">\n<p data-start=\"2525\" data-end=\"2580\">Vibra\u00e7\u00e3o m\u00ednima, longa vida \u00fatil e f\u00e1cil manuten\u00e7\u00e3o<\/p>\n<\/li>\n<li data-start=\"2581\" data-end=\"2640\">\n<p data-start=\"2583\" data-end=\"2640\">Op\u00e7\u00f5es personaliz\u00e1veis de tens\u00e3o e frequ\u00eancia para utiliza\u00e7\u00e3o global<\/p>\n<\/li>\n<\/ul>\n<p><iframe title=\"cortador de vergalh\u00f5esm\u00e1quina de corte de vergalh\u00f5esm\u00e1quina de corte de vergalh\u00f5es, m\u00e1quina de corte de barras de a\u00e7o, m\u00e1quinas de constru\u00e7\u00e3o\" width=\"720\" height=\"405\" src=\"https:\/\/www.youtube.com\/embed\/cIrJPBezWsw?feature=oembed\" frameborder=\"0\" allow=\"accelerometer; autoplay; clipboard-write; encrypted-media; gyroscope; picture-in-picture; web-share\" referrerpolicy=\"strict-origin-when-cross-origin\" allowfullscreen><\/iframe><\/p>","protected":false},"excerpt":{"rendered":"<p>O cortador de vergalh\u00f5es de faca plana GQ55 foi concebido para o corte de barras de 6-42 mm com elevada resist\u00eancia e fiabilidade, oferecendo cortes limpos e um funcionamento suave para as necessidades da constru\u00e7\u00e3o industrial.<\/p>","protected":false},"featured_media":8928,"template":"","meta":{"_kad_post_transparent":"default","_kad_post_title":"","_kad_post_layout":"default","_kad_post_sidebar_id":"","_kad_post_content_style":"default","_kad_post_vertical_padding":"default","_kad_post_feature":"","_kad_post_feature_position":"","_kad_post_header":false,"_kad_post_footer":false},"product_brand":[],"product_cat":[51],"product_tag":[988,992,990,989,993,985,994,987,984,991,986],"class_list":{"0":"post-8927","1":"product","2":"type-product","3":"status-publish","4":"has-post-thumbnail","6":"product_cat-rebar-cutting-machine","7":"product_tag-automatic-rebar-cutter","8":"product_tag-construction-steel-bar-cutter","9":"product_tag-electric-rebar-cutting-tool","10":"product_tag-hydraulic-rebar-cutting-machine","11":"product_tag-portable-rebar-cutting-machine","12":"product_tag-rebar-cutter","13":"product_tag-rebar-cutting-machine","14":"product_tag-reinforcement-bar-cutter","15":"product_tag-steel-bar-cutting-machine","16":"product_tag-steel-rod-cutter-machine","17":"product_tag-tmt-bar-cutting-machine","19":"first","20":"instock","21":"shipping-taxable","22":"product-type-simple","23":"entry","24":"content-bg","25":"loop-entry"},"yoast_head":"<!-- This site is optimized with the Yoast SEO plugin v25.3.1 - https:\/\/yoast.com\/wordpress\/plugins\/seo\/ -->\n<title>Rebar Cutting Machine GQ55 (Flat knife) - HSY Construction Machinery<\/title>\n<meta name=\"description\" content=\"Rebar Cutting Machine GQ55 (Flat Knife) shears 6\u201342mm bars precisely. Heavy-duty design for durable use in global construction and steel processing sectors.\" \/>\n<meta name=\"robots\" content=\"index, follow, max-snippet:-1, max-image-preview:large, max-video-preview:-1\" \/>\n<link rel=\"canonical\" href=\"https:\/\/www.hsymachinery.com\/pt\/product\/maquina-de-corte-de-vergalhoes-gq55-faca-plana\/\" \/>\n<meta property=\"og:locale\" content=\"pt_PT\" \/>\n<meta property=\"og:type\" content=\"article\" \/>\n<meta property=\"og:title\" content=\"Rebar Cutting Machine GQ55 (Flat knife) - HSY Construction Machinery\" \/>\n<meta property=\"og:description\" content=\"Rebar Cutting Machine GQ55 (Flat Knife) shears 6\u201342mm bars precisely. Heavy-duty design for durable use in global construction and steel processing sectors.\" \/>\n<meta property=\"og:url\" content=\"https:\/\/www.hsymachinery.com\/pt\/product\/maquina-de-corte-de-vergalhoes-gq55-faca-plana\/\" \/>\n<meta property=\"og:site_name\" content=\"HSY Construction Machinery\" \/>\n<meta property=\"article:modified_time\" content=\"2025-06-25T13:03:06+00:00\" \/>\n<meta property=\"og:image\" content=\"https:\/\/www.hsymachinery.com\/wp-content\/uploads\/2025\/06\/Rebar-Cutting-Machine-GQ55-Flat-knife.jpg\" \/>\n\t<meta property=\"og:image:width\" content=\"600\" \/>\n\t<meta property=\"og:image:height\" content=\"600\" \/>\n\t<meta property=\"og:image:type\" content=\"image\/jpeg\" \/>\n<meta name=\"twitter:card\" content=\"summary_large_image\" \/>\n<meta name=\"twitter:label1\" content=\"Tempo estimado de leitura\" \/>\n\t<meta name=\"twitter:data1\" content=\"2 minutos\" \/>\n<script type=\"application\/ld+json\" class=\"yoast-schema-graph\">{\"@context\":\"https:\/\/schema.org\",\"@graph\":[{\"@type\":\"WebPage\",\"@id\":\"https:\/\/www.hsymachinery.com\/product\/rebar-cutting-machine-gq55-flat-knife\/\",\"url\":\"https:\/\/www.hsymachinery.com\/product\/rebar-cutting-machine-gq55-flat-knife\/\",\"name\":\"Rebar Cutting Machine GQ55 (Flat knife) - HSY Construction Machinery\",\"isPartOf\":{\"@id\":\"https:\/\/www.hsymachinery.com\/#website\"},\"primaryImageOfPage\":{\"@id\":\"https:\/\/www.hsymachinery.com\/product\/rebar-cutting-machine-gq55-flat-knife\/#primaryimage\"},\"image\":{\"@id\":\"https:\/\/www.hsymachinery.com\/product\/rebar-cutting-machine-gq55-flat-knife\/#primaryimage\"},\"thumbnailUrl\":\"https:\/\/www.hsymachinery.com\/wp-content\/uploads\/2025\/06\/Rebar-Cutting-Machine-GQ55-Flat-knife.jpg\",\"datePublished\":\"2025-06-18T03:27:56+00:00\",\"dateModified\":\"2025-06-25T13:03:06+00:00\",\"description\":\"Rebar Cutting Machine GQ55 (Flat Knife) shears 6\u201342mm bars precisely. Heavy-duty design for durable use in global construction and steel processing sectors.\",\"breadcrumb\":{\"@id\":\"https:\/\/www.hsymachinery.com\/product\/rebar-cutting-machine-gq55-flat-knife\/#breadcrumb\"},\"inLanguage\":\"pt-PT\",\"potentialAction\":[{\"@type\":\"ReadAction\",\"target\":[\"https:\/\/www.hsymachinery.com\/product\/rebar-cutting-machine-gq55-flat-knife\/\"]}]},{\"@type\":\"ImageObject\",\"inLanguage\":\"pt-PT\",\"@id\":\"https:\/\/www.hsymachinery.com\/product\/rebar-cutting-machine-gq55-flat-knife\/#primaryimage\",\"url\":\"https:\/\/www.hsymachinery.com\/wp-content\/uploads\/2025\/06\/Rebar-Cutting-Machine-GQ55-Flat-knife.jpg\",\"contentUrl\":\"https:\/\/www.hsymachinery.com\/wp-content\/uploads\/2025\/06\/Rebar-Cutting-Machine-GQ55-Flat-knife.jpg\",\"width\":600,\"height\":600},{\"@type\":\"BreadcrumbList\",\"@id\":\"https:\/\/www.hsymachinery.com\/product\/rebar-cutting-machine-gq55-flat-knife\/#breadcrumb\",\"itemListElement\":[{\"@type\":\"ListItem\",\"position\":1,\"name\":\"home\",\"item\":\"https:\/\/www.hsymachinery.com\/\"},{\"@type\":\"ListItem\",\"position\":2,\"name\":\"products\",\"item\":\"https:\/\/www.hsymachinery.com\/products\/\"},{\"@type\":\"ListItem\",\"position\":3,\"name\":\"Rebar Cutting Machine GQ55 (Flat knife)\"}]},{\"@type\":\"WebSite\",\"@id\":\"https:\/\/www.hsymachinery.com\/#website\",\"url\":\"https:\/\/www.hsymachinery.com\/\",\"name\":\"HSY Construction Machinery\",\"description\":\"HSY Machinery \u2013 A leading China construction machinery supplier, offering a wide range of light construction equipment. Our main products include Rebar Cutting Machine, Rebar Bending Machine, Rebar Stirrup Bending Machine, Rebar Arc Bending Machine, Rebar Straightening Machine, Five-Head Rebar Stirrup Bending Machine, Tamping Rammer, Plate Compactor, Concrete Cutter, Power Trowel, and other construction machinery. We are equipped with advanced CNC machines, and we enforce strict quality inspection standards along with comprehensive after-sales service. If you are interested in our products or services, we warmly welcome your inquiries via message.\",\"publisher\":{\"@id\":\"https:\/\/www.hsymachinery.com\/#organization\"},\"potentialAction\":[{\"@type\":\"SearchAction\",\"target\":{\"@type\":\"EntryPoint\",\"urlTemplate\":\"https:\/\/www.hsymachinery.com\/?s={search_term_string}\"},\"query-input\":{\"@type\":\"PropertyValueSpecification\",\"valueRequired\":true,\"valueName\":\"search_term_string\"}}],\"inLanguage\":\"pt-PT\"},{\"@type\":\"Organization\",\"@id\":\"https:\/\/www.hsymachinery.com\/#organization\",\"name\":\"HSY Construction Machinery\",\"url\":\"https:\/\/www.hsymachinery.com\/\",\"logo\":{\"@type\":\"ImageObject\",\"inLanguage\":\"pt-PT\",\"@id\":\"https:\/\/www.hsymachinery.com\/#\/schema\/logo\/image\/\",\"url\":\"https:\/\/www.hsymachinery.com\/wp-content\/uploads\/2025\/06\/cropped-HSY-machinery.png\",\"contentUrl\":\"https:\/\/www.hsymachinery.com\/wp-content\/uploads\/2025\/06\/cropped-HSY-machinery.png\",\"width\":600,\"height\":240,\"caption\":\"HSY Construction Machinery\"},\"image\":{\"@id\":\"https:\/\/www.hsymachinery.com\/#\/schema\/logo\/image\/\"}}]}<\/script>\n<!-- \/ Yoast SEO plugin. -->","yoast_head_json":{"title":"M\u00e1quina de corte de vergalh\u00e3o GQ55 (Faca plana) - HSY Construction Machinery","description":"A m\u00e1quina de corte de vergalh\u00f5es GQ55 (faca plana) corta barras de 6-42 mm com precis\u00e3o. Design resistente para uma utiliza\u00e7\u00e3o duradoura nos sectores da constru\u00e7\u00e3o global e do processamento de a\u00e7o.","robots":{"index":"index","follow":"follow","max-snippet":"max-snippet:-1","max-image-preview":"max-image-preview:large","max-video-preview":"max-video-preview:-1"},"canonical":"https:\/\/www.hsymachinery.com\/pt\/product\/maquina-de-corte-de-vergalhoes-gq55-faca-plana\/","og_locale":"pt_PT","og_type":"article","og_title":"Rebar Cutting Machine GQ55 (Flat knife) - HSY Construction Machinery","og_description":"Rebar Cutting Machine GQ55 (Flat Knife) shears 6\u201342mm bars precisely. Heavy-duty design for durable use in global construction and steel processing sectors.","og_url":"https:\/\/www.hsymachinery.com\/pt\/product\/maquina-de-corte-de-vergalhoes-gq55-faca-plana\/","og_site_name":"HSY Construction Machinery","article_modified_time":"2025-06-25T13:03:06+00:00","og_image":[{"width":600,"height":600,"url":"https:\/\/www.hsymachinery.com\/wp-content\/uploads\/2025\/06\/Rebar-Cutting-Machine-GQ55-Flat-knife.jpg","type":"image\/jpeg"}],"twitter_card":"summary_large_image","twitter_misc":{"Tempo estimado de leitura":"2 minutos"},"schema":{"@context":"https:\/\/schema.org","@graph":[{"@type":"WebPage","@id":"https:\/\/www.hsymachinery.com\/product\/rebar-cutting-machine-gq55-flat-knife\/","url":"https:\/\/www.hsymachinery.com\/product\/rebar-cutting-machine-gq55-flat-knife\/","name":"M\u00e1quina de corte de vergalh\u00e3o GQ55 (Faca plana) - HSY Construction Machinery","isPartOf":{"@id":"https:\/\/www.hsymachinery.com\/#website"},"primaryImageOfPage":{"@id":"https:\/\/www.hsymachinery.com\/product\/rebar-cutting-machine-gq55-flat-knife\/#primaryimage"},"image":{"@id":"https:\/\/www.hsymachinery.com\/product\/rebar-cutting-machine-gq55-flat-knife\/#primaryimage"},"thumbnailUrl":"https:\/\/www.hsymachinery.com\/wp-content\/uploads\/2025\/06\/Rebar-Cutting-Machine-GQ55-Flat-knife.jpg","datePublished":"2025-06-18T03:27:56+00:00","dateModified":"2025-06-25T13:03:06+00:00","description":"A m\u00e1quina de corte de vergalh\u00f5es GQ55 (faca plana) corta barras de 6-42 mm com precis\u00e3o. Design resistente para uma utiliza\u00e7\u00e3o duradoura nos sectores da constru\u00e7\u00e3o global e do processamento de a\u00e7o.","breadcrumb":{"@id":"https:\/\/www.hsymachinery.com\/product\/rebar-cutting-machine-gq55-flat-knife\/#breadcrumb"},"inLanguage":"pt-PT","potentialAction":[{"@type":"ReadAction","target":["https:\/\/www.hsymachinery.com\/product\/rebar-cutting-machine-gq55-flat-knife\/"]}]},{"@type":"ImageObject","inLanguage":"pt-PT","@id":"https:\/\/www.hsymachinery.com\/product\/rebar-cutting-machine-gq55-flat-knife\/#primaryimage","url":"https:\/\/www.hsymachinery.com\/wp-content\/uploads\/2025\/06\/Rebar-Cutting-Machine-GQ55-Flat-knife.jpg","contentUrl":"https:\/\/www.hsymachinery.com\/wp-content\/uploads\/2025\/06\/Rebar-Cutting-Machine-GQ55-Flat-knife.jpg","width":600,"height":600},{"@type":"BreadcrumbList","@id":"https:\/\/www.hsymachinery.com\/product\/rebar-cutting-machine-gq55-flat-knife\/#breadcrumb","itemListElement":[{"@type":"ListItem","position":1,"name":"home","item":"https:\/\/www.hsymachinery.com\/"},{"@type":"ListItem","position":2,"name":"products","item":"https:\/\/www.hsymachinery.com\/products\/"},{"@type":"ListItem","position":3,"name":"Rebar Cutting Machine GQ55 (Flat knife)"}]},{"@type":"WebSite","@id":"https:\/\/www.hsymachinery.com\/#website","url":"https:\/\/www.hsymachinery.com\/","name":"M\u00e1quinas de constru\u00e7\u00e3o HSY","description":"HSY Machinery - Um fornecedor l\u00edder de m\u00e1quinas de constru\u00e7\u00e3o na China, oferecendo uma ampla gama de equipamentos de constru\u00e7\u00e3o leve. Nossos principais produtos incluem m\u00e1quina de corte de vergalh\u00e3o, m\u00e1quina dobradeira de vergalh\u00e3o, m\u00e1quina dobradeira de estribo de vergalh\u00e3o, m\u00e1quina dobradeira de arco de vergalh\u00e3o, m\u00e1quina de endireitar vergalh\u00e3o, m\u00e1quina dobradeira de estribo de vergalh\u00e3o de cinco cabe\u00e7as, compactador de placa, cortador de concreto, esp\u00e1tula el\u00e9trica e outras m\u00e1quinas de constru\u00e7\u00e3o. Estamos equipados com m\u00e1quinas CNC avan\u00e7adas, e n\u00f3s aplicamos rigorosas normas de inspe\u00e7\u00e3o de qualidade, juntamente com o servi\u00e7o p\u00f3s-venda abrangente. Se voc\u00ea est\u00e1 interessado em nossos produtos ou servi\u00e7os, congratulamo-nos com as suas perguntas atrav\u00e9s de mensagem.","publisher":{"@id":"https:\/\/www.hsymachinery.com\/#organization"},"potentialAction":[{"@type":"SearchAction","target":{"@type":"EntryPoint","urlTemplate":"https:\/\/www.hsymachinery.com\/?s={search_term_string}"},"query-input":{"@type":"PropertyValueSpecification","valueRequired":true,"valueName":"search_term_string"}}],"inLanguage":"pt-PT"},{"@type":"Organization","@id":"https:\/\/www.hsymachinery.com\/#organization","name":"M\u00e1quinas de constru\u00e7\u00e3o HSY","url":"https:\/\/www.hsymachinery.com\/","logo":{"@type":"ImageObject","inLanguage":"pt-PT","@id":"https:\/\/www.hsymachinery.com\/#\/schema\/logo\/image\/","url":"https:\/\/www.hsymachinery.com\/wp-content\/uploads\/2025\/06\/cropped-HSY-machinery.png","contentUrl":"https:\/\/www.hsymachinery.com\/wp-content\/uploads\/2025\/06\/cropped-HSY-machinery.png","width":600,"height":240,"caption":"HSY Construction Machinery"},"image":{"@id":"https:\/\/www.hsymachinery.com\/#\/schema\/logo\/image\/"}}]}},"_links":{"self":[{"href":"https:\/\/www.hsymachinery.com\/pt\/wp-json\/wp\/v2\/product\/8927","targetHints":{"allow":["GET"]}}],"collection":[{"href":"https:\/\/www.hsymachinery.com\/pt\/wp-json\/wp\/v2\/product"}],"about":[{"href":"https:\/\/www.hsymachinery.com\/pt\/wp-json\/wp\/v2\/types\/product"}],"version-history":[{"count":3,"href":"https:\/\/www.hsymachinery.com\/pt\/wp-json\/wp\/v2\/product\/8927\/revisions"}],"predecessor-version":[{"id":9333,"href":"https:\/\/www.hsymachinery.com\/pt\/wp-json\/wp\/v2\/product\/8927\/revisions\/9333"}],"wp:featuredmedia":[{"embeddable":true,"href":"https:\/\/www.hsymachinery.com\/pt\/wp-json\/wp\/v2\/media\/8928"}],"wp:attachment":[{"href":"https:\/\/www.hsymachinery.com\/pt\/wp-json\/wp\/v2\/media?parent=8927"}],"wp:term":[{"taxonomy":"product_brand","embeddable":true,"href":"https:\/\/www.hsymachinery.com\/pt\/wp-json\/wp\/v2\/product_brand?post=8927"},{"taxonomy":"product_cat","embeddable":true,"href":"https:\/\/www.hsymachinery.com\/pt\/wp-json\/wp\/v2\/product_cat?post=8927"},{"taxonomy":"product_tag","embeddable":true,"href":"https:\/\/www.hsymachinery.com\/pt\/wp-json\/wp\/v2\/product_tag?post=8927"}],"curies":[{"name":"wp","href":"https:\/\/api.w.org\/{rel}","templated":true}]}}