{"id":8915,"date":"2025-06-18T11:20:51","date_gmt":"2025-06-18T03:20:51","guid":{"rendered":"https:\/\/www.hsymachinery.com\/?post_type=product&#038;p=8915"},"modified":"2025-06-25T20:44:22","modified_gmt":"2025-06-25T12:44:22","slug":"maquina-de-corte-de-vergalhoes-gq45-faca-plana","status":"publish","type":"product","link":"https:\/\/www.hsymachinery.com\/pt\/product\/maquina-de-corte-de-vergalhoes-gq45-faca-plana\/","title":{"rendered":"M\u00e1quina de corte de vergalh\u00f5es GQ45 (Faca plana)"},"content":{"rendered":"<h3 data-start=\"349\" data-end=\"433\">Equipamento de corte de vergalh\u00f5es de tamanho m\u00e9dio para projectos de constru\u00e7\u00e3o e fabrico de a\u00e7o<\/h3>\n<h3 data-start=\"440\" data-end=\"510\">Vis\u00e3o geral do produto - Cortador de barras de a\u00e7o de l\u00e2mina plana para vergalh\u00f5es de 6-36 mm<\/h3>\n<p data-start=\"512\" data-end=\"969\">O <strong data-start=\"516\" data-end=\"559\">M\u00e1quina de corte de vergalh\u00f5es GQ45 (Faca plana)<\/strong> \u00e9 uma m\u00e1quina de corte de a\u00e7o de n\u00edvel profissional concebida para projectos de constru\u00e7\u00e3o de m\u00e9dia e grande escala. Com a sua forte capacidade de corte, esta m\u00e1quina de processamento de vergalh\u00f5es \u00e9 ideal para cortar a\u00e7o carbono, barras deformadas e barras redondas de <strong data-start=\"798\" data-end=\"813\">6mm a 36mm<\/strong> de di\u00e2metro. Em compara\u00e7\u00e3o com os modelos anteriores, a GQ45 oferece maior resist\u00eancia, durabilidade e efici\u00eancia de corte, tornando-a perfeita para trabalhos exigentes em estaleiros.<\/p>\n<h3 data-start=\"976\" data-end=\"1044\">\u00a0Cortador de Vergalh\u00f5es de Faca Plana de Alto Desempenho com Cisalhamento Suave<\/h3>\n<p data-start=\"1046\" data-end=\"1335\">A m\u00e1quina possui um sistema de corte com l\u00e2mina plana que proporciona cortes limpos e sem rebarbas, minimizando a deforma\u00e7\u00e3o da barra. Isto garante resultados de alta qualidade e reduz o desperd\u00edcio de material. Al\u00e9m disso, o conjunto de l\u00e2minas permite uma substitui\u00e7\u00e3o r\u00e1pida e f\u00e1cil, melhorando a efici\u00eancia operacional.<\/p>\n<p data-start=\"1337\" data-end=\"1634\">Um potente motor de cobre acciona a unidade, oferecendo um bin\u00e1rio consistente durante opera\u00e7\u00f5es prolongadas. A caixa de velocidades de precis\u00e3o e as engrenagens endurecidas asseguram uma transmiss\u00e3o suave e um desgaste reduzido. Como resultado, a <a href=\"https:\/\/www.hsymachinery.com\/pt\/produtos\/maquina-de-corte-de-vergalhoes\/\" target=\"_blank\" rel=\"noopener\">M\u00e1quina de corte de vergalh\u00f5es<\/a> A GQ45 (faca plana) tem um desempenho fi\u00e1vel em condi\u00e7\u00f5es dif\u00edceis no local de trabalho.<\/p>\n<h3 data-start=\"1641\" data-end=\"1720\">Equipamento de corte para constru\u00e7\u00e3o dur\u00e1vel com carater\u00edsticas de mobilidade e seguran\u00e7a<\/h3>\n<p data-start=\"1722\" data-end=\"2072\">Concebida com uma estrutura de ferro fundido refor\u00e7ada, esta m\u00e1quina resiste a choques, deforma\u00e7\u00f5es e fadiga a longo prazo. Al\u00e9m disso, est\u00e1 equipada com rodas resistentes, permitindo uma f\u00e1cil desloca\u00e7\u00e3o em bet\u00e3o ou em terrenos irregulares. A pega de funcionamento manual proporciona um melhor controlo, enquanto as protec\u00e7\u00f5es de seguran\u00e7a e uma tampa que pode ser aberta tornam a manuten\u00e7\u00e3o r\u00e1pida e segura.<\/p>\n<p data-start=\"2074\" data-end=\"2350\">O GQ45 suporta v\u00e1rias configura\u00e7\u00f5es de tens\u00e3o, incluindo <strong data-start=\"2135\" data-end=\"2162\">220V\/380V e 50Hz\/60Hz<\/strong>O seu design e a sua capacidade de transporte, que o tornam apto a ser utilizado em v\u00e1rios pa\u00edses, s\u00e3o os principais factores de sucesso. Os profissionais da constru\u00e7\u00e3o escolhem esta m\u00e1quina pelo seu equil\u00edbrio entre pot\u00eancia de corte, mobilidade e seguran\u00e7a.<\/p>\n<h3 data-start=\"2357\" data-end=\"2416\">Porqu\u00ea escolher a m\u00e1quina de corte de a\u00e7o para facas planas GQ45?<\/h3>\n<ul data-start=\"2418\" data-end=\"2635\">\n<li data-start=\"2418\" data-end=\"2469\">\n<p data-start=\"2420\" data-end=\"2469\">Corta vergalh\u00f5es de 6mm a 36mm com alta precis\u00e3o<\/p>\n<\/li>\n<li data-start=\"2470\" data-end=\"2532\">\n<p data-start=\"2472\" data-end=\"2532\">Ideal para constru\u00e7\u00e3o, trabalhos em pontes, opera\u00e7\u00f5es em estaleiros de a\u00e7o<\/p>\n<\/li>\n<li data-start=\"2533\" data-end=\"2589\">\n<p data-start=\"2535\" data-end=\"2589\">Funcionamento simples, baixa manuten\u00e7\u00e3o, longa vida \u00fatil<\/p>\n<\/li>\n<li data-start=\"2590\" data-end=\"2635\">\n<p data-start=\"2592\" data-end=\"2635\">Compat\u00edvel com a exporta\u00e7\u00e3o com suporte de tens\u00e3o global<\/p>\n<\/li>\n<\/ul>\n<p data-start=\"2637\" data-end=\"2778\">Selecionar o <strong data-start=\"2648\" data-end=\"2691\">M\u00e1quina de corte de vergalh\u00f5es GQ45 (Faca plana)<\/strong> se precisar de um cortador de a\u00e7o fi\u00e1vel, de tamanho m\u00e9dio, que funcione todos os dias sob press\u00e3o.<\/p>\n<p><iframe title=\"#construction #constructionworker #rebarmachine #rebarcutter #rebarmachine #rebar\" width=\"720\" height=\"405\" src=\"https:\/\/www.youtube.com\/embed\/tdc4TA5-zRc?feature=oembed\" frameborder=\"0\" allow=\"accelerometer; autoplay; clipboard-write; encrypted-media; gyroscope; picture-in-picture; web-share\" referrerpolicy=\"strict-origin-when-cross-origin\" allowfullscreen><\/iframe><\/p>","protected":false},"excerpt":{"rendered":"<p>O cortador de vergalh\u00f5es de faca plana GQ45 processa barras de 6-36 mm com precis\u00e3o e for\u00e7a. Constru\u00edda para utiliza\u00e7\u00e3o di\u00e1ria em estaleiros de constru\u00e7\u00e3o profissionais.<\/p>","protected":false},"featured_media":8916,"template":"","meta":{"_kad_post_transparent":"default","_kad_post_title":"","_kad_post_layout":"default","_kad_post_sidebar_id":"","_kad_post_content_style":"default","_kad_post_vertical_padding":"default","_kad_post_feature":"","_kad_post_feature_position":"","_kad_post_header":false,"_kad_post_footer":false},"product_brand":[],"product_cat":[51],"product_tag":[988,992,990,989,993,985,994,987,984,991,986],"class_list":{"0":"post-8915","1":"product","2":"type-product","3":"status-publish","4":"has-post-thumbnail","6":"product_cat-rebar-cutting-machine","7":"product_tag-automatic-rebar-cutter","8":"product_tag-construction-steel-bar-cutter","9":"product_tag-electric-rebar-cutting-tool","10":"product_tag-hydraulic-rebar-cutting-machine","11":"product_tag-portable-rebar-cutting-machine","12":"product_tag-rebar-cutter","13":"product_tag-rebar-cutting-machine","14":"product_tag-reinforcement-bar-cutter","15":"product_tag-steel-bar-cutting-machine","16":"product_tag-steel-rod-cutter-machine","17":"product_tag-tmt-bar-cutting-machine","19":"first","20":"instock","21":"featured","22":"shipping-taxable","23":"product-type-simple","24":"entry","25":"content-bg","26":"loop-entry"},"yoast_head":"<!-- This site is optimized with the Yoast SEO plugin v25.3.1 - https:\/\/yoast.com\/wordpress\/plugins\/seo\/ -->\n<title>Rebar Cutting Machine GQ45 (Flat knife) - HSY Construction Machinery<\/title>\n<meta name=\"description\" content=\"Rebar Cutting Machine GQ45 (Flat Knife) cuts 6\u201336mm steel bars cleanly and efficiently. Ideal for construction sites and export use.\" \/>\n<meta name=\"robots\" content=\"index, follow, max-snippet:-1, max-image-preview:large, max-video-preview:-1\" \/>\n<link rel=\"canonical\" href=\"https:\/\/www.hsymachinery.com\/pt\/product\/maquina-de-corte-de-vergalhoes-gq45-faca-plana\/\" \/>\n<meta property=\"og:locale\" content=\"pt_PT\" \/>\n<meta property=\"og:type\" content=\"article\" \/>\n<meta property=\"og:title\" content=\"Rebar Cutting Machine GQ45 (Flat knife) - HSY Construction Machinery\" \/>\n<meta property=\"og:description\" content=\"Rebar Cutting Machine GQ45 (Flat Knife) cuts 6\u201336mm steel bars cleanly and efficiently. Ideal for construction sites and export use.\" \/>\n<meta property=\"og:url\" content=\"https:\/\/www.hsymachinery.com\/pt\/product\/maquina-de-corte-de-vergalhoes-gq45-faca-plana\/\" \/>\n<meta property=\"og:site_name\" content=\"HSY Construction Machinery\" \/>\n<meta property=\"article:modified_time\" content=\"2025-06-25T12:44:22+00:00\" \/>\n<meta property=\"og:image\" content=\"https:\/\/www.hsymachinery.com\/wp-content\/uploads\/2025\/06\/Rebar-Cutting-Machine-GQ45-Flat-knife.jpg\" \/>\n\t<meta property=\"og:image:width\" content=\"600\" \/>\n\t<meta property=\"og:image:height\" content=\"600\" \/>\n\t<meta property=\"og:image:type\" content=\"image\/jpeg\" \/>\n<meta name=\"twitter:card\" content=\"summary_large_image\" \/>\n<meta name=\"twitter:label1\" content=\"Tempo estimado de leitura\" \/>\n\t<meta name=\"twitter:data1\" content=\"2 minutos\" \/>\n<script type=\"application\/ld+json\" class=\"yoast-schema-graph\">{\"@context\":\"https:\/\/schema.org\",\"@graph\":[{\"@type\":\"WebPage\",\"@id\":\"https:\/\/www.hsymachinery.com\/product\/rebar-cutting-machine-gq45-flat-knife\/\",\"url\":\"https:\/\/www.hsymachinery.com\/product\/rebar-cutting-machine-gq45-flat-knife\/\",\"name\":\"Rebar Cutting Machine GQ45 (Flat knife) - HSY Construction Machinery\",\"isPartOf\":{\"@id\":\"https:\/\/www.hsymachinery.com\/#website\"},\"primaryImageOfPage\":{\"@id\":\"https:\/\/www.hsymachinery.com\/product\/rebar-cutting-machine-gq45-flat-knife\/#primaryimage\"},\"image\":{\"@id\":\"https:\/\/www.hsymachinery.com\/product\/rebar-cutting-machine-gq45-flat-knife\/#primaryimage\"},\"thumbnailUrl\":\"https:\/\/www.hsymachinery.com\/wp-content\/uploads\/2025\/06\/Rebar-Cutting-Machine-GQ45-Flat-knife.jpg\",\"datePublished\":\"2025-06-18T03:20:51+00:00\",\"dateModified\":\"2025-06-25T12:44:22+00:00\",\"description\":\"Rebar Cutting Machine GQ45 (Flat Knife) cuts 6\u201336mm steel bars cleanly and efficiently. Ideal for construction sites and export use.\",\"breadcrumb\":{\"@id\":\"https:\/\/www.hsymachinery.com\/product\/rebar-cutting-machine-gq45-flat-knife\/#breadcrumb\"},\"inLanguage\":\"pt-PT\",\"potentialAction\":[{\"@type\":\"ReadAction\",\"target\":[\"https:\/\/www.hsymachinery.com\/product\/rebar-cutting-machine-gq45-flat-knife\/\"]}]},{\"@type\":\"ImageObject\",\"inLanguage\":\"pt-PT\",\"@id\":\"https:\/\/www.hsymachinery.com\/product\/rebar-cutting-machine-gq45-flat-knife\/#primaryimage\",\"url\":\"https:\/\/www.hsymachinery.com\/wp-content\/uploads\/2025\/06\/Rebar-Cutting-Machine-GQ45-Flat-knife.jpg\",\"contentUrl\":\"https:\/\/www.hsymachinery.com\/wp-content\/uploads\/2025\/06\/Rebar-Cutting-Machine-GQ45-Flat-knife.jpg\",\"width\":600,\"height\":600},{\"@type\":\"BreadcrumbList\",\"@id\":\"https:\/\/www.hsymachinery.com\/product\/rebar-cutting-machine-gq45-flat-knife\/#breadcrumb\",\"itemListElement\":[{\"@type\":\"ListItem\",\"position\":1,\"name\":\"home\",\"item\":\"https:\/\/www.hsymachinery.com\/\"},{\"@type\":\"ListItem\",\"position\":2,\"name\":\"products\",\"item\":\"https:\/\/www.hsymachinery.com\/products\/\"},{\"@type\":\"ListItem\",\"position\":3,\"name\":\"Rebar Cutting Machine GQ45 (Flat knife)\"}]},{\"@type\":\"WebSite\",\"@id\":\"https:\/\/www.hsymachinery.com\/#website\",\"url\":\"https:\/\/www.hsymachinery.com\/\",\"name\":\"HSY Construction Machinery\",\"description\":\"HSY Machinery \u2013 A leading China construction machinery supplier, offering a wide range of light construction equipment. Our main products include Rebar Cutting Machine, Rebar Bending Machine, Rebar Stirrup Bending Machine, Rebar Arc Bending Machine, Rebar Straightening Machine, Five-Head Rebar Stirrup Bending Machine, Tamping Rammer, Plate Compactor, Concrete Cutter, Power Trowel, and other construction machinery. We are equipped with advanced CNC machines, and we enforce strict quality inspection standards along with comprehensive after-sales service. If you are interested in our products or services, we warmly welcome your inquiries via message.\",\"publisher\":{\"@id\":\"https:\/\/www.hsymachinery.com\/#organization\"},\"potentialAction\":[{\"@type\":\"SearchAction\",\"target\":{\"@type\":\"EntryPoint\",\"urlTemplate\":\"https:\/\/www.hsymachinery.com\/?s={search_term_string}\"},\"query-input\":{\"@type\":\"PropertyValueSpecification\",\"valueRequired\":true,\"valueName\":\"search_term_string\"}}],\"inLanguage\":\"pt-PT\"},{\"@type\":\"Organization\",\"@id\":\"https:\/\/www.hsymachinery.com\/#organization\",\"name\":\"HSY Construction Machinery\",\"url\":\"https:\/\/www.hsymachinery.com\/\",\"logo\":{\"@type\":\"ImageObject\",\"inLanguage\":\"pt-PT\",\"@id\":\"https:\/\/www.hsymachinery.com\/#\/schema\/logo\/image\/\",\"url\":\"https:\/\/www.hsymachinery.com\/wp-content\/uploads\/2025\/06\/cropped-HSY-machinery.png\",\"contentUrl\":\"https:\/\/www.hsymachinery.com\/wp-content\/uploads\/2025\/06\/cropped-HSY-machinery.png\",\"width\":600,\"height\":240,\"caption\":\"HSY Construction Machinery\"},\"image\":{\"@id\":\"https:\/\/www.hsymachinery.com\/#\/schema\/logo\/image\/\"}}]}<\/script>\n<!-- \/ Yoast SEO plugin. -->","yoast_head_json":{"title":"M\u00e1quina de corte de vergalh\u00e3o GQ45 (Faca plana) - HSY Construction Machinery","description":"A m\u00e1quina de corte de vergalh\u00f5es GQ45 (faca plana) corta barras de a\u00e7o de 6-36 mm de forma limpa e eficiente. Ideal para estaleiros de constru\u00e7\u00e3o e utiliza\u00e7\u00e3o na exporta\u00e7\u00e3o.","robots":{"index":"index","follow":"follow","max-snippet":"max-snippet:-1","max-image-preview":"max-image-preview:large","max-video-preview":"max-video-preview:-1"},"canonical":"https:\/\/www.hsymachinery.com\/pt\/product\/maquina-de-corte-de-vergalhoes-gq45-faca-plana\/","og_locale":"pt_PT","og_type":"article","og_title":"Rebar Cutting Machine GQ45 (Flat knife) - HSY Construction Machinery","og_description":"Rebar Cutting Machine GQ45 (Flat Knife) cuts 6\u201336mm steel bars cleanly and efficiently. Ideal for construction sites and export use.","og_url":"https:\/\/www.hsymachinery.com\/pt\/product\/maquina-de-corte-de-vergalhoes-gq45-faca-plana\/","og_site_name":"HSY Construction Machinery","article_modified_time":"2025-06-25T12:44:22+00:00","og_image":[{"width":600,"height":600,"url":"https:\/\/www.hsymachinery.com\/wp-content\/uploads\/2025\/06\/Rebar-Cutting-Machine-GQ45-Flat-knife.jpg","type":"image\/jpeg"}],"twitter_card":"summary_large_image","twitter_misc":{"Tempo estimado de leitura":"2 minutos"},"schema":{"@context":"https:\/\/schema.org","@graph":[{"@type":"WebPage","@id":"https:\/\/www.hsymachinery.com\/product\/rebar-cutting-machine-gq45-flat-knife\/","url":"https:\/\/www.hsymachinery.com\/product\/rebar-cutting-machine-gq45-flat-knife\/","name":"M\u00e1quina de corte de vergalh\u00e3o GQ45 (Faca plana) - HSY Construction Machinery","isPartOf":{"@id":"https:\/\/www.hsymachinery.com\/#website"},"primaryImageOfPage":{"@id":"https:\/\/www.hsymachinery.com\/product\/rebar-cutting-machine-gq45-flat-knife\/#primaryimage"},"image":{"@id":"https:\/\/www.hsymachinery.com\/product\/rebar-cutting-machine-gq45-flat-knife\/#primaryimage"},"thumbnailUrl":"https:\/\/www.hsymachinery.com\/wp-content\/uploads\/2025\/06\/Rebar-Cutting-Machine-GQ45-Flat-knife.jpg","datePublished":"2025-06-18T03:20:51+00:00","dateModified":"2025-06-25T12:44:22+00:00","description":"A m\u00e1quina de corte de vergalh\u00f5es GQ45 (faca plana) corta barras de a\u00e7o de 6-36 mm de forma limpa e eficiente. Ideal para estaleiros de constru\u00e7\u00e3o e utiliza\u00e7\u00e3o na exporta\u00e7\u00e3o.","breadcrumb":{"@id":"https:\/\/www.hsymachinery.com\/product\/rebar-cutting-machine-gq45-flat-knife\/#breadcrumb"},"inLanguage":"pt-PT","potentialAction":[{"@type":"ReadAction","target":["https:\/\/www.hsymachinery.com\/product\/rebar-cutting-machine-gq45-flat-knife\/"]}]},{"@type":"ImageObject","inLanguage":"pt-PT","@id":"https:\/\/www.hsymachinery.com\/product\/rebar-cutting-machine-gq45-flat-knife\/#primaryimage","url":"https:\/\/www.hsymachinery.com\/wp-content\/uploads\/2025\/06\/Rebar-Cutting-Machine-GQ45-Flat-knife.jpg","contentUrl":"https:\/\/www.hsymachinery.com\/wp-content\/uploads\/2025\/06\/Rebar-Cutting-Machine-GQ45-Flat-knife.jpg","width":600,"height":600},{"@type":"BreadcrumbList","@id":"https:\/\/www.hsymachinery.com\/product\/rebar-cutting-machine-gq45-flat-knife\/#breadcrumb","itemListElement":[{"@type":"ListItem","position":1,"name":"home","item":"https:\/\/www.hsymachinery.com\/"},{"@type":"ListItem","position":2,"name":"products","item":"https:\/\/www.hsymachinery.com\/products\/"},{"@type":"ListItem","position":3,"name":"Rebar Cutting Machine GQ45 (Flat knife)"}]},{"@type":"WebSite","@id":"https:\/\/www.hsymachinery.com\/#website","url":"https:\/\/www.hsymachinery.com\/","name":"M\u00e1quinas de constru\u00e7\u00e3o HSY","description":"HSY Machinery - Um fornecedor l\u00edder de m\u00e1quinas de constru\u00e7\u00e3o na China, oferecendo uma ampla gama de equipamentos de constru\u00e7\u00e3o leve. Nossos principais produtos incluem m\u00e1quina de corte de vergalh\u00e3o, m\u00e1quina dobradeira de vergalh\u00e3o, m\u00e1quina dobradeira de estribo de vergalh\u00e3o, m\u00e1quina dobradeira de arco de vergalh\u00e3o, m\u00e1quina de endireitar vergalh\u00e3o, m\u00e1quina dobradeira de estribo de vergalh\u00e3o de cinco cabe\u00e7as, compactador de placa, cortador de concreto, esp\u00e1tula el\u00e9trica e outras m\u00e1quinas de constru\u00e7\u00e3o. Estamos equipados com m\u00e1quinas CNC avan\u00e7adas, e n\u00f3s aplicamos rigorosas normas de inspe\u00e7\u00e3o de qualidade, juntamente com o servi\u00e7o p\u00f3s-venda abrangente. Se voc\u00ea est\u00e1 interessado em nossos produtos ou servi\u00e7os, congratulamo-nos com as suas perguntas atrav\u00e9s de mensagem.","publisher":{"@id":"https:\/\/www.hsymachinery.com\/#organization"},"potentialAction":[{"@type":"SearchAction","target":{"@type":"EntryPoint","urlTemplate":"https:\/\/www.hsymachinery.com\/?s={search_term_string}"},"query-input":{"@type":"PropertyValueSpecification","valueRequired":true,"valueName":"search_term_string"}}],"inLanguage":"pt-PT"},{"@type":"Organization","@id":"https:\/\/www.hsymachinery.com\/#organization","name":"M\u00e1quinas de constru\u00e7\u00e3o HSY","url":"https:\/\/www.hsymachinery.com\/","logo":{"@type":"ImageObject","inLanguage":"pt-PT","@id":"https:\/\/www.hsymachinery.com\/#\/schema\/logo\/image\/","url":"https:\/\/www.hsymachinery.com\/wp-content\/uploads\/2025\/06\/cropped-HSY-machinery.png","contentUrl":"https:\/\/www.hsymachinery.com\/wp-content\/uploads\/2025\/06\/cropped-HSY-machinery.png","width":600,"height":240,"caption":"HSY Construction Machinery"},"image":{"@id":"https:\/\/www.hsymachinery.com\/#\/schema\/logo\/image\/"}}]}},"_links":{"self":[{"href":"https:\/\/www.hsymachinery.com\/pt\/wp-json\/wp\/v2\/product\/8915","targetHints":{"allow":["GET"]}}],"collection":[{"href":"https:\/\/www.hsymachinery.com\/pt\/wp-json\/wp\/v2\/product"}],"about":[{"href":"https:\/\/www.hsymachinery.com\/pt\/wp-json\/wp\/v2\/types\/product"}],"version-history":[{"count":4,"href":"https:\/\/www.hsymachinery.com\/pt\/wp-json\/wp\/v2\/product\/8915\/revisions"}],"predecessor-version":[{"id":9325,"href":"https:\/\/www.hsymachinery.com\/pt\/wp-json\/wp\/v2\/product\/8915\/revisions\/9325"}],"wp:featuredmedia":[{"embeddable":true,"href":"https:\/\/www.hsymachinery.com\/pt\/wp-json\/wp\/v2\/media\/8916"}],"wp:attachment":[{"href":"https:\/\/www.hsymachinery.com\/pt\/wp-json\/wp\/v2\/media?parent=8915"}],"wp:term":[{"taxonomy":"product_brand","embeddable":true,"href":"https:\/\/www.hsymachinery.com\/pt\/wp-json\/wp\/v2\/product_brand?post=8915"},{"taxonomy":"product_cat","embeddable":true,"href":"https:\/\/www.hsymachinery.com\/pt\/wp-json\/wp\/v2\/product_cat?post=8915"},{"taxonomy":"product_tag","embeddable":true,"href":"https:\/\/www.hsymachinery.com\/pt\/wp-json\/wp\/v2\/product_tag?post=8915"}],"curies":[{"name":"wp","href":"https:\/\/api.w.org\/{rel}","templated":true}]}}