{"id":9238,"date":"2025-06-18T21:21:50","date_gmt":"2025-06-18T13:21:50","guid":{"rendered":"https:\/\/www.hsymachinery.com\/?post_type=product&#038;p=9238"},"modified":"2025-06-29T00:02:34","modified_gmt":"2025-06-28T16:02:34","slug":"zacieraczka-samojezdna-ptr-h100d","status":"publish","type":"product","link":"https:\/\/www.hsymachinery.com\/pl\/product\/zacieraczka-samojezdna-ptr-h100d\/","title":{"rendered":"Zacieraczka samojezdna PTR-H100D"},"content":{"rendered":"<h3 data-start=\"182\" data-end=\"304\">Dwutarczowa zacieraczka do betonu PTR-H100D z silnikiem Honda | Najwy\u017csza moc wyko\u0144czeniowa dla du\u017cych projekt\u00f3w betonowych<\/h3>\n<h3 data-start=\"311\" data-end=\"410\">Opis produktu - Dwuwirnikowa kielnia samojezdna z silnikiem Hondy zapewnia maksymaln\u0105 wydajno\u015b\u0107 pracy w p\u0142ytach betonowych<a href=\"https:\/\/www.hsymachinery.com\/pl\/produkty\/zacieraczka-samojezdna\/\" target=\"_blank\" rel=\"noopener\"><img fetchpriority=\"high\" decoding=\"async\" class=\"wp-image-9616 alignright\" src=\"https:\/\/www.hsymachinery.com\/wp-content\/uploads\/2025\/06\/Sitting-Type-Power-Trowel-209x300.jpg\" alt=\"\" width=\"451\" height=\"647\" srcset=\"https:\/\/www.hsymachinery.com\/wp-content\/uploads\/2025\/06\/Sitting-Type-Power-Trowel-209x300.jpg 209w, https:\/\/www.hsymachinery.com\/wp-content\/uploads\/2025\/06\/Sitting-Type-Power-Trowel-713x1024.jpg 713w, https:\/\/www.hsymachinery.com\/wp-content\/uploads\/2025\/06\/Sitting-Type-Power-Trowel-768x1103.jpg 768w, https:\/\/www.hsymachinery.com\/wp-content\/uploads\/2025\/06\/Sitting-Type-Power-Trowel-600x862.jpg 600w, https:\/\/www.hsymachinery.com\/wp-content\/uploads\/2025\/06\/Sitting-Type-Power-Trowel.jpg 800w\" sizes=\"(max-width: 451px) 100vw, 451px\" \/><\/a><\/h3>\n<p data-start=\"412\" data-end=\"789\">The <strong data-start=\"416\" data-end=\"450\">Zacieraczka samojezdna PTR-H100D<\/strong> \u0142\u0105czy w sobie dwutarczowy system wyka\u0144czania z niezawodnym silnikiem benzynowym Honda, aby zapewni\u0107 wysok\u0105 wydajno\u015b\u0107 na p\u0142ytach betonowych. Ta maszyna zosta\u0142a zaprojektowana dla wykonawc\u00f3w, kt\u00f3rzy wymagaj\u0105 szybko\u015bci, mocy i precyzji na wymagaj\u0105cych placach budowy, takich jak centra logistyczne, pod\u0142ogi komercyjne i konstrukcje magazynowe.<\/p>\n<p data-start=\"791\" data-end=\"1137\">Dzi\u0119ki dw\u00f3m zsynchronizowanym misom zacieraj\u0105cym model PTR-H100D zapewnia wi\u0119ksze pokrycie powierzchni w kr\u00f3tszym czasie. Operatorzy ciesz\u0105 si\u0119 komfortem jazdy, umo\u017cliwiaj\u0105cym im wyka\u0144czanie du\u017cych powierzchni bez zm\u0119czenia. Silnik Honda, znany na ca\u0142ym \u015bwiecie ze swojej trwa\u0142o\u015bci i oszcz\u0119dno\u015bci paliwa, zapewnia p\u0142ynn\u0105 prac\u0119 i minimalne przestoje podczas d\u0142ugich zmian.<\/p>\n<p data-start=\"1139\" data-end=\"1477\">Dodatkowo, niezale\u017cna regulacja nachylenia \u0142opatek pozwala u\u017cytkownikowi na precyzyjne dostosowanie ustawie\u0144 zacieraczki w zale\u017cno\u015bci od potrzeb projektu - od p\u0142ywania po wyko\u0144czenie na wysoki po\u0142ysk. Zbudowany z wytrzyma\u0142ej stalowej ramy, wzmocnionej przek\u0142adni i amortyzowanego siedziska, model ten jest odporny na ci\u0105g\u0142e u\u017cytkowanie w trudnych warunkach.<\/p>\n<p data-start=\"1479\" data-end=\"1643\">Niezale\u017cnie od tego, czy jest u\u017cywana w pomieszczeniach, czy na zewn\u0105trz, PTR-H100D to profesjonalna maszyna zaprojektowana w celu maksymalizacji wydajno\u015bci i zapewnienia sta\u0142ej jako\u015bci powierzchni betonu.<\/p>\n<h3 data-start=\"1650\" data-end=\"1697\">Kluczowe cechy kielni samojezdnej PTR-H100D<\/h3>\n<ul data-start=\"1699\" data-end=\"2102\">\n<li data-start=\"1699\" data-end=\"1771\">\n<p data-start=\"1701\" data-end=\"1771\">Podw\u00f3jna konstrukcja tarczy zwi\u0119ksza wydajno\u015b\u0107 zacierania i pokrycie powierzchni.<\/p>\n<\/li>\n<li data-start=\"1772\" data-end=\"1828\">\n<p data-start=\"1774\" data-end=\"1828\">Wyposa\u017cony w wysokowydajny silnik benzynowy Honda<\/p>\n<\/li>\n<li data-start=\"1829\" data-end=\"1898\">\n<p data-start=\"1831\" data-end=\"1898\">Przyjazna dla operatora konfiguracja zwi\u0119ksza komfort i produktywno\u015b\u0107<\/p>\n<\/li>\n<li data-start=\"1899\" data-end=\"1968\">\n<p data-start=\"1901\" data-end=\"1968\">Skok tarczy regulowany dla obu tarcz w celu dopasowania do warunk\u00f3w nawierzchni<\/p>\n<\/li>\n<li data-start=\"1969\" data-end=\"2034\">\n<p data-start=\"1971\" data-end=\"2034\">Wytrzyma\u0142a rama i uk\u0142ad przeniesienia nap\u0119du zapewniaj\u0105 odporno\u015b\u0107 w miejscu pracy<\/p>\n<\/li>\n<li data-start=\"2035\" data-end=\"2102\">\n<p data-start=\"2037\" data-end=\"2102\">Doskona\u0142y do wyka\u0144czania du\u017cych p\u0142yt betonowych w strefach przemys\u0142owych<\/p>\n<\/li>\n<\/ul>\n<h3 data-start=\"2109\" data-end=\"2194\">Zastosowania - Idealny do lotnisk, magazyn\u00f3w logistycznych i du\u017cych pod\u0142\u00f3g fabrycznych<\/h3>\n<p data-start=\"2196\" data-end=\"2341\">Model PTR-H100D jest przeznaczony dla wykonawc\u00f3w, kt\u00f3rzy potrzebuj\u0105 zwi\u0119kszonego zasi\u0119gu zacierania, wysokiej trwa\u0142o\u015bci i niezawodno\u015bci silnika w ka\u017cdym projekcie.<\/p>\n<p><iframe title=\"zacieraczka mechaniczna, zacieraczka samojezdna, zacieraczka r\u0119czna, zacieraczka, beton\" width=\"720\" height=\"405\" src=\"https:\/\/www.youtube.com\/embed\/f6bzSaqMaws?feature=oembed\" frameborder=\"0\" allow=\"accelerometer; autoplay; clipboard-write; encrypted-media; gyroscope; picture-in-picture; web-share\" referrerpolicy=\"strict-origin-when-cross-origin\" allowfullscreen><\/iframe><\/p>","protected":false},"excerpt":{"rendered":"<p>Zacieraczka samojezdna PTR-H100D z silnikiem Honda i dwutarczow\u0105 konstrukcj\u0105 zapewnia szybkie i wydajne wyka\u0144czanie du\u017cych komercyjnych i przemys\u0142owych p\u0142yt betonowych.<\/p>","protected":false},"featured_media":9239,"template":"","meta":{"_kad_post_transparent":"default","_kad_post_title":"","_kad_post_layout":"default","_kad_post_sidebar_id":"","_kad_post_content_style":"default","_kad_post_vertical_padding":"default","_kad_post_feature":"","_kad_post_feature_position":"","_kad_post_header":false,"_kad_post_footer":false},"product_brand":[],"product_cat":[58],"product_tag":[1093,1094,1098,1091,1096,1092,1097,1099,1095,1100],"class_list":{"0":"post-9238","1":"product","2":"type-product","3":"status-publish","4":"has-post-thumbnail","6":"product_cat-ride-on-power-trowel","7":"product_tag-concrete-ride-on-trowel","8":"product_tag-concrete-ride-on-trowel-machine","9":"product_tag-concrete-surface-finishing-trowel","10":"product_tag-double-disc-ride-on-power-trowel","11":"product_tag-double-rotor-power-trowel","12":"product_tag-gasoline-ride-on-power-trowel","13":"product_tag-heavy-duty-ride-on-trowel","14":"product_tag-hydraulic-ride-on-trowel","15":"product_tag-ride-on-concrete-finishing-machine","16":"product_tag-ride-on-floor-trowel","18":"first","19":"instock","20":"shipping-taxable","21":"product-type-simple","22":"entry","23":"content-bg","24":"loop-entry"},"yoast_head":"<!-- This site is optimized with the Yoast SEO plugin v25.3.1 - https:\/\/yoast.com\/wordpress\/plugins\/seo\/ -->\n<title>Ride-On Power Trowel PTR-H100D - HSY Construction Machinery<\/title>\n<meta name=\"description\" content=\"PTR-H100D ride-on concrete trowel features Honda engine and dual-disc design for efficient slab finishing in commercial, airport, and industrial floor projects.Ride-On Power Trowel PTR-H100D\" \/>\n<meta name=\"robots\" content=\"index, follow, max-snippet:-1, max-image-preview:large, max-video-preview:-1\" \/>\n<link rel=\"canonical\" href=\"https:\/\/www.hsymachinery.com\/pl\/product\/zacieraczka-samojezdna-ptr-h100d\/\" \/>\n<meta property=\"og:locale\" content=\"pl_PL\" \/>\n<meta property=\"og:type\" content=\"article\" \/>\n<meta property=\"og:title\" content=\"Ride-On Power Trowel PTR-H100D - HSY Construction Machinery\" \/>\n<meta property=\"og:description\" content=\"PTR-H100D ride-on concrete trowel features Honda engine and dual-disc design for efficient slab finishing in commercial, airport, and industrial floor projects.Ride-On Power Trowel PTR-H100D\" \/>\n<meta property=\"og:url\" content=\"https:\/\/www.hsymachinery.com\/pl\/product\/zacieraczka-samojezdna-ptr-h100d\/\" \/>\n<meta property=\"og:site_name\" content=\"HSY Construction Machinery\" \/>\n<meta property=\"article:modified_time\" content=\"2025-06-28T16:02:34+00:00\" \/>\n<meta property=\"og:image\" content=\"https:\/\/www.hsymachinery.com\/wp-content\/uploads\/2025\/06\/Ride-On-Power-Trowel-PTR-H100D.jpg\" \/>\n\t<meta property=\"og:image:width\" content=\"800\" \/>\n\t<meta property=\"og:image:height\" content=\"800\" \/>\n\t<meta property=\"og:image:type\" content=\"image\/jpeg\" \/>\n<meta name=\"twitter:card\" content=\"summary_large_image\" \/>\n<meta name=\"twitter:label1\" content=\"Szacowany czas czytania\" \/>\n\t<meta name=\"twitter:data1\" content=\"2 minuty\" \/>\n<script type=\"application\/ld+json\" class=\"yoast-schema-graph\">{\"@context\":\"https:\/\/schema.org\",\"@graph\":[{\"@type\":\"WebPage\",\"@id\":\"https:\/\/www.hsymachinery.com\/product\/ride-on-power-trowel-ptr-h100d\/\",\"url\":\"https:\/\/www.hsymachinery.com\/product\/ride-on-power-trowel-ptr-h100d\/\",\"name\":\"Ride-On Power Trowel PTR-H100D - HSY Construction Machinery\",\"isPartOf\":{\"@id\":\"https:\/\/www.hsymachinery.com\/#website\"},\"primaryImageOfPage\":{\"@id\":\"https:\/\/www.hsymachinery.com\/product\/ride-on-power-trowel-ptr-h100d\/#primaryimage\"},\"image\":{\"@id\":\"https:\/\/www.hsymachinery.com\/product\/ride-on-power-trowel-ptr-h100d\/#primaryimage\"},\"thumbnailUrl\":\"https:\/\/www.hsymachinery.com\/wp-content\/uploads\/2025\/06\/Ride-On-Power-Trowel-PTR-H100D.jpg\",\"datePublished\":\"2025-06-18T13:21:50+00:00\",\"dateModified\":\"2025-06-28T16:02:34+00:00\",\"description\":\"PTR-H100D ride-on concrete trowel features Honda engine and dual-disc design for efficient slab finishing in commercial, airport, and industrial floor projects.Ride-On Power Trowel PTR-H100D\",\"breadcrumb\":{\"@id\":\"https:\/\/www.hsymachinery.com\/product\/ride-on-power-trowel-ptr-h100d\/#breadcrumb\"},\"inLanguage\":\"pl-PL\",\"potentialAction\":[{\"@type\":\"ReadAction\",\"target\":[\"https:\/\/www.hsymachinery.com\/product\/ride-on-power-trowel-ptr-h100d\/\"]}]},{\"@type\":\"ImageObject\",\"inLanguage\":\"pl-PL\",\"@id\":\"https:\/\/www.hsymachinery.com\/product\/ride-on-power-trowel-ptr-h100d\/#primaryimage\",\"url\":\"https:\/\/www.hsymachinery.com\/wp-content\/uploads\/2025\/06\/Ride-On-Power-Trowel-PTR-H100D.jpg\",\"contentUrl\":\"https:\/\/www.hsymachinery.com\/wp-content\/uploads\/2025\/06\/Ride-On-Power-Trowel-PTR-H100D.jpg\",\"width\":800,\"height\":800},{\"@type\":\"BreadcrumbList\",\"@id\":\"https:\/\/www.hsymachinery.com\/product\/ride-on-power-trowel-ptr-h100d\/#breadcrumb\",\"itemListElement\":[{\"@type\":\"ListItem\",\"position\":1,\"name\":\"home\",\"item\":\"https:\/\/www.hsymachinery.com\/\"},{\"@type\":\"ListItem\",\"position\":2,\"name\":\"products\",\"item\":\"https:\/\/www.hsymachinery.com\/products\/\"},{\"@type\":\"ListItem\",\"position\":3,\"name\":\"Ride-On Power Trowel PTR-H100D\"}]},{\"@type\":\"WebSite\",\"@id\":\"https:\/\/www.hsymachinery.com\/#website\",\"url\":\"https:\/\/www.hsymachinery.com\/\",\"name\":\"HSY Construction Machinery\",\"description\":\"HSY Machinery \u2013 A leading China construction machinery supplier, offering a wide range of light construction equipment. Our main products include Rebar Cutting Machine, Rebar Bending Machine, Rebar Stirrup Bending Machine, Rebar Arc Bending Machine, Rebar Straightening Machine, Five-Head Rebar Stirrup Bending Machine, Tamping Rammer, Plate Compactor, Concrete Cutter, Power Trowel, and other construction machinery. We are equipped with advanced CNC machines, and we enforce strict quality inspection standards along with comprehensive after-sales service. If you are interested in our products or services, we warmly welcome your inquiries via message.\",\"publisher\":{\"@id\":\"https:\/\/www.hsymachinery.com\/#organization\"},\"potentialAction\":[{\"@type\":\"SearchAction\",\"target\":{\"@type\":\"EntryPoint\",\"urlTemplate\":\"https:\/\/www.hsymachinery.com\/?s={search_term_string}\"},\"query-input\":{\"@type\":\"PropertyValueSpecification\",\"valueRequired\":true,\"valueName\":\"search_term_string\"}}],\"inLanguage\":\"pl-PL\"},{\"@type\":\"Organization\",\"@id\":\"https:\/\/www.hsymachinery.com\/#organization\",\"name\":\"HSY Construction Machinery\",\"url\":\"https:\/\/www.hsymachinery.com\/\",\"logo\":{\"@type\":\"ImageObject\",\"inLanguage\":\"pl-PL\",\"@id\":\"https:\/\/www.hsymachinery.com\/#\/schema\/logo\/image\/\",\"url\":\"https:\/\/www.hsymachinery.com\/wp-content\/uploads\/2025\/06\/cropped-HSY-machinery.png\",\"contentUrl\":\"https:\/\/www.hsymachinery.com\/wp-content\/uploads\/2025\/06\/cropped-HSY-machinery.png\",\"width\":600,\"height\":240,\"caption\":\"HSY Construction Machinery\"},\"image\":{\"@id\":\"https:\/\/www.hsymachinery.com\/#\/schema\/logo\/image\/\"}}]}<\/script>\n<!-- \/ Yoast SEO plugin. -->","yoast_head_json":{"title":"Zacieraczka samojezdna PTR-H100D - HSY Construction Machinery","description":"Zacieraczka samojezdna do betonu PTR-H100D jest wyposa\u017cona w silnik Honda i dwutarczow\u0105 konstrukcj\u0119 do wydajnego wyka\u0144czania p\u0142yt w projektach posadzek komercyjnych, lotniskowych i przemys\u0142owych.Zacieraczka samojezdna PTR-H100D","robots":{"index":"index","follow":"follow","max-snippet":"max-snippet:-1","max-image-preview":"max-image-preview:large","max-video-preview":"max-video-preview:-1"},"canonical":"https:\/\/www.hsymachinery.com\/pl\/product\/zacieraczka-samojezdna-ptr-h100d\/","og_locale":"pl_PL","og_type":"article","og_title":"Ride-On Power Trowel PTR-H100D - HSY Construction Machinery","og_description":"PTR-H100D ride-on concrete trowel features Honda engine and dual-disc design for efficient slab finishing in commercial, airport, and industrial floor projects.Ride-On Power Trowel PTR-H100D","og_url":"https:\/\/www.hsymachinery.com\/pl\/product\/zacieraczka-samojezdna-ptr-h100d\/","og_site_name":"HSY Construction Machinery","article_modified_time":"2025-06-28T16:02:34+00:00","og_image":[{"width":800,"height":800,"url":"https:\/\/www.hsymachinery.com\/wp-content\/uploads\/2025\/06\/Ride-On-Power-Trowel-PTR-H100D.jpg","type":"image\/jpeg"}],"twitter_card":"summary_large_image","twitter_misc":{"Szacowany czas czytania":"2 minuty"},"schema":{"@context":"https:\/\/schema.org","@graph":[{"@type":"WebPage","@id":"https:\/\/www.hsymachinery.com\/product\/ride-on-power-trowel-ptr-h100d\/","url":"https:\/\/www.hsymachinery.com\/product\/ride-on-power-trowel-ptr-h100d\/","name":"Zacieraczka samojezdna PTR-H100D - HSY Construction Machinery","isPartOf":{"@id":"https:\/\/www.hsymachinery.com\/#website"},"primaryImageOfPage":{"@id":"https:\/\/www.hsymachinery.com\/product\/ride-on-power-trowel-ptr-h100d\/#primaryimage"},"image":{"@id":"https:\/\/www.hsymachinery.com\/product\/ride-on-power-trowel-ptr-h100d\/#primaryimage"},"thumbnailUrl":"https:\/\/www.hsymachinery.com\/wp-content\/uploads\/2025\/06\/Ride-On-Power-Trowel-PTR-H100D.jpg","datePublished":"2025-06-18T13:21:50+00:00","dateModified":"2025-06-28T16:02:34+00:00","description":"Zacieraczka samojezdna do betonu PTR-H100D jest wyposa\u017cona w silnik Honda i dwutarczow\u0105 konstrukcj\u0119 do wydajnego wyka\u0144czania p\u0142yt w projektach posadzek komercyjnych, lotniskowych i przemys\u0142owych.Zacieraczka samojezdna PTR-H100D","breadcrumb":{"@id":"https:\/\/www.hsymachinery.com\/product\/ride-on-power-trowel-ptr-h100d\/#breadcrumb"},"inLanguage":"pl-PL","potentialAction":[{"@type":"ReadAction","target":["https:\/\/www.hsymachinery.com\/product\/ride-on-power-trowel-ptr-h100d\/"]}]},{"@type":"ImageObject","inLanguage":"pl-PL","@id":"https:\/\/www.hsymachinery.com\/product\/ride-on-power-trowel-ptr-h100d\/#primaryimage","url":"https:\/\/www.hsymachinery.com\/wp-content\/uploads\/2025\/06\/Ride-On-Power-Trowel-PTR-H100D.jpg","contentUrl":"https:\/\/www.hsymachinery.com\/wp-content\/uploads\/2025\/06\/Ride-On-Power-Trowel-PTR-H100D.jpg","width":800,"height":800},{"@type":"BreadcrumbList","@id":"https:\/\/www.hsymachinery.com\/product\/ride-on-power-trowel-ptr-h100d\/#breadcrumb","itemListElement":[{"@type":"ListItem","position":1,"name":"home","item":"https:\/\/www.hsymachinery.com\/"},{"@type":"ListItem","position":2,"name":"products","item":"https:\/\/www.hsymachinery.com\/products\/"},{"@type":"ListItem","position":3,"name":"Ride-On Power Trowel PTR-H100D"}]},{"@type":"WebSite","@id":"https:\/\/www.hsymachinery.com\/#website","url":"https:\/\/www.hsymachinery.com\/","name":"HSY Construction Machinery","description":"HSY Machinery - wiod\u0105cy chi\u0144ski dostawca maszyn budowlanych, oferuj\u0105cy szerok\u0105 gam\u0119 lekkiego sprz\u0119tu budowlanego. Nasze g\u0142\u00f3wne produkty to maszyna do ci\u0119cia pr\u0119t\u00f3w zbrojeniowych, maszyna do gi\u0119cia pr\u0119t\u00f3w zbrojeniowych, maszyna do gi\u0119cia strzemion pr\u0119t\u00f3w zbrojeniowych, maszyna do gi\u0119cia \u0142uk\u00f3w pr\u0119t\u00f3w zbrojeniowych, maszyna do prostowania pr\u0119t\u00f3w zbrojeniowych, pi\u0119ciog\u0142owicowa maszyna do gi\u0119cia strzemion pr\u0119t\u00f3w zbrojeniowych, ubijak, zag\u0119szczarka p\u0142ytowa, przecinarka do betonu, zacieraczka mechaniczna i inne maszyny budowlane. Jeste\u015bmy wyposa\u017ceni w zaawansowane maszyny CNC i egzekwujemy surowe standardy kontroli jako\u015bci wraz z kompleksow\u0105 obs\u0142ug\u0105 posprzeda\u017cn\u0105. Je\u015bli jeste\u015b zainteresowany naszymi produktami lub us\u0142ugami, serdecznie zapraszamy do sk\u0142adania zapyta\u0144 za po\u015brednictwem wiadomo\u015bci.","publisher":{"@id":"https:\/\/www.hsymachinery.com\/#organization"},"potentialAction":[{"@type":"SearchAction","target":{"@type":"EntryPoint","urlTemplate":"https:\/\/www.hsymachinery.com\/?s={search_term_string}"},"query-input":{"@type":"PropertyValueSpecification","valueRequired":true,"valueName":"search_term_string"}}],"inLanguage":"pl-PL"},{"@type":"Organization","@id":"https:\/\/www.hsymachinery.com\/#organization","name":"HSY Construction Machinery","url":"https:\/\/www.hsymachinery.com\/","logo":{"@type":"ImageObject","inLanguage":"pl-PL","@id":"https:\/\/www.hsymachinery.com\/#\/schema\/logo\/image\/","url":"https:\/\/www.hsymachinery.com\/wp-content\/uploads\/2025\/06\/cropped-HSY-machinery.png","contentUrl":"https:\/\/www.hsymachinery.com\/wp-content\/uploads\/2025\/06\/cropped-HSY-machinery.png","width":600,"height":240,"caption":"HSY Construction Machinery"},"image":{"@id":"https:\/\/www.hsymachinery.com\/#\/schema\/logo\/image\/"}}]}},"_links":{"self":[{"href":"https:\/\/www.hsymachinery.com\/pl\/wp-json\/wp\/v2\/product\/9238","targetHints":{"allow":["GET"]}}],"collection":[{"href":"https:\/\/www.hsymachinery.com\/pl\/wp-json\/wp\/v2\/product"}],"about":[{"href":"https:\/\/www.hsymachinery.com\/pl\/wp-json\/wp\/v2\/types\/product"}],"version-history":[{"count":3,"href":"https:\/\/www.hsymachinery.com\/pl\/wp-json\/wp\/v2\/product\/9238\/revisions"}],"predecessor-version":[{"id":9628,"href":"https:\/\/www.hsymachinery.com\/pl\/wp-json\/wp\/v2\/product\/9238\/revisions\/9628"}],"wp:featuredmedia":[{"embeddable":true,"href":"https:\/\/www.hsymachinery.com\/pl\/wp-json\/wp\/v2\/media\/9239"}],"wp:attachment":[{"href":"https:\/\/www.hsymachinery.com\/pl\/wp-json\/wp\/v2\/media?parent=9238"}],"wp:term":[{"taxonomy":"product_brand","embeddable":true,"href":"https:\/\/www.hsymachinery.com\/pl\/wp-json\/wp\/v2\/product_brand?post=9238"},{"taxonomy":"product_cat","embeddable":true,"href":"https:\/\/www.hsymachinery.com\/pl\/wp-json\/wp\/v2\/product_cat?post=9238"},{"taxonomy":"product_tag","embeddable":true,"href":"https:\/\/www.hsymachinery.com\/pl\/wp-json\/wp\/v2\/product_tag?post=9238"}],"curies":[{"name":"wp","href":"https:\/\/api.w.org\/{rel}","templated":true}]}}