{"id":9232,"date":"2025-06-18T21:19:30","date_gmt":"2025-06-18T13:19:30","guid":{"rendered":"https:\/\/www.hsymachinery.com\/?post_type=product&#038;p=9232"},"modified":"2025-06-28T23:53:29","modified_gmt":"2025-06-28T15:53:29","slug":"zacieraczka-samojezdna-ptr-h100","status":"publish","type":"product","link":"https:\/\/www.hsymachinery.com\/pl\/product\/zacieraczka-samojezdna-ptr-h100\/","title":{"rendered":"Zacieraczka samojezdna PTR-H100"},"content":{"rendered":"<h2 data-start=\"146\" data-end=\"183\">Zacieraczka samojezdna PTR-H100<\/h2>\n<h3 data-start=\"184\" data-end=\"304\">Maszyna do wyka\u0144czania betonu PTR-H100 z silnikiem Hondy o du\u017cej powierzchni do profesjonalnego wyka\u0144czania pod\u0142\u00f3g<\/h3>\n<h3 data-start=\"311\" data-end=\"410\">Opis produktu - Zacieraczka samojezdna z nap\u0119dem Honda do wysokowydajnych prac wyko\u0144czeniowych w przemy\u015ble<a href=\"https:\/\/www.hsymachinery.com\/pl\/produkty\/zacieraczka-samojezdna\/\" target=\"_blank\" rel=\"noopener\"><img fetchpriority=\"high\" decoding=\"async\" class=\"wp-image-9616 alignright\" src=\"https:\/\/www.hsymachinery.com\/wp-content\/uploads\/2025\/06\/Sitting-Type-Power-Trowel-209x300.jpg\" alt=\"\" width=\"451\" height=\"647\" srcset=\"https:\/\/www.hsymachinery.com\/wp-content\/uploads\/2025\/06\/Sitting-Type-Power-Trowel-209x300.jpg 209w, https:\/\/www.hsymachinery.com\/wp-content\/uploads\/2025\/06\/Sitting-Type-Power-Trowel-713x1024.jpg 713w, https:\/\/www.hsymachinery.com\/wp-content\/uploads\/2025\/06\/Sitting-Type-Power-Trowel-768x1103.jpg 768w, https:\/\/www.hsymachinery.com\/wp-content\/uploads\/2025\/06\/Sitting-Type-Power-Trowel-600x862.jpg 600w, https:\/\/www.hsymachinery.com\/wp-content\/uploads\/2025\/06\/Sitting-Type-Power-Trowel.jpg 800w\" sizes=\"(max-width: 451px) 100vw, 451px\" \/><\/a><\/h3>\n<p data-start=\"412\" data-end=\"720\">The <strong data-start=\"416\" data-end=\"449\">PTR-H100 Zacieraczka samojezdna<\/strong> zosta\u0142a zaprojektowana z my\u015bl\u0105 o zapewnieniu doskona\u0142ych rezultat\u00f3w wyka\u0144czania du\u017cych projekt\u00f3w p\u0142yt betonowych. Nap\u0119dzana silnikiem benzynowym Honda, maszyna ta oferuje sta\u0142\u0105 wydajno\u015b\u0107, \u0142atw\u0105 obs\u0142ug\u0119 i zwi\u0119kszony zasi\u0119g dla wykonawc\u00f3w pracuj\u0105cych na posadzkach przemys\u0142owych lub komercyjnych.<\/p>\n<p data-start=\"722\" data-end=\"1061\">Dzi\u0119ki dwutarczowej tarczy o \u015brednicy 100 cm, PTR-H100 skutecznie wyka\u0144cza du\u017ce powierzchnie betonowe w kr\u00f3tszym czasie. Fotel operatora zwi\u0119ksza komfort i kontrol\u0119, zw\u0142aszcza podczas d\u0142ugich godzin pracy. Silnik Hondy zapewnia p\u0142ynny moment obrotowy, oszcz\u0119dno\u015b\u0107 paliwa i d\u0142ugotrwa\u0142\u0105 niezawodno\u015b\u0107, nawet przy du\u017cych obci\u0105\u017ceniach.<\/p>\n<p data-start=\"1063\" data-end=\"1351\">Ponadto operatorzy mog\u0105 szybko regulowa\u0107 system nachylenia ostrza, umo\u017cliwiaj\u0105c p\u0142ynne przej\u015bcia mi\u0119dzy zadaniami p\u0142ywaj\u0105cymi i wyka\u0144czaj\u0105cymi. Wytrzyma\u0142a stalowa rama, wzmocniona przek\u0142adnia i konstrukcja t\u0142umi\u0105ca drgania zapewniaj\u0105 stabilno\u015b\u0107 pracy i zmniejszaj\u0105 zu\u017cycie maszyny w czasie.<\/p>\n<p data-start=\"1353\" data-end=\"1575\">Idealna do u\u017cytku w halach fabrycznych, centrach handlowych, magazynach i parkingach, PTR-H100 to niezawodna maszyna do wyka\u0144czania dla profesjonalist\u00f3w, kt\u00f3rzy ceni\u0105 sobie precyzj\u0119, trwa\u0142o\u015b\u0107 i wydajno\u015b\u0107 silnika.<\/p>\n<h3 data-start=\"1582\" data-end=\"1628\">Kluczowe cechy kielni samojezdnej PTR-H100<\/h3>\n<ul data-start=\"1630\" data-end=\"2009\">\n<li data-start=\"1630\" data-end=\"1701\">\n<p data-start=\"1632\" data-end=\"1701\">Silnik benzynowy Honda zapewnia p\u0142ynn\u0105 i wydajn\u0105 prac\u0119<\/p>\n<\/li>\n<li data-start=\"1702\" data-end=\"1766\">\n<p data-start=\"1704\" data-end=\"1766\">\u015arednica zacierania 100 cm pokrywa wi\u0119kszy obszar przy mniejszej liczbie przej\u015b\u0107<\/p>\n<\/li>\n<li data-start=\"1767\" data-end=\"1831\">\n<p data-start=\"1769\" data-end=\"1831\">Konstrukcja jezdna zapewnia operatorowi komfort i pe\u0142n\u0105 kontrol\u0119<\/p>\n<\/li>\n<li data-start=\"1832\" data-end=\"1890\">\n<p data-start=\"1834\" data-end=\"1890\">Regulowany skok ostrza zapewnia precyzj\u0119 wyka\u0144czania<\/p>\n<\/li>\n<li data-start=\"1891\" data-end=\"1952\">\n<p data-start=\"1893\" data-end=\"1952\">Wytrzyma\u0142a przek\u0142adnia i stalowa rama zapewniaj\u0105 wysok\u0105 wydajno\u015b\u0107<\/p>\n<\/li>\n<li data-start=\"1953\" data-end=\"2009\">\n<p data-start=\"1955\" data-end=\"2009\">Zaprojektowany dla projekt\u00f3w przemys\u0142owych i komercyjnych<\/p>\n<\/li>\n<\/ul>\n<h3 data-start=\"2016\" data-end=\"2106\">Zastosowania - idealne do pod\u0142\u00f3g przemys\u0142owych, magazyn\u00f3w komercyjnych i parking\u00f3w<\/h3>\n<p data-start=\"2108\" data-end=\"2304\">PTR-H100 doskonale sprawdza si\u0119 w pracach wyko\u0144czeniowych w betonie o du\u017cej obj\u0119to\u015bci, oferuj\u0105c idealne po\u0142\u0105czenie zasi\u0119gu, stabilno\u015bci i komfortu dla profesjonalist\u00f3w pracuj\u0105cych na du\u017cych p\u0142ytach pod\u0142ogowych.<\/p>\n<p><iframe title=\"#pracownik budowlany #pracownik budowlany #kielnia#\" width=\"720\" height=\"405\" src=\"https:\/\/www.youtube.com\/embed\/XQyVcEkyJOs?feature=oembed\" frameborder=\"0\" allow=\"accelerometer; autoplay; clipboard-write; encrypted-media; gyroscope; picture-in-picture; web-share\" referrerpolicy=\"strict-origin-when-cross-origin\" allowfullscreen><\/iframe><\/p>","protected":false},"excerpt":{"rendered":"<p>Samojezdna zacieraczka do betonu PTR-H100 z silnikiem Honda oferuje 100 cm szeroko\u015bci roboczej, doskona\u0142\u0105 stabilno\u015b\u0107 i profesjonalne rezultaty w przypadku du\u017cych p\u0142yt.<\/p>","protected":false},"featured_media":9233,"template":"","meta":{"_kad_post_transparent":"default","_kad_post_title":"","_kad_post_layout":"default","_kad_post_sidebar_id":"","_kad_post_content_style":"default","_kad_post_vertical_padding":"default","_kad_post_feature":"","_kad_post_feature_position":"","_kad_post_header":false,"_kad_post_footer":false},"product_brand":[],"product_cat":[58],"product_tag":[1093,1094,1098,1091,1096,1092,1097,1099,1095,1100],"class_list":{"0":"post-9232","1":"product","2":"type-product","3":"status-publish","4":"has-post-thumbnail","6":"product_cat-ride-on-power-trowel","7":"product_tag-concrete-ride-on-trowel","8":"product_tag-concrete-ride-on-trowel-machine","9":"product_tag-concrete-surface-finishing-trowel","10":"product_tag-double-disc-ride-on-power-trowel","11":"product_tag-double-rotor-power-trowel","12":"product_tag-gasoline-ride-on-power-trowel","13":"product_tag-heavy-duty-ride-on-trowel","14":"product_tag-hydraulic-ride-on-trowel","15":"product_tag-ride-on-concrete-finishing-machine","16":"product_tag-ride-on-floor-trowel","18":"first","19":"instock","20":"featured","21":"shipping-taxable","22":"product-type-simple","23":"entry","24":"content-bg","25":"loop-entry"},"yoast_head":"<!-- This site is optimized with the Yoast SEO plugin v25.3.1 - https:\/\/yoast.com\/wordpress\/plugins\/seo\/ -->\n<title>Ride-On Power Trowel PTR-H100 - HSY Construction Machinery<\/title>\n<meta name=\"description\" content=\"PTR-H100 ride-on power trowel with 100 cm blades and Honda engine delivers efficient, high-performance slab finishing for industrial concrete floors.\" \/>\n<meta name=\"robots\" content=\"index, follow, max-snippet:-1, max-image-preview:large, max-video-preview:-1\" \/>\n<link rel=\"canonical\" href=\"https:\/\/www.hsymachinery.com\/pl\/product\/zacieraczka-samojezdna-ptr-h100\/\" \/>\n<meta property=\"og:locale\" content=\"pl_PL\" \/>\n<meta property=\"og:type\" content=\"article\" \/>\n<meta property=\"og:title\" content=\"Ride-On Power Trowel PTR-H100 - HSY Construction Machinery\" \/>\n<meta property=\"og:description\" content=\"PTR-H100 ride-on power trowel with 100 cm blades and Honda engine delivers efficient, high-performance slab finishing for industrial concrete floors.\" \/>\n<meta property=\"og:url\" content=\"https:\/\/www.hsymachinery.com\/pl\/product\/zacieraczka-samojezdna-ptr-h100\/\" \/>\n<meta property=\"og:site_name\" content=\"HSY Construction Machinery\" \/>\n<meta property=\"article:modified_time\" content=\"2025-06-28T15:53:29+00:00\" \/>\n<meta property=\"og:image\" content=\"https:\/\/www.hsymachinery.com\/wp-content\/uploads\/2025\/06\/Ride-On-Power-Trowel-PTR-H100.jpg\" \/>\n\t<meta property=\"og:image:width\" content=\"800\" \/>\n\t<meta property=\"og:image:height\" content=\"800\" \/>\n\t<meta property=\"og:image:type\" content=\"image\/jpeg\" \/>\n<meta name=\"twitter:card\" content=\"summary_large_image\" \/>\n<meta name=\"twitter:label1\" content=\"Szacowany czas czytania\" \/>\n\t<meta name=\"twitter:data1\" content=\"2 minuty\" \/>\n<script type=\"application\/ld+json\" class=\"yoast-schema-graph\">{\"@context\":\"https:\/\/schema.org\",\"@graph\":[{\"@type\":\"WebPage\",\"@id\":\"https:\/\/www.hsymachinery.com\/product\/ride-on-power-trowel-ptr-h100\/\",\"url\":\"https:\/\/www.hsymachinery.com\/product\/ride-on-power-trowel-ptr-h100\/\",\"name\":\"Ride-On Power Trowel PTR-H100 - HSY Construction Machinery\",\"isPartOf\":{\"@id\":\"https:\/\/www.hsymachinery.com\/#website\"},\"primaryImageOfPage\":{\"@id\":\"https:\/\/www.hsymachinery.com\/product\/ride-on-power-trowel-ptr-h100\/#primaryimage\"},\"image\":{\"@id\":\"https:\/\/www.hsymachinery.com\/product\/ride-on-power-trowel-ptr-h100\/#primaryimage\"},\"thumbnailUrl\":\"https:\/\/www.hsymachinery.com\/wp-content\/uploads\/2025\/06\/Ride-On-Power-Trowel-PTR-H100.jpg\",\"datePublished\":\"2025-06-18T13:19:30+00:00\",\"dateModified\":\"2025-06-28T15:53:29+00:00\",\"description\":\"PTR-H100 ride-on power trowel with 100 cm blades and Honda engine delivers efficient, high-performance slab finishing for industrial concrete floors.\",\"breadcrumb\":{\"@id\":\"https:\/\/www.hsymachinery.com\/product\/ride-on-power-trowel-ptr-h100\/#breadcrumb\"},\"inLanguage\":\"pl-PL\",\"potentialAction\":[{\"@type\":\"ReadAction\",\"target\":[\"https:\/\/www.hsymachinery.com\/product\/ride-on-power-trowel-ptr-h100\/\"]}]},{\"@type\":\"ImageObject\",\"inLanguage\":\"pl-PL\",\"@id\":\"https:\/\/www.hsymachinery.com\/product\/ride-on-power-trowel-ptr-h100\/#primaryimage\",\"url\":\"https:\/\/www.hsymachinery.com\/wp-content\/uploads\/2025\/06\/Ride-On-Power-Trowel-PTR-H100.jpg\",\"contentUrl\":\"https:\/\/www.hsymachinery.com\/wp-content\/uploads\/2025\/06\/Ride-On-Power-Trowel-PTR-H100.jpg\",\"width\":800,\"height\":800},{\"@type\":\"BreadcrumbList\",\"@id\":\"https:\/\/www.hsymachinery.com\/product\/ride-on-power-trowel-ptr-h100\/#breadcrumb\",\"itemListElement\":[{\"@type\":\"ListItem\",\"position\":1,\"name\":\"home\",\"item\":\"https:\/\/www.hsymachinery.com\/\"},{\"@type\":\"ListItem\",\"position\":2,\"name\":\"products\",\"item\":\"https:\/\/www.hsymachinery.com\/products\/\"},{\"@type\":\"ListItem\",\"position\":3,\"name\":\"Ride-On Power Trowel PTR-H100\"}]},{\"@type\":\"WebSite\",\"@id\":\"https:\/\/www.hsymachinery.com\/#website\",\"url\":\"https:\/\/www.hsymachinery.com\/\",\"name\":\"HSY Construction Machinery\",\"description\":\"HSY Machinery \u2013 A leading China construction machinery supplier, offering a wide range of light construction equipment. Our main products include Rebar Cutting Machine, Rebar Bending Machine, Rebar Stirrup Bending Machine, Rebar Arc Bending Machine, Rebar Straightening Machine, Five-Head Rebar Stirrup Bending Machine, Tamping Rammer, Plate Compactor, Concrete Cutter, Power Trowel, and other construction machinery. We are equipped with advanced CNC machines, and we enforce strict quality inspection standards along with comprehensive after-sales service. If you are interested in our products or services, we warmly welcome your inquiries via message.\",\"publisher\":{\"@id\":\"https:\/\/www.hsymachinery.com\/#organization\"},\"potentialAction\":[{\"@type\":\"SearchAction\",\"target\":{\"@type\":\"EntryPoint\",\"urlTemplate\":\"https:\/\/www.hsymachinery.com\/?s={search_term_string}\"},\"query-input\":{\"@type\":\"PropertyValueSpecification\",\"valueRequired\":true,\"valueName\":\"search_term_string\"}}],\"inLanguage\":\"pl-PL\"},{\"@type\":\"Organization\",\"@id\":\"https:\/\/www.hsymachinery.com\/#organization\",\"name\":\"HSY Construction Machinery\",\"url\":\"https:\/\/www.hsymachinery.com\/\",\"logo\":{\"@type\":\"ImageObject\",\"inLanguage\":\"pl-PL\",\"@id\":\"https:\/\/www.hsymachinery.com\/#\/schema\/logo\/image\/\",\"url\":\"https:\/\/www.hsymachinery.com\/wp-content\/uploads\/2025\/06\/cropped-HSY-machinery.png\",\"contentUrl\":\"https:\/\/www.hsymachinery.com\/wp-content\/uploads\/2025\/06\/cropped-HSY-machinery.png\",\"width\":600,\"height\":240,\"caption\":\"HSY Construction Machinery\"},\"image\":{\"@id\":\"https:\/\/www.hsymachinery.com\/#\/schema\/logo\/image\/\"}}]}<\/script>\n<!-- \/ Yoast SEO plugin. -->","yoast_head_json":{"title":"Zacieraczka samojezdna PTR-H100 - HSY Construction Machinery","description":"Zacieraczka samojezdna PTR-H100 z ostrzami o d\u0142ugo\u015bci 100 cm i silnikiem Honda zapewnia wydajne, wysokowydajne wyko\u0144czenie przemys\u0142owych posadzek betonowych.","robots":{"index":"index","follow":"follow","max-snippet":"max-snippet:-1","max-image-preview":"max-image-preview:large","max-video-preview":"max-video-preview:-1"},"canonical":"https:\/\/www.hsymachinery.com\/pl\/product\/zacieraczka-samojezdna-ptr-h100\/","og_locale":"pl_PL","og_type":"article","og_title":"Ride-On Power Trowel PTR-H100 - HSY Construction Machinery","og_description":"PTR-H100 ride-on power trowel with 100 cm blades and Honda engine delivers efficient, high-performance slab finishing for industrial concrete floors.","og_url":"https:\/\/www.hsymachinery.com\/pl\/product\/zacieraczka-samojezdna-ptr-h100\/","og_site_name":"HSY Construction Machinery","article_modified_time":"2025-06-28T15:53:29+00:00","og_image":[{"width":800,"height":800,"url":"https:\/\/www.hsymachinery.com\/wp-content\/uploads\/2025\/06\/Ride-On-Power-Trowel-PTR-H100.jpg","type":"image\/jpeg"}],"twitter_card":"summary_large_image","twitter_misc":{"Szacowany czas czytania":"2 minuty"},"schema":{"@context":"https:\/\/schema.org","@graph":[{"@type":"WebPage","@id":"https:\/\/www.hsymachinery.com\/product\/ride-on-power-trowel-ptr-h100\/","url":"https:\/\/www.hsymachinery.com\/product\/ride-on-power-trowel-ptr-h100\/","name":"Zacieraczka samojezdna PTR-H100 - HSY Construction Machinery","isPartOf":{"@id":"https:\/\/www.hsymachinery.com\/#website"},"primaryImageOfPage":{"@id":"https:\/\/www.hsymachinery.com\/product\/ride-on-power-trowel-ptr-h100\/#primaryimage"},"image":{"@id":"https:\/\/www.hsymachinery.com\/product\/ride-on-power-trowel-ptr-h100\/#primaryimage"},"thumbnailUrl":"https:\/\/www.hsymachinery.com\/wp-content\/uploads\/2025\/06\/Ride-On-Power-Trowel-PTR-H100.jpg","datePublished":"2025-06-18T13:19:30+00:00","dateModified":"2025-06-28T15:53:29+00:00","description":"Zacieraczka samojezdna PTR-H100 z ostrzami o d\u0142ugo\u015bci 100 cm i silnikiem Honda zapewnia wydajne, wysokowydajne wyko\u0144czenie przemys\u0142owych posadzek betonowych.","breadcrumb":{"@id":"https:\/\/www.hsymachinery.com\/product\/ride-on-power-trowel-ptr-h100\/#breadcrumb"},"inLanguage":"pl-PL","potentialAction":[{"@type":"ReadAction","target":["https:\/\/www.hsymachinery.com\/product\/ride-on-power-trowel-ptr-h100\/"]}]},{"@type":"ImageObject","inLanguage":"pl-PL","@id":"https:\/\/www.hsymachinery.com\/product\/ride-on-power-trowel-ptr-h100\/#primaryimage","url":"https:\/\/www.hsymachinery.com\/wp-content\/uploads\/2025\/06\/Ride-On-Power-Trowel-PTR-H100.jpg","contentUrl":"https:\/\/www.hsymachinery.com\/wp-content\/uploads\/2025\/06\/Ride-On-Power-Trowel-PTR-H100.jpg","width":800,"height":800},{"@type":"BreadcrumbList","@id":"https:\/\/www.hsymachinery.com\/product\/ride-on-power-trowel-ptr-h100\/#breadcrumb","itemListElement":[{"@type":"ListItem","position":1,"name":"home","item":"https:\/\/www.hsymachinery.com\/"},{"@type":"ListItem","position":2,"name":"products","item":"https:\/\/www.hsymachinery.com\/products\/"},{"@type":"ListItem","position":3,"name":"Ride-On Power Trowel PTR-H100"}]},{"@type":"WebSite","@id":"https:\/\/www.hsymachinery.com\/#website","url":"https:\/\/www.hsymachinery.com\/","name":"HSY Construction Machinery","description":"HSY Machinery - wiod\u0105cy chi\u0144ski dostawca maszyn budowlanych, oferuj\u0105cy szerok\u0105 gam\u0119 lekkiego sprz\u0119tu budowlanego. Nasze g\u0142\u00f3wne produkty to maszyna do ci\u0119cia pr\u0119t\u00f3w zbrojeniowych, maszyna do gi\u0119cia pr\u0119t\u00f3w zbrojeniowych, maszyna do gi\u0119cia strzemion pr\u0119t\u00f3w zbrojeniowych, maszyna do gi\u0119cia \u0142uk\u00f3w pr\u0119t\u00f3w zbrojeniowych, maszyna do prostowania pr\u0119t\u00f3w zbrojeniowych, pi\u0119ciog\u0142owicowa maszyna do gi\u0119cia strzemion pr\u0119t\u00f3w zbrojeniowych, ubijak, zag\u0119szczarka p\u0142ytowa, przecinarka do betonu, zacieraczka mechaniczna i inne maszyny budowlane. Jeste\u015bmy wyposa\u017ceni w zaawansowane maszyny CNC i egzekwujemy surowe standardy kontroli jako\u015bci wraz z kompleksow\u0105 obs\u0142ug\u0105 posprzeda\u017cn\u0105. Je\u015bli jeste\u015b zainteresowany naszymi produktami lub us\u0142ugami, serdecznie zapraszamy do sk\u0142adania zapyta\u0144 za po\u015brednictwem wiadomo\u015bci.","publisher":{"@id":"https:\/\/www.hsymachinery.com\/#organization"},"potentialAction":[{"@type":"SearchAction","target":{"@type":"EntryPoint","urlTemplate":"https:\/\/www.hsymachinery.com\/?s={search_term_string}"},"query-input":{"@type":"PropertyValueSpecification","valueRequired":true,"valueName":"search_term_string"}}],"inLanguage":"pl-PL"},{"@type":"Organization","@id":"https:\/\/www.hsymachinery.com\/#organization","name":"HSY Construction Machinery","url":"https:\/\/www.hsymachinery.com\/","logo":{"@type":"ImageObject","inLanguage":"pl-PL","@id":"https:\/\/www.hsymachinery.com\/#\/schema\/logo\/image\/","url":"https:\/\/www.hsymachinery.com\/wp-content\/uploads\/2025\/06\/cropped-HSY-machinery.png","contentUrl":"https:\/\/www.hsymachinery.com\/wp-content\/uploads\/2025\/06\/cropped-HSY-machinery.png","width":600,"height":240,"caption":"HSY Construction Machinery"},"image":{"@id":"https:\/\/www.hsymachinery.com\/#\/schema\/logo\/image\/"}}]}},"_links":{"self":[{"href":"https:\/\/www.hsymachinery.com\/pl\/wp-json\/wp\/v2\/product\/9232","targetHints":{"allow":["GET"]}}],"collection":[{"href":"https:\/\/www.hsymachinery.com\/pl\/wp-json\/wp\/v2\/product"}],"about":[{"href":"https:\/\/www.hsymachinery.com\/pl\/wp-json\/wp\/v2\/types\/product"}],"version-history":[{"count":3,"href":"https:\/\/www.hsymachinery.com\/pl\/wp-json\/wp\/v2\/product\/9232\/revisions"}],"predecessor-version":[{"id":9624,"href":"https:\/\/www.hsymachinery.com\/pl\/wp-json\/wp\/v2\/product\/9232\/revisions\/9624"}],"wp:featuredmedia":[{"embeddable":true,"href":"https:\/\/www.hsymachinery.com\/pl\/wp-json\/wp\/v2\/media\/9233"}],"wp:attachment":[{"href":"https:\/\/www.hsymachinery.com\/pl\/wp-json\/wp\/v2\/media?parent=9232"}],"wp:term":[{"taxonomy":"product_brand","embeddable":true,"href":"https:\/\/www.hsymachinery.com\/pl\/wp-json\/wp\/v2\/product_brand?post=9232"},{"taxonomy":"product_cat","embeddable":true,"href":"https:\/\/www.hsymachinery.com\/pl\/wp-json\/wp\/v2\/product_cat?post=9232"},{"taxonomy":"product_tag","embeddable":true,"href":"https:\/\/www.hsymachinery.com\/pl\/wp-json\/wp\/v2\/product_tag?post=9232"}],"curies":[{"name":"wp","href":"https:\/\/api.w.org\/{rel}","templated":true}]}}