{"id":9229,"date":"2025-06-18T21:17:54","date_gmt":"2025-06-18T13:17:54","guid":{"rendered":"https:\/\/www.hsymachinery.com\/?post_type=product&#038;p=9229"},"modified":"2025-06-28T23:48:37","modified_gmt":"2025-06-28T15:48:37","slug":"zacieraczka-samojezdna-ptr-l100","status":"publish","type":"product","link":"https:\/\/www.hsymachinery.com\/pl\/product\/zacieraczka-samojezdna-ptr-l100\/","title":{"rendered":"Zacieraczka samojezdna PTR-L100"},"content":{"rendered":"<h2 data-start=\"139\" data-end=\"176\">Zacieraczka samojezdna PTR-L100<\/h2>\n<h3 data-start=\"177\" data-end=\"289\">Samojezdna zacieraczka do betonu PTR-L100 z silnikiem Longxin | Wyko\u0144czenie o du\u017cej \u015brednicy dla projekt\u00f3w p\u0142yt przemys\u0142owych<\/h3>\n<h3 data-start=\"296\" data-end=\"398\">Opis produktu - Kielnia samojezdna Longxin do wydajnego wyka\u0144czania du\u017cych p\u0142yt betonowych<a href=\"https:\/\/www.hsymachinery.com\/pl\/produkty\/zacieraczka-samojezdna\/\" target=\"_blank\" rel=\"noopener\"><img fetchpriority=\"high\" decoding=\"async\" class=\"wp-image-9616 alignright\" src=\"https:\/\/www.hsymachinery.com\/wp-content\/uploads\/2025\/06\/Sitting-Type-Power-Trowel-209x300.jpg\" alt=\"\" width=\"451\" height=\"647\" srcset=\"https:\/\/www.hsymachinery.com\/wp-content\/uploads\/2025\/06\/Sitting-Type-Power-Trowel-209x300.jpg 209w, https:\/\/www.hsymachinery.com\/wp-content\/uploads\/2025\/06\/Sitting-Type-Power-Trowel-713x1024.jpg 713w, https:\/\/www.hsymachinery.com\/wp-content\/uploads\/2025\/06\/Sitting-Type-Power-Trowel-768x1103.jpg 768w, https:\/\/www.hsymachinery.com\/wp-content\/uploads\/2025\/06\/Sitting-Type-Power-Trowel-600x862.jpg 600w, https:\/\/www.hsymachinery.com\/wp-content\/uploads\/2025\/06\/Sitting-Type-Power-Trowel.jpg 800w\" sizes=\"(max-width: 451px) 100vw, 451px\" \/><\/a><\/h3>\n<p data-start=\"400\" data-end=\"713\">The <strong data-start=\"404\" data-end=\"437\">PTR-L100 Zacieraczka samojezdna<\/strong> to maszyna do wyka\u0144czania betonu o du\u017cej \u015brednicy, nap\u0119dzana niezawodnym silnikiem benzynowym Longxin. Dzi\u0119ki zwi\u0119kszonemu zasi\u0119gowi i lepszej zwrotno\u015bci, model ten jest idealny dla wykonawc\u00f3w pracuj\u0105cych na du\u017cych powierzchniach p\u0142yt, gdzie wydajno\u015b\u0107 i sp\u00f3jno\u015b\u0107 maj\u0105 najwi\u0119ksze znaczenie.<\/p>\n<p data-start=\"715\" data-end=\"1068\">Maszyna jest wyposa\u017cona w dwutarczowy system ostrzy o d\u0142ugo\u015bci 100 cm, umo\u017cliwiaj\u0105cy szersze pokrycie w mniejszej liczbie przejazd\u00f3w. Nie tylko skraca to czas pracy, ale tak\u017ce zapewnia g\u0142adk\u0105, r\u00f3wn\u0105 powierzchni\u0119 betonu. Je\u017cd\u017c\u0105cy system sterowania zapewnia lepszy komfort i widoczno\u015b\u0107, a kompaktowa konstrukcja uk\u0142adu kierowniczego poprawia prowadzenie na szerokich betonowych odcinkach.<\/p>\n<p data-start=\"1070\" data-end=\"1467\">Dzi\u0119ki silnikowi Longxin, PTR-L100 pracuje stabilnie i zapewnia wysoki moment obrotowy przy doskona\u0142ej wydajno\u015bci paliwowej. Operatorzy mog\u0105 \u0142atwo regulowa\u0107 nachylenie ostrza, aby prze\u0142\u0105cza\u0107 si\u0119 mi\u0119dzy p\u0142ywaj\u0105cym a poleruj\u0105cym, w zale\u017cno\u015bci od stanu p\u0142yty. Tymczasem solidna stalowa rama maszyny, wytrzyma\u0142a skrzynia bieg\u00f3w i fotel antywibracyjny pomagaj\u0105 utrzyma\u0107 stabilno\u015b\u0107 operatora i zmniejszy\u0107 zu\u017cycie.<\/p>\n<p data-start=\"1469\" data-end=\"1651\">Idealna do wyka\u0144czania pod\u0142\u00f3g w fabrykach, du\u017cych magazynach i placach handlowych, ta zacieraczka samojezdna zapewnia profesjonalny efekt na ka\u017cdym metrze kwadratowym betonu.<\/p>\n<h3 data-start=\"1658\" data-end=\"1711\">Kluczowe cechy zacieraczki do betonu PTR-L100<\/h3>\n<ul data-start=\"1713\" data-end=\"2098\">\n<li data-start=\"1713\" data-end=\"1773\">\n<p data-start=\"1715\" data-end=\"1773\">Tarcza o \u015brednicy 100 cm do szybkiego i wydajnego wyka\u0144czania p\u0142yt<\/p>\n<\/li>\n<li data-start=\"1774\" data-end=\"1842\">\n<p data-start=\"1776\" data-end=\"1842\">Silnik benzynowy Longxin oferuje pot\u0119\u017cn\u0105 i niezawodn\u0105 wydajno\u015b\u0107<\/p>\n<\/li>\n<li data-start=\"1843\" data-end=\"1899\">\n<p data-start=\"1845\" data-end=\"1899\">Konstrukcja jezdna zwi\u0119ksza komfort i zmniejsza zm\u0119czenie<\/p>\n<\/li>\n<li data-start=\"1900\" data-end=\"1968\">\n<p data-start=\"1902\" data-end=\"1968\">Ostrza o regulowanym skoku zapewniaj\u0105 lepsz\u0105 kontrol\u0119 nad jako\u015bci\u0105 wyko\u0144czenia<\/p>\n<\/li>\n<li data-start=\"1969\" data-end=\"2033\">\n<p data-start=\"1971\" data-end=\"2033\">Wytrzyma\u0142a rama i wzmocniona przek\u0142adnia zapewniaj\u0105 d\u0142u\u017csz\u0105 \u017cywotno\u015b\u0107<\/p>\n<\/li>\n<li data-start=\"2034\" data-end=\"2098\">\n<p data-start=\"2036\" data-end=\"2098\">Nadaje si\u0119 do du\u017cych zada\u0144 zwi\u0105zanych z posadzkami betonowymi wewn\u0105trz i na zewn\u0105trz budynk\u00f3w<\/p>\n<\/li>\n<\/ul>\n<h3 data-start=\"2105\" data-end=\"2198\">Zastosowania - Zaprojektowany dla magazyn\u00f3w przemys\u0142owych, warsztat\u00f3w i du\u017cych powierzchni betonowych<\/h3>\n<p data-start=\"2200\" data-end=\"2428\">PTR-L100 jest idealna dla profesjonalist\u00f3w pracuj\u0105cych przy posadzkach przemys\u0142owych, p\u0142ytach gara\u017cowych i parkingach. R\u00f3wnowaga mi\u0119dzy moc\u0105, rozmiarem i komfortem operatora sprawia, \u017ce jest to idealna maszyna do wyka\u0144czania betonu na du\u017c\u0105 skal\u0119.<\/p>\n<p><iframe title=\"zacieraczka mechaniczna, zacieraczka samojezdna, zacieraczka r\u0119czna, zacieraczka, beton\" width=\"720\" height=\"405\" src=\"https:\/\/www.youtube.com\/embed\/f6bzSaqMaws?feature=oembed\" frameborder=\"0\" allow=\"accelerometer; autoplay; clipboard-write; encrypted-media; gyroscope; picture-in-picture; web-share\" referrerpolicy=\"strict-origin-when-cross-origin\" allowfullscreen><\/iframe><\/p>","protected":false},"excerpt":{"rendered":"<p>Zacieraczka samojezdna PTR-L100 z silnikiem Longxin zapewnia szerokie pokrycie 100 cm i wydajn\u0105 prac\u0119 na du\u017cych p\u0142ytach betonowych. Niezawodny wyb\u00f3r do pod\u0142\u00f3g komercyjnych.<\/p>","protected":false},"featured_media":9230,"template":"","meta":{"_kad_post_transparent":"default","_kad_post_title":"","_kad_post_layout":"default","_kad_post_sidebar_id":"","_kad_post_content_style":"default","_kad_post_vertical_padding":"default","_kad_post_feature":"","_kad_post_feature_position":"","_kad_post_header":false,"_kad_post_footer":false},"product_brand":[],"product_cat":[58],"product_tag":[1093,1094,1098,1091,1096,1092,1097,1099,1095,1100],"class_list":{"0":"post-9229","1":"product","2":"type-product","3":"status-publish","4":"has-post-thumbnail","6":"product_cat-ride-on-power-trowel","7":"product_tag-concrete-ride-on-trowel","8":"product_tag-concrete-ride-on-trowel-machine","9":"product_tag-concrete-surface-finishing-trowel","10":"product_tag-double-disc-ride-on-power-trowel","11":"product_tag-double-rotor-power-trowel","12":"product_tag-gasoline-ride-on-power-trowel","13":"product_tag-heavy-duty-ride-on-trowel","14":"product_tag-hydraulic-ride-on-trowel","15":"product_tag-ride-on-concrete-finishing-machine","16":"product_tag-ride-on-floor-trowel","18":"first","19":"instock","20":"shipping-taxable","21":"product-type-simple","22":"entry","23":"content-bg","24":"loop-entry"},"yoast_head":"<!-- This site is optimized with the Yoast SEO plugin v25.3.1 - https:\/\/yoast.com\/wordpress\/plugins\/seo\/ -->\n<title>Ride-On Power Trowel PTR-L100 - HSY Construction Machinery<\/title>\n<meta name=\"description\" content=\"PTR-L100 ride-on concrete trowel features a Longxin engine and 100 cm dual disc for fast, consistent finishing on industrial concrete floors.Ride-On Power Trowel PTR-L100\" \/>\n<meta name=\"robots\" content=\"index, follow, max-snippet:-1, max-image-preview:large, max-video-preview:-1\" \/>\n<link rel=\"canonical\" href=\"https:\/\/www.hsymachinery.com\/pl\/product\/zacieraczka-samojezdna-ptr-l100\/\" \/>\n<meta property=\"og:locale\" content=\"pl_PL\" \/>\n<meta property=\"og:type\" content=\"article\" \/>\n<meta property=\"og:title\" content=\"Ride-On Power Trowel PTR-L100 - HSY Construction Machinery\" \/>\n<meta property=\"og:description\" content=\"PTR-L100 ride-on concrete trowel features a Longxin engine and 100 cm dual disc for fast, consistent finishing on industrial concrete floors.Ride-On Power Trowel PTR-L100\" \/>\n<meta property=\"og:url\" content=\"https:\/\/www.hsymachinery.com\/pl\/product\/zacieraczka-samojezdna-ptr-l100\/\" \/>\n<meta property=\"og:site_name\" content=\"HSY Construction Machinery\" \/>\n<meta property=\"article:modified_time\" content=\"2025-06-28T15:48:37+00:00\" \/>\n<meta property=\"og:image\" content=\"https:\/\/www.hsymachinery.com\/wp-content\/uploads\/2025\/06\/Ride-On-Power-Trowel-PTR-L100.jpg\" \/>\n\t<meta property=\"og:image:width\" content=\"800\" \/>\n\t<meta property=\"og:image:height\" content=\"800\" \/>\n\t<meta property=\"og:image:type\" content=\"image\/jpeg\" \/>\n<meta name=\"twitter:card\" content=\"summary_large_image\" \/>\n<meta name=\"twitter:label1\" content=\"Szacowany czas czytania\" \/>\n\t<meta name=\"twitter:data1\" content=\"2 minuty\" \/>\n<script type=\"application\/ld+json\" class=\"yoast-schema-graph\">{\"@context\":\"https:\/\/schema.org\",\"@graph\":[{\"@type\":\"WebPage\",\"@id\":\"https:\/\/www.hsymachinery.com\/product\/ride-on-power-trowel-ptr-l100\/\",\"url\":\"https:\/\/www.hsymachinery.com\/product\/ride-on-power-trowel-ptr-l100\/\",\"name\":\"Ride-On Power Trowel PTR-L100 - HSY Construction Machinery\",\"isPartOf\":{\"@id\":\"https:\/\/www.hsymachinery.com\/#website\"},\"primaryImageOfPage\":{\"@id\":\"https:\/\/www.hsymachinery.com\/product\/ride-on-power-trowel-ptr-l100\/#primaryimage\"},\"image\":{\"@id\":\"https:\/\/www.hsymachinery.com\/product\/ride-on-power-trowel-ptr-l100\/#primaryimage\"},\"thumbnailUrl\":\"https:\/\/www.hsymachinery.com\/wp-content\/uploads\/2025\/06\/Ride-On-Power-Trowel-PTR-L100.jpg\",\"datePublished\":\"2025-06-18T13:17:54+00:00\",\"dateModified\":\"2025-06-28T15:48:37+00:00\",\"description\":\"PTR-L100 ride-on concrete trowel features a Longxin engine and 100 cm dual disc for fast, consistent finishing on industrial concrete floors.Ride-On Power Trowel PTR-L100\",\"breadcrumb\":{\"@id\":\"https:\/\/www.hsymachinery.com\/product\/ride-on-power-trowel-ptr-l100\/#breadcrumb\"},\"inLanguage\":\"pl-PL\",\"potentialAction\":[{\"@type\":\"ReadAction\",\"target\":[\"https:\/\/www.hsymachinery.com\/product\/ride-on-power-trowel-ptr-l100\/\"]}]},{\"@type\":\"ImageObject\",\"inLanguage\":\"pl-PL\",\"@id\":\"https:\/\/www.hsymachinery.com\/product\/ride-on-power-trowel-ptr-l100\/#primaryimage\",\"url\":\"https:\/\/www.hsymachinery.com\/wp-content\/uploads\/2025\/06\/Ride-On-Power-Trowel-PTR-L100.jpg\",\"contentUrl\":\"https:\/\/www.hsymachinery.com\/wp-content\/uploads\/2025\/06\/Ride-On-Power-Trowel-PTR-L100.jpg\",\"width\":800,\"height\":800},{\"@type\":\"BreadcrumbList\",\"@id\":\"https:\/\/www.hsymachinery.com\/product\/ride-on-power-trowel-ptr-l100\/#breadcrumb\",\"itemListElement\":[{\"@type\":\"ListItem\",\"position\":1,\"name\":\"home\",\"item\":\"https:\/\/www.hsymachinery.com\/\"},{\"@type\":\"ListItem\",\"position\":2,\"name\":\"products\",\"item\":\"https:\/\/www.hsymachinery.com\/products\/\"},{\"@type\":\"ListItem\",\"position\":3,\"name\":\"Ride-On Power Trowel PTR-L100\"}]},{\"@type\":\"WebSite\",\"@id\":\"https:\/\/www.hsymachinery.com\/#website\",\"url\":\"https:\/\/www.hsymachinery.com\/\",\"name\":\"HSY Construction Machinery\",\"description\":\"HSY Machinery \u2013 A leading China construction machinery supplier, offering a wide range of light construction equipment. Our main products include Rebar Cutting Machine, Rebar Bending Machine, Rebar Stirrup Bending Machine, Rebar Arc Bending Machine, Rebar Straightening Machine, Five-Head Rebar Stirrup Bending Machine, Tamping Rammer, Plate Compactor, Concrete Cutter, Power Trowel, and other construction machinery. We are equipped with advanced CNC machines, and we enforce strict quality inspection standards along with comprehensive after-sales service. If you are interested in our products or services, we warmly welcome your inquiries via message.\",\"publisher\":{\"@id\":\"https:\/\/www.hsymachinery.com\/#organization\"},\"potentialAction\":[{\"@type\":\"SearchAction\",\"target\":{\"@type\":\"EntryPoint\",\"urlTemplate\":\"https:\/\/www.hsymachinery.com\/?s={search_term_string}\"},\"query-input\":{\"@type\":\"PropertyValueSpecification\",\"valueRequired\":true,\"valueName\":\"search_term_string\"}}],\"inLanguage\":\"pl-PL\"},{\"@type\":\"Organization\",\"@id\":\"https:\/\/www.hsymachinery.com\/#organization\",\"name\":\"HSY Construction Machinery\",\"url\":\"https:\/\/www.hsymachinery.com\/\",\"logo\":{\"@type\":\"ImageObject\",\"inLanguage\":\"pl-PL\",\"@id\":\"https:\/\/www.hsymachinery.com\/#\/schema\/logo\/image\/\",\"url\":\"https:\/\/www.hsymachinery.com\/wp-content\/uploads\/2025\/06\/cropped-HSY-machinery.png\",\"contentUrl\":\"https:\/\/www.hsymachinery.com\/wp-content\/uploads\/2025\/06\/cropped-HSY-machinery.png\",\"width\":600,\"height\":240,\"caption\":\"HSY Construction Machinery\"},\"image\":{\"@id\":\"https:\/\/www.hsymachinery.com\/#\/schema\/logo\/image\/\"}}]}<\/script>\n<!-- \/ Yoast SEO plugin. -->","yoast_head_json":{"title":"Zacieraczka samojezdna PTR-L100 - HSY Construction Machinery","description":"Zacieraczka samojezdna do betonu PTR-L100 jest wyposa\u017cona w silnik Longxin i podw\u00f3jn\u0105 tarcz\u0119 o d\u0142ugo\u015bci 100 cm do szybkiego i sp\u00f3jnego wyka\u0144czania przemys\u0142owych posadzek betonowych.Zacieraczka samojezdna PTR-L100","robots":{"index":"index","follow":"follow","max-snippet":"max-snippet:-1","max-image-preview":"max-image-preview:large","max-video-preview":"max-video-preview:-1"},"canonical":"https:\/\/www.hsymachinery.com\/pl\/product\/zacieraczka-samojezdna-ptr-l100\/","og_locale":"pl_PL","og_type":"article","og_title":"Ride-On Power Trowel PTR-L100 - HSY Construction Machinery","og_description":"PTR-L100 ride-on concrete trowel features a Longxin engine and 100 cm dual disc for fast, consistent finishing on industrial concrete floors.Ride-On Power Trowel PTR-L100","og_url":"https:\/\/www.hsymachinery.com\/pl\/product\/zacieraczka-samojezdna-ptr-l100\/","og_site_name":"HSY Construction Machinery","article_modified_time":"2025-06-28T15:48:37+00:00","og_image":[{"width":800,"height":800,"url":"https:\/\/www.hsymachinery.com\/wp-content\/uploads\/2025\/06\/Ride-On-Power-Trowel-PTR-L100.jpg","type":"image\/jpeg"}],"twitter_card":"summary_large_image","twitter_misc":{"Szacowany czas czytania":"2 minuty"},"schema":{"@context":"https:\/\/schema.org","@graph":[{"@type":"WebPage","@id":"https:\/\/www.hsymachinery.com\/product\/ride-on-power-trowel-ptr-l100\/","url":"https:\/\/www.hsymachinery.com\/product\/ride-on-power-trowel-ptr-l100\/","name":"Zacieraczka samojezdna PTR-L100 - HSY Construction Machinery","isPartOf":{"@id":"https:\/\/www.hsymachinery.com\/#website"},"primaryImageOfPage":{"@id":"https:\/\/www.hsymachinery.com\/product\/ride-on-power-trowel-ptr-l100\/#primaryimage"},"image":{"@id":"https:\/\/www.hsymachinery.com\/product\/ride-on-power-trowel-ptr-l100\/#primaryimage"},"thumbnailUrl":"https:\/\/www.hsymachinery.com\/wp-content\/uploads\/2025\/06\/Ride-On-Power-Trowel-PTR-L100.jpg","datePublished":"2025-06-18T13:17:54+00:00","dateModified":"2025-06-28T15:48:37+00:00","description":"Zacieraczka samojezdna do betonu PTR-L100 jest wyposa\u017cona w silnik Longxin i podw\u00f3jn\u0105 tarcz\u0119 o d\u0142ugo\u015bci 100 cm do szybkiego i sp\u00f3jnego wyka\u0144czania przemys\u0142owych posadzek betonowych.Zacieraczka samojezdna PTR-L100","breadcrumb":{"@id":"https:\/\/www.hsymachinery.com\/product\/ride-on-power-trowel-ptr-l100\/#breadcrumb"},"inLanguage":"pl-PL","potentialAction":[{"@type":"ReadAction","target":["https:\/\/www.hsymachinery.com\/product\/ride-on-power-trowel-ptr-l100\/"]}]},{"@type":"ImageObject","inLanguage":"pl-PL","@id":"https:\/\/www.hsymachinery.com\/product\/ride-on-power-trowel-ptr-l100\/#primaryimage","url":"https:\/\/www.hsymachinery.com\/wp-content\/uploads\/2025\/06\/Ride-On-Power-Trowel-PTR-L100.jpg","contentUrl":"https:\/\/www.hsymachinery.com\/wp-content\/uploads\/2025\/06\/Ride-On-Power-Trowel-PTR-L100.jpg","width":800,"height":800},{"@type":"BreadcrumbList","@id":"https:\/\/www.hsymachinery.com\/product\/ride-on-power-trowel-ptr-l100\/#breadcrumb","itemListElement":[{"@type":"ListItem","position":1,"name":"home","item":"https:\/\/www.hsymachinery.com\/"},{"@type":"ListItem","position":2,"name":"products","item":"https:\/\/www.hsymachinery.com\/products\/"},{"@type":"ListItem","position":3,"name":"Ride-On Power Trowel PTR-L100"}]},{"@type":"WebSite","@id":"https:\/\/www.hsymachinery.com\/#website","url":"https:\/\/www.hsymachinery.com\/","name":"HSY Construction Machinery","description":"HSY Machinery - wiod\u0105cy chi\u0144ski dostawca maszyn budowlanych, oferuj\u0105cy szerok\u0105 gam\u0119 lekkiego sprz\u0119tu budowlanego. Nasze g\u0142\u00f3wne produkty to maszyna do ci\u0119cia pr\u0119t\u00f3w zbrojeniowych, maszyna do gi\u0119cia pr\u0119t\u00f3w zbrojeniowych, maszyna do gi\u0119cia strzemion pr\u0119t\u00f3w zbrojeniowych, maszyna do gi\u0119cia \u0142uk\u00f3w pr\u0119t\u00f3w zbrojeniowych, maszyna do prostowania pr\u0119t\u00f3w zbrojeniowych, pi\u0119ciog\u0142owicowa maszyna do gi\u0119cia strzemion pr\u0119t\u00f3w zbrojeniowych, ubijak, zag\u0119szczarka p\u0142ytowa, przecinarka do betonu, zacieraczka mechaniczna i inne maszyny budowlane. Jeste\u015bmy wyposa\u017ceni w zaawansowane maszyny CNC i egzekwujemy surowe standardy kontroli jako\u015bci wraz z kompleksow\u0105 obs\u0142ug\u0105 posprzeda\u017cn\u0105. Je\u015bli jeste\u015b zainteresowany naszymi produktami lub us\u0142ugami, serdecznie zapraszamy do sk\u0142adania zapyta\u0144 za po\u015brednictwem wiadomo\u015bci.","publisher":{"@id":"https:\/\/www.hsymachinery.com\/#organization"},"potentialAction":[{"@type":"SearchAction","target":{"@type":"EntryPoint","urlTemplate":"https:\/\/www.hsymachinery.com\/?s={search_term_string}"},"query-input":{"@type":"PropertyValueSpecification","valueRequired":true,"valueName":"search_term_string"}}],"inLanguage":"pl-PL"},{"@type":"Organization","@id":"https:\/\/www.hsymachinery.com\/#organization","name":"HSY Construction Machinery","url":"https:\/\/www.hsymachinery.com\/","logo":{"@type":"ImageObject","inLanguage":"pl-PL","@id":"https:\/\/www.hsymachinery.com\/#\/schema\/logo\/image\/","url":"https:\/\/www.hsymachinery.com\/wp-content\/uploads\/2025\/06\/cropped-HSY-machinery.png","contentUrl":"https:\/\/www.hsymachinery.com\/wp-content\/uploads\/2025\/06\/cropped-HSY-machinery.png","width":600,"height":240,"caption":"HSY Construction Machinery"},"image":{"@id":"https:\/\/www.hsymachinery.com\/#\/schema\/logo\/image\/"}}]}},"_links":{"self":[{"href":"https:\/\/www.hsymachinery.com\/pl\/wp-json\/wp\/v2\/product\/9229","targetHints":{"allow":["GET"]}}],"collection":[{"href":"https:\/\/www.hsymachinery.com\/pl\/wp-json\/wp\/v2\/product"}],"about":[{"href":"https:\/\/www.hsymachinery.com\/pl\/wp-json\/wp\/v2\/types\/product"}],"version-history":[{"count":2,"href":"https:\/\/www.hsymachinery.com\/pl\/wp-json\/wp\/v2\/product\/9229\/revisions"}],"predecessor-version":[{"id":9622,"href":"https:\/\/www.hsymachinery.com\/pl\/wp-json\/wp\/v2\/product\/9229\/revisions\/9622"}],"wp:featuredmedia":[{"embeddable":true,"href":"https:\/\/www.hsymachinery.com\/pl\/wp-json\/wp\/v2\/media\/9230"}],"wp:attachment":[{"href":"https:\/\/www.hsymachinery.com\/pl\/wp-json\/wp\/v2\/media?parent=9229"}],"wp:term":[{"taxonomy":"product_brand","embeddable":true,"href":"https:\/\/www.hsymachinery.com\/pl\/wp-json\/wp\/v2\/product_brand?post=9229"},{"taxonomy":"product_cat","embeddable":true,"href":"https:\/\/www.hsymachinery.com\/pl\/wp-json\/wp\/v2\/product_cat?post=9229"},{"taxonomy":"product_tag","embeddable":true,"href":"https:\/\/www.hsymachinery.com\/pl\/wp-json\/wp\/v2\/product_tag?post=9229"}],"curies":[{"name":"wp","href":"https:\/\/api.w.org\/{rel}","templated":true}]}}