{"id":9214,"date":"2025-06-18T20:39:37","date_gmt":"2025-06-18T12:39:37","guid":{"rendered":"https:\/\/www.hsymachinery.com\/?post_type=product&#038;p=9214"},"modified":"2025-06-28T23:18:26","modified_gmt":"2025-06-28T15:18:26","slug":"zacieraczka-mechaniczna-pth-h100b","status":"publish","type":"product","link":"https:\/\/www.hsymachinery.com\/pl\/product\/zacieraczka-mechaniczna-pth-h100b\/","title":{"rendered":"Zacieraczka samojezdna PTH-H100B"},"content":{"rendered":"<h2 data-start=\"166\" data-end=\"208\">Zacieraczka samojezdna PTH-H100B<\/h2>\n<h3 data-start=\"209\" data-end=\"322\">Benzynowa zacieraczka do betonu PTH-H100B | Silnik Honda | Precyzyjne wyka\u0144czanie powierzchni du\u017cych p\u0142yt betonowych<\/h3>\n<h3 data-start=\"329\" data-end=\"437\">Opis produktu - Zacieraczka wyko\u0144czeniowa z silnikiem Hondy zapewnia doskona\u0142\u0105 wydajno\u015b\u0107 na du\u017cych powierzchniach betonowych<a href=\"https:\/\/www.hsymachinery.com\/pl\/produkty\/zacieraczka-mechaniczna\/\" target=\"_blank\" rel=\"noopener\"><img fetchpriority=\"high\" decoding=\"async\" class=\"wp-image-9215 alignright\" src=\"https:\/\/www.hsymachinery.com\/wp-content\/uploads\/2025\/06\/Walk-Behind-Power-Trowel-PTH-H100B-244x300.jpg\" alt=\"\" width=\"455\" height=\"559\" srcset=\"https:\/\/www.hsymachinery.com\/wp-content\/uploads\/2025\/06\/Walk-Behind-Power-Trowel-PTH-H100B-244x300.jpg 244w, https:\/\/www.hsymachinery.com\/wp-content\/uploads\/2025\/06\/Walk-Behind-Power-Trowel-PTH-H100B.jpg 600w\" sizes=\"(max-width: 455px) 100vw, 455px\" \/><\/a><\/h3>\n<p data-start=\"439\" data-end=\"790\">The <strong data-start=\"443\" data-end=\"481\">Zacieraczka samojezdna PTH-H100B<\/strong> to wytrzyma\u0142a maszyna do wyka\u0144czania betonu nap\u0119dzana solidnym i oszcz\u0119dnym silnikiem benzynowym Honda. Zaprojektowany z my\u015bl\u0105 o du\u017cych projektach, model ten \u0142\u0105czy w sobie moc, precyzj\u0119 i trwa\u0142o\u015b\u0107, co czyni go najlepszym wyborem dla profesjonalnych wykonawc\u00f3w poszukuj\u0105cych nieskazitelnych powierzchni betonowych.<\/p>\n<p data-start=\"792\" data-end=\"1164\">Model PTH-H100B o \u015brednicy zacierania 100 cm umo\u017cliwia operatorom wyka\u0144czanie du\u017cych powierzchni w kr\u00f3tszym czasie. Regulowany system skoku tarczy umo\u017cliwia \u0142atwe przej\u015bcie od zacierania do polerowania, zapewniaj\u0105c jednolite rezultaty przy ka\u017cdym przej\u015bciu. Wzmocniona przek\u0142adnia i wytrzyma\u0142e ramiona tarczy zapewniaj\u0105 d\u0142ugotrwa\u0142\u0105 niezawodno\u015b\u0107, nawet w trudnych warunkach na placu budowy.<\/p>\n<p data-start=\"1166\" data-end=\"1499\">Dodatkowo, silnik Hondy zapewnia p\u0142ynn\u0105, stabiln\u0105 prac\u0119 przy ni\u017cszej emisji spalin i lepszym zu\u017cyciu paliwa. Ergonomiczna konstrukcja uchwytu, wyposa\u017cona w uchwyty redukuj\u0105ce wibracje, pomaga zmniejszy\u0107 zm\u0119czenie operatora podczas d\u0142ugich zmian, a sk\u0142adana konstrukcja uchwytu u\u0142atwia transport i przechowywanie.<\/p>\n<p data-start=\"1501\" data-end=\"1698\">Model ten wyj\u0105tkowo dobrze sprawdza si\u0119 na posadzkach fabrycznych, du\u017cych p\u0142ytach zewn\u0119trznych, fundamentach komercyjnych i konstrukcjach parkingowych, gdzie niezb\u0119dna jest wytrzyma\u0142o\u015b\u0107 i sp\u00f3jno\u015b\u0107 wyko\u0144czenia.<\/p>\n<h3 data-start=\"1705\" data-end=\"1759\">Kluczowe cechy zacieraczki do betonu PTH-H100B<\/h3>\n<ul data-start=\"1761\" data-end=\"2125\">\n<li data-start=\"1761\" data-end=\"1823\">\n<p data-start=\"1763\" data-end=\"1823\">Wyposa\u017cony w mocny silnik Honda zapewniaj\u0105cy stabiln\u0105 prac\u0119<\/p>\n<\/li>\n<li data-start=\"1824\" data-end=\"1892\">\n<p data-start=\"1826\" data-end=\"1892\">Tarcza o \u015brednicy 100 cm zapewnia szybkie pokrycie i sp\u00f3jne wyko\u0144czenie<\/p>\n<\/li>\n<li data-start=\"1893\" data-end=\"1954\">\n<p data-start=\"1895\" data-end=\"1954\">Regulowany system nachylenia ostrza do kontroli tekstury powierzchni<\/p>\n<\/li>\n<li data-start=\"1955\" data-end=\"2008\">\n<p data-start=\"1957\" data-end=\"2008\">Ergonomiczny, antywibracyjny uchwyt dla wygody u\u017cytkownika<\/p>\n<\/li>\n<li data-start=\"2009\" data-end=\"2065\">\n<p data-start=\"2011\" data-end=\"2065\">Wytrzyma\u0142a konstrukcja ze wzmocnion\u0105 przek\u0142adni\u0105 i ramionami<\/p>\n<\/li>\n<li data-start=\"2066\" data-end=\"2125\">\n<p data-start=\"2068\" data-end=\"2125\">Najlepsza do przemys\u0142owych i komercyjnych zada\u0144 zwi\u0105zanych z wyka\u0144czaniem p\u0142yt<\/p>\n<\/li>\n<\/ul>\n<h3 data-start=\"2132\" data-end=\"2212\">Zastosowania - doskona\u0142e do fabryk, podjazd\u00f3w, magazyn\u00f3w i parking\u00f3w<\/h3>\n<p data-start=\"2214\" data-end=\"2481\">PTH-H100B jest idealna dla profesjonalist\u00f3w pracuj\u0105cych na du\u017cych powierzchniach betonowych w warunkach przemys\u0142owych lub komercyjnych. Wydajno\u015b\u0107 silnika i szerokie pokrycie sprawiaj\u0105, \u017ce nadaje si\u0119 do wyka\u0144czania betonu na du\u017c\u0105 skal\u0119 przy zachowaniu \u015bcis\u0142ych termin\u00f3w i standard\u00f3w jako\u015bci.<\/p>\n<p><iframe title=\"zacieraczka mechaniczna, zacieraczka r\u0119czna, zacieraczka, beton # zacieraczka #powertrowe#concrete\" width=\"720\" height=\"405\" src=\"https:\/\/www.youtube.com\/embed\/pa6AuNhMrwI?feature=oembed\" frameborder=\"0\" allow=\"accelerometer; autoplay; clipboard-write; encrypted-media; gyroscope; picture-in-picture; web-share\" referrerpolicy=\"strict-origin-when-cross-origin\" allowfullscreen><\/iframe><\/p>","protected":false},"excerpt":{"rendered":"<p>Zacieraczka mechaniczna PTH-H100B Honda z ostrzem 100 cm zapewnia g\u0142adkie, trwa\u0142e wyko\u0144czenie du\u017cych p\u0142yt betonowych. Idealna do fabryk, magazyn\u00f3w i parking\u00f3w.<\/p>","protected":false},"featured_media":9215,"template":"","meta":{"_kad_post_transparent":"default","_kad_post_title":"","_kad_post_layout":"default","_kad_post_sidebar_id":"","_kad_post_content_style":"default","_kad_post_vertical_padding":"default","_kad_post_feature":"","_kad_post_feature_position":"","_kad_post_header":false,"_kad_post_footer":false},"product_brand":[],"product_cat":[55],"product_tag":[1084,1083,1087,1081,1086,1085,1089,1088,1090,1082],"class_list":{"0":"post-9214","1":"product","2":"type-product","3":"status-publish","4":"has-post-thumbnail","6":"product_cat-walk-behind-power-trowel","7":"product_tag-cement-power-trowel","8":"product_tag-concrete-finishing-trowel","9":"product_tag-concrete-floor-finishing-machine","10":"product_tag-concrete-power-trowel","11":"product_tag-electric-walk-behind-trowel","12":"product_tag-gasoline-power-trowel","13":"product_tag-hand-operated-power-trowel","14":"product_tag-manual-power-trowel","15":"product_tag-walk-behind-concrete-finishing-machine","16":"product_tag-walk-behind-trowel-machine","18":"first","19":"instock","20":"shipping-taxable","21":"product-type-simple","22":"entry","23":"content-bg","24":"loop-entry"},"yoast_head":"<!-- This site is optimized with the Yoast SEO plugin v25.3.1 - https:\/\/yoast.com\/wordpress\/plugins\/seo\/ -->\n<title>Walk-Behind Power Trowel PTH-H100B - HSY Construction Machinery<\/title>\n<meta name=\"description\" content=\"PTH-H100B walk-behind concrete trowel with Honda engine offers wide 100 cm coverage, fuel efficiency, and durable performance for industrial concrete finishing.Walk-Behind Power Trowel PTH-H100B\" \/>\n<meta name=\"robots\" content=\"index, follow, max-snippet:-1, max-image-preview:large, max-video-preview:-1\" \/>\n<link rel=\"canonical\" href=\"https:\/\/www.hsymachinery.com\/pl\/product\/zacieraczka-mechaniczna-pth-h100b\/\" \/>\n<meta property=\"og:locale\" content=\"pl_PL\" \/>\n<meta property=\"og:type\" content=\"article\" \/>\n<meta property=\"og:title\" content=\"Walk-Behind Power Trowel PTH-H100B - HSY Construction Machinery\" \/>\n<meta property=\"og:description\" content=\"PTH-H100B walk-behind concrete trowel with Honda engine offers wide 100 cm coverage, fuel efficiency, and durable performance for industrial concrete finishing.Walk-Behind Power Trowel PTH-H100B\" \/>\n<meta property=\"og:url\" content=\"https:\/\/www.hsymachinery.com\/pl\/product\/zacieraczka-mechaniczna-pth-h100b\/\" \/>\n<meta property=\"og:site_name\" content=\"HSY Construction Machinery\" \/>\n<meta property=\"article:modified_time\" content=\"2025-06-28T15:18:26+00:00\" \/>\n<meta property=\"og:image\" content=\"https:\/\/www.hsymachinery.com\/wp-content\/uploads\/2025\/06\/Walk-Behind-Power-Trowel-PTH-H100B.jpg\" \/>\n\t<meta property=\"og:image:width\" content=\"600\" \/>\n\t<meta property=\"og:image:height\" content=\"738\" \/>\n\t<meta property=\"og:image:type\" content=\"image\/jpeg\" \/>\n<meta name=\"twitter:card\" content=\"summary_large_image\" \/>\n<meta name=\"twitter:label1\" content=\"Szacowany czas czytania\" \/>\n\t<meta name=\"twitter:data1\" content=\"2 minuty\" \/>\n<script type=\"application\/ld+json\" class=\"yoast-schema-graph\">{\"@context\":\"https:\/\/schema.org\",\"@graph\":[{\"@type\":\"WebPage\",\"@id\":\"https:\/\/www.hsymachinery.com\/product\/walk-behind-power-trowel-pth-h100b\/\",\"url\":\"https:\/\/www.hsymachinery.com\/product\/walk-behind-power-trowel-pth-h100b\/\",\"name\":\"Walk-Behind Power Trowel PTH-H100B - HSY Construction Machinery\",\"isPartOf\":{\"@id\":\"https:\/\/www.hsymachinery.com\/#website\"},\"primaryImageOfPage\":{\"@id\":\"https:\/\/www.hsymachinery.com\/product\/walk-behind-power-trowel-pth-h100b\/#primaryimage\"},\"image\":{\"@id\":\"https:\/\/www.hsymachinery.com\/product\/walk-behind-power-trowel-pth-h100b\/#primaryimage\"},\"thumbnailUrl\":\"https:\/\/www.hsymachinery.com\/wp-content\/uploads\/2025\/06\/Walk-Behind-Power-Trowel-PTH-H100B.jpg\",\"datePublished\":\"2025-06-18T12:39:37+00:00\",\"dateModified\":\"2025-06-28T15:18:26+00:00\",\"description\":\"PTH-H100B walk-behind concrete trowel with Honda engine offers wide 100 cm coverage, fuel efficiency, and durable performance for industrial concrete finishing.Walk-Behind Power Trowel PTH-H100B\",\"breadcrumb\":{\"@id\":\"https:\/\/www.hsymachinery.com\/product\/walk-behind-power-trowel-pth-h100b\/#breadcrumb\"},\"inLanguage\":\"pl-PL\",\"potentialAction\":[{\"@type\":\"ReadAction\",\"target\":[\"https:\/\/www.hsymachinery.com\/product\/walk-behind-power-trowel-pth-h100b\/\"]}]},{\"@type\":\"ImageObject\",\"inLanguage\":\"pl-PL\",\"@id\":\"https:\/\/www.hsymachinery.com\/product\/walk-behind-power-trowel-pth-h100b\/#primaryimage\",\"url\":\"https:\/\/www.hsymachinery.com\/wp-content\/uploads\/2025\/06\/Walk-Behind-Power-Trowel-PTH-H100B.jpg\",\"contentUrl\":\"https:\/\/www.hsymachinery.com\/wp-content\/uploads\/2025\/06\/Walk-Behind-Power-Trowel-PTH-H100B.jpg\",\"width\":600,\"height\":738},{\"@type\":\"BreadcrumbList\",\"@id\":\"https:\/\/www.hsymachinery.com\/product\/walk-behind-power-trowel-pth-h100b\/#breadcrumb\",\"itemListElement\":[{\"@type\":\"ListItem\",\"position\":1,\"name\":\"home\",\"item\":\"https:\/\/www.hsymachinery.com\/\"},{\"@type\":\"ListItem\",\"position\":2,\"name\":\"products\",\"item\":\"https:\/\/www.hsymachinery.com\/products\/\"},{\"@type\":\"ListItem\",\"position\":3,\"name\":\"Walk-Behind Power Trowel PTH-H100B\"}]},{\"@type\":\"WebSite\",\"@id\":\"https:\/\/www.hsymachinery.com\/#website\",\"url\":\"https:\/\/www.hsymachinery.com\/\",\"name\":\"HSY Construction Machinery\",\"description\":\"HSY Machinery \u2013 A leading China construction machinery supplier, offering a wide range of light construction equipment. Our main products include Rebar Cutting Machine, Rebar Bending Machine, Rebar Stirrup Bending Machine, Rebar Arc Bending Machine, Rebar Straightening Machine, Five-Head Rebar Stirrup Bending Machine, Tamping Rammer, Plate Compactor, Concrete Cutter, Power Trowel, and other construction machinery. We are equipped with advanced CNC machines, and we enforce strict quality inspection standards along with comprehensive after-sales service. If you are interested in our products or services, we warmly welcome your inquiries via message.\",\"publisher\":{\"@id\":\"https:\/\/www.hsymachinery.com\/#organization\"},\"potentialAction\":[{\"@type\":\"SearchAction\",\"target\":{\"@type\":\"EntryPoint\",\"urlTemplate\":\"https:\/\/www.hsymachinery.com\/?s={search_term_string}\"},\"query-input\":{\"@type\":\"PropertyValueSpecification\",\"valueRequired\":true,\"valueName\":\"search_term_string\"}}],\"inLanguage\":\"pl-PL\"},{\"@type\":\"Organization\",\"@id\":\"https:\/\/www.hsymachinery.com\/#organization\",\"name\":\"HSY Construction Machinery\",\"url\":\"https:\/\/www.hsymachinery.com\/\",\"logo\":{\"@type\":\"ImageObject\",\"inLanguage\":\"pl-PL\",\"@id\":\"https:\/\/www.hsymachinery.com\/#\/schema\/logo\/image\/\",\"url\":\"https:\/\/www.hsymachinery.com\/wp-content\/uploads\/2025\/06\/cropped-HSY-machinery.png\",\"contentUrl\":\"https:\/\/www.hsymachinery.com\/wp-content\/uploads\/2025\/06\/cropped-HSY-machinery.png\",\"width\":600,\"height\":240,\"caption\":\"HSY Construction Machinery\"},\"image\":{\"@id\":\"https:\/\/www.hsymachinery.com\/#\/schema\/logo\/image\/\"}}]}<\/script>\n<!-- \/ Yoast SEO plugin. -->","yoast_head_json":{"title":"Zacieraczka samojezdna PTH-H100B - HSY Construction Machinery","description":"Pchana zacieraczka do betonu PTH-H100B z silnikiem Honda oferuje szeroki zasi\u0119g 100 cm, oszcz\u0119dno\u015b\u0107 paliwa i trwa\u0142\u0105 wydajno\u015b\u0107 do przemys\u0142owego wyka\u0144czania betonu.Pchana zacieraczka do betonu PTH-H100B","robots":{"index":"index","follow":"follow","max-snippet":"max-snippet:-1","max-image-preview":"max-image-preview:large","max-video-preview":"max-video-preview:-1"},"canonical":"https:\/\/www.hsymachinery.com\/pl\/product\/zacieraczka-mechaniczna-pth-h100b\/","og_locale":"pl_PL","og_type":"article","og_title":"Walk-Behind Power Trowel PTH-H100B - HSY Construction Machinery","og_description":"PTH-H100B walk-behind concrete trowel with Honda engine offers wide 100 cm coverage, fuel efficiency, and durable performance for industrial concrete finishing.Walk-Behind Power Trowel PTH-H100B","og_url":"https:\/\/www.hsymachinery.com\/pl\/product\/zacieraczka-mechaniczna-pth-h100b\/","og_site_name":"HSY Construction Machinery","article_modified_time":"2025-06-28T15:18:26+00:00","og_image":[{"width":600,"height":738,"url":"https:\/\/www.hsymachinery.com\/wp-content\/uploads\/2025\/06\/Walk-Behind-Power-Trowel-PTH-H100B.jpg","type":"image\/jpeg"}],"twitter_card":"summary_large_image","twitter_misc":{"Szacowany czas czytania":"2 minuty"},"schema":{"@context":"https:\/\/schema.org","@graph":[{"@type":"WebPage","@id":"https:\/\/www.hsymachinery.com\/product\/walk-behind-power-trowel-pth-h100b\/","url":"https:\/\/www.hsymachinery.com\/product\/walk-behind-power-trowel-pth-h100b\/","name":"Zacieraczka samojezdna PTH-H100B - HSY Construction Machinery","isPartOf":{"@id":"https:\/\/www.hsymachinery.com\/#website"},"primaryImageOfPage":{"@id":"https:\/\/www.hsymachinery.com\/product\/walk-behind-power-trowel-pth-h100b\/#primaryimage"},"image":{"@id":"https:\/\/www.hsymachinery.com\/product\/walk-behind-power-trowel-pth-h100b\/#primaryimage"},"thumbnailUrl":"https:\/\/www.hsymachinery.com\/wp-content\/uploads\/2025\/06\/Walk-Behind-Power-Trowel-PTH-H100B.jpg","datePublished":"2025-06-18T12:39:37+00:00","dateModified":"2025-06-28T15:18:26+00:00","description":"Pchana zacieraczka do betonu PTH-H100B z silnikiem Honda oferuje szeroki zasi\u0119g 100 cm, oszcz\u0119dno\u015b\u0107 paliwa i trwa\u0142\u0105 wydajno\u015b\u0107 do przemys\u0142owego wyka\u0144czania betonu.Pchana zacieraczka do betonu PTH-H100B","breadcrumb":{"@id":"https:\/\/www.hsymachinery.com\/product\/walk-behind-power-trowel-pth-h100b\/#breadcrumb"},"inLanguage":"pl-PL","potentialAction":[{"@type":"ReadAction","target":["https:\/\/www.hsymachinery.com\/product\/walk-behind-power-trowel-pth-h100b\/"]}]},{"@type":"ImageObject","inLanguage":"pl-PL","@id":"https:\/\/www.hsymachinery.com\/product\/walk-behind-power-trowel-pth-h100b\/#primaryimage","url":"https:\/\/www.hsymachinery.com\/wp-content\/uploads\/2025\/06\/Walk-Behind-Power-Trowel-PTH-H100B.jpg","contentUrl":"https:\/\/www.hsymachinery.com\/wp-content\/uploads\/2025\/06\/Walk-Behind-Power-Trowel-PTH-H100B.jpg","width":600,"height":738},{"@type":"BreadcrumbList","@id":"https:\/\/www.hsymachinery.com\/product\/walk-behind-power-trowel-pth-h100b\/#breadcrumb","itemListElement":[{"@type":"ListItem","position":1,"name":"home","item":"https:\/\/www.hsymachinery.com\/"},{"@type":"ListItem","position":2,"name":"products","item":"https:\/\/www.hsymachinery.com\/products\/"},{"@type":"ListItem","position":3,"name":"Walk-Behind Power Trowel PTH-H100B"}]},{"@type":"WebSite","@id":"https:\/\/www.hsymachinery.com\/#website","url":"https:\/\/www.hsymachinery.com\/","name":"HSY Construction Machinery","description":"HSY Machinery - wiod\u0105cy chi\u0144ski dostawca maszyn budowlanych, oferuj\u0105cy szerok\u0105 gam\u0119 lekkiego sprz\u0119tu budowlanego. Nasze g\u0142\u00f3wne produkty to maszyna do ci\u0119cia pr\u0119t\u00f3w zbrojeniowych, maszyna do gi\u0119cia pr\u0119t\u00f3w zbrojeniowych, maszyna do gi\u0119cia strzemion pr\u0119t\u00f3w zbrojeniowych, maszyna do gi\u0119cia \u0142uk\u00f3w pr\u0119t\u00f3w zbrojeniowych, maszyna do prostowania pr\u0119t\u00f3w zbrojeniowych, pi\u0119ciog\u0142owicowa maszyna do gi\u0119cia strzemion pr\u0119t\u00f3w zbrojeniowych, ubijak, zag\u0119szczarka p\u0142ytowa, przecinarka do betonu, zacieraczka mechaniczna i inne maszyny budowlane. Jeste\u015bmy wyposa\u017ceni w zaawansowane maszyny CNC i egzekwujemy surowe standardy kontroli jako\u015bci wraz z kompleksow\u0105 obs\u0142ug\u0105 posprzeda\u017cn\u0105. Je\u015bli jeste\u015b zainteresowany naszymi produktami lub us\u0142ugami, serdecznie zapraszamy do sk\u0142adania zapyta\u0144 za po\u015brednictwem wiadomo\u015bci.","publisher":{"@id":"https:\/\/www.hsymachinery.com\/#organization"},"potentialAction":[{"@type":"SearchAction","target":{"@type":"EntryPoint","urlTemplate":"https:\/\/www.hsymachinery.com\/?s={search_term_string}"},"query-input":{"@type":"PropertyValueSpecification","valueRequired":true,"valueName":"search_term_string"}}],"inLanguage":"pl-PL"},{"@type":"Organization","@id":"https:\/\/www.hsymachinery.com\/#organization","name":"HSY Construction Machinery","url":"https:\/\/www.hsymachinery.com\/","logo":{"@type":"ImageObject","inLanguage":"pl-PL","@id":"https:\/\/www.hsymachinery.com\/#\/schema\/logo\/image\/","url":"https:\/\/www.hsymachinery.com\/wp-content\/uploads\/2025\/06\/cropped-HSY-machinery.png","contentUrl":"https:\/\/www.hsymachinery.com\/wp-content\/uploads\/2025\/06\/cropped-HSY-machinery.png","width":600,"height":240,"caption":"HSY Construction Machinery"},"image":{"@id":"https:\/\/www.hsymachinery.com\/#\/schema\/logo\/image\/"}}]}},"_links":{"self":[{"href":"https:\/\/www.hsymachinery.com\/pl\/wp-json\/wp\/v2\/product\/9214","targetHints":{"allow":["GET"]}}],"collection":[{"href":"https:\/\/www.hsymachinery.com\/pl\/wp-json\/wp\/v2\/product"}],"about":[{"href":"https:\/\/www.hsymachinery.com\/pl\/wp-json\/wp\/v2\/types\/product"}],"version-history":[{"count":3,"href":"https:\/\/www.hsymachinery.com\/pl\/wp-json\/wp\/v2\/product\/9214\/revisions"}],"predecessor-version":[{"id":9608,"href":"https:\/\/www.hsymachinery.com\/pl\/wp-json\/wp\/v2\/product\/9214\/revisions\/9608"}],"wp:featuredmedia":[{"embeddable":true,"href":"https:\/\/www.hsymachinery.com\/pl\/wp-json\/wp\/v2\/media\/9215"}],"wp:attachment":[{"href":"https:\/\/www.hsymachinery.com\/pl\/wp-json\/wp\/v2\/media?parent=9214"}],"wp:term":[{"taxonomy":"product_brand","embeddable":true,"href":"https:\/\/www.hsymachinery.com\/pl\/wp-json\/wp\/v2\/product_brand?post=9214"},{"taxonomy":"product_cat","embeddable":true,"href":"https:\/\/www.hsymachinery.com\/pl\/wp-json\/wp\/v2\/product_cat?post=9214"},{"taxonomy":"product_tag","embeddable":true,"href":"https:\/\/www.hsymachinery.com\/pl\/wp-json\/wp\/v2\/product_tag?post=9214"}],"curies":[{"name":"wp","href":"https:\/\/api.w.org\/{rel}","templated":true}]}}