{"id":9208,"date":"2025-06-18T20:36:05","date_gmt":"2025-06-18T12:36:05","guid":{"rendered":"https:\/\/www.hsymachinery.com\/?post_type=product&#038;p=9208"},"modified":"2025-06-28T23:11:21","modified_gmt":"2025-06-28T15:11:21","slug":"zacieraczka-mechaniczna-pth-l60s","status":"publish","type":"product","link":"https:\/\/www.hsymachinery.com\/pl\/product\/zacieraczka-mechaniczna-pth-l60s\/","title":{"rendered":"Zacieraczka samojezdna PTH-L60S"},"content":{"rendered":"<h2 data-start=\"150\" data-end=\"191\">Zacieraczka samojezdna PTH-L60S<\/h2>\n<h3 data-start=\"192\" data-end=\"290\">Kompaktowa benzynowa zacieraczka do betonu PTH-L60S | Precyzja Longxin do wyka\u0144czania ma\u0142ych p\u0142yt<\/h3>\n<h3 data-start=\"297\" data-end=\"388\">Opis produktu - Kompaktowa kielnia benzynowa Longxin do ciasnych przestrzeni i prac kraw\u0119dziowych<a href=\"https:\/\/www.hsymachinery.com\/pl\/produkty\/zacieraczka-mechaniczna\/\" target=\"_blank\" rel=\"noopener\"><img fetchpriority=\"high\" decoding=\"async\" class=\"wp-image-9209 alignright\" src=\"https:\/\/www.hsymachinery.com\/wp-content\/uploads\/2025\/06\/Walk-Behind-Power-Trowel-PTH-L60S-244x300.jpg\" alt=\"\" width=\"451\" height=\"555\" srcset=\"https:\/\/www.hsymachinery.com\/wp-content\/uploads\/2025\/06\/Walk-Behind-Power-Trowel-PTH-L60S-244x300.jpg 244w, https:\/\/www.hsymachinery.com\/wp-content\/uploads\/2025\/06\/Walk-Behind-Power-Trowel-PTH-L60S.jpg 600w\" sizes=\"(max-width: 451px) 100vw, 451px\" \/><\/a><\/h3>\n<p data-start=\"390\" data-end=\"741\">The <strong data-start=\"394\" data-end=\"431\">Zacieraczka samojezdna PTH-L60S<\/strong> to kompaktowe narz\u0119dzie do wyka\u0144czania betonu wyposa\u017cone w niezawodny silnik benzynowy Longxin, zaprojektowane specjalnie z my\u015bl\u0105 o ma\u0142ych powierzchniach p\u0142yt, ciasnych naro\u017cnikach i strefach kraw\u0119dziowych. Jego lekka konstrukcja i precyzyjne sterowanie ostrzem sprawiaj\u0105, \u017ce idealnie nadaje si\u0119 do szczeg\u00f3\u0142owego wyka\u0144czania, gdzie wi\u0119ksze maszyny nie mog\u0105 dotrze\u0107.<\/p>\n<p data-start=\"743\" data-end=\"1045\">Dzi\u0119ki \u015brednicy zacierania wynosz\u0105cej 60 cm, model PTH-L60S zapewnia doskona\u0142\u0105 zwrotno\u015b\u0107 przy jednoczesnym zachowaniu g\u0142adkiego i profesjonalnego wyko\u0144czenia. Regulacja skoku tarczy umo\u017cliwia operatorom p\u0142ynne przechodzenie od wst\u0119pnego zacierania do ko\u0144cowego polerowania. W rezultacie uzyskuje si\u0119 sta\u0142\u0105 jako\u015b\u0107 powierzchni przy ka\u017cdym zadaniu.<\/p>\n<p data-start=\"1047\" data-end=\"1392\">Ponadto model ten posiada kompaktow\u0105 ram\u0119, sk\u0142adany uchwyt antywibracyjny i wzmocniony pier\u015bcie\u0144 zabezpieczaj\u0105cy, aby zapewni\u0107 zar\u00f3wno wygod\u0119 operatora, jak i bezpiecze\u0144stwo konstrukcji. Silnik benzynowy Longxin zapewnia niezawodn\u0105 moc wyj\u015bciow\u0105 przy niskim zu\u017cyciu paliwa, dzi\u0119ki czemu zacieraczka ta idealnie nadaje si\u0119 do codziennego u\u017cytku na mniejszych placach budowy.<\/p>\n<p data-start=\"1394\" data-end=\"1609\">Ponadto, ze wzgl\u0119du na sw\u00f3j kompaktowy charakter, PTH-L60S jest szeroko stosowany do wyka\u0144czania betonu w gara\u017cach, gankach, w\u0105skich korytarzach i p\u0142ytach chodnikowych, gdzie przestrze\u0144 jest ograniczona, a precyzja ma kluczowe znaczenie.<\/p>\n<h3 data-start=\"1616\" data-end=\"1669\">Kluczowe cechy zacieraczki benzynowej PTH-L60S<\/h3>\n<ul data-start=\"1671\" data-end=\"2069\">\n<li data-start=\"1671\" data-end=\"1740\">\n<p data-start=\"1673\" data-end=\"1740\">Nap\u0119dzany silnikiem benzynowym Longxin zapewnia mocn\u0105 i stabiln\u0105 prac\u0119<\/p>\n<\/li>\n<li data-start=\"1741\" data-end=\"1803\">\n<p data-start=\"1743\" data-end=\"1803\">\u015arednica robocza 60 cm idealna do ma\u0142ych lub ciasnych powierzchni p\u0142yt<\/p>\n<\/li>\n<li data-start=\"1804\" data-end=\"1868\">\n<p data-start=\"1806\" data-end=\"1868\">Regulowany skok ostrza do operacji p\u0142ywaj\u0105cych i polerowania<\/p>\n<\/li>\n<li data-start=\"1869\" data-end=\"1939\">\n<p data-start=\"1871\" data-end=\"1939\">Sk\u0142adany, ergonomiczny uchwyt zmniejsza zm\u0119czenie i u\u0142atwia transport<\/p>\n<\/li>\n<li data-start=\"1940\" data-end=\"2001\">\n<p data-start=\"1942\" data-end=\"2001\">Kompaktowa rama poprawia manewrowo\u015b\u0107 w ograniczonych przestrzeniach<\/p>\n<\/li>\n<li data-start=\"2002\" data-end=\"2069\">\n<p data-start=\"2004\" data-end=\"2069\">Idealny do obrze\u017cy, ma\u0142ych podk\u0142adek i szczeg\u00f3\u0142owego wyka\u0144czania betonu<\/p>\n<\/li>\n<\/ul>\n<h3 data-start=\"2076\" data-end=\"2164\">Zastosowania - idealny do gara\u017cy, p\u0142yt mieszkalnych, chodnik\u00f3w i ciasnych naro\u017cnik\u00f3w<\/h3>\n<p data-start=\"2166\" data-end=\"2483\">PTH-L60S jest szczeg\u00f3lnie przydatna do wyka\u0144czania p\u0142yt mieszkalnych, podjazd\u00f3w, betonowych kraw\u0119\u017cnik\u00f3w i kraw\u0119dzi wok\u00f3\u0142 s\u0142up\u00f3w lub \u015bcian. Ze wzgl\u0119du na lekk\u0105 konstrukcj\u0119 i precyzyjne sterowanie, profesjonali\u015bci cz\u0119sto wybieraj\u0105 ten model do prac wyko\u0144czeniowych na miejskich placach budowy lub w projektach renowacyjnych.<\/p>\n<p data-start=\"2485\" data-end=\"2597\">W rezultacie model ten zapewnia idealn\u0105 r\u00f3wnowag\u0119 mi\u0119dzy przeno\u015bno\u015bci\u0105, wydajno\u015bci\u0105 i precyzj\u0105.<\/p>\n<p><iframe title=\"zacieraczka mechaniczna, zacieraczka r\u0119czna, zacieraczka, beton # zacieraczka #powertrowe#concrete\" width=\"720\" height=\"405\" src=\"https:\/\/www.youtube.com\/embed\/pa6AuNhMrwI?feature=oembed\" frameborder=\"0\" allow=\"accelerometer; autoplay; clipboard-write; encrypted-media; gyroscope; picture-in-picture; web-share\" referrerpolicy=\"strict-origin-when-cross-origin\" allowfullscreen><\/iframe><\/p>","protected":false},"excerpt":{"rendered":"<p>Kompaktowa zacieraczka mechaniczna PTH-L60S z silnikiem Longxin zapewnia p\u0142ynne, dok\u0142adne wyko\u0144czenie w ma\u0142ych lub ograniczonych obszarach p\u0142yt betonowych. Idealna do kraw\u0119dziowania i prac precyzyjnych.<\/p>","protected":false},"featured_media":9209,"template":"","meta":{"_kad_post_transparent":"default","_kad_post_title":"","_kad_post_layout":"default","_kad_post_sidebar_id":"","_kad_post_content_style":"default","_kad_post_vertical_padding":"default","_kad_post_feature":"","_kad_post_feature_position":"","_kad_post_header":false,"_kad_post_footer":false},"product_brand":[],"product_cat":[55],"product_tag":[1084,1083,1087,1081,1086,1085,1089,1088,1090,1082],"class_list":{"0":"post-9208","1":"product","2":"type-product","3":"status-publish","4":"has-post-thumbnail","6":"product_cat-walk-behind-power-trowel","7":"product_tag-cement-power-trowel","8":"product_tag-concrete-finishing-trowel","9":"product_tag-concrete-floor-finishing-machine","10":"product_tag-concrete-power-trowel","11":"product_tag-electric-walk-behind-trowel","12":"product_tag-gasoline-power-trowel","13":"product_tag-hand-operated-power-trowel","14":"product_tag-manual-power-trowel","15":"product_tag-walk-behind-concrete-finishing-machine","16":"product_tag-walk-behind-trowel-machine","18":"first","19":"instock","20":"shipping-taxable","21":"product-type-simple","22":"entry","23":"content-bg","24":"loop-entry"},"yoast_head":"<!-- This site is optimized with the Yoast SEO plugin v25.3.1 - https:\/\/yoast.com\/wordpress\/plugins\/seo\/ -->\n<title>Walk-Behind Power Trowel PTH-L60S - HSY Construction Machinery<\/title>\n<meta name=\"description\" content=\"PTH-L60S compact concrete trowel with Longxin engine offers precise slab finishing in tight areas. Ideal for garages, sidewalks, and detailed edge work.\" \/>\n<meta name=\"robots\" content=\"index, follow, max-snippet:-1, max-image-preview:large, max-video-preview:-1\" \/>\n<link rel=\"canonical\" href=\"https:\/\/www.hsymachinery.com\/pl\/product\/zacieraczka-mechaniczna-pth-l60s\/\" \/>\n<meta property=\"og:locale\" content=\"pl_PL\" \/>\n<meta property=\"og:type\" content=\"article\" \/>\n<meta property=\"og:title\" content=\"Walk-Behind Power Trowel PTH-L60S - HSY Construction Machinery\" \/>\n<meta property=\"og:description\" content=\"PTH-L60S compact concrete trowel with Longxin engine offers precise slab finishing in tight areas. Ideal for garages, sidewalks, and detailed edge work.\" \/>\n<meta property=\"og:url\" content=\"https:\/\/www.hsymachinery.com\/pl\/product\/zacieraczka-mechaniczna-pth-l60s\/\" \/>\n<meta property=\"og:site_name\" content=\"HSY Construction Machinery\" \/>\n<meta property=\"article:modified_time\" content=\"2025-06-28T15:11:21+00:00\" \/>\n<meta property=\"og:image\" content=\"https:\/\/www.hsymachinery.com\/wp-content\/uploads\/2025\/06\/Walk-Behind-Power-Trowel-PTH-L60S.jpg\" \/>\n\t<meta property=\"og:image:width\" content=\"600\" \/>\n\t<meta property=\"og:image:height\" content=\"738\" \/>\n\t<meta property=\"og:image:type\" content=\"image\/jpeg\" \/>\n<meta name=\"twitter:card\" content=\"summary_large_image\" \/>\n<meta name=\"twitter:label1\" content=\"Szacowany czas czytania\" \/>\n\t<meta name=\"twitter:data1\" content=\"2 minuty\" \/>\n<script type=\"application\/ld+json\" class=\"yoast-schema-graph\">{\"@context\":\"https:\/\/schema.org\",\"@graph\":[{\"@type\":\"WebPage\",\"@id\":\"https:\/\/www.hsymachinery.com\/product\/walk-behind-power-trowel-pth-l60s\/\",\"url\":\"https:\/\/www.hsymachinery.com\/product\/walk-behind-power-trowel-pth-l60s\/\",\"name\":\"Walk-Behind Power Trowel PTH-L60S - HSY Construction Machinery\",\"isPartOf\":{\"@id\":\"https:\/\/www.hsymachinery.com\/#website\"},\"primaryImageOfPage\":{\"@id\":\"https:\/\/www.hsymachinery.com\/product\/walk-behind-power-trowel-pth-l60s\/#primaryimage\"},\"image\":{\"@id\":\"https:\/\/www.hsymachinery.com\/product\/walk-behind-power-trowel-pth-l60s\/#primaryimage\"},\"thumbnailUrl\":\"https:\/\/www.hsymachinery.com\/wp-content\/uploads\/2025\/06\/Walk-Behind-Power-Trowel-PTH-L60S.jpg\",\"datePublished\":\"2025-06-18T12:36:05+00:00\",\"dateModified\":\"2025-06-28T15:11:21+00:00\",\"description\":\"PTH-L60S compact concrete trowel with Longxin engine offers precise slab finishing in tight areas. Ideal for garages, sidewalks, and detailed edge work.\",\"breadcrumb\":{\"@id\":\"https:\/\/www.hsymachinery.com\/product\/walk-behind-power-trowel-pth-l60s\/#breadcrumb\"},\"inLanguage\":\"pl-PL\",\"potentialAction\":[{\"@type\":\"ReadAction\",\"target\":[\"https:\/\/www.hsymachinery.com\/product\/walk-behind-power-trowel-pth-l60s\/\"]}]},{\"@type\":\"ImageObject\",\"inLanguage\":\"pl-PL\",\"@id\":\"https:\/\/www.hsymachinery.com\/product\/walk-behind-power-trowel-pth-l60s\/#primaryimage\",\"url\":\"https:\/\/www.hsymachinery.com\/wp-content\/uploads\/2025\/06\/Walk-Behind-Power-Trowel-PTH-L60S.jpg\",\"contentUrl\":\"https:\/\/www.hsymachinery.com\/wp-content\/uploads\/2025\/06\/Walk-Behind-Power-Trowel-PTH-L60S.jpg\",\"width\":600,\"height\":738},{\"@type\":\"BreadcrumbList\",\"@id\":\"https:\/\/www.hsymachinery.com\/product\/walk-behind-power-trowel-pth-l60s\/#breadcrumb\",\"itemListElement\":[{\"@type\":\"ListItem\",\"position\":1,\"name\":\"home\",\"item\":\"https:\/\/www.hsymachinery.com\/\"},{\"@type\":\"ListItem\",\"position\":2,\"name\":\"products\",\"item\":\"https:\/\/www.hsymachinery.com\/products\/\"},{\"@type\":\"ListItem\",\"position\":3,\"name\":\"Walk-Behind Power Trowel PTH-L60S\"}]},{\"@type\":\"WebSite\",\"@id\":\"https:\/\/www.hsymachinery.com\/#website\",\"url\":\"https:\/\/www.hsymachinery.com\/\",\"name\":\"HSY Construction Machinery\",\"description\":\"HSY Machinery \u2013 A leading China construction machinery supplier, offering a wide range of light construction equipment. Our main products include Rebar Cutting Machine, Rebar Bending Machine, Rebar Stirrup Bending Machine, Rebar Arc Bending Machine, Rebar Straightening Machine, Five-Head Rebar Stirrup Bending Machine, Tamping Rammer, Plate Compactor, Concrete Cutter, Power Trowel, and other construction machinery. We are equipped with advanced CNC machines, and we enforce strict quality inspection standards along with comprehensive after-sales service. If you are interested in our products or services, we warmly welcome your inquiries via message.\",\"publisher\":{\"@id\":\"https:\/\/www.hsymachinery.com\/#organization\"},\"potentialAction\":[{\"@type\":\"SearchAction\",\"target\":{\"@type\":\"EntryPoint\",\"urlTemplate\":\"https:\/\/www.hsymachinery.com\/?s={search_term_string}\"},\"query-input\":{\"@type\":\"PropertyValueSpecification\",\"valueRequired\":true,\"valueName\":\"search_term_string\"}}],\"inLanguage\":\"pl-PL\"},{\"@type\":\"Organization\",\"@id\":\"https:\/\/www.hsymachinery.com\/#organization\",\"name\":\"HSY Construction Machinery\",\"url\":\"https:\/\/www.hsymachinery.com\/\",\"logo\":{\"@type\":\"ImageObject\",\"inLanguage\":\"pl-PL\",\"@id\":\"https:\/\/www.hsymachinery.com\/#\/schema\/logo\/image\/\",\"url\":\"https:\/\/www.hsymachinery.com\/wp-content\/uploads\/2025\/06\/cropped-HSY-machinery.png\",\"contentUrl\":\"https:\/\/www.hsymachinery.com\/wp-content\/uploads\/2025\/06\/cropped-HSY-machinery.png\",\"width\":600,\"height\":240,\"caption\":\"HSY Construction Machinery\"},\"image\":{\"@id\":\"https:\/\/www.hsymachinery.com\/#\/schema\/logo\/image\/\"}}]}<\/script>\n<!-- \/ Yoast SEO plugin. -->","yoast_head_json":{"title":"Zacieraczka samojezdna PTH-L60S - HSY Construction Machinery","description":"Kompaktowa zacieraczka do betonu PTH-L60S z silnikiem Longxin zapewnia precyzyjne wyko\u0144czenie p\u0142yt w ciasnych miejscach. Idealna do gara\u017cy, chodnik\u00f3w i szczeg\u00f3\u0142owej obr\u00f3bki kraw\u0119dzi.","robots":{"index":"index","follow":"follow","max-snippet":"max-snippet:-1","max-image-preview":"max-image-preview:large","max-video-preview":"max-video-preview:-1"},"canonical":"https:\/\/www.hsymachinery.com\/pl\/product\/zacieraczka-mechaniczna-pth-l60s\/","og_locale":"pl_PL","og_type":"article","og_title":"Walk-Behind Power Trowel PTH-L60S - HSY Construction Machinery","og_description":"PTH-L60S compact concrete trowel with Longxin engine offers precise slab finishing in tight areas. Ideal for garages, sidewalks, and detailed edge work.","og_url":"https:\/\/www.hsymachinery.com\/pl\/product\/zacieraczka-mechaniczna-pth-l60s\/","og_site_name":"HSY Construction Machinery","article_modified_time":"2025-06-28T15:11:21+00:00","og_image":[{"width":600,"height":738,"url":"https:\/\/www.hsymachinery.com\/wp-content\/uploads\/2025\/06\/Walk-Behind-Power-Trowel-PTH-L60S.jpg","type":"image\/jpeg"}],"twitter_card":"summary_large_image","twitter_misc":{"Szacowany czas czytania":"2 minuty"},"schema":{"@context":"https:\/\/schema.org","@graph":[{"@type":"WebPage","@id":"https:\/\/www.hsymachinery.com\/product\/walk-behind-power-trowel-pth-l60s\/","url":"https:\/\/www.hsymachinery.com\/product\/walk-behind-power-trowel-pth-l60s\/","name":"Zacieraczka samojezdna PTH-L60S - HSY Construction Machinery","isPartOf":{"@id":"https:\/\/www.hsymachinery.com\/#website"},"primaryImageOfPage":{"@id":"https:\/\/www.hsymachinery.com\/product\/walk-behind-power-trowel-pth-l60s\/#primaryimage"},"image":{"@id":"https:\/\/www.hsymachinery.com\/product\/walk-behind-power-trowel-pth-l60s\/#primaryimage"},"thumbnailUrl":"https:\/\/www.hsymachinery.com\/wp-content\/uploads\/2025\/06\/Walk-Behind-Power-Trowel-PTH-L60S.jpg","datePublished":"2025-06-18T12:36:05+00:00","dateModified":"2025-06-28T15:11:21+00:00","description":"Kompaktowa zacieraczka do betonu PTH-L60S z silnikiem Longxin zapewnia precyzyjne wyko\u0144czenie p\u0142yt w ciasnych miejscach. Idealna do gara\u017cy, chodnik\u00f3w i szczeg\u00f3\u0142owej obr\u00f3bki kraw\u0119dzi.","breadcrumb":{"@id":"https:\/\/www.hsymachinery.com\/product\/walk-behind-power-trowel-pth-l60s\/#breadcrumb"},"inLanguage":"pl-PL","potentialAction":[{"@type":"ReadAction","target":["https:\/\/www.hsymachinery.com\/product\/walk-behind-power-trowel-pth-l60s\/"]}]},{"@type":"ImageObject","inLanguage":"pl-PL","@id":"https:\/\/www.hsymachinery.com\/product\/walk-behind-power-trowel-pth-l60s\/#primaryimage","url":"https:\/\/www.hsymachinery.com\/wp-content\/uploads\/2025\/06\/Walk-Behind-Power-Trowel-PTH-L60S.jpg","contentUrl":"https:\/\/www.hsymachinery.com\/wp-content\/uploads\/2025\/06\/Walk-Behind-Power-Trowel-PTH-L60S.jpg","width":600,"height":738},{"@type":"BreadcrumbList","@id":"https:\/\/www.hsymachinery.com\/product\/walk-behind-power-trowel-pth-l60s\/#breadcrumb","itemListElement":[{"@type":"ListItem","position":1,"name":"home","item":"https:\/\/www.hsymachinery.com\/"},{"@type":"ListItem","position":2,"name":"products","item":"https:\/\/www.hsymachinery.com\/products\/"},{"@type":"ListItem","position":3,"name":"Walk-Behind Power Trowel PTH-L60S"}]},{"@type":"WebSite","@id":"https:\/\/www.hsymachinery.com\/#website","url":"https:\/\/www.hsymachinery.com\/","name":"HSY Construction Machinery","description":"HSY Machinery - wiod\u0105cy chi\u0144ski dostawca maszyn budowlanych, oferuj\u0105cy szerok\u0105 gam\u0119 lekkiego sprz\u0119tu budowlanego. Nasze g\u0142\u00f3wne produkty to maszyna do ci\u0119cia pr\u0119t\u00f3w zbrojeniowych, maszyna do gi\u0119cia pr\u0119t\u00f3w zbrojeniowych, maszyna do gi\u0119cia strzemion pr\u0119t\u00f3w zbrojeniowych, maszyna do gi\u0119cia \u0142uk\u00f3w pr\u0119t\u00f3w zbrojeniowych, maszyna do prostowania pr\u0119t\u00f3w zbrojeniowych, pi\u0119ciog\u0142owicowa maszyna do gi\u0119cia strzemion pr\u0119t\u00f3w zbrojeniowych, ubijak, zag\u0119szczarka p\u0142ytowa, przecinarka do betonu, zacieraczka mechaniczna i inne maszyny budowlane. Jeste\u015bmy wyposa\u017ceni w zaawansowane maszyny CNC i egzekwujemy surowe standardy kontroli jako\u015bci wraz z kompleksow\u0105 obs\u0142ug\u0105 posprzeda\u017cn\u0105. Je\u015bli jeste\u015b zainteresowany naszymi produktami lub us\u0142ugami, serdecznie zapraszamy do sk\u0142adania zapyta\u0144 za po\u015brednictwem wiadomo\u015bci.","publisher":{"@id":"https:\/\/www.hsymachinery.com\/#organization"},"potentialAction":[{"@type":"SearchAction","target":{"@type":"EntryPoint","urlTemplate":"https:\/\/www.hsymachinery.com\/?s={search_term_string}"},"query-input":{"@type":"PropertyValueSpecification","valueRequired":true,"valueName":"search_term_string"}}],"inLanguage":"pl-PL"},{"@type":"Organization","@id":"https:\/\/www.hsymachinery.com\/#organization","name":"HSY Construction Machinery","url":"https:\/\/www.hsymachinery.com\/","logo":{"@type":"ImageObject","inLanguage":"pl-PL","@id":"https:\/\/www.hsymachinery.com\/#\/schema\/logo\/image\/","url":"https:\/\/www.hsymachinery.com\/wp-content\/uploads\/2025\/06\/cropped-HSY-machinery.png","contentUrl":"https:\/\/www.hsymachinery.com\/wp-content\/uploads\/2025\/06\/cropped-HSY-machinery.png","width":600,"height":240,"caption":"HSY Construction Machinery"},"image":{"@id":"https:\/\/www.hsymachinery.com\/#\/schema\/logo\/image\/"}}]}},"_links":{"self":[{"href":"https:\/\/www.hsymachinery.com\/pl\/wp-json\/wp\/v2\/product\/9208","targetHints":{"allow":["GET"]}}],"collection":[{"href":"https:\/\/www.hsymachinery.com\/pl\/wp-json\/wp\/v2\/product"}],"about":[{"href":"https:\/\/www.hsymachinery.com\/pl\/wp-json\/wp\/v2\/types\/product"}],"version-history":[{"count":3,"href":"https:\/\/www.hsymachinery.com\/pl\/wp-json\/wp\/v2\/product\/9208\/revisions"}],"predecessor-version":[{"id":9604,"href":"https:\/\/www.hsymachinery.com\/pl\/wp-json\/wp\/v2\/product\/9208\/revisions\/9604"}],"wp:featuredmedia":[{"embeddable":true,"href":"https:\/\/www.hsymachinery.com\/pl\/wp-json\/wp\/v2\/media\/9209"}],"wp:attachment":[{"href":"https:\/\/www.hsymachinery.com\/pl\/wp-json\/wp\/v2\/media?parent=9208"}],"wp:term":[{"taxonomy":"product_brand","embeddable":true,"href":"https:\/\/www.hsymachinery.com\/pl\/wp-json\/wp\/v2\/product_brand?post=9208"},{"taxonomy":"product_cat","embeddable":true,"href":"https:\/\/www.hsymachinery.com\/pl\/wp-json\/wp\/v2\/product_cat?post=9208"},{"taxonomy":"product_tag","embeddable":true,"href":"https:\/\/www.hsymachinery.com\/pl\/wp-json\/wp\/v2\/product_tag?post=9208"}],"curies":[{"name":"wp","href":"https:\/\/api.w.org\/{rel}","templated":true}]}}