{"id":9202,"date":"2025-06-18T20:33:18","date_gmt":"2025-06-18T12:33:18","guid":{"rendered":"https:\/\/www.hsymachinery.com\/?post_type=product&#038;p=9202"},"modified":"2025-06-28T23:04:04","modified_gmt":"2025-06-28T15:04:04","slug":"zacieraczka-mechaniczna-pth-d100","status":"publish","type":"product","link":"https:\/\/www.hsymachinery.com\/pl\/product\/zacieraczka-mechaniczna-pth-d100\/","title":{"rendered":"Zacieraczka samojezdna PTH-D100"},"content":{"rendered":"<h2 data-start=\"143\" data-end=\"184\">Zacieraczka samojezdna PTH-D100<\/h2>\n<h3 data-start=\"185\" data-end=\"293\">Elektryczna zacieraczka do betonu PTH-D100 | Szerokopowierzchniowe, przyjazne dla \u015brodowiska wyg\u0142adzanie p\u0142yt wewn\u0105trz budynk\u00f3w<\/h3>\n<h3 data-start=\"300\" data-end=\"396\">Opis produktu - Wysokowydajna zacieraczka elektryczna do wyka\u0144czania du\u017cych powierzchni betonowych wewn\u0105trz pomieszcze\u0144<a href=\"https:\/\/www.hsymachinery.com\/pl\/produkty\/zacieraczka-mechaniczna\/\" target=\"_blank\" rel=\"noopener\"><img fetchpriority=\"high\" decoding=\"async\" class=\"wp-image-9203 alignright\" src=\"https:\/\/www.hsymachinery.com\/wp-content\/uploads\/2025\/06\/Walk-Behind-Power-Trowel-PTH-D100-244x300.jpg\" alt=\"\" width=\"452\" height=\"556\" srcset=\"https:\/\/www.hsymachinery.com\/wp-content\/uploads\/2025\/06\/Walk-Behind-Power-Trowel-PTH-D100-244x300.jpg 244w, https:\/\/www.hsymachinery.com\/wp-content\/uploads\/2025\/06\/Walk-Behind-Power-Trowel-PTH-D100.jpg 600w\" sizes=\"(max-width: 452px) 100vw, 452px\" \/><\/a><\/h3>\n<p data-start=\"398\" data-end=\"764\">The <strong data-start=\"402\" data-end=\"439\">Zacieraczka samojezdna PTH-D100<\/strong> to zasilana elektrycznie maszyna do wyka\u0144czania betonu o du\u017cej \u015brednicy, zaprojektowana do zastosowa\u0144 budowlanych w pomieszczeniach o du\u017cej obj\u0119to\u015bci. Dzi\u0119ki ekologicznemu silnikowi elektrycznemu pracuje czysto i cicho, co czyni j\u0105 idealnym wyborem do projekt\u00f3w w zamkni\u0119tych \u015brodowiskach, w kt\u00f3rych emisja paliwa i ha\u0142as musz\u0105 by\u0107 zminimalizowane.<\/p>\n<p data-start=\"766\" data-end=\"1114\">Dzi\u0119ki du\u017cej \u015brednicy zacierania wynosz\u0105cej 100 cm, maszyna ta pokrywa du\u017ce powierzchnie przy mniejszej liczbie przejazd\u00f3w, pomagaj\u0105c wykonawcom w szybszym i bardziej wydajnym wykonywaniu prac. Ponadto system kontroli nachylenia ostrza zapewnia p\u0142ynne przej\u015bcia mi\u0119dzy etapami p\u0142ywaj\u0105cymi i wyko\u0144czeniowymi, zapewniaj\u0105c sp\u00f3jn\u0105, wypolerowan\u0105 powierzchni\u0119 betonu przy ka\u017cdym u\u017cyciu.<\/p>\n<p data-start=\"1116\" data-end=\"1383\">Co wi\u0119cej, elektryczny uk\u0142ad nap\u0119dowy zmniejsza ha\u0142as podczas pracy i eliminuje spaliny, tworz\u0105c zdrowsze miejsce pracy dla operator\u00f3w. Ergonomiczny sk\u0142adany uchwyt zosta\u0142 zaprojektowany w celu zmniejszenia wibracji i zm\u0119czenia operatora, jednocze\u015bnie u\u0142atwiaj\u0105c transport i przechowywanie.<\/p>\n<p data-start=\"1385\" data-end=\"1745\">Co wi\u0119cej, wzmocniona przek\u0142adnia, wytrzyma\u0142e ramiona paj\u0105ka i ochronny pier\u015bcie\u0144 bezpiecze\u0144stwa sprawiaj\u0105, \u017ce PTH-D100 jest bardzo trwa\u0142y i mo\u017ce wytrzyma\u0107 codzienne u\u017cytkowanie w wymagaj\u0105cych miejscach pracy. Jest szczeg\u00f3lnie przydatny w szpitalach, piwnicach handlowych, magazynach i innych miejscach, w kt\u00f3rych niezb\u0119dna jest cicha, bezemisyjna praca.<\/p>\n<h3 data-start=\"1752\" data-end=\"1805\">Kluczowe cechy zacieraczki elektrycznej PTH-D100<\/h3>\n<ul data-start=\"1807\" data-end=\"2193\">\n<li data-start=\"1807\" data-end=\"1877\">\n<p data-start=\"1809\" data-end=\"1877\">Wydajny silnik elektryczny zapewnia czyst\u0105 i cich\u0105 prac\u0119<\/p>\n<\/li>\n<li data-start=\"1878\" data-end=\"1940\">\n<p data-start=\"1880\" data-end=\"1940\">Du\u017ca \u015brednica zacierania wynosz\u0105ca 100 cm zwi\u0119ksza pokrycie powierzchni<\/p>\n<\/li>\n<li data-start=\"1941\" data-end=\"1997\">\n<p data-start=\"1943\" data-end=\"1997\">Regulowany skok ostrza dla precyzyjnej kontroli wyka\u0144czania<\/p>\n<\/li>\n<li data-start=\"1998\" data-end=\"2064\">\n<p data-start=\"2000\" data-end=\"2064\">Uchwyt o niskim poziomie wibracji zmniejsza zm\u0119czenie i mo\u017cna go z\u0142o\u017cy\u0107 w celu przenoszenia<\/p>\n<\/li>\n<li data-start=\"2065\" data-end=\"2119\">\n<p data-start=\"2067\" data-end=\"2119\">Wytrzyma\u0142a przek\u0142adnia i rama zapewniaj\u0105 d\u0142ugotrwa\u0142\u0105 niezawodno\u015b\u0107<\/p>\n<\/li>\n<li data-start=\"2120\" data-end=\"2193\">\n<p data-start=\"2122\" data-end=\"2193\">Doskona\u0142y do zastosowa\u0144 w pomieszczeniach lub \u015brodowiskach regulowanych z ograniczeniami dotycz\u0105cymi paliwa<\/p>\n<\/li>\n<\/ul>\n<h3 data-start=\"2200\" data-end=\"2283\">Zastosowania - idealny do szpitali, gara\u017cy, magazyn\u00f3w i projekt\u00f3w wewn\u0119trznych<\/h3>\n<p data-start=\"2285\" data-end=\"2542\">PTH-D100 jest szeroko stosowany w budownictwie komercyjnym, w tym w gara\u017cach, plac\u00f3wkach medycznych i centrach handlowych. Poniewa\u017c dzia\u0142a bez paliwa, jest zgodny z przepisami dotycz\u0105cymi zamkni\u0119tych przestrzeni i wra\u017cliwych \u015brodowisk pracy.<\/p>\n<p data-start=\"2544\" data-end=\"2699\">W rezultacie wykonawcy korzystaj\u0105 z niskich koszt\u00f3w utrzymania, cichej pracy i profesjonalnych rezultat\u00f3w, nawet na najbardziej wymagaj\u0105cych p\u0142ytach.<\/p>\n<p><iframe title=\"zacieraczka mechaniczna, zacieraczka r\u0119czna, zacieraczka, beton # zacieraczka #powertrowe#concrete\" width=\"720\" height=\"405\" src=\"https:\/\/www.youtube.com\/embed\/pa6AuNhMrwI?feature=oembed\" frameborder=\"0\" allow=\"accelerometer; autoplay; clipboard-write; encrypted-media; gyroscope; picture-in-picture; web-share\" referrerpolicy=\"strict-origin-when-cross-origin\" allowfullscreen><\/iframe><\/p>","protected":false},"excerpt":{"rendered":"<p>Elektryczna zacieraczka do betonu PTH-D100 z ostrzem o d\u0142ugo\u015bci 100 cm oferuje ciche, wysokowydajne wyko\u0144czenie powierzchni p\u0142yt wewn\u0119trznych w szpitalach, magazynach i piwnicach komercyjnych.<\/p>","protected":false},"featured_media":9203,"template":"","meta":{"_kad_post_transparent":"default","_kad_post_title":"","_kad_post_layout":"default","_kad_post_sidebar_id":"","_kad_post_content_style":"default","_kad_post_vertical_padding":"default","_kad_post_feature":"","_kad_post_feature_position":"","_kad_post_header":false,"_kad_post_footer":false},"product_brand":[],"product_cat":[55],"product_tag":[1084,1083,1087,1081,1086,1085,1089,1088,1090,1082],"class_list":{"0":"post-9202","1":"product","2":"type-product","3":"status-publish","4":"has-post-thumbnail","6":"product_cat-walk-behind-power-trowel","7":"product_tag-cement-power-trowel","8":"product_tag-concrete-finishing-trowel","9":"product_tag-concrete-floor-finishing-machine","10":"product_tag-concrete-power-trowel","11":"product_tag-electric-walk-behind-trowel","12":"product_tag-gasoline-power-trowel","13":"product_tag-hand-operated-power-trowel","14":"product_tag-manual-power-trowel","15":"product_tag-walk-behind-concrete-finishing-machine","16":"product_tag-walk-behind-trowel-machine","18":"first","19":"instock","20":"shipping-taxable","21":"product-type-simple","22":"entry","23":"content-bg","24":"loop-entry"},"yoast_head":"<!-- This site is optimized with the Yoast SEO plugin v25.3.1 - https:\/\/yoast.com\/wordpress\/plugins\/seo\/ -->\n<title>Walk-Behind Power Trowel PTH-D100 - HSY Construction Machinery<\/title>\n<meta name=\"description\" content=\"PTH-D100 electric concrete power trowel delivers silent, emission-free slab finishing for indoor use. Ideal for large commercial projects and enclosed job sites.Walk-Behind Power Trowel PTH-D100\" \/>\n<meta name=\"robots\" content=\"index, follow, max-snippet:-1, max-image-preview:large, max-video-preview:-1\" \/>\n<link rel=\"canonical\" href=\"https:\/\/www.hsymachinery.com\/pl\/product\/zacieraczka-mechaniczna-pth-d100\/\" \/>\n<meta property=\"og:locale\" content=\"pl_PL\" \/>\n<meta property=\"og:type\" content=\"article\" \/>\n<meta property=\"og:title\" content=\"Walk-Behind Power Trowel PTH-D100 - HSY Construction Machinery\" \/>\n<meta property=\"og:description\" content=\"PTH-D100 electric concrete power trowel delivers silent, emission-free slab finishing for indoor use. Ideal for large commercial projects and enclosed job sites.Walk-Behind Power Trowel PTH-D100\" \/>\n<meta property=\"og:url\" content=\"https:\/\/www.hsymachinery.com\/pl\/product\/zacieraczka-mechaniczna-pth-d100\/\" \/>\n<meta property=\"og:site_name\" content=\"HSY Construction Machinery\" \/>\n<meta property=\"article:modified_time\" content=\"2025-06-28T15:04:04+00:00\" \/>\n<meta property=\"og:image\" content=\"https:\/\/www.hsymachinery.com\/wp-content\/uploads\/2025\/06\/Walk-Behind-Power-Trowel-PTH-D100.jpg\" \/>\n\t<meta property=\"og:image:width\" content=\"600\" \/>\n\t<meta property=\"og:image:height\" content=\"738\" \/>\n\t<meta property=\"og:image:type\" content=\"image\/jpeg\" \/>\n<meta name=\"twitter:card\" content=\"summary_large_image\" \/>\n<meta name=\"twitter:label1\" content=\"Szacowany czas czytania\" \/>\n\t<meta name=\"twitter:data1\" content=\"2 minuty\" \/>\n<script type=\"application\/ld+json\" class=\"yoast-schema-graph\">{\"@context\":\"https:\/\/schema.org\",\"@graph\":[{\"@type\":\"WebPage\",\"@id\":\"https:\/\/www.hsymachinery.com\/product\/walk-behind-power-trowel-pth-d100\/\",\"url\":\"https:\/\/www.hsymachinery.com\/product\/walk-behind-power-trowel-pth-d100\/\",\"name\":\"Walk-Behind Power Trowel PTH-D100 - HSY Construction Machinery\",\"isPartOf\":{\"@id\":\"https:\/\/www.hsymachinery.com\/#website\"},\"primaryImageOfPage\":{\"@id\":\"https:\/\/www.hsymachinery.com\/product\/walk-behind-power-trowel-pth-d100\/#primaryimage\"},\"image\":{\"@id\":\"https:\/\/www.hsymachinery.com\/product\/walk-behind-power-trowel-pth-d100\/#primaryimage\"},\"thumbnailUrl\":\"https:\/\/www.hsymachinery.com\/wp-content\/uploads\/2025\/06\/Walk-Behind-Power-Trowel-PTH-D100.jpg\",\"datePublished\":\"2025-06-18T12:33:18+00:00\",\"dateModified\":\"2025-06-28T15:04:04+00:00\",\"description\":\"PTH-D100 electric concrete power trowel delivers silent, emission-free slab finishing for indoor use. Ideal for large commercial projects and enclosed job sites.Walk-Behind Power Trowel PTH-D100\",\"breadcrumb\":{\"@id\":\"https:\/\/www.hsymachinery.com\/product\/walk-behind-power-trowel-pth-d100\/#breadcrumb\"},\"inLanguage\":\"pl-PL\",\"potentialAction\":[{\"@type\":\"ReadAction\",\"target\":[\"https:\/\/www.hsymachinery.com\/product\/walk-behind-power-trowel-pth-d100\/\"]}]},{\"@type\":\"ImageObject\",\"inLanguage\":\"pl-PL\",\"@id\":\"https:\/\/www.hsymachinery.com\/product\/walk-behind-power-trowel-pth-d100\/#primaryimage\",\"url\":\"https:\/\/www.hsymachinery.com\/wp-content\/uploads\/2025\/06\/Walk-Behind-Power-Trowel-PTH-D100.jpg\",\"contentUrl\":\"https:\/\/www.hsymachinery.com\/wp-content\/uploads\/2025\/06\/Walk-Behind-Power-Trowel-PTH-D100.jpg\",\"width\":600,\"height\":738},{\"@type\":\"BreadcrumbList\",\"@id\":\"https:\/\/www.hsymachinery.com\/product\/walk-behind-power-trowel-pth-d100\/#breadcrumb\",\"itemListElement\":[{\"@type\":\"ListItem\",\"position\":1,\"name\":\"home\",\"item\":\"https:\/\/www.hsymachinery.com\/\"},{\"@type\":\"ListItem\",\"position\":2,\"name\":\"products\",\"item\":\"https:\/\/www.hsymachinery.com\/products\/\"},{\"@type\":\"ListItem\",\"position\":3,\"name\":\"Walk-Behind Power Trowel PTH-D100\"}]},{\"@type\":\"WebSite\",\"@id\":\"https:\/\/www.hsymachinery.com\/#website\",\"url\":\"https:\/\/www.hsymachinery.com\/\",\"name\":\"HSY Construction Machinery\",\"description\":\"HSY Machinery \u2013 A leading China construction machinery supplier, offering a wide range of light construction equipment. Our main products include Rebar Cutting Machine, Rebar Bending Machine, Rebar Stirrup Bending Machine, Rebar Arc Bending Machine, Rebar Straightening Machine, Five-Head Rebar Stirrup Bending Machine, Tamping Rammer, Plate Compactor, Concrete Cutter, Power Trowel, and other construction machinery. We are equipped with advanced CNC machines, and we enforce strict quality inspection standards along with comprehensive after-sales service. If you are interested in our products or services, we warmly welcome your inquiries via message.\",\"publisher\":{\"@id\":\"https:\/\/www.hsymachinery.com\/#organization\"},\"potentialAction\":[{\"@type\":\"SearchAction\",\"target\":{\"@type\":\"EntryPoint\",\"urlTemplate\":\"https:\/\/www.hsymachinery.com\/?s={search_term_string}\"},\"query-input\":{\"@type\":\"PropertyValueSpecification\",\"valueRequired\":true,\"valueName\":\"search_term_string\"}}],\"inLanguage\":\"pl-PL\"},{\"@type\":\"Organization\",\"@id\":\"https:\/\/www.hsymachinery.com\/#organization\",\"name\":\"HSY Construction Machinery\",\"url\":\"https:\/\/www.hsymachinery.com\/\",\"logo\":{\"@type\":\"ImageObject\",\"inLanguage\":\"pl-PL\",\"@id\":\"https:\/\/www.hsymachinery.com\/#\/schema\/logo\/image\/\",\"url\":\"https:\/\/www.hsymachinery.com\/wp-content\/uploads\/2025\/06\/cropped-HSY-machinery.png\",\"contentUrl\":\"https:\/\/www.hsymachinery.com\/wp-content\/uploads\/2025\/06\/cropped-HSY-machinery.png\",\"width\":600,\"height\":240,\"caption\":\"HSY Construction Machinery\"},\"image\":{\"@id\":\"https:\/\/www.hsymachinery.com\/#\/schema\/logo\/image\/\"}}]}<\/script>\n<!-- \/ Yoast SEO plugin. -->","yoast_head_json":{"title":"Zacieraczka samojezdna PTH-D100 - HSY Construction Machinery","description":"Elektryczna zacieraczka do betonu PTH-D100 zapewnia ciche, bezemisyjne wyka\u0144czanie p\u0142yt do u\u017cytku wewn\u0105trz pomieszcze\u0144. Idealna do du\u017cych projekt\u00f3w komercyjnych i zamkni\u0119tych plac\u00f3w budowy. Zacieraczka elektryczna PTH-D100","robots":{"index":"index","follow":"follow","max-snippet":"max-snippet:-1","max-image-preview":"max-image-preview:large","max-video-preview":"max-video-preview:-1"},"canonical":"https:\/\/www.hsymachinery.com\/pl\/product\/zacieraczka-mechaniczna-pth-d100\/","og_locale":"pl_PL","og_type":"article","og_title":"Walk-Behind Power Trowel PTH-D100 - HSY Construction Machinery","og_description":"PTH-D100 electric concrete power trowel delivers silent, emission-free slab finishing for indoor use. Ideal for large commercial projects and enclosed job sites.Walk-Behind Power Trowel PTH-D100","og_url":"https:\/\/www.hsymachinery.com\/pl\/product\/zacieraczka-mechaniczna-pth-d100\/","og_site_name":"HSY Construction Machinery","article_modified_time":"2025-06-28T15:04:04+00:00","og_image":[{"width":600,"height":738,"url":"https:\/\/www.hsymachinery.com\/wp-content\/uploads\/2025\/06\/Walk-Behind-Power-Trowel-PTH-D100.jpg","type":"image\/jpeg"}],"twitter_card":"summary_large_image","twitter_misc":{"Szacowany czas czytania":"2 minuty"},"schema":{"@context":"https:\/\/schema.org","@graph":[{"@type":"WebPage","@id":"https:\/\/www.hsymachinery.com\/product\/walk-behind-power-trowel-pth-d100\/","url":"https:\/\/www.hsymachinery.com\/product\/walk-behind-power-trowel-pth-d100\/","name":"Zacieraczka samojezdna PTH-D100 - HSY Construction Machinery","isPartOf":{"@id":"https:\/\/www.hsymachinery.com\/#website"},"primaryImageOfPage":{"@id":"https:\/\/www.hsymachinery.com\/product\/walk-behind-power-trowel-pth-d100\/#primaryimage"},"image":{"@id":"https:\/\/www.hsymachinery.com\/product\/walk-behind-power-trowel-pth-d100\/#primaryimage"},"thumbnailUrl":"https:\/\/www.hsymachinery.com\/wp-content\/uploads\/2025\/06\/Walk-Behind-Power-Trowel-PTH-D100.jpg","datePublished":"2025-06-18T12:33:18+00:00","dateModified":"2025-06-28T15:04:04+00:00","description":"Elektryczna zacieraczka do betonu PTH-D100 zapewnia ciche, bezemisyjne wyka\u0144czanie p\u0142yt do u\u017cytku wewn\u0105trz pomieszcze\u0144. Idealna do du\u017cych projekt\u00f3w komercyjnych i zamkni\u0119tych plac\u00f3w budowy. Zacieraczka elektryczna PTH-D100","breadcrumb":{"@id":"https:\/\/www.hsymachinery.com\/product\/walk-behind-power-trowel-pth-d100\/#breadcrumb"},"inLanguage":"pl-PL","potentialAction":[{"@type":"ReadAction","target":["https:\/\/www.hsymachinery.com\/product\/walk-behind-power-trowel-pth-d100\/"]}]},{"@type":"ImageObject","inLanguage":"pl-PL","@id":"https:\/\/www.hsymachinery.com\/product\/walk-behind-power-trowel-pth-d100\/#primaryimage","url":"https:\/\/www.hsymachinery.com\/wp-content\/uploads\/2025\/06\/Walk-Behind-Power-Trowel-PTH-D100.jpg","contentUrl":"https:\/\/www.hsymachinery.com\/wp-content\/uploads\/2025\/06\/Walk-Behind-Power-Trowel-PTH-D100.jpg","width":600,"height":738},{"@type":"BreadcrumbList","@id":"https:\/\/www.hsymachinery.com\/product\/walk-behind-power-trowel-pth-d100\/#breadcrumb","itemListElement":[{"@type":"ListItem","position":1,"name":"home","item":"https:\/\/www.hsymachinery.com\/"},{"@type":"ListItem","position":2,"name":"products","item":"https:\/\/www.hsymachinery.com\/products\/"},{"@type":"ListItem","position":3,"name":"Walk-Behind Power Trowel PTH-D100"}]},{"@type":"WebSite","@id":"https:\/\/www.hsymachinery.com\/#website","url":"https:\/\/www.hsymachinery.com\/","name":"HSY Construction Machinery","description":"HSY Machinery - wiod\u0105cy chi\u0144ski dostawca maszyn budowlanych, oferuj\u0105cy szerok\u0105 gam\u0119 lekkiego sprz\u0119tu budowlanego. Nasze g\u0142\u00f3wne produkty to maszyna do ci\u0119cia pr\u0119t\u00f3w zbrojeniowych, maszyna do gi\u0119cia pr\u0119t\u00f3w zbrojeniowych, maszyna do gi\u0119cia strzemion pr\u0119t\u00f3w zbrojeniowych, maszyna do gi\u0119cia \u0142uk\u00f3w pr\u0119t\u00f3w zbrojeniowych, maszyna do prostowania pr\u0119t\u00f3w zbrojeniowych, pi\u0119ciog\u0142owicowa maszyna do gi\u0119cia strzemion pr\u0119t\u00f3w zbrojeniowych, ubijak, zag\u0119szczarka p\u0142ytowa, przecinarka do betonu, zacieraczka mechaniczna i inne maszyny budowlane. Jeste\u015bmy wyposa\u017ceni w zaawansowane maszyny CNC i egzekwujemy surowe standardy kontroli jako\u015bci wraz z kompleksow\u0105 obs\u0142ug\u0105 posprzeda\u017cn\u0105. Je\u015bli jeste\u015b zainteresowany naszymi produktami lub us\u0142ugami, serdecznie zapraszamy do sk\u0142adania zapyta\u0144 za po\u015brednictwem wiadomo\u015bci.","publisher":{"@id":"https:\/\/www.hsymachinery.com\/#organization"},"potentialAction":[{"@type":"SearchAction","target":{"@type":"EntryPoint","urlTemplate":"https:\/\/www.hsymachinery.com\/?s={search_term_string}"},"query-input":{"@type":"PropertyValueSpecification","valueRequired":true,"valueName":"search_term_string"}}],"inLanguage":"pl-PL"},{"@type":"Organization","@id":"https:\/\/www.hsymachinery.com\/#organization","name":"HSY Construction Machinery","url":"https:\/\/www.hsymachinery.com\/","logo":{"@type":"ImageObject","inLanguage":"pl-PL","@id":"https:\/\/www.hsymachinery.com\/#\/schema\/logo\/image\/","url":"https:\/\/www.hsymachinery.com\/wp-content\/uploads\/2025\/06\/cropped-HSY-machinery.png","contentUrl":"https:\/\/www.hsymachinery.com\/wp-content\/uploads\/2025\/06\/cropped-HSY-machinery.png","width":600,"height":240,"caption":"HSY Construction Machinery"},"image":{"@id":"https:\/\/www.hsymachinery.com\/#\/schema\/logo\/image\/"}}]}},"_links":{"self":[{"href":"https:\/\/www.hsymachinery.com\/pl\/wp-json\/wp\/v2\/product\/9202","targetHints":{"allow":["GET"]}}],"collection":[{"href":"https:\/\/www.hsymachinery.com\/pl\/wp-json\/wp\/v2\/product"}],"about":[{"href":"https:\/\/www.hsymachinery.com\/pl\/wp-json\/wp\/v2\/types\/product"}],"version-history":[{"count":3,"href":"https:\/\/www.hsymachinery.com\/pl\/wp-json\/wp\/v2\/product\/9202\/revisions"}],"predecessor-version":[{"id":9600,"href":"https:\/\/www.hsymachinery.com\/pl\/wp-json\/wp\/v2\/product\/9202\/revisions\/9600"}],"wp:featuredmedia":[{"embeddable":true,"href":"https:\/\/www.hsymachinery.com\/pl\/wp-json\/wp\/v2\/media\/9203"}],"wp:attachment":[{"href":"https:\/\/www.hsymachinery.com\/pl\/wp-json\/wp\/v2\/media?parent=9202"}],"wp:term":[{"taxonomy":"product_brand","embeddable":true,"href":"https:\/\/www.hsymachinery.com\/pl\/wp-json\/wp\/v2\/product_brand?post=9202"},{"taxonomy":"product_cat","embeddable":true,"href":"https:\/\/www.hsymachinery.com\/pl\/wp-json\/wp\/v2\/product_cat?post=9202"},{"taxonomy":"product_tag","embeddable":true,"href":"https:\/\/www.hsymachinery.com\/pl\/wp-json\/wp\/v2\/product_tag?post=9202"}],"curies":[{"name":"wp","href":"https:\/\/api.w.org\/{rel}","templated":true}]}}