{"id":9196,"date":"2025-06-18T20:24:46","date_gmt":"2025-06-18T12:24:46","guid":{"rendered":"https:\/\/www.hsymachinery.com\/?post_type=product&#038;p=9196"},"modified":"2025-06-28T22:45:01","modified_gmt":"2025-06-28T14:45:01","slug":"zacieraczka-mechaniczna-pth-c100a","status":"publish","type":"product","link":"https:\/\/www.hsymachinery.com\/pl\/product\/zacieraczka-mechaniczna-pth-c100a\/","title":{"rendered":"Zacieraczka samojezdna PTH-C100A"},"content":{"rendered":"<h2 data-start=\"135\" data-end=\"177\">Zacieraczka samojezdna PTH-C100A<\/h2>\n<h3 data-start=\"178\" data-end=\"283\">Zacieraczka do betonu PTH-C100A z silnikiem wysokopr\u0119\u017cnym | Ulepszona wydajno\u015b\u0107 silnika wysokopr\u0119\u017cnego do wyka\u0144czania powierzchni na skal\u0119 przemys\u0142ow\u0105<\/h3>\n<h3 data-start=\"290\" data-end=\"375\">Opis produktu - Ulepszona zacieraczka spalinowa do wyg\u0142adzania betonu na du\u017cych powierzchniach<a href=\"https:\/\/www.hsymachinery.com\/pl\/produkty\/zacieraczka-mechaniczna\/\" target=\"_blank\" rel=\"noopener\"><img fetchpriority=\"high\" decoding=\"async\" class=\"wp-image-9197 alignright\" src=\"https:\/\/www.hsymachinery.com\/wp-content\/uploads\/2025\/06\/Walk-Behind-Power-Trowel-PTH-C100A-244x300.jpg\" alt=\"\" width=\"452\" height=\"556\" srcset=\"https:\/\/www.hsymachinery.com\/wp-content\/uploads\/2025\/06\/Walk-Behind-Power-Trowel-PTH-C100A-244x300.jpg 244w, https:\/\/www.hsymachinery.com\/wp-content\/uploads\/2025\/06\/Walk-Behind-Power-Trowel-PTH-C100A.jpg 600w\" sizes=\"(max-width: 452px) 100vw, 452px\" \/><\/a><\/h3>\n<p data-start=\"377\" data-end=\"750\">The <strong data-start=\"381\" data-end=\"419\">Zacieraczka samojezdna PTH-C100A<\/strong> to zmodernizowany model z silnikiem wysokopr\u0119\u017cnym, stworzony specjalnie dla wykonawc\u00f3w, kt\u00f3rzy wymagaj\u0105 precyzyjnego wyka\u0144czania i du\u017cej mocy silnika na du\u017cych powierzchniach betonowych. Jako zaawansowana wersja PTH-C100, model ten zapewnia zwi\u0119kszon\u0105 stabilno\u015b\u0107 operacyjn\u0105, lepsz\u0105 oszcz\u0119dno\u015b\u0107 paliwa i wi\u0119ksz\u0105 kontrol\u0119 wyka\u0144czania.<\/p>\n<p data-start=\"752\" data-end=\"1140\">Model PTH-C100A, nap\u0119dzany niezawodnym silnikiem wysokopr\u0119\u017cnym, zapewnia p\u0142ynn\u0105 prac\u0119 nawet podczas d\u0142ugich okres\u00f3w roboczych. Dzi\u0119ki \u015brednicy zacierania wynosz\u0105cej 100 cm, skutecznie pokrywa du\u017ce powierzchnie, znacznie zwi\u0119kszaj\u0105c wydajno\u015b\u0107. Co wi\u0119cej, system regulacji nachylenia tarczy pozwala operatorom uzyska\u0107 szereg efekt\u00f3w wyko\u0144czeniowych - od zgrubnego zacierania po bardzo g\u0142adkie polerowanie.<\/p>\n<p data-start=\"1142\" data-end=\"1511\">Ponadto model ten wyposa\u017cono w mocno wzmocnion\u0105 przek\u0142adni\u0119, wytrzyma\u0142e ramiona ostrzy i pier\u015bcie\u0144 zabezpieczaj\u0105cy, kt\u00f3re zosta\u0142y zaprojektowane z my\u015bl\u0105 o maksymalizacji \u017cywotno\u015bci i zapewnieniu sp\u00f3jnych wynik\u00f3w w wielu miejscach pracy. Ergonomiczny sk\u0142adany uchwyt z antywibracyjnymi uchwytami zwi\u0119ksza komfort podczas d\u0142ugotrwa\u0142ego u\u017cytkowania i u\u0142atwia przechowywanie i transport maszyny.<\/p>\n<p data-start=\"1513\" data-end=\"1772\">Co wi\u0119cej, PTH-C100A wyr\u00f3\u017cnia si\u0119 w \u015brodowiskach pracy regulowanych paliwem, w kt\u00f3rych u\u017cywanie benzyny jest zabronione. Jest to idealne rozwi\u0105zanie do wyka\u0144czania p\u0142yt betonowych w zak\u0142adach przemys\u0142owych, na parkingach, w centrach logistycznych i na platformach zewn\u0119trznych.<\/p>\n<h3 data-start=\"1779\" data-end=\"1825\">Kluczowe cechy kielni spalinowej PTH-C100A<\/h3>\n<ul data-start=\"1827\" data-end=\"2214\">\n<li data-start=\"1827\" data-end=\"1898\">\n<p data-start=\"1829\" data-end=\"1898\">Zmodernizowany silnik wysokopr\u0119\u017cny zapewnia doskona\u0142y moment obrotowy i oszcz\u0119dno\u015b\u0107 paliwa<\/p>\n<\/li>\n<li data-start=\"1899\" data-end=\"1965\">\n<p data-start=\"1901\" data-end=\"1965\">\u015arednica zacierania 100 cm zapewnia doskona\u0142e pokrycie du\u017cych powierzchni<\/p>\n<\/li>\n<li data-start=\"1966\" data-end=\"2028\">\n<p data-start=\"1968\" data-end=\"2028\">\u0141atwa kontrola nachylenia ostrza obs\u0142uguje r\u00f3\u017cne tekstury powierzchni<\/p>\n<\/li>\n<li data-start=\"2029\" data-end=\"2087\">\n<p data-start=\"2031\" data-end=\"2087\">Wytrzyma\u0142a przek\u0142adnia i wzmocniona rama zapewniaj\u0105 trwa\u0142o\u015b\u0107<\/p>\n<\/li>\n<li data-start=\"2088\" data-end=\"2145\">\n<p data-start=\"2090\" data-end=\"2145\">Ergonomiczny uchwyt zmniejsza zm\u0119czenie i poprawia kontrol\u0119<\/p>\n<\/li>\n<li data-start=\"2146\" data-end=\"2214\">\n<p data-start=\"2148\" data-end=\"2214\">Zaprojektowany do projekt\u00f3w na skal\u0119 przemys\u0142ow\u0105 w lokalizacjach preferuj\u0105cych olej nap\u0119dowy<\/p>\n<\/li>\n<\/ul>\n<h3 data-start=\"2221\" data-end=\"2304\">Zastosowania - idealny do magazyn\u00f3w przemys\u0142owych, terminali i p\u0142yt komercyjnych<\/h3>\n<p data-start=\"2306\" data-end=\"2599\">Wykonawcy u\u017cywaj\u0105 PTH-C100A do wyka\u0144czania du\u017cych powierzchni betonowych, takich jak fabryki, gara\u017ce wielostanowiskowe i obszary za\u0142adunku transportu. Ze wzgl\u0119du na niezawodno\u015b\u0107 opart\u0105 na silniku wysokopr\u0119\u017cnym i wytrzyma\u0142\u0105 konstrukcj\u0119, model ten jest szczeg\u00f3lnie skuteczny w odleg\u0142ych lub ograniczonych paliwem lokalizacjach.<\/p>\n<p data-start=\"2601\" data-end=\"2729\">W rezultacie u\u017cytkownicy ciesz\u0105 si\u0119 szybszym uko\u0144czeniem projektu, d\u0142u\u017csz\u0105 \u017cywotno\u015bci\u0105 maszyny i doskona\u0142ymi wynikami powierzchni przy minimalnej konserwacji.<\/p>\n<p><iframe title=\"zacieraczka mechaniczna, zacieraczka r\u0119czna, zacieraczka, beton # zacieraczka #powertrowe#concrete\" width=\"720\" height=\"405\" src=\"https:\/\/www.youtube.com\/embed\/pa6AuNhMrwI?feature=oembed\" frameborder=\"0\" allow=\"accelerometer; autoplay; clipboard-write; encrypted-media; gyroscope; picture-in-picture; web-share\" referrerpolicy=\"strict-origin-when-cross-origin\" allowfullscreen><\/iframe><\/p>","protected":false},"excerpt":{"rendered":"<p>Zacieraczka spalinowa PTH-C100A oferuje zwi\u0119kszon\u0105 wydajno\u015b\u0107, szerokie pokrycie i doskona\u0142\u0105 kontrol\u0119 wyko\u0144czenia du\u017cych p\u0142yt betonowych i posadzek przemys\u0142owych.<\/p>","protected":false},"featured_media":9197,"template":"","meta":{"_kad_post_transparent":"default","_kad_post_title":"","_kad_post_layout":"default","_kad_post_sidebar_id":"","_kad_post_content_style":"default","_kad_post_vertical_padding":"default","_kad_post_feature":"","_kad_post_feature_position":"","_kad_post_header":false,"_kad_post_footer":false},"product_brand":[],"product_cat":[55],"product_tag":[1084,1083,1087,1081,1086,1085,1089,1088,1090,1082],"class_list":{"0":"post-9196","1":"product","2":"type-product","3":"status-publish","4":"has-post-thumbnail","6":"product_cat-walk-behind-power-trowel","7":"product_tag-cement-power-trowel","8":"product_tag-concrete-finishing-trowel","9":"product_tag-concrete-floor-finishing-machine","10":"product_tag-concrete-power-trowel","11":"product_tag-electric-walk-behind-trowel","12":"product_tag-gasoline-power-trowel","13":"product_tag-hand-operated-power-trowel","14":"product_tag-manual-power-trowel","15":"product_tag-walk-behind-concrete-finishing-machine","16":"product_tag-walk-behind-trowel-machine","18":"first","19":"instock","20":"shipping-taxable","21":"product-type-simple","22":"entry","23":"content-bg","24":"loop-entry"},"yoast_head":"<!-- This site is optimized with the Yoast SEO plugin v25.3.1 - https:\/\/yoast.com\/wordpress\/plugins\/seo\/ -->\n<title>Walk-Behind Power Trowel PTH-C100A - HSY Construction Machinery<\/title>\n<meta name=\"description\" content=\"Walk-Behind Power Trowel PTH-C100A offers enhanced engine performance and 100cm coverage for industrial slabs. Smooth, durable, and fuel-efficient.\" \/>\n<meta name=\"robots\" content=\"index, follow, max-snippet:-1, max-image-preview:large, max-video-preview:-1\" \/>\n<link rel=\"canonical\" href=\"https:\/\/www.hsymachinery.com\/pl\/product\/zacieraczka-mechaniczna-pth-c100a\/\" \/>\n<meta property=\"og:locale\" content=\"pl_PL\" \/>\n<meta property=\"og:type\" content=\"article\" \/>\n<meta property=\"og:title\" content=\"Walk-Behind Power Trowel PTH-C100A - HSY Construction Machinery\" \/>\n<meta property=\"og:description\" content=\"Walk-Behind Power Trowel PTH-C100A offers enhanced engine performance and 100cm coverage for industrial slabs. Smooth, durable, and fuel-efficient.\" \/>\n<meta property=\"og:url\" content=\"https:\/\/www.hsymachinery.com\/pl\/product\/zacieraczka-mechaniczna-pth-c100a\/\" \/>\n<meta property=\"og:site_name\" content=\"HSY Construction Machinery\" \/>\n<meta property=\"article:modified_time\" content=\"2025-06-28T14:45:01+00:00\" \/>\n<meta property=\"og:image\" content=\"https:\/\/www.hsymachinery.com\/wp-content\/uploads\/2025\/06\/Walk-Behind-Power-Trowel-PTH-C100A.jpg\" \/>\n\t<meta property=\"og:image:width\" content=\"600\" \/>\n\t<meta property=\"og:image:height\" content=\"738\" \/>\n\t<meta property=\"og:image:type\" content=\"image\/jpeg\" \/>\n<meta name=\"twitter:card\" content=\"summary_large_image\" \/>\n<meta name=\"twitter:label1\" content=\"Szacowany czas czytania\" \/>\n\t<meta name=\"twitter:data1\" content=\"2 minuty\" \/>\n<script type=\"application\/ld+json\" class=\"yoast-schema-graph\">{\"@context\":\"https:\/\/schema.org\",\"@graph\":[{\"@type\":\"WebPage\",\"@id\":\"https:\/\/www.hsymachinery.com\/product\/walk-behind-power-trowel-pth-c100a\/\",\"url\":\"https:\/\/www.hsymachinery.com\/product\/walk-behind-power-trowel-pth-c100a\/\",\"name\":\"Walk-Behind Power Trowel PTH-C100A - HSY Construction Machinery\",\"isPartOf\":{\"@id\":\"https:\/\/www.hsymachinery.com\/#website\"},\"primaryImageOfPage\":{\"@id\":\"https:\/\/www.hsymachinery.com\/product\/walk-behind-power-trowel-pth-c100a\/#primaryimage\"},\"image\":{\"@id\":\"https:\/\/www.hsymachinery.com\/product\/walk-behind-power-trowel-pth-c100a\/#primaryimage\"},\"thumbnailUrl\":\"https:\/\/www.hsymachinery.com\/wp-content\/uploads\/2025\/06\/Walk-Behind-Power-Trowel-PTH-C100A.jpg\",\"datePublished\":\"2025-06-18T12:24:46+00:00\",\"dateModified\":\"2025-06-28T14:45:01+00:00\",\"description\":\"Walk-Behind Power Trowel PTH-C100A offers enhanced engine performance and 100cm coverage for industrial slabs. Smooth, durable, and fuel-efficient.\",\"breadcrumb\":{\"@id\":\"https:\/\/www.hsymachinery.com\/product\/walk-behind-power-trowel-pth-c100a\/#breadcrumb\"},\"inLanguage\":\"pl-PL\",\"potentialAction\":[{\"@type\":\"ReadAction\",\"target\":[\"https:\/\/www.hsymachinery.com\/product\/walk-behind-power-trowel-pth-c100a\/\"]}]},{\"@type\":\"ImageObject\",\"inLanguage\":\"pl-PL\",\"@id\":\"https:\/\/www.hsymachinery.com\/product\/walk-behind-power-trowel-pth-c100a\/#primaryimage\",\"url\":\"https:\/\/www.hsymachinery.com\/wp-content\/uploads\/2025\/06\/Walk-Behind-Power-Trowel-PTH-C100A.jpg\",\"contentUrl\":\"https:\/\/www.hsymachinery.com\/wp-content\/uploads\/2025\/06\/Walk-Behind-Power-Trowel-PTH-C100A.jpg\",\"width\":600,\"height\":738},{\"@type\":\"BreadcrumbList\",\"@id\":\"https:\/\/www.hsymachinery.com\/product\/walk-behind-power-trowel-pth-c100a\/#breadcrumb\",\"itemListElement\":[{\"@type\":\"ListItem\",\"position\":1,\"name\":\"home\",\"item\":\"https:\/\/www.hsymachinery.com\/\"},{\"@type\":\"ListItem\",\"position\":2,\"name\":\"products\",\"item\":\"https:\/\/www.hsymachinery.com\/products\/\"},{\"@type\":\"ListItem\",\"position\":3,\"name\":\"Walk-Behind Power Trowel PTH-C100A\"}]},{\"@type\":\"WebSite\",\"@id\":\"https:\/\/www.hsymachinery.com\/#website\",\"url\":\"https:\/\/www.hsymachinery.com\/\",\"name\":\"HSY Construction Machinery\",\"description\":\"HSY Machinery \u2013 A leading China construction machinery supplier, offering a wide range of light construction equipment. Our main products include Rebar Cutting Machine, Rebar Bending Machine, Rebar Stirrup Bending Machine, Rebar Arc Bending Machine, Rebar Straightening Machine, Five-Head Rebar Stirrup Bending Machine, Tamping Rammer, Plate Compactor, Concrete Cutter, Power Trowel, and other construction machinery. We are equipped with advanced CNC machines, and we enforce strict quality inspection standards along with comprehensive after-sales service. If you are interested in our products or services, we warmly welcome your inquiries via message.\",\"publisher\":{\"@id\":\"https:\/\/www.hsymachinery.com\/#organization\"},\"potentialAction\":[{\"@type\":\"SearchAction\",\"target\":{\"@type\":\"EntryPoint\",\"urlTemplate\":\"https:\/\/www.hsymachinery.com\/?s={search_term_string}\"},\"query-input\":{\"@type\":\"PropertyValueSpecification\",\"valueRequired\":true,\"valueName\":\"search_term_string\"}}],\"inLanguage\":\"pl-PL\"},{\"@type\":\"Organization\",\"@id\":\"https:\/\/www.hsymachinery.com\/#organization\",\"name\":\"HSY Construction Machinery\",\"url\":\"https:\/\/www.hsymachinery.com\/\",\"logo\":{\"@type\":\"ImageObject\",\"inLanguage\":\"pl-PL\",\"@id\":\"https:\/\/www.hsymachinery.com\/#\/schema\/logo\/image\/\",\"url\":\"https:\/\/www.hsymachinery.com\/wp-content\/uploads\/2025\/06\/cropped-HSY-machinery.png\",\"contentUrl\":\"https:\/\/www.hsymachinery.com\/wp-content\/uploads\/2025\/06\/cropped-HSY-machinery.png\",\"width\":600,\"height\":240,\"caption\":\"HSY Construction Machinery\"},\"image\":{\"@id\":\"https:\/\/www.hsymachinery.com\/#\/schema\/logo\/image\/\"}}]}<\/script>\n<!-- \/ Yoast SEO plugin. -->","yoast_head_json":{"title":"Zacieraczka samojezdna PTH-C100A - HSY Construction Machinery","description":"Zacieraczka samojezdna PTH-C100A oferuje zwi\u0119kszon\u0105 wydajno\u015b\u0107 silnika i zasi\u0119g 100 cm dla p\u0142yt przemys\u0142owych. P\u0142ynna, trwa\u0142a i oszcz\u0119dna.","robots":{"index":"index","follow":"follow","max-snippet":"max-snippet:-1","max-image-preview":"max-image-preview:large","max-video-preview":"max-video-preview:-1"},"canonical":"https:\/\/www.hsymachinery.com\/pl\/product\/zacieraczka-mechaniczna-pth-c100a\/","og_locale":"pl_PL","og_type":"article","og_title":"Walk-Behind Power Trowel PTH-C100A - HSY Construction Machinery","og_description":"Walk-Behind Power Trowel PTH-C100A offers enhanced engine performance and 100cm coverage for industrial slabs. Smooth, durable, and fuel-efficient.","og_url":"https:\/\/www.hsymachinery.com\/pl\/product\/zacieraczka-mechaniczna-pth-c100a\/","og_site_name":"HSY Construction Machinery","article_modified_time":"2025-06-28T14:45:01+00:00","og_image":[{"width":600,"height":738,"url":"https:\/\/www.hsymachinery.com\/wp-content\/uploads\/2025\/06\/Walk-Behind-Power-Trowel-PTH-C100A.jpg","type":"image\/jpeg"}],"twitter_card":"summary_large_image","twitter_misc":{"Szacowany czas czytania":"2 minuty"},"schema":{"@context":"https:\/\/schema.org","@graph":[{"@type":"WebPage","@id":"https:\/\/www.hsymachinery.com\/product\/walk-behind-power-trowel-pth-c100a\/","url":"https:\/\/www.hsymachinery.com\/product\/walk-behind-power-trowel-pth-c100a\/","name":"Zacieraczka samojezdna PTH-C100A - HSY Construction Machinery","isPartOf":{"@id":"https:\/\/www.hsymachinery.com\/#website"},"primaryImageOfPage":{"@id":"https:\/\/www.hsymachinery.com\/product\/walk-behind-power-trowel-pth-c100a\/#primaryimage"},"image":{"@id":"https:\/\/www.hsymachinery.com\/product\/walk-behind-power-trowel-pth-c100a\/#primaryimage"},"thumbnailUrl":"https:\/\/www.hsymachinery.com\/wp-content\/uploads\/2025\/06\/Walk-Behind-Power-Trowel-PTH-C100A.jpg","datePublished":"2025-06-18T12:24:46+00:00","dateModified":"2025-06-28T14:45:01+00:00","description":"Zacieraczka samojezdna PTH-C100A oferuje zwi\u0119kszon\u0105 wydajno\u015b\u0107 silnika i zasi\u0119g 100 cm dla p\u0142yt przemys\u0142owych. P\u0142ynna, trwa\u0142a i oszcz\u0119dna.","breadcrumb":{"@id":"https:\/\/www.hsymachinery.com\/product\/walk-behind-power-trowel-pth-c100a\/#breadcrumb"},"inLanguage":"pl-PL","potentialAction":[{"@type":"ReadAction","target":["https:\/\/www.hsymachinery.com\/product\/walk-behind-power-trowel-pth-c100a\/"]}]},{"@type":"ImageObject","inLanguage":"pl-PL","@id":"https:\/\/www.hsymachinery.com\/product\/walk-behind-power-trowel-pth-c100a\/#primaryimage","url":"https:\/\/www.hsymachinery.com\/wp-content\/uploads\/2025\/06\/Walk-Behind-Power-Trowel-PTH-C100A.jpg","contentUrl":"https:\/\/www.hsymachinery.com\/wp-content\/uploads\/2025\/06\/Walk-Behind-Power-Trowel-PTH-C100A.jpg","width":600,"height":738},{"@type":"BreadcrumbList","@id":"https:\/\/www.hsymachinery.com\/product\/walk-behind-power-trowel-pth-c100a\/#breadcrumb","itemListElement":[{"@type":"ListItem","position":1,"name":"home","item":"https:\/\/www.hsymachinery.com\/"},{"@type":"ListItem","position":2,"name":"products","item":"https:\/\/www.hsymachinery.com\/products\/"},{"@type":"ListItem","position":3,"name":"Walk-Behind Power Trowel PTH-C100A"}]},{"@type":"WebSite","@id":"https:\/\/www.hsymachinery.com\/#website","url":"https:\/\/www.hsymachinery.com\/","name":"HSY Construction Machinery","description":"HSY Machinery - wiod\u0105cy chi\u0144ski dostawca maszyn budowlanych, oferuj\u0105cy szerok\u0105 gam\u0119 lekkiego sprz\u0119tu budowlanego. Nasze g\u0142\u00f3wne produkty to maszyna do ci\u0119cia pr\u0119t\u00f3w zbrojeniowych, maszyna do gi\u0119cia pr\u0119t\u00f3w zbrojeniowych, maszyna do gi\u0119cia strzemion pr\u0119t\u00f3w zbrojeniowych, maszyna do gi\u0119cia \u0142uk\u00f3w pr\u0119t\u00f3w zbrojeniowych, maszyna do prostowania pr\u0119t\u00f3w zbrojeniowych, pi\u0119ciog\u0142owicowa maszyna do gi\u0119cia strzemion pr\u0119t\u00f3w zbrojeniowych, ubijak, zag\u0119szczarka p\u0142ytowa, przecinarka do betonu, zacieraczka mechaniczna i inne maszyny budowlane. Jeste\u015bmy wyposa\u017ceni w zaawansowane maszyny CNC i egzekwujemy surowe standardy kontroli jako\u015bci wraz z kompleksow\u0105 obs\u0142ug\u0105 posprzeda\u017cn\u0105. Je\u015bli jeste\u015b zainteresowany naszymi produktami lub us\u0142ugami, serdecznie zapraszamy do sk\u0142adania zapyta\u0144 za po\u015brednictwem wiadomo\u015bci.","publisher":{"@id":"https:\/\/www.hsymachinery.com\/#organization"},"potentialAction":[{"@type":"SearchAction","target":{"@type":"EntryPoint","urlTemplate":"https:\/\/www.hsymachinery.com\/?s={search_term_string}"},"query-input":{"@type":"PropertyValueSpecification","valueRequired":true,"valueName":"search_term_string"}}],"inLanguage":"pl-PL"},{"@type":"Organization","@id":"https:\/\/www.hsymachinery.com\/#organization","name":"HSY Construction Machinery","url":"https:\/\/www.hsymachinery.com\/","logo":{"@type":"ImageObject","inLanguage":"pl-PL","@id":"https:\/\/www.hsymachinery.com\/#\/schema\/logo\/image\/","url":"https:\/\/www.hsymachinery.com\/wp-content\/uploads\/2025\/06\/cropped-HSY-machinery.png","contentUrl":"https:\/\/www.hsymachinery.com\/wp-content\/uploads\/2025\/06\/cropped-HSY-machinery.png","width":600,"height":240,"caption":"HSY Construction Machinery"},"image":{"@id":"https:\/\/www.hsymachinery.com\/#\/schema\/logo\/image\/"}}]}},"_links":{"self":[{"href":"https:\/\/www.hsymachinery.com\/pl\/wp-json\/wp\/v2\/product\/9196","targetHints":{"allow":["GET"]}}],"collection":[{"href":"https:\/\/www.hsymachinery.com\/pl\/wp-json\/wp\/v2\/product"}],"about":[{"href":"https:\/\/www.hsymachinery.com\/pl\/wp-json\/wp\/v2\/types\/product"}],"version-history":[{"count":3,"href":"https:\/\/www.hsymachinery.com\/pl\/wp-json\/wp\/v2\/product\/9196\/revisions"}],"predecessor-version":[{"id":9596,"href":"https:\/\/www.hsymachinery.com\/pl\/wp-json\/wp\/v2\/product\/9196\/revisions\/9596"}],"wp:featuredmedia":[{"embeddable":true,"href":"https:\/\/www.hsymachinery.com\/pl\/wp-json\/wp\/v2\/media\/9197"}],"wp:attachment":[{"href":"https:\/\/www.hsymachinery.com\/pl\/wp-json\/wp\/v2\/media?parent=9196"}],"wp:term":[{"taxonomy":"product_brand","embeddable":true,"href":"https:\/\/www.hsymachinery.com\/pl\/wp-json\/wp\/v2\/product_brand?post=9196"},{"taxonomy":"product_cat","embeddable":true,"href":"https:\/\/www.hsymachinery.com\/pl\/wp-json\/wp\/v2\/product_cat?post=9196"},{"taxonomy":"product_tag","embeddable":true,"href":"https:\/\/www.hsymachinery.com\/pl\/wp-json\/wp\/v2\/product_tag?post=9196"}],"curies":[{"name":"wp","href":"https:\/\/api.w.org\/{rel}","templated":true}]}}