{"id":9184,"date":"2025-06-18T18:33:35","date_gmt":"2025-06-18T10:33:35","guid":{"rendered":"https:\/\/www.hsymachinery.com\/?post_type=product&#038;p=9184"},"modified":"2025-06-28T22:25:50","modified_gmt":"2025-06-28T14:25:50","slug":"zacieraczka-mechaniczna-pth-h100","status":"publish","type":"product","link":"https:\/\/www.hsymachinery.com\/pl\/product\/zacieraczka-mechaniczna-pth-h100\/","title":{"rendered":"Zacieraczka samojezdna PTH-H100"},"content":{"rendered":"<h2 data-start=\"123\" data-end=\"164\">Zacieraczka samojezdna PTH-H100<\/h2>\n<h3 data-start=\"165\" data-end=\"272\">Zacieraczka do betonu PTH-H100 z silnikiem Hondy | Finiszer o du\u017cej \u015brednicy do wyg\u0142adzania betonu klasy przemys\u0142owej<\/h3>\n<h3 data-start=\"279\" data-end=\"375\">Opis produktu - Wytrzyma\u0142e zacieranie z niezawodno\u015bci\u0105 Hondy i bardzo szerokim pokryciem<a href=\"https:\/\/www.hsymachinery.com\/pl\/produkty\/zacieraczka-mechaniczna\/\" target=\"_blank\" rel=\"noopener\"><img fetchpriority=\"high\" decoding=\"async\" class=\"wp-image-9185 alignright\" src=\"https:\/\/www.hsymachinery.com\/wp-content\/uploads\/2025\/06\/Walk-Behind-Power-Trowel-PTH-H100-244x300.jpg\" alt=\"\" width=\"452\" height=\"556\" srcset=\"https:\/\/www.hsymachinery.com\/wp-content\/uploads\/2025\/06\/Walk-Behind-Power-Trowel-PTH-H100-244x300.jpg 244w, https:\/\/www.hsymachinery.com\/wp-content\/uploads\/2025\/06\/Walk-Behind-Power-Trowel-PTH-H100.jpg 600w\" sizes=\"(max-width: 452px) 100vw, 452px\" \/><\/a><\/h3>\n<p data-start=\"377\" data-end=\"749\">The <strong data-start=\"381\" data-end=\"418\">Zacieraczka samojezdna PTH-H100<\/strong> zosta\u0142a zaprojektowana z my\u015bl\u0105 o wymagaj\u0105cych zadaniach zwi\u0105zanych z wyka\u0144czaniem betonu na du\u017cych powierzchniach, gdzie niezb\u0119dna jest moc, wytrzyma\u0142o\u015b\u0107 i precyzja. Nap\u0119dzany wytrzyma\u0142ym silnikiem benzynowym Honda, model ten oferuje wyj\u0105tkowy moment obrotowy, szybki rozruch i d\u0142ugotrwa\u0142\u0105 wydajno\u015b\u0107, nawet przy d\u0142u\u017cszej pracy w trudnych warunkach.<\/p>\n<p data-start=\"751\" data-end=\"1126\">Dzi\u0119ki \u015brednicy zacierania wynosz\u0105cej 100 cm, PTH-H100 skutecznie pokrywa du\u017ce powierzchnie, pomagaj\u0105c wykonawcom zaoszcz\u0119dzi\u0107 czas bez uszczerbku dla g\u0142adko\u015bci i jednolito\u015bci ko\u0144cowej powierzchni. System kontroli nachylenia ostrza umo\u017cliwia operatorom \u0142atwe dostosowanie k\u0105ta do zgrubnego wyr\u00f3wnywania lub dok\u0142adnego polerowania, zapewniaj\u0105c profesjonalne wyko\u0144czenie niezale\u017cnie od mieszanki i warunk\u00f3w.<\/p>\n<p data-start=\"1128\" data-end=\"1495\">Co wi\u0119cej, wzmocniona przek\u0142adnia, wytrzyma\u0142e ramiona no\u017cy i precyzyjnie wywa\u017cony wirnik zapewniaj\u0105, \u017ce maszyna ta wytrzyma codzienne u\u017cytkowanie w magazynach, na parkingach, w strefach logistycznych i na p\u0142ytach handlowych. Ergonomiczny uchwyt jest wyposa\u017cony w antywibracyjne uchwyty i jest w pe\u0142ni sk\u0142adany, dzi\u0119ki czemu transport i konfiguracja na miejscu s\u0105 szybkie i proste.<\/p>\n<p data-start=\"1497\" data-end=\"1659\">Jego oszcz\u0119dny silnik pomaga obni\u017cy\u0107 koszty operacyjne, a pier\u015bcie\u0144 bezpiecze\u0144stwa zapewnia dodatkow\u0105 warstw\u0119 ochrony dla operatora i otaczaj\u0105cych go powierzchni.<\/p>\n<h3 data-start=\"1666\" data-end=\"1719\">Kluczowe cechy zacieraczki do betonu PTH-H100<\/h3>\n<ul data-start=\"1721\" data-end=\"2107\">\n<li data-start=\"1721\" data-end=\"1786\">\n<p data-start=\"1723\" data-end=\"1786\">Mocny i wytrzyma\u0142y silnik benzynowy Honda do intensywnej eksploatacji<\/p>\n<\/li>\n<li data-start=\"1787\" data-end=\"1852\">\n<p data-start=\"1789\" data-end=\"1852\">Szeroka \u015brednica zacierania 100 cm dla lepszego pokrycia powierzchni<\/p>\n<\/li>\n<li data-start=\"1853\" data-end=\"1909\">\n<p data-start=\"1855\" data-end=\"1909\">Regulowany skok ostrza do zgrubnego lub g\u0142adkiego wyka\u0144czania<\/p>\n<\/li>\n<li data-start=\"1910\" data-end=\"1977\">\n<p data-start=\"1912\" data-end=\"1977\">Wzmocniona skrzynia bieg\u00f3w i ramiona paj\u0105ka zapewniaj\u0105 trwa\u0142o\u015b\u0107 i wytrzyma\u0142o\u015b\u0107<\/p>\n<\/li>\n<li data-start=\"1978\" data-end=\"2039\">\n<p data-start=\"1980\" data-end=\"2039\">Ergonomiczna, sk\u0142adana r\u0105czka z uchwytami t\u0142umi\u0105cymi drgania<\/p>\n<\/li>\n<li data-start=\"2040\" data-end=\"2107\">\n<p data-start=\"2042\" data-end=\"2107\">Idealny dla profesjonalnych wykonawc\u00f3w zajmuj\u0105cych si\u0119 du\u017cymi projektami p\u0142ytowymi<\/p>\n<\/li>\n<\/ul>\n<h3 data-start=\"2114\" data-end=\"2197\">Zastosowania - najlepsze do magazyn\u00f3w, gara\u017cy, parking\u00f3w i obiekt\u00f3w przemys\u0142owych<\/h3>\n<p data-start=\"2199\" data-end=\"2470\">PTH-H100 jest idealna do du\u017cych p\u0142yt betonowych w fabrykach, centrach dystrybucyjnych, gara\u017cach komercyjnych i na lotniskach. Dzi\u0119ki szerokiemu promieniowi roboczemu i solidnej ramie, maszyna ta radzi sobie z d\u0142ugimi zmianami i rozleg\u0142ymi powierzchniami pod\u0142ogowymi przy minimalnym zm\u0119czeniu operatora.<\/p>\n<p data-start=\"2472\" data-end=\"2651\">Profesjonali\u015bci wybieraj\u0105 ten model, gdy potrzebuj\u0105 niezawodnej, oszcz\u0119dzaj\u0105cej paliwo i wysokowydajnej wyka\u0144czarki do betonu, kt\u00f3ra zapewnia r\u00f3wne, g\u0119ste powierzchnie przy minimalnym wysi\u0142ku.<\/p>\n<p><iframe title=\"zacieraczka mechaniczna, zacieraczka r\u0119czna, zacieraczka, beton # zacieraczka #powertrowe#concrete\" width=\"720\" height=\"405\" src=\"https:\/\/www.youtube.com\/embed\/pa6AuNhMrwI?feature=oembed\" frameborder=\"0\" allow=\"accelerometer; autoplay; clipboard-write; encrypted-media; gyroscope; picture-in-picture; web-share\" referrerpolicy=\"strict-origin-when-cross-origin\" allowfullscreen><\/iframe><\/p>","protected":false},"excerpt":{"rendered":"<p>Pchana zacieraczka do betonu PTH-H100 z silnikiem Honda oferuje wydajne, szerokie wyko\u0144czenie powierzchni du\u017cych p\u0142yt, zapewniaj\u0105c g\u0142adkie i trwa\u0142e powierzchnie betonowe.<\/p>","protected":false},"featured_media":9185,"template":"","meta":{"_kad_post_transparent":"default","_kad_post_title":"","_kad_post_layout":"default","_kad_post_sidebar_id":"","_kad_post_content_style":"default","_kad_post_vertical_padding":"default","_kad_post_feature":"","_kad_post_feature_position":"","_kad_post_header":false,"_kad_post_footer":false},"product_brand":[],"product_cat":[55],"product_tag":[1084,1083,1087,1081,1086,1085,1089,1088,1090,1082],"class_list":{"0":"post-9184","1":"product","2":"type-product","3":"status-publish","4":"has-post-thumbnail","6":"product_cat-walk-behind-power-trowel","7":"product_tag-cement-power-trowel","8":"product_tag-concrete-finishing-trowel","9":"product_tag-concrete-floor-finishing-machine","10":"product_tag-concrete-power-trowel","11":"product_tag-electric-walk-behind-trowel","12":"product_tag-gasoline-power-trowel","13":"product_tag-hand-operated-power-trowel","14":"product_tag-manual-power-trowel","15":"product_tag-walk-behind-concrete-finishing-machine","16":"product_tag-walk-behind-trowel-machine","18":"first","19":"instock","20":"featured","21":"shipping-taxable","22":"product-type-simple","23":"entry","24":"content-bg","25":"loop-entry"},"yoast_head":"<!-- This site is optimized with the Yoast SEO plugin v25.3.1 - https:\/\/yoast.com\/wordpress\/plugins\/seo\/ -->\n<title>Walk-Behind Power Trowel PTH-H100 - HSY Construction Machinery<\/title>\n<meta name=\"description\" content=\"Walk-Behind Power Trowel PTH-H100 with Honda engine delivers smooth, wide-area concrete finishing for industrial slabs and garage floors. Reliable, durable, and efficient.\" \/>\n<meta name=\"robots\" content=\"index, follow, max-snippet:-1, max-image-preview:large, max-video-preview:-1\" \/>\n<link rel=\"canonical\" href=\"https:\/\/www.hsymachinery.com\/pl\/product\/zacieraczka-mechaniczna-pth-h100\/\" \/>\n<meta property=\"og:locale\" content=\"pl_PL\" \/>\n<meta property=\"og:type\" content=\"article\" \/>\n<meta property=\"og:title\" content=\"Walk-Behind Power Trowel PTH-H100 - HSY Construction Machinery\" \/>\n<meta property=\"og:description\" content=\"Walk-Behind Power Trowel PTH-H100 with Honda engine delivers smooth, wide-area concrete finishing for industrial slabs and garage floors. Reliable, durable, and efficient.\" \/>\n<meta property=\"og:url\" content=\"https:\/\/www.hsymachinery.com\/pl\/product\/zacieraczka-mechaniczna-pth-h100\/\" \/>\n<meta property=\"og:site_name\" content=\"HSY Construction Machinery\" \/>\n<meta property=\"article:modified_time\" content=\"2025-06-28T14:25:50+00:00\" \/>\n<meta property=\"og:image\" content=\"https:\/\/www.hsymachinery.com\/wp-content\/uploads\/2025\/06\/Walk-Behind-Power-Trowel-PTH-H100.jpg\" \/>\n\t<meta property=\"og:image:width\" content=\"600\" \/>\n\t<meta property=\"og:image:height\" content=\"738\" \/>\n\t<meta property=\"og:image:type\" content=\"image\/jpeg\" \/>\n<meta name=\"twitter:card\" content=\"summary_large_image\" \/>\n<meta name=\"twitter:label1\" content=\"Szacowany czas czytania\" \/>\n\t<meta name=\"twitter:data1\" content=\"2 minuty\" \/>\n<script type=\"application\/ld+json\" class=\"yoast-schema-graph\">{\"@context\":\"https:\/\/schema.org\",\"@graph\":[{\"@type\":\"WebPage\",\"@id\":\"https:\/\/www.hsymachinery.com\/product\/walk-behind-power-trowel-pth-h100\/\",\"url\":\"https:\/\/www.hsymachinery.com\/product\/walk-behind-power-trowel-pth-h100\/\",\"name\":\"Walk-Behind Power Trowel PTH-H100 - HSY Construction Machinery\",\"isPartOf\":{\"@id\":\"https:\/\/www.hsymachinery.com\/#website\"},\"primaryImageOfPage\":{\"@id\":\"https:\/\/www.hsymachinery.com\/product\/walk-behind-power-trowel-pth-h100\/#primaryimage\"},\"image\":{\"@id\":\"https:\/\/www.hsymachinery.com\/product\/walk-behind-power-trowel-pth-h100\/#primaryimage\"},\"thumbnailUrl\":\"https:\/\/www.hsymachinery.com\/wp-content\/uploads\/2025\/06\/Walk-Behind-Power-Trowel-PTH-H100.jpg\",\"datePublished\":\"2025-06-18T10:33:35+00:00\",\"dateModified\":\"2025-06-28T14:25:50+00:00\",\"description\":\"Walk-Behind Power Trowel PTH-H100 with Honda engine delivers smooth, wide-area concrete finishing for industrial slabs and garage floors. Reliable, durable, and efficient.\",\"breadcrumb\":{\"@id\":\"https:\/\/www.hsymachinery.com\/product\/walk-behind-power-trowel-pth-h100\/#breadcrumb\"},\"inLanguage\":\"pl-PL\",\"potentialAction\":[{\"@type\":\"ReadAction\",\"target\":[\"https:\/\/www.hsymachinery.com\/product\/walk-behind-power-trowel-pth-h100\/\"]}]},{\"@type\":\"ImageObject\",\"inLanguage\":\"pl-PL\",\"@id\":\"https:\/\/www.hsymachinery.com\/product\/walk-behind-power-trowel-pth-h100\/#primaryimage\",\"url\":\"https:\/\/www.hsymachinery.com\/wp-content\/uploads\/2025\/06\/Walk-Behind-Power-Trowel-PTH-H100.jpg\",\"contentUrl\":\"https:\/\/www.hsymachinery.com\/wp-content\/uploads\/2025\/06\/Walk-Behind-Power-Trowel-PTH-H100.jpg\",\"width\":600,\"height\":738},{\"@type\":\"BreadcrumbList\",\"@id\":\"https:\/\/www.hsymachinery.com\/product\/walk-behind-power-trowel-pth-h100\/#breadcrumb\",\"itemListElement\":[{\"@type\":\"ListItem\",\"position\":1,\"name\":\"home\",\"item\":\"https:\/\/www.hsymachinery.com\/\"},{\"@type\":\"ListItem\",\"position\":2,\"name\":\"products\",\"item\":\"https:\/\/www.hsymachinery.com\/products\/\"},{\"@type\":\"ListItem\",\"position\":3,\"name\":\"Walk-Behind Power Trowel PTH-H100\"}]},{\"@type\":\"WebSite\",\"@id\":\"https:\/\/www.hsymachinery.com\/#website\",\"url\":\"https:\/\/www.hsymachinery.com\/\",\"name\":\"HSY Construction Machinery\",\"description\":\"HSY Machinery \u2013 A leading China construction machinery supplier, offering a wide range of light construction equipment. Our main products include Rebar Cutting Machine, Rebar Bending Machine, Rebar Stirrup Bending Machine, Rebar Arc Bending Machine, Rebar Straightening Machine, Five-Head Rebar Stirrup Bending Machine, Tamping Rammer, Plate Compactor, Concrete Cutter, Power Trowel, and other construction machinery. We are equipped with advanced CNC machines, and we enforce strict quality inspection standards along with comprehensive after-sales service. If you are interested in our products or services, we warmly welcome your inquiries via message.\",\"publisher\":{\"@id\":\"https:\/\/www.hsymachinery.com\/#organization\"},\"potentialAction\":[{\"@type\":\"SearchAction\",\"target\":{\"@type\":\"EntryPoint\",\"urlTemplate\":\"https:\/\/www.hsymachinery.com\/?s={search_term_string}\"},\"query-input\":{\"@type\":\"PropertyValueSpecification\",\"valueRequired\":true,\"valueName\":\"search_term_string\"}}],\"inLanguage\":\"pl-PL\"},{\"@type\":\"Organization\",\"@id\":\"https:\/\/www.hsymachinery.com\/#organization\",\"name\":\"HSY Construction Machinery\",\"url\":\"https:\/\/www.hsymachinery.com\/\",\"logo\":{\"@type\":\"ImageObject\",\"inLanguage\":\"pl-PL\",\"@id\":\"https:\/\/www.hsymachinery.com\/#\/schema\/logo\/image\/\",\"url\":\"https:\/\/www.hsymachinery.com\/wp-content\/uploads\/2025\/06\/cropped-HSY-machinery.png\",\"contentUrl\":\"https:\/\/www.hsymachinery.com\/wp-content\/uploads\/2025\/06\/cropped-HSY-machinery.png\",\"width\":600,\"height\":240,\"caption\":\"HSY Construction Machinery\"},\"image\":{\"@id\":\"https:\/\/www.hsymachinery.com\/#\/schema\/logo\/image\/\"}}]}<\/script>\n<!-- \/ Yoast SEO plugin. -->","yoast_head_json":{"title":"Zacieraczka samojezdna PTH-H100 - HSY Construction Machinery","description":"Zacieraczka samojezdna PTH-H100 z silnikiem Honda zapewnia p\u0142ynne, szerokie wyko\u0144czenie betonu na p\u0142ytach przemys\u0142owych i posadzkach gara\u017cowych. Niezawodna, trwa\u0142a i wydajna.","robots":{"index":"index","follow":"follow","max-snippet":"max-snippet:-1","max-image-preview":"max-image-preview:large","max-video-preview":"max-video-preview:-1"},"canonical":"https:\/\/www.hsymachinery.com\/pl\/product\/zacieraczka-mechaniczna-pth-h100\/","og_locale":"pl_PL","og_type":"article","og_title":"Walk-Behind Power Trowel PTH-H100 - HSY Construction Machinery","og_description":"Walk-Behind Power Trowel PTH-H100 with Honda engine delivers smooth, wide-area concrete finishing for industrial slabs and garage floors. Reliable, durable, and efficient.","og_url":"https:\/\/www.hsymachinery.com\/pl\/product\/zacieraczka-mechaniczna-pth-h100\/","og_site_name":"HSY Construction Machinery","article_modified_time":"2025-06-28T14:25:50+00:00","og_image":[{"width":600,"height":738,"url":"https:\/\/www.hsymachinery.com\/wp-content\/uploads\/2025\/06\/Walk-Behind-Power-Trowel-PTH-H100.jpg","type":"image\/jpeg"}],"twitter_card":"summary_large_image","twitter_misc":{"Szacowany czas czytania":"2 minuty"},"schema":{"@context":"https:\/\/schema.org","@graph":[{"@type":"WebPage","@id":"https:\/\/www.hsymachinery.com\/product\/walk-behind-power-trowel-pth-h100\/","url":"https:\/\/www.hsymachinery.com\/product\/walk-behind-power-trowel-pth-h100\/","name":"Zacieraczka samojezdna PTH-H100 - HSY Construction Machinery","isPartOf":{"@id":"https:\/\/www.hsymachinery.com\/#website"},"primaryImageOfPage":{"@id":"https:\/\/www.hsymachinery.com\/product\/walk-behind-power-trowel-pth-h100\/#primaryimage"},"image":{"@id":"https:\/\/www.hsymachinery.com\/product\/walk-behind-power-trowel-pth-h100\/#primaryimage"},"thumbnailUrl":"https:\/\/www.hsymachinery.com\/wp-content\/uploads\/2025\/06\/Walk-Behind-Power-Trowel-PTH-H100.jpg","datePublished":"2025-06-18T10:33:35+00:00","dateModified":"2025-06-28T14:25:50+00:00","description":"Zacieraczka samojezdna PTH-H100 z silnikiem Honda zapewnia p\u0142ynne, szerokie wyko\u0144czenie betonu na p\u0142ytach przemys\u0142owych i posadzkach gara\u017cowych. Niezawodna, trwa\u0142a i wydajna.","breadcrumb":{"@id":"https:\/\/www.hsymachinery.com\/product\/walk-behind-power-trowel-pth-h100\/#breadcrumb"},"inLanguage":"pl-PL","potentialAction":[{"@type":"ReadAction","target":["https:\/\/www.hsymachinery.com\/product\/walk-behind-power-trowel-pth-h100\/"]}]},{"@type":"ImageObject","inLanguage":"pl-PL","@id":"https:\/\/www.hsymachinery.com\/product\/walk-behind-power-trowel-pth-h100\/#primaryimage","url":"https:\/\/www.hsymachinery.com\/wp-content\/uploads\/2025\/06\/Walk-Behind-Power-Trowel-PTH-H100.jpg","contentUrl":"https:\/\/www.hsymachinery.com\/wp-content\/uploads\/2025\/06\/Walk-Behind-Power-Trowel-PTH-H100.jpg","width":600,"height":738},{"@type":"BreadcrumbList","@id":"https:\/\/www.hsymachinery.com\/product\/walk-behind-power-trowel-pth-h100\/#breadcrumb","itemListElement":[{"@type":"ListItem","position":1,"name":"home","item":"https:\/\/www.hsymachinery.com\/"},{"@type":"ListItem","position":2,"name":"products","item":"https:\/\/www.hsymachinery.com\/products\/"},{"@type":"ListItem","position":3,"name":"Walk-Behind Power Trowel PTH-H100"}]},{"@type":"WebSite","@id":"https:\/\/www.hsymachinery.com\/#website","url":"https:\/\/www.hsymachinery.com\/","name":"HSY Construction Machinery","description":"HSY Machinery - wiod\u0105cy chi\u0144ski dostawca maszyn budowlanych, oferuj\u0105cy szerok\u0105 gam\u0119 lekkiego sprz\u0119tu budowlanego. Nasze g\u0142\u00f3wne produkty to maszyna do ci\u0119cia pr\u0119t\u00f3w zbrojeniowych, maszyna do gi\u0119cia pr\u0119t\u00f3w zbrojeniowych, maszyna do gi\u0119cia strzemion pr\u0119t\u00f3w zbrojeniowych, maszyna do gi\u0119cia \u0142uk\u00f3w pr\u0119t\u00f3w zbrojeniowych, maszyna do prostowania pr\u0119t\u00f3w zbrojeniowych, pi\u0119ciog\u0142owicowa maszyna do gi\u0119cia strzemion pr\u0119t\u00f3w zbrojeniowych, ubijak, zag\u0119szczarka p\u0142ytowa, przecinarka do betonu, zacieraczka mechaniczna i inne maszyny budowlane. Jeste\u015bmy wyposa\u017ceni w zaawansowane maszyny CNC i egzekwujemy surowe standardy kontroli jako\u015bci wraz z kompleksow\u0105 obs\u0142ug\u0105 posprzeda\u017cn\u0105. Je\u015bli jeste\u015b zainteresowany naszymi produktami lub us\u0142ugami, serdecznie zapraszamy do sk\u0142adania zapyta\u0144 za po\u015brednictwem wiadomo\u015bci.","publisher":{"@id":"https:\/\/www.hsymachinery.com\/#organization"},"potentialAction":[{"@type":"SearchAction","target":{"@type":"EntryPoint","urlTemplate":"https:\/\/www.hsymachinery.com\/?s={search_term_string}"},"query-input":{"@type":"PropertyValueSpecification","valueRequired":true,"valueName":"search_term_string"}}],"inLanguage":"pl-PL"},{"@type":"Organization","@id":"https:\/\/www.hsymachinery.com\/#organization","name":"HSY Construction Machinery","url":"https:\/\/www.hsymachinery.com\/","logo":{"@type":"ImageObject","inLanguage":"pl-PL","@id":"https:\/\/www.hsymachinery.com\/#\/schema\/logo\/image\/","url":"https:\/\/www.hsymachinery.com\/wp-content\/uploads\/2025\/06\/cropped-HSY-machinery.png","contentUrl":"https:\/\/www.hsymachinery.com\/wp-content\/uploads\/2025\/06\/cropped-HSY-machinery.png","width":600,"height":240,"caption":"HSY Construction Machinery"},"image":{"@id":"https:\/\/www.hsymachinery.com\/#\/schema\/logo\/image\/"}}]}},"_links":{"self":[{"href":"https:\/\/www.hsymachinery.com\/pl\/wp-json\/wp\/v2\/product\/9184","targetHints":{"allow":["GET"]}}],"collection":[{"href":"https:\/\/www.hsymachinery.com\/pl\/wp-json\/wp\/v2\/product"}],"about":[{"href":"https:\/\/www.hsymachinery.com\/pl\/wp-json\/wp\/v2\/types\/product"}],"version-history":[{"count":3,"href":"https:\/\/www.hsymachinery.com\/pl\/wp-json\/wp\/v2\/product\/9184\/revisions"}],"predecessor-version":[{"id":9587,"href":"https:\/\/www.hsymachinery.com\/pl\/wp-json\/wp\/v2\/product\/9184\/revisions\/9587"}],"wp:featuredmedia":[{"embeddable":true,"href":"https:\/\/www.hsymachinery.com\/pl\/wp-json\/wp\/v2\/media\/9185"}],"wp:attachment":[{"href":"https:\/\/www.hsymachinery.com\/pl\/wp-json\/wp\/v2\/media?parent=9184"}],"wp:term":[{"taxonomy":"product_brand","embeddable":true,"href":"https:\/\/www.hsymachinery.com\/pl\/wp-json\/wp\/v2\/product_brand?post=9184"},{"taxonomy":"product_cat","embeddable":true,"href":"https:\/\/www.hsymachinery.com\/pl\/wp-json\/wp\/v2\/product_cat?post=9184"},{"taxonomy":"product_tag","embeddable":true,"href":"https:\/\/www.hsymachinery.com\/pl\/wp-json\/wp\/v2\/product_tag?post=9184"}],"curies":[{"name":"wp","href":"https:\/\/api.w.org\/{rel}","templated":true}]}}