{"id":9169,"date":"2025-06-18T18:27:56","date_gmt":"2025-06-18T10:27:56","guid":{"rendered":"https:\/\/www.hsymachinery.com\/?post_type=product&#038;p=9169"},"modified":"2025-06-28T21:58:31","modified_gmt":"2025-06-28T13:58:31","slug":"zacieraczka-mechaniczna-pth-l80-90","status":"publish","type":"product","link":"https:\/\/www.hsymachinery.com\/pl\/product\/zacieraczka-mechaniczna-pth-l80-90\/","title":{"rendered":"Zacieraczka samojezdna PTH-L80\/90"},"content":{"rendered":"<h2 data-start=\"136\" data-end=\"179\">Zacieraczka samojezdna PTH-L80\/90<\/h2>\n<h3 data-start=\"180\" data-end=\"290\">Benzynowa zacieraczka do betonu PTH-L80\/90 z silnikiem Loncin | Idealna do \u015brednich i du\u017cych prac wyko\u0144czeniowych w betonie<\/h3>\n<h3 data-start=\"297\" data-end=\"396\">Opis produktu - Mocna i wydajna wyka\u0144czarka do betonu do p\u0142askich i trwa\u0142ych powierzchni<a href=\"https:\/\/www.hsymachinery.com\/pl\/produkty\/zacieraczka-mechaniczna\/\" target=\"_blank\" rel=\"noopener\"><img fetchpriority=\"high\" decoding=\"async\" class=\"wp-image-9170 alignright\" src=\"https:\/\/www.hsymachinery.com\/wp-content\/uploads\/2025\/06\/Walk-Behind-Power-Trowel-PTH-L80-244x300.jpg\" alt=\"\" width=\"450\" height=\"553\" srcset=\"https:\/\/www.hsymachinery.com\/wp-content\/uploads\/2025\/06\/Walk-Behind-Power-Trowel-PTH-L80-244x300.jpg 244w, https:\/\/www.hsymachinery.com\/wp-content\/uploads\/2025\/06\/Walk-Behind-Power-Trowel-PTH-L80.jpg 600w\" sizes=\"(max-width: 450px) 100vw, 450px\" \/><\/a><\/h3>\n<p data-start=\"398\" data-end=\"764\">The <strong data-start=\"402\" data-end=\"441\">Zacieraczka samojezdna PTH-L80\/90<\/strong> zosta\u0142a zaprojektowana z my\u015bl\u0105 o \u015brednich i du\u017cych projektach wyka\u0144czania powierzchni i jest nap\u0119dzana niezawodnym silnikiem benzynowym Longxin (Loncin). Maszyna ta zapewnia sta\u0142\u0105 wydajno\u015b\u0107, wysoki moment obrotowy i precyzyjn\u0105 kontrol\u0119 nad skokiem ostrza, dzi\u0119ki czemu jest idealnym narz\u0119dziem dla wykonawc\u00f3w potrzebuj\u0105cych r\u00f3wnowagi mi\u0119dzy moc\u0105 a zwrotno\u015bci\u0105.<\/p>\n<p data-start=\"766\" data-end=\"1101\">Dzi\u0119ki wi\u0119kszej \u015brednicy roboczej PTH-L80\/90 zwi\u0119ksza wydajno\u015b\u0107 wyka\u0144czania i zasi\u0119g, pomagaj\u0105c u\u017cytkownikom szybciej wykonywa\u0107 zadania bez utraty jako\u015bci. Wzmocniona przek\u0142adnia maszyny, regulowany uchwyt i wytrzyma\u0142y zesp\u00f3\u0142 paj\u0105ka zapewniaj\u0105 d\u0142ugotrwa\u0142\u0105 trwa\u0142o\u015b\u0107 nawet w trudnych warunkach budowlanych.<\/p>\n<p data-start=\"1103\" data-end=\"1236\">Ta zaprojektowana z my\u015bl\u0105 o profesjonalistach zacieraczka samojezdna jest niezawodnym narz\u0119dziem do tworzenia zwartych, g\u0142adkich i r\u00f3wnych powierzchni betonowych.<\/p>\n<h3 data-start=\"1243\" data-end=\"1292\">Kluczowe cechy zacieraczki do betonu PTH-L80\/90<\/h3>\n<ul data-start=\"1294\" data-end=\"1616\">\n<li data-start=\"1294\" data-end=\"1346\">\n<p data-start=\"1296\" data-end=\"1346\">Wyposa\u017cony w mocny silnik benzynowy Longxin<\/p>\n<\/li>\n<li data-start=\"1347\" data-end=\"1408\">\n<p data-start=\"1349\" data-end=\"1408\">Zacieraczka o \u015brednicy 80\/90 cm do wyka\u0144czania betonu na du\u017cych powierzchniach<\/p>\n<\/li>\n<li data-start=\"1409\" data-end=\"1463\">\n<p data-start=\"1411\" data-end=\"1463\">Regulowany skok \u0142opatek dla precyzyjnej kontroli powierzchni<\/p>\n<\/li>\n<li data-start=\"1464\" data-end=\"1508\">\n<p data-start=\"1466\" data-end=\"1508\">Sk\u0142adana r\u0105czka z uchwytem antywibracyjnym<\/p>\n<\/li>\n<li data-start=\"1509\" data-end=\"1559\">\n<p data-start=\"1511\" data-end=\"1559\">Wytrzyma\u0142a konstrukcja z pe\u0142n\u0105 ochron\u0105 pier\u015bcienia zabezpieczaj\u0105cego<\/p>\n<\/li>\n<li data-start=\"1560\" data-end=\"1616\">\n<p data-start=\"1562\" data-end=\"1616\">\u0141atwy w utrzymaniu, oszcz\u0119dny i gotowy do pracy w miejscu pracy<\/p>\n<\/li>\n<\/ul>\n<h3 data-start=\"1623\" data-end=\"1711\">Zastosowania - Zaprojektowany do p\u0142yt, pod\u0142\u00f3g fabrycznych, parking\u00f3w i prac komercyjnych<\/h3>\n<p data-start=\"1713\" data-end=\"1984\">Model PTH-L80\/90 jest idealny do wi\u0119kszych powierzchni betonowych, w tym posadzek przemys\u0142owych, gara\u017cy, podjazd\u00f3w i fundament\u00f3w. Stabilna podstawa i du\u017cy zasi\u0119g zacieraczki sprawiaj\u0105, \u017ce nadaje si\u0119 ona do prac wymagaj\u0105cych wysokiej wydajno\u015bci i standard\u00f3w p\u0142asko\u015bci.<\/p>\n<p data-start=\"1986\" data-end=\"2140\">Wykonawcy preferuj\u0105 ten model ze wzgl\u0119du na jego stosunek mocy do wielko\u015bci, \u0142atwo\u015b\u0107 obs\u0142ugi i zdolno\u015b\u0107 do uzyskiwania sp\u00f3jnych, profesjonalnych rezultat\u00f3w przy ka\u017cdym nalewaniu.<\/p>\n<p><iframe title=\"zacieraczka mechaniczna, zacieraczka r\u0119czna, zacieraczka, beton # zacieraczka #powertrowe#concrete\" width=\"720\" height=\"405\" src=\"https:\/\/www.youtube.com\/embed\/JeIeqDsn7vk?feature=oembed\" frameborder=\"0\" allow=\"accelerometer; autoplay; clipboard-write; encrypted-media; gyroscope; picture-in-picture; web-share\" referrerpolicy=\"strict-origin-when-cross-origin\" allowfullscreen><\/iframe><\/p>","protected":false},"excerpt":{"rendered":"<p>Zacieraczka samojezdna PTH-L80\/90 nap\u0119dzana silnikiem Longxin jest idealna do wyka\u0144czania du\u017cych p\u0142yt betonowych, oferuj\u0105c g\u0142adkie i r\u00f3wne rezultaty przy zwi\u0119kszonej wydajno\u015bci.<\/p>","protected":false},"featured_media":9170,"template":"","meta":{"_kad_post_transparent":"default","_kad_post_title":"","_kad_post_layout":"default","_kad_post_sidebar_id":"","_kad_post_content_style":"default","_kad_post_vertical_padding":"default","_kad_post_feature":"","_kad_post_feature_position":"","_kad_post_header":false,"_kad_post_footer":false},"product_brand":[],"product_cat":[55],"product_tag":[1084,1083,1087,1081,1086,1085,1089,1088,1090,1082],"class_list":{"0":"post-9169","1":"product","2":"type-product","3":"status-publish","4":"has-post-thumbnail","6":"product_cat-walk-behind-power-trowel","7":"product_tag-cement-power-trowel","8":"product_tag-concrete-finishing-trowel","9":"product_tag-concrete-floor-finishing-machine","10":"product_tag-concrete-power-trowel","11":"product_tag-electric-walk-behind-trowel","12":"product_tag-gasoline-power-trowel","13":"product_tag-hand-operated-power-trowel","14":"product_tag-manual-power-trowel","15":"product_tag-walk-behind-concrete-finishing-machine","16":"product_tag-walk-behind-trowel-machine","18":"first","19":"instock","20":"shipping-taxable","21":"product-type-simple","22":"entry","23":"content-bg","24":"loop-entry"},"yoast_head":"<!-- This site is optimized with the Yoast SEO plugin v25.3.1 - https:\/\/yoast.com\/wordpress\/plugins\/seo\/ -->\n<title>Walk-Behind Power Trowel PTH-L80\/90 - HSY Construction Machinery<\/title>\n<meta name=\"description\" content=\"Walk-Behind Power Trowel PTH-L80\/90 with Loncin gasoline engine delivers efficient surface finishing for large slabs, factory floors, and parking lots. Reliable and durable.\" \/>\n<meta name=\"robots\" content=\"index, follow, max-snippet:-1, max-image-preview:large, max-video-preview:-1\" \/>\n<link rel=\"canonical\" href=\"https:\/\/www.hsymachinery.com\/pl\/product\/zacieraczka-mechaniczna-pth-l80-90\/\" \/>\n<meta property=\"og:locale\" content=\"pl_PL\" \/>\n<meta property=\"og:type\" content=\"article\" \/>\n<meta property=\"og:title\" content=\"Walk-Behind Power Trowel PTH-L80\/90 - HSY Construction Machinery\" \/>\n<meta property=\"og:description\" content=\"Walk-Behind Power Trowel PTH-L80\/90 with Loncin gasoline engine delivers efficient surface finishing for large slabs, factory floors, and parking lots. Reliable and durable.\" \/>\n<meta property=\"og:url\" content=\"https:\/\/www.hsymachinery.com\/pl\/product\/zacieraczka-mechaniczna-pth-l80-90\/\" \/>\n<meta property=\"og:site_name\" content=\"HSY Construction Machinery\" \/>\n<meta property=\"article:modified_time\" content=\"2025-06-28T13:58:31+00:00\" \/>\n<meta property=\"og:image\" content=\"https:\/\/www.hsymachinery.com\/wp-content\/uploads\/2025\/06\/Walk-Behind-Power-Trowel-PTH-L80.jpg\" \/>\n\t<meta property=\"og:image:width\" content=\"600\" \/>\n\t<meta property=\"og:image:height\" content=\"738\" \/>\n\t<meta property=\"og:image:type\" content=\"image\/jpeg\" \/>\n<meta name=\"twitter:card\" content=\"summary_large_image\" \/>\n<meta name=\"twitter:label1\" content=\"Szacowany czas czytania\" \/>\n\t<meta name=\"twitter:data1\" content=\"2 minuty\" \/>\n<script type=\"application\/ld+json\" class=\"yoast-schema-graph\">{\"@context\":\"https:\/\/schema.org\",\"@graph\":[{\"@type\":\"WebPage\",\"@id\":\"https:\/\/www.hsymachinery.com\/product\/walk-behind-power-trowel-pth-l80-90\/\",\"url\":\"https:\/\/www.hsymachinery.com\/product\/walk-behind-power-trowel-pth-l80-90\/\",\"name\":\"Walk-Behind Power Trowel PTH-L80\/90 - HSY Construction Machinery\",\"isPartOf\":{\"@id\":\"https:\/\/www.hsymachinery.com\/#website\"},\"primaryImageOfPage\":{\"@id\":\"https:\/\/www.hsymachinery.com\/product\/walk-behind-power-trowel-pth-l80-90\/#primaryimage\"},\"image\":{\"@id\":\"https:\/\/www.hsymachinery.com\/product\/walk-behind-power-trowel-pth-l80-90\/#primaryimage\"},\"thumbnailUrl\":\"https:\/\/www.hsymachinery.com\/wp-content\/uploads\/2025\/06\/Walk-Behind-Power-Trowel-PTH-L80.jpg\",\"datePublished\":\"2025-06-18T10:27:56+00:00\",\"dateModified\":\"2025-06-28T13:58:31+00:00\",\"description\":\"Walk-Behind Power Trowel PTH-L80\/90 with Loncin gasoline engine delivers efficient surface finishing for large slabs, factory floors, and parking lots. Reliable and durable.\",\"breadcrumb\":{\"@id\":\"https:\/\/www.hsymachinery.com\/product\/walk-behind-power-trowel-pth-l80-90\/#breadcrumb\"},\"inLanguage\":\"pl-PL\",\"potentialAction\":[{\"@type\":\"ReadAction\",\"target\":[\"https:\/\/www.hsymachinery.com\/product\/walk-behind-power-trowel-pth-l80-90\/\"]}]},{\"@type\":\"ImageObject\",\"inLanguage\":\"pl-PL\",\"@id\":\"https:\/\/www.hsymachinery.com\/product\/walk-behind-power-trowel-pth-l80-90\/#primaryimage\",\"url\":\"https:\/\/www.hsymachinery.com\/wp-content\/uploads\/2025\/06\/Walk-Behind-Power-Trowel-PTH-L80.jpg\",\"contentUrl\":\"https:\/\/www.hsymachinery.com\/wp-content\/uploads\/2025\/06\/Walk-Behind-Power-Trowel-PTH-L80.jpg\",\"width\":600,\"height\":738},{\"@type\":\"BreadcrumbList\",\"@id\":\"https:\/\/www.hsymachinery.com\/product\/walk-behind-power-trowel-pth-l80-90\/#breadcrumb\",\"itemListElement\":[{\"@type\":\"ListItem\",\"position\":1,\"name\":\"home\",\"item\":\"https:\/\/www.hsymachinery.com\/\"},{\"@type\":\"ListItem\",\"position\":2,\"name\":\"products\",\"item\":\"https:\/\/www.hsymachinery.com\/products\/\"},{\"@type\":\"ListItem\",\"position\":3,\"name\":\"Walk-Behind Power Trowel PTH-L80\/90\"}]},{\"@type\":\"WebSite\",\"@id\":\"https:\/\/www.hsymachinery.com\/#website\",\"url\":\"https:\/\/www.hsymachinery.com\/\",\"name\":\"HSY Construction Machinery\",\"description\":\"HSY Machinery \u2013 A leading China construction machinery supplier, offering a wide range of light construction equipment. Our main products include Rebar Cutting Machine, Rebar Bending Machine, Rebar Stirrup Bending Machine, Rebar Arc Bending Machine, Rebar Straightening Machine, Five-Head Rebar Stirrup Bending Machine, Tamping Rammer, Plate Compactor, Concrete Cutter, Power Trowel, and other construction machinery. We are equipped with advanced CNC machines, and we enforce strict quality inspection standards along with comprehensive after-sales service. If you are interested in our products or services, we warmly welcome your inquiries via message.\",\"publisher\":{\"@id\":\"https:\/\/www.hsymachinery.com\/#organization\"},\"potentialAction\":[{\"@type\":\"SearchAction\",\"target\":{\"@type\":\"EntryPoint\",\"urlTemplate\":\"https:\/\/www.hsymachinery.com\/?s={search_term_string}\"},\"query-input\":{\"@type\":\"PropertyValueSpecification\",\"valueRequired\":true,\"valueName\":\"search_term_string\"}}],\"inLanguage\":\"pl-PL\"},{\"@type\":\"Organization\",\"@id\":\"https:\/\/www.hsymachinery.com\/#organization\",\"name\":\"HSY Construction Machinery\",\"url\":\"https:\/\/www.hsymachinery.com\/\",\"logo\":{\"@type\":\"ImageObject\",\"inLanguage\":\"pl-PL\",\"@id\":\"https:\/\/www.hsymachinery.com\/#\/schema\/logo\/image\/\",\"url\":\"https:\/\/www.hsymachinery.com\/wp-content\/uploads\/2025\/06\/cropped-HSY-machinery.png\",\"contentUrl\":\"https:\/\/www.hsymachinery.com\/wp-content\/uploads\/2025\/06\/cropped-HSY-machinery.png\",\"width\":600,\"height\":240,\"caption\":\"HSY Construction Machinery\"},\"image\":{\"@id\":\"https:\/\/www.hsymachinery.com\/#\/schema\/logo\/image\/\"}}]}<\/script>\n<!-- \/ Yoast SEO plugin. -->","yoast_head_json":{"title":"Zacieraczka samojezdna PTH-L80\/90 - HSY Construction Machinery","description":"Zacieraczka samojezdna PTH-L80\/90 z silnikiem benzynowym Loncin zapewnia wydajne wyko\u0144czenie powierzchni du\u017cych p\u0142yt, posadzek fabrycznych i parking\u00f3w. Niezawodna i trwa\u0142a.","robots":{"index":"index","follow":"follow","max-snippet":"max-snippet:-1","max-image-preview":"max-image-preview:large","max-video-preview":"max-video-preview:-1"},"canonical":"https:\/\/www.hsymachinery.com\/pl\/product\/zacieraczka-mechaniczna-pth-l80-90\/","og_locale":"pl_PL","og_type":"article","og_title":"Walk-Behind Power Trowel PTH-L80\/90 - HSY Construction Machinery","og_description":"Walk-Behind Power Trowel PTH-L80\/90 with Loncin gasoline engine delivers efficient surface finishing for large slabs, factory floors, and parking lots. Reliable and durable.","og_url":"https:\/\/www.hsymachinery.com\/pl\/product\/zacieraczka-mechaniczna-pth-l80-90\/","og_site_name":"HSY Construction Machinery","article_modified_time":"2025-06-28T13:58:31+00:00","og_image":[{"width":600,"height":738,"url":"https:\/\/www.hsymachinery.com\/wp-content\/uploads\/2025\/06\/Walk-Behind-Power-Trowel-PTH-L80.jpg","type":"image\/jpeg"}],"twitter_card":"summary_large_image","twitter_misc":{"Szacowany czas czytania":"2 minuty"},"schema":{"@context":"https:\/\/schema.org","@graph":[{"@type":"WebPage","@id":"https:\/\/www.hsymachinery.com\/product\/walk-behind-power-trowel-pth-l80-90\/","url":"https:\/\/www.hsymachinery.com\/product\/walk-behind-power-trowel-pth-l80-90\/","name":"Zacieraczka samojezdna PTH-L80\/90 - HSY Construction Machinery","isPartOf":{"@id":"https:\/\/www.hsymachinery.com\/#website"},"primaryImageOfPage":{"@id":"https:\/\/www.hsymachinery.com\/product\/walk-behind-power-trowel-pth-l80-90\/#primaryimage"},"image":{"@id":"https:\/\/www.hsymachinery.com\/product\/walk-behind-power-trowel-pth-l80-90\/#primaryimage"},"thumbnailUrl":"https:\/\/www.hsymachinery.com\/wp-content\/uploads\/2025\/06\/Walk-Behind-Power-Trowel-PTH-L80.jpg","datePublished":"2025-06-18T10:27:56+00:00","dateModified":"2025-06-28T13:58:31+00:00","description":"Zacieraczka samojezdna PTH-L80\/90 z silnikiem benzynowym Loncin zapewnia wydajne wyko\u0144czenie powierzchni du\u017cych p\u0142yt, posadzek fabrycznych i parking\u00f3w. Niezawodna i trwa\u0142a.","breadcrumb":{"@id":"https:\/\/www.hsymachinery.com\/product\/walk-behind-power-trowel-pth-l80-90\/#breadcrumb"},"inLanguage":"pl-PL","potentialAction":[{"@type":"ReadAction","target":["https:\/\/www.hsymachinery.com\/product\/walk-behind-power-trowel-pth-l80-90\/"]}]},{"@type":"ImageObject","inLanguage":"pl-PL","@id":"https:\/\/www.hsymachinery.com\/product\/walk-behind-power-trowel-pth-l80-90\/#primaryimage","url":"https:\/\/www.hsymachinery.com\/wp-content\/uploads\/2025\/06\/Walk-Behind-Power-Trowel-PTH-L80.jpg","contentUrl":"https:\/\/www.hsymachinery.com\/wp-content\/uploads\/2025\/06\/Walk-Behind-Power-Trowel-PTH-L80.jpg","width":600,"height":738},{"@type":"BreadcrumbList","@id":"https:\/\/www.hsymachinery.com\/product\/walk-behind-power-trowel-pth-l80-90\/#breadcrumb","itemListElement":[{"@type":"ListItem","position":1,"name":"home","item":"https:\/\/www.hsymachinery.com\/"},{"@type":"ListItem","position":2,"name":"products","item":"https:\/\/www.hsymachinery.com\/products\/"},{"@type":"ListItem","position":3,"name":"Walk-Behind Power Trowel PTH-L80\/90"}]},{"@type":"WebSite","@id":"https:\/\/www.hsymachinery.com\/#website","url":"https:\/\/www.hsymachinery.com\/","name":"HSY Construction Machinery","description":"HSY Machinery - wiod\u0105cy chi\u0144ski dostawca maszyn budowlanych, oferuj\u0105cy szerok\u0105 gam\u0119 lekkiego sprz\u0119tu budowlanego. Nasze g\u0142\u00f3wne produkty to maszyna do ci\u0119cia pr\u0119t\u00f3w zbrojeniowych, maszyna do gi\u0119cia pr\u0119t\u00f3w zbrojeniowych, maszyna do gi\u0119cia strzemion pr\u0119t\u00f3w zbrojeniowych, maszyna do gi\u0119cia \u0142uk\u00f3w pr\u0119t\u00f3w zbrojeniowych, maszyna do prostowania pr\u0119t\u00f3w zbrojeniowych, pi\u0119ciog\u0142owicowa maszyna do gi\u0119cia strzemion pr\u0119t\u00f3w zbrojeniowych, ubijak, zag\u0119szczarka p\u0142ytowa, przecinarka do betonu, zacieraczka mechaniczna i inne maszyny budowlane. Jeste\u015bmy wyposa\u017ceni w zaawansowane maszyny CNC i egzekwujemy surowe standardy kontroli jako\u015bci wraz z kompleksow\u0105 obs\u0142ug\u0105 posprzeda\u017cn\u0105. Je\u015bli jeste\u015b zainteresowany naszymi produktami lub us\u0142ugami, serdecznie zapraszamy do sk\u0142adania zapyta\u0144 za po\u015brednictwem wiadomo\u015bci.","publisher":{"@id":"https:\/\/www.hsymachinery.com\/#organization"},"potentialAction":[{"@type":"SearchAction","target":{"@type":"EntryPoint","urlTemplate":"https:\/\/www.hsymachinery.com\/?s={search_term_string}"},"query-input":{"@type":"PropertyValueSpecification","valueRequired":true,"valueName":"search_term_string"}}],"inLanguage":"pl-PL"},{"@type":"Organization","@id":"https:\/\/www.hsymachinery.com\/#organization","name":"HSY Construction Machinery","url":"https:\/\/www.hsymachinery.com\/","logo":{"@type":"ImageObject","inLanguage":"pl-PL","@id":"https:\/\/www.hsymachinery.com\/#\/schema\/logo\/image\/","url":"https:\/\/www.hsymachinery.com\/wp-content\/uploads\/2025\/06\/cropped-HSY-machinery.png","contentUrl":"https:\/\/www.hsymachinery.com\/wp-content\/uploads\/2025\/06\/cropped-HSY-machinery.png","width":600,"height":240,"caption":"HSY Construction Machinery"},"image":{"@id":"https:\/\/www.hsymachinery.com\/#\/schema\/logo\/image\/"}}]}},"_links":{"self":[{"href":"https:\/\/www.hsymachinery.com\/pl\/wp-json\/wp\/v2\/product\/9169","targetHints":{"allow":["GET"]}}],"collection":[{"href":"https:\/\/www.hsymachinery.com\/pl\/wp-json\/wp\/v2\/product"}],"about":[{"href":"https:\/\/www.hsymachinery.com\/pl\/wp-json\/wp\/v2\/types\/product"}],"version-history":[{"count":3,"href":"https:\/\/www.hsymachinery.com\/pl\/wp-json\/wp\/v2\/product\/9169\/revisions"}],"predecessor-version":[{"id":9577,"href":"https:\/\/www.hsymachinery.com\/pl\/wp-json\/wp\/v2\/product\/9169\/revisions\/9577"}],"wp:featuredmedia":[{"embeddable":true,"href":"https:\/\/www.hsymachinery.com\/pl\/wp-json\/wp\/v2\/media\/9170"}],"wp:attachment":[{"href":"https:\/\/www.hsymachinery.com\/pl\/wp-json\/wp\/v2\/media?parent=9169"}],"wp:term":[{"taxonomy":"product_brand","embeddable":true,"href":"https:\/\/www.hsymachinery.com\/pl\/wp-json\/wp\/v2\/product_brand?post=9169"},{"taxonomy":"product_cat","embeddable":true,"href":"https:\/\/www.hsymachinery.com\/pl\/wp-json\/wp\/v2\/product_cat?post=9169"},{"taxonomy":"product_tag","embeddable":true,"href":"https:\/\/www.hsymachinery.com\/pl\/wp-json\/wp\/v2\/product_tag?post=9169"}],"curies":[{"name":"wp","href":"https:\/\/api.w.org\/{rel}","templated":true}]}}