{"id":9124,"date":"2025-06-18T17:06:54","date_gmt":"2025-06-18T09:06:54","guid":{"rendered":"https:\/\/www.hsymachinery.com\/?post_type=product&#038;p=9124"},"modified":"2025-06-28T20:07:30","modified_gmt":"2025-06-28T12:07:30","slug":"zageszczarka-plytowa-ph-h250a","status":"publish","type":"product","link":"https:\/\/www.hsymachinery.com\/pl\/product\/zageszczarka-plytowa-ph-h250a\/","title":{"rendered":"Zag\u0119szczarka p\u0142ytowa PH-H250A"},"content":{"rendered":"<h2 data-start=\"107\" data-end=\"139\">Zag\u0119szczarka p\u0142ytowa PH-H250A<\/h2>\n<h3 data-start=\"140\" data-end=\"264\">PH-H250A Benzynowa zag\u0119szczarka p\u0142ytowa Honda | Wysokowydajna zag\u0119szczarka z szerok\u0105 podstaw\u0105 do dr\u00f3g, asfaltu i fundament\u00f3w<\/h3>\n<h3 data-start=\"271\" data-end=\"347\">Przegl\u0105d produkt\u00f3w - moc Hondy w szerszej, mocniejszej konstrukcji zag\u0119szczaj\u0105cej<a href=\"https:\/\/www.hsymachinery.com\/pl\/produkty\/zageszczarka-plytowa\/\" target=\"_blank\" rel=\"noopener\"><img fetchpriority=\"high\" decoding=\"async\" class=\"wp-image-9125 alignright\" src=\"https:\/\/www.hsymachinery.com\/wp-content\/uploads\/2025\/06\/Plate-Compactor-PH-H250A-300x300.jpg\" alt=\"\" width=\"461\" height=\"461\" srcset=\"https:\/\/www.hsymachinery.com\/wp-content\/uploads\/2025\/06\/Plate-Compactor-PH-H250A-300x300.jpg 300w, https:\/\/www.hsymachinery.com\/wp-content\/uploads\/2025\/06\/Plate-Compactor-PH-H250A-150x150.jpg 150w, https:\/\/www.hsymachinery.com\/wp-content\/uploads\/2025\/06\/Plate-Compactor-PH-H250A-100x100.jpg 100w, https:\/\/www.hsymachinery.com\/wp-content\/uploads\/2025\/06\/Plate-Compactor-PH-H250A.jpg 600w\" sizes=\"(max-width: 461px) 100vw, 461px\" \/><\/a><\/h3>\n<p data-start=\"349\" data-end=\"706\">The <strong data-start=\"353\" data-end=\"381\">Zag\u0119szczarka p\u0142ytowa PH-H250A<\/strong> to ulepszony, wysokowydajny model wyposa\u017cony w 4-suwowy silnik benzynowy Honda GX160 i szersz\u0105, wzmocnion\u0105 stalow\u0105 p\u0142yt\u0119 podstawy. Zosta\u0142 zaprojektowany dla profesjonalist\u00f3w, kt\u00f3rzy potrzebuj\u0105 stabilnego, mocnego i wydajnego zag\u0119szczania gruntu podczas napraw nawierzchni, zag\u0119szczania fundament\u00f3w i \u015brednich projekt\u00f3w drogowych.<\/p>\n<p data-start=\"708\" data-end=\"834\">Dzi\u0119ki tej ulepszonej p\u0142ycie operatorzy mog\u0105 pokry\u0107 wi\u0119kszy obszar na przejazd, zachowuj\u0105c g\u0142adkie, r\u00f3wnomierne rezultaty na wszystkich rodzajach gleby.<\/p>\n<h3 data-start=\"841\" data-end=\"903\">P\u0142ynna praca, niezawodny silnik i komfort operatora<\/h3>\n<p data-start=\"905\" data-end=\"1283\">Nap\u0119dzany znanym na ca\u0142ym \u015bwiecie silnikiem Honda GX160, PH-H250A zapewnia cich\u0105, niskoemisyjn\u0105 i d\u0142ugotrwa\u0142\u0105 prac\u0119. Rozszerzona p\u0142yta zapewnia szersze pokrycie, zmniejszaj\u0105c liczb\u0119 przej\u015b\u0107 wymaganych na miejscu. System uchwyt\u00f3w o niskim poziomie wibracji pomaga zminimalizowa\u0107 zm\u0119czenie, a ochronna klatka silnika zapewnia niezawodno\u015b\u0107 nawet w trudnych warunkach pracy.<\/p>\n<p data-start=\"1285\" data-end=\"1384\">\u0141atwa konserwacja i dost\u0119pne na ca\u0142ym \u015bwiecie cz\u0119\u015bci serwisowe Honda sprawiaj\u0105, \u017ce ta jednostka jest inwestycj\u0105 bez obaw.<\/p>\n<h3 data-start=\"1391\" data-end=\"1455\">Doskona\u0142y do asfaltu, podbudowy i produktywno\u015bci w miejscu pracy<\/h3>\n<p data-start=\"1457\" data-end=\"1719\">Niezale\u017cnie od tego, czy zag\u0119szczasz gor\u0105cy asfalt, \u017cwir czy glin\u0119, model PH-H250A zapewnia sp\u00f3jno\u015b\u0107 i wytrzyma\u0142o\u015b\u0107. Jest to idealne rozwi\u0105zanie dla miejskich zespo\u0142\u00f3w konserwacyjnych, wykonawc\u00f3w dr\u00f3g i deweloper\u00f3w poszukuj\u0105cych trwa\u0142ej i wydajnej czasowo zag\u0119szczarki.<\/p>\n<p data-start=\"1721\" data-end=\"1835\">Szeroko\u015b\u0107 i r\u00f3wnowaga uderzenia p\u0142yty umo\u017cliwiaj\u0105 szybsze uko\u0144czenie projektu bez po\u015bwi\u0119cania g\u0142\u0119boko\u015bci lub jednorodno\u015bci.<\/p>\n<h3 data-start=\"1842\" data-end=\"1888\">Kluczowe cechy zag\u0119szczarki p\u0142ytowej PH-H250A<\/h3>\n<ul data-start=\"1890\" data-end=\"2211\">\n<li data-start=\"1890\" data-end=\"1945\">\n<p data-start=\"1892\" data-end=\"1945\">Silnik Honda GX160 zapewniaj\u0105cy cich\u0105 i niezawodn\u0105 prac\u0119<\/p>\n<\/li>\n<li data-start=\"1946\" data-end=\"2010\">\n<p data-start=\"1948\" data-end=\"2010\">Wyj\u0105tkowo szeroka p\u0142yta zag\u0119szczaj\u0105ca zapewnia wi\u0119ksz\u0105 wydajno\u015b\u0107 w miejscu pracy<\/p>\n<\/li>\n<li data-start=\"2011\" data-end=\"2081\">\n<p data-start=\"2013\" data-end=\"2081\">Idealny do \u0142atania asfaltu, wykonywania podbudowy i przygotowywania podbudowy drogi.<\/p>\n<\/li>\n<li data-start=\"2082\" data-end=\"2141\">\n<p data-start=\"2084\" data-end=\"2141\">Amortyzowany uchwyt zapewnia operatorowi wygod\u0119 i kontrol\u0119<\/p>\n<\/li>\n<li data-start=\"2142\" data-end=\"2211\">\n<p data-start=\"2144\" data-end=\"2211\">D\u0142ugotrwa\u0142a wydajno\u015b\u0107 z globalnym wsparciem i \u0142atw\u0105 konserwacj\u0105<\/p>\n<\/li>\n<\/ul>\n<p><iframe title=\"zag\u0119szczarka, ubijak, ubijak, zag\u0119szczarka p\u0142ytowa, wibracje budowlane, maszyna zag\u0119szczaj\u0105ca.#tamping\" width=\"720\" height=\"405\" src=\"https:\/\/www.youtube.com\/embed\/kHw7Cpv12Zs?feature=oembed\" frameborder=\"0\" allow=\"accelerometer; autoplay; clipboard-write; encrypted-media; gyroscope; picture-in-picture; web-share\" referrerpolicy=\"strict-origin-when-cross-origin\" allowfullscreen><\/iframe><\/p>","protected":false},"excerpt":{"rendered":"<p>Zag\u0119szczarka p\u0142ytowa PH-H250A z silnikiem Honda GX160 i szersz\u0105 p\u0142yt\u0105 zapewnia wydajne, ciche zag\u0119szczanie asfaltu, gleby i podbudowy. Zbudowana z my\u015bl\u0105 o trwa\u0142o\u015bci i pokryciu wi\u0119kszej powierzchni.<\/p>","protected":false},"featured_media":9125,"template":"","meta":{"_kad_post_transparent":"default","_kad_post_title":"","_kad_post_layout":"default","_kad_post_sidebar_id":"","_kad_post_content_style":"default","_kad_post_vertical_padding":"default","_kad_post_feature":"","_kad_post_feature_position":"","_kad_post_header":false,"_kad_post_footer":false},"product_brand":[],"product_cat":[59],"product_tag":[1066,1062,1065,1070,1069,1063,1067,1064,1061,1068],"class_list":{"0":"post-9124","1":"product","2":"type-product","3":"status-publish","4":"has-post-thumbnail","6":"product_cat-plate-compactor","7":"product_tag-diesel-plate-compactor","8":"product_tag-forward-plate-compactor","9":"product_tag-gasoline-plate-compactor","10":"product_tag-heavy-duty-plate-compactor","11":"product_tag-plate-compactor-for-asphalt","12":"product_tag-reversible-plate-compactor","13":"product_tag-road-construction-compactor","14":"product_tag-soil-plate-compactor","15":"product_tag-vibratory-plate-compactor","16":"product_tag-walk-behind-plate-compactor","18":"first","19":"instock","20":"shipping-taxable","21":"product-type-simple","22":"entry","23":"content-bg","24":"loop-entry"},"yoast_head":"<!-- This site is optimized with the Yoast SEO plugin v25.3.1 - https:\/\/yoast.com\/wordpress\/plugins\/seo\/ -->\n<title>Plate Compactor PH-H250A - HSY Construction Machinery<\/title>\n<meta name=\"description\" content=\"PH-H250A Honda Plate Compactor offers reliable, efficient compaction with a wider plate for roads, asphalt repairs, and foundations. High-performance soil compactor.\" \/>\n<meta name=\"robots\" content=\"index, follow, max-snippet:-1, max-image-preview:large, max-video-preview:-1\" \/>\n<link rel=\"canonical\" href=\"https:\/\/www.hsymachinery.com\/pl\/product\/zageszczarka-plytowa-ph-h250a\/\" \/>\n<meta property=\"og:locale\" content=\"pl_PL\" \/>\n<meta property=\"og:type\" content=\"article\" \/>\n<meta property=\"og:title\" content=\"Plate Compactor PH-H250A - HSY Construction Machinery\" \/>\n<meta property=\"og:description\" content=\"PH-H250A Honda Plate Compactor offers reliable, efficient compaction with a wider plate for roads, asphalt repairs, and foundations. High-performance soil compactor.\" \/>\n<meta property=\"og:url\" content=\"https:\/\/www.hsymachinery.com\/pl\/product\/zageszczarka-plytowa-ph-h250a\/\" \/>\n<meta property=\"og:site_name\" content=\"HSY Construction Machinery\" \/>\n<meta property=\"article:modified_time\" content=\"2025-06-28T12:07:30+00:00\" \/>\n<meta property=\"og:image\" content=\"https:\/\/www.hsymachinery.com\/wp-content\/uploads\/2025\/06\/Plate-Compactor-PH-H250A.jpg\" \/>\n\t<meta property=\"og:image:width\" content=\"600\" \/>\n\t<meta property=\"og:image:height\" content=\"600\" \/>\n\t<meta property=\"og:image:type\" content=\"image\/jpeg\" \/>\n<meta name=\"twitter:card\" content=\"summary_large_image\" \/>\n<meta name=\"twitter:label1\" content=\"Szacowany czas czytania\" \/>\n\t<meta name=\"twitter:data1\" content=\"2 minuty\" \/>\n<script type=\"application\/ld+json\" class=\"yoast-schema-graph\">{\"@context\":\"https:\/\/schema.org\",\"@graph\":[{\"@type\":\"WebPage\",\"@id\":\"https:\/\/www.hsymachinery.com\/product\/plate-compactor-ph-h250a\/\",\"url\":\"https:\/\/www.hsymachinery.com\/product\/plate-compactor-ph-h250a\/\",\"name\":\"Plate Compactor PH-H250A - HSY Construction Machinery\",\"isPartOf\":{\"@id\":\"https:\/\/www.hsymachinery.com\/#website\"},\"primaryImageOfPage\":{\"@id\":\"https:\/\/www.hsymachinery.com\/product\/plate-compactor-ph-h250a\/#primaryimage\"},\"image\":{\"@id\":\"https:\/\/www.hsymachinery.com\/product\/plate-compactor-ph-h250a\/#primaryimage\"},\"thumbnailUrl\":\"https:\/\/www.hsymachinery.com\/wp-content\/uploads\/2025\/06\/Plate-Compactor-PH-H250A.jpg\",\"datePublished\":\"2025-06-18T09:06:54+00:00\",\"dateModified\":\"2025-06-28T12:07:30+00:00\",\"description\":\"PH-H250A Honda Plate Compactor offers reliable, efficient compaction with a wider plate for roads, asphalt repairs, and foundations. High-performance soil compactor.\",\"breadcrumb\":{\"@id\":\"https:\/\/www.hsymachinery.com\/product\/plate-compactor-ph-h250a\/#breadcrumb\"},\"inLanguage\":\"pl-PL\",\"potentialAction\":[{\"@type\":\"ReadAction\",\"target\":[\"https:\/\/www.hsymachinery.com\/product\/plate-compactor-ph-h250a\/\"]}]},{\"@type\":\"ImageObject\",\"inLanguage\":\"pl-PL\",\"@id\":\"https:\/\/www.hsymachinery.com\/product\/plate-compactor-ph-h250a\/#primaryimage\",\"url\":\"https:\/\/www.hsymachinery.com\/wp-content\/uploads\/2025\/06\/Plate-Compactor-PH-H250A.jpg\",\"contentUrl\":\"https:\/\/www.hsymachinery.com\/wp-content\/uploads\/2025\/06\/Plate-Compactor-PH-H250A.jpg\",\"width\":600,\"height\":600},{\"@type\":\"BreadcrumbList\",\"@id\":\"https:\/\/www.hsymachinery.com\/product\/plate-compactor-ph-h250a\/#breadcrumb\",\"itemListElement\":[{\"@type\":\"ListItem\",\"position\":1,\"name\":\"home\",\"item\":\"https:\/\/www.hsymachinery.com\/\"},{\"@type\":\"ListItem\",\"position\":2,\"name\":\"products\",\"item\":\"https:\/\/www.hsymachinery.com\/products\/\"},{\"@type\":\"ListItem\",\"position\":3,\"name\":\"Plate Compactor PH-H250A\"}]},{\"@type\":\"WebSite\",\"@id\":\"https:\/\/www.hsymachinery.com\/#website\",\"url\":\"https:\/\/www.hsymachinery.com\/\",\"name\":\"HSY Construction Machinery\",\"description\":\"HSY Machinery \u2013 A leading China construction machinery supplier, offering a wide range of light construction equipment. Our main products include Rebar Cutting Machine, Rebar Bending Machine, Rebar Stirrup Bending Machine, Rebar Arc Bending Machine, Rebar Straightening Machine, Five-Head Rebar Stirrup Bending Machine, Tamping Rammer, Plate Compactor, Concrete Cutter, Power Trowel, and other construction machinery. We are equipped with advanced CNC machines, and we enforce strict quality inspection standards along with comprehensive after-sales service. If you are interested in our products or services, we warmly welcome your inquiries via message.\",\"publisher\":{\"@id\":\"https:\/\/www.hsymachinery.com\/#organization\"},\"potentialAction\":[{\"@type\":\"SearchAction\",\"target\":{\"@type\":\"EntryPoint\",\"urlTemplate\":\"https:\/\/www.hsymachinery.com\/?s={search_term_string}\"},\"query-input\":{\"@type\":\"PropertyValueSpecification\",\"valueRequired\":true,\"valueName\":\"search_term_string\"}}],\"inLanguage\":\"pl-PL\"},{\"@type\":\"Organization\",\"@id\":\"https:\/\/www.hsymachinery.com\/#organization\",\"name\":\"HSY Construction Machinery\",\"url\":\"https:\/\/www.hsymachinery.com\/\",\"logo\":{\"@type\":\"ImageObject\",\"inLanguage\":\"pl-PL\",\"@id\":\"https:\/\/www.hsymachinery.com\/#\/schema\/logo\/image\/\",\"url\":\"https:\/\/www.hsymachinery.com\/wp-content\/uploads\/2025\/06\/cropped-HSY-machinery.png\",\"contentUrl\":\"https:\/\/www.hsymachinery.com\/wp-content\/uploads\/2025\/06\/cropped-HSY-machinery.png\",\"width\":600,\"height\":240,\"caption\":\"HSY Construction Machinery\"},\"image\":{\"@id\":\"https:\/\/www.hsymachinery.com\/#\/schema\/logo\/image\/\"}}]}<\/script>\n<!-- \/ Yoast SEO plugin. -->","yoast_head_json":{"title":"Zag\u0119szczarka p\u0142ytowa PH-H250A - HSY Construction Machinery","description":"Zag\u0119szczarka p\u0142ytowa PH-H250A Honda oferuje niezawodne, wydajne zag\u0119szczanie z szersz\u0105 p\u0142yt\u0105 do dr\u00f3g, napraw asfaltu i fundament\u00f3w. Wysokowydajna zag\u0119szczarka gruntu.","robots":{"index":"index","follow":"follow","max-snippet":"max-snippet:-1","max-image-preview":"max-image-preview:large","max-video-preview":"max-video-preview:-1"},"canonical":"https:\/\/www.hsymachinery.com\/pl\/product\/zageszczarka-plytowa-ph-h250a\/","og_locale":"pl_PL","og_type":"article","og_title":"Plate Compactor PH-H250A - HSY Construction Machinery","og_description":"PH-H250A Honda Plate Compactor offers reliable, efficient compaction with a wider plate for roads, asphalt repairs, and foundations. High-performance soil compactor.","og_url":"https:\/\/www.hsymachinery.com\/pl\/product\/zageszczarka-plytowa-ph-h250a\/","og_site_name":"HSY Construction Machinery","article_modified_time":"2025-06-28T12:07:30+00:00","og_image":[{"width":600,"height":600,"url":"https:\/\/www.hsymachinery.com\/wp-content\/uploads\/2025\/06\/Plate-Compactor-PH-H250A.jpg","type":"image\/jpeg"}],"twitter_card":"summary_large_image","twitter_misc":{"Szacowany czas czytania":"2 minuty"},"schema":{"@context":"https:\/\/schema.org","@graph":[{"@type":"WebPage","@id":"https:\/\/www.hsymachinery.com\/product\/plate-compactor-ph-h250a\/","url":"https:\/\/www.hsymachinery.com\/product\/plate-compactor-ph-h250a\/","name":"Zag\u0119szczarka p\u0142ytowa PH-H250A - HSY Construction Machinery","isPartOf":{"@id":"https:\/\/www.hsymachinery.com\/#website"},"primaryImageOfPage":{"@id":"https:\/\/www.hsymachinery.com\/product\/plate-compactor-ph-h250a\/#primaryimage"},"image":{"@id":"https:\/\/www.hsymachinery.com\/product\/plate-compactor-ph-h250a\/#primaryimage"},"thumbnailUrl":"https:\/\/www.hsymachinery.com\/wp-content\/uploads\/2025\/06\/Plate-Compactor-PH-H250A.jpg","datePublished":"2025-06-18T09:06:54+00:00","dateModified":"2025-06-28T12:07:30+00:00","description":"Zag\u0119szczarka p\u0142ytowa PH-H250A Honda oferuje niezawodne, wydajne zag\u0119szczanie z szersz\u0105 p\u0142yt\u0105 do dr\u00f3g, napraw asfaltu i fundament\u00f3w. Wysokowydajna zag\u0119szczarka gruntu.","breadcrumb":{"@id":"https:\/\/www.hsymachinery.com\/product\/plate-compactor-ph-h250a\/#breadcrumb"},"inLanguage":"pl-PL","potentialAction":[{"@type":"ReadAction","target":["https:\/\/www.hsymachinery.com\/product\/plate-compactor-ph-h250a\/"]}]},{"@type":"ImageObject","inLanguage":"pl-PL","@id":"https:\/\/www.hsymachinery.com\/product\/plate-compactor-ph-h250a\/#primaryimage","url":"https:\/\/www.hsymachinery.com\/wp-content\/uploads\/2025\/06\/Plate-Compactor-PH-H250A.jpg","contentUrl":"https:\/\/www.hsymachinery.com\/wp-content\/uploads\/2025\/06\/Plate-Compactor-PH-H250A.jpg","width":600,"height":600},{"@type":"BreadcrumbList","@id":"https:\/\/www.hsymachinery.com\/product\/plate-compactor-ph-h250a\/#breadcrumb","itemListElement":[{"@type":"ListItem","position":1,"name":"home","item":"https:\/\/www.hsymachinery.com\/"},{"@type":"ListItem","position":2,"name":"products","item":"https:\/\/www.hsymachinery.com\/products\/"},{"@type":"ListItem","position":3,"name":"Plate Compactor PH-H250A"}]},{"@type":"WebSite","@id":"https:\/\/www.hsymachinery.com\/#website","url":"https:\/\/www.hsymachinery.com\/","name":"HSY Construction Machinery","description":"HSY Machinery - wiod\u0105cy chi\u0144ski dostawca maszyn budowlanych, oferuj\u0105cy szerok\u0105 gam\u0119 lekkiego sprz\u0119tu budowlanego. Nasze g\u0142\u00f3wne produkty to maszyna do ci\u0119cia pr\u0119t\u00f3w zbrojeniowych, maszyna do gi\u0119cia pr\u0119t\u00f3w zbrojeniowych, maszyna do gi\u0119cia strzemion pr\u0119t\u00f3w zbrojeniowych, maszyna do gi\u0119cia \u0142uk\u00f3w pr\u0119t\u00f3w zbrojeniowych, maszyna do prostowania pr\u0119t\u00f3w zbrojeniowych, pi\u0119ciog\u0142owicowa maszyna do gi\u0119cia strzemion pr\u0119t\u00f3w zbrojeniowych, ubijak, zag\u0119szczarka p\u0142ytowa, przecinarka do betonu, zacieraczka mechaniczna i inne maszyny budowlane. Jeste\u015bmy wyposa\u017ceni w zaawansowane maszyny CNC i egzekwujemy surowe standardy kontroli jako\u015bci wraz z kompleksow\u0105 obs\u0142ug\u0105 posprzeda\u017cn\u0105. Je\u015bli jeste\u015b zainteresowany naszymi produktami lub us\u0142ugami, serdecznie zapraszamy do sk\u0142adania zapyta\u0144 za po\u015brednictwem wiadomo\u015bci.","publisher":{"@id":"https:\/\/www.hsymachinery.com\/#organization"},"potentialAction":[{"@type":"SearchAction","target":{"@type":"EntryPoint","urlTemplate":"https:\/\/www.hsymachinery.com\/?s={search_term_string}"},"query-input":{"@type":"PropertyValueSpecification","valueRequired":true,"valueName":"search_term_string"}}],"inLanguage":"pl-PL"},{"@type":"Organization","@id":"https:\/\/www.hsymachinery.com\/#organization","name":"HSY Construction Machinery","url":"https:\/\/www.hsymachinery.com\/","logo":{"@type":"ImageObject","inLanguage":"pl-PL","@id":"https:\/\/www.hsymachinery.com\/#\/schema\/logo\/image\/","url":"https:\/\/www.hsymachinery.com\/wp-content\/uploads\/2025\/06\/cropped-HSY-machinery.png","contentUrl":"https:\/\/www.hsymachinery.com\/wp-content\/uploads\/2025\/06\/cropped-HSY-machinery.png","width":600,"height":240,"caption":"HSY Construction Machinery"},"image":{"@id":"https:\/\/www.hsymachinery.com\/#\/schema\/logo\/image\/"}}]}},"_links":{"self":[{"href":"https:\/\/www.hsymachinery.com\/pl\/wp-json\/wp\/v2\/product\/9124","targetHints":{"allow":["GET"]}}],"collection":[{"href":"https:\/\/www.hsymachinery.com\/pl\/wp-json\/wp\/v2\/product"}],"about":[{"href":"https:\/\/www.hsymachinery.com\/pl\/wp-json\/wp\/v2\/types\/product"}],"version-history":[{"count":3,"href":"https:\/\/www.hsymachinery.com\/pl\/wp-json\/wp\/v2\/product\/9124\/revisions"}],"predecessor-version":[{"id":9539,"href":"https:\/\/www.hsymachinery.com\/pl\/wp-json\/wp\/v2\/product\/9124\/revisions\/9539"}],"wp:featuredmedia":[{"embeddable":true,"href":"https:\/\/www.hsymachinery.com\/pl\/wp-json\/wp\/v2\/media\/9125"}],"wp:attachment":[{"href":"https:\/\/www.hsymachinery.com\/pl\/wp-json\/wp\/v2\/media?parent=9124"}],"wp:term":[{"taxonomy":"product_brand","embeddable":true,"href":"https:\/\/www.hsymachinery.com\/pl\/wp-json\/wp\/v2\/product_brand?post=9124"},{"taxonomy":"product_cat","embeddable":true,"href":"https:\/\/www.hsymachinery.com\/pl\/wp-json\/wp\/v2\/product_cat?post=9124"},{"taxonomy":"product_tag","embeddable":true,"href":"https:\/\/www.hsymachinery.com\/pl\/wp-json\/wp\/v2\/product_tag?post=9124"}],"curies":[{"name":"wp","href":"https:\/\/api.w.org\/{rel}","templated":true}]}}