{"id":9115,"date":"2025-06-18T17:03:38","date_gmt":"2025-06-18T09:03:38","guid":{"rendered":"https:\/\/www.hsymachinery.com\/?post_type=product&#038;p=9115"},"modified":"2025-06-28T19:52:08","modified_gmt":"2025-06-28T11:52:08","slug":"zageszczarka-plytowa-ph-h250","status":"publish","type":"product","link":"https:\/\/www.hsymachinery.com\/pl\/product\/zageszczarka-plytowa-ph-h250\/","title":{"rendered":"Zag\u0119szczarka p\u0142ytowa PH-H250"},"content":{"rendered":"<h2 data-start=\"97\" data-end=\"128\">Zag\u0119szczarka p\u0142ytowa PH-H250<\/h2>\n<h3 data-start=\"129\" data-end=\"252\">PH-H250 Benzynowa zag\u0119szczarka p\u0142ytowa Honda | \u015aredniej klasy zag\u0119szczarka gruntu do naprawy dr\u00f3g, uk\u0142adania asfaltu i przygotowania konstrukcji<\/h3>\n<h3 data-start=\"259\" data-end=\"335\">Przegl\u0105d produkt\u00f3w - niezawodna moc Hondy do wymagaj\u0105cych zada\u0144 zag\u0119szczania<a href=\"https:\/\/www.hsymachinery.com\/pl\/produkty\/zageszczarka-plytowa\/\" target=\"_blank\" rel=\"noopener\"><img fetchpriority=\"high\" decoding=\"async\" class=\"wp-image-9116 alignright\" src=\"https:\/\/www.hsymachinery.com\/wp-content\/uploads\/2025\/06\/Plate-Compactor-PH-H250-300x300.jpg\" alt=\"\" width=\"460\" height=\"460\" srcset=\"https:\/\/www.hsymachinery.com\/wp-content\/uploads\/2025\/06\/Plate-Compactor-PH-H250-300x300.jpg 300w, https:\/\/www.hsymachinery.com\/wp-content\/uploads\/2025\/06\/Plate-Compactor-PH-H250-150x150.jpg 150w, https:\/\/www.hsymachinery.com\/wp-content\/uploads\/2025\/06\/Plate-Compactor-PH-H250-100x100.jpg 100w, https:\/\/www.hsymachinery.com\/wp-content\/uploads\/2025\/06\/Plate-Compactor-PH-H250.jpg 600w\" sizes=\"(max-width: 460px) 100vw, 460px\" \/><\/a><\/h3>\n<p data-start=\"337\" data-end=\"701\">The <strong data-start=\"341\" data-end=\"368\">Zag\u0119szczarka p\u0142ytowa PH-H250<\/strong> jest wyposa\u017cona w silnik benzynowy Honda GX160, oferuj\u0105cy niezawodn\u0105 wydajno\u015b\u0107 i p\u0142ynne, r\u00f3wnomierne zag\u0119szczanie w r\u00f3\u017cnych zadaniach budowlanych. Niezale\u017cnie od tego, czy pracujesz na nawierzchniach drogowych, fundamentach budynk\u00f3w czy nak\u0142adkach asfaltowych, ta zag\u0119szczarka zapewnia sp\u00f3jne wyniki przy niskim zu\u017cyciu paliwa i cichej pracy.<\/p>\n<p data-start=\"703\" data-end=\"870\">PH-H250, stworzona z my\u015bl\u0105 o projektach o \u015brednim obci\u0105\u017ceniu, r\u00f3wnowa\u017cy profesjonaln\u0105 moc z komfortem obs\u0142ugi, dzi\u0119ki czemu jest idealna zar\u00f3wno dla codziennych wykonawc\u00f3w, jak i zespo\u0142\u00f3w komunalnych.<\/p>\n<h3 data-start=\"877\" data-end=\"935\">Stabilna wydajno\u015b\u0107, wytrzyma\u0142a p\u0142yta i \u0142atwa kontrola<\/h3>\n<p data-start=\"937\" data-end=\"1278\">Silnik Honda GX160 jest znany z \u0142atwego rozruchu, niskiego poziomu wibracji i d\u0142ugiej \u017cywotno\u015bci. Model PH-H250 wykorzystuje wytrzyma\u0142\u0105 stalow\u0105 p\u0142yt\u0119 podstawy, aby generowa\u0107 mocne, p\u0142askie zag\u0119szczanie gleby, \u017cwiru lub asfaltu. Izolowany od drga\u0144 uchwyt zapewnia p\u0142ynniejsz\u0105 prac\u0119 i mniejsze zm\u0119czenie u\u017cytkownika, zw\u0142aszcza przy d\u0142u\u017cszych zmianach.<\/p>\n<p data-start=\"1280\" data-end=\"1395\">Maszyna ta posiada r\u00f3wnie\u017c ochronn\u0105 obudow\u0119 silnika i konstrukcj\u0119 wymagaj\u0105c\u0105 niewielkiej konserwacji, co skraca czas przestoj\u00f3w w miejscu pracy.<\/p>\n<h3 data-start=\"1402\" data-end=\"1462\">Zaufany do przygotowania dr\u00f3g, fundament\u00f3w i powierzchni<\/h3>\n<p data-start=\"1464\" data-end=\"1730\">Dzi\u0119ki solidnej wydajno\u015bci i zwrotnemu korpusowi, model PH-H250 jest szeroko stosowany do \u0142atania asfaltu, uk\u0142adania chodnik\u00f3w, podbud\u00f3w i napraw parking\u00f3w. \u015aredni rozmiar p\u0142yty zapewnia zar\u00f3wno g\u0142\u0119boko\u015b\u0107, jak i pr\u0119dko\u015b\u0107 na zag\u0119szczonych powierzchniach.<\/p>\n<p data-start=\"1732\" data-end=\"1807\">Silnik Hondy zapewnia globalne wsparcie serwisowe i doskona\u0142\u0105 warto\u015b\u0107 odsprzeda\u017cy.<\/p>\n<h3 data-start=\"1814\" data-end=\"1859\">Kluczowe cechy zag\u0119szczarki p\u0142ytowej PH-H250<\/h3>\n<ul data-start=\"1861\" data-end=\"2148\">\n<li data-start=\"1861\" data-end=\"1914\">\n<p data-start=\"1863\" data-end=\"1914\">Nap\u0119dzany 4-suwowym silnikiem benzynowym Honda GX160<\/p>\n<\/li>\n<li data-start=\"1915\" data-end=\"1974\">\n<p data-start=\"1917\" data-end=\"1974\">Nadaje si\u0119 do zag\u0119szczania asfaltu, gleby, \u017cwiru i piasku<\/p>\n<\/li>\n<li data-start=\"1975\" data-end=\"2036\">\n<p data-start=\"1977\" data-end=\"2036\">\u015arednia konstrukcja p\u0142yty o zr\u00f3wnowa\u017conej g\u0142\u0119boko\u015bci i pokryciu obszaru<\/p>\n<\/li>\n<li data-start=\"2037\" data-end=\"2092\">\n<p data-start=\"2039\" data-end=\"2092\">Ergonomiczny uchwyt redukuje wibracje i zm\u0119czenie u\u017cytkownika<\/p>\n<\/li>\n<li data-start=\"2093\" data-end=\"2148\">\n<p data-start=\"2095\" data-end=\"2148\">Wytrzyma\u0142a konstrukcja z \u0142atwym dost\u0119pem do silnika i serwisowaniem<\/p>\n<\/li>\n<\/ul>\n<p><iframe title=\"zag\u0119szczarka, ubijak, ubijak, zag\u0119szczarka p\u0142ytowa, wibracje budowlane, maszyna zag\u0119szczaj\u0105ca.#tamping\" width=\"720\" height=\"405\" src=\"https:\/\/www.youtube.com\/embed\/kHw7Cpv12Zs?feature=oembed\" frameborder=\"0\" allow=\"accelerometer; autoplay; clipboard-write; encrypted-media; gyroscope; picture-in-picture; web-share\" referrerpolicy=\"strict-origin-when-cross-origin\" allowfullscreen><\/iframe><\/p>","protected":false},"excerpt":{"rendered":"<p>Zag\u0119szczarka p\u0142ytowa PH-H250 z silnikiem Honda GX160 zapewnia trwa\u0142e, zr\u00f3wnowa\u017cone zag\u0119szczanie asfaltu, gleby i fundament\u00f3w. Niezawodna przy pracach budowlanych \u015bredniego zakresu.<\/p>","protected":false},"featured_media":9116,"template":"","meta":{"_kad_post_transparent":"default","_kad_post_title":"","_kad_post_layout":"default","_kad_post_sidebar_id":"","_kad_post_content_style":"default","_kad_post_vertical_padding":"default","_kad_post_feature":"","_kad_post_feature_position":"","_kad_post_header":false,"_kad_post_footer":false},"product_brand":[],"product_cat":[59],"product_tag":[1066,1062,1065,1070,1069,1063,1067,1064,1061,1068],"class_list":{"0":"post-9115","1":"product","2":"type-product","3":"status-publish","4":"has-post-thumbnail","6":"product_cat-plate-compactor","7":"product_tag-diesel-plate-compactor","8":"product_tag-forward-plate-compactor","9":"product_tag-gasoline-plate-compactor","10":"product_tag-heavy-duty-plate-compactor","11":"product_tag-plate-compactor-for-asphalt","12":"product_tag-reversible-plate-compactor","13":"product_tag-road-construction-compactor","14":"product_tag-soil-plate-compactor","15":"product_tag-vibratory-plate-compactor","16":"product_tag-walk-behind-plate-compactor","18":"first","19":"instock","20":"shipping-taxable","21":"product-type-simple","22":"entry","23":"content-bg","24":"loop-entry"},"yoast_head":"<!-- This site is optimized with the Yoast SEO plugin v25.3.1 - https:\/\/yoast.com\/wordpress\/plugins\/seo\/ -->\n<title>Plate Compactor PH-H250 - HSY Construction Machinery<\/title>\n<meta name=\"description\" content=\"PH-H250 Plate Compactor powered by Honda GX160 delivers mid-range soil and asphalt compaction for roadwork, foundations, and municipal projects. Durable and fuel-efficient.\" \/>\n<meta name=\"robots\" content=\"index, follow, max-snippet:-1, max-image-preview:large, max-video-preview:-1\" \/>\n<link rel=\"canonical\" href=\"https:\/\/www.hsymachinery.com\/pl\/product\/zageszczarka-plytowa-ph-h250\/\" \/>\n<meta property=\"og:locale\" content=\"pl_PL\" \/>\n<meta property=\"og:type\" content=\"article\" \/>\n<meta property=\"og:title\" content=\"Plate Compactor PH-H250 - HSY Construction Machinery\" \/>\n<meta property=\"og:description\" content=\"PH-H250 Plate Compactor powered by Honda GX160 delivers mid-range soil and asphalt compaction for roadwork, foundations, and municipal projects. Durable and fuel-efficient.\" \/>\n<meta property=\"og:url\" content=\"https:\/\/www.hsymachinery.com\/pl\/product\/zageszczarka-plytowa-ph-h250\/\" \/>\n<meta property=\"og:site_name\" content=\"HSY Construction Machinery\" \/>\n<meta property=\"article:modified_time\" content=\"2025-06-28T11:52:08+00:00\" \/>\n<meta property=\"og:image\" content=\"https:\/\/www.hsymachinery.com\/wp-content\/uploads\/2025\/06\/Plate-Compactor-PH-H250.jpg\" \/>\n\t<meta property=\"og:image:width\" content=\"600\" \/>\n\t<meta property=\"og:image:height\" content=\"600\" \/>\n\t<meta property=\"og:image:type\" content=\"image\/jpeg\" \/>\n<meta name=\"twitter:card\" content=\"summary_large_image\" \/>\n<meta name=\"twitter:label1\" content=\"Szacowany czas czytania\" \/>\n\t<meta name=\"twitter:data1\" content=\"2 minuty\" \/>\n<script type=\"application\/ld+json\" class=\"yoast-schema-graph\">{\"@context\":\"https:\/\/schema.org\",\"@graph\":[{\"@type\":\"WebPage\",\"@id\":\"https:\/\/www.hsymachinery.com\/product\/plate-compactor-ph-h250\/\",\"url\":\"https:\/\/www.hsymachinery.com\/product\/plate-compactor-ph-h250\/\",\"name\":\"Plate Compactor PH-H250 - HSY Construction Machinery\",\"isPartOf\":{\"@id\":\"https:\/\/www.hsymachinery.com\/#website\"},\"primaryImageOfPage\":{\"@id\":\"https:\/\/www.hsymachinery.com\/product\/plate-compactor-ph-h250\/#primaryimage\"},\"image\":{\"@id\":\"https:\/\/www.hsymachinery.com\/product\/plate-compactor-ph-h250\/#primaryimage\"},\"thumbnailUrl\":\"https:\/\/www.hsymachinery.com\/wp-content\/uploads\/2025\/06\/Plate-Compactor-PH-H250.jpg\",\"datePublished\":\"2025-06-18T09:03:38+00:00\",\"dateModified\":\"2025-06-28T11:52:08+00:00\",\"description\":\"PH-H250 Plate Compactor powered by Honda GX160 delivers mid-range soil and asphalt compaction for roadwork, foundations, and municipal projects. Durable and fuel-efficient.\",\"breadcrumb\":{\"@id\":\"https:\/\/www.hsymachinery.com\/product\/plate-compactor-ph-h250\/#breadcrumb\"},\"inLanguage\":\"pl-PL\",\"potentialAction\":[{\"@type\":\"ReadAction\",\"target\":[\"https:\/\/www.hsymachinery.com\/product\/plate-compactor-ph-h250\/\"]}]},{\"@type\":\"ImageObject\",\"inLanguage\":\"pl-PL\",\"@id\":\"https:\/\/www.hsymachinery.com\/product\/plate-compactor-ph-h250\/#primaryimage\",\"url\":\"https:\/\/www.hsymachinery.com\/wp-content\/uploads\/2025\/06\/Plate-Compactor-PH-H250.jpg\",\"contentUrl\":\"https:\/\/www.hsymachinery.com\/wp-content\/uploads\/2025\/06\/Plate-Compactor-PH-H250.jpg\",\"width\":600,\"height\":600},{\"@type\":\"BreadcrumbList\",\"@id\":\"https:\/\/www.hsymachinery.com\/product\/plate-compactor-ph-h250\/#breadcrumb\",\"itemListElement\":[{\"@type\":\"ListItem\",\"position\":1,\"name\":\"home\",\"item\":\"https:\/\/www.hsymachinery.com\/\"},{\"@type\":\"ListItem\",\"position\":2,\"name\":\"products\",\"item\":\"https:\/\/www.hsymachinery.com\/products\/\"},{\"@type\":\"ListItem\",\"position\":3,\"name\":\"Plate Compactor PH-H250\"}]},{\"@type\":\"WebSite\",\"@id\":\"https:\/\/www.hsymachinery.com\/#website\",\"url\":\"https:\/\/www.hsymachinery.com\/\",\"name\":\"HSY Construction Machinery\",\"description\":\"HSY Machinery \u2013 A leading China construction machinery supplier, offering a wide range of light construction equipment. Our main products include Rebar Cutting Machine, Rebar Bending Machine, Rebar Stirrup Bending Machine, Rebar Arc Bending Machine, Rebar Straightening Machine, Five-Head Rebar Stirrup Bending Machine, Tamping Rammer, Plate Compactor, Concrete Cutter, Power Trowel, and other construction machinery. We are equipped with advanced CNC machines, and we enforce strict quality inspection standards along with comprehensive after-sales service. If you are interested in our products or services, we warmly welcome your inquiries via message.\",\"publisher\":{\"@id\":\"https:\/\/www.hsymachinery.com\/#organization\"},\"potentialAction\":[{\"@type\":\"SearchAction\",\"target\":{\"@type\":\"EntryPoint\",\"urlTemplate\":\"https:\/\/www.hsymachinery.com\/?s={search_term_string}\"},\"query-input\":{\"@type\":\"PropertyValueSpecification\",\"valueRequired\":true,\"valueName\":\"search_term_string\"}}],\"inLanguage\":\"pl-PL\"},{\"@type\":\"Organization\",\"@id\":\"https:\/\/www.hsymachinery.com\/#organization\",\"name\":\"HSY Construction Machinery\",\"url\":\"https:\/\/www.hsymachinery.com\/\",\"logo\":{\"@type\":\"ImageObject\",\"inLanguage\":\"pl-PL\",\"@id\":\"https:\/\/www.hsymachinery.com\/#\/schema\/logo\/image\/\",\"url\":\"https:\/\/www.hsymachinery.com\/wp-content\/uploads\/2025\/06\/cropped-HSY-machinery.png\",\"contentUrl\":\"https:\/\/www.hsymachinery.com\/wp-content\/uploads\/2025\/06\/cropped-HSY-machinery.png\",\"width\":600,\"height\":240,\"caption\":\"HSY Construction Machinery\"},\"image\":{\"@id\":\"https:\/\/www.hsymachinery.com\/#\/schema\/logo\/image\/\"}}]}<\/script>\n<!-- \/ Yoast SEO plugin. -->","yoast_head_json":{"title":"Zag\u0119szczarka p\u0142ytowa PH-H250 - HSY Construction Machinery","description":"Zag\u0119szczarka p\u0142ytowa PH-H250 nap\u0119dzana silnikiem Honda GX160 zapewnia \u015bredni zakres zag\u0119szczania gruntu i asfaltu podczas prac drogowych, fundament\u00f3w i projekt\u00f3w komunalnych. Trwa\u0142a i oszcz\u0119dna.","robots":{"index":"index","follow":"follow","max-snippet":"max-snippet:-1","max-image-preview":"max-image-preview:large","max-video-preview":"max-video-preview:-1"},"canonical":"https:\/\/www.hsymachinery.com\/pl\/product\/zageszczarka-plytowa-ph-h250\/","og_locale":"pl_PL","og_type":"article","og_title":"Plate Compactor PH-H250 - HSY Construction Machinery","og_description":"PH-H250 Plate Compactor powered by Honda GX160 delivers mid-range soil and asphalt compaction for roadwork, foundations, and municipal projects. Durable and fuel-efficient.","og_url":"https:\/\/www.hsymachinery.com\/pl\/product\/zageszczarka-plytowa-ph-h250\/","og_site_name":"HSY Construction Machinery","article_modified_time":"2025-06-28T11:52:08+00:00","og_image":[{"width":600,"height":600,"url":"https:\/\/www.hsymachinery.com\/wp-content\/uploads\/2025\/06\/Plate-Compactor-PH-H250.jpg","type":"image\/jpeg"}],"twitter_card":"summary_large_image","twitter_misc":{"Szacowany czas czytania":"2 minuty"},"schema":{"@context":"https:\/\/schema.org","@graph":[{"@type":"WebPage","@id":"https:\/\/www.hsymachinery.com\/product\/plate-compactor-ph-h250\/","url":"https:\/\/www.hsymachinery.com\/product\/plate-compactor-ph-h250\/","name":"Zag\u0119szczarka p\u0142ytowa PH-H250 - HSY Construction Machinery","isPartOf":{"@id":"https:\/\/www.hsymachinery.com\/#website"},"primaryImageOfPage":{"@id":"https:\/\/www.hsymachinery.com\/product\/plate-compactor-ph-h250\/#primaryimage"},"image":{"@id":"https:\/\/www.hsymachinery.com\/product\/plate-compactor-ph-h250\/#primaryimage"},"thumbnailUrl":"https:\/\/www.hsymachinery.com\/wp-content\/uploads\/2025\/06\/Plate-Compactor-PH-H250.jpg","datePublished":"2025-06-18T09:03:38+00:00","dateModified":"2025-06-28T11:52:08+00:00","description":"Zag\u0119szczarka p\u0142ytowa PH-H250 nap\u0119dzana silnikiem Honda GX160 zapewnia \u015bredni zakres zag\u0119szczania gruntu i asfaltu podczas prac drogowych, fundament\u00f3w i projekt\u00f3w komunalnych. Trwa\u0142a i oszcz\u0119dna.","breadcrumb":{"@id":"https:\/\/www.hsymachinery.com\/product\/plate-compactor-ph-h250\/#breadcrumb"},"inLanguage":"pl-PL","potentialAction":[{"@type":"ReadAction","target":["https:\/\/www.hsymachinery.com\/product\/plate-compactor-ph-h250\/"]}]},{"@type":"ImageObject","inLanguage":"pl-PL","@id":"https:\/\/www.hsymachinery.com\/product\/plate-compactor-ph-h250\/#primaryimage","url":"https:\/\/www.hsymachinery.com\/wp-content\/uploads\/2025\/06\/Plate-Compactor-PH-H250.jpg","contentUrl":"https:\/\/www.hsymachinery.com\/wp-content\/uploads\/2025\/06\/Plate-Compactor-PH-H250.jpg","width":600,"height":600},{"@type":"BreadcrumbList","@id":"https:\/\/www.hsymachinery.com\/product\/plate-compactor-ph-h250\/#breadcrumb","itemListElement":[{"@type":"ListItem","position":1,"name":"home","item":"https:\/\/www.hsymachinery.com\/"},{"@type":"ListItem","position":2,"name":"products","item":"https:\/\/www.hsymachinery.com\/products\/"},{"@type":"ListItem","position":3,"name":"Plate Compactor PH-H250"}]},{"@type":"WebSite","@id":"https:\/\/www.hsymachinery.com\/#website","url":"https:\/\/www.hsymachinery.com\/","name":"HSY Construction Machinery","description":"HSY Machinery - wiod\u0105cy chi\u0144ski dostawca maszyn budowlanych, oferuj\u0105cy szerok\u0105 gam\u0119 lekkiego sprz\u0119tu budowlanego. Nasze g\u0142\u00f3wne produkty to maszyna do ci\u0119cia pr\u0119t\u00f3w zbrojeniowych, maszyna do gi\u0119cia pr\u0119t\u00f3w zbrojeniowych, maszyna do gi\u0119cia strzemion pr\u0119t\u00f3w zbrojeniowych, maszyna do gi\u0119cia \u0142uk\u00f3w pr\u0119t\u00f3w zbrojeniowych, maszyna do prostowania pr\u0119t\u00f3w zbrojeniowych, pi\u0119ciog\u0142owicowa maszyna do gi\u0119cia strzemion pr\u0119t\u00f3w zbrojeniowych, ubijak, zag\u0119szczarka p\u0142ytowa, przecinarka do betonu, zacieraczka mechaniczna i inne maszyny budowlane. Jeste\u015bmy wyposa\u017ceni w zaawansowane maszyny CNC i egzekwujemy surowe standardy kontroli jako\u015bci wraz z kompleksow\u0105 obs\u0142ug\u0105 posprzeda\u017cn\u0105. Je\u015bli jeste\u015b zainteresowany naszymi produktami lub us\u0142ugami, serdecznie zapraszamy do sk\u0142adania zapyta\u0144 za po\u015brednictwem wiadomo\u015bci.","publisher":{"@id":"https:\/\/www.hsymachinery.com\/#organization"},"potentialAction":[{"@type":"SearchAction","target":{"@type":"EntryPoint","urlTemplate":"https:\/\/www.hsymachinery.com\/?s={search_term_string}"},"query-input":{"@type":"PropertyValueSpecification","valueRequired":true,"valueName":"search_term_string"}}],"inLanguage":"pl-PL"},{"@type":"Organization","@id":"https:\/\/www.hsymachinery.com\/#organization","name":"HSY Construction Machinery","url":"https:\/\/www.hsymachinery.com\/","logo":{"@type":"ImageObject","inLanguage":"pl-PL","@id":"https:\/\/www.hsymachinery.com\/#\/schema\/logo\/image\/","url":"https:\/\/www.hsymachinery.com\/wp-content\/uploads\/2025\/06\/cropped-HSY-machinery.png","contentUrl":"https:\/\/www.hsymachinery.com\/wp-content\/uploads\/2025\/06\/cropped-HSY-machinery.png","width":600,"height":240,"caption":"HSY Construction Machinery"},"image":{"@id":"https:\/\/www.hsymachinery.com\/#\/schema\/logo\/image\/"}}]}},"_links":{"self":[{"href":"https:\/\/www.hsymachinery.com\/pl\/wp-json\/wp\/v2\/product\/9115","targetHints":{"allow":["GET"]}}],"collection":[{"href":"https:\/\/www.hsymachinery.com\/pl\/wp-json\/wp\/v2\/product"}],"about":[{"href":"https:\/\/www.hsymachinery.com\/pl\/wp-json\/wp\/v2\/types\/product"}],"version-history":[{"count":3,"href":"https:\/\/www.hsymachinery.com\/pl\/wp-json\/wp\/v2\/product\/9115\/revisions"}],"predecessor-version":[{"id":9533,"href":"https:\/\/www.hsymachinery.com\/pl\/wp-json\/wp\/v2\/product\/9115\/revisions\/9533"}],"wp:featuredmedia":[{"embeddable":true,"href":"https:\/\/www.hsymachinery.com\/pl\/wp-json\/wp\/v2\/media\/9116"}],"wp:attachment":[{"href":"https:\/\/www.hsymachinery.com\/pl\/wp-json\/wp\/v2\/media?parent=9115"}],"wp:term":[{"taxonomy":"product_brand","embeddable":true,"href":"https:\/\/www.hsymachinery.com\/pl\/wp-json\/wp\/v2\/product_brand?post=9115"},{"taxonomy":"product_cat","embeddable":true,"href":"https:\/\/www.hsymachinery.com\/pl\/wp-json\/wp\/v2\/product_cat?post=9115"},{"taxonomy":"product_tag","embeddable":true,"href":"https:\/\/www.hsymachinery.com\/pl\/wp-json\/wp\/v2\/product_tag?post=9115"}],"curies":[{"name":"wp","href":"https:\/\/api.w.org\/{rel}","templated":true}]}}