{"id":9094,"date":"2025-06-18T16:32:33","date_gmt":"2025-06-18T08:32:33","guid":{"rendered":"https:\/\/www.hsymachinery.com\/?post_type=product&#038;p=9094"},"modified":"2025-06-28T15:49:43","modified_gmt":"2025-06-28T07:49:43","slug":"ubijak-ch-c125","status":"publish","type":"product","link":"https:\/\/www.hsymachinery.com\/pl\/product\/ubijak-ch-c125\/","title":{"rendered":"Ubijak CH-C125"},"content":{"rendered":"<h2 data-start=\"99\" data-end=\"129\">Ubijak CH-C125<\/h2>\n<h3 data-start=\"130\" data-end=\"232\">Ubijak CH-C125 z silnikiem wysokopr\u0119\u017cnym | Wytrzyma\u0142a zag\u0119szczarka do gruntu do zastosowa\u0144 w trudnych warunkach budowlanych i na odleg\u0142ych placach budowy<\/h3>\n<h3 data-start=\"239\" data-end=\"316\">Przegl\u0105d produkt\u00f3w - solidna moc silnika wysokopr\u0119\u017cnego do zag\u0119szczania gleby o du\u017cym wp\u0142ywie<a href=\"https:\/\/www.hsymachinery.com\/pl\/produkty\/ubijak\/\" target=\"_blank\" rel=\"noopener\"><img fetchpriority=\"high\" decoding=\"async\" class=\"wp-image-9095 alignright\" src=\"https:\/\/www.hsymachinery.com\/wp-content\/uploads\/2025\/06\/Tamping-Rammer-CH-C125-300x300.jpg\" alt=\"\" width=\"472\" height=\"472\" srcset=\"https:\/\/www.hsymachinery.com\/wp-content\/uploads\/2025\/06\/Tamping-Rammer-CH-C125-300x300.jpg 300w, https:\/\/www.hsymachinery.com\/wp-content\/uploads\/2025\/06\/Tamping-Rammer-CH-C125-150x150.jpg 150w, https:\/\/www.hsymachinery.com\/wp-content\/uploads\/2025\/06\/Tamping-Rammer-CH-C125-768x768.jpg 768w, https:\/\/www.hsymachinery.com\/wp-content\/uploads\/2025\/06\/Tamping-Rammer-CH-C125-600x600.jpg 600w, https:\/\/www.hsymachinery.com\/wp-content\/uploads\/2025\/06\/Tamping-Rammer-CH-C125-100x100.jpg 100w, https:\/\/www.hsymachinery.com\/wp-content\/uploads\/2025\/06\/Tamping-Rammer-CH-C125.jpg 800w\" sizes=\"(max-width: 472px) 100vw, 472px\" \/><\/a><\/h3>\n<p data-start=\"318\" data-end=\"639\">The <strong data-start=\"322\" data-end=\"348\">Ubijak CH-C125<\/strong> jest wyposa\u017cony w pot\u0119\u017cny silnik wysokopr\u0119\u017cny zaprojektowany w celu zapewnienia maksymalnej si\u0142y uderzenia i wyj\u0105tkowego momentu obrotowego w wymagaj\u0105cych \u015brodowiskach budowlanych. Ubijak ten doskonale sprawdza si\u0119 w zag\u0119szczaniu ci\u0119\u017ckich grunt\u00f3w, przygotowywaniu podbudowy dr\u00f3g, zasypywaniu wykop\u00f3w pod ruroci\u0105gi i pracach fundamentowych na du\u017c\u0105 skal\u0119.<\/p>\n<p data-start=\"641\" data-end=\"817\">Jego uk\u0142ad nap\u0119dowy z silnikiem wysokopr\u0119\u017cnym zapewnia doskona\u0142\u0105 oszcz\u0119dno\u015b\u0107 paliwa i zosta\u0142 zaprojektowany do ci\u0105g\u0142ej pracy w trudnych warunkach, takich jak kurz, wilgo\u0107 i zmienna wysoko\u015b\u0107.<\/p>\n<h3 data-start=\"824\" data-end=\"890\">Trwa\u0142a konstrukcja, wydajna praca i komfort operatora<\/h3>\n<p data-start=\"892\" data-end=\"1166\">Wyposa\u017cony w silnik wysokopr\u0119\u017cny o wysokim momencie obrotowym, CH-C125 zapewnia stabilne i sp\u00f3jne ubijanie na g\u0119stych glebach, takich jak glina i \u017cwir. Wzmocniona p\u0142yta ubijaj\u0105ca i zaawansowany system amortyzacji zmniejszaj\u0105 zm\u0119czenie operatora i zu\u017cycie mechaniczne.<\/p>\n<p data-start=\"1168\" data-end=\"1326\">Konserwacja jest uproszczona dzi\u0119ki \u0142atwo dost\u0119pnym punktom serwisowym, a wytrzyma\u0142y silnik wysokopr\u0119\u017cny zapewnia d\u0142ugie okresy mi\u0119dzyobs\u0142ugowe nawet w trudnych warunkach pracy.<\/p>\n<h3 data-start=\"1333\" data-end=\"1394\">Idealny do zdalnych, ci\u0119\u017ckich zastosowa\u0144 budowlanych<\/h3>\n<p data-start=\"1396\" data-end=\"1631\">Dzi\u0119ki zasilaniu silnikiem wysokopr\u0119\u017cnym CH-C125 nadaje si\u0119 do pracy poza sieci\u0105, gdzie zasilanie jest ograniczone. Niezawodnie sprawdza si\u0119 na placach budowy dr\u00f3g, w infrastrukturze g\u00f3rniczej i przy du\u017cych projektach in\u017cynierii l\u0105dowej i wodnej.<\/p>\n<p data-start=\"1633\" data-end=\"1743\">Kompaktowe wymiary i mobilno\u015b\u0107 ubijaka umo\u017cliwiaj\u0105 wydajn\u0105 prac\u0119 nawet w ograniczonym lub trudnym terenie.<\/p>\n<h3 data-start=\"1750\" data-end=\"1801\">Kluczowe cechy m\u0142ota udarowego z silnikiem wysokopr\u0119\u017cnym CH-C125<\/h3>\n<ul data-start=\"1803\" data-end=\"2087\">\n<li data-start=\"1803\" data-end=\"1865\">\n<p data-start=\"1805\" data-end=\"1865\">Silnik wysokopr\u0119\u017cny zapewniaj\u0105cy doskona\u0142y moment obrotowy i d\u0142ugi czas pracy<\/p>\n<\/li>\n<li data-start=\"1866\" data-end=\"1922\">\n<p data-start=\"1868\" data-end=\"1922\">Zaprojektowany do zag\u0119szczania ci\u0119\u017ckiej, g\u0119stej gleby i \u017cwiru<\/p>\n<\/li>\n<li data-start=\"1923\" data-end=\"1975\">\n<p data-start=\"1925\" data-end=\"1975\">Oszcz\u0119dno\u015b\u0107 paliwa i niskie wymagania konserwacyjne<\/p>\n<\/li>\n<li data-start=\"1976\" data-end=\"2028\">\n<p data-start=\"1978\" data-end=\"2028\">Wytrzyma\u0142a rama i p\u0142ytka sabota\u017cowa do d\u0142ugotrwa\u0142ego u\u017cytkowania<\/p>\n<\/li>\n<li data-start=\"2029\" data-end=\"2087\">\n<p data-start=\"2031\" data-end=\"2087\">Nadaje si\u0119 do pracy w odleg\u0142ych i trudnych warunkach \u015brodowiskowych<\/p>\n<\/li>\n<\/ul>\n<p><iframe title=\"zag\u0119szczarka, ubijak, ubijak, zag\u0119szczarka p\u0142ytowa, wibracje budowlane, maszyna zag\u0119szczaj\u0105ca.#tamping\" width=\"720\" height=\"540\" src=\"https:\/\/www.youtube.com\/embed\/j8Nod6Mcz9w?feature=oembed\" frameborder=\"0\" allow=\"accelerometer; autoplay; clipboard-write; encrypted-media; gyroscope; picture-in-picture; web-share\" referrerpolicy=\"strict-origin-when-cross-origin\" allowfullscreen><\/iframe><\/p>","protected":false},"excerpt":{"rendered":"<p>Ubijak z silnikiem wysokopr\u0119\u017cnym CH-C125 zapewnia wydajne zag\u0119szczanie gleby przy niskim zu\u017cyciu paliwa. Idealny do odleg\u0142ych miejsc pracy, ci\u0119\u017ckich gleb i d\u0142ugich cykli roboczych.<\/p>","protected":false},"featured_media":9095,"template":"","meta":{"_kad_post_transparent":"default","_kad_post_title":"","_kad_post_layout":"default","_kad_post_sidebar_id":"","_kad_post_content_style":"default","_kad_post_vertical_padding":"default","_kad_post_feature":"","_kad_post_feature_position":"","_kad_post_header":false,"_kad_post_footer":false},"product_brand":[],"product_cat":[83],"product_tag":[1060,1057,1058,1059,1051,1052,1056,1053,1055,1054],"class_list":{"0":"post-9094","1":"product","2":"type-product","3":"status-publish","4":"has-post-thumbnail","6":"product_cat-tamping-rammer","7":"product_tag-backfill-compactor-machine","8":"product_tag-diesel-tamping-rammer","9":"product_tag-earth-tamping-machine","10":"product_tag-handheld-tamping-rammer","11":"product_tag-impact-rammer","12":"product_tag-jumping-jack-compactor","13":"product_tag-petrol-tamping-rammer","14":"product_tag-plate-tamping-rammer","15":"product_tag-soil-compaction-rammer","16":"product_tag-vibratory-tamping-rammer","18":"first","19":"instock","20":"shipping-taxable","21":"product-type-simple","22":"entry","23":"content-bg","24":"loop-entry"},"yoast_head":"<!-- This site is optimized with the Yoast SEO plugin v25.3.1 - https:\/\/yoast.com\/wordpress\/plugins\/seo\/ -->\n<title>Tamping Rammer CH-C125 - HSY Construction Machinery<\/title>\n<meta name=\"description\" content=\"CH-C125 Diesel Tamping Rammer provides heavy-duty soil compaction with robust diesel power. Perfect for remote construction, roadwork, and mining projects.\" \/>\n<meta name=\"robots\" content=\"index, follow, max-snippet:-1, max-image-preview:large, max-video-preview:-1\" \/>\n<link rel=\"canonical\" href=\"https:\/\/www.hsymachinery.com\/pl\/product\/ubijak-ch-c125\/\" \/>\n<meta property=\"og:locale\" content=\"pl_PL\" \/>\n<meta property=\"og:type\" content=\"article\" \/>\n<meta property=\"og:title\" content=\"Tamping Rammer CH-C125 - HSY Construction Machinery\" \/>\n<meta property=\"og:description\" content=\"CH-C125 Diesel Tamping Rammer provides heavy-duty soil compaction with robust diesel power. Perfect for remote construction, roadwork, and mining projects.\" \/>\n<meta property=\"og:url\" content=\"https:\/\/www.hsymachinery.com\/pl\/product\/ubijak-ch-c125\/\" \/>\n<meta property=\"og:site_name\" content=\"HSY Construction Machinery\" \/>\n<meta property=\"article:modified_time\" content=\"2025-06-28T07:49:43+00:00\" \/>\n<meta property=\"og:image\" content=\"https:\/\/www.hsymachinery.com\/wp-content\/uploads\/2025\/06\/Tamping-Rammer-CH-C125.jpg\" \/>\n\t<meta property=\"og:image:width\" content=\"800\" \/>\n\t<meta property=\"og:image:height\" content=\"800\" \/>\n\t<meta property=\"og:image:type\" content=\"image\/jpeg\" \/>\n<meta name=\"twitter:card\" content=\"summary_large_image\" \/>\n<meta name=\"twitter:label1\" content=\"Szacowany czas czytania\" \/>\n\t<meta name=\"twitter:data1\" content=\"2 minuty\" \/>\n<script type=\"application\/ld+json\" class=\"yoast-schema-graph\">{\"@context\":\"https:\/\/schema.org\",\"@graph\":[{\"@type\":\"WebPage\",\"@id\":\"https:\/\/www.hsymachinery.com\/product\/tamping-rammer-ch-c125\/\",\"url\":\"https:\/\/www.hsymachinery.com\/product\/tamping-rammer-ch-c125\/\",\"name\":\"Tamping Rammer CH-C125 - HSY Construction Machinery\",\"isPartOf\":{\"@id\":\"https:\/\/www.hsymachinery.com\/#website\"},\"primaryImageOfPage\":{\"@id\":\"https:\/\/www.hsymachinery.com\/product\/tamping-rammer-ch-c125\/#primaryimage\"},\"image\":{\"@id\":\"https:\/\/www.hsymachinery.com\/product\/tamping-rammer-ch-c125\/#primaryimage\"},\"thumbnailUrl\":\"https:\/\/www.hsymachinery.com\/wp-content\/uploads\/2025\/06\/Tamping-Rammer-CH-C125.jpg\",\"datePublished\":\"2025-06-18T08:32:33+00:00\",\"dateModified\":\"2025-06-28T07:49:43+00:00\",\"description\":\"CH-C125 Diesel Tamping Rammer provides heavy-duty soil compaction with robust diesel power. Perfect for remote construction, roadwork, and mining projects.\",\"breadcrumb\":{\"@id\":\"https:\/\/www.hsymachinery.com\/product\/tamping-rammer-ch-c125\/#breadcrumb\"},\"inLanguage\":\"pl-PL\",\"potentialAction\":[{\"@type\":\"ReadAction\",\"target\":[\"https:\/\/www.hsymachinery.com\/product\/tamping-rammer-ch-c125\/\"]}]},{\"@type\":\"ImageObject\",\"inLanguage\":\"pl-PL\",\"@id\":\"https:\/\/www.hsymachinery.com\/product\/tamping-rammer-ch-c125\/#primaryimage\",\"url\":\"https:\/\/www.hsymachinery.com\/wp-content\/uploads\/2025\/06\/Tamping-Rammer-CH-C125.jpg\",\"contentUrl\":\"https:\/\/www.hsymachinery.com\/wp-content\/uploads\/2025\/06\/Tamping-Rammer-CH-C125.jpg\",\"width\":800,\"height\":800},{\"@type\":\"BreadcrumbList\",\"@id\":\"https:\/\/www.hsymachinery.com\/product\/tamping-rammer-ch-c125\/#breadcrumb\",\"itemListElement\":[{\"@type\":\"ListItem\",\"position\":1,\"name\":\"home\",\"item\":\"https:\/\/www.hsymachinery.com\/\"},{\"@type\":\"ListItem\",\"position\":2,\"name\":\"products\",\"item\":\"https:\/\/www.hsymachinery.com\/products\/\"},{\"@type\":\"ListItem\",\"position\":3,\"name\":\"Tamping Rammer CH-C125\"}]},{\"@type\":\"WebSite\",\"@id\":\"https:\/\/www.hsymachinery.com\/#website\",\"url\":\"https:\/\/www.hsymachinery.com\/\",\"name\":\"HSY Construction Machinery\",\"description\":\"HSY Machinery \u2013 A leading China construction machinery supplier, offering a wide range of light construction equipment. Our main products include Rebar Cutting Machine, Rebar Bending Machine, Rebar Stirrup Bending Machine, Rebar Arc Bending Machine, Rebar Straightening Machine, Five-Head Rebar Stirrup Bending Machine, Tamping Rammer, Plate Compactor, Concrete Cutter, Power Trowel, and other construction machinery. We are equipped with advanced CNC machines, and we enforce strict quality inspection standards along with comprehensive after-sales service. If you are interested in our products or services, we warmly welcome your inquiries via message.\",\"publisher\":{\"@id\":\"https:\/\/www.hsymachinery.com\/#organization\"},\"potentialAction\":[{\"@type\":\"SearchAction\",\"target\":{\"@type\":\"EntryPoint\",\"urlTemplate\":\"https:\/\/www.hsymachinery.com\/?s={search_term_string}\"},\"query-input\":{\"@type\":\"PropertyValueSpecification\",\"valueRequired\":true,\"valueName\":\"search_term_string\"}}],\"inLanguage\":\"pl-PL\"},{\"@type\":\"Organization\",\"@id\":\"https:\/\/www.hsymachinery.com\/#organization\",\"name\":\"HSY Construction Machinery\",\"url\":\"https:\/\/www.hsymachinery.com\/\",\"logo\":{\"@type\":\"ImageObject\",\"inLanguage\":\"pl-PL\",\"@id\":\"https:\/\/www.hsymachinery.com\/#\/schema\/logo\/image\/\",\"url\":\"https:\/\/www.hsymachinery.com\/wp-content\/uploads\/2025\/06\/cropped-HSY-machinery.png\",\"contentUrl\":\"https:\/\/www.hsymachinery.com\/wp-content\/uploads\/2025\/06\/cropped-HSY-machinery.png\",\"width\":600,\"height\":240,\"caption\":\"HSY Construction Machinery\"},\"image\":{\"@id\":\"https:\/\/www.hsymachinery.com\/#\/schema\/logo\/image\/\"}}]}<\/script>\n<!-- \/ Yoast SEO plugin. -->","yoast_head_json":{"title":"Ubijak CH-C125 - HSY Construction Machinery","description":"Ubijak z silnikiem wysokopr\u0119\u017cnym CH-C125 zapewnia intensywne zag\u0119szczanie gruntu dzi\u0119ki solidnej mocy silnika wysokopr\u0119\u017cnego. Idealny do zdalnych projekt\u00f3w budowlanych, drogowych i g\u00f3rniczych.","robots":{"index":"index","follow":"follow","max-snippet":"max-snippet:-1","max-image-preview":"max-image-preview:large","max-video-preview":"max-video-preview:-1"},"canonical":"https:\/\/www.hsymachinery.com\/pl\/product\/ubijak-ch-c125\/","og_locale":"pl_PL","og_type":"article","og_title":"Tamping Rammer CH-C125 - HSY Construction Machinery","og_description":"CH-C125 Diesel Tamping Rammer provides heavy-duty soil compaction with robust diesel power. Perfect for remote construction, roadwork, and mining projects.","og_url":"https:\/\/www.hsymachinery.com\/pl\/product\/ubijak-ch-c125\/","og_site_name":"HSY Construction Machinery","article_modified_time":"2025-06-28T07:49:43+00:00","og_image":[{"width":800,"height":800,"url":"https:\/\/www.hsymachinery.com\/wp-content\/uploads\/2025\/06\/Tamping-Rammer-CH-C125.jpg","type":"image\/jpeg"}],"twitter_card":"summary_large_image","twitter_misc":{"Szacowany czas czytania":"2 minuty"},"schema":{"@context":"https:\/\/schema.org","@graph":[{"@type":"WebPage","@id":"https:\/\/www.hsymachinery.com\/product\/tamping-rammer-ch-c125\/","url":"https:\/\/www.hsymachinery.com\/product\/tamping-rammer-ch-c125\/","name":"Ubijak CH-C125 - HSY Construction Machinery","isPartOf":{"@id":"https:\/\/www.hsymachinery.com\/#website"},"primaryImageOfPage":{"@id":"https:\/\/www.hsymachinery.com\/product\/tamping-rammer-ch-c125\/#primaryimage"},"image":{"@id":"https:\/\/www.hsymachinery.com\/product\/tamping-rammer-ch-c125\/#primaryimage"},"thumbnailUrl":"https:\/\/www.hsymachinery.com\/wp-content\/uploads\/2025\/06\/Tamping-Rammer-CH-C125.jpg","datePublished":"2025-06-18T08:32:33+00:00","dateModified":"2025-06-28T07:49:43+00:00","description":"Ubijak z silnikiem wysokopr\u0119\u017cnym CH-C125 zapewnia intensywne zag\u0119szczanie gruntu dzi\u0119ki solidnej mocy silnika wysokopr\u0119\u017cnego. Idealny do zdalnych projekt\u00f3w budowlanych, drogowych i g\u00f3rniczych.","breadcrumb":{"@id":"https:\/\/www.hsymachinery.com\/product\/tamping-rammer-ch-c125\/#breadcrumb"},"inLanguage":"pl-PL","potentialAction":[{"@type":"ReadAction","target":["https:\/\/www.hsymachinery.com\/product\/tamping-rammer-ch-c125\/"]}]},{"@type":"ImageObject","inLanguage":"pl-PL","@id":"https:\/\/www.hsymachinery.com\/product\/tamping-rammer-ch-c125\/#primaryimage","url":"https:\/\/www.hsymachinery.com\/wp-content\/uploads\/2025\/06\/Tamping-Rammer-CH-C125.jpg","contentUrl":"https:\/\/www.hsymachinery.com\/wp-content\/uploads\/2025\/06\/Tamping-Rammer-CH-C125.jpg","width":800,"height":800},{"@type":"BreadcrumbList","@id":"https:\/\/www.hsymachinery.com\/product\/tamping-rammer-ch-c125\/#breadcrumb","itemListElement":[{"@type":"ListItem","position":1,"name":"home","item":"https:\/\/www.hsymachinery.com\/"},{"@type":"ListItem","position":2,"name":"products","item":"https:\/\/www.hsymachinery.com\/products\/"},{"@type":"ListItem","position":3,"name":"Tamping Rammer CH-C125"}]},{"@type":"WebSite","@id":"https:\/\/www.hsymachinery.com\/#website","url":"https:\/\/www.hsymachinery.com\/","name":"HSY Construction Machinery","description":"HSY Machinery - wiod\u0105cy chi\u0144ski dostawca maszyn budowlanych, oferuj\u0105cy szerok\u0105 gam\u0119 lekkiego sprz\u0119tu budowlanego. Nasze g\u0142\u00f3wne produkty to maszyna do ci\u0119cia pr\u0119t\u00f3w zbrojeniowych, maszyna do gi\u0119cia pr\u0119t\u00f3w zbrojeniowych, maszyna do gi\u0119cia strzemion pr\u0119t\u00f3w zbrojeniowych, maszyna do gi\u0119cia \u0142uk\u00f3w pr\u0119t\u00f3w zbrojeniowych, maszyna do prostowania pr\u0119t\u00f3w zbrojeniowych, pi\u0119ciog\u0142owicowa maszyna do gi\u0119cia strzemion pr\u0119t\u00f3w zbrojeniowych, ubijak, zag\u0119szczarka p\u0142ytowa, przecinarka do betonu, zacieraczka mechaniczna i inne maszyny budowlane. Jeste\u015bmy wyposa\u017ceni w zaawansowane maszyny CNC i egzekwujemy surowe standardy kontroli jako\u015bci wraz z kompleksow\u0105 obs\u0142ug\u0105 posprzeda\u017cn\u0105. Je\u015bli jeste\u015b zainteresowany naszymi produktami lub us\u0142ugami, serdecznie zapraszamy do sk\u0142adania zapyta\u0144 za po\u015brednictwem wiadomo\u015bci.","publisher":{"@id":"https:\/\/www.hsymachinery.com\/#organization"},"potentialAction":[{"@type":"SearchAction","target":{"@type":"EntryPoint","urlTemplate":"https:\/\/www.hsymachinery.com\/?s={search_term_string}"},"query-input":{"@type":"PropertyValueSpecification","valueRequired":true,"valueName":"search_term_string"}}],"inLanguage":"pl-PL"},{"@type":"Organization","@id":"https:\/\/www.hsymachinery.com\/#organization","name":"HSY Construction Machinery","url":"https:\/\/www.hsymachinery.com\/","logo":{"@type":"ImageObject","inLanguage":"pl-PL","@id":"https:\/\/www.hsymachinery.com\/#\/schema\/logo\/image\/","url":"https:\/\/www.hsymachinery.com\/wp-content\/uploads\/2025\/06\/cropped-HSY-machinery.png","contentUrl":"https:\/\/www.hsymachinery.com\/wp-content\/uploads\/2025\/06\/cropped-HSY-machinery.png","width":600,"height":240,"caption":"HSY Construction Machinery"},"image":{"@id":"https:\/\/www.hsymachinery.com\/#\/schema\/logo\/image\/"}}]}},"_links":{"self":[{"href":"https:\/\/www.hsymachinery.com\/pl\/wp-json\/wp\/v2\/product\/9094","targetHints":{"allow":["GET"]}}],"collection":[{"href":"https:\/\/www.hsymachinery.com\/pl\/wp-json\/wp\/v2\/product"}],"about":[{"href":"https:\/\/www.hsymachinery.com\/pl\/wp-json\/wp\/v2\/types\/product"}],"version-history":[{"count":3,"href":"https:\/\/www.hsymachinery.com\/pl\/wp-json\/wp\/v2\/product\/9094\/revisions"}],"predecessor-version":[{"id":9515,"href":"https:\/\/www.hsymachinery.com\/pl\/wp-json\/wp\/v2\/product\/9094\/revisions\/9515"}],"wp:featuredmedia":[{"embeddable":true,"href":"https:\/\/www.hsymachinery.com\/pl\/wp-json\/wp\/v2\/media\/9095"}],"wp:attachment":[{"href":"https:\/\/www.hsymachinery.com\/pl\/wp-json\/wp\/v2\/media?parent=9094"}],"wp:term":[{"taxonomy":"product_brand","embeddable":true,"href":"https:\/\/www.hsymachinery.com\/pl\/wp-json\/wp\/v2\/product_brand?post=9094"},{"taxonomy":"product_cat","embeddable":true,"href":"https:\/\/www.hsymachinery.com\/pl\/wp-json\/wp\/v2\/product_cat?post=9094"},{"taxonomy":"product_tag","embeddable":true,"href":"https:\/\/www.hsymachinery.com\/pl\/wp-json\/wp\/v2\/product_tag?post=9094"}],"curies":[{"name":"wp","href":"https:\/\/api.w.org\/{rel}","templated":true}]}}