{"id":9085,"date":"2025-06-18T16:29:44","date_gmt":"2025-06-18T08:29:44","guid":{"rendered":"https:\/\/www.hsymachinery.com\/?post_type=product&#038;p=9085"},"modified":"2025-06-28T15:39:22","modified_gmt":"2025-06-28T07:39:22","slug":"ubijak-ch-c110","status":"publish","type":"product","link":"https:\/\/www.hsymachinery.com\/pl\/product\/ubijak-ch-c110\/","title":{"rendered":"Ubijak CH-C110"},"content":{"rendered":"<h2 data-start=\"107\" data-end=\"137\">Ubijak CH-C110<\/h2>\n<h3 data-start=\"138\" data-end=\"251\">Ubijak z silnikiem wysokopr\u0119\u017cnym CH-C110 | Paliwooszcz\u0119dna zag\u0119szczarka gruntu do ci\u0119\u017ckich prac fundamentowych i drogowych<\/h3>\n<h3 data-start=\"258\" data-end=\"344\">Przegl\u0105d produkt\u00f3w - wysokowydajny ubijak z silnikiem wysokopr\u0119\u017cnym do wymagaj\u0105cych zada\u0144 zag\u0119szczania<img fetchpriority=\"high\" decoding=\"async\" class=\"wp-image-9086 alignright\" src=\"https:\/\/www.hsymachinery.com\/wp-content\/uploads\/2025\/06\/Tamping-Rammer-CH-C110-300x300.jpg\" alt=\"\" width=\"465\" height=\"465\" srcset=\"https:\/\/www.hsymachinery.com\/wp-content\/uploads\/2025\/06\/Tamping-Rammer-CH-C110-300x300.jpg 300w, https:\/\/www.hsymachinery.com\/wp-content\/uploads\/2025\/06\/Tamping-Rammer-CH-C110-150x150.jpg 150w, https:\/\/www.hsymachinery.com\/wp-content\/uploads\/2025\/06\/Tamping-Rammer-CH-C110-768x768.jpg 768w, https:\/\/www.hsymachinery.com\/wp-content\/uploads\/2025\/06\/Tamping-Rammer-CH-C110-600x600.jpg 600w, https:\/\/www.hsymachinery.com\/wp-content\/uploads\/2025\/06\/Tamping-Rammer-CH-C110-100x100.jpg 100w, https:\/\/www.hsymachinery.com\/wp-content\/uploads\/2025\/06\/Tamping-Rammer-CH-C110.jpg 800w\" sizes=\"(max-width: 465px) 100vw, 465px\" \/><\/h3>\n<p data-start=\"346\" data-end=\"686\">The <strong data-start=\"350\" data-end=\"376\">Ubijak CH-C110<\/strong> to nap\u0119dzana silnikiem wysokopr\u0119\u017cnym zag\u0119szczarka gruntu, kt\u00f3ra zapewnia du\u017c\u0105 si\u0142\u0119 uderzenia i d\u0142ugotrwa\u0142\u0105 wydajno\u015b\u0107 w terenie. Szczeg\u00f3lnie dobrze nadaje si\u0119 do wykonywania wykop\u00f3w pod fundamenty, napraw dr\u00f3g, instalacji ruroci\u0105g\u00f3w i prac z glin\u0105 o wysokim stopniu zag\u0119szczenia, gdzie trwa\u0142o\u015b\u0107 i oszcz\u0119dno\u015b\u0107 paliwa s\u0105 priorytetami.<\/p>\n<p data-start=\"688\" data-end=\"861\">Model ten jest inteligentnym wyborem dla wykonawc\u00f3w pracuj\u0105cych w odleg\u0142ych miejscach pracy lub na obszarach o niskiej jako\u015bci paliwa, oferuj\u0105c zar\u00f3wno moc, jak i odporno\u015b\u0107 w trudnych warunkach pracy.<\/p>\n<h3 data-start=\"868\" data-end=\"932\">Wydajno\u015b\u0107 silnika wysokopr\u0119\u017cnego, wytrzyma\u0142a konstrukcja i p\u0142ynna praca<\/h3>\n<p data-start=\"934\" data-end=\"1215\">Nap\u0119dzana wytrzyma\u0142ym silnikiem wysokopr\u0119\u017cnym, CH-C110 wytwarza wysoki moment obrotowy i r\u00f3wnomierne ubijanie nawet na trudnych powierzchniach. Wytrzyma\u0142y but ubijaj\u0105cy w po\u0142\u0105czeniu z odpornym na wstrz\u0105sy systemem mocowania zapewnia g\u0142\u0119bokie zag\u0119szczanie przy jednoczesnym zmniejszeniu przenoszenia wibracji na operatora.<\/p>\n<p data-start=\"1217\" data-end=\"1354\">Punkty konserwacyjne s\u0105 \u0142atwo dost\u0119pne, a silnik jest odporny na ekstremalne warunki, co pomaga ograniczy\u0107 nieoczekiwane przestoje w miejscu pracy.<\/p>\n<h3 data-start=\"1361\" data-end=\"1409\">Stworzony do pracy na zewn\u0105trz i poza sieci\u0105<\/h3>\n<p data-start=\"1411\" data-end=\"1717\">Ta maszyna dzia\u0142a niezale\u017cnie od zasilania zewn\u0119trznego i dobrze sprawdza si\u0119 poza sieci\u0105, w trudnym terenie lub w strefach budowy bez elektryczno\u015bci. Oszcz\u0119dno\u015b\u0107 paliwa i d\u0142ugi czas pracy na jednym zbiorniku minimalizuj\u0105 przerwy na tankowanie, dzi\u0119ki czemu idealnie nadaje si\u0119 do codziennego u\u017cytku w infrastrukturze i warunkach przemys\u0142owych.<\/p>\n<p data-start=\"1719\" data-end=\"1833\">Niezale\u017cnie od tego, czy pracuje w gor\u0105cym, zapylonym czy wilgotnym klimacie, CH-C110 okazuje si\u0119 by\u0107 niezawodnym, niewymagaj\u0105cym konserwacji rozwi\u0105zaniem do zag\u0119szczania.<\/p>\n<h3 data-start=\"1840\" data-end=\"1891\">Kluczowe cechy ubijaka z silnikiem wysokopr\u0119\u017cnym CH-C110<\/h3>\n<ul data-start=\"1893\" data-end=\"2196\">\n<li data-start=\"1893\" data-end=\"1951\">\n<p data-start=\"1895\" data-end=\"1951\">Silnik wysokopr\u0119\u017cny zapewnia wysoki moment obrotowy i d\u0142ugi czas pracy<\/p>\n<\/li>\n<li data-start=\"1952\" data-end=\"2020\">\n<p data-start=\"1954\" data-end=\"2020\">Nadaje si\u0119 do gleby o du\u017cej g\u0119sto\u015bci, pod\u0142o\u017cy drogowych i ci\u0119\u017ckich konstrukcji<\/p>\n<\/li>\n<li data-start=\"2021\" data-end=\"2086\">\n<p data-start=\"2023\" data-end=\"2086\">Oszcz\u0119dno\u015b\u0107 paliwa i dobra wydajno\u015b\u0107 w odleg\u0142ych lokalizacjach.<\/p>\n<\/li>\n<li data-start=\"2087\" data-end=\"2144\">\n<p data-start=\"2089\" data-end=\"2144\">Wytrzyma\u0142a rama i stalowa podstawa zapewniaj\u0105 d\u0142ugotrwa\u0142\u0105 niezawodno\u015b\u0107<\/p>\n<\/li>\n<li data-start=\"2145\" data-end=\"2196\">\n<p data-start=\"2147\" data-end=\"2196\">\u0141atwo\u015b\u0107 serwisowania i obs\u0142ugi w trudnych warunkach<\/p>\n<\/li>\n<\/ul>\n<p><iframe title=\"zag\u0119szczarka, ubijak, ubijak, zag\u0119szczarka p\u0142ytowa, wibracje budowlane, maszyna zag\u0119szczaj\u0105ca.#tamping\" width=\"720\" height=\"540\" src=\"https:\/\/www.youtube.com\/embed\/j8Nod6Mcz9w?feature=oembed\" frameborder=\"0\" allow=\"accelerometer; autoplay; clipboard-write; encrypted-media; gyroscope; picture-in-picture; web-share\" referrerpolicy=\"strict-origin-when-cross-origin\" allowfullscreen><\/iframe><\/p>","protected":false},"excerpt":{"rendered":"<p>Ubijak spalinowy CH-C110 zapewnia g\u0142\u0119bokie, r\u00f3wnomierne zag\u0119szczanie dzi\u0119ki silnikowi o wysokim momencie obrotowym. Wytrzyma\u0142y i wydajny, idealny do fundament\u00f3w, wykop\u00f3w i projekt\u00f3w drogowych.<\/p>","protected":false},"featured_media":9086,"template":"","meta":{"_kad_post_transparent":"default","_kad_post_title":"","_kad_post_layout":"default","_kad_post_sidebar_id":"","_kad_post_content_style":"default","_kad_post_vertical_padding":"default","_kad_post_feature":"","_kad_post_feature_position":"","_kad_post_header":false,"_kad_post_footer":false},"product_brand":[],"product_cat":[83],"product_tag":[1060,1057,1058,1059,1051,1052,1056,1053,1055,1054],"class_list":{"0":"post-9085","1":"product","2":"type-product","3":"status-publish","4":"has-post-thumbnail","6":"product_cat-tamping-rammer","7":"product_tag-backfill-compactor-machine","8":"product_tag-diesel-tamping-rammer","9":"product_tag-earth-tamping-machine","10":"product_tag-handheld-tamping-rammer","11":"product_tag-impact-rammer","12":"product_tag-jumping-jack-compactor","13":"product_tag-petrol-tamping-rammer","14":"product_tag-plate-tamping-rammer","15":"product_tag-soil-compaction-rammer","16":"product_tag-vibratory-tamping-rammer","18":"first","19":"instock","20":"shipping-taxable","21":"product-type-simple","22":"entry","23":"content-bg","24":"loop-entry"},"yoast_head":"<!-- This site is optimized with the Yoast SEO plugin v25.3.1 - https:\/\/yoast.com\/wordpress\/plugins\/seo\/ -->\n<title>Tamping Rammer CH-C110 - HSY Construction Machinery<\/title>\n<meta name=\"description\" content=\"CH-C110 Diesel Tamping Rammer offers powerful soil compaction with fuel efficiency. Ideal for roadwork, trench backfilling, and off-grid construction work.\" \/>\n<meta name=\"robots\" content=\"index, follow, max-snippet:-1, max-image-preview:large, max-video-preview:-1\" \/>\n<link rel=\"canonical\" href=\"https:\/\/www.hsymachinery.com\/pl\/product\/ubijak-ch-c110\/\" \/>\n<meta property=\"og:locale\" content=\"pl_PL\" \/>\n<meta property=\"og:type\" content=\"article\" \/>\n<meta property=\"og:title\" content=\"Tamping Rammer CH-C110 - HSY Construction Machinery\" \/>\n<meta property=\"og:description\" content=\"CH-C110 Diesel Tamping Rammer offers powerful soil compaction with fuel efficiency. Ideal for roadwork, trench backfilling, and off-grid construction work.\" \/>\n<meta property=\"og:url\" content=\"https:\/\/www.hsymachinery.com\/pl\/product\/ubijak-ch-c110\/\" \/>\n<meta property=\"og:site_name\" content=\"HSY Construction Machinery\" \/>\n<meta property=\"article:modified_time\" content=\"2025-06-28T07:39:22+00:00\" \/>\n<meta property=\"og:image\" content=\"https:\/\/www.hsymachinery.com\/wp-content\/uploads\/2025\/06\/Tamping-Rammer-CH-C110.jpg\" \/>\n\t<meta property=\"og:image:width\" content=\"800\" \/>\n\t<meta property=\"og:image:height\" content=\"800\" \/>\n\t<meta property=\"og:image:type\" content=\"image\/jpeg\" \/>\n<meta name=\"twitter:card\" content=\"summary_large_image\" \/>\n<meta name=\"twitter:label1\" content=\"Szacowany czas czytania\" \/>\n\t<meta name=\"twitter:data1\" content=\"2 minuty\" \/>\n<script type=\"application\/ld+json\" class=\"yoast-schema-graph\">{\"@context\":\"https:\/\/schema.org\",\"@graph\":[{\"@type\":\"WebPage\",\"@id\":\"https:\/\/www.hsymachinery.com\/product\/tamping-rammer-ch-c110\/\",\"url\":\"https:\/\/www.hsymachinery.com\/product\/tamping-rammer-ch-c110\/\",\"name\":\"Tamping Rammer CH-C110 - HSY Construction Machinery\",\"isPartOf\":{\"@id\":\"https:\/\/www.hsymachinery.com\/#website\"},\"primaryImageOfPage\":{\"@id\":\"https:\/\/www.hsymachinery.com\/product\/tamping-rammer-ch-c110\/#primaryimage\"},\"image\":{\"@id\":\"https:\/\/www.hsymachinery.com\/product\/tamping-rammer-ch-c110\/#primaryimage\"},\"thumbnailUrl\":\"https:\/\/www.hsymachinery.com\/wp-content\/uploads\/2025\/06\/Tamping-Rammer-CH-C110.jpg\",\"datePublished\":\"2025-06-18T08:29:44+00:00\",\"dateModified\":\"2025-06-28T07:39:22+00:00\",\"description\":\"CH-C110 Diesel Tamping Rammer offers powerful soil compaction with fuel efficiency. Ideal for roadwork, trench backfilling, and off-grid construction work.\",\"breadcrumb\":{\"@id\":\"https:\/\/www.hsymachinery.com\/product\/tamping-rammer-ch-c110\/#breadcrumb\"},\"inLanguage\":\"pl-PL\",\"potentialAction\":[{\"@type\":\"ReadAction\",\"target\":[\"https:\/\/www.hsymachinery.com\/product\/tamping-rammer-ch-c110\/\"]}]},{\"@type\":\"ImageObject\",\"inLanguage\":\"pl-PL\",\"@id\":\"https:\/\/www.hsymachinery.com\/product\/tamping-rammer-ch-c110\/#primaryimage\",\"url\":\"https:\/\/www.hsymachinery.com\/wp-content\/uploads\/2025\/06\/Tamping-Rammer-CH-C110.jpg\",\"contentUrl\":\"https:\/\/www.hsymachinery.com\/wp-content\/uploads\/2025\/06\/Tamping-Rammer-CH-C110.jpg\",\"width\":800,\"height\":800},{\"@type\":\"BreadcrumbList\",\"@id\":\"https:\/\/www.hsymachinery.com\/product\/tamping-rammer-ch-c110\/#breadcrumb\",\"itemListElement\":[{\"@type\":\"ListItem\",\"position\":1,\"name\":\"home\",\"item\":\"https:\/\/www.hsymachinery.com\/\"},{\"@type\":\"ListItem\",\"position\":2,\"name\":\"products\",\"item\":\"https:\/\/www.hsymachinery.com\/products\/\"},{\"@type\":\"ListItem\",\"position\":3,\"name\":\"Tamping Rammer CH-C110\"}]},{\"@type\":\"WebSite\",\"@id\":\"https:\/\/www.hsymachinery.com\/#website\",\"url\":\"https:\/\/www.hsymachinery.com\/\",\"name\":\"HSY Construction Machinery\",\"description\":\"HSY Machinery \u2013 A leading China construction machinery supplier, offering a wide range of light construction equipment. Our main products include Rebar Cutting Machine, Rebar Bending Machine, Rebar Stirrup Bending Machine, Rebar Arc Bending Machine, Rebar Straightening Machine, Five-Head Rebar Stirrup Bending Machine, Tamping Rammer, Plate Compactor, Concrete Cutter, Power Trowel, and other construction machinery. We are equipped with advanced CNC machines, and we enforce strict quality inspection standards along with comprehensive after-sales service. If you are interested in our products or services, we warmly welcome your inquiries via message.\",\"publisher\":{\"@id\":\"https:\/\/www.hsymachinery.com\/#organization\"},\"potentialAction\":[{\"@type\":\"SearchAction\",\"target\":{\"@type\":\"EntryPoint\",\"urlTemplate\":\"https:\/\/www.hsymachinery.com\/?s={search_term_string}\"},\"query-input\":{\"@type\":\"PropertyValueSpecification\",\"valueRequired\":true,\"valueName\":\"search_term_string\"}}],\"inLanguage\":\"pl-PL\"},{\"@type\":\"Organization\",\"@id\":\"https:\/\/www.hsymachinery.com\/#organization\",\"name\":\"HSY Construction Machinery\",\"url\":\"https:\/\/www.hsymachinery.com\/\",\"logo\":{\"@type\":\"ImageObject\",\"inLanguage\":\"pl-PL\",\"@id\":\"https:\/\/www.hsymachinery.com\/#\/schema\/logo\/image\/\",\"url\":\"https:\/\/www.hsymachinery.com\/wp-content\/uploads\/2025\/06\/cropped-HSY-machinery.png\",\"contentUrl\":\"https:\/\/www.hsymachinery.com\/wp-content\/uploads\/2025\/06\/cropped-HSY-machinery.png\",\"width\":600,\"height\":240,\"caption\":\"HSY Construction Machinery\"},\"image\":{\"@id\":\"https:\/\/www.hsymachinery.com\/#\/schema\/logo\/image\/\"}}]}<\/script>\n<!-- \/ Yoast SEO plugin. -->","yoast_head_json":{"title":"Ubijak CH-C110 - HSY Construction Machinery","description":"Ubijak z silnikiem wysokopr\u0119\u017cnym CH-C110 zapewnia wydajne zag\u0119szczanie gruntu przy niskim zu\u017cyciu paliwa. Idealny do prac drogowych, zasypywania row\u00f3w i prac budowlanych poza sieci\u0105.","robots":{"index":"index","follow":"follow","max-snippet":"max-snippet:-1","max-image-preview":"max-image-preview:large","max-video-preview":"max-video-preview:-1"},"canonical":"https:\/\/www.hsymachinery.com\/pl\/product\/ubijak-ch-c110\/","og_locale":"pl_PL","og_type":"article","og_title":"Tamping Rammer CH-C110 - HSY Construction Machinery","og_description":"CH-C110 Diesel Tamping Rammer offers powerful soil compaction with fuel efficiency. Ideal for roadwork, trench backfilling, and off-grid construction work.","og_url":"https:\/\/www.hsymachinery.com\/pl\/product\/ubijak-ch-c110\/","og_site_name":"HSY Construction Machinery","article_modified_time":"2025-06-28T07:39:22+00:00","og_image":[{"width":800,"height":800,"url":"https:\/\/www.hsymachinery.com\/wp-content\/uploads\/2025\/06\/Tamping-Rammer-CH-C110.jpg","type":"image\/jpeg"}],"twitter_card":"summary_large_image","twitter_misc":{"Szacowany czas czytania":"2 minuty"},"schema":{"@context":"https:\/\/schema.org","@graph":[{"@type":"WebPage","@id":"https:\/\/www.hsymachinery.com\/product\/tamping-rammer-ch-c110\/","url":"https:\/\/www.hsymachinery.com\/product\/tamping-rammer-ch-c110\/","name":"Ubijak CH-C110 - HSY Construction Machinery","isPartOf":{"@id":"https:\/\/www.hsymachinery.com\/#website"},"primaryImageOfPage":{"@id":"https:\/\/www.hsymachinery.com\/product\/tamping-rammer-ch-c110\/#primaryimage"},"image":{"@id":"https:\/\/www.hsymachinery.com\/product\/tamping-rammer-ch-c110\/#primaryimage"},"thumbnailUrl":"https:\/\/www.hsymachinery.com\/wp-content\/uploads\/2025\/06\/Tamping-Rammer-CH-C110.jpg","datePublished":"2025-06-18T08:29:44+00:00","dateModified":"2025-06-28T07:39:22+00:00","description":"Ubijak z silnikiem wysokopr\u0119\u017cnym CH-C110 zapewnia wydajne zag\u0119szczanie gruntu przy niskim zu\u017cyciu paliwa. Idealny do prac drogowych, zasypywania row\u00f3w i prac budowlanych poza sieci\u0105.","breadcrumb":{"@id":"https:\/\/www.hsymachinery.com\/product\/tamping-rammer-ch-c110\/#breadcrumb"},"inLanguage":"pl-PL","potentialAction":[{"@type":"ReadAction","target":["https:\/\/www.hsymachinery.com\/product\/tamping-rammer-ch-c110\/"]}]},{"@type":"ImageObject","inLanguage":"pl-PL","@id":"https:\/\/www.hsymachinery.com\/product\/tamping-rammer-ch-c110\/#primaryimage","url":"https:\/\/www.hsymachinery.com\/wp-content\/uploads\/2025\/06\/Tamping-Rammer-CH-C110.jpg","contentUrl":"https:\/\/www.hsymachinery.com\/wp-content\/uploads\/2025\/06\/Tamping-Rammer-CH-C110.jpg","width":800,"height":800},{"@type":"BreadcrumbList","@id":"https:\/\/www.hsymachinery.com\/product\/tamping-rammer-ch-c110\/#breadcrumb","itemListElement":[{"@type":"ListItem","position":1,"name":"home","item":"https:\/\/www.hsymachinery.com\/"},{"@type":"ListItem","position":2,"name":"products","item":"https:\/\/www.hsymachinery.com\/products\/"},{"@type":"ListItem","position":3,"name":"Tamping Rammer CH-C110"}]},{"@type":"WebSite","@id":"https:\/\/www.hsymachinery.com\/#website","url":"https:\/\/www.hsymachinery.com\/","name":"HSY Construction Machinery","description":"HSY Machinery - wiod\u0105cy chi\u0144ski dostawca maszyn budowlanych, oferuj\u0105cy szerok\u0105 gam\u0119 lekkiego sprz\u0119tu budowlanego. Nasze g\u0142\u00f3wne produkty to maszyna do ci\u0119cia pr\u0119t\u00f3w zbrojeniowych, maszyna do gi\u0119cia pr\u0119t\u00f3w zbrojeniowych, maszyna do gi\u0119cia strzemion pr\u0119t\u00f3w zbrojeniowych, maszyna do gi\u0119cia \u0142uk\u00f3w pr\u0119t\u00f3w zbrojeniowych, maszyna do prostowania pr\u0119t\u00f3w zbrojeniowych, pi\u0119ciog\u0142owicowa maszyna do gi\u0119cia strzemion pr\u0119t\u00f3w zbrojeniowych, ubijak, zag\u0119szczarka p\u0142ytowa, przecinarka do betonu, zacieraczka mechaniczna i inne maszyny budowlane. Jeste\u015bmy wyposa\u017ceni w zaawansowane maszyny CNC i egzekwujemy surowe standardy kontroli jako\u015bci wraz z kompleksow\u0105 obs\u0142ug\u0105 posprzeda\u017cn\u0105. Je\u015bli jeste\u015b zainteresowany naszymi produktami lub us\u0142ugami, serdecznie zapraszamy do sk\u0142adania zapyta\u0144 za po\u015brednictwem wiadomo\u015bci.","publisher":{"@id":"https:\/\/www.hsymachinery.com\/#organization"},"potentialAction":[{"@type":"SearchAction","target":{"@type":"EntryPoint","urlTemplate":"https:\/\/www.hsymachinery.com\/?s={search_term_string}"},"query-input":{"@type":"PropertyValueSpecification","valueRequired":true,"valueName":"search_term_string"}}],"inLanguage":"pl-PL"},{"@type":"Organization","@id":"https:\/\/www.hsymachinery.com\/#organization","name":"HSY Construction Machinery","url":"https:\/\/www.hsymachinery.com\/","logo":{"@type":"ImageObject","inLanguage":"pl-PL","@id":"https:\/\/www.hsymachinery.com\/#\/schema\/logo\/image\/","url":"https:\/\/www.hsymachinery.com\/wp-content\/uploads\/2025\/06\/cropped-HSY-machinery.png","contentUrl":"https:\/\/www.hsymachinery.com\/wp-content\/uploads\/2025\/06\/cropped-HSY-machinery.png","width":600,"height":240,"caption":"HSY Construction Machinery"},"image":{"@id":"https:\/\/www.hsymachinery.com\/#\/schema\/logo\/image\/"}}]}},"_links":{"self":[{"href":"https:\/\/www.hsymachinery.com\/pl\/wp-json\/wp\/v2\/product\/9085","targetHints":{"allow":["GET"]}}],"collection":[{"href":"https:\/\/www.hsymachinery.com\/pl\/wp-json\/wp\/v2\/product"}],"about":[{"href":"https:\/\/www.hsymachinery.com\/pl\/wp-json\/wp\/v2\/types\/product"}],"version-history":[{"count":3,"href":"https:\/\/www.hsymachinery.com\/pl\/wp-json\/wp\/v2\/product\/9085\/revisions"}],"predecessor-version":[{"id":9509,"href":"https:\/\/www.hsymachinery.com\/pl\/wp-json\/wp\/v2\/product\/9085\/revisions\/9509"}],"wp:featuredmedia":[{"embeddable":true,"href":"https:\/\/www.hsymachinery.com\/pl\/wp-json\/wp\/v2\/media\/9086"}],"wp:attachment":[{"href":"https:\/\/www.hsymachinery.com\/pl\/wp-json\/wp\/v2\/media?parent=9085"}],"wp:term":[{"taxonomy":"product_brand","embeddable":true,"href":"https:\/\/www.hsymachinery.com\/pl\/wp-json\/wp\/v2\/product_brand?post=9085"},{"taxonomy":"product_cat","embeddable":true,"href":"https:\/\/www.hsymachinery.com\/pl\/wp-json\/wp\/v2\/product_cat?post=9085"},{"taxonomy":"product_tag","embeddable":true,"href":"https:\/\/www.hsymachinery.com\/pl\/wp-json\/wp\/v2\/product_tag?post=9085"}],"curies":[{"name":"wp","href":"https:\/\/api.w.org\/{rel}","templated":true}]}}