{"id":9076,"date":"2025-06-18T16:25:13","date_gmt":"2025-06-18T08:25:13","guid":{"rendered":"https:\/\/www.hsymachinery.com\/?post_type=product&#038;p=9076"},"modified":"2025-06-28T15:27:47","modified_gmt":"2025-06-28T07:27:47","slug":"ubijak-ch-c100","status":"publish","type":"product","link":"https:\/\/www.hsymachinery.com\/pl\/product\/ubijak-ch-c100\/","title":{"rendered":"Ubijak CH-C100"},"content":{"rendered":"<h2 data-start=\"124\" data-end=\"154\">Ubijak CH-C100<\/h2>\n<h3 data-start=\"155\" data-end=\"261\">Ubijak CH-C100 z silnikiem wysokopr\u0119\u017cnym | Wytrzyma\u0142a zag\u0119szczarka gruntu do trudnych warunk\u00f3w budowlanych<\/h3>\n<h3 data-start=\"268\" data-end=\"352\">Przegl\u0105d produkt\u00f3w - silnik wysokopr\u0119\u017cny o wysokim momencie obrotowym dla wymagaj\u0105cych projekt\u00f3w zag\u0119szczania<img fetchpriority=\"high\" decoding=\"async\" class=\"wp-image-9077 alignright\" src=\"https:\/\/www.hsymachinery.com\/wp-content\/uploads\/2025\/06\/Tamping-Rammer-CH-C100-300x300.jpg\" alt=\"\" width=\"470\" height=\"470\" srcset=\"https:\/\/www.hsymachinery.com\/wp-content\/uploads\/2025\/06\/Tamping-Rammer-CH-C100-300x300.jpg 300w, https:\/\/www.hsymachinery.com\/wp-content\/uploads\/2025\/06\/Tamping-Rammer-CH-C100-150x150.jpg 150w, https:\/\/www.hsymachinery.com\/wp-content\/uploads\/2025\/06\/Tamping-Rammer-CH-C100-768x768.jpg 768w, https:\/\/www.hsymachinery.com\/wp-content\/uploads\/2025\/06\/Tamping-Rammer-CH-C100-600x600.jpg 600w, https:\/\/www.hsymachinery.com\/wp-content\/uploads\/2025\/06\/Tamping-Rammer-CH-C100-100x100.jpg 100w, https:\/\/www.hsymachinery.com\/wp-content\/uploads\/2025\/06\/Tamping-Rammer-CH-C100.jpg 800w\" sizes=\"(max-width: 470px) 100vw, 470px\" \/><\/h3>\n<p data-start=\"354\" data-end=\"697\">The <strong data-start=\"358\" data-end=\"384\">Ubijak CH-C100<\/strong> dzia\u0142a na solidnym silniku wysokopr\u0119\u017cnym, zapewniaj\u0105c wyj\u0105tkow\u0105 si\u0142\u0119 ubijania i wysoki moment obrotowy nawet pod obci\u0105\u017ceniem. Zosta\u0142a specjalnie zaprojektowana do u\u017cytku na odleg\u0142ych placach budowy, przy zasypywaniu ruroci\u0105g\u00f3w, przygotowywaniu podbudowy dr\u00f3g i pracach fundamentowych, gdzie oszcz\u0119dno\u015b\u0107 paliwa i stabilno\u015b\u0107 mocy maj\u0105 kluczowe znaczenie.<\/p>\n<p data-start=\"699\" data-end=\"858\">Model ten oferuje niezr\u00f3wnan\u0105 wydajno\u015b\u0107 w d\u0142ugich cyklach roboczych i dobrze sprawdza si\u0119 w glebach o du\u017cej g\u0119sto\u015bci, takich jak glina i \u017cwir, gdzie l\u017cejsze ubijaki mog\u0105 si\u0119 nie sprawdzi\u0107.<\/p>\n<h3 data-start=\"865\" data-end=\"918\">Wytrzyma\u0142e osi\u0105gi, niezawodny uk\u0142ad nap\u0119dowy z silnikiem wysokopr\u0119\u017cnym<\/h3>\n<p data-start=\"920\" data-end=\"1209\">Wyposa\u017cony w paliwooszcz\u0119dny silnik wysokopr\u0119\u017cny, CH-C100 zapewnia ni\u017csze koszty eksploatacji i doskona\u0142\u0105 trwa\u0142o\u015b\u0107 w czasie. Wzmocniona stal\u0105 stopa ubijaj\u0105ca, solidna rama i wielostopniowy system amortyzacji wstrz\u0105s\u00f3w zapewniaj\u0105 mocne zag\u0119szczanie przy jednoczesnym zminimalizowaniu zm\u0119czenia operatora.<\/p>\n<p data-start=\"1211\" data-end=\"1354\">Uproszczona konstrukcja mechaniczna pozwala na \u0142atwe serwisowanie, dzi\u0119ki czemu idealnie nadaje si\u0119 do trudnych warunk\u00f3w pracy z ograniczonym dost\u0119pem do wsparcia.<\/p>\n<h3 data-start=\"1361\" data-end=\"1404\">Stworzony do pracy w trudnych warunkach<\/h3>\n<p data-start=\"1406\" data-end=\"1729\">Dzi\u0119ki silnikowi wysokopr\u0119\u017cnemu CH-C100 jest mniej wra\u017cliwy na jako\u015b\u0107 paliwa i mo\u017ce niezawodnie pracowa\u0107 w zapylonym, wilgotnym lub wysoko po\u0142o\u017conym \u015brodowisku. Sprawia to, \u017ce jest to preferowany wyb\u00f3r dla wykonawc\u00f3w pracuj\u0105cych w rozwijaj\u0105cych si\u0119 regionach, infrastrukturze g\u00f3rniczej lub odleg\u0142ych obszarach o zmiennym zasilaniu i dostawie paliwa.<\/p>\n<p data-start=\"1731\" data-end=\"1859\">Jego stabilno\u015b\u0107, przeno\u015bno\u015b\u0107 i sta\u0142a wydajno\u015b\u0107 w trudnych warunkach sprawiaj\u0105, \u017ce jest to prawdziwy ko\u0144 poci\u0105gowy na ka\u017cdym placu budowy.<\/p>\n<h3 data-start=\"1866\" data-end=\"1917\">\u00a0Kluczowe cechy ubijaka z silnikiem wysokopr\u0119\u017cnym CH-C100<\/h3>\n<ul data-start=\"1919\" data-end=\"2261\">\n<li data-start=\"1919\" data-end=\"1983\">\n<p data-start=\"1921\" data-end=\"1983\">Silnik wysokopr\u0119\u017cny zapewnia maksymalny moment obrotowy i d\u0142u\u017cszy czas pracy<\/p>\n<\/li>\n<li data-start=\"1984\" data-end=\"2052\">\n<p data-start=\"1986\" data-end=\"2052\">Idealny do gliny, \u017cwiru, zasypywania wykop\u00f3w i zag\u0119szczania pod\u0142o\u017ca.<\/p>\n<\/li>\n<li data-start=\"2053\" data-end=\"2119\">\n<p data-start=\"2055\" data-end=\"2119\">Wytrzyma\u0142a konstrukcja z systemem t\u0142umienia drga\u0144 dla wygody u\u017cytkownika<\/p>\n<\/li>\n<li data-start=\"2120\" data-end=\"2189\">\n<p data-start=\"2122\" data-end=\"2189\">Oszcz\u0119dno\u015b\u0107 paliwa i niezawodno\u015b\u0107 w miejscach oddalonych lub wymagaj\u0105cych niewielkiej konserwacji<\/p>\n<\/li>\n<li data-start=\"2190\" data-end=\"2261\">\n<p data-start=\"2192\" data-end=\"2261\">Silnik i podzespo\u0142y odporne na trudne warunki \u015brodowiskowe<\/p>\n<\/li>\n<\/ul>","protected":false},"excerpt":{"rendered":"<p>Ubijak z silnikiem wysokopr\u0119\u017cnym CH-C100 zapewnia wydajne zag\u0119szczanie gruntu przy wysokim momencie obrotowym i niskim zu\u017cyciu paliwa. Wytrzyma\u0142a konstrukcja sprawdza si\u0119 w trudnych warunkach i na g\u0119stym pod\u0142o\u017cu.<\/p>","protected":false},"featured_media":9077,"template":"","meta":{"_kad_post_transparent":"default","_kad_post_title":"","_kad_post_layout":"default","_kad_post_sidebar_id":"","_kad_post_content_style":"default","_kad_post_vertical_padding":"default","_kad_post_feature":"","_kad_post_feature_position":"","_kad_post_header":false,"_kad_post_footer":false},"product_brand":[],"product_cat":[83],"product_tag":[1060,1057,1058,1059,1051,1052,1056,1053,1055,1054],"class_list":{"0":"post-9076","1":"product","2":"type-product","3":"status-publish","4":"has-post-thumbnail","6":"product_cat-tamping-rammer","7":"product_tag-backfill-compactor-machine","8":"product_tag-diesel-tamping-rammer","9":"product_tag-earth-tamping-machine","10":"product_tag-handheld-tamping-rammer","11":"product_tag-impact-rammer","12":"product_tag-jumping-jack-compactor","13":"product_tag-petrol-tamping-rammer","14":"product_tag-plate-tamping-rammer","15":"product_tag-soil-compaction-rammer","16":"product_tag-vibratory-tamping-rammer","18":"first","19":"instock","20":"shipping-taxable","21":"product-type-simple","22":"entry","23":"content-bg","24":"loop-entry"},"yoast_head":"<!-- This site is optimized with the Yoast SEO plugin v25.3.1 - https:\/\/yoast.com\/wordpress\/plugins\/seo\/ -->\n<title>Tamping Rammer CH-C100 - HSY Construction Machinery<\/title>\n<meta name=\"description\" content=\"CH-C100 Diesel Tamping Rammer provides high-impact compaction for heavy soils. Built for durability, remote job sites, and tough environmental conditions.\" \/>\n<meta name=\"robots\" content=\"index, follow, max-snippet:-1, max-image-preview:large, max-video-preview:-1\" \/>\n<link rel=\"canonical\" href=\"https:\/\/www.hsymachinery.com\/pl\/product\/ubijak-ch-c100\/\" \/>\n<meta property=\"og:locale\" content=\"pl_PL\" \/>\n<meta property=\"og:type\" content=\"article\" \/>\n<meta property=\"og:title\" content=\"Tamping Rammer CH-C100 - HSY Construction Machinery\" \/>\n<meta property=\"og:description\" content=\"CH-C100 Diesel Tamping Rammer provides high-impact compaction for heavy soils. Built for durability, remote job sites, and tough environmental conditions.\" \/>\n<meta property=\"og:url\" content=\"https:\/\/www.hsymachinery.com\/pl\/product\/ubijak-ch-c100\/\" \/>\n<meta property=\"og:site_name\" content=\"HSY Construction Machinery\" \/>\n<meta property=\"article:modified_time\" content=\"2025-06-28T07:27:47+00:00\" \/>\n<meta property=\"og:image\" content=\"https:\/\/www.hsymachinery.com\/wp-content\/uploads\/2025\/06\/Tamping-Rammer-CH-C100.jpg\" \/>\n\t<meta property=\"og:image:width\" content=\"800\" \/>\n\t<meta property=\"og:image:height\" content=\"800\" \/>\n\t<meta property=\"og:image:type\" content=\"image\/jpeg\" \/>\n<meta name=\"twitter:card\" content=\"summary_large_image\" \/>\n<meta name=\"twitter:label1\" content=\"Szacowany czas czytania\" \/>\n\t<meta name=\"twitter:data1\" content=\"2 minuty\" \/>\n<script type=\"application\/ld+json\" class=\"yoast-schema-graph\">{\"@context\":\"https:\/\/schema.org\",\"@graph\":[{\"@type\":\"WebPage\",\"@id\":\"https:\/\/www.hsymachinery.com\/product\/tamping-rammer-ch-c100\/\",\"url\":\"https:\/\/www.hsymachinery.com\/product\/tamping-rammer-ch-c100\/\",\"name\":\"Tamping Rammer CH-C100 - HSY Construction Machinery\",\"isPartOf\":{\"@id\":\"https:\/\/www.hsymachinery.com\/#website\"},\"primaryImageOfPage\":{\"@id\":\"https:\/\/www.hsymachinery.com\/product\/tamping-rammer-ch-c100\/#primaryimage\"},\"image\":{\"@id\":\"https:\/\/www.hsymachinery.com\/product\/tamping-rammer-ch-c100\/#primaryimage\"},\"thumbnailUrl\":\"https:\/\/www.hsymachinery.com\/wp-content\/uploads\/2025\/06\/Tamping-Rammer-CH-C100.jpg\",\"datePublished\":\"2025-06-18T08:25:13+00:00\",\"dateModified\":\"2025-06-28T07:27:47+00:00\",\"description\":\"CH-C100 Diesel Tamping Rammer provides high-impact compaction for heavy soils. Built for durability, remote job sites, and tough environmental conditions.\",\"breadcrumb\":{\"@id\":\"https:\/\/www.hsymachinery.com\/product\/tamping-rammer-ch-c100\/#breadcrumb\"},\"inLanguage\":\"pl-PL\",\"potentialAction\":[{\"@type\":\"ReadAction\",\"target\":[\"https:\/\/www.hsymachinery.com\/product\/tamping-rammer-ch-c100\/\"]}]},{\"@type\":\"ImageObject\",\"inLanguage\":\"pl-PL\",\"@id\":\"https:\/\/www.hsymachinery.com\/product\/tamping-rammer-ch-c100\/#primaryimage\",\"url\":\"https:\/\/www.hsymachinery.com\/wp-content\/uploads\/2025\/06\/Tamping-Rammer-CH-C100.jpg\",\"contentUrl\":\"https:\/\/www.hsymachinery.com\/wp-content\/uploads\/2025\/06\/Tamping-Rammer-CH-C100.jpg\",\"width\":800,\"height\":800},{\"@type\":\"BreadcrumbList\",\"@id\":\"https:\/\/www.hsymachinery.com\/product\/tamping-rammer-ch-c100\/#breadcrumb\",\"itemListElement\":[{\"@type\":\"ListItem\",\"position\":1,\"name\":\"home\",\"item\":\"https:\/\/www.hsymachinery.com\/\"},{\"@type\":\"ListItem\",\"position\":2,\"name\":\"products\",\"item\":\"https:\/\/www.hsymachinery.com\/products\/\"},{\"@type\":\"ListItem\",\"position\":3,\"name\":\"Tamping Rammer CH-C100\"}]},{\"@type\":\"WebSite\",\"@id\":\"https:\/\/www.hsymachinery.com\/#website\",\"url\":\"https:\/\/www.hsymachinery.com\/\",\"name\":\"HSY Construction Machinery\",\"description\":\"HSY Machinery \u2013 A leading China construction machinery supplier, offering a wide range of light construction equipment. Our main products include Rebar Cutting Machine, Rebar Bending Machine, Rebar Stirrup Bending Machine, Rebar Arc Bending Machine, Rebar Straightening Machine, Five-Head Rebar Stirrup Bending Machine, Tamping Rammer, Plate Compactor, Concrete Cutter, Power Trowel, and other construction machinery. We are equipped with advanced CNC machines, and we enforce strict quality inspection standards along with comprehensive after-sales service. If you are interested in our products or services, we warmly welcome your inquiries via message.\",\"publisher\":{\"@id\":\"https:\/\/www.hsymachinery.com\/#organization\"},\"potentialAction\":[{\"@type\":\"SearchAction\",\"target\":{\"@type\":\"EntryPoint\",\"urlTemplate\":\"https:\/\/www.hsymachinery.com\/?s={search_term_string}\"},\"query-input\":{\"@type\":\"PropertyValueSpecification\",\"valueRequired\":true,\"valueName\":\"search_term_string\"}}],\"inLanguage\":\"pl-PL\"},{\"@type\":\"Organization\",\"@id\":\"https:\/\/www.hsymachinery.com\/#organization\",\"name\":\"HSY Construction Machinery\",\"url\":\"https:\/\/www.hsymachinery.com\/\",\"logo\":{\"@type\":\"ImageObject\",\"inLanguage\":\"pl-PL\",\"@id\":\"https:\/\/www.hsymachinery.com\/#\/schema\/logo\/image\/\",\"url\":\"https:\/\/www.hsymachinery.com\/wp-content\/uploads\/2025\/06\/cropped-HSY-machinery.png\",\"contentUrl\":\"https:\/\/www.hsymachinery.com\/wp-content\/uploads\/2025\/06\/cropped-HSY-machinery.png\",\"width\":600,\"height\":240,\"caption\":\"HSY Construction Machinery\"},\"image\":{\"@id\":\"https:\/\/www.hsymachinery.com\/#\/schema\/logo\/image\/\"}}]}<\/script>\n<!-- \/ Yoast SEO plugin. -->","yoast_head_json":{"title":"Ubijak CH-C100 - HSY Construction Machinery","description":"Ubijak z silnikiem wysokopr\u0119\u017cnym CH-C100 zapewnia mocne zag\u0119szczanie ci\u0119\u017ckich gleb. Zbudowany z my\u015bl\u0105 o trwa\u0142o\u015bci, odleg\u0142ych miejscach pracy i trudnych warunkach \u015brodowiskowych.","robots":{"index":"index","follow":"follow","max-snippet":"max-snippet:-1","max-image-preview":"max-image-preview:large","max-video-preview":"max-video-preview:-1"},"canonical":"https:\/\/www.hsymachinery.com\/pl\/product\/ubijak-ch-c100\/","og_locale":"pl_PL","og_type":"article","og_title":"Tamping Rammer CH-C100 - HSY Construction Machinery","og_description":"CH-C100 Diesel Tamping Rammer provides high-impact compaction for heavy soils. Built for durability, remote job sites, and tough environmental conditions.","og_url":"https:\/\/www.hsymachinery.com\/pl\/product\/ubijak-ch-c100\/","og_site_name":"HSY Construction Machinery","article_modified_time":"2025-06-28T07:27:47+00:00","og_image":[{"width":800,"height":800,"url":"https:\/\/www.hsymachinery.com\/wp-content\/uploads\/2025\/06\/Tamping-Rammer-CH-C100.jpg","type":"image\/jpeg"}],"twitter_card":"summary_large_image","twitter_misc":{"Szacowany czas czytania":"2 minuty"},"schema":{"@context":"https:\/\/schema.org","@graph":[{"@type":"WebPage","@id":"https:\/\/www.hsymachinery.com\/product\/tamping-rammer-ch-c100\/","url":"https:\/\/www.hsymachinery.com\/product\/tamping-rammer-ch-c100\/","name":"Ubijak CH-C100 - HSY Construction Machinery","isPartOf":{"@id":"https:\/\/www.hsymachinery.com\/#website"},"primaryImageOfPage":{"@id":"https:\/\/www.hsymachinery.com\/product\/tamping-rammer-ch-c100\/#primaryimage"},"image":{"@id":"https:\/\/www.hsymachinery.com\/product\/tamping-rammer-ch-c100\/#primaryimage"},"thumbnailUrl":"https:\/\/www.hsymachinery.com\/wp-content\/uploads\/2025\/06\/Tamping-Rammer-CH-C100.jpg","datePublished":"2025-06-18T08:25:13+00:00","dateModified":"2025-06-28T07:27:47+00:00","description":"Ubijak z silnikiem wysokopr\u0119\u017cnym CH-C100 zapewnia mocne zag\u0119szczanie ci\u0119\u017ckich gleb. Zbudowany z my\u015bl\u0105 o trwa\u0142o\u015bci, odleg\u0142ych miejscach pracy i trudnych warunkach \u015brodowiskowych.","breadcrumb":{"@id":"https:\/\/www.hsymachinery.com\/product\/tamping-rammer-ch-c100\/#breadcrumb"},"inLanguage":"pl-PL","potentialAction":[{"@type":"ReadAction","target":["https:\/\/www.hsymachinery.com\/product\/tamping-rammer-ch-c100\/"]}]},{"@type":"ImageObject","inLanguage":"pl-PL","@id":"https:\/\/www.hsymachinery.com\/product\/tamping-rammer-ch-c100\/#primaryimage","url":"https:\/\/www.hsymachinery.com\/wp-content\/uploads\/2025\/06\/Tamping-Rammer-CH-C100.jpg","contentUrl":"https:\/\/www.hsymachinery.com\/wp-content\/uploads\/2025\/06\/Tamping-Rammer-CH-C100.jpg","width":800,"height":800},{"@type":"BreadcrumbList","@id":"https:\/\/www.hsymachinery.com\/product\/tamping-rammer-ch-c100\/#breadcrumb","itemListElement":[{"@type":"ListItem","position":1,"name":"home","item":"https:\/\/www.hsymachinery.com\/"},{"@type":"ListItem","position":2,"name":"products","item":"https:\/\/www.hsymachinery.com\/products\/"},{"@type":"ListItem","position":3,"name":"Tamping Rammer CH-C100"}]},{"@type":"WebSite","@id":"https:\/\/www.hsymachinery.com\/#website","url":"https:\/\/www.hsymachinery.com\/","name":"HSY Construction Machinery","description":"HSY Machinery - wiod\u0105cy chi\u0144ski dostawca maszyn budowlanych, oferuj\u0105cy szerok\u0105 gam\u0119 lekkiego sprz\u0119tu budowlanego. Nasze g\u0142\u00f3wne produkty to maszyna do ci\u0119cia pr\u0119t\u00f3w zbrojeniowych, maszyna do gi\u0119cia pr\u0119t\u00f3w zbrojeniowych, maszyna do gi\u0119cia strzemion pr\u0119t\u00f3w zbrojeniowych, maszyna do gi\u0119cia \u0142uk\u00f3w pr\u0119t\u00f3w zbrojeniowych, maszyna do prostowania pr\u0119t\u00f3w zbrojeniowych, pi\u0119ciog\u0142owicowa maszyna do gi\u0119cia strzemion pr\u0119t\u00f3w zbrojeniowych, ubijak, zag\u0119szczarka p\u0142ytowa, przecinarka do betonu, zacieraczka mechaniczna i inne maszyny budowlane. Jeste\u015bmy wyposa\u017ceni w zaawansowane maszyny CNC i egzekwujemy surowe standardy kontroli jako\u015bci wraz z kompleksow\u0105 obs\u0142ug\u0105 posprzeda\u017cn\u0105. Je\u015bli jeste\u015b zainteresowany naszymi produktami lub us\u0142ugami, serdecznie zapraszamy do sk\u0142adania zapyta\u0144 za po\u015brednictwem wiadomo\u015bci.","publisher":{"@id":"https:\/\/www.hsymachinery.com\/#organization"},"potentialAction":[{"@type":"SearchAction","target":{"@type":"EntryPoint","urlTemplate":"https:\/\/www.hsymachinery.com\/?s={search_term_string}"},"query-input":{"@type":"PropertyValueSpecification","valueRequired":true,"valueName":"search_term_string"}}],"inLanguage":"pl-PL"},{"@type":"Organization","@id":"https:\/\/www.hsymachinery.com\/#organization","name":"HSY Construction Machinery","url":"https:\/\/www.hsymachinery.com\/","logo":{"@type":"ImageObject","inLanguage":"pl-PL","@id":"https:\/\/www.hsymachinery.com\/#\/schema\/logo\/image\/","url":"https:\/\/www.hsymachinery.com\/wp-content\/uploads\/2025\/06\/cropped-HSY-machinery.png","contentUrl":"https:\/\/www.hsymachinery.com\/wp-content\/uploads\/2025\/06\/cropped-HSY-machinery.png","width":600,"height":240,"caption":"HSY Construction Machinery"},"image":{"@id":"https:\/\/www.hsymachinery.com\/#\/schema\/logo\/image\/"}}]}},"_links":{"self":[{"href":"https:\/\/www.hsymachinery.com\/pl\/wp-json\/wp\/v2\/product\/9076","targetHints":{"allow":["GET"]}}],"collection":[{"href":"https:\/\/www.hsymachinery.com\/pl\/wp-json\/wp\/v2\/product"}],"about":[{"href":"https:\/\/www.hsymachinery.com\/pl\/wp-json\/wp\/v2\/types\/product"}],"version-history":[{"count":3,"href":"https:\/\/www.hsymachinery.com\/pl\/wp-json\/wp\/v2\/product\/9076\/revisions"}],"predecessor-version":[{"id":9502,"href":"https:\/\/www.hsymachinery.com\/pl\/wp-json\/wp\/v2\/product\/9076\/revisions\/9502"}],"wp:featuredmedia":[{"embeddable":true,"href":"https:\/\/www.hsymachinery.com\/pl\/wp-json\/wp\/v2\/media\/9077"}],"wp:attachment":[{"href":"https:\/\/www.hsymachinery.com\/pl\/wp-json\/wp\/v2\/media?parent=9076"}],"wp:term":[{"taxonomy":"product_brand","embeddable":true,"href":"https:\/\/www.hsymachinery.com\/pl\/wp-json\/wp\/v2\/product_brand?post=9076"},{"taxonomy":"product_cat","embeddable":true,"href":"https:\/\/www.hsymachinery.com\/pl\/wp-json\/wp\/v2\/product_cat?post=9076"},{"taxonomy":"product_tag","embeddable":true,"href":"https:\/\/www.hsymachinery.com\/pl\/wp-json\/wp\/v2\/product_tag?post=9076"}],"curies":[{"name":"wp","href":"https:\/\/api.w.org\/{rel}","templated":true}]}}