{"id":9070,"date":"2025-06-18T16:21:44","date_gmt":"2025-06-18T08:21:44","guid":{"rendered":"https:\/\/www.hsymachinery.com\/?post_type=product&#038;p=9070"},"modified":"2025-06-28T15:15:50","modified_gmt":"2025-06-28T07:15:50","slug":"ubijak-ch-l100","status":"publish","type":"product","link":"https:\/\/www.hsymachinery.com\/pl\/product\/ubijak-ch-l100\/","title":{"rendered":"Ubijak CH-L100"},"content":{"rendered":"<h3 data-start=\"148\" data-end=\"250\">Ubijak benzynowy CH-L100 Loncin | Wytrzyma\u0142a i przeno\u015bna zag\u0119szczarka gruntu do plac\u00f3w budowy<\/h3>\n<h3 data-start=\"257\" data-end=\"333\">Przegl\u0105d produkt\u00f3w - kompaktowy ubijak benzynowy do codziennych zastosowa\u0144 w terenie<a href=\"https:\/\/www.hsymachinery.com\/pl\/produkty\/ubijak\/\" target=\"_blank\" rel=\"noopener\"><img fetchpriority=\"high\" decoding=\"async\" class=\"wp-image-9071 alignright\" src=\"https:\/\/www.hsymachinery.com\/wp-content\/uploads\/2025\/06\/Tamping-Rammer-CH-L100-300x300.jpg\" alt=\"\" width=\"470\" height=\"470\" srcset=\"https:\/\/www.hsymachinery.com\/wp-content\/uploads\/2025\/06\/Tamping-Rammer-CH-L100-300x300.jpg 300w, https:\/\/www.hsymachinery.com\/wp-content\/uploads\/2025\/06\/Tamping-Rammer-CH-L100-150x150.jpg 150w, https:\/\/www.hsymachinery.com\/wp-content\/uploads\/2025\/06\/Tamping-Rammer-CH-L100-768x768.jpg 768w, https:\/\/www.hsymachinery.com\/wp-content\/uploads\/2025\/06\/Tamping-Rammer-CH-L100-600x600.jpg 600w, https:\/\/www.hsymachinery.com\/wp-content\/uploads\/2025\/06\/Tamping-Rammer-CH-L100-100x100.jpg 100w, https:\/\/www.hsymachinery.com\/wp-content\/uploads\/2025\/06\/Tamping-Rammer-CH-L100.jpg 800w\" sizes=\"(max-width: 470px) 100vw, 470px\" \/><\/a><\/h3>\n<p data-start=\"335\" data-end=\"674\">The <strong data-start=\"339\" data-end=\"365\">Ubijak CH-L100<\/strong> jest nap\u0119dzana niezawodnym 4-suwowym silnikiem benzynowym Loncin, oferuj\u0105cym du\u017c\u0105 si\u0142\u0119 zag\u0119szczania i doskona\u0142\u0105 przeno\u015bno\u015b\u0107. Zaprojektowany z my\u015bl\u0105 o ma\u0142ych i \u015brednich projektach budowlanych, model ten jest idealny do wykonywania wykop\u00f3w, przygotowywania fundament\u00f3w i \u0142atania dr\u00f3g, zw\u0142aszcza w obszarach bez dost\u0119pu do sieci elektrycznej.<\/p>\n<p data-start=\"676\" data-end=\"816\">Lekka rama i zr\u00f3wnowa\u017cony system ubijania u\u0142atwiaj\u0105 obs\u0142ug\u0119, a jednocze\u015bnie zapewniaj\u0105 wystarczaj\u0105c\u0105 si\u0142\u0119 do zag\u0119szczania gliny, gleby lub piasku.<\/p>\n<h3 data-start=\"823\" data-end=\"878\">Oszcz\u0119dno\u015b\u0107 paliwa i prosta obs\u0142uga<\/h3>\n<p data-start=\"880\" data-end=\"1107\">Dzi\u0119ki ch\u0142odzonemu powietrzem silnikowi Loncin, CH-L100 uruchamia si\u0119 szybko i dzia\u0142a p\u0142ynnie, nawet w warunkach du\u017cego zapylenia lub wilgotno\u015bci. Zu\u017cywa minimaln\u0105 ilo\u015b\u0107 paliwa na godzin\u0119, jednocze\u015bnie wytwarzaj\u0105c sta\u0142\u0105 si\u0142\u0119 uderzenia na wielu powierzchniach.<\/p>\n<p data-start=\"1109\" data-end=\"1252\">P\u0142ytka podporowa jest odporna na zu\u017cycie, a system podw\u00f3jnych spr\u0119\u017cyn zapewnia stabilne ubijanie przy jednoczesnym zmniejszeniu wibracji w celu ochrony operatora.<\/p>\n<h3 data-start=\"1259\" data-end=\"1305\">Gotowy do pracy na zewn\u0105trz i w odleg\u0142ych lokalizacjach<\/h3>\n<p data-start=\"1307\" data-end=\"1557\">Niezale\u017cnie od tego, czy pracujesz na odleg\u0142ym poboczu drogi, na osiedlu mieszkaniowym czy w wykopie, CH-L100 wykona swoj\u0105 prac\u0119. Dzi\u0119ki niezale\u017cnemu uk\u0142adowi paliwowemu nie jest potrzebne zewn\u0119trzne \u017ar\u00f3d\u0142o zasilania, co zapewnia pe\u0142n\u0105 elastyczno\u015b\u0107 w terenie.<\/p>\n<p data-start=\"1559\" data-end=\"1662\">Konserwacja jest prosta i dost\u0119pna, a cz\u0119\u015bci zamienne do silnik\u00f3w Loncin s\u0105 powszechnie dost\u0119pne na ca\u0142ym \u015bwiecie.<\/p>\n<h3 data-start=\"1669\" data-end=\"1722\">Kluczowe cechy ubijaka benzynowego CH-L100<\/h3>\n<ul data-start=\"1724\" data-end=\"2011\">\n<li data-start=\"1724\" data-end=\"1772\">\n<p data-start=\"1726\" data-end=\"1772\">Nap\u0119dzany 4-suwowym silnikiem benzynowym Loncin<\/p>\n<\/li>\n<li data-start=\"1773\" data-end=\"1842\">\n<p data-start=\"1775\" data-end=\"1842\">Wysoka przeno\u015bno\u015b\u0107 i mo\u017cliwo\u015b\u0107 adaptacji na placach budowy poza sieci\u0105<\/p>\n<\/li>\n<li data-start=\"1843\" data-end=\"1915\">\n<p data-start=\"1845\" data-end=\"1915\">Zapewnia wydajne zag\u0119szczanie przy wykopach, fundamentach i pracach naprawczych<\/p>\n<\/li>\n<li data-start=\"1916\" data-end=\"1969\">\n<p data-start=\"1918\" data-end=\"1969\">Niskie zu\u017cycie paliwa i minimalny ha\u0142as podczas pracy<\/p>\n<\/li>\n<li data-start=\"1970\" data-end=\"2011\">\n<p data-start=\"1972\" data-end=\"2011\">Wytrzyma\u0142a konstrukcja do d\u0142ugotrwa\u0142ego codziennego u\u017cytkowania<\/p>\n<\/li>\n<\/ul>\n<p><iframe title=\"zag\u0119szczarka, ubijak, ubijak, zag\u0119szczarka p\u0142ytowa, wibracje budowlane, maszyna zag\u0119szczaj\u0105ca.#tamping\" width=\"720\" height=\"540\" src=\"https:\/\/www.youtube.com\/embed\/j8Nod6Mcz9w?feature=oembed\" frameborder=\"0\" allow=\"accelerometer; autoplay; clipboard-write; encrypted-media; gyroscope; picture-in-picture; web-share\" referrerpolicy=\"strict-origin-when-cross-origin\" allowfullscreen><\/iframe><\/p>","protected":false},"excerpt":{"rendered":"<p>Ubijak benzynowy CH-L100 wykorzystuje silnik Loncin do wydajnego zag\u0119szczania gruntu na placach budowy. Przeno\u015bna, trwa\u0142a i idealna do wykop\u00f3w i prac fundamentowych.<\/p>","protected":false},"featured_media":9071,"template":"","meta":{"_kad_post_transparent":"default","_kad_post_title":"","_kad_post_layout":"default","_kad_post_sidebar_id":"","_kad_post_content_style":"default","_kad_post_vertical_padding":"default","_kad_post_feature":"","_kad_post_feature_position":"","_kad_post_header":false,"_kad_post_footer":false},"product_brand":[],"product_cat":[83],"product_tag":[1060,1057,1058,1059,1051,1052,1056,1053,1055,1054],"class_list":{"0":"post-9070","1":"product","2":"type-product","3":"status-publish","4":"has-post-thumbnail","6":"product_cat-tamping-rammer","7":"product_tag-backfill-compactor-machine","8":"product_tag-diesel-tamping-rammer","9":"product_tag-earth-tamping-machine","10":"product_tag-handheld-tamping-rammer","11":"product_tag-impact-rammer","12":"product_tag-jumping-jack-compactor","13":"product_tag-petrol-tamping-rammer","14":"product_tag-plate-tamping-rammer","15":"product_tag-soil-compaction-rammer","16":"product_tag-vibratory-tamping-rammer","18":"first","19":"instock","20":"shipping-taxable","21":"product-type-simple","22":"entry","23":"content-bg","24":"loop-entry"},"yoast_head":"<!-- This site is optimized with the Yoast SEO plugin v25.3.1 - https:\/\/yoast.com\/wordpress\/plugins\/seo\/ -->\n<title>Tamping Rammer CH-L100 - HSY Construction Machinery<\/title>\n<meta name=\"description\" content=\"CH-L100 Tamping Rammer runs on a Loncin gasoline engine for soil compaction. Ideal for trench, foundation, and roadwork in off-grid construction areas.\" \/>\n<meta name=\"robots\" content=\"index, follow, max-snippet:-1, max-image-preview:large, max-video-preview:-1\" \/>\n<link rel=\"canonical\" href=\"https:\/\/www.hsymachinery.com\/pl\/product\/ubijak-ch-l100\/\" \/>\n<meta property=\"og:locale\" content=\"pl_PL\" \/>\n<meta property=\"og:type\" content=\"article\" \/>\n<meta property=\"og:title\" content=\"Tamping Rammer CH-L100 - HSY Construction Machinery\" \/>\n<meta property=\"og:description\" content=\"CH-L100 Tamping Rammer runs on a Loncin gasoline engine for soil compaction. Ideal for trench, foundation, and roadwork in off-grid construction areas.\" \/>\n<meta property=\"og:url\" content=\"https:\/\/www.hsymachinery.com\/pl\/product\/ubijak-ch-l100\/\" \/>\n<meta property=\"og:site_name\" content=\"HSY Construction Machinery\" \/>\n<meta property=\"article:modified_time\" content=\"2025-06-28T07:15:50+00:00\" \/>\n<meta property=\"og:image\" content=\"https:\/\/www.hsymachinery.com\/wp-content\/uploads\/2025\/06\/Tamping-Rammer-CH-L100.jpg\" \/>\n\t<meta property=\"og:image:width\" content=\"800\" \/>\n\t<meta property=\"og:image:height\" content=\"800\" \/>\n\t<meta property=\"og:image:type\" content=\"image\/jpeg\" \/>\n<meta name=\"twitter:card\" content=\"summary_large_image\" \/>\n<meta name=\"twitter:label1\" content=\"Szacowany czas czytania\" \/>\n\t<meta name=\"twitter:data1\" content=\"2 minuty\" \/>\n<script type=\"application\/ld+json\" class=\"yoast-schema-graph\">{\"@context\":\"https:\/\/schema.org\",\"@graph\":[{\"@type\":\"WebPage\",\"@id\":\"https:\/\/www.hsymachinery.com\/product\/tamping-rammer-ch-l100\/\",\"url\":\"https:\/\/www.hsymachinery.com\/product\/tamping-rammer-ch-l100\/\",\"name\":\"Tamping Rammer CH-L100 - HSY Construction Machinery\",\"isPartOf\":{\"@id\":\"https:\/\/www.hsymachinery.com\/#website\"},\"primaryImageOfPage\":{\"@id\":\"https:\/\/www.hsymachinery.com\/product\/tamping-rammer-ch-l100\/#primaryimage\"},\"image\":{\"@id\":\"https:\/\/www.hsymachinery.com\/product\/tamping-rammer-ch-l100\/#primaryimage\"},\"thumbnailUrl\":\"https:\/\/www.hsymachinery.com\/wp-content\/uploads\/2025\/06\/Tamping-Rammer-CH-L100.jpg\",\"datePublished\":\"2025-06-18T08:21:44+00:00\",\"dateModified\":\"2025-06-28T07:15:50+00:00\",\"description\":\"CH-L100 Tamping Rammer runs on a Loncin gasoline engine for soil compaction. Ideal for trench, foundation, and roadwork in off-grid construction areas.\",\"breadcrumb\":{\"@id\":\"https:\/\/www.hsymachinery.com\/product\/tamping-rammer-ch-l100\/#breadcrumb\"},\"inLanguage\":\"pl-PL\",\"potentialAction\":[{\"@type\":\"ReadAction\",\"target\":[\"https:\/\/www.hsymachinery.com\/product\/tamping-rammer-ch-l100\/\"]}]},{\"@type\":\"ImageObject\",\"inLanguage\":\"pl-PL\",\"@id\":\"https:\/\/www.hsymachinery.com\/product\/tamping-rammer-ch-l100\/#primaryimage\",\"url\":\"https:\/\/www.hsymachinery.com\/wp-content\/uploads\/2025\/06\/Tamping-Rammer-CH-L100.jpg\",\"contentUrl\":\"https:\/\/www.hsymachinery.com\/wp-content\/uploads\/2025\/06\/Tamping-Rammer-CH-L100.jpg\",\"width\":800,\"height\":800},{\"@type\":\"BreadcrumbList\",\"@id\":\"https:\/\/www.hsymachinery.com\/product\/tamping-rammer-ch-l100\/#breadcrumb\",\"itemListElement\":[{\"@type\":\"ListItem\",\"position\":1,\"name\":\"home\",\"item\":\"https:\/\/www.hsymachinery.com\/\"},{\"@type\":\"ListItem\",\"position\":2,\"name\":\"products\",\"item\":\"https:\/\/www.hsymachinery.com\/products\/\"},{\"@type\":\"ListItem\",\"position\":3,\"name\":\"Tamping Rammer CH-L100\"}]},{\"@type\":\"WebSite\",\"@id\":\"https:\/\/www.hsymachinery.com\/#website\",\"url\":\"https:\/\/www.hsymachinery.com\/\",\"name\":\"HSY Construction Machinery\",\"description\":\"HSY Machinery \u2013 A leading China construction machinery supplier, offering a wide range of light construction equipment. Our main products include Rebar Cutting Machine, Rebar Bending Machine, Rebar Stirrup Bending Machine, Rebar Arc Bending Machine, Rebar Straightening Machine, Five-Head Rebar Stirrup Bending Machine, Tamping Rammer, Plate Compactor, Concrete Cutter, Power Trowel, and other construction machinery. We are equipped with advanced CNC machines, and we enforce strict quality inspection standards along with comprehensive after-sales service. If you are interested in our products or services, we warmly welcome your inquiries via message.\",\"publisher\":{\"@id\":\"https:\/\/www.hsymachinery.com\/#organization\"},\"potentialAction\":[{\"@type\":\"SearchAction\",\"target\":{\"@type\":\"EntryPoint\",\"urlTemplate\":\"https:\/\/www.hsymachinery.com\/?s={search_term_string}\"},\"query-input\":{\"@type\":\"PropertyValueSpecification\",\"valueRequired\":true,\"valueName\":\"search_term_string\"}}],\"inLanguage\":\"pl-PL\"},{\"@type\":\"Organization\",\"@id\":\"https:\/\/www.hsymachinery.com\/#organization\",\"name\":\"HSY Construction Machinery\",\"url\":\"https:\/\/www.hsymachinery.com\/\",\"logo\":{\"@type\":\"ImageObject\",\"inLanguage\":\"pl-PL\",\"@id\":\"https:\/\/www.hsymachinery.com\/#\/schema\/logo\/image\/\",\"url\":\"https:\/\/www.hsymachinery.com\/wp-content\/uploads\/2025\/06\/cropped-HSY-machinery.png\",\"contentUrl\":\"https:\/\/www.hsymachinery.com\/wp-content\/uploads\/2025\/06\/cropped-HSY-machinery.png\",\"width\":600,\"height\":240,\"caption\":\"HSY Construction Machinery\"},\"image\":{\"@id\":\"https:\/\/www.hsymachinery.com\/#\/schema\/logo\/image\/\"}}]}<\/script>\n<!-- \/ Yoast SEO plugin. -->","yoast_head_json":{"title":"Ubijak CH-L100 - HSY Construction Machinery","description":"Ubijak CH-L100 dzia\u0142a na silniku benzynowym Loncin do zag\u0119szczania gleby. Idealny do wykop\u00f3w, fundament\u00f3w i prac drogowych poza terenem budowy.","robots":{"index":"index","follow":"follow","max-snippet":"max-snippet:-1","max-image-preview":"max-image-preview:large","max-video-preview":"max-video-preview:-1"},"canonical":"https:\/\/www.hsymachinery.com\/pl\/product\/ubijak-ch-l100\/","og_locale":"pl_PL","og_type":"article","og_title":"Tamping Rammer CH-L100 - HSY Construction Machinery","og_description":"CH-L100 Tamping Rammer runs on a Loncin gasoline engine for soil compaction. Ideal for trench, foundation, and roadwork in off-grid construction areas.","og_url":"https:\/\/www.hsymachinery.com\/pl\/product\/ubijak-ch-l100\/","og_site_name":"HSY Construction Machinery","article_modified_time":"2025-06-28T07:15:50+00:00","og_image":[{"width":800,"height":800,"url":"https:\/\/www.hsymachinery.com\/wp-content\/uploads\/2025\/06\/Tamping-Rammer-CH-L100.jpg","type":"image\/jpeg"}],"twitter_card":"summary_large_image","twitter_misc":{"Szacowany czas czytania":"2 minuty"},"schema":{"@context":"https:\/\/schema.org","@graph":[{"@type":"WebPage","@id":"https:\/\/www.hsymachinery.com\/product\/tamping-rammer-ch-l100\/","url":"https:\/\/www.hsymachinery.com\/product\/tamping-rammer-ch-l100\/","name":"Ubijak CH-L100 - HSY Construction Machinery","isPartOf":{"@id":"https:\/\/www.hsymachinery.com\/#website"},"primaryImageOfPage":{"@id":"https:\/\/www.hsymachinery.com\/product\/tamping-rammer-ch-l100\/#primaryimage"},"image":{"@id":"https:\/\/www.hsymachinery.com\/product\/tamping-rammer-ch-l100\/#primaryimage"},"thumbnailUrl":"https:\/\/www.hsymachinery.com\/wp-content\/uploads\/2025\/06\/Tamping-Rammer-CH-L100.jpg","datePublished":"2025-06-18T08:21:44+00:00","dateModified":"2025-06-28T07:15:50+00:00","description":"Ubijak CH-L100 dzia\u0142a na silniku benzynowym Loncin do zag\u0119szczania gleby. Idealny do wykop\u00f3w, fundament\u00f3w i prac drogowych poza terenem budowy.","breadcrumb":{"@id":"https:\/\/www.hsymachinery.com\/product\/tamping-rammer-ch-l100\/#breadcrumb"},"inLanguage":"pl-PL","potentialAction":[{"@type":"ReadAction","target":["https:\/\/www.hsymachinery.com\/product\/tamping-rammer-ch-l100\/"]}]},{"@type":"ImageObject","inLanguage":"pl-PL","@id":"https:\/\/www.hsymachinery.com\/product\/tamping-rammer-ch-l100\/#primaryimage","url":"https:\/\/www.hsymachinery.com\/wp-content\/uploads\/2025\/06\/Tamping-Rammer-CH-L100.jpg","contentUrl":"https:\/\/www.hsymachinery.com\/wp-content\/uploads\/2025\/06\/Tamping-Rammer-CH-L100.jpg","width":800,"height":800},{"@type":"BreadcrumbList","@id":"https:\/\/www.hsymachinery.com\/product\/tamping-rammer-ch-l100\/#breadcrumb","itemListElement":[{"@type":"ListItem","position":1,"name":"home","item":"https:\/\/www.hsymachinery.com\/"},{"@type":"ListItem","position":2,"name":"products","item":"https:\/\/www.hsymachinery.com\/products\/"},{"@type":"ListItem","position":3,"name":"Tamping Rammer CH-L100"}]},{"@type":"WebSite","@id":"https:\/\/www.hsymachinery.com\/#website","url":"https:\/\/www.hsymachinery.com\/","name":"HSY Construction Machinery","description":"HSY Machinery - wiod\u0105cy chi\u0144ski dostawca maszyn budowlanych, oferuj\u0105cy szerok\u0105 gam\u0119 lekkiego sprz\u0119tu budowlanego. Nasze g\u0142\u00f3wne produkty to maszyna do ci\u0119cia pr\u0119t\u00f3w zbrojeniowych, maszyna do gi\u0119cia pr\u0119t\u00f3w zbrojeniowych, maszyna do gi\u0119cia strzemion pr\u0119t\u00f3w zbrojeniowych, maszyna do gi\u0119cia \u0142uk\u00f3w pr\u0119t\u00f3w zbrojeniowych, maszyna do prostowania pr\u0119t\u00f3w zbrojeniowych, pi\u0119ciog\u0142owicowa maszyna do gi\u0119cia strzemion pr\u0119t\u00f3w zbrojeniowych, ubijak, zag\u0119szczarka p\u0142ytowa, przecinarka do betonu, zacieraczka mechaniczna i inne maszyny budowlane. Jeste\u015bmy wyposa\u017ceni w zaawansowane maszyny CNC i egzekwujemy surowe standardy kontroli jako\u015bci wraz z kompleksow\u0105 obs\u0142ug\u0105 posprzeda\u017cn\u0105. Je\u015bli jeste\u015b zainteresowany naszymi produktami lub us\u0142ugami, serdecznie zapraszamy do sk\u0142adania zapyta\u0144 za po\u015brednictwem wiadomo\u015bci.","publisher":{"@id":"https:\/\/www.hsymachinery.com\/#organization"},"potentialAction":[{"@type":"SearchAction","target":{"@type":"EntryPoint","urlTemplate":"https:\/\/www.hsymachinery.com\/?s={search_term_string}"},"query-input":{"@type":"PropertyValueSpecification","valueRequired":true,"valueName":"search_term_string"}}],"inLanguage":"pl-PL"},{"@type":"Organization","@id":"https:\/\/www.hsymachinery.com\/#organization","name":"HSY Construction Machinery","url":"https:\/\/www.hsymachinery.com\/","logo":{"@type":"ImageObject","inLanguage":"pl-PL","@id":"https:\/\/www.hsymachinery.com\/#\/schema\/logo\/image\/","url":"https:\/\/www.hsymachinery.com\/wp-content\/uploads\/2025\/06\/cropped-HSY-machinery.png","contentUrl":"https:\/\/www.hsymachinery.com\/wp-content\/uploads\/2025\/06\/cropped-HSY-machinery.png","width":600,"height":240,"caption":"HSY Construction Machinery"},"image":{"@id":"https:\/\/www.hsymachinery.com\/#\/schema\/logo\/image\/"}}]}},"_links":{"self":[{"href":"https:\/\/www.hsymachinery.com\/pl\/wp-json\/wp\/v2\/product\/9070","targetHints":{"allow":["GET"]}}],"collection":[{"href":"https:\/\/www.hsymachinery.com\/pl\/wp-json\/wp\/v2\/product"}],"about":[{"href":"https:\/\/www.hsymachinery.com\/pl\/wp-json\/wp\/v2\/types\/product"}],"version-history":[{"count":3,"href":"https:\/\/www.hsymachinery.com\/pl\/wp-json\/wp\/v2\/product\/9070\/revisions"}],"predecessor-version":[{"id":9497,"href":"https:\/\/www.hsymachinery.com\/pl\/wp-json\/wp\/v2\/product\/9070\/revisions\/9497"}],"wp:featuredmedia":[{"embeddable":true,"href":"https:\/\/www.hsymachinery.com\/pl\/wp-json\/wp\/v2\/media\/9071"}],"wp:attachment":[{"href":"https:\/\/www.hsymachinery.com\/pl\/wp-json\/wp\/v2\/media?parent=9070"}],"wp:term":[{"taxonomy":"product_brand","embeddable":true,"href":"https:\/\/www.hsymachinery.com\/pl\/wp-json\/wp\/v2\/product_brand?post=9070"},{"taxonomy":"product_cat","embeddable":true,"href":"https:\/\/www.hsymachinery.com\/pl\/wp-json\/wp\/v2\/product_cat?post=9070"},{"taxonomy":"product_tag","embeddable":true,"href":"https:\/\/www.hsymachinery.com\/pl\/wp-json\/wp\/v2\/product_tag?post=9070"}],"curies":[{"name":"wp","href":"https:\/\/api.w.org\/{rel}","templated":true}]}}