{"id":9067,"date":"2025-06-18T16:20:26","date_gmt":"2025-06-18T08:20:26","guid":{"rendered":"https:\/\/www.hsymachinery.com\/?post_type=product&#038;p=9067"},"modified":"2025-06-28T15:09:28","modified_gmt":"2025-06-28T07:09:28","slug":"ubijak-ch-d125","status":"publish","type":"product","link":"https:\/\/www.hsymachinery.com\/pl\/product\/ubijak-ch-d125\/","title":{"rendered":"Ubijak CH-D125"},"content":{"rendered":"<h2 data-start=\"112\" data-end=\"142\">Ubijak CH-D125<\/h2>\n<h3 data-start=\"143\" data-end=\"257\">Elektryczny ubijak do du\u017cych obci\u0105\u017ce\u0144 CH-D125 - wysokowydajne, bezemisyjne zag\u0119szczanie przy pracach fundamentowych i drogowych<\/h3>\n<h3 data-start=\"264\" data-end=\"350\">Przegl\u0105d produkt\u00f3w - maksymalna moc z elektryczn\u0105 precyzj\u0105 dla wymagaj\u0105cych miejsc pracy<a href=\"https:\/\/www.hsymachinery.com\/pl\/produkty\/ubijak\/\" target=\"_blank\" rel=\"noopener\"><img fetchpriority=\"high\" decoding=\"async\" class=\"wp-image-9068 alignright\" src=\"https:\/\/www.hsymachinery.com\/wp-content\/uploads\/2025\/06\/Tamping-Rammer-CH-D125-300x300.jpg\" alt=\"\" width=\"473\" height=\"473\" srcset=\"https:\/\/www.hsymachinery.com\/wp-content\/uploads\/2025\/06\/Tamping-Rammer-CH-D125-300x300.jpg 300w, https:\/\/www.hsymachinery.com\/wp-content\/uploads\/2025\/06\/Tamping-Rammer-CH-D125-150x150.jpg 150w, https:\/\/www.hsymachinery.com\/wp-content\/uploads\/2025\/06\/Tamping-Rammer-CH-D125-768x768.jpg 768w, https:\/\/www.hsymachinery.com\/wp-content\/uploads\/2025\/06\/Tamping-Rammer-CH-D125-600x600.jpg 600w, https:\/\/www.hsymachinery.com\/wp-content\/uploads\/2025\/06\/Tamping-Rammer-CH-D125-100x100.jpg 100w, https:\/\/www.hsymachinery.com\/wp-content\/uploads\/2025\/06\/Tamping-Rammer-CH-D125.jpg 800w\" sizes=\"(max-width: 473px) 100vw, 473px\" \/><\/a><\/h3>\n<p data-start=\"352\" data-end=\"760\">The <strong data-start=\"356\" data-end=\"391\">Elektryczny ubijak CH-D125<\/strong> jest najbardziej wytrzyma\u0142ym modelem w naszej serii elektrycznej, zaprojektowanym specjalnie do zastosowa\u0144 wymagaj\u0105cych du\u017cego zag\u0119szczenia, takich jak naprawa dr\u00f3g, wykopy w twardej glinie i stabilizacja fundament\u00f3w. Nap\u0119dzany wysokowydajnym silnikiem elektrycznym, zapewnia sta\u0142\u0105 si\u0142\u0119 ubijania przy zerowej emisji spalin, dzi\u0119ki czemu idealnie nadaje si\u0119 do u\u017cytku w miejscach wra\u017cliwych na \u015brodowisko lub w pomieszczeniach.<\/p>\n<p data-start=\"762\" data-end=\"891\">Model ten jest idealnym rozwi\u0105zaniem dla wykonawc\u00f3w potrzebuj\u0105cych wydajnego zag\u0119szczania bez wad silnik\u00f3w benzynowych lub wysokopr\u0119\u017cnych.<\/p>\n<h3 data-start=\"898\" data-end=\"939\">Zbudowany dla du\u017cych obci\u0105\u017ce\u0144, niskich przestoj\u00f3w<\/h3>\n<p data-start=\"941\" data-end=\"1234\">Dzi\u0119ki ulepszonemu mechanizmowi spr\u0119\u017cynowemu, grubszej stopie ubijaj\u0105cej i stabilnej stalowej ramie, model CH-D125 skutecznie zag\u0119szcza twarde materia\u0142y, takie jak glina, piasek i pokruszony \u017cwir. Elektryczny uk\u0142ad nap\u0119dowy zapewnia niskie koszty eksploatacji, eliminuj\u0105c konieczno\u015b\u0107 stosowania paliwa i konserwacji silnika.<\/p>\n<p data-start=\"1236\" data-end=\"1382\">Posiada r\u00f3wnie\u017c wielowarstwow\u0105 izolacj\u0119 drga\u0144, dzi\u0119ki czemu jest wygodny podczas d\u0142ugich godzin pracy, jednocze\u015bnie zmniejszaj\u0105c obci\u0105\u017cenie element\u00f3w mechanicznych.<\/p>\n<h3 data-start=\"1389\" data-end=\"1452\">Czysta energia dla infrastruktury miejskiej i projekt\u00f3w wewn\u0119trznych<\/h3>\n<p data-start=\"1454\" data-end=\"1721\">Dzi\u0119ki pracy bez emisji spalin i cichemu silnikowi, CH-D125 jest idealna do modernizacji infrastruktury miejskiej, konserwacji komunalnej i budownictwa podziemnego. Kompaktowe, ale wzmocnione podwozie umo\u017cliwia dost\u0119p do ciasnych przestrzeni bez po\u015bwi\u0119cania mocy.<\/p>\n<p data-start=\"1723\" data-end=\"1852\">Niezale\u017cnie od tego, czy zag\u0119szczasz grunt wewn\u0105trz budynku, czy wzd\u0142u\u017c w\u0105skiej drogi, ten elektryczny ubijak jest cichym i czystym towarzyszem.<\/p>\n<h3 data-start=\"1859\" data-end=\"1912\">Kluczowe cechy elektrycznego ubijaka CH-D125<\/h3>\n<ul data-start=\"1914\" data-end=\"2212\">\n<li data-start=\"1914\" data-end=\"1988\">\n<p data-start=\"1916\" data-end=\"1988\">Zaprojektowany do ci\u0119\u017ckich zada\u0144 zag\u0119szczania w \u015brodowiskach o ograniczonej przestrzeni<\/p>\n<\/li>\n<li data-start=\"1989\" data-end=\"2045\">\n<p data-start=\"1991\" data-end=\"2045\">Silnik elektryczny zapewnia czyst\u0105, sta\u0142\u0105 wydajno\u015b\u0107<\/p>\n<\/li>\n<li data-start=\"2046\" data-end=\"2104\">\n<p data-start=\"2048\" data-end=\"2104\">Mocniejsze ubijanie ni\u017c w przypadku standardowych ubijak\u00f3w elektrycznych<\/p>\n<\/li>\n<li data-start=\"2105\" data-end=\"2151\">\n<p data-start=\"2107\" data-end=\"2151\">Zerowa emisja spalin i cicha praca<\/p>\n<\/li>\n<li data-start=\"2152\" data-end=\"2212\">\n<p data-start=\"2154\" data-end=\"2212\">Idealny do zastosowa\u0144 w infrastrukturze wewn\u0119trznej i zewn\u0119trznej<\/p>\n<\/li>\n<\/ul>\n<p><iframe title=\"zag\u0119szczarka, ubijak, ubijak, zag\u0119szczarka p\u0142ytowa, wibracje budowlane, maszyna zag\u0119szczaj\u0105ca.#tamping\" width=\"720\" height=\"540\" src=\"https:\/\/www.youtube.com\/embed\/j8Nod6Mcz9w?feature=oembed\" frameborder=\"0\" allow=\"accelerometer; autoplay; clipboard-write; encrypted-media; gyroscope; picture-in-picture; web-share\" referrerpolicy=\"strict-origin-when-cross-origin\" allowfullscreen><\/iframe><\/p>","protected":false},"excerpt":{"rendered":"<p>Elektryczny ubijak CH-D125 zapewnia wysok\u0105 wydajno\u015b\u0107 zag\u0119szczania bez emisji spalin. Idealny do naprawy dr\u00f3g, zag\u0119szczania row\u00f3w i wewn\u0119trznych stref budowy.<\/p>","protected":false},"featured_media":9068,"template":"","meta":{"_kad_post_transparent":"default","_kad_post_title":"","_kad_post_layout":"default","_kad_post_sidebar_id":"","_kad_post_content_style":"default","_kad_post_vertical_padding":"default","_kad_post_feature":"","_kad_post_feature_position":"","_kad_post_header":false,"_kad_post_footer":false},"product_brand":[],"product_cat":[83],"product_tag":[1060,1057,1058,1059,1051,1052,1056,1053,1055,1054],"class_list":{"0":"post-9067","1":"product","2":"type-product","3":"status-publish","4":"has-post-thumbnail","6":"product_cat-tamping-rammer","7":"product_tag-backfill-compactor-machine","8":"product_tag-diesel-tamping-rammer","9":"product_tag-earth-tamping-machine","10":"product_tag-handheld-tamping-rammer","11":"product_tag-impact-rammer","12":"product_tag-jumping-jack-compactor","13":"product_tag-petrol-tamping-rammer","14":"product_tag-plate-tamping-rammer","15":"product_tag-soil-compaction-rammer","16":"product_tag-vibratory-tamping-rammer","18":"first","19":"instock","20":"shipping-taxable","21":"product-type-simple","22":"entry","23":"content-bg","24":"loop-entry"},"yoast_head":"<!-- This site is optimized with the Yoast SEO plugin v25.3.1 - https:\/\/yoast.com\/wordpress\/plugins\/seo\/ -->\n<title>Tamping Rammer CH-D125 - HSY Construction Machinery<\/title>\n<meta name=\"description\" content=\"CH-D125 Electric Tamping Rammer offers powerful, emission-free soil compaction. Ideal for heavy-duty use in foundations, roads, and confined spaces.\" \/>\n<meta name=\"robots\" content=\"index, follow, max-snippet:-1, max-image-preview:large, max-video-preview:-1\" \/>\n<link rel=\"canonical\" href=\"https:\/\/www.hsymachinery.com\/pl\/product\/ubijak-ch-d125\/\" \/>\n<meta property=\"og:locale\" content=\"pl_PL\" \/>\n<meta property=\"og:type\" content=\"article\" \/>\n<meta property=\"og:title\" content=\"Tamping Rammer CH-D125 - HSY Construction Machinery\" \/>\n<meta property=\"og:description\" content=\"CH-D125 Electric Tamping Rammer offers powerful, emission-free soil compaction. Ideal for heavy-duty use in foundations, roads, and confined spaces.\" \/>\n<meta property=\"og:url\" content=\"https:\/\/www.hsymachinery.com\/pl\/product\/ubijak-ch-d125\/\" \/>\n<meta property=\"og:site_name\" content=\"HSY Construction Machinery\" \/>\n<meta property=\"article:modified_time\" content=\"2025-06-28T07:09:28+00:00\" \/>\n<meta property=\"og:image\" content=\"https:\/\/www.hsymachinery.com\/wp-content\/uploads\/2025\/06\/Tamping-Rammer-CH-D125.jpg\" \/>\n\t<meta property=\"og:image:width\" content=\"800\" \/>\n\t<meta property=\"og:image:height\" content=\"800\" \/>\n\t<meta property=\"og:image:type\" content=\"image\/jpeg\" \/>\n<meta name=\"twitter:card\" content=\"summary_large_image\" \/>\n<meta name=\"twitter:label1\" content=\"Szacowany czas czytania\" \/>\n\t<meta name=\"twitter:data1\" content=\"2 minuty\" \/>\n<script type=\"application\/ld+json\" class=\"yoast-schema-graph\">{\"@context\":\"https:\/\/schema.org\",\"@graph\":[{\"@type\":\"WebPage\",\"@id\":\"https:\/\/www.hsymachinery.com\/product\/tamping-rammer-ch-d125\/\",\"url\":\"https:\/\/www.hsymachinery.com\/product\/tamping-rammer-ch-d125\/\",\"name\":\"Tamping Rammer CH-D125 - HSY Construction Machinery\",\"isPartOf\":{\"@id\":\"https:\/\/www.hsymachinery.com\/#website\"},\"primaryImageOfPage\":{\"@id\":\"https:\/\/www.hsymachinery.com\/product\/tamping-rammer-ch-d125\/#primaryimage\"},\"image\":{\"@id\":\"https:\/\/www.hsymachinery.com\/product\/tamping-rammer-ch-d125\/#primaryimage\"},\"thumbnailUrl\":\"https:\/\/www.hsymachinery.com\/wp-content\/uploads\/2025\/06\/Tamping-Rammer-CH-D125.jpg\",\"datePublished\":\"2025-06-18T08:20:26+00:00\",\"dateModified\":\"2025-06-28T07:09:28+00:00\",\"description\":\"CH-D125 Electric Tamping Rammer offers powerful, emission-free soil compaction. Ideal for heavy-duty use in foundations, roads, and confined spaces.\",\"breadcrumb\":{\"@id\":\"https:\/\/www.hsymachinery.com\/product\/tamping-rammer-ch-d125\/#breadcrumb\"},\"inLanguage\":\"pl-PL\",\"potentialAction\":[{\"@type\":\"ReadAction\",\"target\":[\"https:\/\/www.hsymachinery.com\/product\/tamping-rammer-ch-d125\/\"]}]},{\"@type\":\"ImageObject\",\"inLanguage\":\"pl-PL\",\"@id\":\"https:\/\/www.hsymachinery.com\/product\/tamping-rammer-ch-d125\/#primaryimage\",\"url\":\"https:\/\/www.hsymachinery.com\/wp-content\/uploads\/2025\/06\/Tamping-Rammer-CH-D125.jpg\",\"contentUrl\":\"https:\/\/www.hsymachinery.com\/wp-content\/uploads\/2025\/06\/Tamping-Rammer-CH-D125.jpg\",\"width\":800,\"height\":800},{\"@type\":\"BreadcrumbList\",\"@id\":\"https:\/\/www.hsymachinery.com\/product\/tamping-rammer-ch-d125\/#breadcrumb\",\"itemListElement\":[{\"@type\":\"ListItem\",\"position\":1,\"name\":\"home\",\"item\":\"https:\/\/www.hsymachinery.com\/\"},{\"@type\":\"ListItem\",\"position\":2,\"name\":\"products\",\"item\":\"https:\/\/www.hsymachinery.com\/products\/\"},{\"@type\":\"ListItem\",\"position\":3,\"name\":\"Tamping Rammer CH-D125\"}]},{\"@type\":\"WebSite\",\"@id\":\"https:\/\/www.hsymachinery.com\/#website\",\"url\":\"https:\/\/www.hsymachinery.com\/\",\"name\":\"HSY Construction Machinery\",\"description\":\"HSY Machinery \u2013 A leading China construction machinery supplier, offering a wide range of light construction equipment. Our main products include Rebar Cutting Machine, Rebar Bending Machine, Rebar Stirrup Bending Machine, Rebar Arc Bending Machine, Rebar Straightening Machine, Five-Head Rebar Stirrup Bending Machine, Tamping Rammer, Plate Compactor, Concrete Cutter, Power Trowel, and other construction machinery. We are equipped with advanced CNC machines, and we enforce strict quality inspection standards along with comprehensive after-sales service. If you are interested in our products or services, we warmly welcome your inquiries via message.\",\"publisher\":{\"@id\":\"https:\/\/www.hsymachinery.com\/#organization\"},\"potentialAction\":[{\"@type\":\"SearchAction\",\"target\":{\"@type\":\"EntryPoint\",\"urlTemplate\":\"https:\/\/www.hsymachinery.com\/?s={search_term_string}\"},\"query-input\":{\"@type\":\"PropertyValueSpecification\",\"valueRequired\":true,\"valueName\":\"search_term_string\"}}],\"inLanguage\":\"pl-PL\"},{\"@type\":\"Organization\",\"@id\":\"https:\/\/www.hsymachinery.com\/#organization\",\"name\":\"HSY Construction Machinery\",\"url\":\"https:\/\/www.hsymachinery.com\/\",\"logo\":{\"@type\":\"ImageObject\",\"inLanguage\":\"pl-PL\",\"@id\":\"https:\/\/www.hsymachinery.com\/#\/schema\/logo\/image\/\",\"url\":\"https:\/\/www.hsymachinery.com\/wp-content\/uploads\/2025\/06\/cropped-HSY-machinery.png\",\"contentUrl\":\"https:\/\/www.hsymachinery.com\/wp-content\/uploads\/2025\/06\/cropped-HSY-machinery.png\",\"width\":600,\"height\":240,\"caption\":\"HSY Construction Machinery\"},\"image\":{\"@id\":\"https:\/\/www.hsymachinery.com\/#\/schema\/logo\/image\/\"}}]}<\/script>\n<!-- \/ Yoast SEO plugin. -->","yoast_head_json":{"title":"Ubijak CH-D125 - HSY Construction Machinery","description":"Elektryczny ubijak CH-D125 oferuje wydajne, bezemisyjne zag\u0119szczanie gruntu. Idealny do ci\u0119\u017ckich prac przy fundamentach, drogach i ograniczonych przestrzeniach.","robots":{"index":"index","follow":"follow","max-snippet":"max-snippet:-1","max-image-preview":"max-image-preview:large","max-video-preview":"max-video-preview:-1"},"canonical":"https:\/\/www.hsymachinery.com\/pl\/product\/ubijak-ch-d125\/","og_locale":"pl_PL","og_type":"article","og_title":"Tamping Rammer CH-D125 - HSY Construction Machinery","og_description":"CH-D125 Electric Tamping Rammer offers powerful, emission-free soil compaction. Ideal for heavy-duty use in foundations, roads, and confined spaces.","og_url":"https:\/\/www.hsymachinery.com\/pl\/product\/ubijak-ch-d125\/","og_site_name":"HSY Construction Machinery","article_modified_time":"2025-06-28T07:09:28+00:00","og_image":[{"width":800,"height":800,"url":"https:\/\/www.hsymachinery.com\/wp-content\/uploads\/2025\/06\/Tamping-Rammer-CH-D125.jpg","type":"image\/jpeg"}],"twitter_card":"summary_large_image","twitter_misc":{"Szacowany czas czytania":"2 minuty"},"schema":{"@context":"https:\/\/schema.org","@graph":[{"@type":"WebPage","@id":"https:\/\/www.hsymachinery.com\/product\/tamping-rammer-ch-d125\/","url":"https:\/\/www.hsymachinery.com\/product\/tamping-rammer-ch-d125\/","name":"Ubijak CH-D125 - HSY Construction Machinery","isPartOf":{"@id":"https:\/\/www.hsymachinery.com\/#website"},"primaryImageOfPage":{"@id":"https:\/\/www.hsymachinery.com\/product\/tamping-rammer-ch-d125\/#primaryimage"},"image":{"@id":"https:\/\/www.hsymachinery.com\/product\/tamping-rammer-ch-d125\/#primaryimage"},"thumbnailUrl":"https:\/\/www.hsymachinery.com\/wp-content\/uploads\/2025\/06\/Tamping-Rammer-CH-D125.jpg","datePublished":"2025-06-18T08:20:26+00:00","dateModified":"2025-06-28T07:09:28+00:00","description":"Elektryczny ubijak CH-D125 oferuje wydajne, bezemisyjne zag\u0119szczanie gruntu. Idealny do ci\u0119\u017ckich prac przy fundamentach, drogach i ograniczonych przestrzeniach.","breadcrumb":{"@id":"https:\/\/www.hsymachinery.com\/product\/tamping-rammer-ch-d125\/#breadcrumb"},"inLanguage":"pl-PL","potentialAction":[{"@type":"ReadAction","target":["https:\/\/www.hsymachinery.com\/product\/tamping-rammer-ch-d125\/"]}]},{"@type":"ImageObject","inLanguage":"pl-PL","@id":"https:\/\/www.hsymachinery.com\/product\/tamping-rammer-ch-d125\/#primaryimage","url":"https:\/\/www.hsymachinery.com\/wp-content\/uploads\/2025\/06\/Tamping-Rammer-CH-D125.jpg","contentUrl":"https:\/\/www.hsymachinery.com\/wp-content\/uploads\/2025\/06\/Tamping-Rammer-CH-D125.jpg","width":800,"height":800},{"@type":"BreadcrumbList","@id":"https:\/\/www.hsymachinery.com\/product\/tamping-rammer-ch-d125\/#breadcrumb","itemListElement":[{"@type":"ListItem","position":1,"name":"home","item":"https:\/\/www.hsymachinery.com\/"},{"@type":"ListItem","position":2,"name":"products","item":"https:\/\/www.hsymachinery.com\/products\/"},{"@type":"ListItem","position":3,"name":"Tamping Rammer CH-D125"}]},{"@type":"WebSite","@id":"https:\/\/www.hsymachinery.com\/#website","url":"https:\/\/www.hsymachinery.com\/","name":"HSY Construction Machinery","description":"HSY Machinery - wiod\u0105cy chi\u0144ski dostawca maszyn budowlanych, oferuj\u0105cy szerok\u0105 gam\u0119 lekkiego sprz\u0119tu budowlanego. Nasze g\u0142\u00f3wne produkty to maszyna do ci\u0119cia pr\u0119t\u00f3w zbrojeniowych, maszyna do gi\u0119cia pr\u0119t\u00f3w zbrojeniowych, maszyna do gi\u0119cia strzemion pr\u0119t\u00f3w zbrojeniowych, maszyna do gi\u0119cia \u0142uk\u00f3w pr\u0119t\u00f3w zbrojeniowych, maszyna do prostowania pr\u0119t\u00f3w zbrojeniowych, pi\u0119ciog\u0142owicowa maszyna do gi\u0119cia strzemion pr\u0119t\u00f3w zbrojeniowych, ubijak, zag\u0119szczarka p\u0142ytowa, przecinarka do betonu, zacieraczka mechaniczna i inne maszyny budowlane. Jeste\u015bmy wyposa\u017ceni w zaawansowane maszyny CNC i egzekwujemy surowe standardy kontroli jako\u015bci wraz z kompleksow\u0105 obs\u0142ug\u0105 posprzeda\u017cn\u0105. Je\u015bli jeste\u015b zainteresowany naszymi produktami lub us\u0142ugami, serdecznie zapraszamy do sk\u0142adania zapyta\u0144 za po\u015brednictwem wiadomo\u015bci.","publisher":{"@id":"https:\/\/www.hsymachinery.com\/#organization"},"potentialAction":[{"@type":"SearchAction","target":{"@type":"EntryPoint","urlTemplate":"https:\/\/www.hsymachinery.com\/?s={search_term_string}"},"query-input":{"@type":"PropertyValueSpecification","valueRequired":true,"valueName":"search_term_string"}}],"inLanguage":"pl-PL"},{"@type":"Organization","@id":"https:\/\/www.hsymachinery.com\/#organization","name":"HSY Construction Machinery","url":"https:\/\/www.hsymachinery.com\/","logo":{"@type":"ImageObject","inLanguage":"pl-PL","@id":"https:\/\/www.hsymachinery.com\/#\/schema\/logo\/image\/","url":"https:\/\/www.hsymachinery.com\/wp-content\/uploads\/2025\/06\/cropped-HSY-machinery.png","contentUrl":"https:\/\/www.hsymachinery.com\/wp-content\/uploads\/2025\/06\/cropped-HSY-machinery.png","width":600,"height":240,"caption":"HSY Construction Machinery"},"image":{"@id":"https:\/\/www.hsymachinery.com\/#\/schema\/logo\/image\/"}}]}},"_links":{"self":[{"href":"https:\/\/www.hsymachinery.com\/pl\/wp-json\/wp\/v2\/product\/9067","targetHints":{"allow":["GET"]}}],"collection":[{"href":"https:\/\/www.hsymachinery.com\/pl\/wp-json\/wp\/v2\/product"}],"about":[{"href":"https:\/\/www.hsymachinery.com\/pl\/wp-json\/wp\/v2\/types\/product"}],"version-history":[{"count":3,"href":"https:\/\/www.hsymachinery.com\/pl\/wp-json\/wp\/v2\/product\/9067\/revisions"}],"predecessor-version":[{"id":9495,"href":"https:\/\/www.hsymachinery.com\/pl\/wp-json\/wp\/v2\/product\/9067\/revisions\/9495"}],"wp:featuredmedia":[{"embeddable":true,"href":"https:\/\/www.hsymachinery.com\/pl\/wp-json\/wp\/v2\/media\/9068"}],"wp:attachment":[{"href":"https:\/\/www.hsymachinery.com\/pl\/wp-json\/wp\/v2\/media?parent=9067"}],"wp:term":[{"taxonomy":"product_brand","embeddable":true,"href":"https:\/\/www.hsymachinery.com\/pl\/wp-json\/wp\/v2\/product_brand?post=9067"},{"taxonomy":"product_cat","embeddable":true,"href":"https:\/\/www.hsymachinery.com\/pl\/wp-json\/wp\/v2\/product_cat?post=9067"},{"taxonomy":"product_tag","embeddable":true,"href":"https:\/\/www.hsymachinery.com\/pl\/wp-json\/wp\/v2\/product_tag?post=9067"}],"curies":[{"name":"wp","href":"https:\/\/api.w.org\/{rel}","templated":true}]}}