{"id":9058,"date":"2025-06-18T16:14:34","date_gmt":"2025-06-18T08:14:34","guid":{"rendered":"https:\/\/www.hsymachinery.com\/?post_type=product&#038;p=9058"},"modified":"2025-06-28T14:59:29","modified_gmt":"2025-06-28T06:59:29","slug":"ubijak-ch-d100","status":"publish","type":"product","link":"https:\/\/www.hsymachinery.com\/pl\/product\/ubijak-ch-d100\/","title":{"rendered":"Ubijak CH-D100"},"content":{"rendered":"<h2 data-start=\"112\" data-end=\"142\">Ubijak CH-D100<\/h2>\n<h3 data-start=\"143\" data-end=\"244\">CH-D100 Elektryczny ubijak silnikowy | Wysokowydajny sprz\u0119t do zag\u0119szczania gleby i asfaltu<\/h3>\n<h3 data-start=\"251\" data-end=\"332\">Przegl\u0105d produkt\u00f3w - wydajne zasilanie elektryczne dla niezawodnego zag\u0119szczania gruntu<a href=\"https:\/\/www.hsymachinery.com\/pl\/produkty\/ubijak\/\" target=\"_blank\" rel=\"noopener\"><img fetchpriority=\"high\" decoding=\"async\" class=\"wp-image-9060 alignright\" src=\"https:\/\/www.hsymachinery.com\/wp-content\/uploads\/2025\/06\/Tamping-Rammer-CH-D100-1-300x300.jpg\" alt=\"\" width=\"499\" height=\"499\" srcset=\"https:\/\/www.hsymachinery.com\/wp-content\/uploads\/2025\/06\/Tamping-Rammer-CH-D100-1-300x300.jpg 300w, https:\/\/www.hsymachinery.com\/wp-content\/uploads\/2025\/06\/Tamping-Rammer-CH-D100-1-150x150.jpg 150w, https:\/\/www.hsymachinery.com\/wp-content\/uploads\/2025\/06\/Tamping-Rammer-CH-D100-1-768x768.jpg 768w, https:\/\/www.hsymachinery.com\/wp-content\/uploads\/2025\/06\/Tamping-Rammer-CH-D100-1-600x600.jpg 600w, https:\/\/www.hsymachinery.com\/wp-content\/uploads\/2025\/06\/Tamping-Rammer-CH-D100-1-100x100.jpg 100w, https:\/\/www.hsymachinery.com\/wp-content\/uploads\/2025\/06\/Tamping-Rammer-CH-D100-1.jpg 800w\" sizes=\"(max-width: 499px) 100vw, 499px\" \/><\/a><\/h3>\n<p data-start=\"334\" data-end=\"689\">The <strong data-start=\"338\" data-end=\"373\">Elektryczny ubijak CH-D100<\/strong> to pot\u0119\u017cna i przyjazna dla \u015brodowiska maszyna do zag\u0119szczania zaprojektowana do obs\u0142ugi szerokiego zakresu prac zwi\u0105zanych z gleb\u0105 i asfaltem. Nap\u0119dzana silnikiem elektrycznym o wysokim momencie obrotowym, zapewnia sta\u0142\u0105 si\u0142\u0119 ubijania przy zmniejszonym ha\u0142asie i zerowej emisji spalin - idealna do zamkni\u0119tych \u015brodowisk i projekt\u00f3w miejskich z ograniczeniami ha\u0142asu lub spalin.<\/p>\n<p data-start=\"691\" data-end=\"894\">Idealny do zag\u0119szczania grunt\u00f3w spoistych, zasypywania wykop\u00f3w, wykop\u00f3w fundamentowych i napraw dr\u00f3g, CH-D100 oferuje r\u00f3wnowag\u0119 mi\u0119dzy wydajno\u015bci\u0105, niezawodno\u015bci\u0105 i energooszcz\u0119dno\u015bci\u0105 dla profesjonalist\u00f3w budowlanych.<\/p>\n<h3 data-start=\"901\" data-end=\"960\">P\u0142ynne dzia\u0142anie, trwa\u0142a konstrukcja i niskie koszty utrzymania<\/h3>\n<p data-start=\"962\" data-end=\"1304\">W przeciwie\u0144stwie do ubijak\u00f3w benzynowych lub wysokopr\u0119\u017cnych, CH-D100 nie wymaga uzupe\u0142niania paliwa, co minimalizuje koszty operacyjne i ryzyko po\u017caru. Silnik elektryczny uruchamia si\u0119 natychmiast, zapewniaj\u0105c niezawodn\u0105 prac\u0119 w ka\u017cdych warunkach pogodowych. Maszyna wyposa\u017cona jest w wytrzyma\u0142y system spr\u0119\u017cyn, kt\u00f3ry maksymalizuje si\u0142\u0119 uderzenia, jednocze\u015bnie poch\u0142aniaj\u0105c wibracje, aby chroni\u0107 operatora.<\/p>\n<p data-start=\"1306\" data-end=\"1451\">Dzi\u0119ki solidnemu, czteropunktowemu mocowaniu amortyzatora, wzmocnionej p\u0142ycie monta\u017cowej i kompaktowej obudowie, kamera CH-D100 sprawdza si\u0119 nawet w ciasnych miejscach pracy.<\/p>\n<h3 data-start=\"1458\" data-end=\"1508\">Idealny do u\u017cytku wewn\u0105trz budynk\u00f3w i w budownictwie miejskim<\/h3>\n<p data-start=\"1510\" data-end=\"1780\">Model CH-D100 wyr\u00f3\u017cnia si\u0119 przyjazno\u015bci\u0105 dla \u015brodowiska. Nie emituje spalin i pracuje na ni\u017cszym poziomie decybeli, dzi\u0119ki czemu idealnie nadaje si\u0119 do prac budowlanych pod ziemi\u0105, w tunelach i na placach budowy, gdzie jako\u015b\u0107 powietrza i ha\u0142as maj\u0105 znaczenie.<\/p>\n<p data-start=\"1782\" data-end=\"1936\">Dzi\u0119ki prostej konstrukcji i niskim wymaganiom konserwacyjnym ten elektryczny ubijak jest trwa\u0142\u0105 inwestycj\u0105 dla nowoczesnych wykonawc\u00f3w.<\/p>\n<h3 data-start=\"1943\" data-end=\"1996\">Kluczowe cechy elektrycznego ubijaka CH-D100<\/h3>\n<ul data-start=\"1998\" data-end=\"2300\">\n<li data-start=\"1998\" data-end=\"2068\">\n<p data-start=\"2000\" data-end=\"2068\">Wyposa\u017cony w wytrzyma\u0142y silnik elektryczny, idealny do u\u017cytku w pomieszczeniach\/miejskiego<\/p>\n<\/li>\n<li data-start=\"2069\" data-end=\"2131\">\n<p data-start=\"2071\" data-end=\"2131\">Zapewnia du\u017c\u0105 si\u0142\u0119 zag\u0119szczania bez zu\u017cycia paliwa i emisji spalin<\/p>\n<\/li>\n<li data-start=\"2132\" data-end=\"2182\">\n<p data-start=\"2134\" data-end=\"2182\">Szybki rozruch przy minimalnej konserwacji<\/p>\n<\/li>\n<li data-start=\"2183\" data-end=\"2241\">\n<p data-start=\"2185\" data-end=\"2241\">Wzmocniona p\u0142ytka sabota\u017cowa i antywibracyjne mocowanie amortyzatora<\/p>\n<\/li>\n<li data-start=\"2242\" data-end=\"2300\">\n<p data-start=\"2244\" data-end=\"2300\">Nadaje si\u0119 do wykop\u00f3w, fundament\u00f3w i ograniczonych obszar\u00f3w<\/p>\n<\/li>\n<\/ul>\n<p><iframe title=\"zag\u0119szczarka, ubijak, ubijak, zag\u0119szczarka p\u0142ytowa, wibracje budowlane, maszyna zag\u0119szczaj\u0105ca.#tamping\" width=\"720\" height=\"540\" src=\"https:\/\/www.youtube.com\/embed\/j8Nod6Mcz9w?feature=oembed\" frameborder=\"0\" allow=\"accelerometer; autoplay; clipboard-write; encrypted-media; gyroscope; picture-in-picture; web-share\" referrerpolicy=\"strict-origin-when-cross-origin\" allowfullscreen><\/iframe><\/p>","protected":false},"excerpt":{"rendered":"<p>Elektryczny ubijak CH-D100 zapewnia bezzapa\u0142owe i bezemisyjne zag\u0119szczanie gruntu w wykopach, fundamentach i na miejskich placach budowy. Cichy, czysty i zbudowany z my\u015bl\u0105 o d\u0142ugotrwa\u0142ym u\u017cytkowaniu.<\/p>","protected":false},"featured_media":9060,"template":"","meta":{"_kad_post_transparent":"default","_kad_post_title":"","_kad_post_layout":"default","_kad_post_sidebar_id":"","_kad_post_content_style":"default","_kad_post_vertical_padding":"default","_kad_post_feature":"","_kad_post_feature_position":"","_kad_post_header":false,"_kad_post_footer":false},"product_brand":[],"product_cat":[83],"product_tag":[1060,1057,1058,1059,1051,1052,1056,1053,1055,1054],"class_list":{"0":"post-9058","1":"product","2":"type-product","3":"status-publish","4":"has-post-thumbnail","6":"product_cat-tamping-rammer","7":"product_tag-backfill-compactor-machine","8":"product_tag-diesel-tamping-rammer","9":"product_tag-earth-tamping-machine","10":"product_tag-handheld-tamping-rammer","11":"product_tag-impact-rammer","12":"product_tag-jumping-jack-compactor","13":"product_tag-petrol-tamping-rammer","14":"product_tag-plate-tamping-rammer","15":"product_tag-soil-compaction-rammer","16":"product_tag-vibratory-tamping-rammer","18":"first","19":"instock","20":"shipping-taxable","21":"product-type-simple","22":"entry","23":"content-bg","24":"loop-entry"},"yoast_head":"<!-- This site is optimized with the Yoast SEO plugin v25.3.1 - https:\/\/yoast.com\/wordpress\/plugins\/seo\/ -->\n<title>Tamping Rammer CH-D100 - HSY Construction Machinery<\/title>\n<meta name=\"description\" content=\"CH-D100 Electric Tamping Rammer delivers clean, fuel-free soil compaction. Ideal for indoor, trench, and foundation work. Durable, quiet, and easy to maintain.\" \/>\n<meta name=\"robots\" content=\"index, follow, max-snippet:-1, max-image-preview:large, max-video-preview:-1\" \/>\n<link rel=\"canonical\" href=\"https:\/\/www.hsymachinery.com\/pl\/product\/ubijak-ch-d100\/\" \/>\n<meta property=\"og:locale\" content=\"pl_PL\" \/>\n<meta property=\"og:type\" content=\"article\" \/>\n<meta property=\"og:title\" content=\"Tamping Rammer CH-D100 - HSY Construction Machinery\" \/>\n<meta property=\"og:description\" content=\"CH-D100 Electric Tamping Rammer delivers clean, fuel-free soil compaction. Ideal for indoor, trench, and foundation work. Durable, quiet, and easy to maintain.\" \/>\n<meta property=\"og:url\" content=\"https:\/\/www.hsymachinery.com\/pl\/product\/ubijak-ch-d100\/\" \/>\n<meta property=\"og:site_name\" content=\"HSY Construction Machinery\" \/>\n<meta property=\"article:modified_time\" content=\"2025-06-28T06:59:29+00:00\" \/>\n<meta property=\"og:image\" content=\"https:\/\/www.hsymachinery.com\/wp-content\/uploads\/2025\/06\/Tamping-Rammer-CH-D100-1.jpg\" \/>\n\t<meta property=\"og:image:width\" content=\"800\" \/>\n\t<meta property=\"og:image:height\" content=\"800\" \/>\n\t<meta property=\"og:image:type\" content=\"image\/jpeg\" \/>\n<meta name=\"twitter:card\" content=\"summary_large_image\" \/>\n<meta name=\"twitter:label1\" content=\"Szacowany czas czytania\" \/>\n\t<meta name=\"twitter:data1\" content=\"2 minuty\" \/>\n<script type=\"application\/ld+json\" class=\"yoast-schema-graph\">{\"@context\":\"https:\/\/schema.org\",\"@graph\":[{\"@type\":\"WebPage\",\"@id\":\"https:\/\/www.hsymachinery.com\/product\/tamping-rammer-ch-d100\/\",\"url\":\"https:\/\/www.hsymachinery.com\/product\/tamping-rammer-ch-d100\/\",\"name\":\"Tamping Rammer CH-D100 - HSY Construction Machinery\",\"isPartOf\":{\"@id\":\"https:\/\/www.hsymachinery.com\/#website\"},\"primaryImageOfPage\":{\"@id\":\"https:\/\/www.hsymachinery.com\/product\/tamping-rammer-ch-d100\/#primaryimage\"},\"image\":{\"@id\":\"https:\/\/www.hsymachinery.com\/product\/tamping-rammer-ch-d100\/#primaryimage\"},\"thumbnailUrl\":\"https:\/\/www.hsymachinery.com\/wp-content\/uploads\/2025\/06\/Tamping-Rammer-CH-D100-1.jpg\",\"datePublished\":\"2025-06-18T08:14:34+00:00\",\"dateModified\":\"2025-06-28T06:59:29+00:00\",\"description\":\"CH-D100 Electric Tamping Rammer delivers clean, fuel-free soil compaction. Ideal for indoor, trench, and foundation work. Durable, quiet, and easy to maintain.\",\"breadcrumb\":{\"@id\":\"https:\/\/www.hsymachinery.com\/product\/tamping-rammer-ch-d100\/#breadcrumb\"},\"inLanguage\":\"pl-PL\",\"potentialAction\":[{\"@type\":\"ReadAction\",\"target\":[\"https:\/\/www.hsymachinery.com\/product\/tamping-rammer-ch-d100\/\"]}]},{\"@type\":\"ImageObject\",\"inLanguage\":\"pl-PL\",\"@id\":\"https:\/\/www.hsymachinery.com\/product\/tamping-rammer-ch-d100\/#primaryimage\",\"url\":\"https:\/\/www.hsymachinery.com\/wp-content\/uploads\/2025\/06\/Tamping-Rammer-CH-D100-1.jpg\",\"contentUrl\":\"https:\/\/www.hsymachinery.com\/wp-content\/uploads\/2025\/06\/Tamping-Rammer-CH-D100-1.jpg\",\"width\":800,\"height\":800},{\"@type\":\"BreadcrumbList\",\"@id\":\"https:\/\/www.hsymachinery.com\/product\/tamping-rammer-ch-d100\/#breadcrumb\",\"itemListElement\":[{\"@type\":\"ListItem\",\"position\":1,\"name\":\"home\",\"item\":\"https:\/\/www.hsymachinery.com\/\"},{\"@type\":\"ListItem\",\"position\":2,\"name\":\"products\",\"item\":\"https:\/\/www.hsymachinery.com\/products\/\"},{\"@type\":\"ListItem\",\"position\":3,\"name\":\"Tamping Rammer CH-D100\"}]},{\"@type\":\"WebSite\",\"@id\":\"https:\/\/www.hsymachinery.com\/#website\",\"url\":\"https:\/\/www.hsymachinery.com\/\",\"name\":\"HSY Construction Machinery\",\"description\":\"HSY Machinery \u2013 A leading China construction machinery supplier, offering a wide range of light construction equipment. Our main products include Rebar Cutting Machine, Rebar Bending Machine, Rebar Stirrup Bending Machine, Rebar Arc Bending Machine, Rebar Straightening Machine, Five-Head Rebar Stirrup Bending Machine, Tamping Rammer, Plate Compactor, Concrete Cutter, Power Trowel, and other construction machinery. We are equipped with advanced CNC machines, and we enforce strict quality inspection standards along with comprehensive after-sales service. If you are interested in our products or services, we warmly welcome your inquiries via message.\",\"publisher\":{\"@id\":\"https:\/\/www.hsymachinery.com\/#organization\"},\"potentialAction\":[{\"@type\":\"SearchAction\",\"target\":{\"@type\":\"EntryPoint\",\"urlTemplate\":\"https:\/\/www.hsymachinery.com\/?s={search_term_string}\"},\"query-input\":{\"@type\":\"PropertyValueSpecification\",\"valueRequired\":true,\"valueName\":\"search_term_string\"}}],\"inLanguage\":\"pl-PL\"},{\"@type\":\"Organization\",\"@id\":\"https:\/\/www.hsymachinery.com\/#organization\",\"name\":\"HSY Construction Machinery\",\"url\":\"https:\/\/www.hsymachinery.com\/\",\"logo\":{\"@type\":\"ImageObject\",\"inLanguage\":\"pl-PL\",\"@id\":\"https:\/\/www.hsymachinery.com\/#\/schema\/logo\/image\/\",\"url\":\"https:\/\/www.hsymachinery.com\/wp-content\/uploads\/2025\/06\/cropped-HSY-machinery.png\",\"contentUrl\":\"https:\/\/www.hsymachinery.com\/wp-content\/uploads\/2025\/06\/cropped-HSY-machinery.png\",\"width\":600,\"height\":240,\"caption\":\"HSY Construction Machinery\"},\"image\":{\"@id\":\"https:\/\/www.hsymachinery.com\/#\/schema\/logo\/image\/\"}}]}<\/script>\n<!-- \/ Yoast SEO plugin. -->","yoast_head_json":{"title":"Ubijak CH-D100 - HSY Construction Machinery","description":"Elektryczny ubijak CH-D100 zapewnia czyste zag\u0119szczanie gruntu bez u\u017cycia paliwa. Idealny do prac wewn\u0105trz budynk\u00f3w, w wykopach i przy fundamentach. Trwa\u0142y, cichy i \u0142atwy w utrzymaniu.","robots":{"index":"index","follow":"follow","max-snippet":"max-snippet:-1","max-image-preview":"max-image-preview:large","max-video-preview":"max-video-preview:-1"},"canonical":"https:\/\/www.hsymachinery.com\/pl\/product\/ubijak-ch-d100\/","og_locale":"pl_PL","og_type":"article","og_title":"Tamping Rammer CH-D100 - HSY Construction Machinery","og_description":"CH-D100 Electric Tamping Rammer delivers clean, fuel-free soil compaction. Ideal for indoor, trench, and foundation work. Durable, quiet, and easy to maintain.","og_url":"https:\/\/www.hsymachinery.com\/pl\/product\/ubijak-ch-d100\/","og_site_name":"HSY Construction Machinery","article_modified_time":"2025-06-28T06:59:29+00:00","og_image":[{"width":800,"height":800,"url":"https:\/\/www.hsymachinery.com\/wp-content\/uploads\/2025\/06\/Tamping-Rammer-CH-D100-1.jpg","type":"image\/jpeg"}],"twitter_card":"summary_large_image","twitter_misc":{"Szacowany czas czytania":"2 minuty"},"schema":{"@context":"https:\/\/schema.org","@graph":[{"@type":"WebPage","@id":"https:\/\/www.hsymachinery.com\/product\/tamping-rammer-ch-d100\/","url":"https:\/\/www.hsymachinery.com\/product\/tamping-rammer-ch-d100\/","name":"Ubijak CH-D100 - HSY Construction Machinery","isPartOf":{"@id":"https:\/\/www.hsymachinery.com\/#website"},"primaryImageOfPage":{"@id":"https:\/\/www.hsymachinery.com\/product\/tamping-rammer-ch-d100\/#primaryimage"},"image":{"@id":"https:\/\/www.hsymachinery.com\/product\/tamping-rammer-ch-d100\/#primaryimage"},"thumbnailUrl":"https:\/\/www.hsymachinery.com\/wp-content\/uploads\/2025\/06\/Tamping-Rammer-CH-D100-1.jpg","datePublished":"2025-06-18T08:14:34+00:00","dateModified":"2025-06-28T06:59:29+00:00","description":"Elektryczny ubijak CH-D100 zapewnia czyste zag\u0119szczanie gruntu bez u\u017cycia paliwa. Idealny do prac wewn\u0105trz budynk\u00f3w, w wykopach i przy fundamentach. Trwa\u0142y, cichy i \u0142atwy w utrzymaniu.","breadcrumb":{"@id":"https:\/\/www.hsymachinery.com\/product\/tamping-rammer-ch-d100\/#breadcrumb"},"inLanguage":"pl-PL","potentialAction":[{"@type":"ReadAction","target":["https:\/\/www.hsymachinery.com\/product\/tamping-rammer-ch-d100\/"]}]},{"@type":"ImageObject","inLanguage":"pl-PL","@id":"https:\/\/www.hsymachinery.com\/product\/tamping-rammer-ch-d100\/#primaryimage","url":"https:\/\/www.hsymachinery.com\/wp-content\/uploads\/2025\/06\/Tamping-Rammer-CH-D100-1.jpg","contentUrl":"https:\/\/www.hsymachinery.com\/wp-content\/uploads\/2025\/06\/Tamping-Rammer-CH-D100-1.jpg","width":800,"height":800},{"@type":"BreadcrumbList","@id":"https:\/\/www.hsymachinery.com\/product\/tamping-rammer-ch-d100\/#breadcrumb","itemListElement":[{"@type":"ListItem","position":1,"name":"home","item":"https:\/\/www.hsymachinery.com\/"},{"@type":"ListItem","position":2,"name":"products","item":"https:\/\/www.hsymachinery.com\/products\/"},{"@type":"ListItem","position":3,"name":"Tamping Rammer CH-D100"}]},{"@type":"WebSite","@id":"https:\/\/www.hsymachinery.com\/#website","url":"https:\/\/www.hsymachinery.com\/","name":"HSY Construction Machinery","description":"HSY Machinery - wiod\u0105cy chi\u0144ski dostawca maszyn budowlanych, oferuj\u0105cy szerok\u0105 gam\u0119 lekkiego sprz\u0119tu budowlanego. Nasze g\u0142\u00f3wne produkty to maszyna do ci\u0119cia pr\u0119t\u00f3w zbrojeniowych, maszyna do gi\u0119cia pr\u0119t\u00f3w zbrojeniowych, maszyna do gi\u0119cia strzemion pr\u0119t\u00f3w zbrojeniowych, maszyna do gi\u0119cia \u0142uk\u00f3w pr\u0119t\u00f3w zbrojeniowych, maszyna do prostowania pr\u0119t\u00f3w zbrojeniowych, pi\u0119ciog\u0142owicowa maszyna do gi\u0119cia strzemion pr\u0119t\u00f3w zbrojeniowych, ubijak, zag\u0119szczarka p\u0142ytowa, przecinarka do betonu, zacieraczka mechaniczna i inne maszyny budowlane. Jeste\u015bmy wyposa\u017ceni w zaawansowane maszyny CNC i egzekwujemy surowe standardy kontroli jako\u015bci wraz z kompleksow\u0105 obs\u0142ug\u0105 posprzeda\u017cn\u0105. Je\u015bli jeste\u015b zainteresowany naszymi produktami lub us\u0142ugami, serdecznie zapraszamy do sk\u0142adania zapyta\u0144 za po\u015brednictwem wiadomo\u015bci.","publisher":{"@id":"https:\/\/www.hsymachinery.com\/#organization"},"potentialAction":[{"@type":"SearchAction","target":{"@type":"EntryPoint","urlTemplate":"https:\/\/www.hsymachinery.com\/?s={search_term_string}"},"query-input":{"@type":"PropertyValueSpecification","valueRequired":true,"valueName":"search_term_string"}}],"inLanguage":"pl-PL"},{"@type":"Organization","@id":"https:\/\/www.hsymachinery.com\/#organization","name":"HSY Construction Machinery","url":"https:\/\/www.hsymachinery.com\/","logo":{"@type":"ImageObject","inLanguage":"pl-PL","@id":"https:\/\/www.hsymachinery.com\/#\/schema\/logo\/image\/","url":"https:\/\/www.hsymachinery.com\/wp-content\/uploads\/2025\/06\/cropped-HSY-machinery.png","contentUrl":"https:\/\/www.hsymachinery.com\/wp-content\/uploads\/2025\/06\/cropped-HSY-machinery.png","width":600,"height":240,"caption":"HSY Construction Machinery"},"image":{"@id":"https:\/\/www.hsymachinery.com\/#\/schema\/logo\/image\/"}}]}},"_links":{"self":[{"href":"https:\/\/www.hsymachinery.com\/pl\/wp-json\/wp\/v2\/product\/9058","targetHints":{"allow":["GET"]}}],"collection":[{"href":"https:\/\/www.hsymachinery.com\/pl\/wp-json\/wp\/v2\/product"}],"about":[{"href":"https:\/\/www.hsymachinery.com\/pl\/wp-json\/wp\/v2\/types\/product"}],"version-history":[{"count":3,"href":"https:\/\/www.hsymachinery.com\/pl\/wp-json\/wp\/v2\/product\/9058\/revisions"}],"predecessor-version":[{"id":9491,"href":"https:\/\/www.hsymachinery.com\/pl\/wp-json\/wp\/v2\/product\/9058\/revisions\/9491"}],"wp:featuredmedia":[{"embeddable":true,"href":"https:\/\/www.hsymachinery.com\/pl\/wp-json\/wp\/v2\/media\/9060"}],"wp:attachment":[{"href":"https:\/\/www.hsymachinery.com\/pl\/wp-json\/wp\/v2\/media?parent=9058"}],"wp:term":[{"taxonomy":"product_brand","embeddable":true,"href":"https:\/\/www.hsymachinery.com\/pl\/wp-json\/wp\/v2\/product_brand?post=9058"},{"taxonomy":"product_cat","embeddable":true,"href":"https:\/\/www.hsymachinery.com\/pl\/wp-json\/wp\/v2\/product_cat?post=9058"},{"taxonomy":"product_tag","embeddable":true,"href":"https:\/\/www.hsymachinery.com\/pl\/wp-json\/wp\/v2\/product_tag?post=9058"}],"curies":[{"name":"wp","href":"https:\/\/api.w.org\/{rel}","templated":true}]}}