{"id":9035,"date":"2025-06-18T14:51:23","date_gmt":"2025-06-18T06:51:23","guid":{"rendered":"https:\/\/www.hsymachinery.com\/?post_type=product&#038;p=9035"},"modified":"2025-06-28T11:54:06","modified_gmt":"2025-06-28T03:54:06","slug":"piecioglowicowa-gietarka-strzemion-zbrojeniowych-gff-22","status":"publish","type":"product","link":"https:\/\/www.hsymachinery.com\/pl\/product\/piecioglowicowa-gietarka-strzemion-zbrojeniowych-gff-22\/","title":{"rendered":"Pi\u0119ciog\u0142owicowa maszyna do gi\u0119cia pr\u0119t\u00f3w zbrojeniowych GFF-22"},"content":{"rendered":"<h2 data-start=\"116\" data-end=\"170\">Pi\u0119ciog\u0142owicowa maszyna do gi\u0119cia pr\u0119t\u00f3w zbrojeniowych GFF-22<\/h2>\n<h3 data-start=\"171\" data-end=\"277\">GFF-22 CNC pi\u0119ciog\u0142owicowa maszyna do gi\u0119cia pr\u0119t\u00f3w zbrojeniowych | Precyzyjny sprz\u0119t do formowania strzemion dla pr\u0119t\u00f3w stalowych 6-22 mm<\/h3>\n<h3 data-start=\"284\" data-end=\"362\">Przegl\u0105d produkt\u00f3w - Wytrzyma\u0142e gi\u0119cie strzemion dla pr\u0119t\u00f3w zbrojeniowych o wi\u0119kszej \u015brednicy<a href=\"https:\/\/www.hsymachinery.com\/pl\/produkty\/piecioglowicowa-maszyna-do-giecia-strzemion-zbrojeniowych\/\" target=\"_blank\" rel=\"noopener\"><img fetchpriority=\"high\" decoding=\"async\" class=\"wp-image-9454 alignright\" src=\"https:\/\/www.hsymachinery.com\/wp-content\/uploads\/2025\/06\/5-Head-Rebar-Bender-for-Stirrup-225x300.jpg\" alt=\"\" width=\"401\" height=\"535\" srcset=\"https:\/\/www.hsymachinery.com\/wp-content\/uploads\/2025\/06\/5-Head-Rebar-Bender-for-Stirrup-225x300.jpg 225w, https:\/\/www.hsymachinery.com\/wp-content\/uploads\/2025\/06\/5-Head-Rebar-Bender-for-Stirrup-768x1024.jpg 768w, https:\/\/www.hsymachinery.com\/wp-content\/uploads\/2025\/06\/5-Head-Rebar-Bender-for-Stirrup-600x800.jpg 600w, https:\/\/www.hsymachinery.com\/wp-content\/uploads\/2025\/06\/5-Head-Rebar-Bender-for-Stirrup.jpg 800w\" sizes=\"(max-width: 401px) 100vw, 401px\" \/><\/a><\/h3>\n<p data-start=\"364\" data-end=\"706\">The <strong data-start=\"368\" data-end=\"418\">Pi\u0119ciog\u0142owicowa maszyna do gi\u0119cia pr\u0119t\u00f3w zbrojeniowych GFF-22<\/strong> to solidny i inteligentny system zaprojektowany do przetwarzania pr\u0119t\u00f3w stalowych o \u015brednicy od 6 mm do 22 mm w precyzyjne kszta\u0142ty strzemion. Dzi\u0119ki pi\u0119ciu niezale\u017cnie sterowanym ramionom gn\u0105cym, GFF-22 oferuje wi\u0119ksz\u0105 elastyczno\u015b\u0107, umo\u017cliwiaj\u0105c u\u017cytkownikom tworzenie wi\u0119kszych i bardziej z\u0142o\u017conych konfiguracji strzemion z du\u017c\u0105 pr\u0119dko\u015bci\u0105.<\/p>\n<p data-start=\"708\" data-end=\"895\">Model ten jest szczeg\u00f3lnie skuteczny w projektach infrastrukturalnych, warsztatach produkcji stali i zak\u0142adach masowej produkcji pr\u0119t\u00f3w zbrojeniowych, gdzie wydajno\u015b\u0107 i precyzja s\u0105 r\u00f3wnie krytyczne.<\/p>\n<h3 data-start=\"902\" data-end=\"964\">Wydajno\u015b\u0107 sterowana CNC z elastycznymi konstrukcjami strzemion<\/h3>\n<p data-start=\"966\" data-end=\"1314\">GFF-22 integruje system sterowania CNC i pi\u0119\u0107 zsynchronizowanych g\u0142owic gn\u0105cych, umo\u017cliwiaj\u0105c p\u0142ynn\u0105 i szybk\u0105 produkcj\u0119 prostok\u0105tnych, kwadratowych, w kszta\u0142cie litery U lub niestandardowych form strzemion. Operatorzy mog\u0105 regulowa\u0107 k\u0105ty gi\u0119cia, promie\u0144 i d\u0142ugo\u015b\u0107 pr\u0119ta bezpo\u015brednio za pomoc\u0105 interfejsu ekranu dotykowego, umo\u017cliwiaj\u0105c programowanie partii i prze\u0142\u0105czanie zada\u0144 w ci\u0105gu kilku minut.<\/p>\n<p data-start=\"1316\" data-end=\"1474\">System z serwonap\u0119dem zapewnia niskie marginesy b\u0142\u0119du i minimalne zu\u017cycie mechaniczne, co skutkuje konsekwentnie prostymi, ostrymi zagi\u0119ciami r\u00f3\u017cnych rodzaj\u00f3w stali.<\/p>\n<h3 data-start=\"1481\" data-end=\"1537\">Zaprojektowany z my\u015bl\u0105 o wysokiej wydajno\u015bci i d\u0142ugotrwa\u0142ej pracy<\/h3>\n<p data-start=\"1539\" data-end=\"1852\">Maszyna ta jest zbudowana na wzmocnionej platformie ze stali konstrukcyjnej o konstrukcji przeciwzm\u0119czeniowej, zapewniaj\u0105cej niezawodne dzia\u0142anie nawet przy ci\u0105g\u0142ym u\u017cytkowaniu z du\u017c\u0105 pr\u0119dko\u015bci\u0105. Posiada automatyczne podawanie pr\u0119t\u00f3w, scentralizowane smarowanie i systemy ochrony przed przeci\u0105\u017ceniem, aby skr\u00f3ci\u0107 czas przestoj\u00f3w i wyd\u0142u\u017cy\u0107 \u017cywotno\u015b\u0107.<\/p>\n<p data-start=\"1854\" data-end=\"1991\">Wej\u015bcie zasilania obs\u0142uguje tr\u00f3jfazowe napi\u0119cie 380 V (z mo\u017cliwo\u015bci\u0105 dostosowania do eksportu), dzi\u0119ki czemu GFF-22 jest idealny zar\u00f3wno na rynek krajowy, jak i mi\u0119dzynarodowy.<\/p>\n<h3 data-start=\"1998\" data-end=\"2057\">Kluczowe cechy pi\u0119ciog\u0142owicowej gi\u0119tarki do pr\u0119t\u00f3w zbrojeniowych GFF-22<\/h3>\n<ul data-start=\"2059\" data-end=\"2383\">\n<li data-start=\"2059\" data-end=\"2114\">\n<p data-start=\"2061\" data-end=\"2114\">Gi\u0119cie pr\u0119t\u00f3w stalowych 6-22 mm w skomplikowane kszta\u0142ty strzemion<\/p>\n<\/li>\n<li data-start=\"2115\" data-end=\"2182\">\n<p data-start=\"2117\" data-end=\"2182\">Pi\u0119\u0107 niezale\u017cnych g\u0142owic zapewnia zsynchronizowane gi\u0119cie wielopunktowe<\/p>\n<\/li>\n<li data-start=\"2183\" data-end=\"2245\">\n<p data-start=\"2185\" data-end=\"2245\">Wyposa\u017cony w interfejs CNC i pami\u0119\u0107 kszta\u0142tu<\/p>\n<\/li>\n<li data-start=\"2246\" data-end=\"2313\">\n<p data-start=\"2248\" data-end=\"2313\">Stabilna rama z automatycznym smarowaniem i zabezpieczeniem przed przeci\u0105\u017ceniem<\/p>\n<\/li>\n<li data-start=\"2314\" data-end=\"2383\">\n<p data-start=\"2316\" data-end=\"2383\">Idealny do wysokowydajnej produkcji w projektach cywilnych i przemys\u0142owych<\/p>\n<\/li>\n<\/ul>\n<p><iframe title=\"Gi\u0119tarka do pr\u0119t\u00f3w zbrojeniowych. Gi\u0119tarka do pr\u0119t\u00f3w zbrojeniowych. Gi\u0119tarka do pr\u0119t\u00f3w zbrojeniowych 1TP10Gi\u0119tarka do pr\u0119t\u00f3w zbrojeniowych 1TP10Maszyna do ci\u0119cia pr\u0119t\u00f3w zbrojeniowych\" width=\"720\" height=\"405\" src=\"https:\/\/www.youtube.com\/embed\/wGf4SMojvYY?feature=oembed\" frameborder=\"0\" allow=\"accelerometer; autoplay; clipboard-write; encrypted-media; gyroscope; picture-in-picture; web-share\" referrerpolicy=\"strict-origin-when-cross-origin\" allowfullscreen><\/iframe><\/p>","protected":false},"excerpt":{"rendered":"<p>Pi\u0119ciog\u0142owicowa gi\u0119tarka do strzemion GFF-22 formuje pr\u0119ty zbrojeniowe 6-22 mm w precyzyjne strzemiona. Charakteryzuje si\u0119 sterowaniem CNC, szybkim prze\u0142\u0105czaniem zada\u0144 i wytrzyma\u0142\u0105 konstrukcj\u0105 gotow\u0105 do eksportu.<\/p>","protected":false},"featured_media":9036,"template":"","meta":{"_kad_post_transparent":"default","_kad_post_title":"","_kad_post_layout":"default","_kad_post_sidebar_id":"","_kad_post_content_style":"default","_kad_post_vertical_padding":"default","_kad_post_feature":"","_kad_post_feature_position":"","_kad_post_header":false,"_kad_post_footer":false},"product_brand":[],"product_cat":[60],"product_tag":[1039,1036,1038,1037,1035,1041,1040],"class_list":{"0":"post-9035","1":"product","2":"type-product","3":"status-publish","4":"has-post-thumbnail","6":"product_cat-five-head-rebar-stirrup-bending-machine","7":"product_tag-5-head-rebar-bender-for-stirrup","8":"product_tag-automatic-stirrup-bender-with-five-heads","9":"product_tag-cnc-stirrup-bending-equipment","10":"product_tag-high-speed-rebar-stirrup-machine","11":"product_tag-multi-head-rebar-stirrup-bending-machine","12":"product_tag-rebar-stirrup-forming-machine","13":"product_tag-steel-bar-stirrup-making-machine","15":"first","16":"instock","17":"featured","18":"shipping-taxable","19":"product-type-simple","20":"entry","21":"content-bg","22":"loop-entry"},"yoast_head":"<!-- This site is optimized with the Yoast SEO plugin v25.3.1 - https:\/\/yoast.com\/wordpress\/plugins\/seo\/ -->\n<title>Five-Head Rebar Stirrup Bending Machine GFF-22 - HSY Construction Machinery<\/title>\n<meta name=\"description\" content=\"The Five-Head Rebar Stirrup Bending Machine GFF-22 bends 6\u201322mm steel bars into stirrups. CNC-controlled, durable, and ideal for high-speed, industrial production.\" \/>\n<meta name=\"robots\" content=\"index, follow, max-snippet:-1, max-image-preview:large, max-video-preview:-1\" \/>\n<link rel=\"canonical\" href=\"https:\/\/www.hsymachinery.com\/pl\/product\/piecioglowicowa-gietarka-strzemion-zbrojeniowych-gff-22\/\" \/>\n<meta property=\"og:locale\" content=\"pl_PL\" \/>\n<meta property=\"og:type\" content=\"article\" \/>\n<meta property=\"og:title\" content=\"Five-Head Rebar Stirrup Bending Machine GFF-22 - HSY Construction Machinery\" \/>\n<meta property=\"og:description\" content=\"The Five-Head Rebar Stirrup Bending Machine GFF-22 bends 6\u201322mm steel bars into stirrups. CNC-controlled, durable, and ideal for high-speed, industrial production.\" \/>\n<meta property=\"og:url\" content=\"https:\/\/www.hsymachinery.com\/pl\/product\/piecioglowicowa-gietarka-strzemion-zbrojeniowych-gff-22\/\" \/>\n<meta property=\"og:site_name\" content=\"HSY Construction Machinery\" \/>\n<meta property=\"article:modified_time\" content=\"2025-06-28T03:54:06+00:00\" \/>\n<meta property=\"og:image\" content=\"https:\/\/www.hsymachinery.com\/wp-content\/uploads\/2025\/06\/Five-Head-Rebar-Stirrup-Bending-Machine-GFF-22.jpg\" \/>\n\t<meta property=\"og:image:width\" content=\"600\" \/>\n\t<meta property=\"og:image:height\" content=\"600\" \/>\n\t<meta property=\"og:image:type\" content=\"image\/jpeg\" \/>\n<meta name=\"twitter:card\" content=\"summary_large_image\" \/>\n<meta name=\"twitter:label1\" content=\"Szacowany czas czytania\" \/>\n\t<meta name=\"twitter:data1\" content=\"2 minuty\" \/>\n<script type=\"application\/ld+json\" class=\"yoast-schema-graph\">{\"@context\":\"https:\/\/schema.org\",\"@graph\":[{\"@type\":\"WebPage\",\"@id\":\"https:\/\/www.hsymachinery.com\/product\/five-head-rebar-stirrup-bending-machine-gff-22\/\",\"url\":\"https:\/\/www.hsymachinery.com\/product\/five-head-rebar-stirrup-bending-machine-gff-22\/\",\"name\":\"Five-Head Rebar Stirrup Bending Machine GFF-22 - HSY Construction Machinery\",\"isPartOf\":{\"@id\":\"https:\/\/www.hsymachinery.com\/#website\"},\"primaryImageOfPage\":{\"@id\":\"https:\/\/www.hsymachinery.com\/product\/five-head-rebar-stirrup-bending-machine-gff-22\/#primaryimage\"},\"image\":{\"@id\":\"https:\/\/www.hsymachinery.com\/product\/five-head-rebar-stirrup-bending-machine-gff-22\/#primaryimage\"},\"thumbnailUrl\":\"https:\/\/www.hsymachinery.com\/wp-content\/uploads\/2025\/06\/Five-Head-Rebar-Stirrup-Bending-Machine-GFF-22.jpg\",\"datePublished\":\"2025-06-18T06:51:23+00:00\",\"dateModified\":\"2025-06-28T03:54:06+00:00\",\"description\":\"The Five-Head Rebar Stirrup Bending Machine GFF-22 bends 6\u201322mm steel bars into stirrups. CNC-controlled, durable, and ideal for high-speed, industrial production.\",\"breadcrumb\":{\"@id\":\"https:\/\/www.hsymachinery.com\/product\/five-head-rebar-stirrup-bending-machine-gff-22\/#breadcrumb\"},\"inLanguage\":\"pl-PL\",\"potentialAction\":[{\"@type\":\"ReadAction\",\"target\":[\"https:\/\/www.hsymachinery.com\/product\/five-head-rebar-stirrup-bending-machine-gff-22\/\"]}]},{\"@type\":\"ImageObject\",\"inLanguage\":\"pl-PL\",\"@id\":\"https:\/\/www.hsymachinery.com\/product\/five-head-rebar-stirrup-bending-machine-gff-22\/#primaryimage\",\"url\":\"https:\/\/www.hsymachinery.com\/wp-content\/uploads\/2025\/06\/Five-Head-Rebar-Stirrup-Bending-Machine-GFF-22.jpg\",\"contentUrl\":\"https:\/\/www.hsymachinery.com\/wp-content\/uploads\/2025\/06\/Five-Head-Rebar-Stirrup-Bending-Machine-GFF-22.jpg\",\"width\":600,\"height\":600},{\"@type\":\"BreadcrumbList\",\"@id\":\"https:\/\/www.hsymachinery.com\/product\/five-head-rebar-stirrup-bending-machine-gff-22\/#breadcrumb\",\"itemListElement\":[{\"@type\":\"ListItem\",\"position\":1,\"name\":\"home\",\"item\":\"https:\/\/www.hsymachinery.com\/\"},{\"@type\":\"ListItem\",\"position\":2,\"name\":\"products\",\"item\":\"https:\/\/www.hsymachinery.com\/products\/\"},{\"@type\":\"ListItem\",\"position\":3,\"name\":\"Five-Head Rebar Stirrup Bending Machine GFF-22\"}]},{\"@type\":\"WebSite\",\"@id\":\"https:\/\/www.hsymachinery.com\/#website\",\"url\":\"https:\/\/www.hsymachinery.com\/\",\"name\":\"HSY Construction Machinery\",\"description\":\"HSY Machinery \u2013 A leading China construction machinery supplier, offering a wide range of light construction equipment. Our main products include Rebar Cutting Machine, Rebar Bending Machine, Rebar Stirrup Bending Machine, Rebar Arc Bending Machine, Rebar Straightening Machine, Five-Head Rebar Stirrup Bending Machine, Tamping Rammer, Plate Compactor, Concrete Cutter, Power Trowel, and other construction machinery. We are equipped with advanced CNC machines, and we enforce strict quality inspection standards along with comprehensive after-sales service. If you are interested in our products or services, we warmly welcome your inquiries via message.\",\"publisher\":{\"@id\":\"https:\/\/www.hsymachinery.com\/#organization\"},\"potentialAction\":[{\"@type\":\"SearchAction\",\"target\":{\"@type\":\"EntryPoint\",\"urlTemplate\":\"https:\/\/www.hsymachinery.com\/?s={search_term_string}\"},\"query-input\":{\"@type\":\"PropertyValueSpecification\",\"valueRequired\":true,\"valueName\":\"search_term_string\"}}],\"inLanguage\":\"pl-PL\"},{\"@type\":\"Organization\",\"@id\":\"https:\/\/www.hsymachinery.com\/#organization\",\"name\":\"HSY Construction Machinery\",\"url\":\"https:\/\/www.hsymachinery.com\/\",\"logo\":{\"@type\":\"ImageObject\",\"inLanguage\":\"pl-PL\",\"@id\":\"https:\/\/www.hsymachinery.com\/#\/schema\/logo\/image\/\",\"url\":\"https:\/\/www.hsymachinery.com\/wp-content\/uploads\/2025\/06\/cropped-HSY-machinery.png\",\"contentUrl\":\"https:\/\/www.hsymachinery.com\/wp-content\/uploads\/2025\/06\/cropped-HSY-machinery.png\",\"width\":600,\"height\":240,\"caption\":\"HSY Construction Machinery\"},\"image\":{\"@id\":\"https:\/\/www.hsymachinery.com\/#\/schema\/logo\/image\/\"}}]}<\/script>\n<!-- \/ Yoast SEO plugin. -->","yoast_head_json":{"title":"Pi\u0119ciog\u0142owicowa maszyna do gi\u0119cia pr\u0119t\u00f3w zbrojeniowych GFF-22 - HSY Construction Machinery","description":"Pi\u0119ciog\u0142owicowa maszyna do gi\u0119cia pr\u0119t\u00f3w zbrojeniowych GFF-22 wygina pr\u0119ty stalowe 6-22 mm w strzemiona. Sterowana CNC, trwa\u0142a i idealna do szybkiej produkcji przemys\u0142owej.","robots":{"index":"index","follow":"follow","max-snippet":"max-snippet:-1","max-image-preview":"max-image-preview:large","max-video-preview":"max-video-preview:-1"},"canonical":"https:\/\/www.hsymachinery.com\/pl\/product\/piecioglowicowa-gietarka-strzemion-zbrojeniowych-gff-22\/","og_locale":"pl_PL","og_type":"article","og_title":"Five-Head Rebar Stirrup Bending Machine GFF-22 - HSY Construction Machinery","og_description":"The Five-Head Rebar Stirrup Bending Machine GFF-22 bends 6\u201322mm steel bars into stirrups. CNC-controlled, durable, and ideal for high-speed, industrial production.","og_url":"https:\/\/www.hsymachinery.com\/pl\/product\/piecioglowicowa-gietarka-strzemion-zbrojeniowych-gff-22\/","og_site_name":"HSY Construction Machinery","article_modified_time":"2025-06-28T03:54:06+00:00","og_image":[{"width":600,"height":600,"url":"https:\/\/www.hsymachinery.com\/wp-content\/uploads\/2025\/06\/Five-Head-Rebar-Stirrup-Bending-Machine-GFF-22.jpg","type":"image\/jpeg"}],"twitter_card":"summary_large_image","twitter_misc":{"Szacowany czas czytania":"2 minuty"},"schema":{"@context":"https:\/\/schema.org","@graph":[{"@type":"WebPage","@id":"https:\/\/www.hsymachinery.com\/product\/five-head-rebar-stirrup-bending-machine-gff-22\/","url":"https:\/\/www.hsymachinery.com\/product\/five-head-rebar-stirrup-bending-machine-gff-22\/","name":"Pi\u0119ciog\u0142owicowa maszyna do gi\u0119cia pr\u0119t\u00f3w zbrojeniowych GFF-22 - HSY Construction Machinery","isPartOf":{"@id":"https:\/\/www.hsymachinery.com\/#website"},"primaryImageOfPage":{"@id":"https:\/\/www.hsymachinery.com\/product\/five-head-rebar-stirrup-bending-machine-gff-22\/#primaryimage"},"image":{"@id":"https:\/\/www.hsymachinery.com\/product\/five-head-rebar-stirrup-bending-machine-gff-22\/#primaryimage"},"thumbnailUrl":"https:\/\/www.hsymachinery.com\/wp-content\/uploads\/2025\/06\/Five-Head-Rebar-Stirrup-Bending-Machine-GFF-22.jpg","datePublished":"2025-06-18T06:51:23+00:00","dateModified":"2025-06-28T03:54:06+00:00","description":"Pi\u0119ciog\u0142owicowa maszyna do gi\u0119cia pr\u0119t\u00f3w zbrojeniowych GFF-22 wygina pr\u0119ty stalowe 6-22 mm w strzemiona. Sterowana CNC, trwa\u0142a i idealna do szybkiej produkcji przemys\u0142owej.","breadcrumb":{"@id":"https:\/\/www.hsymachinery.com\/product\/five-head-rebar-stirrup-bending-machine-gff-22\/#breadcrumb"},"inLanguage":"pl-PL","potentialAction":[{"@type":"ReadAction","target":["https:\/\/www.hsymachinery.com\/product\/five-head-rebar-stirrup-bending-machine-gff-22\/"]}]},{"@type":"ImageObject","inLanguage":"pl-PL","@id":"https:\/\/www.hsymachinery.com\/product\/five-head-rebar-stirrup-bending-machine-gff-22\/#primaryimage","url":"https:\/\/www.hsymachinery.com\/wp-content\/uploads\/2025\/06\/Five-Head-Rebar-Stirrup-Bending-Machine-GFF-22.jpg","contentUrl":"https:\/\/www.hsymachinery.com\/wp-content\/uploads\/2025\/06\/Five-Head-Rebar-Stirrup-Bending-Machine-GFF-22.jpg","width":600,"height":600},{"@type":"BreadcrumbList","@id":"https:\/\/www.hsymachinery.com\/product\/five-head-rebar-stirrup-bending-machine-gff-22\/#breadcrumb","itemListElement":[{"@type":"ListItem","position":1,"name":"home","item":"https:\/\/www.hsymachinery.com\/"},{"@type":"ListItem","position":2,"name":"products","item":"https:\/\/www.hsymachinery.com\/products\/"},{"@type":"ListItem","position":3,"name":"Five-Head Rebar Stirrup Bending Machine GFF-22"}]},{"@type":"WebSite","@id":"https:\/\/www.hsymachinery.com\/#website","url":"https:\/\/www.hsymachinery.com\/","name":"HSY Construction Machinery","description":"HSY Machinery - wiod\u0105cy chi\u0144ski dostawca maszyn budowlanych, oferuj\u0105cy szerok\u0105 gam\u0119 lekkiego sprz\u0119tu budowlanego. Nasze g\u0142\u00f3wne produkty to maszyna do ci\u0119cia pr\u0119t\u00f3w zbrojeniowych, maszyna do gi\u0119cia pr\u0119t\u00f3w zbrojeniowych, maszyna do gi\u0119cia strzemion pr\u0119t\u00f3w zbrojeniowych, maszyna do gi\u0119cia \u0142uk\u00f3w pr\u0119t\u00f3w zbrojeniowych, maszyna do prostowania pr\u0119t\u00f3w zbrojeniowych, pi\u0119ciog\u0142owicowa maszyna do gi\u0119cia strzemion pr\u0119t\u00f3w zbrojeniowych, ubijak, zag\u0119szczarka p\u0142ytowa, przecinarka do betonu, zacieraczka mechaniczna i inne maszyny budowlane. Jeste\u015bmy wyposa\u017ceni w zaawansowane maszyny CNC i egzekwujemy surowe standardy kontroli jako\u015bci wraz z kompleksow\u0105 obs\u0142ug\u0105 posprzeda\u017cn\u0105. Je\u015bli jeste\u015b zainteresowany naszymi produktami lub us\u0142ugami, serdecznie zapraszamy do sk\u0142adania zapyta\u0144 za po\u015brednictwem wiadomo\u015bci.","publisher":{"@id":"https:\/\/www.hsymachinery.com\/#organization"},"potentialAction":[{"@type":"SearchAction","target":{"@type":"EntryPoint","urlTemplate":"https:\/\/www.hsymachinery.com\/?s={search_term_string}"},"query-input":{"@type":"PropertyValueSpecification","valueRequired":true,"valueName":"search_term_string"}}],"inLanguage":"pl-PL"},{"@type":"Organization","@id":"https:\/\/www.hsymachinery.com\/#organization","name":"HSY Construction Machinery","url":"https:\/\/www.hsymachinery.com\/","logo":{"@type":"ImageObject","inLanguage":"pl-PL","@id":"https:\/\/www.hsymachinery.com\/#\/schema\/logo\/image\/","url":"https:\/\/www.hsymachinery.com\/wp-content\/uploads\/2025\/06\/cropped-HSY-machinery.png","contentUrl":"https:\/\/www.hsymachinery.com\/wp-content\/uploads\/2025\/06\/cropped-HSY-machinery.png","width":600,"height":240,"caption":"HSY Construction Machinery"},"image":{"@id":"https:\/\/www.hsymachinery.com\/#\/schema\/logo\/image\/"}}]}},"_links":{"self":[{"href":"https:\/\/www.hsymachinery.com\/pl\/wp-json\/wp\/v2\/product\/9035","targetHints":{"allow":["GET"]}}],"collection":[{"href":"https:\/\/www.hsymachinery.com\/pl\/wp-json\/wp\/v2\/product"}],"about":[{"href":"https:\/\/www.hsymachinery.com\/pl\/wp-json\/wp\/v2\/types\/product"}],"version-history":[{"count":3,"href":"https:\/\/www.hsymachinery.com\/pl\/wp-json\/wp\/v2\/product\/9035\/revisions"}],"predecessor-version":[{"id":9464,"href":"https:\/\/www.hsymachinery.com\/pl\/wp-json\/wp\/v2\/product\/9035\/revisions\/9464"}],"wp:featuredmedia":[{"embeddable":true,"href":"https:\/\/www.hsymachinery.com\/pl\/wp-json\/wp\/v2\/media\/9036"}],"wp:attachment":[{"href":"https:\/\/www.hsymachinery.com\/pl\/wp-json\/wp\/v2\/media?parent=9035"}],"wp:term":[{"taxonomy":"product_brand","embeddable":true,"href":"https:\/\/www.hsymachinery.com\/pl\/wp-json\/wp\/v2\/product_brand?post=9035"},{"taxonomy":"product_cat","embeddable":true,"href":"https:\/\/www.hsymachinery.com\/pl\/wp-json\/wp\/v2\/product_cat?post=9035"},{"taxonomy":"product_tag","embeddable":true,"href":"https:\/\/www.hsymachinery.com\/pl\/wp-json\/wp\/v2\/product_tag?post=9035"}],"curies":[{"name":"wp","href":"https:\/\/api.w.org\/{rel}","templated":true}]}}