{"id":9030,"date":"2025-06-18T14:39:16","date_gmt":"2025-06-18T06:39:16","guid":{"rendered":"https:\/\/www.hsymachinery.com\/?post_type=product&#038;p=9030"},"modified":"2025-06-28T11:42:45","modified_gmt":"2025-06-28T03:42:45","slug":"piecioglowicowa-gietarka-strzemion-zbrojeniowych-gff-18","status":"publish","type":"product","link":"https:\/\/www.hsymachinery.com\/pl\/product\/piecioglowicowa-gietarka-strzemion-zbrojeniowych-gff-18\/","title":{"rendered":"Pi\u0119ciog\u0142owicowa maszyna do gi\u0119cia pr\u0119t\u00f3w zbrojeniowych GFF-18"},"content":{"rendered":"<h2 data-start=\"117\" data-end=\"171\">Pi\u0119ciog\u0142owicowa maszyna do gi\u0119cia pr\u0119t\u00f3w zbrojeniowych GFF-18<\/h2>\n<h3 data-start=\"172\" data-end=\"271\">GFF-18 Pi\u0119ciog\u0142owicowa gi\u0119tarka do pr\u0119t\u00f3w zbrojeniowych | Szybkobie\u017cna maszyna CNC do formowania pr\u0119t\u00f3w zbrojeniowych 6-18 mm<\/h3>\n<h3 data-start=\"278\" data-end=\"345\">Przegl\u0105d produkt\u00f3w - Szybko\u015b\u0107, dok\u0142adno\u015b\u0107 i wydajno\u015b\u0107 na wielu zakr\u0119tach<a href=\"https:\/\/www.hsymachinery.com\/pl\/produkty\/piecioglowicowa-maszyna-do-giecia-strzemion-zbrojeniowych\/\" target=\"_blank\" rel=\"noopener\"><img fetchpriority=\"high\" decoding=\"async\" class=\"wp-image-9456 alignright\" src=\"https:\/\/www.hsymachinery.com\/wp-content\/uploads\/2025\/06\/CNC-Stirrup-Bending-Equipment-225x300.jpg\" alt=\"\" width=\"400\" height=\"533\" srcset=\"https:\/\/www.hsymachinery.com\/wp-content\/uploads\/2025\/06\/CNC-Stirrup-Bending-Equipment-225x300.jpg 225w, https:\/\/www.hsymachinery.com\/wp-content\/uploads\/2025\/06\/CNC-Stirrup-Bending-Equipment-768x1024.jpg 768w, https:\/\/www.hsymachinery.com\/wp-content\/uploads\/2025\/06\/CNC-Stirrup-Bending-Equipment-600x800.jpg 600w, https:\/\/www.hsymachinery.com\/wp-content\/uploads\/2025\/06\/CNC-Stirrup-Bending-Equipment.jpg 800w\" sizes=\"(max-width: 400px) 100vw, 400px\" \/><\/a><\/h3>\n<p data-start=\"347\" data-end=\"741\">The <strong data-start=\"351\" data-end=\"401\">Pi\u0119ciog\u0142owicowa maszyna do gi\u0119cia pr\u0119t\u00f3w zbrojeniowych GFF-18<\/strong> to wysokowydajna maszyna zaprojektowana do precyzyjnego gi\u0119cia pr\u0119t\u00f3w stalowych o grubo\u015bci od 6 mm do 18 mm w strzemiona i z\u0142o\u017cone kszta\u0142ty. Posiada pi\u0119\u0107 niezale\u017cnych g\u0142owic gn\u0105cych, kt\u00f3re umo\u017cliwiaj\u0105 jednoczesne lub sekwencyjne gi\u0119cie, znacznie zwi\u0119kszaj\u0105c produktywno\u015b\u0107 w zak\u0142adach prefabrykacji, fabrykach pr\u0119t\u00f3w zbrojeniowych i na placach budowy.<\/p>\n<p data-start=\"743\" data-end=\"916\">Dzi\u0119ki programowalnemu sterownikowi logicznemu (PLC) i automatycznemu dzia\u0142aniu, maszyna ta znacznie zmniejsza nak\u0142ad pracy r\u0119cznej, jednocze\u015bnie poprawiaj\u0105c dok\u0142adno\u015b\u0107 kszta\u0142tu i szybko\u015b\u0107 produkcji.<\/p>\n<h3 data-start=\"923\" data-end=\"980\">Elastyczna obs\u0142uga wielu g\u0142owic z niezawodn\u0105 moc\u0105 wyj\u015bciow\u0105<\/h3>\n<p data-start=\"982\" data-end=\"1308\">Ka\u017cda z pi\u0119ciu g\u0142owic gn\u0105cych dzia\u0142a z niezale\u017cnymi silnikami i zsynchronizowanym ruchem, oferuj\u0105c elastyczno\u015b\u0107 gi\u0119cia wielu strzemion jednocze\u015bnie lub wykonywania skomplikowanych k\u0105t\u00f3w w szybkim tempie. Maszyn\u0119 mo\u017cna zaprogramowa\u0107 dla r\u00f3\u017cnych kszta\u0142t\u00f3w i rozmiar\u00f3w, dostosowuj\u0105c parametry bezpo\u015brednio z wbudowanego panelu sterowania.<\/p>\n<p data-start=\"1310\" data-end=\"1558\">Wzmocnione ramiona gn\u0105ce, precyzyjne serwomotory i wytrzyma\u0142e rolki zapewniaj\u0105 sp\u00f3jno\u015b\u0107 w operacjach o du\u017cej obj\u0119to\u015bci. Niezale\u017cnie od tego, czy produkujesz kwadratowe, prostok\u0105tne, czy niestandardowe projekty strzemion, GFF-18 zapewnia niezr\u00f3wnan\u0105 wydajno\u015b\u0107.<\/p>\n<h3 data-start=\"1565\" data-end=\"1617\">Wytrzyma\u0142a konstrukcja ze stabilno\u015bci\u0105 klasy przemys\u0142owej<\/h3>\n<p data-start=\"1619\" data-end=\"1954\">GFF-18 jest zbudowany na wytrzyma\u0142ej stalowej ramie, kt\u00f3ra jest odporna na wibracje i odkszta\u0142cenia podczas pracy z du\u017c\u0105 pr\u0119dko\u015bci\u0105. Zaprojektowany z my\u015bl\u0105 o \u0142atwej konserwacji i d\u0142ugiej \u017cywotno\u015bci, zawiera automatyczny system smarowania i wy\u015bwietlacz alarmu b\u0142\u0119du. Obs\u0142uguje napi\u0119cie tr\u00f3jfazowe (zwykle 380 V, z mo\u017cliwo\u015bci\u0105 dostosowania) do globalnego eksportu.<\/p>\n<p data-start=\"1956\" data-end=\"2082\">Maszyna ta jest idealna do seryjnej produkcji strzemion, pomagaj\u0105c producentom z \u0142atwo\u015bci\u0105 sprosta\u0107 wymagaj\u0105cym harmonogramom budowy.<\/p>\n<h3 data-start=\"2089\" data-end=\"2151\">Kluczowe cechy pi\u0119ciog\u0142owicowej gi\u0119tarki do strzemion GFF-18<\/h3>\n<ul data-start=\"2153\" data-end=\"2472\">\n<li data-start=\"2153\" data-end=\"2208\">\n<p data-start=\"2155\" data-end=\"2208\">Gi\u0119cie pr\u0119t\u00f3w zbrojeniowych 6-18 mm w strzemiona i skomplikowane kszta\u0142ty<\/p>\n<\/li>\n<li data-start=\"2209\" data-end=\"2277\">\n<p data-start=\"2211\" data-end=\"2277\">Posiada pi\u0119\u0107 zsynchronizowanych g\u0142owic gn\u0105cych do formowania wielopunktowego<\/p>\n<\/li>\n<li data-start=\"2278\" data-end=\"2335\">\n<p data-start=\"2280\" data-end=\"2335\">Wyposa\u017cony w inteligentny sterownik PLC i panel dotykowy<\/p>\n<\/li>\n<li data-start=\"2336\" data-end=\"2399\">\n<p data-start=\"2338\" data-end=\"2399\">Wytrzyma\u0142a rama, automatyczne smarowanie i diagnostyka b\u0142\u0119d\u00f3w<\/p>\n<\/li>\n<li data-start=\"2400\" data-end=\"2472\">\n<p data-start=\"2402\" data-end=\"2472\">Nadaje si\u0119 do prefabrykacji na du\u017c\u0105 skal\u0119 i obr\u00f3bki zbrojenia<\/p>\n<\/li>\n<\/ul>\n<p><iframe title=\"Gi\u0119tarka do pr\u0119t\u00f3w zbrojeniowych, gi\u0119tarka do strzemion, gi\u0119tarka do strzemion, gi\u0119tarka do pr\u0119t\u00f3w zbrojeniowych, maszyna do pr\u0119t\u00f3w zbrojeniowych\" width=\"720\" height=\"405\" src=\"https:\/\/www.youtube.com\/embed\/Xle14Q0gqpc?feature=oembed\" frameborder=\"0\" allow=\"accelerometer; autoplay; clipboard-write; encrypted-media; gyroscope; picture-in-picture; web-share\" referrerpolicy=\"strict-origin-when-cross-origin\" allowfullscreen><\/iframe><\/p>","protected":false},"excerpt":{"rendered":"<p>Maszyna do gi\u0119cia strzemion GFF-18 wykorzystuje pi\u0119\u0107 zsynchronizowanych g\u0142owic do wydajnego gi\u0119cia pr\u0119t\u00f3w zbrojeniowych 6-18 mm w strzemiona. Idealna do szybkich, wysokonak\u0142adowych linii produkcyjnych.<\/p>","protected":false},"featured_media":9033,"template":"","meta":{"_kad_post_transparent":"default","_kad_post_title":"","_kad_post_layout":"default","_kad_post_sidebar_id":"","_kad_post_content_style":"default","_kad_post_vertical_padding":"default","_kad_post_feature":"","_kad_post_feature_position":"","_kad_post_header":false,"_kad_post_footer":false},"product_brand":[],"product_cat":[60],"product_tag":[1039,1036,1038,1037,1035,1041,1040],"class_list":{"0":"post-9030","1":"product","2":"type-product","3":"status-publish","4":"has-post-thumbnail","6":"product_cat-five-head-rebar-stirrup-bending-machine","7":"product_tag-5-head-rebar-bender-for-stirrup","8":"product_tag-automatic-stirrup-bender-with-five-heads","9":"product_tag-cnc-stirrup-bending-equipment","10":"product_tag-high-speed-rebar-stirrup-machine","11":"product_tag-multi-head-rebar-stirrup-bending-machine","12":"product_tag-rebar-stirrup-forming-machine","13":"product_tag-steel-bar-stirrup-making-machine","15":"first","16":"instock","17":"shipping-taxable","18":"product-type-simple","19":"entry","20":"content-bg","21":"loop-entry"},"yoast_head":"<!-- This site is optimized with the Yoast SEO plugin v25.3.1 - https:\/\/yoast.com\/wordpress\/plugins\/seo\/ -->\n<title>Five-Head Rebar Stirrup Bending Machine GFF-18 - HSY Construction Machinery<\/title>\n<meta name=\"description\" content=\"GFF-18 Five-Head Stirrup Bending Machine bends 6\u201318mm rebar into stirrups with speed and precision. Features PLC control and multi-head efficiency.\" \/>\n<meta name=\"robots\" content=\"index, follow, max-snippet:-1, max-image-preview:large, max-video-preview:-1\" \/>\n<link rel=\"canonical\" href=\"https:\/\/www.hsymachinery.com\/pl\/product\/piecioglowicowa-gietarka-strzemion-zbrojeniowych-gff-18\/\" \/>\n<meta property=\"og:locale\" content=\"pl_PL\" \/>\n<meta property=\"og:type\" content=\"article\" \/>\n<meta property=\"og:title\" content=\"Five-Head Rebar Stirrup Bending Machine GFF-18 - HSY Construction Machinery\" \/>\n<meta property=\"og:description\" content=\"GFF-18 Five-Head Stirrup Bending Machine bends 6\u201318mm rebar into stirrups with speed and precision. Features PLC control and multi-head efficiency.\" \/>\n<meta property=\"og:url\" content=\"https:\/\/www.hsymachinery.com\/pl\/product\/piecioglowicowa-gietarka-strzemion-zbrojeniowych-gff-18\/\" \/>\n<meta property=\"og:site_name\" content=\"HSY Construction Machinery\" \/>\n<meta property=\"article:modified_time\" content=\"2025-06-28T03:42:45+00:00\" \/>\n<meta property=\"og:image\" content=\"https:\/\/www.hsymachinery.com\/wp-content\/uploads\/2025\/06\/Five-Head-Rebar-Stirrup-Bending-Machine-GFF-18-e1750229454438.jpg\" \/>\n\t<meta property=\"og:image:width\" content=\"600\" \/>\n\t<meta property=\"og:image:height\" content=\"600\" \/>\n\t<meta property=\"og:image:type\" content=\"image\/jpeg\" \/>\n<meta name=\"twitter:card\" content=\"summary_large_image\" \/>\n<meta name=\"twitter:label1\" content=\"Szacowany czas czytania\" \/>\n\t<meta name=\"twitter:data1\" content=\"2 minuty\" \/>\n<script type=\"application\/ld+json\" class=\"yoast-schema-graph\">{\"@context\":\"https:\/\/schema.org\",\"@graph\":[{\"@type\":\"WebPage\",\"@id\":\"https:\/\/www.hsymachinery.com\/product\/five-head-rebar-stirrup-bending-machine-gff-18\/\",\"url\":\"https:\/\/www.hsymachinery.com\/product\/five-head-rebar-stirrup-bending-machine-gff-18\/\",\"name\":\"Five-Head Rebar Stirrup Bending Machine GFF-18 - HSY Construction Machinery\",\"isPartOf\":{\"@id\":\"https:\/\/www.hsymachinery.com\/#website\"},\"primaryImageOfPage\":{\"@id\":\"https:\/\/www.hsymachinery.com\/product\/five-head-rebar-stirrup-bending-machine-gff-18\/#primaryimage\"},\"image\":{\"@id\":\"https:\/\/www.hsymachinery.com\/product\/five-head-rebar-stirrup-bending-machine-gff-18\/#primaryimage\"},\"thumbnailUrl\":\"https:\/\/www.hsymachinery.com\/wp-content\/uploads\/2025\/06\/Five-Head-Rebar-Stirrup-Bending-Machine-GFF-18-e1750229454438.jpg\",\"datePublished\":\"2025-06-18T06:39:16+00:00\",\"dateModified\":\"2025-06-28T03:42:45+00:00\",\"description\":\"GFF-18 Five-Head Stirrup Bending Machine bends 6\u201318mm rebar into stirrups with speed and precision. Features PLC control and multi-head efficiency.\",\"breadcrumb\":{\"@id\":\"https:\/\/www.hsymachinery.com\/product\/five-head-rebar-stirrup-bending-machine-gff-18\/#breadcrumb\"},\"inLanguage\":\"pl-PL\",\"potentialAction\":[{\"@type\":\"ReadAction\",\"target\":[\"https:\/\/www.hsymachinery.com\/product\/five-head-rebar-stirrup-bending-machine-gff-18\/\"]}]},{\"@type\":\"ImageObject\",\"inLanguage\":\"pl-PL\",\"@id\":\"https:\/\/www.hsymachinery.com\/product\/five-head-rebar-stirrup-bending-machine-gff-18\/#primaryimage\",\"url\":\"https:\/\/www.hsymachinery.com\/wp-content\/uploads\/2025\/06\/Five-Head-Rebar-Stirrup-Bending-Machine-GFF-18-e1750229454438.jpg\",\"contentUrl\":\"https:\/\/www.hsymachinery.com\/wp-content\/uploads\/2025\/06\/Five-Head-Rebar-Stirrup-Bending-Machine-GFF-18-e1750229454438.jpg\",\"width\":600,\"height\":600},{\"@type\":\"BreadcrumbList\",\"@id\":\"https:\/\/www.hsymachinery.com\/product\/five-head-rebar-stirrup-bending-machine-gff-18\/#breadcrumb\",\"itemListElement\":[{\"@type\":\"ListItem\",\"position\":1,\"name\":\"home\",\"item\":\"https:\/\/www.hsymachinery.com\/\"},{\"@type\":\"ListItem\",\"position\":2,\"name\":\"products\",\"item\":\"https:\/\/www.hsymachinery.com\/products\/\"},{\"@type\":\"ListItem\",\"position\":3,\"name\":\"Five-Head Rebar Stirrup Bending Machine GFF-18\"}]},{\"@type\":\"WebSite\",\"@id\":\"https:\/\/www.hsymachinery.com\/#website\",\"url\":\"https:\/\/www.hsymachinery.com\/\",\"name\":\"HSY Construction Machinery\",\"description\":\"HSY Machinery \u2013 A leading China construction machinery supplier, offering a wide range of light construction equipment. Our main products include Rebar Cutting Machine, Rebar Bending Machine, Rebar Stirrup Bending Machine, Rebar Arc Bending Machine, Rebar Straightening Machine, Five-Head Rebar Stirrup Bending Machine, Tamping Rammer, Plate Compactor, Concrete Cutter, Power Trowel, and other construction machinery. We are equipped with advanced CNC machines, and we enforce strict quality inspection standards along with comprehensive after-sales service. If you are interested in our products or services, we warmly welcome your inquiries via message.\",\"publisher\":{\"@id\":\"https:\/\/www.hsymachinery.com\/#organization\"},\"potentialAction\":[{\"@type\":\"SearchAction\",\"target\":{\"@type\":\"EntryPoint\",\"urlTemplate\":\"https:\/\/www.hsymachinery.com\/?s={search_term_string}\"},\"query-input\":{\"@type\":\"PropertyValueSpecification\",\"valueRequired\":true,\"valueName\":\"search_term_string\"}}],\"inLanguage\":\"pl-PL\"},{\"@type\":\"Organization\",\"@id\":\"https:\/\/www.hsymachinery.com\/#organization\",\"name\":\"HSY Construction Machinery\",\"url\":\"https:\/\/www.hsymachinery.com\/\",\"logo\":{\"@type\":\"ImageObject\",\"inLanguage\":\"pl-PL\",\"@id\":\"https:\/\/www.hsymachinery.com\/#\/schema\/logo\/image\/\",\"url\":\"https:\/\/www.hsymachinery.com\/wp-content\/uploads\/2025\/06\/cropped-HSY-machinery.png\",\"contentUrl\":\"https:\/\/www.hsymachinery.com\/wp-content\/uploads\/2025\/06\/cropped-HSY-machinery.png\",\"width\":600,\"height\":240,\"caption\":\"HSY Construction Machinery\"},\"image\":{\"@id\":\"https:\/\/www.hsymachinery.com\/#\/schema\/logo\/image\/\"}}]}<\/script>\n<!-- \/ Yoast SEO plugin. -->","yoast_head_json":{"title":"Pi\u0119ciog\u0142owicowa maszyna do gi\u0119cia pr\u0119t\u00f3w zbrojeniowych GFF-18 - HSY Construction Machinery","description":"Pi\u0119ciog\u0142owicowa maszyna do gi\u0119cia strzemion GFF-18 wygina pr\u0119ty zbrojeniowe 6-18 mm w strzemiona z szybko\u015bci\u0105 i precyzj\u0105. Charakteryzuje si\u0119 sterowaniem PLC i wydajno\u015bci\u0105 wielog\u0142owicow\u0105.","robots":{"index":"index","follow":"follow","max-snippet":"max-snippet:-1","max-image-preview":"max-image-preview:large","max-video-preview":"max-video-preview:-1"},"canonical":"https:\/\/www.hsymachinery.com\/pl\/product\/piecioglowicowa-gietarka-strzemion-zbrojeniowych-gff-18\/","og_locale":"pl_PL","og_type":"article","og_title":"Five-Head Rebar Stirrup Bending Machine GFF-18 - HSY Construction Machinery","og_description":"GFF-18 Five-Head Stirrup Bending Machine bends 6\u201318mm rebar into stirrups with speed and precision. Features PLC control and multi-head efficiency.","og_url":"https:\/\/www.hsymachinery.com\/pl\/product\/piecioglowicowa-gietarka-strzemion-zbrojeniowych-gff-18\/","og_site_name":"HSY Construction Machinery","article_modified_time":"2025-06-28T03:42:45+00:00","og_image":[{"width":600,"height":600,"url":"https:\/\/www.hsymachinery.com\/wp-content\/uploads\/2025\/06\/Five-Head-Rebar-Stirrup-Bending-Machine-GFF-18-e1750229454438.jpg","type":"image\/jpeg"}],"twitter_card":"summary_large_image","twitter_misc":{"Szacowany czas czytania":"2 minuty"},"schema":{"@context":"https:\/\/schema.org","@graph":[{"@type":"WebPage","@id":"https:\/\/www.hsymachinery.com\/product\/five-head-rebar-stirrup-bending-machine-gff-18\/","url":"https:\/\/www.hsymachinery.com\/product\/five-head-rebar-stirrup-bending-machine-gff-18\/","name":"Pi\u0119ciog\u0142owicowa maszyna do gi\u0119cia pr\u0119t\u00f3w zbrojeniowych GFF-18 - HSY Construction Machinery","isPartOf":{"@id":"https:\/\/www.hsymachinery.com\/#website"},"primaryImageOfPage":{"@id":"https:\/\/www.hsymachinery.com\/product\/five-head-rebar-stirrup-bending-machine-gff-18\/#primaryimage"},"image":{"@id":"https:\/\/www.hsymachinery.com\/product\/five-head-rebar-stirrup-bending-machine-gff-18\/#primaryimage"},"thumbnailUrl":"https:\/\/www.hsymachinery.com\/wp-content\/uploads\/2025\/06\/Five-Head-Rebar-Stirrup-Bending-Machine-GFF-18-e1750229454438.jpg","datePublished":"2025-06-18T06:39:16+00:00","dateModified":"2025-06-28T03:42:45+00:00","description":"Pi\u0119ciog\u0142owicowa maszyna do gi\u0119cia strzemion GFF-18 wygina pr\u0119ty zbrojeniowe 6-18 mm w strzemiona z szybko\u015bci\u0105 i precyzj\u0105. Charakteryzuje si\u0119 sterowaniem PLC i wydajno\u015bci\u0105 wielog\u0142owicow\u0105.","breadcrumb":{"@id":"https:\/\/www.hsymachinery.com\/product\/five-head-rebar-stirrup-bending-machine-gff-18\/#breadcrumb"},"inLanguage":"pl-PL","potentialAction":[{"@type":"ReadAction","target":["https:\/\/www.hsymachinery.com\/product\/five-head-rebar-stirrup-bending-machine-gff-18\/"]}]},{"@type":"ImageObject","inLanguage":"pl-PL","@id":"https:\/\/www.hsymachinery.com\/product\/five-head-rebar-stirrup-bending-machine-gff-18\/#primaryimage","url":"https:\/\/www.hsymachinery.com\/wp-content\/uploads\/2025\/06\/Five-Head-Rebar-Stirrup-Bending-Machine-GFF-18-e1750229454438.jpg","contentUrl":"https:\/\/www.hsymachinery.com\/wp-content\/uploads\/2025\/06\/Five-Head-Rebar-Stirrup-Bending-Machine-GFF-18-e1750229454438.jpg","width":600,"height":600},{"@type":"BreadcrumbList","@id":"https:\/\/www.hsymachinery.com\/product\/five-head-rebar-stirrup-bending-machine-gff-18\/#breadcrumb","itemListElement":[{"@type":"ListItem","position":1,"name":"home","item":"https:\/\/www.hsymachinery.com\/"},{"@type":"ListItem","position":2,"name":"products","item":"https:\/\/www.hsymachinery.com\/products\/"},{"@type":"ListItem","position":3,"name":"Five-Head Rebar Stirrup Bending Machine GFF-18"}]},{"@type":"WebSite","@id":"https:\/\/www.hsymachinery.com\/#website","url":"https:\/\/www.hsymachinery.com\/","name":"HSY Construction Machinery","description":"HSY Machinery - wiod\u0105cy chi\u0144ski dostawca maszyn budowlanych, oferuj\u0105cy szerok\u0105 gam\u0119 lekkiego sprz\u0119tu budowlanego. Nasze g\u0142\u00f3wne produkty to maszyna do ci\u0119cia pr\u0119t\u00f3w zbrojeniowych, maszyna do gi\u0119cia pr\u0119t\u00f3w zbrojeniowych, maszyna do gi\u0119cia strzemion pr\u0119t\u00f3w zbrojeniowych, maszyna do gi\u0119cia \u0142uk\u00f3w pr\u0119t\u00f3w zbrojeniowych, maszyna do prostowania pr\u0119t\u00f3w zbrojeniowych, pi\u0119ciog\u0142owicowa maszyna do gi\u0119cia strzemion pr\u0119t\u00f3w zbrojeniowych, ubijak, zag\u0119szczarka p\u0142ytowa, przecinarka do betonu, zacieraczka mechaniczna i inne maszyny budowlane. Jeste\u015bmy wyposa\u017ceni w zaawansowane maszyny CNC i egzekwujemy surowe standardy kontroli jako\u015bci wraz z kompleksow\u0105 obs\u0142ug\u0105 posprzeda\u017cn\u0105. Je\u015bli jeste\u015b zainteresowany naszymi produktami lub us\u0142ugami, serdecznie zapraszamy do sk\u0142adania zapyta\u0144 za po\u015brednictwem wiadomo\u015bci.","publisher":{"@id":"https:\/\/www.hsymachinery.com\/#organization"},"potentialAction":[{"@type":"SearchAction","target":{"@type":"EntryPoint","urlTemplate":"https:\/\/www.hsymachinery.com\/?s={search_term_string}"},"query-input":{"@type":"PropertyValueSpecification","valueRequired":true,"valueName":"search_term_string"}}],"inLanguage":"pl-PL"},{"@type":"Organization","@id":"https:\/\/www.hsymachinery.com\/#organization","name":"HSY Construction Machinery","url":"https:\/\/www.hsymachinery.com\/","logo":{"@type":"ImageObject","inLanguage":"pl-PL","@id":"https:\/\/www.hsymachinery.com\/#\/schema\/logo\/image\/","url":"https:\/\/www.hsymachinery.com\/wp-content\/uploads\/2025\/06\/cropped-HSY-machinery.png","contentUrl":"https:\/\/www.hsymachinery.com\/wp-content\/uploads\/2025\/06\/cropped-HSY-machinery.png","width":600,"height":240,"caption":"HSY Construction Machinery"},"image":{"@id":"https:\/\/www.hsymachinery.com\/#\/schema\/logo\/image\/"}}]}},"_links":{"self":[{"href":"https:\/\/www.hsymachinery.com\/pl\/wp-json\/wp\/v2\/product\/9030","targetHints":{"allow":["GET"]}}],"collection":[{"href":"https:\/\/www.hsymachinery.com\/pl\/wp-json\/wp\/v2\/product"}],"about":[{"href":"https:\/\/www.hsymachinery.com\/pl\/wp-json\/wp\/v2\/types\/product"}],"version-history":[{"count":7,"href":"https:\/\/www.hsymachinery.com\/pl\/wp-json\/wp\/v2\/product\/9030\/revisions"}],"predecessor-version":[{"id":9462,"href":"https:\/\/www.hsymachinery.com\/pl\/wp-json\/wp\/v2\/product\/9030\/revisions\/9462"}],"wp:featuredmedia":[{"embeddable":true,"href":"https:\/\/www.hsymachinery.com\/pl\/wp-json\/wp\/v2\/media\/9033"}],"wp:attachment":[{"href":"https:\/\/www.hsymachinery.com\/pl\/wp-json\/wp\/v2\/media?parent=9030"}],"wp:term":[{"taxonomy":"product_brand","embeddable":true,"href":"https:\/\/www.hsymachinery.com\/pl\/wp-json\/wp\/v2\/product_brand?post=9030"},{"taxonomy":"product_cat","embeddable":true,"href":"https:\/\/www.hsymachinery.com\/pl\/wp-json\/wp\/v2\/product_cat?post=9030"},{"taxonomy":"product_tag","embeddable":true,"href":"https:\/\/www.hsymachinery.com\/pl\/wp-json\/wp\/v2\/product_tag?post=9030"}],"curies":[{"name":"wp","href":"https:\/\/api.w.org\/{rel}","templated":true}]}}