{"id":9020,"date":"2025-06-18T14:21:32","date_gmt":"2025-06-18T06:21:32","guid":{"rendered":"https:\/\/www.hsymachinery.com\/?post_type=product&#038;p=9020"},"modified":"2025-06-28T00:40:55","modified_gmt":"2025-06-27T16:40:55","slug":"maszyna-do-prostowania-pretow-zbrojeniowych-gtf4-14","status":"publish","type":"product","link":"https:\/\/www.hsymachinery.com\/pl\/product\/maszyna-do-prostowania-pretow-zbrojeniowych-gtf4-14\/","title":{"rendered":"Maszyna do prostowania pr\u0119t\u00f3w zbrojeniowych GTF4-14"},"content":{"rendered":"<h2 data-start=\"171\" data-end=\"214\">Maszyna do prostowania pr\u0119t\u00f3w zbrojeniowych GTF4-14<\/h2>\n<h3 data-start=\"215\" data-end=\"348\">GTF4-14 Maszyna do prostowania pr\u0119t\u00f3w zbrojeniowych o zmiennej cz\u0119stotliwo\u015bci dla pr\u0119t\u00f3w stalowych 4-14 mm | Prostownica do cewek o du\u017cej pr\u0119dko\u015bci ze sterowaniem falownikiem<\/h3>\n<h3 data-start=\"355\" data-end=\"432\">Przegl\u0105d produkt\u00f3w - Inteligentne prostowanie z regulacj\u0105 cz\u0119stotliwo\u015bci<\/h3>\n<p data-start=\"434\" data-end=\"843\">The <strong data-start=\"438\" data-end=\"477\"><a href=\"https:\/\/www.hsymachinery.com\/pl\/produkty\/maszyna-do-prostowania-pretow-zbrojeniowych\/\" target=\"_blank\" rel=\"noopener\">Maszyna do prostowania pr\u0119t\u00f3w zbrojeniowych<\/a> GTF4-14<\/strong> \u0142\u0105czy w sobie wysok\u0105 wydajno\u015b\u0107 z zaawansowan\u0105 regulacj\u0105 cz\u0119stotliwo\u015bci, umo\u017cliwiaj\u0105c u\u017cytkownikom precyzyjne i energooszcz\u0119dne prostowanie stalowych pr\u0119t\u00f3w o \u015brednicy od 4 mm do 14 mm. Model ten doskonale nadaje si\u0119 do du\u017cych plac\u00f3w budowy, centr\u00f3w przetwarzania pr\u0119t\u00f3w zbrojeniowych i prefabrykowanych linii produkcyjnych, gdzie elastyczna pr\u0119dko\u015b\u0107 i niezawodna wydajno\u015b\u0107 maj\u0105 kluczowe znaczenie.<\/p>\n<p data-start=\"845\" data-end=\"977\">Dzi\u0119ki zintegrowaniu technologii inwerterowej, oferuje on regulacj\u0119 pr\u0119dko\u015bci i mniejsze obci\u0105\u017cenie silnika podczas rozruchu i pracy.<\/p>\n<h3 data-start=\"984\" data-end=\"1040\">Pr\u0119dko\u015b\u0107 sterowana falownikiem z wyj\u015bciem o wysokim momencie obrotowym<\/h3>\n<p data-start=\"1042\" data-end=\"1299\">Wyposa\u017cona w nap\u0119d o zmiennej cz\u0119stotliwo\u015bci (VFD), GTF4-14 umo\u017cliwia p\u0142ynn\u0105 kontrol\u0119 pr\u0119dko\u015bci prostowania. Operatorzy mog\u0105 regulowa\u0107 pr\u0119dko\u015b\u0107 posuwu w czasie rzeczywistym, aby dopasowa\u0107 j\u0105 do r\u00f3\u017cnych typ\u00f3w pr\u0119t\u00f3w, poprawiaj\u0105c wydajno\u015b\u0107 produkcji i minimalizuj\u0105c zu\u017cycie komponent\u00f3w.<\/p>\n<p data-start=\"1301\" data-end=\"1559\">Precyzyjny system rolek zapewnia, \u017ce ka\u017cdy pr\u0119t wychodzi prosty i jednolity. Silnik o wysokim momencie obrotowym w po\u0142\u0105czeniu z falownikiem zapewnia stabiln\u0105 si\u0142\u0119 ci\u0105gni\u0119cia nawet przy du\u017cym obci\u0105\u017ceniu, dzi\u0119ki czemu maszyna nadaje si\u0119 zar\u00f3wno do pr\u0119t\u00f3w ze stali mi\u0119kkiej, jak i o wysokiej wytrzyma\u0142o\u015bci.<\/p>\n<h3 data-start=\"1566\" data-end=\"1616\">Solidna rama i globalna kompatybilno\u015b\u0107 zasilania<\/h3>\n<p data-start=\"1618\" data-end=\"1886\">Wytrzyma\u0142a stalowa rama poch\u0142ania wibracje podczas ci\u0105g\u0142ej pracy, zapewniaj\u0105c d\u0142ug\u0105 \u017cywotno\u015b\u0107 i stabiln\u0105 wydajno\u015b\u0107. Pomimo mocnej konstrukcji, GTF4-14 ma kompaktowy uk\u0142ad, odpowiedni do instalacji w ciasnych warsztatach lub mobilnych konfiguracjach terenowych.<\/p>\n<p data-start=\"1888\" data-end=\"1994\">Obs\u0142uguje podw\u00f3jne napi\u0119cie (220V\/380V, 50Hz\/60Hz), dzi\u0119ki czemu jest gotowy do eksportu na r\u00f3\u017cne rynki \u015bwiatowe.<\/p>\n<h3 data-start=\"2001\" data-end=\"2058\">Kluczowe cechy prostownicy do pr\u0119t\u00f3w zbrojeniowych GTF4-14<\/h3>\n<ul data-start=\"2060\" data-end=\"2350\">\n<li data-start=\"2060\" data-end=\"2120\">\n<p data-start=\"2062\" data-end=\"2120\">Prostuje pr\u0119ty stalowe o \u015brednicy 4-14 mm z du\u017c\u0105 precyzj\u0105<\/p>\n<\/li>\n<li data-start=\"2121\" data-end=\"2186\">\n<p data-start=\"2123\" data-end=\"2186\">Cechy <strong data-start=\"2132\" data-end=\"2166\">nap\u0119d o zmiennej cz\u0119stotliwo\u015bci (VFD)<\/strong> do kontroli pr\u0119dko\u015bci<\/p>\n<\/li>\n<li data-start=\"2187\" data-end=\"2248\">\n<p data-start=\"2189\" data-end=\"2248\">Idealny do przemys\u0142owego i eksportowego przetwarzania pr\u0119t\u00f3w zbrojeniowych<\/p>\n<\/li>\n<li data-start=\"2249\" data-end=\"2304\">\n<p data-start=\"2251\" data-end=\"2304\">Mocny system trakcji i regulowany uk\u0142ad rolek<\/p>\n<\/li>\n<li data-start=\"2305\" data-end=\"2350\">\n<p data-start=\"2307\" data-end=\"2350\">Kompaktowa, wytrzyma\u0142a i gotowa do eksportu konstrukcja<\/p>\n<\/li>\n<\/ul>\n<p><iframe title=\"Prostownica do pr\u0119t\u00f3w zbrojeniowych. Przecinarka pr\u0119t\u00f3w zbrojeniowych. Maszyna do ci\u0119cia pr\u0119t\u00f3w zbrojeniowych. 1TP10Przecinarka do pr\u0119t\u00f3w zbrojeniowych 1TP10Przecinarka do pr\u0119t\u00f3w zbrojeniowych\" width=\"720\" height=\"405\" src=\"https:\/\/www.youtube.com\/embed\/7FKkySPeKVQ?feature=oembed\" frameborder=\"0\" allow=\"accelerometer; autoplay; clipboard-write; encrypted-media; gyroscope; picture-in-picture; web-share\" referrerpolicy=\"strict-origin-when-cross-origin\" allowfullscreen><\/iframe><\/p>","protected":false},"excerpt":{"rendered":"<p>Maszyna do prostowania pr\u0119t\u00f3w zbrojeniowych GTF4-14 prostuje pr\u0119ty o \u015brednicy 4-14 mm z pr\u0119dko\u015bci\u0105 sterowan\u0105 falownikiem. Zbudowana z my\u015bl\u0105 o wysokiej wydajno\u015bci w sektorach budownictwa i prefabrykacji.<\/p>","protected":false},"featured_media":9021,"template":"","meta":{"_kad_post_transparent":"default","_kad_post_title":"","_kad_post_layout":"default","_kad_post_sidebar_id":"","_kad_post_content_style":"default","_kad_post_vertical_padding":"default","_kad_post_feature":"","_kad_post_feature_position":"","_kad_post_header":false,"_kad_post_footer":false},"product_brand":[],"product_cat":[62],"product_tag":[1026,1028,1030,1031,1034,1027,1032,1025,1029,1033],"class_list":{"0":"post-9020","1":"product","2":"type-product","3":"status-publish","4":"has-post-thumbnail","6":"product_cat-rebar-straightening-machine","7":"product_tag-automatic-rebar-straightener","8":"product_tag-cnc-rebar-straightening-equipment","9":"product_tag-coiled-rebar-straightening-machine","10":"product_tag-construction-bar-straightening-machine","11":"product_tag-high-speed-rebar-straightening-tool","12":"product_tag-hydraulic-rebar-straightening-machine","13":"product_tag-rebar-leveling-and-cutting-machine","14":"product_tag-steel-bar-straightening-machine","15":"product_tag-steel-wire-straightener-and-cutter","16":"product_tag-straightening-machine-for-steel-rods","18":"first","19":"instock","20":"featured","21":"shipping-taxable","22":"product-type-simple","23":"entry","24":"content-bg","25":"loop-entry"},"yoast_head":"<!-- This site is optimized with the Yoast SEO plugin v25.3.1 - https:\/\/yoast.com\/wordpress\/plugins\/seo\/ -->\n<title>Rebar Straightening Machine GTF4-14 - HSY Construction Machinery<\/title>\n<meta name=\"description\" content=\"Rebar Straightening Machine GTF4-14 with variable frequency control straightens 4\u201314mm bars. Ideal for industrial use with inverter technology and global voltage support.\" \/>\n<meta name=\"robots\" content=\"index, follow, max-snippet:-1, max-image-preview:large, max-video-preview:-1\" \/>\n<link rel=\"canonical\" href=\"https:\/\/www.hsymachinery.com\/pl\/product\/maszyna-do-prostowania-pretow-zbrojeniowych-gtf4-14\/\" \/>\n<meta property=\"og:locale\" content=\"pl_PL\" \/>\n<meta property=\"og:type\" content=\"article\" \/>\n<meta property=\"og:title\" content=\"Rebar Straightening Machine GTF4-14 - HSY Construction Machinery\" \/>\n<meta property=\"og:description\" content=\"Rebar Straightening Machine GTF4-14 with variable frequency control straightens 4\u201314mm bars. Ideal for industrial use with inverter technology and global voltage support.\" \/>\n<meta property=\"og:url\" content=\"https:\/\/www.hsymachinery.com\/pl\/product\/maszyna-do-prostowania-pretow-zbrojeniowych-gtf4-14\/\" \/>\n<meta property=\"og:site_name\" content=\"HSY Construction Machinery\" \/>\n<meta property=\"article:modified_time\" content=\"2025-06-27T16:40:55+00:00\" \/>\n<meta property=\"og:image\" content=\"https:\/\/www.hsymachinery.com\/wp-content\/uploads\/2025\/06\/Rebar-Straightening-Machine-GTF4-14.jpg\" \/>\n\t<meta property=\"og:image:width\" content=\"600\" \/>\n\t<meta property=\"og:image:height\" content=\"600\" \/>\n\t<meta property=\"og:image:type\" content=\"image\/jpeg\" \/>\n<meta name=\"twitter:card\" content=\"summary_large_image\" \/>\n<meta name=\"twitter:label1\" content=\"Szacowany czas czytania\" \/>\n\t<meta name=\"twitter:data1\" content=\"2 minuty\" \/>\n<script type=\"application\/ld+json\" class=\"yoast-schema-graph\">{\"@context\":\"https:\/\/schema.org\",\"@graph\":[{\"@type\":\"WebPage\",\"@id\":\"https:\/\/www.hsymachinery.com\/product\/rebar-straightening-machine-gtf4-14\/\",\"url\":\"https:\/\/www.hsymachinery.com\/product\/rebar-straightening-machine-gtf4-14\/\",\"name\":\"Rebar Straightening Machine GTF4-14 - HSY Construction Machinery\",\"isPartOf\":{\"@id\":\"https:\/\/www.hsymachinery.com\/#website\"},\"primaryImageOfPage\":{\"@id\":\"https:\/\/www.hsymachinery.com\/product\/rebar-straightening-machine-gtf4-14\/#primaryimage\"},\"image\":{\"@id\":\"https:\/\/www.hsymachinery.com\/product\/rebar-straightening-machine-gtf4-14\/#primaryimage\"},\"thumbnailUrl\":\"https:\/\/www.hsymachinery.com\/wp-content\/uploads\/2025\/06\/Rebar-Straightening-Machine-GTF4-14.jpg\",\"datePublished\":\"2025-06-18T06:21:32+00:00\",\"dateModified\":\"2025-06-27T16:40:55+00:00\",\"description\":\"Rebar Straightening Machine GTF4-14 with variable frequency control straightens 4\u201314mm bars. Ideal for industrial use with inverter technology and global voltage support.\",\"breadcrumb\":{\"@id\":\"https:\/\/www.hsymachinery.com\/product\/rebar-straightening-machine-gtf4-14\/#breadcrumb\"},\"inLanguage\":\"pl-PL\",\"potentialAction\":[{\"@type\":\"ReadAction\",\"target\":[\"https:\/\/www.hsymachinery.com\/product\/rebar-straightening-machine-gtf4-14\/\"]}]},{\"@type\":\"ImageObject\",\"inLanguage\":\"pl-PL\",\"@id\":\"https:\/\/www.hsymachinery.com\/product\/rebar-straightening-machine-gtf4-14\/#primaryimage\",\"url\":\"https:\/\/www.hsymachinery.com\/wp-content\/uploads\/2025\/06\/Rebar-Straightening-Machine-GTF4-14.jpg\",\"contentUrl\":\"https:\/\/www.hsymachinery.com\/wp-content\/uploads\/2025\/06\/Rebar-Straightening-Machine-GTF4-14.jpg\",\"width\":600,\"height\":600},{\"@type\":\"BreadcrumbList\",\"@id\":\"https:\/\/www.hsymachinery.com\/product\/rebar-straightening-machine-gtf4-14\/#breadcrumb\",\"itemListElement\":[{\"@type\":\"ListItem\",\"position\":1,\"name\":\"home\",\"item\":\"https:\/\/www.hsymachinery.com\/\"},{\"@type\":\"ListItem\",\"position\":2,\"name\":\"products\",\"item\":\"https:\/\/www.hsymachinery.com\/products\/\"},{\"@type\":\"ListItem\",\"position\":3,\"name\":\"Rebar Straightening Machine GTF4-14\"}]},{\"@type\":\"WebSite\",\"@id\":\"https:\/\/www.hsymachinery.com\/#website\",\"url\":\"https:\/\/www.hsymachinery.com\/\",\"name\":\"HSY Construction Machinery\",\"description\":\"HSY Machinery \u2013 A leading China construction machinery supplier, offering a wide range of light construction equipment. Our main products include Rebar Cutting Machine, Rebar Bending Machine, Rebar Stirrup Bending Machine, Rebar Arc Bending Machine, Rebar Straightening Machine, Five-Head Rebar Stirrup Bending Machine, Tamping Rammer, Plate Compactor, Concrete Cutter, Power Trowel, and other construction machinery. We are equipped with advanced CNC machines, and we enforce strict quality inspection standards along with comprehensive after-sales service. If you are interested in our products or services, we warmly welcome your inquiries via message.\",\"publisher\":{\"@id\":\"https:\/\/www.hsymachinery.com\/#organization\"},\"potentialAction\":[{\"@type\":\"SearchAction\",\"target\":{\"@type\":\"EntryPoint\",\"urlTemplate\":\"https:\/\/www.hsymachinery.com\/?s={search_term_string}\"},\"query-input\":{\"@type\":\"PropertyValueSpecification\",\"valueRequired\":true,\"valueName\":\"search_term_string\"}}],\"inLanguage\":\"pl-PL\"},{\"@type\":\"Organization\",\"@id\":\"https:\/\/www.hsymachinery.com\/#organization\",\"name\":\"HSY Construction Machinery\",\"url\":\"https:\/\/www.hsymachinery.com\/\",\"logo\":{\"@type\":\"ImageObject\",\"inLanguage\":\"pl-PL\",\"@id\":\"https:\/\/www.hsymachinery.com\/#\/schema\/logo\/image\/\",\"url\":\"https:\/\/www.hsymachinery.com\/wp-content\/uploads\/2025\/06\/cropped-HSY-machinery.png\",\"contentUrl\":\"https:\/\/www.hsymachinery.com\/wp-content\/uploads\/2025\/06\/cropped-HSY-machinery.png\",\"width\":600,\"height\":240,\"caption\":\"HSY Construction Machinery\"},\"image\":{\"@id\":\"https:\/\/www.hsymachinery.com\/#\/schema\/logo\/image\/\"}}]}<\/script>\n<!-- \/ Yoast SEO plugin. -->","yoast_head_json":{"title":"Maszyna do prostowania pr\u0119t\u00f3w zbrojeniowych GTF4-14 - HSY Construction Machinery","description":"Maszyna do prostowania pr\u0119t\u00f3w zbrojeniowych GTF4-14 z regulacj\u0105 cz\u0119stotliwo\u015bci prostuje pr\u0119ty 4-14 mm. Idealna do zastosowa\u0144 przemys\u0142owych z technologi\u0105 inwerterow\u0105 i obs\u0142ug\u0105 globalnego napi\u0119cia.","robots":{"index":"index","follow":"follow","max-snippet":"max-snippet:-1","max-image-preview":"max-image-preview:large","max-video-preview":"max-video-preview:-1"},"canonical":"https:\/\/www.hsymachinery.com\/pl\/product\/maszyna-do-prostowania-pretow-zbrojeniowych-gtf4-14\/","og_locale":"pl_PL","og_type":"article","og_title":"Rebar Straightening Machine GTF4-14 - HSY Construction Machinery","og_description":"Rebar Straightening Machine GTF4-14 with variable frequency control straightens 4\u201314mm bars. Ideal for industrial use with inverter technology and global voltage support.","og_url":"https:\/\/www.hsymachinery.com\/pl\/product\/maszyna-do-prostowania-pretow-zbrojeniowych-gtf4-14\/","og_site_name":"HSY Construction Machinery","article_modified_time":"2025-06-27T16:40:55+00:00","og_image":[{"width":600,"height":600,"url":"https:\/\/www.hsymachinery.com\/wp-content\/uploads\/2025\/06\/Rebar-Straightening-Machine-GTF4-14.jpg","type":"image\/jpeg"}],"twitter_card":"summary_large_image","twitter_misc":{"Szacowany czas czytania":"2 minuty"},"schema":{"@context":"https:\/\/schema.org","@graph":[{"@type":"WebPage","@id":"https:\/\/www.hsymachinery.com\/product\/rebar-straightening-machine-gtf4-14\/","url":"https:\/\/www.hsymachinery.com\/product\/rebar-straightening-machine-gtf4-14\/","name":"Maszyna do prostowania pr\u0119t\u00f3w zbrojeniowych GTF4-14 - HSY Construction Machinery","isPartOf":{"@id":"https:\/\/www.hsymachinery.com\/#website"},"primaryImageOfPage":{"@id":"https:\/\/www.hsymachinery.com\/product\/rebar-straightening-machine-gtf4-14\/#primaryimage"},"image":{"@id":"https:\/\/www.hsymachinery.com\/product\/rebar-straightening-machine-gtf4-14\/#primaryimage"},"thumbnailUrl":"https:\/\/www.hsymachinery.com\/wp-content\/uploads\/2025\/06\/Rebar-Straightening-Machine-GTF4-14.jpg","datePublished":"2025-06-18T06:21:32+00:00","dateModified":"2025-06-27T16:40:55+00:00","description":"Maszyna do prostowania pr\u0119t\u00f3w zbrojeniowych GTF4-14 z regulacj\u0105 cz\u0119stotliwo\u015bci prostuje pr\u0119ty 4-14 mm. Idealna do zastosowa\u0144 przemys\u0142owych z technologi\u0105 inwerterow\u0105 i obs\u0142ug\u0105 globalnego napi\u0119cia.","breadcrumb":{"@id":"https:\/\/www.hsymachinery.com\/product\/rebar-straightening-machine-gtf4-14\/#breadcrumb"},"inLanguage":"pl-PL","potentialAction":[{"@type":"ReadAction","target":["https:\/\/www.hsymachinery.com\/product\/rebar-straightening-machine-gtf4-14\/"]}]},{"@type":"ImageObject","inLanguage":"pl-PL","@id":"https:\/\/www.hsymachinery.com\/product\/rebar-straightening-machine-gtf4-14\/#primaryimage","url":"https:\/\/www.hsymachinery.com\/wp-content\/uploads\/2025\/06\/Rebar-Straightening-Machine-GTF4-14.jpg","contentUrl":"https:\/\/www.hsymachinery.com\/wp-content\/uploads\/2025\/06\/Rebar-Straightening-Machine-GTF4-14.jpg","width":600,"height":600},{"@type":"BreadcrumbList","@id":"https:\/\/www.hsymachinery.com\/product\/rebar-straightening-machine-gtf4-14\/#breadcrumb","itemListElement":[{"@type":"ListItem","position":1,"name":"home","item":"https:\/\/www.hsymachinery.com\/"},{"@type":"ListItem","position":2,"name":"products","item":"https:\/\/www.hsymachinery.com\/products\/"},{"@type":"ListItem","position":3,"name":"Rebar Straightening Machine GTF4-14"}]},{"@type":"WebSite","@id":"https:\/\/www.hsymachinery.com\/#website","url":"https:\/\/www.hsymachinery.com\/","name":"HSY Construction Machinery","description":"HSY Machinery - wiod\u0105cy chi\u0144ski dostawca maszyn budowlanych, oferuj\u0105cy szerok\u0105 gam\u0119 lekkiego sprz\u0119tu budowlanego. Nasze g\u0142\u00f3wne produkty to maszyna do ci\u0119cia pr\u0119t\u00f3w zbrojeniowych, maszyna do gi\u0119cia pr\u0119t\u00f3w zbrojeniowych, maszyna do gi\u0119cia strzemion pr\u0119t\u00f3w zbrojeniowych, maszyna do gi\u0119cia \u0142uk\u00f3w pr\u0119t\u00f3w zbrojeniowych, maszyna do prostowania pr\u0119t\u00f3w zbrojeniowych, pi\u0119ciog\u0142owicowa maszyna do gi\u0119cia strzemion pr\u0119t\u00f3w zbrojeniowych, ubijak, zag\u0119szczarka p\u0142ytowa, przecinarka do betonu, zacieraczka mechaniczna i inne maszyny budowlane. Jeste\u015bmy wyposa\u017ceni w zaawansowane maszyny CNC i egzekwujemy surowe standardy kontroli jako\u015bci wraz z kompleksow\u0105 obs\u0142ug\u0105 posprzeda\u017cn\u0105. Je\u015bli jeste\u015b zainteresowany naszymi produktami lub us\u0142ugami, serdecznie zapraszamy do sk\u0142adania zapyta\u0144 za po\u015brednictwem wiadomo\u015bci.","publisher":{"@id":"https:\/\/www.hsymachinery.com\/#organization"},"potentialAction":[{"@type":"SearchAction","target":{"@type":"EntryPoint","urlTemplate":"https:\/\/www.hsymachinery.com\/?s={search_term_string}"},"query-input":{"@type":"PropertyValueSpecification","valueRequired":true,"valueName":"search_term_string"}}],"inLanguage":"pl-PL"},{"@type":"Organization","@id":"https:\/\/www.hsymachinery.com\/#organization","name":"HSY Construction Machinery","url":"https:\/\/www.hsymachinery.com\/","logo":{"@type":"ImageObject","inLanguage":"pl-PL","@id":"https:\/\/www.hsymachinery.com\/#\/schema\/logo\/image\/","url":"https:\/\/www.hsymachinery.com\/wp-content\/uploads\/2025\/06\/cropped-HSY-machinery.png","contentUrl":"https:\/\/www.hsymachinery.com\/wp-content\/uploads\/2025\/06\/cropped-HSY-machinery.png","width":600,"height":240,"caption":"HSY Construction Machinery"},"image":{"@id":"https:\/\/www.hsymachinery.com\/#\/schema\/logo\/image\/"}}]}},"_links":{"self":[{"href":"https:\/\/www.hsymachinery.com\/pl\/wp-json\/wp\/v2\/product\/9020","targetHints":{"allow":["GET"]}}],"collection":[{"href":"https:\/\/www.hsymachinery.com\/pl\/wp-json\/wp\/v2\/product"}],"about":[{"href":"https:\/\/www.hsymachinery.com\/pl\/wp-json\/wp\/v2\/types\/product"}],"version-history":[{"count":3,"href":"https:\/\/www.hsymachinery.com\/pl\/wp-json\/wp\/v2\/product\/9020\/revisions"}],"predecessor-version":[{"id":9445,"href":"https:\/\/www.hsymachinery.com\/pl\/wp-json\/wp\/v2\/product\/9020\/revisions\/9445"}],"wp:featuredmedia":[{"embeddable":true,"href":"https:\/\/www.hsymachinery.com\/pl\/wp-json\/wp\/v2\/media\/9021"}],"wp:attachment":[{"href":"https:\/\/www.hsymachinery.com\/pl\/wp-json\/wp\/v2\/media?parent=9020"}],"wp:term":[{"taxonomy":"product_brand","embeddable":true,"href":"https:\/\/www.hsymachinery.com\/pl\/wp-json\/wp\/v2\/product_brand?post=9020"},{"taxonomy":"product_cat","embeddable":true,"href":"https:\/\/www.hsymachinery.com\/pl\/wp-json\/wp\/v2\/product_cat?post=9020"},{"taxonomy":"product_tag","embeddable":true,"href":"https:\/\/www.hsymachinery.com\/pl\/wp-json\/wp\/v2\/product_tag?post=9020"}],"curies":[{"name":"wp","href":"https:\/\/api.w.org\/{rel}","templated":true}]}}