{"id":9013,"date":"2025-06-18T14:18:53","date_gmt":"2025-06-18T06:18:53","guid":{"rendered":"https:\/\/www.hsymachinery.com\/?post_type=product&#038;p=9013"},"modified":"2025-06-28T00:29:56","modified_gmt":"2025-06-27T16:29:56","slug":"maszyna-do-prostowania-pretow-zbrojeniowych-gtu4-12a","status":"publish","type":"product","link":"https:\/\/www.hsymachinery.com\/pl\/product\/maszyna-do-prostowania-pretow-zbrojeniowych-gtu4-12a\/","title":{"rendered":"Maszyna do prostowania pr\u0119t\u00f3w zbrojeniowych GTU4-12A"},"content":{"rendered":"<h2 data-start=\"108\" data-end=\"152\">Maszyna do prostowania pr\u0119t\u00f3w zbrojeniowych GTU4-12A<\/h2>\n<h3 data-start=\"153\" data-end=\"275\">GTU4-12A Automatyczna prostownica do pr\u0119t\u00f3w zbrojeniowych 4-12 mm | Kompaktowa prostownica do pr\u0119t\u00f3w zbrojeniowych do eksportu i u\u017cytku na miejscu<\/h3>\n<h3 data-start=\"282\" data-end=\"362\">Przegl\u0105d produkt\u00f3w - Wydajne prostowanie pr\u0119t\u00f3w stalowych o \u015bredniej \u015brednicy<\/h3>\n<p data-start=\"364\" data-end=\"658\">The <strong data-start=\"368\" data-end=\"408\"><a href=\"https:\/\/www.hsymachinery.com\/pl\/produkty\/maszyna-do-prostowania-pretow-zbrojeniowych\/\" target=\"_blank\" rel=\"noopener\">Maszyna do prostowania pr\u0119t\u00f3w zbrojeniowych<\/a> GTU4-12A<\/strong> jest zbudowany do obs\u0142ugi <strong data-start=\"428\" data-end=\"456\">Zwijane pr\u0119ty zbrojeniowe od 4 mm do 12 mm<\/strong>oferuj\u0105c zr\u00f3wnowa\u017cone rozwi\u0105zanie zapewniaj\u0105ce zar\u00f3wno szybko\u015b\u0107, jak i precyzj\u0119. Jest to idealne rozwi\u0105zanie dla firm budowlanych, producent\u00f3w stali i eksporter\u00f3w poszukuj\u0105cych kompaktowego i ekonomicznego urz\u0105dzenia do prostowania.<\/p>\n<p data-start=\"660\" data-end=\"801\">Ta maszyna prostuje zdeformowane lub zwini\u0119te pr\u0119ty zbrojeniowe na dok\u0142adne, gotowe do u\u017cycia d\u0142ugo\u015bci, zwi\u0119kszaj\u0105c produktywno\u015b\u0107 przy jednoczesnym zmniejszeniu strat materia\u0142u.<\/p>\n<h3 data-start=\"808\" data-end=\"861\">\u00a0Regulowane rolki i sta\u0142a kontrola posuwu<\/h3>\n<p data-start=\"863\" data-end=\"1117\">GTU4-12A mo\u017cna szybko skonfigurowa\u0107, dostosowuj\u0105c rozstaw rolek i ustawienia wyr\u00f3wnania do rozmiaru pr\u0119ta. Silnik o wysokim momencie obrotowym zapewnia p\u0142ynne ci\u0105gni\u0119cie, aby zapewni\u0107 r\u00f3wnomierne prostowanie ka\u017cdego pr\u0119ta, przy minimalnych wibracjach lub odchyleniach.<\/p>\n<p data-start=\"1119\" data-end=\"1284\">Pokr\u0119t\u0142o regulacji pr\u0119dko\u015bci umo\u017cliwia dostosowanie pr\u0119dko\u015bci posuwu do r\u00f3\u017cnych rodzaj\u00f3w pr\u0119t\u00f3w stalowych, zapewniaj\u0105c szybk\u0105 i precyzyjn\u0105 prac\u0119 bez uszkadzania materia\u0142u.<\/p>\n<h3 data-start=\"1291\" data-end=\"1354\">Przestrzenna konstrukcja z globaln\u0105 kompatybilno\u015bci\u0105 napi\u0119ciow\u0105<\/h3>\n<p data-start=\"1356\" data-end=\"1611\">GTU4-12A posiada kompaktow\u0105 ram\u0119, dzi\u0119ki czemu jest \u0142atwy w transporcie i ustawieniu w warsztatach lub tymczasowych lokalizacjach. Obs\u0142uguje napi\u0119cie wej\u015bciowe 220 V lub 380 V (50 Hz\/60 Hz), umo\u017cliwiaj\u0105c wykonawcom i dystrybutorom wdra\u017canie maszyny na ca\u0142ym \u015bwiecie bez modyfikacji.<\/p>\n<p data-start=\"1613\" data-end=\"1732\">Jego mobilno\u015b\u0107 w po\u0142\u0105czeniu z niezawodno\u015bci\u0105 klasy przemys\u0142owej sprawia, \u017ce jest to doskona\u0142y wyb\u00f3r zar\u00f3wno na rynek krajowy, jak i eksportowy.<\/p>\n<h3 data-start=\"1739\" data-end=\"1797\">Kluczowe cechy prostownicy do pr\u0119t\u00f3w zbrojeniowych GTU4-12A<\/h3>\n<ul data-start=\"1799\" data-end=\"2046\">\n<li data-start=\"1799\" data-end=\"1862\">\n<p data-start=\"1801\" data-end=\"1862\">Prostuje pr\u0119ty stalowe 4-12 mm z kr\u0119gu z wysok\u0105 precyzj\u0105<\/p>\n<\/li>\n<li data-start=\"1863\" data-end=\"1935\">\n<p data-start=\"1865\" data-end=\"1935\">Nadaje si\u0119 do warsztat\u00f3w, miejsc pracy i mi\u0119dzynarodowych dostawc\u00f3w pr\u0119t\u00f3w zbrojeniowych<\/p>\n<\/li>\n<li data-start=\"1936\" data-end=\"1987\">\n<p data-start=\"1938\" data-end=\"1987\">\u0141atwy w regulacji system rolek i ustawienia pr\u0119dko\u015bci<\/p>\n<\/li>\n<li data-start=\"1988\" data-end=\"2046\">\n<p data-start=\"1990\" data-end=\"2046\">Kompaktowa rama i podw\u00f3jne napi\u0119cie dla elastycznego wdro\u017cenia<\/p>\n<\/li>\n<\/ul>\n<p><iframe title=\"#construction #constructionworker #rebarmachine #rebarcutter #rebarcuttingmachine #rebarbar\" width=\"720\" height=\"405\" src=\"https:\/\/www.youtube.com\/embed\/iSdgJyeed00?feature=oembed\" frameborder=\"0\" allow=\"accelerometer; autoplay; clipboard-write; encrypted-media; gyroscope; picture-in-picture; web-share\" referrerpolicy=\"strict-origin-when-cross-origin\" allowfullscreen><\/iframe><\/p>","protected":false},"excerpt":{"rendered":"<p>GTU4-12A prostuje zwini\u0119te pr\u0119ty zbrojeniowe 4-12 mm w pr\u0119ty proste. Idealna do zastosowa\u0144 eksportowych i terenowych, z regulowan\u0105 pr\u0119dko\u015bci\u0105 i kompaktow\u0105 konstrukcj\u0105 do operacji mobilnych.<\/p>","protected":false},"featured_media":9015,"template":"","meta":{"_kad_post_transparent":"default","_kad_post_title":"","_kad_post_layout":"default","_kad_post_sidebar_id":"","_kad_post_content_style":"default","_kad_post_vertical_padding":"default","_kad_post_feature":"","_kad_post_feature_position":"","_kad_post_header":false,"_kad_post_footer":false},"product_brand":[],"product_cat":[62],"product_tag":[1026,1028,1030,1031,1034,1027,1032,1025,1029,1033],"class_list":{"0":"post-9013","1":"product","2":"type-product","3":"status-publish","4":"has-post-thumbnail","6":"product_cat-rebar-straightening-machine","7":"product_tag-automatic-rebar-straightener","8":"product_tag-cnc-rebar-straightening-equipment","9":"product_tag-coiled-rebar-straightening-machine","10":"product_tag-construction-bar-straightening-machine","11":"product_tag-high-speed-rebar-straightening-tool","12":"product_tag-hydraulic-rebar-straightening-machine","13":"product_tag-rebar-leveling-and-cutting-machine","14":"product_tag-steel-bar-straightening-machine","15":"product_tag-steel-wire-straightener-and-cutter","16":"product_tag-straightening-machine-for-steel-rods","18":"first","19":"instock","20":"shipping-taxable","21":"product-type-simple","22":"entry","23":"content-bg","24":"loop-entry"},"yoast_head":"<!-- This site is optimized with the Yoast SEO plugin v25.3.1 - https:\/\/yoast.com\/wordpress\/plugins\/seo\/ -->\n<title>Rebar Straightening Machine GTU4-12A - HSY Construction Machinery<\/title>\n<meta name=\"description\" content=\"Rebar Straightening Machine GTU4-12A processes 4\u201312mm coil steel bars. Compact, efficient, and voltage-adaptable for export or construction use.\" \/>\n<meta name=\"robots\" content=\"index, follow, max-snippet:-1, max-image-preview:large, max-video-preview:-1\" \/>\n<link rel=\"canonical\" href=\"https:\/\/www.hsymachinery.com\/pl\/product\/maszyna-do-prostowania-pretow-zbrojeniowych-gtu4-12a\/\" \/>\n<meta property=\"og:locale\" content=\"pl_PL\" \/>\n<meta property=\"og:type\" content=\"article\" \/>\n<meta property=\"og:title\" content=\"Rebar Straightening Machine GTU4-12A - HSY Construction Machinery\" \/>\n<meta property=\"og:description\" content=\"Rebar Straightening Machine GTU4-12A processes 4\u201312mm coil steel bars. Compact, efficient, and voltage-adaptable for export or construction use.\" \/>\n<meta property=\"og:url\" content=\"https:\/\/www.hsymachinery.com\/pl\/product\/maszyna-do-prostowania-pretow-zbrojeniowych-gtu4-12a\/\" \/>\n<meta property=\"og:site_name\" content=\"HSY Construction Machinery\" \/>\n<meta property=\"article:modified_time\" content=\"2025-06-27T16:29:56+00:00\" \/>\n<meta property=\"og:image\" content=\"https:\/\/www.hsymachinery.com\/wp-content\/uploads\/2025\/06\/Rebar-Straightening-Machine-GTU4-12A.jpg\" \/>\n\t<meta property=\"og:image:width\" content=\"600\" \/>\n\t<meta property=\"og:image:height\" content=\"600\" \/>\n\t<meta property=\"og:image:type\" content=\"image\/jpeg\" \/>\n<meta name=\"twitter:card\" content=\"summary_large_image\" \/>\n<meta name=\"twitter:label1\" content=\"Szacowany czas czytania\" \/>\n\t<meta name=\"twitter:data1\" content=\"2 minuty\" \/>\n<script type=\"application\/ld+json\" class=\"yoast-schema-graph\">{\"@context\":\"https:\/\/schema.org\",\"@graph\":[{\"@type\":\"WebPage\",\"@id\":\"https:\/\/www.hsymachinery.com\/product\/rebar-straightening-machine-gtu4-12a\/\",\"url\":\"https:\/\/www.hsymachinery.com\/product\/rebar-straightening-machine-gtu4-12a\/\",\"name\":\"Rebar Straightening Machine GTU4-12A - HSY Construction Machinery\",\"isPartOf\":{\"@id\":\"https:\/\/www.hsymachinery.com\/#website\"},\"primaryImageOfPage\":{\"@id\":\"https:\/\/www.hsymachinery.com\/product\/rebar-straightening-machine-gtu4-12a\/#primaryimage\"},\"image\":{\"@id\":\"https:\/\/www.hsymachinery.com\/product\/rebar-straightening-machine-gtu4-12a\/#primaryimage\"},\"thumbnailUrl\":\"https:\/\/www.hsymachinery.com\/wp-content\/uploads\/2025\/06\/Rebar-Straightening-Machine-GTU4-12A.jpg\",\"datePublished\":\"2025-06-18T06:18:53+00:00\",\"dateModified\":\"2025-06-27T16:29:56+00:00\",\"description\":\"Rebar Straightening Machine GTU4-12A processes 4\u201312mm coil steel bars. Compact, efficient, and voltage-adaptable for export or construction use.\",\"breadcrumb\":{\"@id\":\"https:\/\/www.hsymachinery.com\/product\/rebar-straightening-machine-gtu4-12a\/#breadcrumb\"},\"inLanguage\":\"pl-PL\",\"potentialAction\":[{\"@type\":\"ReadAction\",\"target\":[\"https:\/\/www.hsymachinery.com\/product\/rebar-straightening-machine-gtu4-12a\/\"]}]},{\"@type\":\"ImageObject\",\"inLanguage\":\"pl-PL\",\"@id\":\"https:\/\/www.hsymachinery.com\/product\/rebar-straightening-machine-gtu4-12a\/#primaryimage\",\"url\":\"https:\/\/www.hsymachinery.com\/wp-content\/uploads\/2025\/06\/Rebar-Straightening-Machine-GTU4-12A.jpg\",\"contentUrl\":\"https:\/\/www.hsymachinery.com\/wp-content\/uploads\/2025\/06\/Rebar-Straightening-Machine-GTU4-12A.jpg\",\"width\":600,\"height\":600},{\"@type\":\"BreadcrumbList\",\"@id\":\"https:\/\/www.hsymachinery.com\/product\/rebar-straightening-machine-gtu4-12a\/#breadcrumb\",\"itemListElement\":[{\"@type\":\"ListItem\",\"position\":1,\"name\":\"home\",\"item\":\"https:\/\/www.hsymachinery.com\/\"},{\"@type\":\"ListItem\",\"position\":2,\"name\":\"products\",\"item\":\"https:\/\/www.hsymachinery.com\/products\/\"},{\"@type\":\"ListItem\",\"position\":3,\"name\":\"Rebar Straightening Machine GTU4-12A\"}]},{\"@type\":\"WebSite\",\"@id\":\"https:\/\/www.hsymachinery.com\/#website\",\"url\":\"https:\/\/www.hsymachinery.com\/\",\"name\":\"HSY Construction Machinery\",\"description\":\"HSY Machinery \u2013 A leading China construction machinery supplier, offering a wide range of light construction equipment. Our main products include Rebar Cutting Machine, Rebar Bending Machine, Rebar Stirrup Bending Machine, Rebar Arc Bending Machine, Rebar Straightening Machine, Five-Head Rebar Stirrup Bending Machine, Tamping Rammer, Plate Compactor, Concrete Cutter, Power Trowel, and other construction machinery. We are equipped with advanced CNC machines, and we enforce strict quality inspection standards along with comprehensive after-sales service. If you are interested in our products or services, we warmly welcome your inquiries via message.\",\"publisher\":{\"@id\":\"https:\/\/www.hsymachinery.com\/#organization\"},\"potentialAction\":[{\"@type\":\"SearchAction\",\"target\":{\"@type\":\"EntryPoint\",\"urlTemplate\":\"https:\/\/www.hsymachinery.com\/?s={search_term_string}\"},\"query-input\":{\"@type\":\"PropertyValueSpecification\",\"valueRequired\":true,\"valueName\":\"search_term_string\"}}],\"inLanguage\":\"pl-PL\"},{\"@type\":\"Organization\",\"@id\":\"https:\/\/www.hsymachinery.com\/#organization\",\"name\":\"HSY Construction Machinery\",\"url\":\"https:\/\/www.hsymachinery.com\/\",\"logo\":{\"@type\":\"ImageObject\",\"inLanguage\":\"pl-PL\",\"@id\":\"https:\/\/www.hsymachinery.com\/#\/schema\/logo\/image\/\",\"url\":\"https:\/\/www.hsymachinery.com\/wp-content\/uploads\/2025\/06\/cropped-HSY-machinery.png\",\"contentUrl\":\"https:\/\/www.hsymachinery.com\/wp-content\/uploads\/2025\/06\/cropped-HSY-machinery.png\",\"width\":600,\"height\":240,\"caption\":\"HSY Construction Machinery\"},\"image\":{\"@id\":\"https:\/\/www.hsymachinery.com\/#\/schema\/logo\/image\/\"}}]}<\/script>\n<!-- \/ Yoast SEO plugin. -->","yoast_head_json":{"title":"Maszyna do prostowania pr\u0119t\u00f3w zbrojeniowych GTU4-12A - HSY Construction Machinery","description":"Maszyna do prostowania pr\u0119t\u00f3w zbrojeniowych GTU4-12A przetwarza pr\u0119ty stalowe o \u015brednicy 4-12 mm. Kompaktowa, wydajna i przystosowana do pracy pod napi\u0119ciem do zastosowa\u0144 eksportowych lub budowlanych.","robots":{"index":"index","follow":"follow","max-snippet":"max-snippet:-1","max-image-preview":"max-image-preview:large","max-video-preview":"max-video-preview:-1"},"canonical":"https:\/\/www.hsymachinery.com\/pl\/product\/maszyna-do-prostowania-pretow-zbrojeniowych-gtu4-12a\/","og_locale":"pl_PL","og_type":"article","og_title":"Rebar Straightening Machine GTU4-12A - HSY Construction Machinery","og_description":"Rebar Straightening Machine GTU4-12A processes 4\u201312mm coil steel bars. Compact, efficient, and voltage-adaptable for export or construction use.","og_url":"https:\/\/www.hsymachinery.com\/pl\/product\/maszyna-do-prostowania-pretow-zbrojeniowych-gtu4-12a\/","og_site_name":"HSY Construction Machinery","article_modified_time":"2025-06-27T16:29:56+00:00","og_image":[{"width":600,"height":600,"url":"https:\/\/www.hsymachinery.com\/wp-content\/uploads\/2025\/06\/Rebar-Straightening-Machine-GTU4-12A.jpg","type":"image\/jpeg"}],"twitter_card":"summary_large_image","twitter_misc":{"Szacowany czas czytania":"2 minuty"},"schema":{"@context":"https:\/\/schema.org","@graph":[{"@type":"WebPage","@id":"https:\/\/www.hsymachinery.com\/product\/rebar-straightening-machine-gtu4-12a\/","url":"https:\/\/www.hsymachinery.com\/product\/rebar-straightening-machine-gtu4-12a\/","name":"Maszyna do prostowania pr\u0119t\u00f3w zbrojeniowych GTU4-12A - HSY Construction Machinery","isPartOf":{"@id":"https:\/\/www.hsymachinery.com\/#website"},"primaryImageOfPage":{"@id":"https:\/\/www.hsymachinery.com\/product\/rebar-straightening-machine-gtu4-12a\/#primaryimage"},"image":{"@id":"https:\/\/www.hsymachinery.com\/product\/rebar-straightening-machine-gtu4-12a\/#primaryimage"},"thumbnailUrl":"https:\/\/www.hsymachinery.com\/wp-content\/uploads\/2025\/06\/Rebar-Straightening-Machine-GTU4-12A.jpg","datePublished":"2025-06-18T06:18:53+00:00","dateModified":"2025-06-27T16:29:56+00:00","description":"Maszyna do prostowania pr\u0119t\u00f3w zbrojeniowych GTU4-12A przetwarza pr\u0119ty stalowe o \u015brednicy 4-12 mm. Kompaktowa, wydajna i przystosowana do pracy pod napi\u0119ciem do zastosowa\u0144 eksportowych lub budowlanych.","breadcrumb":{"@id":"https:\/\/www.hsymachinery.com\/product\/rebar-straightening-machine-gtu4-12a\/#breadcrumb"},"inLanguage":"pl-PL","potentialAction":[{"@type":"ReadAction","target":["https:\/\/www.hsymachinery.com\/product\/rebar-straightening-machine-gtu4-12a\/"]}]},{"@type":"ImageObject","inLanguage":"pl-PL","@id":"https:\/\/www.hsymachinery.com\/product\/rebar-straightening-machine-gtu4-12a\/#primaryimage","url":"https:\/\/www.hsymachinery.com\/wp-content\/uploads\/2025\/06\/Rebar-Straightening-Machine-GTU4-12A.jpg","contentUrl":"https:\/\/www.hsymachinery.com\/wp-content\/uploads\/2025\/06\/Rebar-Straightening-Machine-GTU4-12A.jpg","width":600,"height":600},{"@type":"BreadcrumbList","@id":"https:\/\/www.hsymachinery.com\/product\/rebar-straightening-machine-gtu4-12a\/#breadcrumb","itemListElement":[{"@type":"ListItem","position":1,"name":"home","item":"https:\/\/www.hsymachinery.com\/"},{"@type":"ListItem","position":2,"name":"products","item":"https:\/\/www.hsymachinery.com\/products\/"},{"@type":"ListItem","position":3,"name":"Rebar Straightening Machine GTU4-12A"}]},{"@type":"WebSite","@id":"https:\/\/www.hsymachinery.com\/#website","url":"https:\/\/www.hsymachinery.com\/","name":"HSY Construction Machinery","description":"HSY Machinery - wiod\u0105cy chi\u0144ski dostawca maszyn budowlanych, oferuj\u0105cy szerok\u0105 gam\u0119 lekkiego sprz\u0119tu budowlanego. Nasze g\u0142\u00f3wne produkty to maszyna do ci\u0119cia pr\u0119t\u00f3w zbrojeniowych, maszyna do gi\u0119cia pr\u0119t\u00f3w zbrojeniowych, maszyna do gi\u0119cia strzemion pr\u0119t\u00f3w zbrojeniowych, maszyna do gi\u0119cia \u0142uk\u00f3w pr\u0119t\u00f3w zbrojeniowych, maszyna do prostowania pr\u0119t\u00f3w zbrojeniowych, pi\u0119ciog\u0142owicowa maszyna do gi\u0119cia strzemion pr\u0119t\u00f3w zbrojeniowych, ubijak, zag\u0119szczarka p\u0142ytowa, przecinarka do betonu, zacieraczka mechaniczna i inne maszyny budowlane. Jeste\u015bmy wyposa\u017ceni w zaawansowane maszyny CNC i egzekwujemy surowe standardy kontroli jako\u015bci wraz z kompleksow\u0105 obs\u0142ug\u0105 posprzeda\u017cn\u0105. Je\u015bli jeste\u015b zainteresowany naszymi produktami lub us\u0142ugami, serdecznie zapraszamy do sk\u0142adania zapyta\u0144 za po\u015brednictwem wiadomo\u015bci.","publisher":{"@id":"https:\/\/www.hsymachinery.com\/#organization"},"potentialAction":[{"@type":"SearchAction","target":{"@type":"EntryPoint","urlTemplate":"https:\/\/www.hsymachinery.com\/?s={search_term_string}"},"query-input":{"@type":"PropertyValueSpecification","valueRequired":true,"valueName":"search_term_string"}}],"inLanguage":"pl-PL"},{"@type":"Organization","@id":"https:\/\/www.hsymachinery.com\/#organization","name":"HSY Construction Machinery","url":"https:\/\/www.hsymachinery.com\/","logo":{"@type":"ImageObject","inLanguage":"pl-PL","@id":"https:\/\/www.hsymachinery.com\/#\/schema\/logo\/image\/","url":"https:\/\/www.hsymachinery.com\/wp-content\/uploads\/2025\/06\/cropped-HSY-machinery.png","contentUrl":"https:\/\/www.hsymachinery.com\/wp-content\/uploads\/2025\/06\/cropped-HSY-machinery.png","width":600,"height":240,"caption":"HSY Construction Machinery"},"image":{"@id":"https:\/\/www.hsymachinery.com\/#\/schema\/logo\/image\/"}}]}},"_links":{"self":[{"href":"https:\/\/www.hsymachinery.com\/pl\/wp-json\/wp\/v2\/product\/9013","targetHints":{"allow":["GET"]}}],"collection":[{"href":"https:\/\/www.hsymachinery.com\/pl\/wp-json\/wp\/v2\/product"}],"about":[{"href":"https:\/\/www.hsymachinery.com\/pl\/wp-json\/wp\/v2\/types\/product"}],"version-history":[{"count":4,"href":"https:\/\/www.hsymachinery.com\/pl\/wp-json\/wp\/v2\/product\/9013\/revisions"}],"predecessor-version":[{"id":9440,"href":"https:\/\/www.hsymachinery.com\/pl\/wp-json\/wp\/v2\/product\/9013\/revisions\/9440"}],"wp:featuredmedia":[{"embeddable":true,"href":"https:\/\/www.hsymachinery.com\/pl\/wp-json\/wp\/v2\/media\/9015"}],"wp:attachment":[{"href":"https:\/\/www.hsymachinery.com\/pl\/wp-json\/wp\/v2\/media?parent=9013"}],"wp:term":[{"taxonomy":"product_brand","embeddable":true,"href":"https:\/\/www.hsymachinery.com\/pl\/wp-json\/wp\/v2\/product_brand?post=9013"},{"taxonomy":"product_cat","embeddable":true,"href":"https:\/\/www.hsymachinery.com\/pl\/wp-json\/wp\/v2\/product_cat?post=9013"},{"taxonomy":"product_tag","embeddable":true,"href":"https:\/\/www.hsymachinery.com\/pl\/wp-json\/wp\/v2\/product_tag?post=9013"}],"curies":[{"name":"wp","href":"https:\/\/api.w.org\/{rel}","templated":true}]}}