{"id":9010,"date":"2025-06-18T14:14:06","date_gmt":"2025-06-18T06:14:06","guid":{"rendered":"https:\/\/www.hsymachinery.com\/?post_type=product&#038;p=9010"},"modified":"2025-06-28T00:01:02","modified_gmt":"2025-06-27T16:01:02","slug":"maszyna-do-prostowania-pretow-zbrojeniowych-gtd4-12","status":"publish","type":"product","link":"https:\/\/www.hsymachinery.com\/pl\/product\/maszyna-do-prostowania-pretow-zbrojeniowych-gtd4-12\/","title":{"rendered":"Maszyna do prostowania pr\u0119t\u00f3w zbrojeniowych GTD4-12"},"content":{"rendered":"<h2 data-start=\"104\" data-end=\"147\">Maszyna do prostowania pr\u0119t\u00f3w zbrojeniowych GTD4-12<\/h2>\n<h3 data-start=\"148\" data-end=\"277\">Prostownica do pr\u0119t\u00f3w zbrojeniowych GTD4-12 do pr\u0119t\u00f3w stalowych 4-12 mm | Szybki sprz\u0119t do prostowania zwoj\u00f3w dla projekt\u00f3w przemys\u0142owych<\/h3>\n<h3 data-start=\"284\" data-end=\"363\">Przegl\u0105d produkt\u00f3w - Prostowanie z du\u017c\u0105 pr\u0119dko\u015bci\u0105 na potrzeby przemys\u0142owych pr\u0119t\u00f3w zbrojeniowych<\/h3>\n<p data-start=\"365\" data-end=\"699\">The <strong data-start=\"369\" data-end=\"408\"><a href=\"https:\/\/www.hsymachinery.com\/pl\/produkty\/maszyna-do-prostowania-pretow-zbrojeniowych\/\" target=\"_blank\" rel=\"noopener\">Maszyna do prostowania pr\u0119t\u00f3w zbrojeniowych<\/a> GTD4-12<\/strong> zosta\u0142 zaprojektowany do obs\u0142ugi <strong data-start=\"433\" data-end=\"466\">Zwijane pr\u0119ty stalowe o grubo\u015bci od 4 mm do 12 mm<\/strong>dzi\u0119ki czemu idealnie nadaje si\u0119 do przemys\u0142owego przetwarzania pr\u0119t\u00f3w zbrojeniowych, zak\u0142ad\u00f3w prefabrykacji i prac budowlanych na du\u017c\u0105 skal\u0119. Prostuje pr\u0119ty zbrojeniowe szybko i dok\u0142adnie, znacznie zmniejszaj\u0105c nak\u0142ad pracy r\u0119cznej przy jednoczesnej poprawie jako\u015bci produkcji.<\/p>\n<p data-start=\"701\" data-end=\"819\">Wykonawcy wybieraj\u0105 ten model, gdy potrzebuj\u0105 szybkich i sp\u00f3jnych wynik\u00f3w pracy ze zwijan\u0105 stal\u0105 w ci\u0119\u017ckich warunkach.<\/p>\n<h3 data-start=\"826\" data-end=\"885\">Stabilne i precyzyjne prostowanie grubszych pr\u0119t\u00f3w<\/h3>\n<p data-start=\"887\" data-end=\"1135\">GTD4-12 umo\u017cliwia precyzyjn\u0105 regulacj\u0119 po\u0142o\u017cenia rolek i napi\u0119cia posuwu w celu dostosowania do r\u00f3\u017cnych \u015brednic pr\u0119t\u00f3w stalowych. Wzmocniony system silnika zapewnia sta\u0142\u0105 si\u0142\u0119, umo\u017cliwiaj\u0105c p\u0142ynne i r\u00f3wnomierne prostowanie pr\u0119t\u00f3w nawet przy d\u0142ugich cyklach pracy.<\/p>\n<p data-start=\"1137\" data-end=\"1323\">Regulowana kontrola pr\u0119dko\u015bci pozwala dopasowa\u0107 wydajno\u015b\u0107 produkcji do codziennych wymaga\u0144, a konstrukcja antywibracyjna zapewnia stabiln\u0105 prac\u0119 i sp\u00f3jne ustawienie.<\/p>\n<h3 data-start=\"1330\" data-end=\"1388\">Wytrzyma\u0142a konstrukcja do ci\u0105g\u0142ego u\u017cytkowania i gotowo\u015b\u0107 do eksportu<\/h3>\n<p data-start=\"1390\" data-end=\"1660\">Zbudowany z wytrzyma\u0142ej stali, GTD4-12 jest przeznaczony do intensywnego u\u017cytkowania. Posiada kompaktow\u0105, ale stabiln\u0105 podstaw\u0119, przemys\u0142owe k\u00f3\u0142ka i system zasilania o podw\u00f3jnym napi\u0119ciu (220V\/380V, 50Hz\/60Hz) - dzi\u0119ki czemu mo\u017cna go \u0142atwo wdro\u017cy\u0107 w r\u00f3\u017cnych regionach i miejscach pracy.<\/p>\n<p data-start=\"1662\" data-end=\"1796\">Jego niezawodna zdolno\u015b\u0107 prostowania i konfiguracja zgodna z eksportem sprawiaj\u0105, \u017ce jest to najlepszy wyb\u00f3r dla mi\u0119dzynarodowych dostawc\u00f3w pr\u0119t\u00f3w zbrojeniowych i wykonawc\u00f3w.<\/p>\n<h3 data-start=\"1803\" data-end=\"1860\">Kluczowe cechy prostownicy do pr\u0119t\u00f3w zbrojeniowych GTD4-12<\/h3>\n<ul data-start=\"1862\" data-end=\"2111\">\n<li data-start=\"1862\" data-end=\"1922\">\n<p data-start=\"1864\" data-end=\"1922\">Prostuje pr\u0119ty stalowe 4-12 mm z kr\u0119gu z wysok\u0105 wydajno\u015bci\u0105<\/p>\n<\/li>\n<li data-start=\"1923\" data-end=\"1997\">\n<p data-start=\"1925\" data-end=\"1997\">Zoptymalizowany do prefabrykacji, zbrojenia przemys\u0142owego i zastosowa\u0144 eksportowych<\/p>\n<\/li>\n<li data-start=\"1998\" data-end=\"2056\">\n<p data-start=\"2000\" data-end=\"2056\">Regulowany system rolek ze stabilnym mechanizmem podawania<\/p>\n<\/li>\n<li data-start=\"2057\" data-end=\"2111\">\n<p data-start=\"2059\" data-end=\"2111\">Opcje napi\u0119cia pasuj\u0105 zar\u00f3wno do projekt\u00f3w lokalnych, jak i globalnych<\/p>\n<\/li>\n<\/ul>\n<p><iframe title=\"#construction #rebarmachine #rebarbending #rebarcutter #rebarcuttingmachine\" width=\"720\" height=\"405\" src=\"https:\/\/www.youtube.com\/embed\/YnqPtwSEoVw?feature=oembed\" frameborder=\"0\" allow=\"accelerometer; autoplay; clipboard-write; encrypted-media; gyroscope; picture-in-picture; web-share\" referrerpolicy=\"strict-origin-when-cross-origin\" allowfullscreen><\/iframe><\/p>","protected":false},"excerpt":{"rendered":"<p>Maszyna do prostowania pr\u0119t\u00f3w zbrojeniowych GTD4-12 przetwarza pr\u0119ty stalowe 4-12 mm z kr\u0119gu. Oferuje mocn\u0105, stabiln\u0105 wydajno\u015b\u0107 do zada\u0144 przemys\u0142owych i nadaje si\u0119 do mi\u0119dzynarodowego wdro\u017cenia.<\/p>","protected":false},"featured_media":9011,"template":"","meta":{"_kad_post_transparent":"default","_kad_post_title":"","_kad_post_layout":"default","_kad_post_sidebar_id":"","_kad_post_content_style":"default","_kad_post_vertical_padding":"default","_kad_post_feature":"","_kad_post_feature_position":"","_kad_post_header":false,"_kad_post_footer":false},"product_brand":[],"product_cat":[62],"product_tag":[1026,1028,1030,1031,1034,1027,1032,1025,1029,1033],"class_list":{"0":"post-9010","1":"product","2":"type-product","3":"status-publish","4":"has-post-thumbnail","6":"product_cat-rebar-straightening-machine","7":"product_tag-automatic-rebar-straightener","8":"product_tag-cnc-rebar-straightening-equipment","9":"product_tag-coiled-rebar-straightening-machine","10":"product_tag-construction-bar-straightening-machine","11":"product_tag-high-speed-rebar-straightening-tool","12":"product_tag-hydraulic-rebar-straightening-machine","13":"product_tag-rebar-leveling-and-cutting-machine","14":"product_tag-steel-bar-straightening-machine","15":"product_tag-steel-wire-straightener-and-cutter","16":"product_tag-straightening-machine-for-steel-rods","18":"first","19":"instock","20":"shipping-taxable","21":"product-type-simple","22":"entry","23":"content-bg","24":"loop-entry"},"yoast_head":"<!-- This site is optimized with the Yoast SEO plugin v25.3.1 - https:\/\/yoast.com\/wordpress\/plugins\/seo\/ -->\n<title>Rebar Straightening Machine GTD4-12 - HSY Construction Machinery<\/title>\n<meta name=\"description\" content=\"Rebar Straightening Machine GTD4-12 handles 4\u201312mm bars with precision. Ideal for industrial projects and exports, with adjustable speed and voltage compatibility.\" \/>\n<meta name=\"robots\" content=\"index, follow, max-snippet:-1, max-image-preview:large, max-video-preview:-1\" \/>\n<link rel=\"canonical\" href=\"https:\/\/www.hsymachinery.com\/pl\/product\/maszyna-do-prostowania-pretow-zbrojeniowych-gtd4-12\/\" \/>\n<meta property=\"og:locale\" content=\"pl_PL\" \/>\n<meta property=\"og:type\" content=\"article\" \/>\n<meta property=\"og:title\" content=\"Rebar Straightening Machine GTD4-12 - HSY Construction Machinery\" \/>\n<meta property=\"og:description\" content=\"Rebar Straightening Machine GTD4-12 handles 4\u201312mm bars with precision. Ideal for industrial projects and exports, with adjustable speed and voltage compatibility.\" \/>\n<meta property=\"og:url\" content=\"https:\/\/www.hsymachinery.com\/pl\/product\/maszyna-do-prostowania-pretow-zbrojeniowych-gtd4-12\/\" \/>\n<meta property=\"og:site_name\" content=\"HSY Construction Machinery\" \/>\n<meta property=\"article:modified_time\" content=\"2025-06-27T16:01:02+00:00\" \/>\n<meta property=\"og:image\" content=\"https:\/\/www.hsymachinery.com\/wp-content\/uploads\/2025\/06\/Rebar-Straightening-Machine-GTD4-12.jpg\" \/>\n\t<meta property=\"og:image:width\" content=\"600\" \/>\n\t<meta property=\"og:image:height\" content=\"600\" \/>\n\t<meta property=\"og:image:type\" content=\"image\/jpeg\" \/>\n<meta name=\"twitter:card\" content=\"summary_large_image\" \/>\n<meta name=\"twitter:label1\" content=\"Szacowany czas czytania\" \/>\n\t<meta name=\"twitter:data1\" content=\"2 minuty\" \/>\n<script type=\"application\/ld+json\" class=\"yoast-schema-graph\">{\"@context\":\"https:\/\/schema.org\",\"@graph\":[{\"@type\":\"WebPage\",\"@id\":\"https:\/\/www.hsymachinery.com\/product\/rebar-straightening-machine-gtd4-12\/\",\"url\":\"https:\/\/www.hsymachinery.com\/product\/rebar-straightening-machine-gtd4-12\/\",\"name\":\"Rebar Straightening Machine GTD4-12 - HSY Construction Machinery\",\"isPartOf\":{\"@id\":\"https:\/\/www.hsymachinery.com\/#website\"},\"primaryImageOfPage\":{\"@id\":\"https:\/\/www.hsymachinery.com\/product\/rebar-straightening-machine-gtd4-12\/#primaryimage\"},\"image\":{\"@id\":\"https:\/\/www.hsymachinery.com\/product\/rebar-straightening-machine-gtd4-12\/#primaryimage\"},\"thumbnailUrl\":\"https:\/\/www.hsymachinery.com\/wp-content\/uploads\/2025\/06\/Rebar-Straightening-Machine-GTD4-12.jpg\",\"datePublished\":\"2025-06-18T06:14:06+00:00\",\"dateModified\":\"2025-06-27T16:01:02+00:00\",\"description\":\"Rebar Straightening Machine GTD4-12 handles 4\u201312mm bars with precision. Ideal for industrial projects and exports, with adjustable speed and voltage compatibility.\",\"breadcrumb\":{\"@id\":\"https:\/\/www.hsymachinery.com\/product\/rebar-straightening-machine-gtd4-12\/#breadcrumb\"},\"inLanguage\":\"pl-PL\",\"potentialAction\":[{\"@type\":\"ReadAction\",\"target\":[\"https:\/\/www.hsymachinery.com\/product\/rebar-straightening-machine-gtd4-12\/\"]}]},{\"@type\":\"ImageObject\",\"inLanguage\":\"pl-PL\",\"@id\":\"https:\/\/www.hsymachinery.com\/product\/rebar-straightening-machine-gtd4-12\/#primaryimage\",\"url\":\"https:\/\/www.hsymachinery.com\/wp-content\/uploads\/2025\/06\/Rebar-Straightening-Machine-GTD4-12.jpg\",\"contentUrl\":\"https:\/\/www.hsymachinery.com\/wp-content\/uploads\/2025\/06\/Rebar-Straightening-Machine-GTD4-12.jpg\",\"width\":600,\"height\":600},{\"@type\":\"BreadcrumbList\",\"@id\":\"https:\/\/www.hsymachinery.com\/product\/rebar-straightening-machine-gtd4-12\/#breadcrumb\",\"itemListElement\":[{\"@type\":\"ListItem\",\"position\":1,\"name\":\"home\",\"item\":\"https:\/\/www.hsymachinery.com\/\"},{\"@type\":\"ListItem\",\"position\":2,\"name\":\"products\",\"item\":\"https:\/\/www.hsymachinery.com\/products\/\"},{\"@type\":\"ListItem\",\"position\":3,\"name\":\"Rebar Straightening Machine GTD4-12\"}]},{\"@type\":\"WebSite\",\"@id\":\"https:\/\/www.hsymachinery.com\/#website\",\"url\":\"https:\/\/www.hsymachinery.com\/\",\"name\":\"HSY Construction Machinery\",\"description\":\"HSY Machinery \u2013 A leading China construction machinery supplier, offering a wide range of light construction equipment. Our main products include Rebar Cutting Machine, Rebar Bending Machine, Rebar Stirrup Bending Machine, Rebar Arc Bending Machine, Rebar Straightening Machine, Five-Head Rebar Stirrup Bending Machine, Tamping Rammer, Plate Compactor, Concrete Cutter, Power Trowel, and other construction machinery. We are equipped with advanced CNC machines, and we enforce strict quality inspection standards along with comprehensive after-sales service. If you are interested in our products or services, we warmly welcome your inquiries via message.\",\"publisher\":{\"@id\":\"https:\/\/www.hsymachinery.com\/#organization\"},\"potentialAction\":[{\"@type\":\"SearchAction\",\"target\":{\"@type\":\"EntryPoint\",\"urlTemplate\":\"https:\/\/www.hsymachinery.com\/?s={search_term_string}\"},\"query-input\":{\"@type\":\"PropertyValueSpecification\",\"valueRequired\":true,\"valueName\":\"search_term_string\"}}],\"inLanguage\":\"pl-PL\"},{\"@type\":\"Organization\",\"@id\":\"https:\/\/www.hsymachinery.com\/#organization\",\"name\":\"HSY Construction Machinery\",\"url\":\"https:\/\/www.hsymachinery.com\/\",\"logo\":{\"@type\":\"ImageObject\",\"inLanguage\":\"pl-PL\",\"@id\":\"https:\/\/www.hsymachinery.com\/#\/schema\/logo\/image\/\",\"url\":\"https:\/\/www.hsymachinery.com\/wp-content\/uploads\/2025\/06\/cropped-HSY-machinery.png\",\"contentUrl\":\"https:\/\/www.hsymachinery.com\/wp-content\/uploads\/2025\/06\/cropped-HSY-machinery.png\",\"width\":600,\"height\":240,\"caption\":\"HSY Construction Machinery\"},\"image\":{\"@id\":\"https:\/\/www.hsymachinery.com\/#\/schema\/logo\/image\/\"}}]}<\/script>\n<!-- \/ Yoast SEO plugin. -->","yoast_head_json":{"title":"Maszyna do prostowania pr\u0119t\u00f3w zbrojeniowych GTD4-12 - HSY Construction Machinery","description":"Maszyna do prostowania pr\u0119t\u00f3w zbrojeniowych GTD4-12 precyzyjnie obs\u0142uguje pr\u0119ty 4-12 mm. Idealna do projekt\u00f3w przemys\u0142owych i eksportowych, z regulowan\u0105 pr\u0119dko\u015bci\u0105 i kompatybilno\u015bci\u0105 napi\u0119ciow\u0105.","robots":{"index":"index","follow":"follow","max-snippet":"max-snippet:-1","max-image-preview":"max-image-preview:large","max-video-preview":"max-video-preview:-1"},"canonical":"https:\/\/www.hsymachinery.com\/pl\/product\/maszyna-do-prostowania-pretow-zbrojeniowych-gtd4-12\/","og_locale":"pl_PL","og_type":"article","og_title":"Rebar Straightening Machine GTD4-12 - HSY Construction Machinery","og_description":"Rebar Straightening Machine GTD4-12 handles 4\u201312mm bars with precision. Ideal for industrial projects and exports, with adjustable speed and voltage compatibility.","og_url":"https:\/\/www.hsymachinery.com\/pl\/product\/maszyna-do-prostowania-pretow-zbrojeniowych-gtd4-12\/","og_site_name":"HSY Construction Machinery","article_modified_time":"2025-06-27T16:01:02+00:00","og_image":[{"width":600,"height":600,"url":"https:\/\/www.hsymachinery.com\/wp-content\/uploads\/2025\/06\/Rebar-Straightening-Machine-GTD4-12.jpg","type":"image\/jpeg"}],"twitter_card":"summary_large_image","twitter_misc":{"Szacowany czas czytania":"2 minuty"},"schema":{"@context":"https:\/\/schema.org","@graph":[{"@type":"WebPage","@id":"https:\/\/www.hsymachinery.com\/product\/rebar-straightening-machine-gtd4-12\/","url":"https:\/\/www.hsymachinery.com\/product\/rebar-straightening-machine-gtd4-12\/","name":"Maszyna do prostowania pr\u0119t\u00f3w zbrojeniowych GTD4-12 - HSY Construction Machinery","isPartOf":{"@id":"https:\/\/www.hsymachinery.com\/#website"},"primaryImageOfPage":{"@id":"https:\/\/www.hsymachinery.com\/product\/rebar-straightening-machine-gtd4-12\/#primaryimage"},"image":{"@id":"https:\/\/www.hsymachinery.com\/product\/rebar-straightening-machine-gtd4-12\/#primaryimage"},"thumbnailUrl":"https:\/\/www.hsymachinery.com\/wp-content\/uploads\/2025\/06\/Rebar-Straightening-Machine-GTD4-12.jpg","datePublished":"2025-06-18T06:14:06+00:00","dateModified":"2025-06-27T16:01:02+00:00","description":"Maszyna do prostowania pr\u0119t\u00f3w zbrojeniowych GTD4-12 precyzyjnie obs\u0142uguje pr\u0119ty 4-12 mm. Idealna do projekt\u00f3w przemys\u0142owych i eksportowych, z regulowan\u0105 pr\u0119dko\u015bci\u0105 i kompatybilno\u015bci\u0105 napi\u0119ciow\u0105.","breadcrumb":{"@id":"https:\/\/www.hsymachinery.com\/product\/rebar-straightening-machine-gtd4-12\/#breadcrumb"},"inLanguage":"pl-PL","potentialAction":[{"@type":"ReadAction","target":["https:\/\/www.hsymachinery.com\/product\/rebar-straightening-machine-gtd4-12\/"]}]},{"@type":"ImageObject","inLanguage":"pl-PL","@id":"https:\/\/www.hsymachinery.com\/product\/rebar-straightening-machine-gtd4-12\/#primaryimage","url":"https:\/\/www.hsymachinery.com\/wp-content\/uploads\/2025\/06\/Rebar-Straightening-Machine-GTD4-12.jpg","contentUrl":"https:\/\/www.hsymachinery.com\/wp-content\/uploads\/2025\/06\/Rebar-Straightening-Machine-GTD4-12.jpg","width":600,"height":600},{"@type":"BreadcrumbList","@id":"https:\/\/www.hsymachinery.com\/product\/rebar-straightening-machine-gtd4-12\/#breadcrumb","itemListElement":[{"@type":"ListItem","position":1,"name":"home","item":"https:\/\/www.hsymachinery.com\/"},{"@type":"ListItem","position":2,"name":"products","item":"https:\/\/www.hsymachinery.com\/products\/"},{"@type":"ListItem","position":3,"name":"Rebar Straightening Machine GTD4-12"}]},{"@type":"WebSite","@id":"https:\/\/www.hsymachinery.com\/#website","url":"https:\/\/www.hsymachinery.com\/","name":"HSY Construction Machinery","description":"HSY Machinery - wiod\u0105cy chi\u0144ski dostawca maszyn budowlanych, oferuj\u0105cy szerok\u0105 gam\u0119 lekkiego sprz\u0119tu budowlanego. Nasze g\u0142\u00f3wne produkty to maszyna do ci\u0119cia pr\u0119t\u00f3w zbrojeniowych, maszyna do gi\u0119cia pr\u0119t\u00f3w zbrojeniowych, maszyna do gi\u0119cia strzemion pr\u0119t\u00f3w zbrojeniowych, maszyna do gi\u0119cia \u0142uk\u00f3w pr\u0119t\u00f3w zbrojeniowych, maszyna do prostowania pr\u0119t\u00f3w zbrojeniowych, pi\u0119ciog\u0142owicowa maszyna do gi\u0119cia strzemion pr\u0119t\u00f3w zbrojeniowych, ubijak, zag\u0119szczarka p\u0142ytowa, przecinarka do betonu, zacieraczka mechaniczna i inne maszyny budowlane. Jeste\u015bmy wyposa\u017ceni w zaawansowane maszyny CNC i egzekwujemy surowe standardy kontroli jako\u015bci wraz z kompleksow\u0105 obs\u0142ug\u0105 posprzeda\u017cn\u0105. Je\u015bli jeste\u015b zainteresowany naszymi produktami lub us\u0142ugami, serdecznie zapraszamy do sk\u0142adania zapyta\u0144 za po\u015brednictwem wiadomo\u015bci.","publisher":{"@id":"https:\/\/www.hsymachinery.com\/#organization"},"potentialAction":[{"@type":"SearchAction","target":{"@type":"EntryPoint","urlTemplate":"https:\/\/www.hsymachinery.com\/?s={search_term_string}"},"query-input":{"@type":"PropertyValueSpecification","valueRequired":true,"valueName":"search_term_string"}}],"inLanguage":"pl-PL"},{"@type":"Organization","@id":"https:\/\/www.hsymachinery.com\/#organization","name":"HSY Construction Machinery","url":"https:\/\/www.hsymachinery.com\/","logo":{"@type":"ImageObject","inLanguage":"pl-PL","@id":"https:\/\/www.hsymachinery.com\/#\/schema\/logo\/image\/","url":"https:\/\/www.hsymachinery.com\/wp-content\/uploads\/2025\/06\/cropped-HSY-machinery.png","contentUrl":"https:\/\/www.hsymachinery.com\/wp-content\/uploads\/2025\/06\/cropped-HSY-machinery.png","width":600,"height":240,"caption":"HSY Construction Machinery"},"image":{"@id":"https:\/\/www.hsymachinery.com\/#\/schema\/logo\/image\/"}}]}},"_links":{"self":[{"href":"https:\/\/www.hsymachinery.com\/pl\/wp-json\/wp\/v2\/product\/9010","targetHints":{"allow":["GET"]}}],"collection":[{"href":"https:\/\/www.hsymachinery.com\/pl\/wp-json\/wp\/v2\/product"}],"about":[{"href":"https:\/\/www.hsymachinery.com\/pl\/wp-json\/wp\/v2\/types\/product"}],"version-history":[{"count":3,"href":"https:\/\/www.hsymachinery.com\/pl\/wp-json\/wp\/v2\/product\/9010\/revisions"}],"predecessor-version":[{"id":9430,"href":"https:\/\/www.hsymachinery.com\/pl\/wp-json\/wp\/v2\/product\/9010\/revisions\/9430"}],"wp:featuredmedia":[{"embeddable":true,"href":"https:\/\/www.hsymachinery.com\/pl\/wp-json\/wp\/v2\/media\/9011"}],"wp:attachment":[{"href":"https:\/\/www.hsymachinery.com\/pl\/wp-json\/wp\/v2\/media?parent=9010"}],"wp:term":[{"taxonomy":"product_brand","embeddable":true,"href":"https:\/\/www.hsymachinery.com\/pl\/wp-json\/wp\/v2\/product_brand?post=9010"},{"taxonomy":"product_cat","embeddable":true,"href":"https:\/\/www.hsymachinery.com\/pl\/wp-json\/wp\/v2\/product_cat?post=9010"},{"taxonomy":"product_tag","embeddable":true,"href":"https:\/\/www.hsymachinery.com\/pl\/wp-json\/wp\/v2\/product_tag?post=9010"}],"curies":[{"name":"wp","href":"https:\/\/api.w.org\/{rel}","templated":true}]}}