{"id":9001,"date":"2025-06-18T12:40:00","date_gmt":"2025-06-18T04:40:00","guid":{"rendered":"https:\/\/www.hsymachinery.com\/?post_type=product&#038;p=9001"},"modified":"2025-06-27T23:44:12","modified_gmt":"2025-06-27T15:44:12","slug":"maszyna-do-prostowania-pretow-zbrojeniowych-gtd4-10a","status":"publish","type":"product","link":"https:\/\/www.hsymachinery.com\/pl\/product\/maszyna-do-prostowania-pretow-zbrojeniowych-gtd4-10a\/","title":{"rendered":"Maszyna do prostowania pr\u0119t\u00f3w zbrojeniowych GTD4-10A"},"content":{"rendered":"<h2 data-start=\"120\" data-end=\"164\">Maszyna do prostowania pr\u0119t\u00f3w zbrojeniowych GTD4-10A<\/h2>\n<h3 data-start=\"165\" data-end=\"294\">Automatyczna prostownica pr\u0119t\u00f3w zbrojeniowych GTD4-10A do pr\u0119t\u00f3w stalowych 4-10 mm | Szybkobie\u017cna prostownica pr\u0119t\u00f3w stalowych do zastosowa\u0144 budowlanych<\/h3>\n<h3 data-start=\"301\" data-end=\"401\">Przegl\u0105d produkt\u00f3w - Szybkie i dok\u0142adne prostowanie pr\u0119t\u00f3w zbrojeniowych na placach budowy i w zak\u0142adach produkcyjnych<\/h3>\n<p data-start=\"403\" data-end=\"699\">The <strong data-start=\"407\" data-end=\"447\"><a href=\"https:\/\/www.hsymachinery.com\/pl\/produkty\/maszyna-do-prostowania-pretow-zbrojeniowych\/\" target=\"_blank\" rel=\"noopener\">Maszyna do prostowania pr\u0119t\u00f3w zbrojeniowych<\/a> GTD4-10A<\/strong> jest zbudowany, aby prostowa\u0107 <strong data-start=\"471\" data-end=\"506\">Pr\u0119ty stalowe o \u015brednicy od 4 mm do 10 mm<\/strong> z szybko\u015bci\u0105 i dok\u0142adno\u015bci\u0105. Niezale\u017cnie od tego, czy pracujesz w zak\u0142adzie produkuj\u0105cym pr\u0119ty zbrojeniowe, czy na placu budowy, ta maszyna pomaga usprawni\u0107 proces przygotowania pr\u0119t\u00f3w zbrojeniowych i poprawi\u0107 sp\u00f3jno\u015b\u0107 materia\u0142u.<\/p>\n<p data-start=\"701\" data-end=\"834\">Usuwa odkszta\u0142cenia, pami\u0119\u0107 zwoj\u00f3w i zagi\u0119cia z walcowanych na zimno lub na gor\u0105co pr\u0119t\u00f3w zbrojeniowych, przygotowuj\u0105c je do ci\u0119cia, spawania lub uk\u0142adania.<\/p>\n<h3 data-start=\"841\" data-end=\"895\">P\u0142ynne prostowanie z regulowan\u0105 pr\u0119dko\u015bci\u0105 posuwu<\/h3>\n<p data-start=\"897\" data-end=\"1163\">Rolki prostuj\u0105ce mo\u017cna dostosowa\u0107 do r\u00f3\u017cnych rozmiar\u00f3w pr\u0119t\u00f3w stalowych, co pozwala na elastyczn\u0105 prac\u0119 z r\u00f3\u017cnymi rodzajami pr\u0119t\u00f3w zbrojeniowych. Silnik elektryczny z miedzianym rdzeniem generuje sta\u0142\u0105 si\u0142\u0119 ci\u0105gn\u0105c\u0105, zapewniaj\u0105c, \u017ce pr\u0119t wychodzi ca\u0142kowicie prosty bez resztkowego zginania.<\/p>\n<p data-start=\"1165\" data-end=\"1380\">GTD4-10A jest r\u00f3wnie\u017c wyposa\u017cony w trwa\u0142y system trakcji i regulowan\u0105 kontrol\u0119 pr\u0119dko\u015bci, kt\u00f3ra zapewnia pe\u0142n\u0105 kontrol\u0119 nad tempem przetwarzania. Skutkuje to prostszymi pr\u0119tami przy minimalnym nak\u0142adzie pracy i wy\u017cszej wydajno\u015bci.<\/p>\n<h3 data-start=\"1387\" data-end=\"1432\">Kompaktowy, trwa\u0142y i gotowy do eksportu<\/h3>\n<p data-start=\"1434\" data-end=\"1761\">Zbudowana ze wzmocnionego stalowego podwozia, maszyna ta jest odporna na wibracje i zu\u017cycie podczas ci\u0105g\u0142ej pracy. Kompaktowe wymiary pozwalaj\u0105 zmie\u015bci\u0107 j\u0105 w ma\u0142ych warsztatach lub \u0142atwo przetransportowa\u0107 na miejsce pracy. Obs\u0142uguje napi\u0119cie 220 V lub 380 V (50 Hz\/60 Hz), spe\u0142niaj\u0105c wymagania dotycz\u0105ce zasilania zar\u00f3wno dla u\u017cytkownik\u00f3w lokalnych, jak i mi\u0119dzynarodowych.<\/p>\n<p data-start=\"1763\" data-end=\"1876\">Je\u015bli zale\u017cy Ci na szybkim i dok\u0142adnym prostowaniu zwini\u0119tych pr\u0119t\u00f3w stalowych, GTD4-10A zapewnia niezawodne rezultaty.<\/p>\n<h3 data-start=\"1883\" data-end=\"1941\">Kluczowe cechy prostownicy do pr\u0119t\u00f3w zbrojeniowych GTD4-10A<\/h3>\n<ul data-start=\"1943\" data-end=\"2184\">\n<li data-start=\"1943\" data-end=\"2005\">\n<p data-start=\"1945\" data-end=\"2005\">Prostuje okr\u0105g\u0142e pr\u0119ty zbrojeniowe o \u015brednicy 4-10 mm ze zwoju lub wst\u0119pnie wygi\u0119tego materia\u0142u.<\/p>\n<\/li>\n<li data-start=\"2006\" data-end=\"2069\">\n<p data-start=\"2008\" data-end=\"2069\">Idealne rozwi\u0105zanie dla plac\u00f3w budowy, sk\u0142ad\u00f3w pr\u0119t\u00f3w zbrojeniowych i sklep\u00f3w z prefabrykatami<\/p>\n<\/li>\n<li data-start=\"2070\" data-end=\"2124\">\n<p data-start=\"2072\" data-end=\"2124\">Regulowane rolki prostuj\u0105ce i kontrola pr\u0119dko\u015bci<\/p>\n<\/li>\n<li data-start=\"2125\" data-end=\"2184\">\n<p data-start=\"2127\" data-end=\"2184\">Napi\u0119cie przyjazne dla eksportu i kompaktowa konstrukcja zapewniaj\u0105ca mobilno\u015b\u0107<\/p>\n<\/li>\n<\/ul>\n<p><iframe title=\"#construction #rebarmachine #rebarbending #rebarcutter #rebarcuttingmachine\" width=\"720\" height=\"405\" src=\"https:\/\/www.youtube.com\/embed\/YnqPtwSEoVw?feature=oembed\" frameborder=\"0\" allow=\"accelerometer; autoplay; clipboard-write; encrypted-media; gyroscope; picture-in-picture; web-share\" referrerpolicy=\"strict-origin-when-cross-origin\" allowfullscreen><\/iframe><\/p>","protected":false},"excerpt":{"rendered":"<p>Prostownica do pr\u0119t\u00f3w zbrojeniowych GTD4-10A skutecznie prostuje pr\u0119ty stalowe o \u015brednicy 4-10 mm. Charakteryzuje si\u0119 regulowan\u0105 pr\u0119dko\u015bci\u0105, wysok\u0105 dok\u0142adno\u015bci\u0105 i kompaktow\u0105 ram\u0105 do u\u017cytku w miejscu pracy lub w warsztacie.<\/p>","protected":false},"featured_media":9002,"template":"","meta":{"_kad_post_transparent":"default","_kad_post_title":"","_kad_post_layout":"default","_kad_post_sidebar_id":"","_kad_post_content_style":"default","_kad_post_vertical_padding":"default","_kad_post_feature":"","_kad_post_feature_position":"","_kad_post_header":false,"_kad_post_footer":false},"product_brand":[],"product_cat":[62],"product_tag":[1026,1028,1030,1031,1034,1027,1032,1025,1029,1033],"class_list":{"0":"post-9001","1":"product","2":"type-product","3":"status-publish","4":"has-post-thumbnail","6":"product_cat-rebar-straightening-machine","7":"product_tag-automatic-rebar-straightener","8":"product_tag-cnc-rebar-straightening-equipment","9":"product_tag-coiled-rebar-straightening-machine","10":"product_tag-construction-bar-straightening-machine","11":"product_tag-high-speed-rebar-straightening-tool","12":"product_tag-hydraulic-rebar-straightening-machine","13":"product_tag-rebar-leveling-and-cutting-machine","14":"product_tag-steel-bar-straightening-machine","15":"product_tag-steel-wire-straightener-and-cutter","16":"product_tag-straightening-machine-for-steel-rods","18":"first","19":"instock","20":"shipping-taxable","21":"product-type-simple","22":"entry","23":"content-bg","24":"loop-entry"},"yoast_head":"<!-- This site is optimized with the Yoast SEO plugin v25.3.1 - https:\/\/yoast.com\/wordpress\/plugins\/seo\/ -->\n<title>Rebar Straightening Machine GTD4-10A - HSY Construction Machinery<\/title>\n<meta name=\"description\" content=\"Rebar Straightening Machine GTD4-10A straightens 4\u201310mm steel bars with speed and precision. Compact, durable, and export-ready for construction projects.\" \/>\n<meta name=\"robots\" content=\"index, follow, max-snippet:-1, max-image-preview:large, max-video-preview:-1\" \/>\n<link rel=\"canonical\" href=\"https:\/\/www.hsymachinery.com\/pl\/product\/maszyna-do-prostowania-pretow-zbrojeniowych-gtd4-10a\/\" \/>\n<meta property=\"og:locale\" content=\"pl_PL\" \/>\n<meta property=\"og:type\" content=\"article\" \/>\n<meta property=\"og:title\" content=\"Rebar Straightening Machine GTD4-10A - HSY Construction Machinery\" \/>\n<meta property=\"og:description\" content=\"Rebar Straightening Machine GTD4-10A straightens 4\u201310mm steel bars with speed and precision. Compact, durable, and export-ready for construction projects.\" \/>\n<meta property=\"og:url\" content=\"https:\/\/www.hsymachinery.com\/pl\/product\/maszyna-do-prostowania-pretow-zbrojeniowych-gtd4-10a\/\" \/>\n<meta property=\"og:site_name\" content=\"HSY Construction Machinery\" \/>\n<meta property=\"article:modified_time\" content=\"2025-06-27T15:44:12+00:00\" \/>\n<meta property=\"og:image\" content=\"https:\/\/www.hsymachinery.com\/wp-content\/uploads\/2025\/06\/Rebar-Straightening-Machine-GTD4-10A.jpg\" \/>\n\t<meta property=\"og:image:width\" content=\"600\" \/>\n\t<meta property=\"og:image:height\" content=\"600\" \/>\n\t<meta property=\"og:image:type\" content=\"image\/jpeg\" \/>\n<meta name=\"twitter:card\" content=\"summary_large_image\" \/>\n<meta name=\"twitter:label1\" content=\"Szacowany czas czytania\" \/>\n\t<meta name=\"twitter:data1\" content=\"2 minuty\" \/>\n<script type=\"application\/ld+json\" class=\"yoast-schema-graph\">{\"@context\":\"https:\/\/schema.org\",\"@graph\":[{\"@type\":\"WebPage\",\"@id\":\"https:\/\/www.hsymachinery.com\/product\/rebar-straightening-machine-gtd4-10a\/\",\"url\":\"https:\/\/www.hsymachinery.com\/product\/rebar-straightening-machine-gtd4-10a\/\",\"name\":\"Rebar Straightening Machine GTD4-10A - HSY Construction Machinery\",\"isPartOf\":{\"@id\":\"https:\/\/www.hsymachinery.com\/#website\"},\"primaryImageOfPage\":{\"@id\":\"https:\/\/www.hsymachinery.com\/product\/rebar-straightening-machine-gtd4-10a\/#primaryimage\"},\"image\":{\"@id\":\"https:\/\/www.hsymachinery.com\/product\/rebar-straightening-machine-gtd4-10a\/#primaryimage\"},\"thumbnailUrl\":\"https:\/\/www.hsymachinery.com\/wp-content\/uploads\/2025\/06\/Rebar-Straightening-Machine-GTD4-10A.jpg\",\"datePublished\":\"2025-06-18T04:40:00+00:00\",\"dateModified\":\"2025-06-27T15:44:12+00:00\",\"description\":\"Rebar Straightening Machine GTD4-10A straightens 4\u201310mm steel bars with speed and precision. Compact, durable, and export-ready for construction projects.\",\"breadcrumb\":{\"@id\":\"https:\/\/www.hsymachinery.com\/product\/rebar-straightening-machine-gtd4-10a\/#breadcrumb\"},\"inLanguage\":\"pl-PL\",\"potentialAction\":[{\"@type\":\"ReadAction\",\"target\":[\"https:\/\/www.hsymachinery.com\/product\/rebar-straightening-machine-gtd4-10a\/\"]}]},{\"@type\":\"ImageObject\",\"inLanguage\":\"pl-PL\",\"@id\":\"https:\/\/www.hsymachinery.com\/product\/rebar-straightening-machine-gtd4-10a\/#primaryimage\",\"url\":\"https:\/\/www.hsymachinery.com\/wp-content\/uploads\/2025\/06\/Rebar-Straightening-Machine-GTD4-10A.jpg\",\"contentUrl\":\"https:\/\/www.hsymachinery.com\/wp-content\/uploads\/2025\/06\/Rebar-Straightening-Machine-GTD4-10A.jpg\",\"width\":600,\"height\":600},{\"@type\":\"BreadcrumbList\",\"@id\":\"https:\/\/www.hsymachinery.com\/product\/rebar-straightening-machine-gtd4-10a\/#breadcrumb\",\"itemListElement\":[{\"@type\":\"ListItem\",\"position\":1,\"name\":\"home\",\"item\":\"https:\/\/www.hsymachinery.com\/\"},{\"@type\":\"ListItem\",\"position\":2,\"name\":\"products\",\"item\":\"https:\/\/www.hsymachinery.com\/products\/\"},{\"@type\":\"ListItem\",\"position\":3,\"name\":\"Rebar Straightening Machine GTD4-10A\"}]},{\"@type\":\"WebSite\",\"@id\":\"https:\/\/www.hsymachinery.com\/#website\",\"url\":\"https:\/\/www.hsymachinery.com\/\",\"name\":\"HSY Construction Machinery\",\"description\":\"HSY Machinery \u2013 A leading China construction machinery supplier, offering a wide range of light construction equipment. Our main products include Rebar Cutting Machine, Rebar Bending Machine, Rebar Stirrup Bending Machine, Rebar Arc Bending Machine, Rebar Straightening Machine, Five-Head Rebar Stirrup Bending Machine, Tamping Rammer, Plate Compactor, Concrete Cutter, Power Trowel, and other construction machinery. We are equipped with advanced CNC machines, and we enforce strict quality inspection standards along with comprehensive after-sales service. If you are interested in our products or services, we warmly welcome your inquiries via message.\",\"publisher\":{\"@id\":\"https:\/\/www.hsymachinery.com\/#organization\"},\"potentialAction\":[{\"@type\":\"SearchAction\",\"target\":{\"@type\":\"EntryPoint\",\"urlTemplate\":\"https:\/\/www.hsymachinery.com\/?s={search_term_string}\"},\"query-input\":{\"@type\":\"PropertyValueSpecification\",\"valueRequired\":true,\"valueName\":\"search_term_string\"}}],\"inLanguage\":\"pl-PL\"},{\"@type\":\"Organization\",\"@id\":\"https:\/\/www.hsymachinery.com\/#organization\",\"name\":\"HSY Construction Machinery\",\"url\":\"https:\/\/www.hsymachinery.com\/\",\"logo\":{\"@type\":\"ImageObject\",\"inLanguage\":\"pl-PL\",\"@id\":\"https:\/\/www.hsymachinery.com\/#\/schema\/logo\/image\/\",\"url\":\"https:\/\/www.hsymachinery.com\/wp-content\/uploads\/2025\/06\/cropped-HSY-machinery.png\",\"contentUrl\":\"https:\/\/www.hsymachinery.com\/wp-content\/uploads\/2025\/06\/cropped-HSY-machinery.png\",\"width\":600,\"height\":240,\"caption\":\"HSY Construction Machinery\"},\"image\":{\"@id\":\"https:\/\/www.hsymachinery.com\/#\/schema\/logo\/image\/\"}}]}<\/script>\n<!-- \/ Yoast SEO plugin. -->","yoast_head_json":{"title":"Maszyna do prostowania pr\u0119t\u00f3w zbrojeniowych GTD4-10A - HSY Construction Machinery","description":"Maszyna do prostowania pr\u0119t\u00f3w zbrojeniowych GTD4-10A szybko i precyzyjnie prostuje pr\u0119ty stalowe o \u015brednicy 4-10 mm. Kompaktowa, trwa\u0142a i gotowa do eksportu do projekt\u00f3w budowlanych.","robots":{"index":"index","follow":"follow","max-snippet":"max-snippet:-1","max-image-preview":"max-image-preview:large","max-video-preview":"max-video-preview:-1"},"canonical":"https:\/\/www.hsymachinery.com\/pl\/product\/maszyna-do-prostowania-pretow-zbrojeniowych-gtd4-10a\/","og_locale":"pl_PL","og_type":"article","og_title":"Rebar Straightening Machine GTD4-10A - HSY Construction Machinery","og_description":"Rebar Straightening Machine GTD4-10A straightens 4\u201310mm steel bars with speed and precision. Compact, durable, and export-ready for construction projects.","og_url":"https:\/\/www.hsymachinery.com\/pl\/product\/maszyna-do-prostowania-pretow-zbrojeniowych-gtd4-10a\/","og_site_name":"HSY Construction Machinery","article_modified_time":"2025-06-27T15:44:12+00:00","og_image":[{"width":600,"height":600,"url":"https:\/\/www.hsymachinery.com\/wp-content\/uploads\/2025\/06\/Rebar-Straightening-Machine-GTD4-10A.jpg","type":"image\/jpeg"}],"twitter_card":"summary_large_image","twitter_misc":{"Szacowany czas czytania":"2 minuty"},"schema":{"@context":"https:\/\/schema.org","@graph":[{"@type":"WebPage","@id":"https:\/\/www.hsymachinery.com\/product\/rebar-straightening-machine-gtd4-10a\/","url":"https:\/\/www.hsymachinery.com\/product\/rebar-straightening-machine-gtd4-10a\/","name":"Maszyna do prostowania pr\u0119t\u00f3w zbrojeniowych GTD4-10A - HSY Construction Machinery","isPartOf":{"@id":"https:\/\/www.hsymachinery.com\/#website"},"primaryImageOfPage":{"@id":"https:\/\/www.hsymachinery.com\/product\/rebar-straightening-machine-gtd4-10a\/#primaryimage"},"image":{"@id":"https:\/\/www.hsymachinery.com\/product\/rebar-straightening-machine-gtd4-10a\/#primaryimage"},"thumbnailUrl":"https:\/\/www.hsymachinery.com\/wp-content\/uploads\/2025\/06\/Rebar-Straightening-Machine-GTD4-10A.jpg","datePublished":"2025-06-18T04:40:00+00:00","dateModified":"2025-06-27T15:44:12+00:00","description":"Maszyna do prostowania pr\u0119t\u00f3w zbrojeniowych GTD4-10A szybko i precyzyjnie prostuje pr\u0119ty stalowe o \u015brednicy 4-10 mm. Kompaktowa, trwa\u0142a i gotowa do eksportu do projekt\u00f3w budowlanych.","breadcrumb":{"@id":"https:\/\/www.hsymachinery.com\/product\/rebar-straightening-machine-gtd4-10a\/#breadcrumb"},"inLanguage":"pl-PL","potentialAction":[{"@type":"ReadAction","target":["https:\/\/www.hsymachinery.com\/product\/rebar-straightening-machine-gtd4-10a\/"]}]},{"@type":"ImageObject","inLanguage":"pl-PL","@id":"https:\/\/www.hsymachinery.com\/product\/rebar-straightening-machine-gtd4-10a\/#primaryimage","url":"https:\/\/www.hsymachinery.com\/wp-content\/uploads\/2025\/06\/Rebar-Straightening-Machine-GTD4-10A.jpg","contentUrl":"https:\/\/www.hsymachinery.com\/wp-content\/uploads\/2025\/06\/Rebar-Straightening-Machine-GTD4-10A.jpg","width":600,"height":600},{"@type":"BreadcrumbList","@id":"https:\/\/www.hsymachinery.com\/product\/rebar-straightening-machine-gtd4-10a\/#breadcrumb","itemListElement":[{"@type":"ListItem","position":1,"name":"home","item":"https:\/\/www.hsymachinery.com\/"},{"@type":"ListItem","position":2,"name":"products","item":"https:\/\/www.hsymachinery.com\/products\/"},{"@type":"ListItem","position":3,"name":"Rebar Straightening Machine GTD4-10A"}]},{"@type":"WebSite","@id":"https:\/\/www.hsymachinery.com\/#website","url":"https:\/\/www.hsymachinery.com\/","name":"HSY Construction Machinery","description":"HSY Machinery - wiod\u0105cy chi\u0144ski dostawca maszyn budowlanych, oferuj\u0105cy szerok\u0105 gam\u0119 lekkiego sprz\u0119tu budowlanego. Nasze g\u0142\u00f3wne produkty to maszyna do ci\u0119cia pr\u0119t\u00f3w zbrojeniowych, maszyna do gi\u0119cia pr\u0119t\u00f3w zbrojeniowych, maszyna do gi\u0119cia strzemion pr\u0119t\u00f3w zbrojeniowych, maszyna do gi\u0119cia \u0142uk\u00f3w pr\u0119t\u00f3w zbrojeniowych, maszyna do prostowania pr\u0119t\u00f3w zbrojeniowych, pi\u0119ciog\u0142owicowa maszyna do gi\u0119cia strzemion pr\u0119t\u00f3w zbrojeniowych, ubijak, zag\u0119szczarka p\u0142ytowa, przecinarka do betonu, zacieraczka mechaniczna i inne maszyny budowlane. Jeste\u015bmy wyposa\u017ceni w zaawansowane maszyny CNC i egzekwujemy surowe standardy kontroli jako\u015bci wraz z kompleksow\u0105 obs\u0142ug\u0105 posprzeda\u017cn\u0105. Je\u015bli jeste\u015b zainteresowany naszymi produktami lub us\u0142ugami, serdecznie zapraszamy do sk\u0142adania zapyta\u0144 za po\u015brednictwem wiadomo\u015bci.","publisher":{"@id":"https:\/\/www.hsymachinery.com\/#organization"},"potentialAction":[{"@type":"SearchAction","target":{"@type":"EntryPoint","urlTemplate":"https:\/\/www.hsymachinery.com\/?s={search_term_string}"},"query-input":{"@type":"PropertyValueSpecification","valueRequired":true,"valueName":"search_term_string"}}],"inLanguage":"pl-PL"},{"@type":"Organization","@id":"https:\/\/www.hsymachinery.com\/#organization","name":"HSY Construction Machinery","url":"https:\/\/www.hsymachinery.com\/","logo":{"@type":"ImageObject","inLanguage":"pl-PL","@id":"https:\/\/www.hsymachinery.com\/#\/schema\/logo\/image\/","url":"https:\/\/www.hsymachinery.com\/wp-content\/uploads\/2025\/06\/cropped-HSY-machinery.png","contentUrl":"https:\/\/www.hsymachinery.com\/wp-content\/uploads\/2025\/06\/cropped-HSY-machinery.png","width":600,"height":240,"caption":"HSY Construction Machinery"},"image":{"@id":"https:\/\/www.hsymachinery.com\/#\/schema\/logo\/image\/"}}]}},"_links":{"self":[{"href":"https:\/\/www.hsymachinery.com\/pl\/wp-json\/wp\/v2\/product\/9001","targetHints":{"allow":["GET"]}}],"collection":[{"href":"https:\/\/www.hsymachinery.com\/pl\/wp-json\/wp\/v2\/product"}],"about":[{"href":"https:\/\/www.hsymachinery.com\/pl\/wp-json\/wp\/v2\/types\/product"}],"version-history":[{"count":3,"href":"https:\/\/www.hsymachinery.com\/pl\/wp-json\/wp\/v2\/product\/9001\/revisions"}],"predecessor-version":[{"id":9424,"href":"https:\/\/www.hsymachinery.com\/pl\/wp-json\/wp\/v2\/product\/9001\/revisions\/9424"}],"wp:featuredmedia":[{"embeddable":true,"href":"https:\/\/www.hsymachinery.com\/pl\/wp-json\/wp\/v2\/media\/9002"}],"wp:attachment":[{"href":"https:\/\/www.hsymachinery.com\/pl\/wp-json\/wp\/v2\/media?parent=9001"}],"wp:term":[{"taxonomy":"product_brand","embeddable":true,"href":"https:\/\/www.hsymachinery.com\/pl\/wp-json\/wp\/v2\/product_brand?post=9001"},{"taxonomy":"product_cat","embeddable":true,"href":"https:\/\/www.hsymachinery.com\/pl\/wp-json\/wp\/v2\/product_cat?post=9001"},{"taxonomy":"product_tag","embeddable":true,"href":"https:\/\/www.hsymachinery.com\/pl\/wp-json\/wp\/v2\/product_tag?post=9001"}],"curies":[{"name":"wp","href":"https:\/\/api.w.org\/{rel}","templated":true}]}}