{"id":8998,"date":"2025-06-18T12:30:41","date_gmt":"2025-06-18T04:30:41","guid":{"rendered":"https:\/\/www.hsymachinery.com\/?post_type=product&#038;p=8998"},"modified":"2025-06-27T23:01:42","modified_gmt":"2025-06-27T15:01:42","slug":"gietarka-lukowa-do-pretow-zbrojeniowych-gwh50","status":"publish","type":"product","link":"https:\/\/www.hsymachinery.com\/pl\/product\/gietarka-lukowa-do-pretow-zbrojeniowych-gwh50\/","title":{"rendered":"Maszyna do gi\u0119cia pr\u0119t\u00f3w zbrojeniowych GWH50"},"content":{"rendered":"<h2 data-start=\"105\" data-end=\"144\">Maszyna do gi\u0119cia pr\u0119t\u00f3w zbrojeniowych GWH50<\/h2>\n<h3 data-start=\"145\" data-end=\"265\">Gi\u0119tarka \u0142ukowa GWH50 do pr\u0119t\u00f3w zbrojeniowych 20-50 mm | Bardzo ci\u0119\u017cki sprz\u0119t do gi\u0119cia pr\u0119t\u00f3w zbrojeniowych dla infrastruktury mostowej i energetycznej<\/h3>\n<h3 data-start=\"272\" data-end=\"345\">Przegl\u0105d produkt\u00f3w - maksymalna wydajno\u015b\u0107 gi\u0119cia dla wymagaj\u0105cych projekt\u00f3w<\/h3>\n<p data-start=\"347\" data-end=\"646\">The <strong data-start=\"351\" data-end=\"386\"><a href=\"https:\/\/www.hsymachinery.com\/pl\/produkty\/gietarka-lukowa-do-pretow-zbrojeniowych\/\" target=\"_blank\" rel=\"noopener\">Maszyna do gi\u0119cia pr\u0119t\u00f3w zbrojeniowych<\/a> GWH50<\/strong> zapewnia najwy\u017csz\u0105 wydajno\u015b\u0107 podczas gi\u0119cia pr\u0119t\u00f3w zbrojeniowych o grubo\u015bci od 20 mm do 50 mm. Zaprojektowana z my\u015bl\u0105 o elektrowniach, konstrukcjach morskich, fundamentach przemys\u0142owych i mostach o du\u017cej rozpi\u0119to\u015bci, maszyna ta obs\u0142uguje najgrubsze pr\u0119ty stosowane we wsp\u00f3\u0142czesnych konstrukcjach infrastrukturalnych.<\/p>\n<p data-start=\"648\" data-end=\"794\">Jego mocny silnik, ulepszony system momentu obrotowego i regulowane przez u\u017cytkownika elementy steruj\u0105ce pomagaj\u0105 tworzy\u0107 idealne \u0142uki - nawet w najtrudniejszych warunkach pracy.<\/p>\n<h3 data-start=\"801\" data-end=\"849\">Gi\u0119cie z du\u017c\u0105 moc\u0105 i precyzyjn\u0105 kontrol\u0105<\/h3>\n<p data-start=\"851\" data-end=\"1116\">Promie\u0144 gi\u0119cia mo\u017cna \u0142atwo dostosowa\u0107 za pomoc\u0105 wytrzyma\u0142ego systemu rolek i ustawie\u0144 prowadnicy GWH50. Silnik z miedzianym rdzeniem o wysokim momencie obrotowym wywiera sta\u0142\u0105 si\u0142\u0119 na pr\u0119ty o du\u017cej \u015brednicy, tworz\u0105c g\u0142adkie \u0142uki bez wybocze\u0144 i nier\u00f3wnomiernego napr\u0119\u017cenia.<\/p>\n<p data-start=\"1118\" data-end=\"1318\">Operatorzy mog\u0105 zgina\u0107 pr\u0119ty za pomoc\u0105 ramienia d\u017awigni, aby uzyska\u0107 r\u0119czn\u0105 precyzj\u0119, lub prze\u0142\u0105czy\u0107 si\u0119 na tryb peda\u0142u no\u017cnego, aby uzyska\u0107 szybsze i bezpieczniejsze powt\u00f3rzenia. Tak czy inaczej, GWH50 zapewnia pe\u0142n\u0105 kontrol\u0119 nad ka\u017cdym formowanym \u0142ukiem.<\/p>\n<h3 data-start=\"1325\" data-end=\"1384\">Zaprojektowany z my\u015bl\u0105 o trwa\u0142o\u015bci, eksporcie i ci\u0119\u017ckiej pracy<\/h3>\n<p data-start=\"1386\" data-end=\"1721\">Zbudowany ze wzmocnionej stalowej ramy i ponadwymiarowej platformy do gi\u0119cia, GWH50 pozostaje stabilny nawet przy ekstremalnym nacisku momentu obrotowego. Dzi\u0119ki przemys\u0142owym k\u00f3\u0142kom mo\u017cna j\u0105 przemieszcza\u0107 po hali produkcyjnej lub placu budowy. Dzi\u0119ki obs\u0142udze napi\u0119\u0107 220 V i 380 V przy 50 Hz\/60 Hz, model ten doskonale nadaje si\u0119 na rynki eksportowe i do u\u017cytku globalnego.<\/p>\n<p data-start=\"1723\" data-end=\"1827\">Je\u015bli projekt wymaga formowania \u0142ukowego o du\u017cej wydajno\u015bci, GWH50 jest najbardziej wydajnym rozwi\u0105zaniem w swojej klasie.<\/p>\n<h3 data-start=\"1834\" data-end=\"1887\">Kluczowe cechy gi\u0119tarki do pr\u0119t\u00f3w zbrojeniowych GWH50<\/h3>\n<ul data-start=\"1889\" data-end=\"2141\">\n<li data-start=\"1889\" data-end=\"1940\">\n<p data-start=\"1891\" data-end=\"1940\">Tworzy \u0142uki ze stalowych pr\u0119t\u00f3w zbrojeniowych o \u015brednicy 20-50 mm<\/p>\n<\/li>\n<li data-start=\"1941\" data-end=\"2014\">\n<p data-start=\"1943\" data-end=\"2014\">Zaprojektowany do most\u00f3w, fundament\u00f3w, projekt\u00f3w energetycznych i prefabrykat\u00f3w<\/p>\n<\/li>\n<li data-start=\"2015\" data-end=\"2082\">\n<p data-start=\"2017\" data-end=\"2082\">Wzmocniony silnik i platforma rolkowa do gi\u0119cia du\u017cych \u015brednic<\/p>\n<\/li>\n<li data-start=\"2083\" data-end=\"2141\">\n<p data-start=\"2085\" data-end=\"2141\">Mi\u0119dzynarodowe opcje napi\u0119cia dla globalnej kompatybilno\u015bci<\/p>\n<\/li>\n<\/ul>\n<p><iframe title=\"#construction #constructionworker #rebarmachine #rebarbender #rebarbending\" width=\"720\" height=\"405\" src=\"https:\/\/www.youtube.com\/embed\/kZFU0Z3IPgM?feature=oembed\" frameborder=\"0\" allow=\"accelerometer; autoplay; clipboard-write; encrypted-media; gyroscope; picture-in-picture; web-share\" referrerpolicy=\"strict-origin-when-cross-origin\" allowfullscreen><\/iframe><\/p>","protected":false},"excerpt":{"rendered":"<p>Maszyna do gi\u0119cia \u0142ukowego pr\u0119t\u00f3w zbrojeniowych GWH50 wygina pr\u0119ty 20-50 mm do zastosowa\u0144 konstrukcyjnych o du\u017cym obci\u0105\u017ceniu. Jest to idealne rozwi\u0105zanie dla infrastruktury na du\u017c\u0105 skal\u0119, z silnym momentem obrotowym i globaln\u0105 kompatybilno\u015bci\u0105 mocy.<\/p>","protected":false},"featured_media":8999,"template":"","meta":{"_kad_post_transparent":"default","_kad_post_title":"","_kad_post_layout":"default","_kad_post_sidebar_id":"","_kad_post_content_style":"default","_kad_post_vertical_padding":"default","_kad_post_feature":"","_kad_post_feature_position":"","_kad_post_header":false,"_kad_post_footer":false},"product_brand":[],"product_cat":[54],"product_tag":[1022,1016,1024,1018,1023,1017,1019,1021,1020,1015],"class_list":{"0":"post-8998","1":"product","2":"type-product","3":"status-publish","4":"has-post-thumbnail","6":"product_cat-rebar-arc-bending-machine","7":"product_tag-arc-shape-bending-machine-for-rebar","8":"product_tag-automatic-rebar-arc-bender","9":"product_tag-bar-arc-bending-machine-for-construction","10":"product_tag-cnc-rebar-arc-bending-equipment","11":"product_tag-curved-rebar-bending-tool","12":"product_tag-hydraulic-arc-bending-machine","13":"product_tag-rebar-circular-bending-machine","14":"product_tag-rebar-radius-bending-machine","15":"product_tag-round-bending-machine-for-steel-bars","16":"product_tag-steel-arc-bending-machine","18":"first","19":"instock","20":"shipping-taxable","21":"product-type-simple","22":"entry","23":"content-bg","24":"loop-entry"},"yoast_head":"<!-- This site is optimized with the Yoast SEO plugin v25.3.1 - https:\/\/yoast.com\/wordpress\/plugins\/seo\/ -->\n<title>Rebar Arc Bending Machine GWH50 - HSY Construction Machinery<\/title>\n<meta name=\"description\" content=\"Rebar Arc Bending Machine GWH50 bends 20\u201350mm steel bars into arcs. Designed for high-demand jobs with export-ready voltage and industrial performance.\" \/>\n<meta name=\"robots\" content=\"index, follow, max-snippet:-1, max-image-preview:large, max-video-preview:-1\" \/>\n<link rel=\"canonical\" href=\"https:\/\/www.hsymachinery.com\/pl\/product\/gietarka-lukowa-do-pretow-zbrojeniowych-gwh50\/\" \/>\n<meta property=\"og:locale\" content=\"pl_PL\" \/>\n<meta property=\"og:type\" content=\"article\" \/>\n<meta property=\"og:title\" content=\"Rebar Arc Bending Machine GWH50 - HSY Construction Machinery\" \/>\n<meta property=\"og:description\" content=\"Rebar Arc Bending Machine GWH50 bends 20\u201350mm steel bars into arcs. Designed for high-demand jobs with export-ready voltage and industrial performance.\" \/>\n<meta property=\"og:url\" content=\"https:\/\/www.hsymachinery.com\/pl\/product\/gietarka-lukowa-do-pretow-zbrojeniowych-gwh50\/\" \/>\n<meta property=\"og:site_name\" content=\"HSY Construction Machinery\" \/>\n<meta property=\"article:modified_time\" content=\"2025-06-27T15:01:42+00:00\" \/>\n<meta property=\"og:image\" content=\"https:\/\/www.hsymachinery.com\/wp-content\/uploads\/2025\/06\/Rebar-Arc-Bending-Machine-GWH50.jpg\" \/>\n\t<meta property=\"og:image:width\" content=\"600\" \/>\n\t<meta property=\"og:image:height\" content=\"600\" \/>\n\t<meta property=\"og:image:type\" content=\"image\/jpeg\" \/>\n<meta name=\"twitter:card\" content=\"summary_large_image\" \/>\n<meta name=\"twitter:label1\" content=\"Szacowany czas czytania\" \/>\n\t<meta name=\"twitter:data1\" content=\"2 minuty\" \/>\n<script type=\"application\/ld+json\" class=\"yoast-schema-graph\">{\"@context\":\"https:\/\/schema.org\",\"@graph\":[{\"@type\":\"WebPage\",\"@id\":\"https:\/\/www.hsymachinery.com\/product\/rebar-arc-bending-machine-gwh50\/\",\"url\":\"https:\/\/www.hsymachinery.com\/product\/rebar-arc-bending-machine-gwh50\/\",\"name\":\"Rebar Arc Bending Machine GWH50 - HSY Construction Machinery\",\"isPartOf\":{\"@id\":\"https:\/\/www.hsymachinery.com\/#website\"},\"primaryImageOfPage\":{\"@id\":\"https:\/\/www.hsymachinery.com\/product\/rebar-arc-bending-machine-gwh50\/#primaryimage\"},\"image\":{\"@id\":\"https:\/\/www.hsymachinery.com\/product\/rebar-arc-bending-machine-gwh50\/#primaryimage\"},\"thumbnailUrl\":\"https:\/\/www.hsymachinery.com\/wp-content\/uploads\/2025\/06\/Rebar-Arc-Bending-Machine-GWH50.jpg\",\"datePublished\":\"2025-06-18T04:30:41+00:00\",\"dateModified\":\"2025-06-27T15:01:42+00:00\",\"description\":\"Rebar Arc Bending Machine GWH50 bends 20\u201350mm steel bars into arcs. Designed for high-demand jobs with export-ready voltage and industrial performance.\",\"breadcrumb\":{\"@id\":\"https:\/\/www.hsymachinery.com\/product\/rebar-arc-bending-machine-gwh50\/#breadcrumb\"},\"inLanguage\":\"pl-PL\",\"potentialAction\":[{\"@type\":\"ReadAction\",\"target\":[\"https:\/\/www.hsymachinery.com\/product\/rebar-arc-bending-machine-gwh50\/\"]}]},{\"@type\":\"ImageObject\",\"inLanguage\":\"pl-PL\",\"@id\":\"https:\/\/www.hsymachinery.com\/product\/rebar-arc-bending-machine-gwh50\/#primaryimage\",\"url\":\"https:\/\/www.hsymachinery.com\/wp-content\/uploads\/2025\/06\/Rebar-Arc-Bending-Machine-GWH50.jpg\",\"contentUrl\":\"https:\/\/www.hsymachinery.com\/wp-content\/uploads\/2025\/06\/Rebar-Arc-Bending-Machine-GWH50.jpg\",\"width\":600,\"height\":600},{\"@type\":\"BreadcrumbList\",\"@id\":\"https:\/\/www.hsymachinery.com\/product\/rebar-arc-bending-machine-gwh50\/#breadcrumb\",\"itemListElement\":[{\"@type\":\"ListItem\",\"position\":1,\"name\":\"home\",\"item\":\"https:\/\/www.hsymachinery.com\/\"},{\"@type\":\"ListItem\",\"position\":2,\"name\":\"products\",\"item\":\"https:\/\/www.hsymachinery.com\/products\/\"},{\"@type\":\"ListItem\",\"position\":3,\"name\":\"Rebar Arc Bending Machine GWH50\"}]},{\"@type\":\"WebSite\",\"@id\":\"https:\/\/www.hsymachinery.com\/#website\",\"url\":\"https:\/\/www.hsymachinery.com\/\",\"name\":\"HSY Construction Machinery\",\"description\":\"HSY Machinery \u2013 A leading China construction machinery supplier, offering a wide range of light construction equipment. Our main products include Rebar Cutting Machine, Rebar Bending Machine, Rebar Stirrup Bending Machine, Rebar Arc Bending Machine, Rebar Straightening Machine, Five-Head Rebar Stirrup Bending Machine, Tamping Rammer, Plate Compactor, Concrete Cutter, Power Trowel, and other construction machinery. We are equipped with advanced CNC machines, and we enforce strict quality inspection standards along with comprehensive after-sales service. If you are interested in our products or services, we warmly welcome your inquiries via message.\",\"publisher\":{\"@id\":\"https:\/\/www.hsymachinery.com\/#organization\"},\"potentialAction\":[{\"@type\":\"SearchAction\",\"target\":{\"@type\":\"EntryPoint\",\"urlTemplate\":\"https:\/\/www.hsymachinery.com\/?s={search_term_string}\"},\"query-input\":{\"@type\":\"PropertyValueSpecification\",\"valueRequired\":true,\"valueName\":\"search_term_string\"}}],\"inLanguage\":\"pl-PL\"},{\"@type\":\"Organization\",\"@id\":\"https:\/\/www.hsymachinery.com\/#organization\",\"name\":\"HSY Construction Machinery\",\"url\":\"https:\/\/www.hsymachinery.com\/\",\"logo\":{\"@type\":\"ImageObject\",\"inLanguage\":\"pl-PL\",\"@id\":\"https:\/\/www.hsymachinery.com\/#\/schema\/logo\/image\/\",\"url\":\"https:\/\/www.hsymachinery.com\/wp-content\/uploads\/2025\/06\/cropped-HSY-machinery.png\",\"contentUrl\":\"https:\/\/www.hsymachinery.com\/wp-content\/uploads\/2025\/06\/cropped-HSY-machinery.png\",\"width\":600,\"height\":240,\"caption\":\"HSY Construction Machinery\"},\"image\":{\"@id\":\"https:\/\/www.hsymachinery.com\/#\/schema\/logo\/image\/\"}}]}<\/script>\n<!-- \/ Yoast SEO plugin. -->","yoast_head_json":{"title":"Maszyna do gi\u0119cia pr\u0119t\u00f3w zbrojeniowych GWH50 - HSY Construction Machinery","description":"Maszyna do gi\u0119cia \u0142ukowego pr\u0119t\u00f3w zbrojeniowych GWH50 wygina pr\u0119ty stalowe o \u015brednicy 20-50 mm w \u0142uki. Zaprojektowana z my\u015bl\u0105 o wymagaj\u0105cych zadaniach z napi\u0119ciem gotowym do eksportu i wydajno\u015bci\u0105 przemys\u0142ow\u0105.","robots":{"index":"index","follow":"follow","max-snippet":"max-snippet:-1","max-image-preview":"max-image-preview:large","max-video-preview":"max-video-preview:-1"},"canonical":"https:\/\/www.hsymachinery.com\/pl\/product\/gietarka-lukowa-do-pretow-zbrojeniowych-gwh50\/","og_locale":"pl_PL","og_type":"article","og_title":"Rebar Arc Bending Machine GWH50 - HSY Construction Machinery","og_description":"Rebar Arc Bending Machine GWH50 bends 20\u201350mm steel bars into arcs. Designed for high-demand jobs with export-ready voltage and industrial performance.","og_url":"https:\/\/www.hsymachinery.com\/pl\/product\/gietarka-lukowa-do-pretow-zbrojeniowych-gwh50\/","og_site_name":"HSY Construction Machinery","article_modified_time":"2025-06-27T15:01:42+00:00","og_image":[{"width":600,"height":600,"url":"https:\/\/www.hsymachinery.com\/wp-content\/uploads\/2025\/06\/Rebar-Arc-Bending-Machine-GWH50.jpg","type":"image\/jpeg"}],"twitter_card":"summary_large_image","twitter_misc":{"Szacowany czas czytania":"2 minuty"},"schema":{"@context":"https:\/\/schema.org","@graph":[{"@type":"WebPage","@id":"https:\/\/www.hsymachinery.com\/product\/rebar-arc-bending-machine-gwh50\/","url":"https:\/\/www.hsymachinery.com\/product\/rebar-arc-bending-machine-gwh50\/","name":"Maszyna do gi\u0119cia pr\u0119t\u00f3w zbrojeniowych GWH50 - HSY Construction Machinery","isPartOf":{"@id":"https:\/\/www.hsymachinery.com\/#website"},"primaryImageOfPage":{"@id":"https:\/\/www.hsymachinery.com\/product\/rebar-arc-bending-machine-gwh50\/#primaryimage"},"image":{"@id":"https:\/\/www.hsymachinery.com\/product\/rebar-arc-bending-machine-gwh50\/#primaryimage"},"thumbnailUrl":"https:\/\/www.hsymachinery.com\/wp-content\/uploads\/2025\/06\/Rebar-Arc-Bending-Machine-GWH50.jpg","datePublished":"2025-06-18T04:30:41+00:00","dateModified":"2025-06-27T15:01:42+00:00","description":"Maszyna do gi\u0119cia \u0142ukowego pr\u0119t\u00f3w zbrojeniowych GWH50 wygina pr\u0119ty stalowe o \u015brednicy 20-50 mm w \u0142uki. Zaprojektowana z my\u015bl\u0105 o wymagaj\u0105cych zadaniach z napi\u0119ciem gotowym do eksportu i wydajno\u015bci\u0105 przemys\u0142ow\u0105.","breadcrumb":{"@id":"https:\/\/www.hsymachinery.com\/product\/rebar-arc-bending-machine-gwh50\/#breadcrumb"},"inLanguage":"pl-PL","potentialAction":[{"@type":"ReadAction","target":["https:\/\/www.hsymachinery.com\/product\/rebar-arc-bending-machine-gwh50\/"]}]},{"@type":"ImageObject","inLanguage":"pl-PL","@id":"https:\/\/www.hsymachinery.com\/product\/rebar-arc-bending-machine-gwh50\/#primaryimage","url":"https:\/\/www.hsymachinery.com\/wp-content\/uploads\/2025\/06\/Rebar-Arc-Bending-Machine-GWH50.jpg","contentUrl":"https:\/\/www.hsymachinery.com\/wp-content\/uploads\/2025\/06\/Rebar-Arc-Bending-Machine-GWH50.jpg","width":600,"height":600},{"@type":"BreadcrumbList","@id":"https:\/\/www.hsymachinery.com\/product\/rebar-arc-bending-machine-gwh50\/#breadcrumb","itemListElement":[{"@type":"ListItem","position":1,"name":"home","item":"https:\/\/www.hsymachinery.com\/"},{"@type":"ListItem","position":2,"name":"products","item":"https:\/\/www.hsymachinery.com\/products\/"},{"@type":"ListItem","position":3,"name":"Rebar Arc Bending Machine GWH50"}]},{"@type":"WebSite","@id":"https:\/\/www.hsymachinery.com\/#website","url":"https:\/\/www.hsymachinery.com\/","name":"HSY Construction Machinery","description":"HSY Machinery - wiod\u0105cy chi\u0144ski dostawca maszyn budowlanych, oferuj\u0105cy szerok\u0105 gam\u0119 lekkiego sprz\u0119tu budowlanego. Nasze g\u0142\u00f3wne produkty to maszyna do ci\u0119cia pr\u0119t\u00f3w zbrojeniowych, maszyna do gi\u0119cia pr\u0119t\u00f3w zbrojeniowych, maszyna do gi\u0119cia strzemion pr\u0119t\u00f3w zbrojeniowych, maszyna do gi\u0119cia \u0142uk\u00f3w pr\u0119t\u00f3w zbrojeniowych, maszyna do prostowania pr\u0119t\u00f3w zbrojeniowych, pi\u0119ciog\u0142owicowa maszyna do gi\u0119cia strzemion pr\u0119t\u00f3w zbrojeniowych, ubijak, zag\u0119szczarka p\u0142ytowa, przecinarka do betonu, zacieraczka mechaniczna i inne maszyny budowlane. Jeste\u015bmy wyposa\u017ceni w zaawansowane maszyny CNC i egzekwujemy surowe standardy kontroli jako\u015bci wraz z kompleksow\u0105 obs\u0142ug\u0105 posprzeda\u017cn\u0105. Je\u015bli jeste\u015b zainteresowany naszymi produktami lub us\u0142ugami, serdecznie zapraszamy do sk\u0142adania zapyta\u0144 za po\u015brednictwem wiadomo\u015bci.","publisher":{"@id":"https:\/\/www.hsymachinery.com\/#organization"},"potentialAction":[{"@type":"SearchAction","target":{"@type":"EntryPoint","urlTemplate":"https:\/\/www.hsymachinery.com\/?s={search_term_string}"},"query-input":{"@type":"PropertyValueSpecification","valueRequired":true,"valueName":"search_term_string"}}],"inLanguage":"pl-PL"},{"@type":"Organization","@id":"https:\/\/www.hsymachinery.com\/#organization","name":"HSY Construction Machinery","url":"https:\/\/www.hsymachinery.com\/","logo":{"@type":"ImageObject","inLanguage":"pl-PL","@id":"https:\/\/www.hsymachinery.com\/#\/schema\/logo\/image\/","url":"https:\/\/www.hsymachinery.com\/wp-content\/uploads\/2025\/06\/cropped-HSY-machinery.png","contentUrl":"https:\/\/www.hsymachinery.com\/wp-content\/uploads\/2025\/06\/cropped-HSY-machinery.png","width":600,"height":240,"caption":"HSY Construction Machinery"},"image":{"@id":"https:\/\/www.hsymachinery.com\/#\/schema\/logo\/image\/"}}]}},"_links":{"self":[{"href":"https:\/\/www.hsymachinery.com\/pl\/wp-json\/wp\/v2\/product\/8998","targetHints":{"allow":["GET"]}}],"collection":[{"href":"https:\/\/www.hsymachinery.com\/pl\/wp-json\/wp\/v2\/product"}],"about":[{"href":"https:\/\/www.hsymachinery.com\/pl\/wp-json\/wp\/v2\/types\/product"}],"version-history":[{"count":3,"href":"https:\/\/www.hsymachinery.com\/pl\/wp-json\/wp\/v2\/product\/8998\/revisions"}],"predecessor-version":[{"id":9415,"href":"https:\/\/www.hsymachinery.com\/pl\/wp-json\/wp\/v2\/product\/8998\/revisions\/9415"}],"wp:featuredmedia":[{"embeddable":true,"href":"https:\/\/www.hsymachinery.com\/pl\/wp-json\/wp\/v2\/media\/8999"}],"wp:attachment":[{"href":"https:\/\/www.hsymachinery.com\/pl\/wp-json\/wp\/v2\/media?parent=8998"}],"wp:term":[{"taxonomy":"product_brand","embeddable":true,"href":"https:\/\/www.hsymachinery.com\/pl\/wp-json\/wp\/v2\/product_brand?post=8998"},{"taxonomy":"product_cat","embeddable":true,"href":"https:\/\/www.hsymachinery.com\/pl\/wp-json\/wp\/v2\/product_cat?post=8998"},{"taxonomy":"product_tag","embeddable":true,"href":"https:\/\/www.hsymachinery.com\/pl\/wp-json\/wp\/v2\/product_tag?post=8998"}],"curies":[{"name":"wp","href":"https:\/\/api.w.org\/{rel}","templated":true}]}}