{"id":8995,"date":"2025-06-18T12:28:44","date_gmt":"2025-06-18T04:28:44","guid":{"rendered":"https:\/\/www.hsymachinery.com\/?post_type=product&#038;p=8995"},"modified":"2025-06-27T22:55:02","modified_gmt":"2025-06-27T14:55:02","slug":"gietarka-lukowa-do-pretow-zbrojeniowych-gwh45","status":"publish","type":"product","link":"https:\/\/www.hsymachinery.com\/pl\/product\/gietarka-lukowa-do-pretow-zbrojeniowych-gwh45\/","title":{"rendered":"Maszyna do gi\u0119cia pr\u0119t\u00f3w zbrojeniowych GWH45"},"content":{"rendered":"<h2 data-start=\"115\" data-end=\"154\">Maszyna do gi\u0119cia pr\u0119t\u00f3w zbrojeniowych GWH45<\/h2>\n<h3 data-start=\"155\" data-end=\"274\">GWH45 Ci\u0119\u017cka gi\u0119tarka \u0142ukowa do pr\u0119t\u00f3w stalowych 20-45 mm | Precyzyjna gi\u0119tarka \u0142ukowa do projekt\u00f3w in\u017cynierii l\u0105dowej i wodnej<\/h3>\n<h3 data-start=\"281\" data-end=\"362\">Przegl\u0105d produkt\u00f3w - Szybka i precyzyjna obs\u0142uga \u0142uk\u00f3w pr\u0119towych o du\u017cej \u015brednicy<\/h3>\n<p data-start=\"364\" data-end=\"696\">The <strong data-start=\"368\" data-end=\"403\"><a href=\"https:\/\/www.hsymachinery.com\/pl\/produkty\/gietarka-lukowa-do-pretow-zbrojeniowych\/\" target=\"_blank\" rel=\"noopener\">Maszyna do gi\u0119cia pr\u0119t\u00f3w zbrojeniowych<\/a> GWH45<\/strong> wydajnie wygina stalowe pr\u0119ty zbrojeniowe o grubo\u015bci od 20 mm do 45 mm w \u0142uki, p\u00f3\u0142okr\u0119gi i niestandardowe zakrzywione kszta\u0142ty. Obs\u0142uguje wymagaj\u0105ce zadania w infrastrukturze cywilnej, produkcji prefabrykat\u00f3w i segment\u00f3w ok\u0142adzin tuneli, gdzie grube pr\u0119ty zbrojeniowe musz\u0105 by\u0107 formowane konsekwentnie i dok\u0142adnie.<\/p>\n<p data-start=\"698\" data-end=\"802\">Mo\u017cesz liczy\u0107 na to, \u017ce ta maszyna zapewni zar\u00f3wno surow\u0105 moc, jak i precyzj\u0119 gi\u0119cia w jednym niezawodnym pakiecie.<\/p>\n<h3 data-start=\"809\" data-end=\"866\">Regulowany promie\u0144 gi\u0119cia i du\u017cy moment obrotowy<\/h3>\n<p data-start=\"868\" data-end=\"1112\">W GWH45 mo\u017cna modyfikowa\u0107 odst\u0119p mi\u0119dzy rolkami i po\u0142o\u017cenie \u0142uku, aby dopasowa\u0107 je do \u017c\u0105danych ustawie\u0144 promienia. Wzmocniony silnik i przek\u0142adnia o du\u017cym obci\u0105\u017ceniu r\u00f3wnomiernie przenosz\u0105 silny moment obrotowy, umo\u017cliwiaj\u0105c czyste gi\u0119cie du\u017cych pr\u0119t\u00f3w bez p\u0119kni\u0119\u0107 i sp\u0142aszcze\u0144.<\/p>\n<p data-start=\"1114\" data-end=\"1346\">W zale\u017cno\u015bci od konfiguracji zespo\u0142u mo\u017cna wybra\u0107 obs\u0142ug\u0119 r\u0119czn\u0105 lub za pomoc\u0105 peda\u0142u no\u017cnego. Jego stabilna konstrukcja zapewnia, \u017ce maszyna pozostaje na swoim miejscu podczas pracy, nawet podczas obs\u0142ugi najci\u0119\u017cszych pr\u0119t\u00f3w.<\/p>\n<h3 data-start=\"1353\" data-end=\"1398\">Wytrzyma\u0142a konstrukcja do projekt\u00f3w mi\u0119dzynarodowych<\/h3>\n<p data-start=\"1400\" data-end=\"1677\">GWH45 posiada w pe\u0142ni stalow\u0105 obudow\u0119, zaprojektowan\u0105 tak, aby by\u0142a odporna na zm\u0119czenie w warunkach pracy ci\u0105g\u0142ej. Mo\u017cna go przemieszcza\u0107 na miejscu za pomoc\u0105 wytrzyma\u0142ych k\u00f3\u0142ek, a obs\u0142uga dw\u00f3ch napi\u0119\u0107 (220V\/380V, 50\/60Hz) umo\u017cliwia bezproblemow\u0105 integracj\u0119 z systemami zasilania na ca\u0142ym \u015bwiecie.<\/p>\n<p data-start=\"1679\" data-end=\"1800\">Je\u015bli potrzebujesz produkowa\u0107 precyzyjne zakrzywione formy pr\u0119t\u00f3w zbrojeniowych w du\u017cych ilo\u015bciach, GWH45 jest gotowa do pracy - w dowolnym miejscu na \u015bwiecie.<\/p>\n<h3 data-start=\"1807\" data-end=\"1860\">Kluczowe cechy gi\u0119tarki do pr\u0119t\u00f3w zbrojeniowych GWH45<\/h3>\n<ul data-start=\"1862\" data-end=\"2125\">\n<li data-start=\"1862\" data-end=\"1911\">\n<p data-start=\"1864\" data-end=\"1911\">Gi\u0119cie pr\u0119t\u00f3w zbrojeniowych 20-45 mm w \u0142uki i zakrzywione formy<\/p>\n<\/li>\n<li data-start=\"1912\" data-end=\"1990\">\n<p data-start=\"1914\" data-end=\"1990\">Idealny do ci\u0119\u017ckich projekt\u00f3w cywilnych, takich jak tunele, metro i fabryki prefabrykat\u00f3w.<\/p>\n<\/li>\n<li data-start=\"1991\" data-end=\"2061\">\n<p data-start=\"1993\" data-end=\"2061\">Mocny silnik i stabilna rama zapewniaj\u0105 niezawodne, powtarzalne dzia\u0142anie<\/p>\n<\/li>\n<li data-start=\"2062\" data-end=\"2125\">\n<p data-start=\"2064\" data-end=\"2125\">Podw\u00f3jne opcje sterowania i konfiguracja napi\u0119cia gotowa do eksportu<\/p>\n<\/li>\n<\/ul>\n<p><iframe title=\"#construction #constructionworker #rebarmachine #rebarbender #rebarbending\" width=\"720\" height=\"405\" src=\"https:\/\/www.youtube.com\/embed\/kZFU0Z3IPgM?feature=oembed\" frameborder=\"0\" allow=\"accelerometer; autoplay; clipboard-write; encrypted-media; gyroscope; picture-in-picture; web-share\" referrerpolicy=\"strict-origin-when-cross-origin\" allowfullscreen><\/iframe><\/p>","protected":false},"excerpt":{"rendered":"<p>Gi\u0119tarka \u0142ukowa GWH45 z \u0142atwo\u015bci\u0105 wygina pr\u0119ty stalowe o \u015brednicy 20-45 mm. Zaprojektowana do pracy w tunelach i infrastrukturze, oferuje wysoki moment obrotowy, dok\u0142adne gi\u0119cie i obs\u0142ug\u0119 globalnego napi\u0119cia.<\/p>","protected":false},"featured_media":8996,"template":"","meta":{"_kad_post_transparent":"default","_kad_post_title":"","_kad_post_layout":"default","_kad_post_sidebar_id":"","_kad_post_content_style":"default","_kad_post_vertical_padding":"default","_kad_post_feature":"","_kad_post_feature_position":"","_kad_post_header":false,"_kad_post_footer":false},"product_brand":[],"product_cat":[54],"product_tag":[1022,1016,1024,1018,1023,1017,1019,1021,1020,1015],"class_list":{"0":"post-8995","1":"product","2":"type-product","3":"status-publish","4":"has-post-thumbnail","6":"product_cat-rebar-arc-bending-machine","7":"product_tag-arc-shape-bending-machine-for-rebar","8":"product_tag-automatic-rebar-arc-bender","9":"product_tag-bar-arc-bending-machine-for-construction","10":"product_tag-cnc-rebar-arc-bending-equipment","11":"product_tag-curved-rebar-bending-tool","12":"product_tag-hydraulic-arc-bending-machine","13":"product_tag-rebar-circular-bending-machine","14":"product_tag-rebar-radius-bending-machine","15":"product_tag-round-bending-machine-for-steel-bars","16":"product_tag-steel-arc-bending-machine","18":"first","19":"instock","20":"shipping-taxable","21":"product-type-simple","22":"entry","23":"content-bg","24":"loop-entry"},"yoast_head":"<!-- This site is optimized with the Yoast SEO plugin v25.3.1 - https:\/\/yoast.com\/wordpress\/plugins\/seo\/ -->\n<title>Rebar Arc Bending Machine GWH45 - HSY Construction Machinery<\/title>\n<meta name=\"description\" content=\"Rebar Arc Bending Machine GWH45 bends 20\u201345mm rebar into arcs. Perfect for civil projects and exports, with strong torque and high bending accuracy.\" \/>\n<meta name=\"robots\" content=\"index, follow, max-snippet:-1, max-image-preview:large, max-video-preview:-1\" \/>\n<link rel=\"canonical\" href=\"https:\/\/www.hsymachinery.com\/pl\/product\/gietarka-lukowa-do-pretow-zbrojeniowych-gwh45\/\" \/>\n<meta property=\"og:locale\" content=\"pl_PL\" \/>\n<meta property=\"og:type\" content=\"article\" \/>\n<meta property=\"og:title\" content=\"Rebar Arc Bending Machine GWH45 - HSY Construction Machinery\" \/>\n<meta property=\"og:description\" content=\"Rebar Arc Bending Machine GWH45 bends 20\u201345mm rebar into arcs. Perfect for civil projects and exports, with strong torque and high bending accuracy.\" \/>\n<meta property=\"og:url\" content=\"https:\/\/www.hsymachinery.com\/pl\/product\/gietarka-lukowa-do-pretow-zbrojeniowych-gwh45\/\" \/>\n<meta property=\"og:site_name\" content=\"HSY Construction Machinery\" \/>\n<meta property=\"article:modified_time\" content=\"2025-06-27T14:55:02+00:00\" \/>\n<meta property=\"og:image\" content=\"https:\/\/www.hsymachinery.com\/wp-content\/uploads\/2025\/06\/Rebar-Arc-Bending-Machine-GWH45.jpg\" \/>\n\t<meta property=\"og:image:width\" content=\"600\" \/>\n\t<meta property=\"og:image:height\" content=\"600\" \/>\n\t<meta property=\"og:image:type\" content=\"image\/jpeg\" \/>\n<meta name=\"twitter:card\" content=\"summary_large_image\" \/>\n<meta name=\"twitter:label1\" content=\"Szacowany czas czytania\" \/>\n\t<meta name=\"twitter:data1\" content=\"2 minuty\" \/>\n<script type=\"application\/ld+json\" class=\"yoast-schema-graph\">{\"@context\":\"https:\/\/schema.org\",\"@graph\":[{\"@type\":\"WebPage\",\"@id\":\"https:\/\/www.hsymachinery.com\/product\/rebar-arc-bending-machine-gwh45\/\",\"url\":\"https:\/\/www.hsymachinery.com\/product\/rebar-arc-bending-machine-gwh45\/\",\"name\":\"Rebar Arc Bending Machine GWH45 - HSY Construction Machinery\",\"isPartOf\":{\"@id\":\"https:\/\/www.hsymachinery.com\/#website\"},\"primaryImageOfPage\":{\"@id\":\"https:\/\/www.hsymachinery.com\/product\/rebar-arc-bending-machine-gwh45\/#primaryimage\"},\"image\":{\"@id\":\"https:\/\/www.hsymachinery.com\/product\/rebar-arc-bending-machine-gwh45\/#primaryimage\"},\"thumbnailUrl\":\"https:\/\/www.hsymachinery.com\/wp-content\/uploads\/2025\/06\/Rebar-Arc-Bending-Machine-GWH45.jpg\",\"datePublished\":\"2025-06-18T04:28:44+00:00\",\"dateModified\":\"2025-06-27T14:55:02+00:00\",\"description\":\"Rebar Arc Bending Machine GWH45 bends 20\u201345mm rebar into arcs. Perfect for civil projects and exports, with strong torque and high bending accuracy.\",\"breadcrumb\":{\"@id\":\"https:\/\/www.hsymachinery.com\/product\/rebar-arc-bending-machine-gwh45\/#breadcrumb\"},\"inLanguage\":\"pl-PL\",\"potentialAction\":[{\"@type\":\"ReadAction\",\"target\":[\"https:\/\/www.hsymachinery.com\/product\/rebar-arc-bending-machine-gwh45\/\"]}]},{\"@type\":\"ImageObject\",\"inLanguage\":\"pl-PL\",\"@id\":\"https:\/\/www.hsymachinery.com\/product\/rebar-arc-bending-machine-gwh45\/#primaryimage\",\"url\":\"https:\/\/www.hsymachinery.com\/wp-content\/uploads\/2025\/06\/Rebar-Arc-Bending-Machine-GWH45.jpg\",\"contentUrl\":\"https:\/\/www.hsymachinery.com\/wp-content\/uploads\/2025\/06\/Rebar-Arc-Bending-Machine-GWH45.jpg\",\"width\":600,\"height\":600},{\"@type\":\"BreadcrumbList\",\"@id\":\"https:\/\/www.hsymachinery.com\/product\/rebar-arc-bending-machine-gwh45\/#breadcrumb\",\"itemListElement\":[{\"@type\":\"ListItem\",\"position\":1,\"name\":\"home\",\"item\":\"https:\/\/www.hsymachinery.com\/\"},{\"@type\":\"ListItem\",\"position\":2,\"name\":\"products\",\"item\":\"https:\/\/www.hsymachinery.com\/products\/\"},{\"@type\":\"ListItem\",\"position\":3,\"name\":\"Rebar Arc Bending Machine GWH45\"}]},{\"@type\":\"WebSite\",\"@id\":\"https:\/\/www.hsymachinery.com\/#website\",\"url\":\"https:\/\/www.hsymachinery.com\/\",\"name\":\"HSY Construction Machinery\",\"description\":\"HSY Machinery \u2013 A leading China construction machinery supplier, offering a wide range of light construction equipment. Our main products include Rebar Cutting Machine, Rebar Bending Machine, Rebar Stirrup Bending Machine, Rebar Arc Bending Machine, Rebar Straightening Machine, Five-Head Rebar Stirrup Bending Machine, Tamping Rammer, Plate Compactor, Concrete Cutter, Power Trowel, and other construction machinery. We are equipped with advanced CNC machines, and we enforce strict quality inspection standards along with comprehensive after-sales service. If you are interested in our products or services, we warmly welcome your inquiries via message.\",\"publisher\":{\"@id\":\"https:\/\/www.hsymachinery.com\/#organization\"},\"potentialAction\":[{\"@type\":\"SearchAction\",\"target\":{\"@type\":\"EntryPoint\",\"urlTemplate\":\"https:\/\/www.hsymachinery.com\/?s={search_term_string}\"},\"query-input\":{\"@type\":\"PropertyValueSpecification\",\"valueRequired\":true,\"valueName\":\"search_term_string\"}}],\"inLanguage\":\"pl-PL\"},{\"@type\":\"Organization\",\"@id\":\"https:\/\/www.hsymachinery.com\/#organization\",\"name\":\"HSY Construction Machinery\",\"url\":\"https:\/\/www.hsymachinery.com\/\",\"logo\":{\"@type\":\"ImageObject\",\"inLanguage\":\"pl-PL\",\"@id\":\"https:\/\/www.hsymachinery.com\/#\/schema\/logo\/image\/\",\"url\":\"https:\/\/www.hsymachinery.com\/wp-content\/uploads\/2025\/06\/cropped-HSY-machinery.png\",\"contentUrl\":\"https:\/\/www.hsymachinery.com\/wp-content\/uploads\/2025\/06\/cropped-HSY-machinery.png\",\"width\":600,\"height\":240,\"caption\":\"HSY Construction Machinery\"},\"image\":{\"@id\":\"https:\/\/www.hsymachinery.com\/#\/schema\/logo\/image\/\"}}]}<\/script>\n<!-- \/ Yoast SEO plugin. -->","yoast_head_json":{"title":"Maszyna do gi\u0119cia pr\u0119t\u00f3w zbrojeniowych GWH45 - HSY Construction Machinery","description":"Maszyna do gi\u0119cia pr\u0119t\u00f3w zbrojeniowych GWH45 wygina pr\u0119ty zbrojeniowe 20-45 mm w \u0142uki. Idealna do projekt\u00f3w cywilnych i eksportowych, z du\u017cym momentem obrotowym i wysok\u0105 dok\u0142adno\u015bci\u0105 gi\u0119cia.","robots":{"index":"index","follow":"follow","max-snippet":"max-snippet:-1","max-image-preview":"max-image-preview:large","max-video-preview":"max-video-preview:-1"},"canonical":"https:\/\/www.hsymachinery.com\/pl\/product\/gietarka-lukowa-do-pretow-zbrojeniowych-gwh45\/","og_locale":"pl_PL","og_type":"article","og_title":"Rebar Arc Bending Machine GWH45 - HSY Construction Machinery","og_description":"Rebar Arc Bending Machine GWH45 bends 20\u201345mm rebar into arcs. Perfect for civil projects and exports, with strong torque and high bending accuracy.","og_url":"https:\/\/www.hsymachinery.com\/pl\/product\/gietarka-lukowa-do-pretow-zbrojeniowych-gwh45\/","og_site_name":"HSY Construction Machinery","article_modified_time":"2025-06-27T14:55:02+00:00","og_image":[{"width":600,"height":600,"url":"https:\/\/www.hsymachinery.com\/wp-content\/uploads\/2025\/06\/Rebar-Arc-Bending-Machine-GWH45.jpg","type":"image\/jpeg"}],"twitter_card":"summary_large_image","twitter_misc":{"Szacowany czas czytania":"2 minuty"},"schema":{"@context":"https:\/\/schema.org","@graph":[{"@type":"WebPage","@id":"https:\/\/www.hsymachinery.com\/product\/rebar-arc-bending-machine-gwh45\/","url":"https:\/\/www.hsymachinery.com\/product\/rebar-arc-bending-machine-gwh45\/","name":"Maszyna do gi\u0119cia pr\u0119t\u00f3w zbrojeniowych GWH45 - HSY Construction Machinery","isPartOf":{"@id":"https:\/\/www.hsymachinery.com\/#website"},"primaryImageOfPage":{"@id":"https:\/\/www.hsymachinery.com\/product\/rebar-arc-bending-machine-gwh45\/#primaryimage"},"image":{"@id":"https:\/\/www.hsymachinery.com\/product\/rebar-arc-bending-machine-gwh45\/#primaryimage"},"thumbnailUrl":"https:\/\/www.hsymachinery.com\/wp-content\/uploads\/2025\/06\/Rebar-Arc-Bending-Machine-GWH45.jpg","datePublished":"2025-06-18T04:28:44+00:00","dateModified":"2025-06-27T14:55:02+00:00","description":"Maszyna do gi\u0119cia pr\u0119t\u00f3w zbrojeniowych GWH45 wygina pr\u0119ty zbrojeniowe 20-45 mm w \u0142uki. Idealna do projekt\u00f3w cywilnych i eksportowych, z du\u017cym momentem obrotowym i wysok\u0105 dok\u0142adno\u015bci\u0105 gi\u0119cia.","breadcrumb":{"@id":"https:\/\/www.hsymachinery.com\/product\/rebar-arc-bending-machine-gwh45\/#breadcrumb"},"inLanguage":"pl-PL","potentialAction":[{"@type":"ReadAction","target":["https:\/\/www.hsymachinery.com\/product\/rebar-arc-bending-machine-gwh45\/"]}]},{"@type":"ImageObject","inLanguage":"pl-PL","@id":"https:\/\/www.hsymachinery.com\/product\/rebar-arc-bending-machine-gwh45\/#primaryimage","url":"https:\/\/www.hsymachinery.com\/wp-content\/uploads\/2025\/06\/Rebar-Arc-Bending-Machine-GWH45.jpg","contentUrl":"https:\/\/www.hsymachinery.com\/wp-content\/uploads\/2025\/06\/Rebar-Arc-Bending-Machine-GWH45.jpg","width":600,"height":600},{"@type":"BreadcrumbList","@id":"https:\/\/www.hsymachinery.com\/product\/rebar-arc-bending-machine-gwh45\/#breadcrumb","itemListElement":[{"@type":"ListItem","position":1,"name":"home","item":"https:\/\/www.hsymachinery.com\/"},{"@type":"ListItem","position":2,"name":"products","item":"https:\/\/www.hsymachinery.com\/products\/"},{"@type":"ListItem","position":3,"name":"Rebar Arc Bending Machine GWH45"}]},{"@type":"WebSite","@id":"https:\/\/www.hsymachinery.com\/#website","url":"https:\/\/www.hsymachinery.com\/","name":"HSY Construction Machinery","description":"HSY Machinery - wiod\u0105cy chi\u0144ski dostawca maszyn budowlanych, oferuj\u0105cy szerok\u0105 gam\u0119 lekkiego sprz\u0119tu budowlanego. Nasze g\u0142\u00f3wne produkty to maszyna do ci\u0119cia pr\u0119t\u00f3w zbrojeniowych, maszyna do gi\u0119cia pr\u0119t\u00f3w zbrojeniowych, maszyna do gi\u0119cia strzemion pr\u0119t\u00f3w zbrojeniowych, maszyna do gi\u0119cia \u0142uk\u00f3w pr\u0119t\u00f3w zbrojeniowych, maszyna do prostowania pr\u0119t\u00f3w zbrojeniowych, pi\u0119ciog\u0142owicowa maszyna do gi\u0119cia strzemion pr\u0119t\u00f3w zbrojeniowych, ubijak, zag\u0119szczarka p\u0142ytowa, przecinarka do betonu, zacieraczka mechaniczna i inne maszyny budowlane. Jeste\u015bmy wyposa\u017ceni w zaawansowane maszyny CNC i egzekwujemy surowe standardy kontroli jako\u015bci wraz z kompleksow\u0105 obs\u0142ug\u0105 posprzeda\u017cn\u0105. Je\u015bli jeste\u015b zainteresowany naszymi produktami lub us\u0142ugami, serdecznie zapraszamy do sk\u0142adania zapyta\u0144 za po\u015brednictwem wiadomo\u015bci.","publisher":{"@id":"https:\/\/www.hsymachinery.com\/#organization"},"potentialAction":[{"@type":"SearchAction","target":{"@type":"EntryPoint","urlTemplate":"https:\/\/www.hsymachinery.com\/?s={search_term_string}"},"query-input":{"@type":"PropertyValueSpecification","valueRequired":true,"valueName":"search_term_string"}}],"inLanguage":"pl-PL"},{"@type":"Organization","@id":"https:\/\/www.hsymachinery.com\/#organization","name":"HSY Construction Machinery","url":"https:\/\/www.hsymachinery.com\/","logo":{"@type":"ImageObject","inLanguage":"pl-PL","@id":"https:\/\/www.hsymachinery.com\/#\/schema\/logo\/image\/","url":"https:\/\/www.hsymachinery.com\/wp-content\/uploads\/2025\/06\/cropped-HSY-machinery.png","contentUrl":"https:\/\/www.hsymachinery.com\/wp-content\/uploads\/2025\/06\/cropped-HSY-machinery.png","width":600,"height":240,"caption":"HSY Construction Machinery"},"image":{"@id":"https:\/\/www.hsymachinery.com\/#\/schema\/logo\/image\/"}}]}},"_links":{"self":[{"href":"https:\/\/www.hsymachinery.com\/pl\/wp-json\/wp\/v2\/product\/8995","targetHints":{"allow":["GET"]}}],"collection":[{"href":"https:\/\/www.hsymachinery.com\/pl\/wp-json\/wp\/v2\/product"}],"about":[{"href":"https:\/\/www.hsymachinery.com\/pl\/wp-json\/wp\/v2\/types\/product"}],"version-history":[{"count":3,"href":"https:\/\/www.hsymachinery.com\/pl\/wp-json\/wp\/v2\/product\/8995\/revisions"}],"predecessor-version":[{"id":9413,"href":"https:\/\/www.hsymachinery.com\/pl\/wp-json\/wp\/v2\/product\/8995\/revisions\/9413"}],"wp:featuredmedia":[{"embeddable":true,"href":"https:\/\/www.hsymachinery.com\/pl\/wp-json\/wp\/v2\/media\/8996"}],"wp:attachment":[{"href":"https:\/\/www.hsymachinery.com\/pl\/wp-json\/wp\/v2\/media?parent=8995"}],"wp:term":[{"taxonomy":"product_brand","embeddable":true,"href":"https:\/\/www.hsymachinery.com\/pl\/wp-json\/wp\/v2\/product_brand?post=8995"},{"taxonomy":"product_cat","embeddable":true,"href":"https:\/\/www.hsymachinery.com\/pl\/wp-json\/wp\/v2\/product_cat?post=8995"},{"taxonomy":"product_tag","embeddable":true,"href":"https:\/\/www.hsymachinery.com\/pl\/wp-json\/wp\/v2\/product_tag?post=8995"}],"curies":[{"name":"wp","href":"https:\/\/api.w.org\/{rel}","templated":true}]}}