{"id":8983,"date":"2025-06-18T12:22:53","date_gmt":"2025-06-18T04:22:53","guid":{"rendered":"https:\/\/www.hsymachinery.com\/?post_type=product&#038;p=8983"},"modified":"2025-06-27T22:31:07","modified_gmt":"2025-06-27T14:31:07","slug":"gietarka-lukowa-do-pretow-zbrojeniowych-gwh24","status":"publish","type":"product","link":"https:\/\/www.hsymachinery.com\/pl\/product\/gietarka-lukowa-do-pretow-zbrojeniowych-gwh24\/","title":{"rendered":"Maszyna do gi\u0119cia pr\u0119t\u00f3w zbrojeniowych GWH24"},"content":{"rendered":"<h2 data-start=\"96\" data-end=\"135\">Maszyna do gi\u0119cia pr\u0119t\u00f3w zbrojeniowych GWH24<\/h2>\n<h3 data-start=\"136\" data-end=\"257\">\u015arednio wytrzyma\u0142a gi\u0119tarka \u0142ukowa do pr\u0119t\u00f3w zbrojeniowych 12-24 mm | GWH24 Sprz\u0119t do gi\u0119cia pr\u0119t\u00f3w stalowych dla budownictwa i kszta\u0142towania krajobrazu<\/h3>\n<h3 data-start=\"264\" data-end=\"348\">Przegl\u0105d produkt\u00f3w - Wszechstronna gi\u0119tarka do pr\u0119t\u00f3w zakrzywionych do zbrojenia konstrukcji<\/h3>\n<p data-start=\"350\" data-end=\"651\">The <strong data-start=\"354\" data-end=\"389\"><a href=\"https:\/\/www.hsymachinery.com\/pl\/produkty\/gietarka-lukowa-do-pretow-zbrojeniowych\/\" target=\"_blank\" rel=\"noopener\">Maszyna do gi\u0119cia pr\u0119t\u00f3w zbrojeniowych<\/a> GWH24<\/strong> zapewnia niezawodne i wydajne rozwi\u0105zanie do kszta\u0142towania pr\u0119t\u00f3w zbrojeniowych o \u015brednicy od 6 mm do 24 mm w \u0142uki, p\u0119tle i krzywe. Zaprojektowany do \u015brednich zada\u0144 zbrojeniowych, jest powszechnie stosowany w \u015bcianach krajobrazowych, prefabrykowanych belkach, barierach drogowych i zakrzywionych elementach betonowych.<\/p>\n<p data-start=\"653\" data-end=\"821\">Niezale\u017cnie od tego, czy pracuje w warsztacie produkcyjnym, czy na miejscu w projekcie budowlanym, GWH24 zapewnia wysok\u0105 precyzj\u0119 dzia\u0142ania w zakresie formowania sp\u00f3jnych, g\u0142adkich krzywizn pr\u0119t\u00f3w zbrojeniowych.<\/p>\n<h3 data-start=\"828\" data-end=\"885\">Sta\u0142e wyj\u015bcie \u0142uku z ulepszon\u0105 kontrol\u0105 promienia<\/h3>\n<p data-start=\"887\" data-end=\"1144\">Maszyna posiada regulowan\u0105 platform\u0119 rolkow\u0105 i trwa\u0142y system sterowania, umo\u017cliwiaj\u0105cy u\u017cytkownikom precyzyjne ustawienie promienia gi\u0119cia. Silnik o wysokim momencie obrotowym zapewnia r\u00f3wnomierny obr\u00f3t pr\u0119ta, zachowuj\u0105c dok\u0142adno\u015b\u0107 i integralno\u015b\u0107 powierzchni podczas gi\u0119cia.<\/p>\n<p data-start=\"1146\" data-end=\"1311\">Aby dostosowa\u0107 si\u0119 do r\u00f3\u017cnych potrzeb, GWH24 obs\u0142uguje r\u0119czn\u0105 obs\u0142ug\u0119 uchwytu lub opcjonalne sterowanie peda\u0142em, zapewniaj\u0105c bezpieczne i elastyczne u\u017cytkowanie w r\u00f3\u017cnych warunkach.<\/p>\n<h3 data-start=\"1318\" data-end=\"1373\">Stworzony do wymagaj\u0105cych zada\u0144 ze specyfikacjami klasy eksportowej<\/h3>\n<p data-start=\"1375\" data-end=\"1700\">Gi\u0119tarka \u0142ukowa GWH24 posiada wzmocniony stalowy korpus, zaprojektowany tak, aby by\u0142 odporny na napr\u0119\u017cenia i wibracje podczas d\u0142ugotrwa\u0142ego u\u017cytkowania. Jego kompaktowa rama jest wyposa\u017cona w k\u00f3\u0142ka zapewniaj\u0105ce mobilno\u015b\u0107, a komponenty elektryczne mo\u017cna skonfigurowa\u0107 do zasilania 220 V lub 380 V, dzi\u0119ki czemu nadaje si\u0119 do eksportu na rynki \u015bwiatowe.<\/p>\n<p data-start=\"1702\" data-end=\"1810\">Model ten oferuje idealn\u0105 r\u00f3wnowag\u0119 mi\u0119dzy moc\u0105, precyzj\u0105 i przeno\u015bno\u015bci\u0105 - idealny do formowania \u0142uku strukturalnego.<\/p>\n<h3 data-start=\"1817\" data-end=\"1870\">Kluczowe cechy gi\u0119tarki do pr\u0119t\u00f3w zbrojeniowych GWH24<\/h3>\n<ul data-start=\"1872\" data-end=\"2095\">\n<li data-start=\"1872\" data-end=\"1917\">\n<p data-start=\"1874\" data-end=\"1917\">Przetwarza pr\u0119ty zbrojeniowe 12-24 mm w zakrzywione kszta\u0142ty<\/p>\n<\/li>\n<li data-start=\"1918\" data-end=\"1985\">\n<p data-start=\"1920\" data-end=\"1985\">Dotyczy autostrad, \u015bcian oporowych i element\u00f3w prefabrykowanych<\/p>\n<\/li>\n<li data-start=\"1986\" data-end=\"2042\">\n<p data-start=\"1988\" data-end=\"2042\">Regulowany promie\u0144 \u0142uku dla r\u00f3\u017cnych potrzeb gi\u0119cia<\/p>\n<\/li>\n<li data-start=\"2043\" data-end=\"2095\">\n<p data-start=\"2045\" data-end=\"2095\">Konfiguracja dwunapi\u0119ciowa do u\u017cytku mi\u0119dzynarodowego<\/p>\n<\/li>\n<\/ul>\n<p><iframe title=\"#construction #constructionworker #rebarmachine #rebarbender #rebarbending\" width=\"720\" height=\"405\" src=\"https:\/\/www.youtube.com\/embed\/kZFU0Z3IPgM?feature=oembed\" frameborder=\"0\" allow=\"accelerometer; autoplay; clipboard-write; encrypted-media; gyroscope; picture-in-picture; web-share\" referrerpolicy=\"strict-origin-when-cross-origin\" allowfullscreen><\/iframe><\/p>","protected":false},"excerpt":{"rendered":"<p>Gi\u0119tarka \u0142ukowa GWH24 wygina pr\u0119ty stalowe 12-24 mm w precyzyjne \u0142uki. Zaprojektowana z my\u015bl\u0105 o potrzebach konstrukcyjnych na \u015bredni\u0105 skal\u0119, z opcjami zasilania kompatybilnymi z eksportem i stabiln\u0105 wydajno\u015bci\u0105.<\/p>","protected":false},"featured_media":8984,"template":"","meta":{"_kad_post_transparent":"default","_kad_post_title":"","_kad_post_layout":"default","_kad_post_sidebar_id":"","_kad_post_content_style":"default","_kad_post_vertical_padding":"default","_kad_post_feature":"","_kad_post_feature_position":"","_kad_post_header":false,"_kad_post_footer":false},"product_brand":[],"product_cat":[54],"product_tag":[1022,1016,1024,1018,1023,1017,1019,1021,1020,1015],"class_list":{"0":"post-8983","1":"product","2":"type-product","3":"status-publish","4":"has-post-thumbnail","6":"product_cat-rebar-arc-bending-machine","7":"product_tag-arc-shape-bending-machine-for-rebar","8":"product_tag-automatic-rebar-arc-bender","9":"product_tag-bar-arc-bending-machine-for-construction","10":"product_tag-cnc-rebar-arc-bending-equipment","11":"product_tag-curved-rebar-bending-tool","12":"product_tag-hydraulic-arc-bending-machine","13":"product_tag-rebar-circular-bending-machine","14":"product_tag-rebar-radius-bending-machine","15":"product_tag-round-bending-machine-for-steel-bars","16":"product_tag-steel-arc-bending-machine","18":"first","19":"instock","20":"shipping-taxable","21":"product-type-simple","22":"entry","23":"content-bg","24":"loop-entry"},"yoast_head":"<!-- This site is optimized with the Yoast SEO plugin v25.3.1 - https:\/\/yoast.com\/wordpress\/plugins\/seo\/ -->\n<title>Rebar Arc Bending Machine GWH24 - HSY Construction Machinery<\/title>\n<meta name=\"description\" content=\"Rebar Arc Bending Machine GWH24 bends 12\u201324mm steel bars into curves. Reliable for mid-size projects and export-friendly with flexible voltage support.\" \/>\n<meta name=\"robots\" content=\"index, follow, max-snippet:-1, max-image-preview:large, max-video-preview:-1\" \/>\n<link rel=\"canonical\" href=\"https:\/\/www.hsymachinery.com\/pl\/product\/gietarka-lukowa-do-pretow-zbrojeniowych-gwh24\/\" \/>\n<meta property=\"og:locale\" content=\"pl_PL\" \/>\n<meta property=\"og:type\" content=\"article\" \/>\n<meta property=\"og:title\" content=\"Rebar Arc Bending Machine GWH24 - HSY Construction Machinery\" \/>\n<meta property=\"og:description\" content=\"Rebar Arc Bending Machine GWH24 bends 12\u201324mm steel bars into curves. Reliable for mid-size projects and export-friendly with flexible voltage support.\" \/>\n<meta property=\"og:url\" content=\"https:\/\/www.hsymachinery.com\/pl\/product\/gietarka-lukowa-do-pretow-zbrojeniowych-gwh24\/\" \/>\n<meta property=\"og:site_name\" content=\"HSY Construction Machinery\" \/>\n<meta property=\"article:modified_time\" content=\"2025-06-27T14:31:07+00:00\" \/>\n<meta property=\"og:image\" content=\"https:\/\/www.hsymachinery.com\/wp-content\/uploads\/2025\/06\/Rebar-Arc-Bending-Machine-GWH24.jpg\" \/>\n\t<meta property=\"og:image:width\" content=\"600\" \/>\n\t<meta property=\"og:image:height\" content=\"600\" \/>\n\t<meta property=\"og:image:type\" content=\"image\/jpeg\" \/>\n<meta name=\"twitter:card\" content=\"summary_large_image\" \/>\n<meta name=\"twitter:label1\" content=\"Szacowany czas czytania\" \/>\n\t<meta name=\"twitter:data1\" content=\"2 minuty\" \/>\n<script type=\"application\/ld+json\" class=\"yoast-schema-graph\">{\"@context\":\"https:\/\/schema.org\",\"@graph\":[{\"@type\":\"WebPage\",\"@id\":\"https:\/\/www.hsymachinery.com\/product\/rebar-arc-bending-machine-gwh24\/\",\"url\":\"https:\/\/www.hsymachinery.com\/product\/rebar-arc-bending-machine-gwh24\/\",\"name\":\"Rebar Arc Bending Machine GWH24 - HSY Construction Machinery\",\"isPartOf\":{\"@id\":\"https:\/\/www.hsymachinery.com\/#website\"},\"primaryImageOfPage\":{\"@id\":\"https:\/\/www.hsymachinery.com\/product\/rebar-arc-bending-machine-gwh24\/#primaryimage\"},\"image\":{\"@id\":\"https:\/\/www.hsymachinery.com\/product\/rebar-arc-bending-machine-gwh24\/#primaryimage\"},\"thumbnailUrl\":\"https:\/\/www.hsymachinery.com\/wp-content\/uploads\/2025\/06\/Rebar-Arc-Bending-Machine-GWH24.jpg\",\"datePublished\":\"2025-06-18T04:22:53+00:00\",\"dateModified\":\"2025-06-27T14:31:07+00:00\",\"description\":\"Rebar Arc Bending Machine GWH24 bends 12\u201324mm steel bars into curves. Reliable for mid-size projects and export-friendly with flexible voltage support.\",\"breadcrumb\":{\"@id\":\"https:\/\/www.hsymachinery.com\/product\/rebar-arc-bending-machine-gwh24\/#breadcrumb\"},\"inLanguage\":\"pl-PL\",\"potentialAction\":[{\"@type\":\"ReadAction\",\"target\":[\"https:\/\/www.hsymachinery.com\/product\/rebar-arc-bending-machine-gwh24\/\"]}]},{\"@type\":\"ImageObject\",\"inLanguage\":\"pl-PL\",\"@id\":\"https:\/\/www.hsymachinery.com\/product\/rebar-arc-bending-machine-gwh24\/#primaryimage\",\"url\":\"https:\/\/www.hsymachinery.com\/wp-content\/uploads\/2025\/06\/Rebar-Arc-Bending-Machine-GWH24.jpg\",\"contentUrl\":\"https:\/\/www.hsymachinery.com\/wp-content\/uploads\/2025\/06\/Rebar-Arc-Bending-Machine-GWH24.jpg\",\"width\":600,\"height\":600},{\"@type\":\"BreadcrumbList\",\"@id\":\"https:\/\/www.hsymachinery.com\/product\/rebar-arc-bending-machine-gwh24\/#breadcrumb\",\"itemListElement\":[{\"@type\":\"ListItem\",\"position\":1,\"name\":\"home\",\"item\":\"https:\/\/www.hsymachinery.com\/\"},{\"@type\":\"ListItem\",\"position\":2,\"name\":\"products\",\"item\":\"https:\/\/www.hsymachinery.com\/products\/\"},{\"@type\":\"ListItem\",\"position\":3,\"name\":\"Rebar Arc Bending Machine GWH24\"}]},{\"@type\":\"WebSite\",\"@id\":\"https:\/\/www.hsymachinery.com\/#website\",\"url\":\"https:\/\/www.hsymachinery.com\/\",\"name\":\"HSY Construction Machinery\",\"description\":\"HSY Machinery \u2013 A leading China construction machinery supplier, offering a wide range of light construction equipment. Our main products include Rebar Cutting Machine, Rebar Bending Machine, Rebar Stirrup Bending Machine, Rebar Arc Bending Machine, Rebar Straightening Machine, Five-Head Rebar Stirrup Bending Machine, Tamping Rammer, Plate Compactor, Concrete Cutter, Power Trowel, and other construction machinery. We are equipped with advanced CNC machines, and we enforce strict quality inspection standards along with comprehensive after-sales service. If you are interested in our products or services, we warmly welcome your inquiries via message.\",\"publisher\":{\"@id\":\"https:\/\/www.hsymachinery.com\/#organization\"},\"potentialAction\":[{\"@type\":\"SearchAction\",\"target\":{\"@type\":\"EntryPoint\",\"urlTemplate\":\"https:\/\/www.hsymachinery.com\/?s={search_term_string}\"},\"query-input\":{\"@type\":\"PropertyValueSpecification\",\"valueRequired\":true,\"valueName\":\"search_term_string\"}}],\"inLanguage\":\"pl-PL\"},{\"@type\":\"Organization\",\"@id\":\"https:\/\/www.hsymachinery.com\/#organization\",\"name\":\"HSY Construction Machinery\",\"url\":\"https:\/\/www.hsymachinery.com\/\",\"logo\":{\"@type\":\"ImageObject\",\"inLanguage\":\"pl-PL\",\"@id\":\"https:\/\/www.hsymachinery.com\/#\/schema\/logo\/image\/\",\"url\":\"https:\/\/www.hsymachinery.com\/wp-content\/uploads\/2025\/06\/cropped-HSY-machinery.png\",\"contentUrl\":\"https:\/\/www.hsymachinery.com\/wp-content\/uploads\/2025\/06\/cropped-HSY-machinery.png\",\"width\":600,\"height\":240,\"caption\":\"HSY Construction Machinery\"},\"image\":{\"@id\":\"https:\/\/www.hsymachinery.com\/#\/schema\/logo\/image\/\"}}]}<\/script>\n<!-- \/ Yoast SEO plugin. -->","yoast_head_json":{"title":"Maszyna do gi\u0119cia pr\u0119t\u00f3w zbrojeniowych GWH24 - HSY Construction Machinery","description":"Maszyna do gi\u0119cia pr\u0119t\u00f3w zbrojeniowych GWH24 wygina pr\u0119ty stalowe 12-24 mm w \u0142uki. Niezawodna w projektach \u015bredniej wielko\u015bci i przyjazna dla eksportu dzi\u0119ki elastycznemu wsparciu napi\u0119cia.","robots":{"index":"index","follow":"follow","max-snippet":"max-snippet:-1","max-image-preview":"max-image-preview:large","max-video-preview":"max-video-preview:-1"},"canonical":"https:\/\/www.hsymachinery.com\/pl\/product\/gietarka-lukowa-do-pretow-zbrojeniowych-gwh24\/","og_locale":"pl_PL","og_type":"article","og_title":"Rebar Arc Bending Machine GWH24 - HSY Construction Machinery","og_description":"Rebar Arc Bending Machine GWH24 bends 12\u201324mm steel bars into curves. Reliable for mid-size projects and export-friendly with flexible voltage support.","og_url":"https:\/\/www.hsymachinery.com\/pl\/product\/gietarka-lukowa-do-pretow-zbrojeniowych-gwh24\/","og_site_name":"HSY Construction Machinery","article_modified_time":"2025-06-27T14:31:07+00:00","og_image":[{"width":600,"height":600,"url":"https:\/\/www.hsymachinery.com\/wp-content\/uploads\/2025\/06\/Rebar-Arc-Bending-Machine-GWH24.jpg","type":"image\/jpeg"}],"twitter_card":"summary_large_image","twitter_misc":{"Szacowany czas czytania":"2 minuty"},"schema":{"@context":"https:\/\/schema.org","@graph":[{"@type":"WebPage","@id":"https:\/\/www.hsymachinery.com\/product\/rebar-arc-bending-machine-gwh24\/","url":"https:\/\/www.hsymachinery.com\/product\/rebar-arc-bending-machine-gwh24\/","name":"Maszyna do gi\u0119cia pr\u0119t\u00f3w zbrojeniowych GWH24 - HSY Construction Machinery","isPartOf":{"@id":"https:\/\/www.hsymachinery.com\/#website"},"primaryImageOfPage":{"@id":"https:\/\/www.hsymachinery.com\/product\/rebar-arc-bending-machine-gwh24\/#primaryimage"},"image":{"@id":"https:\/\/www.hsymachinery.com\/product\/rebar-arc-bending-machine-gwh24\/#primaryimage"},"thumbnailUrl":"https:\/\/www.hsymachinery.com\/wp-content\/uploads\/2025\/06\/Rebar-Arc-Bending-Machine-GWH24.jpg","datePublished":"2025-06-18T04:22:53+00:00","dateModified":"2025-06-27T14:31:07+00:00","description":"Maszyna do gi\u0119cia pr\u0119t\u00f3w zbrojeniowych GWH24 wygina pr\u0119ty stalowe 12-24 mm w \u0142uki. Niezawodna w projektach \u015bredniej wielko\u015bci i przyjazna dla eksportu dzi\u0119ki elastycznemu wsparciu napi\u0119cia.","breadcrumb":{"@id":"https:\/\/www.hsymachinery.com\/product\/rebar-arc-bending-machine-gwh24\/#breadcrumb"},"inLanguage":"pl-PL","potentialAction":[{"@type":"ReadAction","target":["https:\/\/www.hsymachinery.com\/product\/rebar-arc-bending-machine-gwh24\/"]}]},{"@type":"ImageObject","inLanguage":"pl-PL","@id":"https:\/\/www.hsymachinery.com\/product\/rebar-arc-bending-machine-gwh24\/#primaryimage","url":"https:\/\/www.hsymachinery.com\/wp-content\/uploads\/2025\/06\/Rebar-Arc-Bending-Machine-GWH24.jpg","contentUrl":"https:\/\/www.hsymachinery.com\/wp-content\/uploads\/2025\/06\/Rebar-Arc-Bending-Machine-GWH24.jpg","width":600,"height":600},{"@type":"BreadcrumbList","@id":"https:\/\/www.hsymachinery.com\/product\/rebar-arc-bending-machine-gwh24\/#breadcrumb","itemListElement":[{"@type":"ListItem","position":1,"name":"home","item":"https:\/\/www.hsymachinery.com\/"},{"@type":"ListItem","position":2,"name":"products","item":"https:\/\/www.hsymachinery.com\/products\/"},{"@type":"ListItem","position":3,"name":"Rebar Arc Bending Machine GWH24"}]},{"@type":"WebSite","@id":"https:\/\/www.hsymachinery.com\/#website","url":"https:\/\/www.hsymachinery.com\/","name":"HSY Construction Machinery","description":"HSY Machinery - wiod\u0105cy chi\u0144ski dostawca maszyn budowlanych, oferuj\u0105cy szerok\u0105 gam\u0119 lekkiego sprz\u0119tu budowlanego. Nasze g\u0142\u00f3wne produkty to maszyna do ci\u0119cia pr\u0119t\u00f3w zbrojeniowych, maszyna do gi\u0119cia pr\u0119t\u00f3w zbrojeniowych, maszyna do gi\u0119cia strzemion pr\u0119t\u00f3w zbrojeniowych, maszyna do gi\u0119cia \u0142uk\u00f3w pr\u0119t\u00f3w zbrojeniowych, maszyna do prostowania pr\u0119t\u00f3w zbrojeniowych, pi\u0119ciog\u0142owicowa maszyna do gi\u0119cia strzemion pr\u0119t\u00f3w zbrojeniowych, ubijak, zag\u0119szczarka p\u0142ytowa, przecinarka do betonu, zacieraczka mechaniczna i inne maszyny budowlane. Jeste\u015bmy wyposa\u017ceni w zaawansowane maszyny CNC i egzekwujemy surowe standardy kontroli jako\u015bci wraz z kompleksow\u0105 obs\u0142ug\u0105 posprzeda\u017cn\u0105. Je\u015bli jeste\u015b zainteresowany naszymi produktami lub us\u0142ugami, serdecznie zapraszamy do sk\u0142adania zapyta\u0144 za po\u015brednictwem wiadomo\u015bci.","publisher":{"@id":"https:\/\/www.hsymachinery.com\/#organization"},"potentialAction":[{"@type":"SearchAction","target":{"@type":"EntryPoint","urlTemplate":"https:\/\/www.hsymachinery.com\/?s={search_term_string}"},"query-input":{"@type":"PropertyValueSpecification","valueRequired":true,"valueName":"search_term_string"}}],"inLanguage":"pl-PL"},{"@type":"Organization","@id":"https:\/\/www.hsymachinery.com\/#organization","name":"HSY Construction Machinery","url":"https:\/\/www.hsymachinery.com\/","logo":{"@type":"ImageObject","inLanguage":"pl-PL","@id":"https:\/\/www.hsymachinery.com\/#\/schema\/logo\/image\/","url":"https:\/\/www.hsymachinery.com\/wp-content\/uploads\/2025\/06\/cropped-HSY-machinery.png","contentUrl":"https:\/\/www.hsymachinery.com\/wp-content\/uploads\/2025\/06\/cropped-HSY-machinery.png","width":600,"height":240,"caption":"HSY Construction Machinery"},"image":{"@id":"https:\/\/www.hsymachinery.com\/#\/schema\/logo\/image\/"}}]}},"_links":{"self":[{"href":"https:\/\/www.hsymachinery.com\/pl\/wp-json\/wp\/v2\/product\/8983","targetHints":{"allow":["GET"]}}],"collection":[{"href":"https:\/\/www.hsymachinery.com\/pl\/wp-json\/wp\/v2\/product"}],"about":[{"href":"https:\/\/www.hsymachinery.com\/pl\/wp-json\/wp\/v2\/types\/product"}],"version-history":[{"count":4,"href":"https:\/\/www.hsymachinery.com\/pl\/wp-json\/wp\/v2\/product\/8983\/revisions"}],"predecessor-version":[{"id":9402,"href":"https:\/\/www.hsymachinery.com\/pl\/wp-json\/wp\/v2\/product\/8983\/revisions\/9402"}],"wp:featuredmedia":[{"embeddable":true,"href":"https:\/\/www.hsymachinery.com\/pl\/wp-json\/wp\/v2\/media\/8984"}],"wp:attachment":[{"href":"https:\/\/www.hsymachinery.com\/pl\/wp-json\/wp\/v2\/media?parent=8983"}],"wp:term":[{"taxonomy":"product_brand","embeddable":true,"href":"https:\/\/www.hsymachinery.com\/pl\/wp-json\/wp\/v2\/product_brand?post=8983"},{"taxonomy":"product_cat","embeddable":true,"href":"https:\/\/www.hsymachinery.com\/pl\/wp-json\/wp\/v2\/product_cat?post=8983"},{"taxonomy":"product_tag","embeddable":true,"href":"https:\/\/www.hsymachinery.com\/pl\/wp-json\/wp\/v2\/product_tag?post=8983"}],"curies":[{"name":"wp","href":"https:\/\/api.w.org\/{rel}","templated":true}]}}