{"id":8974,"date":"2025-06-18T12:11:58","date_gmt":"2025-06-18T04:11:58","guid":{"rendered":"https:\/\/www.hsymachinery.com\/?post_type=product&#038;p=8974"},"modified":"2025-06-27T21:30:46","modified_gmt":"2025-06-27T13:30:46","slug":"maszyna-do-giecia-strzemion-zbrojeniowych-gf42","status":"publish","type":"product","link":"https:\/\/www.hsymachinery.com\/pl\/product\/maszyna-do-giecia-strzemion-zbrojeniowych-gf42\/","title":{"rendered":"Maszyna do gi\u0119cia pr\u0119t\u00f3w zbrojeniowych GF42"},"content":{"rendered":"<h2 data-start=\"115\" data-end=\"157\">Maszyna do gi\u0119cia pr\u0119t\u00f3w zbrojeniowych GF42<\/h2>\n<h3 data-start=\"158\" data-end=\"289\">Zaawansowana maszyna do gi\u0119cia strzemion zbrojeniowych GF42 dla pr\u0119t\u00f3w 6-36 mm | Formierka strzemion o wysokiej wydajno\u015bci do zastosowa\u0144 w betonie zbrojonym<\/h3>\n<h3 data-start=\"296\" data-end=\"392\">\u00a0Przegl\u0105d produkt\u00f3w - Precyzyjna gi\u0119tarka do pr\u0119t\u00f3w zbrojeniowych o du\u017cych rozmiarach i projekt\u00f3w przemys\u0142owych<\/h3>\n<p data-start=\"394\" data-end=\"733\">The <strong data-start=\"398\" data-end=\"436\"><a href=\"https:\/\/www.hsymachinery.com\/pl\/produkty\/maszyna-do-giecia-strzemion-zbrojeniowych\/\" target=\"_blank\" rel=\"noopener\">Maszyna do gi\u0119cia pr\u0119t\u00f3w zbrojeniowych<\/a> GF42<\/strong> jest przeznaczony do przetwarzania <strong data-start=\"460\" data-end=\"498\">Stalowe pr\u0119ty zbrojeniowe od 6 mm do 36 mm<\/strong>co sprawia, \u017ce jest to model o najwi\u0119kszej wydajno\u015bci w serii GF do gi\u0119cia strzemion. Jest on szeroko stosowany do wzmacniania fundament\u00f3w, budowy infrastruktury i produkcji prefabrykat\u00f3w stalowych, gdzie wymagane s\u0105 grubsze pr\u0119ty i wi\u0119ksze obj\u0119to\u015bci.<\/p>\n<p data-start=\"735\" data-end=\"852\">\u0141\u0105cz\u0105c wytrzyma\u0142o\u015b\u0107, dok\u0142adno\u015b\u0107 i szybko\u015b\u0107, GF42 oferuje niezawodne rozwi\u0105zanie do kszta\u0142towania pr\u0119t\u00f3w stalowych na du\u017c\u0105 skal\u0119.<\/p>\n<h3 data-start=\"859\" data-end=\"917\">System wysokiego momentu obrotowego z regulowanymi kontrolkami gi\u0119cia<\/h3>\n<p data-start=\"919\" data-end=\"1208\">Gi\u0119tarka do strzemion GF42 wykorzystuje wzmocnion\u0105 tarcz\u0119 gn\u0105c\u0105, trwa\u0142e ograniczniki i dwupozycyjne ustawienia sterowania, aby zapewni\u0107 sta\u0142e k\u0105ty strzemion od 0\u00b0 do 180\u00b0. Miedziany silnik o wysokim momencie obrotowym umo\u017cliwia ci\u0105g\u0142e gi\u0119cie stalowych pr\u0119t\u00f3w o du\u017cej \u015brednicy bez przegrzewania lub op\u00f3\u017anie\u0144.<\/p>\n<p data-start=\"1210\" data-end=\"1457\">Ta maszyna jest r\u00f3wnie\u017c wyposa\u017cona w uszczelnion\u0105 przek\u0142adni\u0119 smaruj\u0105c\u0105, kt\u00f3ra zmniejsza zu\u017cycie mechaniczne i zapewnia d\u0142u\u017csz\u0105 \u017cywotno\u015b\u0107. Dzi\u0119ki r\u0119cznemu sterowaniu d\u017awigni\u0105 i aktywacji peda\u0142em no\u017cnym operatorzy mog\u0105 wybra\u0107 najbardziej wydajn\u0105 metod\u0119 w zale\u017cno\u015bci od zadania.<\/p>\n<h3 data-start=\"1464\" data-end=\"1528\">Zaprojektowany z my\u015bl\u0105 o trudnych warunkach pracy i zgodno\u015bci z przepisami eksportowymi<\/h3>\n<p data-start=\"1530\" data-end=\"1849\">Rama GF42 zosta\u0142a wykonana ze stali klasy przemys\u0142owej, dzi\u0119ki czemu jest odporna na wibracje, odkszta\u0142cenia i przeci\u0105\u017cenia. Wyposa\u017cona w wytrzyma\u0142e k\u00f3\u0142ka, pozwala na \u0142atw\u0105 mobilno\u015b\u0107. Maszyna zasilana jest napi\u0119ciem 220V\/380V (50Hz\/60Hz), odpowiednim zar\u00f3wno dla krajowych, jak i mi\u0119dzynarodowych standard\u00f3w budowlanych.<\/p>\n<p data-start=\"1851\" data-end=\"2019\">Wysoka wydajno\u015b\u0107, przyjazna dla u\u017cytkownika konstrukcja i elastyczna konfiguracja mocy sprawiaj\u0105, \u017ce jest to preferowany wyb\u00f3r w\u015br\u00f3d profesjonalnych wykonawc\u00f3w i warsztat\u00f3w gi\u0119cia stali na ca\u0142ym \u015bwiecie.<\/p>\n<h3 data-start=\"2026\" data-end=\"2082\">Kluczowe cechy gi\u0119tarki do pr\u0119t\u00f3w zbrojeniowych GF42<\/h3>\n<ul data-start=\"2084\" data-end=\"2336\">\n<li data-start=\"2084\" data-end=\"2137\">\n<p data-start=\"2086\" data-end=\"2137\">Gi\u0119cie pr\u0119t\u00f3w 6-36 mm w strzemiona o r\u00f3\u017cnych kszta\u0142tach<\/p>\n<\/li>\n<li data-start=\"2138\" data-end=\"2213\">\n<p data-start=\"2140\" data-end=\"2213\">Zaprojektowany dla wymagaj\u0105cych zada\u0144, takich jak mosty, tunele i prefabrykacja.<\/p>\n<\/li>\n<li data-start=\"2214\" data-end=\"2273\">\n<p data-start=\"2216\" data-end=\"2273\">Wytrzyma\u0142a przek\u0142adnia i system silnika dla d\u0142u\u017cszej pracy<\/p>\n<\/li>\n<li data-start=\"2274\" data-end=\"2336\">\n<p data-start=\"2276\" data-end=\"2336\">Opcje napi\u0119cia gotowe do eksportu dla globalnych plac\u00f3w budowy<\/p>\n<\/li>\n<\/ul>\n<p><iframe title=\"#construction #constructionworker #rebarmachine #rebarbender #rebarbending\" width=\"720\" height=\"405\" src=\"https:\/\/www.youtube.com\/embed\/S_YQidcqUDg?feature=oembed\" frameborder=\"0\" allow=\"accelerometer; autoplay; clipboard-write; encrypted-media; gyroscope; picture-in-picture; web-share\" referrerpolicy=\"strict-origin-when-cross-origin\" allowfullscreen><\/iframe><\/p>","protected":false},"excerpt":{"rendered":"<p>Maszyna do gi\u0119cia strzemion zbrojeniowych GF42 przetwarza pr\u0119ty stalowe 6-36 mm na strzemiona do ci\u0119\u017ckich konstrukcji. Idealna do prefabrykat\u00f3w i zastosowa\u0144 przemys\u0142owych, kompatybilna z globalnym napi\u0119ciem.<\/p>","protected":false},"featured_media":8975,"template":"","meta":{"_kad_post_transparent":"default","_kad_post_title":"","_kad_post_layout":"default","_kad_post_sidebar_id":"","_kad_post_content_style":"default","_kad_post_vertical_padding":"default","_kad_post_feature":"","_kad_post_feature_position":"","_kad_post_header":false,"_kad_post_footer":false},"product_brand":[],"product_cat":[46],"product_tag":[1005,1006,1010,1008,1009,1013,1012,1014,1007,1011],"class_list":{"0":"post-8974","1":"product","2":"type-product","3":"status-publish","4":"has-post-thumbnail","6":"product_cat-rebar-stirrup-bending-machine","7":"product_tag-automatic-stirrup-bending-machine","8":"product_tag-cnc-rebar-stirrup-bender","9":"product_tag-hydraulic-stirrup-bender","10":"product_tag-rebar-stirrup-bender-machine","11":"product_tag-steel-stirrup-bending-machine","12":"product_tag-stirrup-bender-for-construction","13":"product_tag-stirrup-bending-equipment","14":"product_tag-stirrup-bending-machine-price","15":"product_tag-stirrup-making-machine","16":"product_tag-wire-stirrup-bending-machine","18":"first","19":"instock","20":"shipping-taxable","21":"product-type-simple","22":"entry","23":"content-bg","24":"loop-entry"},"yoast_head":"<!-- This site is optimized with the Yoast SEO plugin v25.3.1 - https:\/\/yoast.com\/wordpress\/plugins\/seo\/ -->\n<title>Rebar Stirrup Bending Machine GF42 - HSY Construction Machinery<\/title>\n<meta name=\"description\" content=\"Rebar Stirrup Bending Machine GF42 bends 6\u201336mm steel bars into stirrups with precision and power. Built for industrial-grade performance and global export.\" \/>\n<meta name=\"robots\" content=\"index, follow, max-snippet:-1, max-image-preview:large, max-video-preview:-1\" \/>\n<link rel=\"canonical\" href=\"https:\/\/www.hsymachinery.com\/pl\/product\/maszyna-do-giecia-strzemion-zbrojeniowych-gf42\/\" \/>\n<meta property=\"og:locale\" content=\"pl_PL\" \/>\n<meta property=\"og:type\" content=\"article\" \/>\n<meta property=\"og:title\" content=\"Rebar Stirrup Bending Machine GF42 - HSY Construction Machinery\" \/>\n<meta property=\"og:description\" content=\"Rebar Stirrup Bending Machine GF42 bends 6\u201336mm steel bars into stirrups with precision and power. Built for industrial-grade performance and global export.\" \/>\n<meta property=\"og:url\" content=\"https:\/\/www.hsymachinery.com\/pl\/product\/maszyna-do-giecia-strzemion-zbrojeniowych-gf42\/\" \/>\n<meta property=\"og:site_name\" content=\"HSY Construction Machinery\" \/>\n<meta property=\"article:modified_time\" content=\"2025-06-27T13:30:46+00:00\" \/>\n<meta property=\"og:image\" content=\"https:\/\/www.hsymachinery.com\/wp-content\/uploads\/2025\/06\/Rebar-Stirrup-Bending-Machine-GF42.jpg\" \/>\n\t<meta property=\"og:image:width\" content=\"600\" \/>\n\t<meta property=\"og:image:height\" content=\"600\" \/>\n\t<meta property=\"og:image:type\" content=\"image\/jpeg\" \/>\n<meta name=\"twitter:card\" content=\"summary_large_image\" \/>\n<meta name=\"twitter:label1\" content=\"Szacowany czas czytania\" \/>\n\t<meta name=\"twitter:data1\" content=\"2 minuty\" \/>\n<script type=\"application\/ld+json\" class=\"yoast-schema-graph\">{\"@context\":\"https:\/\/schema.org\",\"@graph\":[{\"@type\":\"WebPage\",\"@id\":\"https:\/\/www.hsymachinery.com\/product\/rebar-stirrup-bending-machine-gf42\/\",\"url\":\"https:\/\/www.hsymachinery.com\/product\/rebar-stirrup-bending-machine-gf42\/\",\"name\":\"Rebar Stirrup Bending Machine GF42 - HSY Construction Machinery\",\"isPartOf\":{\"@id\":\"https:\/\/www.hsymachinery.com\/#website\"},\"primaryImageOfPage\":{\"@id\":\"https:\/\/www.hsymachinery.com\/product\/rebar-stirrup-bending-machine-gf42\/#primaryimage\"},\"image\":{\"@id\":\"https:\/\/www.hsymachinery.com\/product\/rebar-stirrup-bending-machine-gf42\/#primaryimage\"},\"thumbnailUrl\":\"https:\/\/www.hsymachinery.com\/wp-content\/uploads\/2025\/06\/Rebar-Stirrup-Bending-Machine-GF42.jpg\",\"datePublished\":\"2025-06-18T04:11:58+00:00\",\"dateModified\":\"2025-06-27T13:30:46+00:00\",\"description\":\"Rebar Stirrup Bending Machine GF42 bends 6\u201336mm steel bars into stirrups with precision and power. Built for industrial-grade performance and global export.\",\"breadcrumb\":{\"@id\":\"https:\/\/www.hsymachinery.com\/product\/rebar-stirrup-bending-machine-gf42\/#breadcrumb\"},\"inLanguage\":\"pl-PL\",\"potentialAction\":[{\"@type\":\"ReadAction\",\"target\":[\"https:\/\/www.hsymachinery.com\/product\/rebar-stirrup-bending-machine-gf42\/\"]}]},{\"@type\":\"ImageObject\",\"inLanguage\":\"pl-PL\",\"@id\":\"https:\/\/www.hsymachinery.com\/product\/rebar-stirrup-bending-machine-gf42\/#primaryimage\",\"url\":\"https:\/\/www.hsymachinery.com\/wp-content\/uploads\/2025\/06\/Rebar-Stirrup-Bending-Machine-GF42.jpg\",\"contentUrl\":\"https:\/\/www.hsymachinery.com\/wp-content\/uploads\/2025\/06\/Rebar-Stirrup-Bending-Machine-GF42.jpg\",\"width\":600,\"height\":600},{\"@type\":\"BreadcrumbList\",\"@id\":\"https:\/\/www.hsymachinery.com\/product\/rebar-stirrup-bending-machine-gf42\/#breadcrumb\",\"itemListElement\":[{\"@type\":\"ListItem\",\"position\":1,\"name\":\"home\",\"item\":\"https:\/\/www.hsymachinery.com\/\"},{\"@type\":\"ListItem\",\"position\":2,\"name\":\"products\",\"item\":\"https:\/\/www.hsymachinery.com\/products\/\"},{\"@type\":\"ListItem\",\"position\":3,\"name\":\"Rebar Stirrup Bending Machine GF42\"}]},{\"@type\":\"WebSite\",\"@id\":\"https:\/\/www.hsymachinery.com\/#website\",\"url\":\"https:\/\/www.hsymachinery.com\/\",\"name\":\"HSY Construction Machinery\",\"description\":\"HSY Machinery \u2013 A leading China construction machinery supplier, offering a wide range of light construction equipment. Our main products include Rebar Cutting Machine, Rebar Bending Machine, Rebar Stirrup Bending Machine, Rebar Arc Bending Machine, Rebar Straightening Machine, Five-Head Rebar Stirrup Bending Machine, Tamping Rammer, Plate Compactor, Concrete Cutter, Power Trowel, and other construction machinery. We are equipped with advanced CNC machines, and we enforce strict quality inspection standards along with comprehensive after-sales service. If you are interested in our products or services, we warmly welcome your inquiries via message.\",\"publisher\":{\"@id\":\"https:\/\/www.hsymachinery.com\/#organization\"},\"potentialAction\":[{\"@type\":\"SearchAction\",\"target\":{\"@type\":\"EntryPoint\",\"urlTemplate\":\"https:\/\/www.hsymachinery.com\/?s={search_term_string}\"},\"query-input\":{\"@type\":\"PropertyValueSpecification\",\"valueRequired\":true,\"valueName\":\"search_term_string\"}}],\"inLanguage\":\"pl-PL\"},{\"@type\":\"Organization\",\"@id\":\"https:\/\/www.hsymachinery.com\/#organization\",\"name\":\"HSY Construction Machinery\",\"url\":\"https:\/\/www.hsymachinery.com\/\",\"logo\":{\"@type\":\"ImageObject\",\"inLanguage\":\"pl-PL\",\"@id\":\"https:\/\/www.hsymachinery.com\/#\/schema\/logo\/image\/\",\"url\":\"https:\/\/www.hsymachinery.com\/wp-content\/uploads\/2025\/06\/cropped-HSY-machinery.png\",\"contentUrl\":\"https:\/\/www.hsymachinery.com\/wp-content\/uploads\/2025\/06\/cropped-HSY-machinery.png\",\"width\":600,\"height\":240,\"caption\":\"HSY Construction Machinery\"},\"image\":{\"@id\":\"https:\/\/www.hsymachinery.com\/#\/schema\/logo\/image\/\"}}]}<\/script>\n<!-- \/ Yoast SEO plugin. -->","yoast_head_json":{"title":"Maszyna do gi\u0119cia pr\u0119t\u00f3w zbrojeniowych GF42 - HSY Construction Machinery","description":"Maszyna do gi\u0119cia strzemion zbrojeniowych GF42 wygina pr\u0119ty stalowe 6-36 mm w strzemiona z precyzj\u0105 i moc\u0105. Zbudowana z my\u015bl\u0105 o wydajno\u015bci przemys\u0142owej i globalnym eksporcie.","robots":{"index":"index","follow":"follow","max-snippet":"max-snippet:-1","max-image-preview":"max-image-preview:large","max-video-preview":"max-video-preview:-1"},"canonical":"https:\/\/www.hsymachinery.com\/pl\/product\/maszyna-do-giecia-strzemion-zbrojeniowych-gf42\/","og_locale":"pl_PL","og_type":"article","og_title":"Rebar Stirrup Bending Machine GF42 - HSY Construction Machinery","og_description":"Rebar Stirrup Bending Machine GF42 bends 6\u201336mm steel bars into stirrups with precision and power. Built for industrial-grade performance and global export.","og_url":"https:\/\/www.hsymachinery.com\/pl\/product\/maszyna-do-giecia-strzemion-zbrojeniowych-gf42\/","og_site_name":"HSY Construction Machinery","article_modified_time":"2025-06-27T13:30:46+00:00","og_image":[{"width":600,"height":600,"url":"https:\/\/www.hsymachinery.com\/wp-content\/uploads\/2025\/06\/Rebar-Stirrup-Bending-Machine-GF42.jpg","type":"image\/jpeg"}],"twitter_card":"summary_large_image","twitter_misc":{"Szacowany czas czytania":"2 minuty"},"schema":{"@context":"https:\/\/schema.org","@graph":[{"@type":"WebPage","@id":"https:\/\/www.hsymachinery.com\/product\/rebar-stirrup-bending-machine-gf42\/","url":"https:\/\/www.hsymachinery.com\/product\/rebar-stirrup-bending-machine-gf42\/","name":"Maszyna do gi\u0119cia pr\u0119t\u00f3w zbrojeniowych GF42 - HSY Construction Machinery","isPartOf":{"@id":"https:\/\/www.hsymachinery.com\/#website"},"primaryImageOfPage":{"@id":"https:\/\/www.hsymachinery.com\/product\/rebar-stirrup-bending-machine-gf42\/#primaryimage"},"image":{"@id":"https:\/\/www.hsymachinery.com\/product\/rebar-stirrup-bending-machine-gf42\/#primaryimage"},"thumbnailUrl":"https:\/\/www.hsymachinery.com\/wp-content\/uploads\/2025\/06\/Rebar-Stirrup-Bending-Machine-GF42.jpg","datePublished":"2025-06-18T04:11:58+00:00","dateModified":"2025-06-27T13:30:46+00:00","description":"Maszyna do gi\u0119cia strzemion zbrojeniowych GF42 wygina pr\u0119ty stalowe 6-36 mm w strzemiona z precyzj\u0105 i moc\u0105. Zbudowana z my\u015bl\u0105 o wydajno\u015bci przemys\u0142owej i globalnym eksporcie.","breadcrumb":{"@id":"https:\/\/www.hsymachinery.com\/product\/rebar-stirrup-bending-machine-gf42\/#breadcrumb"},"inLanguage":"pl-PL","potentialAction":[{"@type":"ReadAction","target":["https:\/\/www.hsymachinery.com\/product\/rebar-stirrup-bending-machine-gf42\/"]}]},{"@type":"ImageObject","inLanguage":"pl-PL","@id":"https:\/\/www.hsymachinery.com\/product\/rebar-stirrup-bending-machine-gf42\/#primaryimage","url":"https:\/\/www.hsymachinery.com\/wp-content\/uploads\/2025\/06\/Rebar-Stirrup-Bending-Machine-GF42.jpg","contentUrl":"https:\/\/www.hsymachinery.com\/wp-content\/uploads\/2025\/06\/Rebar-Stirrup-Bending-Machine-GF42.jpg","width":600,"height":600},{"@type":"BreadcrumbList","@id":"https:\/\/www.hsymachinery.com\/product\/rebar-stirrup-bending-machine-gf42\/#breadcrumb","itemListElement":[{"@type":"ListItem","position":1,"name":"home","item":"https:\/\/www.hsymachinery.com\/"},{"@type":"ListItem","position":2,"name":"products","item":"https:\/\/www.hsymachinery.com\/products\/"},{"@type":"ListItem","position":3,"name":"Rebar Stirrup Bending Machine GF42"}]},{"@type":"WebSite","@id":"https:\/\/www.hsymachinery.com\/#website","url":"https:\/\/www.hsymachinery.com\/","name":"HSY Construction Machinery","description":"HSY Machinery - wiod\u0105cy chi\u0144ski dostawca maszyn budowlanych, oferuj\u0105cy szerok\u0105 gam\u0119 lekkiego sprz\u0119tu budowlanego. Nasze g\u0142\u00f3wne produkty to maszyna do ci\u0119cia pr\u0119t\u00f3w zbrojeniowych, maszyna do gi\u0119cia pr\u0119t\u00f3w zbrojeniowych, maszyna do gi\u0119cia strzemion pr\u0119t\u00f3w zbrojeniowych, maszyna do gi\u0119cia \u0142uk\u00f3w pr\u0119t\u00f3w zbrojeniowych, maszyna do prostowania pr\u0119t\u00f3w zbrojeniowych, pi\u0119ciog\u0142owicowa maszyna do gi\u0119cia strzemion pr\u0119t\u00f3w zbrojeniowych, ubijak, zag\u0119szczarka p\u0142ytowa, przecinarka do betonu, zacieraczka mechaniczna i inne maszyny budowlane. Jeste\u015bmy wyposa\u017ceni w zaawansowane maszyny CNC i egzekwujemy surowe standardy kontroli jako\u015bci wraz z kompleksow\u0105 obs\u0142ug\u0105 posprzeda\u017cn\u0105. Je\u015bli jeste\u015b zainteresowany naszymi produktami lub us\u0142ugami, serdecznie zapraszamy do sk\u0142adania zapyta\u0144 za po\u015brednictwem wiadomo\u015bci.","publisher":{"@id":"https:\/\/www.hsymachinery.com\/#organization"},"potentialAction":[{"@type":"SearchAction","target":{"@type":"EntryPoint","urlTemplate":"https:\/\/www.hsymachinery.com\/?s={search_term_string}"},"query-input":{"@type":"PropertyValueSpecification","valueRequired":true,"valueName":"search_term_string"}}],"inLanguage":"pl-PL"},{"@type":"Organization","@id":"https:\/\/www.hsymachinery.com\/#organization","name":"HSY Construction Machinery","url":"https:\/\/www.hsymachinery.com\/","logo":{"@type":"ImageObject","inLanguage":"pl-PL","@id":"https:\/\/www.hsymachinery.com\/#\/schema\/logo\/image\/","url":"https:\/\/www.hsymachinery.com\/wp-content\/uploads\/2025\/06\/cropped-HSY-machinery.png","contentUrl":"https:\/\/www.hsymachinery.com\/wp-content\/uploads\/2025\/06\/cropped-HSY-machinery.png","width":600,"height":240,"caption":"HSY Construction Machinery"},"image":{"@id":"https:\/\/www.hsymachinery.com\/#\/schema\/logo\/image\/"}}]}},"_links":{"self":[{"href":"https:\/\/www.hsymachinery.com\/pl\/wp-json\/wp\/v2\/product\/8974","targetHints":{"allow":["GET"]}}],"collection":[{"href":"https:\/\/www.hsymachinery.com\/pl\/wp-json\/wp\/v2\/product"}],"about":[{"href":"https:\/\/www.hsymachinery.com\/pl\/wp-json\/wp\/v2\/types\/product"}],"version-history":[{"count":3,"href":"https:\/\/www.hsymachinery.com\/pl\/wp-json\/wp\/v2\/product\/8974\/revisions"}],"predecessor-version":[{"id":9388,"href":"https:\/\/www.hsymachinery.com\/pl\/wp-json\/wp\/v2\/product\/8974\/revisions\/9388"}],"wp:featuredmedia":[{"embeddable":true,"href":"https:\/\/www.hsymachinery.com\/pl\/wp-json\/wp\/v2\/media\/8975"}],"wp:attachment":[{"href":"https:\/\/www.hsymachinery.com\/pl\/wp-json\/wp\/v2\/media?parent=8974"}],"wp:term":[{"taxonomy":"product_brand","embeddable":true,"href":"https:\/\/www.hsymachinery.com\/pl\/wp-json\/wp\/v2\/product_brand?post=8974"},{"taxonomy":"product_cat","embeddable":true,"href":"https:\/\/www.hsymachinery.com\/pl\/wp-json\/wp\/v2\/product_cat?post=8974"},{"taxonomy":"product_tag","embeddable":true,"href":"https:\/\/www.hsymachinery.com\/pl\/wp-json\/wp\/v2\/product_tag?post=8974"}],"curies":[{"name":"wp","href":"https:\/\/api.w.org\/{rel}","templated":true}]}}