{"id":8971,"date":"2025-06-18T12:11:02","date_gmt":"2025-06-18T04:11:02","guid":{"rendered":"https:\/\/www.hsymachinery.com\/?post_type=product&#038;p=8971"},"modified":"2025-06-27T19:28:55","modified_gmt":"2025-06-27T11:28:55","slug":"maszyna-do-giecia-strzemion-zbrojeniowych-gf36","status":"publish","type":"product","link":"https:\/\/www.hsymachinery.com\/pl\/product\/maszyna-do-giecia-strzemion-zbrojeniowych-gf36\/","title":{"rendered":"Maszyna do gi\u0119cia pr\u0119t\u00f3w zbrojeniowych GF36"},"content":{"rendered":"<h2 data-start=\"123\" data-end=\"165\">Maszyna do gi\u0119cia pr\u0119t\u00f3w zbrojeniowych GF36<\/h2>\n<h3 data-start=\"166\" data-end=\"267\">Gi\u0119tarka do pr\u0119t\u00f3w zbrojeniowych GF36 do pr\u0119t\u00f3w zbrojeniowych 6-32 mm | Wytrzyma\u0142a gi\u0119tarka do pr\u0119t\u00f3w stalowych<\/h3>\n<h3 data-start=\"274\" data-end=\"374\">Przegl\u0105d produkt\u00f3w - Wydajny sprz\u0119t do formowania strzemion do betonu i prefabrykat\u00f3w stalowych<\/h3>\n<p data-start=\"376\" data-end=\"705\">The <strong data-start=\"380\" data-end=\"418\"><a href=\"https:\/\/www.hsymachinery.com\/pl\/produkty\/maszyna-do-giecia-strzemion-zbrojeniowych\/\" target=\"_blank\" rel=\"noopener\">Maszyna do gi\u0119cia pr\u0119t\u00f3w zbrojeniowych<\/a> GF36<\/strong> jest zbudowany do obs\u0142ugi stalowych pr\u0119t\u00f3w zbrojeniowych o \u015brednicy od 6 mm do 32 mm, zapewniaj\u0105c solidne i precyzyjne kszta\u0142towanie strzemion w \u015brednich i du\u017cych projektach budowlanych. Jest szeroko stosowana w zak\u0142adach prefabrykacji betonowej, na budowach most\u00f3w, tuneli metra i innych projektach wymagaj\u0105cych sta\u0142ej wydajno\u015bci kszta\u0142towania pr\u0119t\u00f3w.<\/p>\n<p data-start=\"707\" data-end=\"836\">Zaprojektowany z my\u015bl\u0105 o wysokiej wydajno\u015bci i \u0142atwo\u015bci obs\u0142ugi, GF36 stanowi idealn\u0105 r\u00f3wnowag\u0119 mi\u0119dzy wytrzyma\u0142o\u015bci\u0105, wszechstronno\u015bci\u0105 i trwa\u0142o\u015bci\u0105.<\/p>\n<h3 data-start=\"843\" data-end=\"889\">P\u0142ynne dzia\u0142anie z wi\u0119ksz\u0105 dok\u0142adno\u015bci\u0105<\/h3>\n<p data-start=\"891\" data-end=\"1221\">Wyposa\u017cona we wzmocnion\u0105 tarcz\u0119 obrotow\u0105, hartowane sworznie gn\u0105ce i pokr\u0119t\u0142a regulacji k\u0105ta, GF36 zapewnia powtarzalne gi\u0119cie w zakresie od 0\u00b0 do 180\u00b0. Maszyna ta wykorzystuje wysokowydajny silnik z rdzeniem miedzianym do generowania stabilnego momentu obrotowego, redukuj\u0105c odbicia stali i zapewniaj\u0105c jednolite kszta\u0142ty strzemion we wszystkich partiach.<\/p>\n<p data-start=\"1223\" data-end=\"1399\">Uszczelniona skrzynia bieg\u00f3w minimalizuje zu\u017cycie i ha\u0142as podczas pracy, a dwa tryby pracy (peda\u0142 no\u017cny i sterowanie r\u0119czne) zapewniaj\u0105 operatorowi elastyczno\u015b\u0107 i wi\u0119ksze bezpiecze\u0144stwo.<\/p>\n<h3 data-start=\"1406\" data-end=\"1445\">Wytrzyma\u0142a konstrukcja dla globalnych miejsc pracy<\/h3>\n<p data-start=\"1447\" data-end=\"1824\">The <strong data-start=\"1451\" data-end=\"1483\">Gi\u0119tarka do strzemion GF36<\/strong> posiada wytrzyma\u0142\u0105 ram\u0119, skonstruowan\u0105 tak, aby poch\u0142ania\u0142a wibracje i by\u0142a odporna na odkszta\u0142cenia pod obci\u0105\u017ceniem. \u0141atwo si\u0119 przemieszcza dzi\u0119ki k\u00f3\u0142kom klasy przemys\u0142owej, co sprawia, \u017ce zmiana po\u0142o\u017cenia nie wymaga wysi\u0142ku. Obs\u0142uguje zar\u00f3wno systemy napi\u0119cia 220 V, jak i 380 V, 50 Hz\/60 Hz, dzi\u0119ki czemu jest produktem gotowym do eksportu na mi\u0119dzynarodowe rynki budowlane.<\/p>\n<p data-start=\"1826\" data-end=\"1973\">Niezale\u017cnie od tego, czy produkujesz strzemiona na miejscu, czy w dedykowanym warsztacie zbrojarskim, GF36 oferuje wydajno\u015b\u0107 i trwa\u0142o\u015b\u0107, aby utrzyma\u0107 ci\u0105g\u0142o\u015b\u0107 produkcji.<\/p>\n<h3 data-start=\"1980\" data-end=\"2036\">Kluczowe cechy gi\u0119tarki do pr\u0119t\u00f3w zbrojeniowych GF36<\/h3>\n<ul data-start=\"2038\" data-end=\"2266\">\n<li data-start=\"2038\" data-end=\"2093\">\n<p data-start=\"2040\" data-end=\"2093\">Gi\u0119cie pr\u0119t\u00f3w stalowych 6-32 mm w precyzyjne formy strzemion<\/p>\n<\/li>\n<li data-start=\"2094\" data-end=\"2152\">\n<p data-start=\"2096\" data-end=\"2152\">Mocny silnik i system tarcz zapewniaj\u0105cy wysok\u0105 wydajno\u015b\u0107<\/p>\n<\/li>\n<li data-start=\"2153\" data-end=\"2208\">\n<p data-start=\"2155\" data-end=\"2208\">Dwie opcje sterowania dla elastycznych warunk\u00f3w pracy<\/p>\n<\/li>\n<li data-start=\"2209\" data-end=\"2266\">\n<p data-start=\"2211\" data-end=\"2266\">Mo\u017cliwo\u015b\u0107 dostosowania napi\u0119cia do u\u017cytku w projektach eksportowych lub lokalnych<\/p>\n<\/li>\n<\/ul>\n<p><iframe title=\"#construction #constructionworker #rebarmachine #rebarbender #rebarbending\" width=\"720\" height=\"405\" src=\"https:\/\/www.youtube.com\/embed\/S_YQidcqUDg?feature=oembed\" frameborder=\"0\" allow=\"accelerometer; autoplay; clipboard-write; encrypted-media; gyroscope; picture-in-picture; web-share\" referrerpolicy=\"strict-origin-when-cross-origin\" allowfullscreen><\/iframe><\/p>","protected":false},"excerpt":{"rendered":"<p>Gi\u0119tarka do pr\u0119t\u00f3w zbrojeniowych GF36 kszta\u0142tuje pr\u0119ty stalowe 6-32 mm z si\u0142\u0105 i precyzj\u0105. Jej przemys\u0142owa konstrukcja i globalna kompatybilno\u015b\u0107 napi\u0119ciowa sprawiaj\u0105, \u017ce jest idealna do powa\u017cnych prac zbrojeniowych.<\/p>","protected":false},"featured_media":8972,"template":"","meta":{"_kad_post_transparent":"default","_kad_post_title":"","_kad_post_layout":"default","_kad_post_sidebar_id":"","_kad_post_content_style":"default","_kad_post_vertical_padding":"default","_kad_post_feature":"","_kad_post_feature_position":"","_kad_post_header":false,"_kad_post_footer":false},"product_brand":[],"product_cat":[46],"product_tag":[1005,1006,1010,1008,1009,1013,1012,1014,1007,1011],"class_list":{"0":"post-8971","1":"product","2":"type-product","3":"status-publish","4":"has-post-thumbnail","6":"product_cat-rebar-stirrup-bending-machine","7":"product_tag-automatic-stirrup-bending-machine","8":"product_tag-cnc-rebar-stirrup-bender","9":"product_tag-hydraulic-stirrup-bender","10":"product_tag-rebar-stirrup-bender-machine","11":"product_tag-steel-stirrup-bending-machine","12":"product_tag-stirrup-bender-for-construction","13":"product_tag-stirrup-bending-equipment","14":"product_tag-stirrup-bending-machine-price","15":"product_tag-stirrup-making-machine","16":"product_tag-wire-stirrup-bending-machine","18":"first","19":"instock","20":"shipping-taxable","21":"product-type-simple","22":"entry","23":"content-bg","24":"loop-entry"},"yoast_head":"<!-- This site is optimized with the Yoast SEO plugin v25.3.1 - https:\/\/yoast.com\/wordpress\/plugins\/seo\/ -->\n<title>Rebar Stirrup Bending Machine GF36 - HSY Construction Machinery<\/title>\n<meta name=\"description\" content=\"Rebar Stirrup Bending Machine GF36 bends 6\u201332mm steel bars efficiently. A rugged, export-ready machine for reliable stirrup forming in construction and precast applications.\" \/>\n<meta name=\"robots\" content=\"index, follow, max-snippet:-1, max-image-preview:large, max-video-preview:-1\" \/>\n<link rel=\"canonical\" href=\"https:\/\/www.hsymachinery.com\/pl\/product\/maszyna-do-giecia-strzemion-zbrojeniowych-gf36\/\" \/>\n<meta property=\"og:locale\" content=\"pl_PL\" \/>\n<meta property=\"og:type\" content=\"article\" \/>\n<meta property=\"og:title\" content=\"Rebar Stirrup Bending Machine GF36 - HSY Construction Machinery\" \/>\n<meta property=\"og:description\" content=\"Rebar Stirrup Bending Machine GF36 bends 6\u201332mm steel bars efficiently. A rugged, export-ready machine for reliable stirrup forming in construction and precast applications.\" \/>\n<meta property=\"og:url\" content=\"https:\/\/www.hsymachinery.com\/pl\/product\/maszyna-do-giecia-strzemion-zbrojeniowych-gf36\/\" \/>\n<meta property=\"og:site_name\" content=\"HSY Construction Machinery\" \/>\n<meta property=\"article:modified_time\" content=\"2025-06-27T11:28:55+00:00\" \/>\n<meta property=\"og:image\" content=\"https:\/\/www.hsymachinery.com\/wp-content\/uploads\/2025\/06\/Rebar-Stirrup-Bending-Machine-GF36.jpg\" \/>\n\t<meta property=\"og:image:width\" content=\"600\" \/>\n\t<meta property=\"og:image:height\" content=\"600\" \/>\n\t<meta property=\"og:image:type\" content=\"image\/jpeg\" \/>\n<meta name=\"twitter:card\" content=\"summary_large_image\" \/>\n<meta name=\"twitter:label1\" content=\"Szacowany czas czytania\" \/>\n\t<meta name=\"twitter:data1\" content=\"2 minuty\" \/>\n<script type=\"application\/ld+json\" class=\"yoast-schema-graph\">{\"@context\":\"https:\/\/schema.org\",\"@graph\":[{\"@type\":\"WebPage\",\"@id\":\"https:\/\/www.hsymachinery.com\/product\/rebar-stirrup-bending-machine-gf36\/\",\"url\":\"https:\/\/www.hsymachinery.com\/product\/rebar-stirrup-bending-machine-gf36\/\",\"name\":\"Rebar Stirrup Bending Machine GF36 - HSY Construction Machinery\",\"isPartOf\":{\"@id\":\"https:\/\/www.hsymachinery.com\/#website\"},\"primaryImageOfPage\":{\"@id\":\"https:\/\/www.hsymachinery.com\/product\/rebar-stirrup-bending-machine-gf36\/#primaryimage\"},\"image\":{\"@id\":\"https:\/\/www.hsymachinery.com\/product\/rebar-stirrup-bending-machine-gf36\/#primaryimage\"},\"thumbnailUrl\":\"https:\/\/www.hsymachinery.com\/wp-content\/uploads\/2025\/06\/Rebar-Stirrup-Bending-Machine-GF36.jpg\",\"datePublished\":\"2025-06-18T04:11:02+00:00\",\"dateModified\":\"2025-06-27T11:28:55+00:00\",\"description\":\"Rebar Stirrup Bending Machine GF36 bends 6\u201332mm steel bars efficiently. A rugged, export-ready machine for reliable stirrup forming in construction and precast applications.\",\"breadcrumb\":{\"@id\":\"https:\/\/www.hsymachinery.com\/product\/rebar-stirrup-bending-machine-gf36\/#breadcrumb\"},\"inLanguage\":\"pl-PL\",\"potentialAction\":[{\"@type\":\"ReadAction\",\"target\":[\"https:\/\/www.hsymachinery.com\/product\/rebar-stirrup-bending-machine-gf36\/\"]}]},{\"@type\":\"ImageObject\",\"inLanguage\":\"pl-PL\",\"@id\":\"https:\/\/www.hsymachinery.com\/product\/rebar-stirrup-bending-machine-gf36\/#primaryimage\",\"url\":\"https:\/\/www.hsymachinery.com\/wp-content\/uploads\/2025\/06\/Rebar-Stirrup-Bending-Machine-GF36.jpg\",\"contentUrl\":\"https:\/\/www.hsymachinery.com\/wp-content\/uploads\/2025\/06\/Rebar-Stirrup-Bending-Machine-GF36.jpg\",\"width\":600,\"height\":600},{\"@type\":\"BreadcrumbList\",\"@id\":\"https:\/\/www.hsymachinery.com\/product\/rebar-stirrup-bending-machine-gf36\/#breadcrumb\",\"itemListElement\":[{\"@type\":\"ListItem\",\"position\":1,\"name\":\"home\",\"item\":\"https:\/\/www.hsymachinery.com\/\"},{\"@type\":\"ListItem\",\"position\":2,\"name\":\"products\",\"item\":\"https:\/\/www.hsymachinery.com\/products\/\"},{\"@type\":\"ListItem\",\"position\":3,\"name\":\"Rebar Stirrup Bending Machine GF36\"}]},{\"@type\":\"WebSite\",\"@id\":\"https:\/\/www.hsymachinery.com\/#website\",\"url\":\"https:\/\/www.hsymachinery.com\/\",\"name\":\"HSY Construction Machinery\",\"description\":\"HSY Machinery \u2013 A leading China construction machinery supplier, offering a wide range of light construction equipment. Our main products include Rebar Cutting Machine, Rebar Bending Machine, Rebar Stirrup Bending Machine, Rebar Arc Bending Machine, Rebar Straightening Machine, Five-Head Rebar Stirrup Bending Machine, Tamping Rammer, Plate Compactor, Concrete Cutter, Power Trowel, and other construction machinery. We are equipped with advanced CNC machines, and we enforce strict quality inspection standards along with comprehensive after-sales service. If you are interested in our products or services, we warmly welcome your inquiries via message.\",\"publisher\":{\"@id\":\"https:\/\/www.hsymachinery.com\/#organization\"},\"potentialAction\":[{\"@type\":\"SearchAction\",\"target\":{\"@type\":\"EntryPoint\",\"urlTemplate\":\"https:\/\/www.hsymachinery.com\/?s={search_term_string}\"},\"query-input\":{\"@type\":\"PropertyValueSpecification\",\"valueRequired\":true,\"valueName\":\"search_term_string\"}}],\"inLanguage\":\"pl-PL\"},{\"@type\":\"Organization\",\"@id\":\"https:\/\/www.hsymachinery.com\/#organization\",\"name\":\"HSY Construction Machinery\",\"url\":\"https:\/\/www.hsymachinery.com\/\",\"logo\":{\"@type\":\"ImageObject\",\"inLanguage\":\"pl-PL\",\"@id\":\"https:\/\/www.hsymachinery.com\/#\/schema\/logo\/image\/\",\"url\":\"https:\/\/www.hsymachinery.com\/wp-content\/uploads\/2025\/06\/cropped-HSY-machinery.png\",\"contentUrl\":\"https:\/\/www.hsymachinery.com\/wp-content\/uploads\/2025\/06\/cropped-HSY-machinery.png\",\"width\":600,\"height\":240,\"caption\":\"HSY Construction Machinery\"},\"image\":{\"@id\":\"https:\/\/www.hsymachinery.com\/#\/schema\/logo\/image\/\"}}]}<\/script>\n<!-- \/ Yoast SEO plugin. -->","yoast_head_json":{"title":"Maszyna do gi\u0119cia pr\u0119t\u00f3w zbrojeniowych GF36 - HSY Construction Machinery","description":"Maszyna do gi\u0119cia pr\u0119t\u00f3w zbrojeniowych GF36 wydajnie wygina pr\u0119ty stalowe 6-32 mm. Wytrzyma\u0142a, gotowa do eksportu maszyna do niezawodnego formowania strzemion w budownictwie i prefabrykacji.","robots":{"index":"index","follow":"follow","max-snippet":"max-snippet:-1","max-image-preview":"max-image-preview:large","max-video-preview":"max-video-preview:-1"},"canonical":"https:\/\/www.hsymachinery.com\/pl\/product\/maszyna-do-giecia-strzemion-zbrojeniowych-gf36\/","og_locale":"pl_PL","og_type":"article","og_title":"Rebar Stirrup Bending Machine GF36 - HSY Construction Machinery","og_description":"Rebar Stirrup Bending Machine GF36 bends 6\u201332mm steel bars efficiently. A rugged, export-ready machine for reliable stirrup forming in construction and precast applications.","og_url":"https:\/\/www.hsymachinery.com\/pl\/product\/maszyna-do-giecia-strzemion-zbrojeniowych-gf36\/","og_site_name":"HSY Construction Machinery","article_modified_time":"2025-06-27T11:28:55+00:00","og_image":[{"width":600,"height":600,"url":"https:\/\/www.hsymachinery.com\/wp-content\/uploads\/2025\/06\/Rebar-Stirrup-Bending-Machine-GF36.jpg","type":"image\/jpeg"}],"twitter_card":"summary_large_image","twitter_misc":{"Szacowany czas czytania":"2 minuty"},"schema":{"@context":"https:\/\/schema.org","@graph":[{"@type":"WebPage","@id":"https:\/\/www.hsymachinery.com\/product\/rebar-stirrup-bending-machine-gf36\/","url":"https:\/\/www.hsymachinery.com\/product\/rebar-stirrup-bending-machine-gf36\/","name":"Maszyna do gi\u0119cia pr\u0119t\u00f3w zbrojeniowych GF36 - HSY Construction Machinery","isPartOf":{"@id":"https:\/\/www.hsymachinery.com\/#website"},"primaryImageOfPage":{"@id":"https:\/\/www.hsymachinery.com\/product\/rebar-stirrup-bending-machine-gf36\/#primaryimage"},"image":{"@id":"https:\/\/www.hsymachinery.com\/product\/rebar-stirrup-bending-machine-gf36\/#primaryimage"},"thumbnailUrl":"https:\/\/www.hsymachinery.com\/wp-content\/uploads\/2025\/06\/Rebar-Stirrup-Bending-Machine-GF36.jpg","datePublished":"2025-06-18T04:11:02+00:00","dateModified":"2025-06-27T11:28:55+00:00","description":"Maszyna do gi\u0119cia pr\u0119t\u00f3w zbrojeniowych GF36 wydajnie wygina pr\u0119ty stalowe 6-32 mm. Wytrzyma\u0142a, gotowa do eksportu maszyna do niezawodnego formowania strzemion w budownictwie i prefabrykacji.","breadcrumb":{"@id":"https:\/\/www.hsymachinery.com\/product\/rebar-stirrup-bending-machine-gf36\/#breadcrumb"},"inLanguage":"pl-PL","potentialAction":[{"@type":"ReadAction","target":["https:\/\/www.hsymachinery.com\/product\/rebar-stirrup-bending-machine-gf36\/"]}]},{"@type":"ImageObject","inLanguage":"pl-PL","@id":"https:\/\/www.hsymachinery.com\/product\/rebar-stirrup-bending-machine-gf36\/#primaryimage","url":"https:\/\/www.hsymachinery.com\/wp-content\/uploads\/2025\/06\/Rebar-Stirrup-Bending-Machine-GF36.jpg","contentUrl":"https:\/\/www.hsymachinery.com\/wp-content\/uploads\/2025\/06\/Rebar-Stirrup-Bending-Machine-GF36.jpg","width":600,"height":600},{"@type":"BreadcrumbList","@id":"https:\/\/www.hsymachinery.com\/product\/rebar-stirrup-bending-machine-gf36\/#breadcrumb","itemListElement":[{"@type":"ListItem","position":1,"name":"home","item":"https:\/\/www.hsymachinery.com\/"},{"@type":"ListItem","position":2,"name":"products","item":"https:\/\/www.hsymachinery.com\/products\/"},{"@type":"ListItem","position":3,"name":"Rebar Stirrup Bending Machine GF36"}]},{"@type":"WebSite","@id":"https:\/\/www.hsymachinery.com\/#website","url":"https:\/\/www.hsymachinery.com\/","name":"HSY Construction Machinery","description":"HSY Machinery - wiod\u0105cy chi\u0144ski dostawca maszyn budowlanych, oferuj\u0105cy szerok\u0105 gam\u0119 lekkiego sprz\u0119tu budowlanego. Nasze g\u0142\u00f3wne produkty to maszyna do ci\u0119cia pr\u0119t\u00f3w zbrojeniowych, maszyna do gi\u0119cia pr\u0119t\u00f3w zbrojeniowych, maszyna do gi\u0119cia strzemion pr\u0119t\u00f3w zbrojeniowych, maszyna do gi\u0119cia \u0142uk\u00f3w pr\u0119t\u00f3w zbrojeniowych, maszyna do prostowania pr\u0119t\u00f3w zbrojeniowych, pi\u0119ciog\u0142owicowa maszyna do gi\u0119cia strzemion pr\u0119t\u00f3w zbrojeniowych, ubijak, zag\u0119szczarka p\u0142ytowa, przecinarka do betonu, zacieraczka mechaniczna i inne maszyny budowlane. Jeste\u015bmy wyposa\u017ceni w zaawansowane maszyny CNC i egzekwujemy surowe standardy kontroli jako\u015bci wraz z kompleksow\u0105 obs\u0142ug\u0105 posprzeda\u017cn\u0105. Je\u015bli jeste\u015b zainteresowany naszymi produktami lub us\u0142ugami, serdecznie zapraszamy do sk\u0142adania zapyta\u0144 za po\u015brednictwem wiadomo\u015bci.","publisher":{"@id":"https:\/\/www.hsymachinery.com\/#organization"},"potentialAction":[{"@type":"SearchAction","target":{"@type":"EntryPoint","urlTemplate":"https:\/\/www.hsymachinery.com\/?s={search_term_string}"},"query-input":{"@type":"PropertyValueSpecification","valueRequired":true,"valueName":"search_term_string"}}],"inLanguage":"pl-PL"},{"@type":"Organization","@id":"https:\/\/www.hsymachinery.com\/#organization","name":"HSY Construction Machinery","url":"https:\/\/www.hsymachinery.com\/","logo":{"@type":"ImageObject","inLanguage":"pl-PL","@id":"https:\/\/www.hsymachinery.com\/#\/schema\/logo\/image\/","url":"https:\/\/www.hsymachinery.com\/wp-content\/uploads\/2025\/06\/cropped-HSY-machinery.png","contentUrl":"https:\/\/www.hsymachinery.com\/wp-content\/uploads\/2025\/06\/cropped-HSY-machinery.png","width":600,"height":240,"caption":"HSY Construction Machinery"},"image":{"@id":"https:\/\/www.hsymachinery.com\/#\/schema\/logo\/image\/"}}]}},"_links":{"self":[{"href":"https:\/\/www.hsymachinery.com\/pl\/wp-json\/wp\/v2\/product\/8971","targetHints":{"allow":["GET"]}}],"collection":[{"href":"https:\/\/www.hsymachinery.com\/pl\/wp-json\/wp\/v2\/product"}],"about":[{"href":"https:\/\/www.hsymachinery.com\/pl\/wp-json\/wp\/v2\/types\/product"}],"version-history":[{"count":3,"href":"https:\/\/www.hsymachinery.com\/pl\/wp-json\/wp\/v2\/product\/8971\/revisions"}],"predecessor-version":[{"id":9385,"href":"https:\/\/www.hsymachinery.com\/pl\/wp-json\/wp\/v2\/product\/8971\/revisions\/9385"}],"wp:featuredmedia":[{"embeddable":true,"href":"https:\/\/www.hsymachinery.com\/pl\/wp-json\/wp\/v2\/media\/8972"}],"wp:attachment":[{"href":"https:\/\/www.hsymachinery.com\/pl\/wp-json\/wp\/v2\/media?parent=8971"}],"wp:term":[{"taxonomy":"product_brand","embeddable":true,"href":"https:\/\/www.hsymachinery.com\/pl\/wp-json\/wp\/v2\/product_brand?post=8971"},{"taxonomy":"product_cat","embeddable":true,"href":"https:\/\/www.hsymachinery.com\/pl\/wp-json\/wp\/v2\/product_cat?post=8971"},{"taxonomy":"product_tag","embeddable":true,"href":"https:\/\/www.hsymachinery.com\/pl\/wp-json\/wp\/v2\/product_tag?post=8971"}],"curies":[{"name":"wp","href":"https:\/\/api.w.org\/{rel}","templated":true}]}}