{"id":8949,"date":"2025-06-18T12:02:08","date_gmt":"2025-06-18T04:02:08","guid":{"rendered":"https:\/\/www.hsymachinery.com\/?post_type=product&#038;p=8949"},"modified":"2025-06-25T23:27:08","modified_gmt":"2025-06-25T15:27:08","slug":"gietarka-do-pretow-zbrojeniowych-gw55","status":"publish","type":"product","link":"https:\/\/www.hsymachinery.com\/pl\/product\/gietarka-do-pretow-zbrojeniowych-gw55\/","title":{"rendered":"Maszyna do gi\u0119cia pr\u0119t\u00f3w zbrojeniowych GW55"},"content":{"rendered":"<h3 data-start=\"147\" data-end=\"247\">Zaawansowany sprz\u0119t do gi\u0119cia pr\u0119t\u00f3w zbrojeniowych dla stali 6-42 mm | Przemys\u0142owa gi\u0119tarka do pr\u0119t\u00f3w zbrojeniowych dla ci\u0119\u017ckich konstrukcji<\/h3>\n<h3 data-start=\"254\" data-end=\"340\">Przegl\u0105d produkt\u00f3w - wysokowydajna gi\u0119tarka do pr\u0119t\u00f3w zbrojeniowych dla du\u017cych projekt\u00f3w<\/h3>\n<p data-start=\"342\" data-end=\"627\">The <strong data-start=\"346\" data-end=\"376\">Maszyna do gi\u0119cia pr\u0119t\u00f3w zbrojeniowych GW55<\/strong> jest przeznaczony do zginania <strong data-start=\"397\" data-end=\"412\">6 mm do 42 mm<\/strong> pr\u0119t\u00f3w zbrojeniowych z wytrzyma\u0142o\u015bci\u0105, dok\u0142adno\u015bci\u0105 i powtarzaln\u0105 wydajno\u015bci\u0105. Model ten jest idealny dla wykonawc\u00f3w zajmuj\u0105cych si\u0119 fundamentami most\u00f3w, konstrukcjami przemys\u0142owymi, systemami wsparcia tuneli i konstrukcj\u0105 wie\u017cowc\u00f3w.<\/p>\n<p data-start=\"629\" data-end=\"817\">Dzi\u0119ki wytrzyma\u0142ym komponentom i zoptymalizowanemu systemowi mechanicznemu gi\u0119tarka do pr\u0119t\u00f3w zbrojeniowych GW55 mo\u017ce obs\u0142ugiwa\u0107 grubsze pr\u0119ty stalowe bez spadku wydajno\u015bci, nawet podczas d\u0142ugich godzin pracy.<\/p>\n<h3 data-start=\"824\" data-end=\"883\">Sta\u0142a moc gi\u0119cia z elastyczn\u0105 kontrol\u0105 k\u0105ta<\/h3>\n<p data-start=\"885\" data-end=\"1191\">To <strong data-start=\"890\" data-end=\"915\">gi\u0119tarka do pr\u0119t\u00f3w zbrojeniowych<\/strong> posiada grub\u0105 tarcz\u0119 gn\u0105c\u0105, wytrzyma\u0142e sworznie i podw\u00f3jne regulowane ograniczniki k\u0105ta. Razem pozwalaj\u0105 one operatorom na ustawienie i utrzymanie precyzyjnych k\u0105t\u00f3w gi\u0119cia do 180\u00b0. Maszyna wykorzystuje silnik przemys\u0142owy z rdzeniem miedzianym, zapewniaj\u0105cy sta\u0142y moment obrotowy do codziennego kszta\u0142towania pr\u0119t\u00f3w stalowych.<\/p>\n<p data-start=\"1193\" data-end=\"1363\">Ponadto uszczelniona przek\u0142adnia zapewnia p\u0142ynniejsze zmiany bieg\u00f3w, niski poziom ha\u0142asu i d\u0142ug\u0105 \u017cywotno\u015b\u0107. Dzi\u0119ki temu GW55 nadaje si\u0119 do nieprzerwanej pracy w fabryce lub na miejscu.<\/p>\n<h3 data-start=\"1370\" data-end=\"1417\">Wytrzyma\u0142a konstrukcja dla wymagaj\u0105cych \u015brodowisk<\/h3>\n<p data-start=\"1419\" data-end=\"1747\">Wykonana ze wzmocnionego odlewu stalowego rama GW55 poch\u0142ania wibracje i jest odporna na zu\u017cycie, nawet przy du\u017cych obci\u0105\u017ceniach. Maszyna jest wyposa\u017cona w ko\u0142a o wysokiej wytrzyma\u0142o\u015bci, umo\u017cliwiaj\u0105ce elastyczne przemieszczanie po placu budowy. Operatorzy mog\u0105 kontrolowa\u0107 proces gi\u0119cia za pomoc\u0105 prze\u0142\u0105cznika no\u017cnego lub sterowania r\u0119cznego, zwi\u0119kszaj\u0105c bezpiecze\u0144stwo i precyzj\u0119.<\/p>\n<p data-start=\"1749\" data-end=\"1863\">Obs\u0142uguje r\u00f3wnie\u017c globalne opcje napi\u0119cia (220V\/380V, 50Hz\/60Hz), zapewniaj\u0105c mo\u017cliwo\u015b\u0107 dostosowania dla klient\u00f3w na ca\u0142ym \u015bwiecie.<\/p>\n<h3 data-start=\"1870\" data-end=\"1918\">Dlaczego warto wybra\u0107 maszyn\u0119 do gi\u0119cia pr\u0119t\u00f3w zbrojeniowych GW55?<\/h3>\n<ul data-start=\"1920\" data-end=\"2167\">\n<li data-start=\"1920\" data-end=\"1984\">\n<p data-start=\"1922\" data-end=\"1984\">Gi\u0119cie pr\u0119t\u00f3w stalowych 6-42 mm z niezmienn\u0105 wydajno\u015bci\u0105<\/p>\n<\/li>\n<li data-start=\"1985\" data-end=\"2046\">\n<p data-start=\"1987\" data-end=\"2046\">Wytrzyma\u0142a konstrukcja i precyzyjna kontrola k\u0105ta nachylenia<\/p>\n<\/li>\n<li data-start=\"2047\" data-end=\"2110\">\n<p data-start=\"2049\" data-end=\"2110\">Idealny do u\u017cytku w fabrykach, na placach budowy i w produkcji przemys\u0142owej<\/p>\n<\/li>\n<li data-start=\"2111\" data-end=\"2167\">\n<p data-start=\"2113\" data-end=\"2167\">Obs\u0142uga wielu napi\u0119\u0107 dla rynk\u00f3w mi\u0119dzynarodowych<\/p>\n<\/li>\n<\/ul>\n<p><iframe title=\"#construction #constructionworker #rebarbender #rebarbending\" width=\"720\" height=\"405\" src=\"https:\/\/www.youtube.com\/embed\/PJ1hngSXwUg?feature=oembed\" frameborder=\"0\" allow=\"accelerometer; autoplay; clipboard-write; encrypted-media; gyroscope; picture-in-picture; web-share\" referrerpolicy=\"strict-origin-when-cross-origin\" allowfullscreen><\/iframe><\/p>","protected":false},"excerpt":{"rendered":"<p>Gi\u0119tarka do pr\u0119t\u00f3w zbrojeniowych GW55 przetwarza pr\u0119ty zbrojeniowe 6-42 mm z du\u017cym momentem obrotowym i dok\u0142adn\u0105 kontrol\u0105 k\u0105ta. Idealna do projekt\u00f3w przemys\u0142owych i kompatybilna z globalnymi standardami napi\u0119cia.<\/p>","protected":false},"featured_media":8950,"template":"","meta":{"_kad_post_transparent":"default","_kad_post_title":"","_kad_post_layout":"default","_kad_post_sidebar_id":"","_kad_post_content_style":"default","_kad_post_vertical_padding":"default","_kad_post_feature":"","_kad_post_feature_position":"","_kad_post_header":false,"_kad_post_footer":false},"product_brand":[],"product_cat":[28],"product_tag":[998,1004,996,1003,997,1000,1001,999,995,1002],"class_list":{"0":"post-8949","1":"product","2":"type-product","3":"status-publish","4":"has-post-thumbnail","6":"product_cat-rebar-bending-machine","7":"product_tag-automatic-rebar-bending-machine","8":"product_tag-bar-bending-machine-price","9":"product_tag-cnc-rebar-bending-machine","10":"product_tag-construction-rebar-bender","11":"product_tag-electric-rebar-bender","12":"product_tag-electric-rebar-bending-machine","13":"product_tag-hydraulic-rebar-bending-machine","14":"product_tag-portable-rebar-bender","15":"product_tag-rebar-bender","16":"product_tag-steel-bar-bender","18":"first","19":"instock","20":"shipping-taxable","21":"product-type-simple","22":"entry","23":"content-bg","24":"loop-entry"},"yoast_head":"<!-- This site is optimized with the Yoast SEO plugin v25.3.1 - https:\/\/yoast.com\/wordpress\/plugins\/seo\/ -->\n<title>Rebar Bending Machine GW55 - HSY Construction Machinery<\/title>\n<meta name=\"description\" content=\"Rebar Bending Machine GW55 bends 6\u201342mm steel bars accurately and efficiently. Designed for industrial construction and international export compatibility.\" \/>\n<meta name=\"robots\" content=\"index, follow, max-snippet:-1, max-image-preview:large, max-video-preview:-1\" \/>\n<link rel=\"canonical\" href=\"https:\/\/www.hsymachinery.com\/pl\/product\/gietarka-do-pretow-zbrojeniowych-gw55\/\" \/>\n<meta property=\"og:locale\" content=\"pl_PL\" \/>\n<meta property=\"og:type\" content=\"article\" \/>\n<meta property=\"og:title\" content=\"Rebar Bending Machine GW55 - HSY Construction Machinery\" \/>\n<meta property=\"og:description\" content=\"Rebar Bending Machine GW55 bends 6\u201342mm steel bars accurately and efficiently. Designed for industrial construction and international export compatibility.\" \/>\n<meta property=\"og:url\" content=\"https:\/\/www.hsymachinery.com\/pl\/product\/gietarka-do-pretow-zbrojeniowych-gw55\/\" \/>\n<meta property=\"og:site_name\" content=\"HSY Construction Machinery\" \/>\n<meta property=\"article:modified_time\" content=\"2025-06-25T15:27:08+00:00\" \/>\n<meta property=\"og:image\" content=\"https:\/\/www.hsymachinery.com\/wp-content\/uploads\/2025\/06\/Rebar-Bending-Machine-GW55.jpg\" \/>\n\t<meta property=\"og:image:width\" content=\"600\" \/>\n\t<meta property=\"og:image:height\" content=\"600\" \/>\n\t<meta property=\"og:image:type\" content=\"image\/jpeg\" \/>\n<meta name=\"twitter:card\" content=\"summary_large_image\" \/>\n<meta name=\"twitter:label1\" content=\"Szacowany czas czytania\" \/>\n\t<meta name=\"twitter:data1\" content=\"2 minuty\" \/>\n<script type=\"application\/ld+json\" class=\"yoast-schema-graph\">{\"@context\":\"https:\/\/schema.org\",\"@graph\":[{\"@type\":\"WebPage\",\"@id\":\"https:\/\/www.hsymachinery.com\/product\/rebar-bending-machine-gw55\/\",\"url\":\"https:\/\/www.hsymachinery.com\/product\/rebar-bending-machine-gw55\/\",\"name\":\"Rebar Bending Machine GW55 - HSY Construction Machinery\",\"isPartOf\":{\"@id\":\"https:\/\/www.hsymachinery.com\/#website\"},\"primaryImageOfPage\":{\"@id\":\"https:\/\/www.hsymachinery.com\/product\/rebar-bending-machine-gw55\/#primaryimage\"},\"image\":{\"@id\":\"https:\/\/www.hsymachinery.com\/product\/rebar-bending-machine-gw55\/#primaryimage\"},\"thumbnailUrl\":\"https:\/\/www.hsymachinery.com\/wp-content\/uploads\/2025\/06\/Rebar-Bending-Machine-GW55.jpg\",\"datePublished\":\"2025-06-18T04:02:08+00:00\",\"dateModified\":\"2025-06-25T15:27:08+00:00\",\"description\":\"Rebar Bending Machine GW55 bends 6\u201342mm steel bars accurately and efficiently. Designed for industrial construction and international export compatibility.\",\"breadcrumb\":{\"@id\":\"https:\/\/www.hsymachinery.com\/product\/rebar-bending-machine-gw55\/#breadcrumb\"},\"inLanguage\":\"pl-PL\",\"potentialAction\":[{\"@type\":\"ReadAction\",\"target\":[\"https:\/\/www.hsymachinery.com\/product\/rebar-bending-machine-gw55\/\"]}]},{\"@type\":\"ImageObject\",\"inLanguage\":\"pl-PL\",\"@id\":\"https:\/\/www.hsymachinery.com\/product\/rebar-bending-machine-gw55\/#primaryimage\",\"url\":\"https:\/\/www.hsymachinery.com\/wp-content\/uploads\/2025\/06\/Rebar-Bending-Machine-GW55.jpg\",\"contentUrl\":\"https:\/\/www.hsymachinery.com\/wp-content\/uploads\/2025\/06\/Rebar-Bending-Machine-GW55.jpg\",\"width\":600,\"height\":600},{\"@type\":\"BreadcrumbList\",\"@id\":\"https:\/\/www.hsymachinery.com\/product\/rebar-bending-machine-gw55\/#breadcrumb\",\"itemListElement\":[{\"@type\":\"ListItem\",\"position\":1,\"name\":\"home\",\"item\":\"https:\/\/www.hsymachinery.com\/\"},{\"@type\":\"ListItem\",\"position\":2,\"name\":\"products\",\"item\":\"https:\/\/www.hsymachinery.com\/products\/\"},{\"@type\":\"ListItem\",\"position\":3,\"name\":\"Rebar Bending Machine GW55\"}]},{\"@type\":\"WebSite\",\"@id\":\"https:\/\/www.hsymachinery.com\/#website\",\"url\":\"https:\/\/www.hsymachinery.com\/\",\"name\":\"HSY Construction Machinery\",\"description\":\"HSY Machinery \u2013 A leading China construction machinery supplier, offering a wide range of light construction equipment. Our main products include Rebar Cutting Machine, Rebar Bending Machine, Rebar Stirrup Bending Machine, Rebar Arc Bending Machine, Rebar Straightening Machine, Five-Head Rebar Stirrup Bending Machine, Tamping Rammer, Plate Compactor, Concrete Cutter, Power Trowel, and other construction machinery. We are equipped with advanced CNC machines, and we enforce strict quality inspection standards along with comprehensive after-sales service. If you are interested in our products or services, we warmly welcome your inquiries via message.\",\"publisher\":{\"@id\":\"https:\/\/www.hsymachinery.com\/#organization\"},\"potentialAction\":[{\"@type\":\"SearchAction\",\"target\":{\"@type\":\"EntryPoint\",\"urlTemplate\":\"https:\/\/www.hsymachinery.com\/?s={search_term_string}\"},\"query-input\":{\"@type\":\"PropertyValueSpecification\",\"valueRequired\":true,\"valueName\":\"search_term_string\"}}],\"inLanguage\":\"pl-PL\"},{\"@type\":\"Organization\",\"@id\":\"https:\/\/www.hsymachinery.com\/#organization\",\"name\":\"HSY Construction Machinery\",\"url\":\"https:\/\/www.hsymachinery.com\/\",\"logo\":{\"@type\":\"ImageObject\",\"inLanguage\":\"pl-PL\",\"@id\":\"https:\/\/www.hsymachinery.com\/#\/schema\/logo\/image\/\",\"url\":\"https:\/\/www.hsymachinery.com\/wp-content\/uploads\/2025\/06\/cropped-HSY-machinery.png\",\"contentUrl\":\"https:\/\/www.hsymachinery.com\/wp-content\/uploads\/2025\/06\/cropped-HSY-machinery.png\",\"width\":600,\"height\":240,\"caption\":\"HSY Construction Machinery\"},\"image\":{\"@id\":\"https:\/\/www.hsymachinery.com\/#\/schema\/logo\/image\/\"}}]}<\/script>\n<!-- \/ Yoast SEO plugin. -->","yoast_head_json":{"title":"Maszyna do gi\u0119cia pr\u0119t\u00f3w zbrojeniowych GW55 - HSY Construction Machinery","description":"Maszyna do gi\u0119cia pr\u0119t\u00f3w zbrojeniowych GW55 wygina pr\u0119ty stalowe 6-42 mm dok\u0142adnie i wydajnie. Zaprojektowana z my\u015bl\u0105 o budownictwie przemys\u0142owym i mi\u0119dzynarodowym eksporcie.","robots":{"index":"index","follow":"follow","max-snippet":"max-snippet:-1","max-image-preview":"max-image-preview:large","max-video-preview":"max-video-preview:-1"},"canonical":"https:\/\/www.hsymachinery.com\/pl\/product\/gietarka-do-pretow-zbrojeniowych-gw55\/","og_locale":"pl_PL","og_type":"article","og_title":"Rebar Bending Machine GW55 - HSY Construction Machinery","og_description":"Rebar Bending Machine GW55 bends 6\u201342mm steel bars accurately and efficiently. Designed for industrial construction and international export compatibility.","og_url":"https:\/\/www.hsymachinery.com\/pl\/product\/gietarka-do-pretow-zbrojeniowych-gw55\/","og_site_name":"HSY Construction Machinery","article_modified_time":"2025-06-25T15:27:08+00:00","og_image":[{"width":600,"height":600,"url":"https:\/\/www.hsymachinery.com\/wp-content\/uploads\/2025\/06\/Rebar-Bending-Machine-GW55.jpg","type":"image\/jpeg"}],"twitter_card":"summary_large_image","twitter_misc":{"Szacowany czas czytania":"2 minuty"},"schema":{"@context":"https:\/\/schema.org","@graph":[{"@type":"WebPage","@id":"https:\/\/www.hsymachinery.com\/product\/rebar-bending-machine-gw55\/","url":"https:\/\/www.hsymachinery.com\/product\/rebar-bending-machine-gw55\/","name":"Maszyna do gi\u0119cia pr\u0119t\u00f3w zbrojeniowych GW55 - HSY Construction Machinery","isPartOf":{"@id":"https:\/\/www.hsymachinery.com\/#website"},"primaryImageOfPage":{"@id":"https:\/\/www.hsymachinery.com\/product\/rebar-bending-machine-gw55\/#primaryimage"},"image":{"@id":"https:\/\/www.hsymachinery.com\/product\/rebar-bending-machine-gw55\/#primaryimage"},"thumbnailUrl":"https:\/\/www.hsymachinery.com\/wp-content\/uploads\/2025\/06\/Rebar-Bending-Machine-GW55.jpg","datePublished":"2025-06-18T04:02:08+00:00","dateModified":"2025-06-25T15:27:08+00:00","description":"Maszyna do gi\u0119cia pr\u0119t\u00f3w zbrojeniowych GW55 wygina pr\u0119ty stalowe 6-42 mm dok\u0142adnie i wydajnie. Zaprojektowana z my\u015bl\u0105 o budownictwie przemys\u0142owym i mi\u0119dzynarodowym eksporcie.","breadcrumb":{"@id":"https:\/\/www.hsymachinery.com\/product\/rebar-bending-machine-gw55\/#breadcrumb"},"inLanguage":"pl-PL","potentialAction":[{"@type":"ReadAction","target":["https:\/\/www.hsymachinery.com\/product\/rebar-bending-machine-gw55\/"]}]},{"@type":"ImageObject","inLanguage":"pl-PL","@id":"https:\/\/www.hsymachinery.com\/product\/rebar-bending-machine-gw55\/#primaryimage","url":"https:\/\/www.hsymachinery.com\/wp-content\/uploads\/2025\/06\/Rebar-Bending-Machine-GW55.jpg","contentUrl":"https:\/\/www.hsymachinery.com\/wp-content\/uploads\/2025\/06\/Rebar-Bending-Machine-GW55.jpg","width":600,"height":600},{"@type":"BreadcrumbList","@id":"https:\/\/www.hsymachinery.com\/product\/rebar-bending-machine-gw55\/#breadcrumb","itemListElement":[{"@type":"ListItem","position":1,"name":"home","item":"https:\/\/www.hsymachinery.com\/"},{"@type":"ListItem","position":2,"name":"products","item":"https:\/\/www.hsymachinery.com\/products\/"},{"@type":"ListItem","position":3,"name":"Rebar Bending Machine GW55"}]},{"@type":"WebSite","@id":"https:\/\/www.hsymachinery.com\/#website","url":"https:\/\/www.hsymachinery.com\/","name":"HSY Construction Machinery","description":"HSY Machinery - wiod\u0105cy chi\u0144ski dostawca maszyn budowlanych, oferuj\u0105cy szerok\u0105 gam\u0119 lekkiego sprz\u0119tu budowlanego. Nasze g\u0142\u00f3wne produkty to maszyna do ci\u0119cia pr\u0119t\u00f3w zbrojeniowych, maszyna do gi\u0119cia pr\u0119t\u00f3w zbrojeniowych, maszyna do gi\u0119cia strzemion pr\u0119t\u00f3w zbrojeniowych, maszyna do gi\u0119cia \u0142uk\u00f3w pr\u0119t\u00f3w zbrojeniowych, maszyna do prostowania pr\u0119t\u00f3w zbrojeniowych, pi\u0119ciog\u0142owicowa maszyna do gi\u0119cia strzemion pr\u0119t\u00f3w zbrojeniowych, ubijak, zag\u0119szczarka p\u0142ytowa, przecinarka do betonu, zacieraczka mechaniczna i inne maszyny budowlane. Jeste\u015bmy wyposa\u017ceni w zaawansowane maszyny CNC i egzekwujemy surowe standardy kontroli jako\u015bci wraz z kompleksow\u0105 obs\u0142ug\u0105 posprzeda\u017cn\u0105. Je\u015bli jeste\u015b zainteresowany naszymi produktami lub us\u0142ugami, serdecznie zapraszamy do sk\u0142adania zapyta\u0144 za po\u015brednictwem wiadomo\u015bci.","publisher":{"@id":"https:\/\/www.hsymachinery.com\/#organization"},"potentialAction":[{"@type":"SearchAction","target":{"@type":"EntryPoint","urlTemplate":"https:\/\/www.hsymachinery.com\/?s={search_term_string}"},"query-input":{"@type":"PropertyValueSpecification","valueRequired":true,"valueName":"search_term_string"}}],"inLanguage":"pl-PL"},{"@type":"Organization","@id":"https:\/\/www.hsymachinery.com\/#organization","name":"HSY Construction Machinery","url":"https:\/\/www.hsymachinery.com\/","logo":{"@type":"ImageObject","inLanguage":"pl-PL","@id":"https:\/\/www.hsymachinery.com\/#\/schema\/logo\/image\/","url":"https:\/\/www.hsymachinery.com\/wp-content\/uploads\/2025\/06\/cropped-HSY-machinery.png","contentUrl":"https:\/\/www.hsymachinery.com\/wp-content\/uploads\/2025\/06\/cropped-HSY-machinery.png","width":600,"height":240,"caption":"HSY Construction Machinery"},"image":{"@id":"https:\/\/www.hsymachinery.com\/#\/schema\/logo\/image\/"}}]}},"_links":{"self":[{"href":"https:\/\/www.hsymachinery.com\/pl\/wp-json\/wp\/v2\/product\/8949","targetHints":{"allow":["GET"]}}],"collection":[{"href":"https:\/\/www.hsymachinery.com\/pl\/wp-json\/wp\/v2\/product"}],"about":[{"href":"https:\/\/www.hsymachinery.com\/pl\/wp-json\/wp\/v2\/types\/product"}],"version-history":[{"count":3,"href":"https:\/\/www.hsymachinery.com\/pl\/wp-json\/wp\/v2\/product\/8949\/revisions"}],"predecessor-version":[{"id":9357,"href":"https:\/\/www.hsymachinery.com\/pl\/wp-json\/wp\/v2\/product\/8949\/revisions\/9357"}],"wp:featuredmedia":[{"embeddable":true,"href":"https:\/\/www.hsymachinery.com\/pl\/wp-json\/wp\/v2\/media\/8950"}],"wp:attachment":[{"href":"https:\/\/www.hsymachinery.com\/pl\/wp-json\/wp\/v2\/media?parent=8949"}],"wp:term":[{"taxonomy":"product_brand","embeddable":true,"href":"https:\/\/www.hsymachinery.com\/pl\/wp-json\/wp\/v2\/product_brand?post=8949"},{"taxonomy":"product_cat","embeddable":true,"href":"https:\/\/www.hsymachinery.com\/pl\/wp-json\/wp\/v2\/product_cat?post=8949"},{"taxonomy":"product_tag","embeddable":true,"href":"https:\/\/www.hsymachinery.com\/pl\/wp-json\/wp\/v2\/product_tag?post=8949"}],"curies":[{"name":"wp","href":"https:\/\/api.w.org\/{rel}","templated":true}]}}