{"id":8943,"date":"2025-06-18T11:59:17","date_gmt":"2025-06-18T03:59:17","guid":{"rendered":"https:\/\/www.hsymachinery.com\/?post_type=product&#038;p=8943"},"modified":"2025-06-25T23:11:34","modified_gmt":"2025-06-25T15:11:34","slug":"gietarka-do-pretow-zbrojeniowych-gw45","status":"publish","type":"product","link":"https:\/\/www.hsymachinery.com\/pl\/product\/gietarka-do-pretow-zbrojeniowych-gw45\/","title":{"rendered":"Maszyna do gi\u0119cia pr\u0119t\u00f3w zbrojeniowych GW45"},"content":{"rendered":"<h3 data-start=\"110\" data-end=\"191\">\u015aredniej wielko\u015bci gi\u0119tarka do pr\u0119t\u00f3w zbrojeniowych 6-36 mm | Sprz\u0119t do gi\u0119cia budowlanego<\/h3>\n<h3 data-start=\"198\" data-end=\"297\">Przegl\u0105d produkt\u00f3w - Wytrzyma\u0142a gi\u0119tarka do pr\u0119t\u00f3w zbrojeniowych dla projekt\u00f3w budowlanych i infrastrukturalnych<\/h3>\n<p data-start=\"299\" data-end=\"609\">The <strong data-start=\"303\" data-end=\"333\">Maszyna do gi\u0119cia pr\u0119t\u00f3w zbrojeniowych GW45<\/strong> zosta\u0142 zaprojektowany do obs\u0142ugi <strong data-start=\"358\" data-end=\"373\">6 mm do 36 mm<\/strong> pr\u0119t\u00f3w stalowych z wysok\u0105 precyzj\u0105 i wydajno\u015bci\u0105 gi\u0119cia. Ta gi\u0119tarka do pr\u0119t\u00f3w zbrojeniowych klasy budowlanej doskonale nadaje si\u0119 zar\u00f3wno do prac na placu budowy, jak i w zak\u0142adach produkcyjnych, zw\u0142aszcza w projektach takich jak autostrady, osiedla mieszkaniowe, mosty i tunele.<\/p>\n<p data-start=\"611\" data-end=\"796\">Wytrzyma\u0142a rama, mocny silnik i regulowane k\u0105ty gi\u0119cia sprawiaj\u0105, \u017ce GW45 jest idealna dla profesjonalist\u00f3w poszukuj\u0105cych niezawodno\u015bci i elastyczno\u015bci w codziennej pracy przy zbrojeniu stali.<\/p>\n<h3 data-start=\"803\" data-end=\"853\">Zwi\u0119kszona kontrola i wysoka precyzja gi\u0119cia<\/h3>\n<p data-start=\"855\" data-end=\"1182\">The <strong data-start=\"859\" data-end=\"889\"><a href=\"https:\/\/www.hsymachinery.com\/pl\/produkty\/gietarka-do-pretow-zbrojeniowych\/\" target=\"_blank\" rel=\"noopener\">Maszyna do gi\u0119cia pr\u0119t\u00f3w zbrojeniowych<\/a> GW45<\/strong> wykorzystuje obrotow\u0105 tarcz\u0119 gn\u0105c\u0105 i mechaniczny system ogranicznik\u00f3w do tworzenia precyzyjnych zagi\u0119\u0107 w zakresie od 0\u00b0 do 180\u00b0. Operatorzy mog\u0105 szybko i konsekwentnie ustawia\u0107 r\u00f3\u017cne k\u0105ty dla z\u0142o\u017conych strzemion lub niestandardowych kszta\u0142t\u00f3w pr\u0119t\u00f3w zbrojeniowych. Co wi\u0119cej, mocna p\u0142aska tarcza gn\u0105ca radzi sobie ze stal\u0105 o du\u017cej \u015brednicy bez deformacji.<\/p>\n<p data-start=\"1184\" data-end=\"1384\">A <strong data-start=\"1186\" data-end=\"1207\">silnik z rdzeniem miedzianym<\/strong> zasila maszyn\u0119, zapewniaj\u0105c sta\u0142y moment obrotowy i niski poziom ha\u0142asu. Wentylator <strong data-start=\"1281\" data-end=\"1299\">uszczelniona skrzynia bieg\u00f3w<\/strong> zapewnia p\u0142ynniejsz\u0105 transmisj\u0119, ni\u017csze koszty konserwacji i d\u0142u\u017csz\u0105 \u017cywotno\u015b\u0107.<\/p>\n<h3 data-start=\"1391\" data-end=\"1446\">\u00a0Zbudowany, aby wytrzyma\u0107 trudne warunki konstrukcyjne<\/h3>\n<p data-start=\"1448\" data-end=\"1709\">GW45 posiada wzmocnion\u0105 stalow\u0105 ram\u0119 i odporne na uderzenia elementy gn\u0105ce. Niezawodnie sprawdza si\u0119 w trudnych warunkach, takich jak zakurzone place budowy i mobilne warsztaty. Dzi\u0119ki solidnym ko\u0142om u\u017cytkownicy mog\u0105 \u0142atwo zmienia\u0107 po\u0142o\u017cenie maszyny w zale\u017cno\u015bci od potrzeb.<\/p>\n<p data-start=\"1711\" data-end=\"1936\">Ponadto ta gi\u0119tarka do pr\u0119t\u00f3w zbrojeniowych jest wyposa\u017cona w peda\u0142 no\u017cny lub r\u0119czny prze\u0142\u0105cznik sterowania, co zapewnia bezpiecze\u0144stwo i wygod\u0119 obs\u0142ugi. Opcje napi\u0119cia i cz\u0119stotliwo\u015bci (220V\/380V, 50Hz\/60Hz) sprawiaj\u0105, \u017ce GW45 nadaje si\u0119 na rynki globalne.<\/p>\n<h3 data-start=\"1943\" data-end=\"1991\">Dlaczego warto wybra\u0107 maszyn\u0119 do gi\u0119cia pr\u0119t\u00f3w zbrojeniowych GW45?<\/h3>\n<ul data-start=\"1993\" data-end=\"2219\">\n<li data-start=\"1993\" data-end=\"2060\">\n<p data-start=\"1995\" data-end=\"2060\">Precyzyjne gi\u0119cie pr\u0119t\u00f3w stalowych 6-36 mm ze sta\u0142\u0105 kontrol\u0105 k\u0105ta.<\/p>\n<\/li>\n<li data-start=\"2061\" data-end=\"2112\">\n<p data-start=\"2063\" data-end=\"2112\">Mocny miedziany silnik i niewymagaj\u0105ca konserwacji przek\u0142adnia<\/p>\n<\/li>\n<li data-start=\"2113\" data-end=\"2169\">\n<p data-start=\"2115\" data-end=\"2169\">Trwa\u0142e, mobilne i odpowiednie do warunk\u00f3w w miejscu pracy<\/p>\n<\/li>\n<li data-start=\"2170\" data-end=\"2219\">\n<p data-start=\"2172\" data-end=\"2219\">Gotowo\u015b\u0107 do eksportu z konfiguracj\u0105 wielonapi\u0119ciow\u0105<\/p>\n<\/li>\n<\/ul>\n<p><iframe title=\"#construction #constructionworker #rebarbender #rebarbending\" width=\"720\" height=\"405\" src=\"https:\/\/www.youtube.com\/embed\/PJ1hngSXwUg?feature=oembed\" frameborder=\"0\" allow=\"accelerometer; autoplay; clipboard-write; encrypted-media; gyroscope; picture-in-picture; web-share\" referrerpolicy=\"strict-origin-when-cross-origin\" allowfullscreen><\/iframe><\/p>","protected":false},"excerpt":{"rendered":"<p>Gi\u0119tarka do pr\u0119t\u00f3w zbrojeniowych GW45 wygina pr\u0119ty stalowe 6-36 mm z p\u0142ynnym momentem obrotowym i wysok\u0105 precyzj\u0105. Wytrzyma\u0142a konstrukcja i elastyczne elementy steruj\u0105ce sprawiaj\u0105, \u017ce idealnie nadaje si\u0119 do u\u017cytku w miejscu pracy i warsztacie.<\/p>","protected":false},"featured_media":8944,"template":"","meta":{"_kad_post_transparent":"default","_kad_post_title":"","_kad_post_layout":"default","_kad_post_sidebar_id":"","_kad_post_content_style":"default","_kad_post_vertical_padding":"default","_kad_post_feature":"","_kad_post_feature_position":"","_kad_post_header":false,"_kad_post_footer":false},"product_brand":[],"product_cat":[28],"product_tag":[998,1004,996,1003,997,1000,1001,999,995,1002],"class_list":{"0":"post-8943","1":"product","2":"type-product","3":"status-publish","4":"has-post-thumbnail","6":"product_cat-rebar-bending-machine","7":"product_tag-automatic-rebar-bending-machine","8":"product_tag-bar-bending-machine-price","9":"product_tag-cnc-rebar-bending-machine","10":"product_tag-construction-rebar-bender","11":"product_tag-electric-rebar-bender","12":"product_tag-electric-rebar-bending-machine","13":"product_tag-hydraulic-rebar-bending-machine","14":"product_tag-portable-rebar-bender","15":"product_tag-rebar-bender","16":"product_tag-steel-bar-bender","18":"first","19":"instock","20":"shipping-taxable","21":"product-type-simple","22":"entry","23":"content-bg","24":"loop-entry"},"yoast_head":"<!-- This site is optimized with the Yoast SEO plugin v25.3.1 - https:\/\/yoast.com\/wordpress\/plugins\/seo\/ -->\n<title>Rebar Bending Machine GW45 - HSY Construction Machinery<\/title>\n<meta name=\"description\" content=\"Rebar Bending Machine GW45 bends 6\u201336mm rebar with excellent control. Reliable, mobile, and ideal for medium-scale construction and steel reinforcement projects.\" \/>\n<meta name=\"robots\" content=\"index, follow, max-snippet:-1, max-image-preview:large, max-video-preview:-1\" \/>\n<link rel=\"canonical\" href=\"https:\/\/www.hsymachinery.com\/pl\/product\/gietarka-do-pretow-zbrojeniowych-gw45\/\" \/>\n<meta property=\"og:locale\" content=\"pl_PL\" \/>\n<meta property=\"og:type\" content=\"article\" \/>\n<meta property=\"og:title\" content=\"Rebar Bending Machine GW45 - HSY Construction Machinery\" \/>\n<meta property=\"og:description\" content=\"Rebar Bending Machine GW45 bends 6\u201336mm rebar with excellent control. Reliable, mobile, and ideal for medium-scale construction and steel reinforcement projects.\" \/>\n<meta property=\"og:url\" content=\"https:\/\/www.hsymachinery.com\/pl\/product\/gietarka-do-pretow-zbrojeniowych-gw45\/\" \/>\n<meta property=\"og:site_name\" content=\"HSY Construction Machinery\" \/>\n<meta property=\"article:modified_time\" content=\"2025-06-25T15:11:34+00:00\" \/>\n<meta property=\"og:image\" content=\"https:\/\/www.hsymachinery.com\/wp-content\/uploads\/2025\/06\/Rebar-Bending-Machine-GW45.jpg\" \/>\n\t<meta property=\"og:image:width\" content=\"600\" \/>\n\t<meta property=\"og:image:height\" content=\"600\" \/>\n\t<meta property=\"og:image:type\" content=\"image\/jpeg\" \/>\n<meta name=\"twitter:card\" content=\"summary_large_image\" \/>\n<meta name=\"twitter:label1\" content=\"Szacowany czas czytania\" \/>\n\t<meta name=\"twitter:data1\" content=\"2 minuty\" \/>\n<script type=\"application\/ld+json\" class=\"yoast-schema-graph\">{\"@context\":\"https:\/\/schema.org\",\"@graph\":[{\"@type\":\"WebPage\",\"@id\":\"https:\/\/www.hsymachinery.com\/product\/rebar-bending-machine-gw45\/\",\"url\":\"https:\/\/www.hsymachinery.com\/product\/rebar-bending-machine-gw45\/\",\"name\":\"Rebar Bending Machine GW45 - HSY Construction Machinery\",\"isPartOf\":{\"@id\":\"https:\/\/www.hsymachinery.com\/#website\"},\"primaryImageOfPage\":{\"@id\":\"https:\/\/www.hsymachinery.com\/product\/rebar-bending-machine-gw45\/#primaryimage\"},\"image\":{\"@id\":\"https:\/\/www.hsymachinery.com\/product\/rebar-bending-machine-gw45\/#primaryimage\"},\"thumbnailUrl\":\"https:\/\/www.hsymachinery.com\/wp-content\/uploads\/2025\/06\/Rebar-Bending-Machine-GW45.jpg\",\"datePublished\":\"2025-06-18T03:59:17+00:00\",\"dateModified\":\"2025-06-25T15:11:34+00:00\",\"description\":\"Rebar Bending Machine GW45 bends 6\u201336mm rebar with excellent control. Reliable, mobile, and ideal for medium-scale construction and steel reinforcement projects.\",\"breadcrumb\":{\"@id\":\"https:\/\/www.hsymachinery.com\/product\/rebar-bending-machine-gw45\/#breadcrumb\"},\"inLanguage\":\"pl-PL\",\"potentialAction\":[{\"@type\":\"ReadAction\",\"target\":[\"https:\/\/www.hsymachinery.com\/product\/rebar-bending-machine-gw45\/\"]}]},{\"@type\":\"ImageObject\",\"inLanguage\":\"pl-PL\",\"@id\":\"https:\/\/www.hsymachinery.com\/product\/rebar-bending-machine-gw45\/#primaryimage\",\"url\":\"https:\/\/www.hsymachinery.com\/wp-content\/uploads\/2025\/06\/Rebar-Bending-Machine-GW45.jpg\",\"contentUrl\":\"https:\/\/www.hsymachinery.com\/wp-content\/uploads\/2025\/06\/Rebar-Bending-Machine-GW45.jpg\",\"width\":600,\"height\":600},{\"@type\":\"BreadcrumbList\",\"@id\":\"https:\/\/www.hsymachinery.com\/product\/rebar-bending-machine-gw45\/#breadcrumb\",\"itemListElement\":[{\"@type\":\"ListItem\",\"position\":1,\"name\":\"home\",\"item\":\"https:\/\/www.hsymachinery.com\/\"},{\"@type\":\"ListItem\",\"position\":2,\"name\":\"products\",\"item\":\"https:\/\/www.hsymachinery.com\/products\/\"},{\"@type\":\"ListItem\",\"position\":3,\"name\":\"Rebar Bending Machine GW45\"}]},{\"@type\":\"WebSite\",\"@id\":\"https:\/\/www.hsymachinery.com\/#website\",\"url\":\"https:\/\/www.hsymachinery.com\/\",\"name\":\"HSY Construction Machinery\",\"description\":\"HSY Machinery \u2013 A leading China construction machinery supplier, offering a wide range of light construction equipment. Our main products include Rebar Cutting Machine, Rebar Bending Machine, Rebar Stirrup Bending Machine, Rebar Arc Bending Machine, Rebar Straightening Machine, Five-Head Rebar Stirrup Bending Machine, Tamping Rammer, Plate Compactor, Concrete Cutter, Power Trowel, and other construction machinery. We are equipped with advanced CNC machines, and we enforce strict quality inspection standards along with comprehensive after-sales service. If you are interested in our products or services, we warmly welcome your inquiries via message.\",\"publisher\":{\"@id\":\"https:\/\/www.hsymachinery.com\/#organization\"},\"potentialAction\":[{\"@type\":\"SearchAction\",\"target\":{\"@type\":\"EntryPoint\",\"urlTemplate\":\"https:\/\/www.hsymachinery.com\/?s={search_term_string}\"},\"query-input\":{\"@type\":\"PropertyValueSpecification\",\"valueRequired\":true,\"valueName\":\"search_term_string\"}}],\"inLanguage\":\"pl-PL\"},{\"@type\":\"Organization\",\"@id\":\"https:\/\/www.hsymachinery.com\/#organization\",\"name\":\"HSY Construction Machinery\",\"url\":\"https:\/\/www.hsymachinery.com\/\",\"logo\":{\"@type\":\"ImageObject\",\"inLanguage\":\"pl-PL\",\"@id\":\"https:\/\/www.hsymachinery.com\/#\/schema\/logo\/image\/\",\"url\":\"https:\/\/www.hsymachinery.com\/wp-content\/uploads\/2025\/06\/cropped-HSY-machinery.png\",\"contentUrl\":\"https:\/\/www.hsymachinery.com\/wp-content\/uploads\/2025\/06\/cropped-HSY-machinery.png\",\"width\":600,\"height\":240,\"caption\":\"HSY Construction Machinery\"},\"image\":{\"@id\":\"https:\/\/www.hsymachinery.com\/#\/schema\/logo\/image\/\"}}]}<\/script>\n<!-- \/ Yoast SEO plugin. -->","yoast_head_json":{"title":"Maszyna do gi\u0119cia pr\u0119t\u00f3w zbrojeniowych GW45 - HSY Construction Machinery","description":"Maszyna do gi\u0119cia pr\u0119t\u00f3w zbrojeniowych GW45 wygina pr\u0119ty zbrojeniowe 6-36 mm z doskona\u0142\u0105 kontrol\u0105. Niezawodna, mobilna i idealna do \u015brednich projekt\u00f3w budowlanych i zbrojeniowych.","robots":{"index":"index","follow":"follow","max-snippet":"max-snippet:-1","max-image-preview":"max-image-preview:large","max-video-preview":"max-video-preview:-1"},"canonical":"https:\/\/www.hsymachinery.com\/pl\/product\/gietarka-do-pretow-zbrojeniowych-gw45\/","og_locale":"pl_PL","og_type":"article","og_title":"Rebar Bending Machine GW45 - HSY Construction Machinery","og_description":"Rebar Bending Machine GW45 bends 6\u201336mm rebar with excellent control. Reliable, mobile, and ideal for medium-scale construction and steel reinforcement projects.","og_url":"https:\/\/www.hsymachinery.com\/pl\/product\/gietarka-do-pretow-zbrojeniowych-gw45\/","og_site_name":"HSY Construction Machinery","article_modified_time":"2025-06-25T15:11:34+00:00","og_image":[{"width":600,"height":600,"url":"https:\/\/www.hsymachinery.com\/wp-content\/uploads\/2025\/06\/Rebar-Bending-Machine-GW45.jpg","type":"image\/jpeg"}],"twitter_card":"summary_large_image","twitter_misc":{"Szacowany czas czytania":"2 minuty"},"schema":{"@context":"https:\/\/schema.org","@graph":[{"@type":"WebPage","@id":"https:\/\/www.hsymachinery.com\/product\/rebar-bending-machine-gw45\/","url":"https:\/\/www.hsymachinery.com\/product\/rebar-bending-machine-gw45\/","name":"Maszyna do gi\u0119cia pr\u0119t\u00f3w zbrojeniowych GW45 - HSY Construction Machinery","isPartOf":{"@id":"https:\/\/www.hsymachinery.com\/#website"},"primaryImageOfPage":{"@id":"https:\/\/www.hsymachinery.com\/product\/rebar-bending-machine-gw45\/#primaryimage"},"image":{"@id":"https:\/\/www.hsymachinery.com\/product\/rebar-bending-machine-gw45\/#primaryimage"},"thumbnailUrl":"https:\/\/www.hsymachinery.com\/wp-content\/uploads\/2025\/06\/Rebar-Bending-Machine-GW45.jpg","datePublished":"2025-06-18T03:59:17+00:00","dateModified":"2025-06-25T15:11:34+00:00","description":"Maszyna do gi\u0119cia pr\u0119t\u00f3w zbrojeniowych GW45 wygina pr\u0119ty zbrojeniowe 6-36 mm z doskona\u0142\u0105 kontrol\u0105. Niezawodna, mobilna i idealna do \u015brednich projekt\u00f3w budowlanych i zbrojeniowych.","breadcrumb":{"@id":"https:\/\/www.hsymachinery.com\/product\/rebar-bending-machine-gw45\/#breadcrumb"},"inLanguage":"pl-PL","potentialAction":[{"@type":"ReadAction","target":["https:\/\/www.hsymachinery.com\/product\/rebar-bending-machine-gw45\/"]}]},{"@type":"ImageObject","inLanguage":"pl-PL","@id":"https:\/\/www.hsymachinery.com\/product\/rebar-bending-machine-gw45\/#primaryimage","url":"https:\/\/www.hsymachinery.com\/wp-content\/uploads\/2025\/06\/Rebar-Bending-Machine-GW45.jpg","contentUrl":"https:\/\/www.hsymachinery.com\/wp-content\/uploads\/2025\/06\/Rebar-Bending-Machine-GW45.jpg","width":600,"height":600},{"@type":"BreadcrumbList","@id":"https:\/\/www.hsymachinery.com\/product\/rebar-bending-machine-gw45\/#breadcrumb","itemListElement":[{"@type":"ListItem","position":1,"name":"home","item":"https:\/\/www.hsymachinery.com\/"},{"@type":"ListItem","position":2,"name":"products","item":"https:\/\/www.hsymachinery.com\/products\/"},{"@type":"ListItem","position":3,"name":"Rebar Bending Machine GW45"}]},{"@type":"WebSite","@id":"https:\/\/www.hsymachinery.com\/#website","url":"https:\/\/www.hsymachinery.com\/","name":"HSY Construction Machinery","description":"HSY Machinery - wiod\u0105cy chi\u0144ski dostawca maszyn budowlanych, oferuj\u0105cy szerok\u0105 gam\u0119 lekkiego sprz\u0119tu budowlanego. Nasze g\u0142\u00f3wne produkty to maszyna do ci\u0119cia pr\u0119t\u00f3w zbrojeniowych, maszyna do gi\u0119cia pr\u0119t\u00f3w zbrojeniowych, maszyna do gi\u0119cia strzemion pr\u0119t\u00f3w zbrojeniowych, maszyna do gi\u0119cia \u0142uk\u00f3w pr\u0119t\u00f3w zbrojeniowych, maszyna do prostowania pr\u0119t\u00f3w zbrojeniowych, pi\u0119ciog\u0142owicowa maszyna do gi\u0119cia strzemion pr\u0119t\u00f3w zbrojeniowych, ubijak, zag\u0119szczarka p\u0142ytowa, przecinarka do betonu, zacieraczka mechaniczna i inne maszyny budowlane. Jeste\u015bmy wyposa\u017ceni w zaawansowane maszyny CNC i egzekwujemy surowe standardy kontroli jako\u015bci wraz z kompleksow\u0105 obs\u0142ug\u0105 posprzeda\u017cn\u0105. Je\u015bli jeste\u015b zainteresowany naszymi produktami lub us\u0142ugami, serdecznie zapraszamy do sk\u0142adania zapyta\u0144 za po\u015brednictwem wiadomo\u015bci.","publisher":{"@id":"https:\/\/www.hsymachinery.com\/#organization"},"potentialAction":[{"@type":"SearchAction","target":{"@type":"EntryPoint","urlTemplate":"https:\/\/www.hsymachinery.com\/?s={search_term_string}"},"query-input":{"@type":"PropertyValueSpecification","valueRequired":true,"valueName":"search_term_string"}}],"inLanguage":"pl-PL"},{"@type":"Organization","@id":"https:\/\/www.hsymachinery.com\/#organization","name":"HSY Construction Machinery","url":"https:\/\/www.hsymachinery.com\/","logo":{"@type":"ImageObject","inLanguage":"pl-PL","@id":"https:\/\/www.hsymachinery.com\/#\/schema\/logo\/image\/","url":"https:\/\/www.hsymachinery.com\/wp-content\/uploads\/2025\/06\/cropped-HSY-machinery.png","contentUrl":"https:\/\/www.hsymachinery.com\/wp-content\/uploads\/2025\/06\/cropped-HSY-machinery.png","width":600,"height":240,"caption":"HSY Construction Machinery"},"image":{"@id":"https:\/\/www.hsymachinery.com\/#\/schema\/logo\/image\/"}}]}},"_links":{"self":[{"href":"https:\/\/www.hsymachinery.com\/pl\/wp-json\/wp\/v2\/product\/8943","targetHints":{"allow":["GET"]}}],"collection":[{"href":"https:\/\/www.hsymachinery.com\/pl\/wp-json\/wp\/v2\/product"}],"about":[{"href":"https:\/\/www.hsymachinery.com\/pl\/wp-json\/wp\/v2\/types\/product"}],"version-history":[{"count":3,"href":"https:\/\/www.hsymachinery.com\/pl\/wp-json\/wp\/v2\/product\/8943\/revisions"}],"predecessor-version":[{"id":9352,"href":"https:\/\/www.hsymachinery.com\/pl\/wp-json\/wp\/v2\/product\/8943\/revisions\/9352"}],"wp:featuredmedia":[{"embeddable":true,"href":"https:\/\/www.hsymachinery.com\/pl\/wp-json\/wp\/v2\/media\/8944"}],"wp:attachment":[{"href":"https:\/\/www.hsymachinery.com\/pl\/wp-json\/wp\/v2\/media?parent=8943"}],"wp:term":[{"taxonomy":"product_brand","embeddable":true,"href":"https:\/\/www.hsymachinery.com\/pl\/wp-json\/wp\/v2\/product_brand?post=8943"},{"taxonomy":"product_cat","embeddable":true,"href":"https:\/\/www.hsymachinery.com\/pl\/wp-json\/wp\/v2\/product_cat?post=8943"},{"taxonomy":"product_tag","embeddable":true,"href":"https:\/\/www.hsymachinery.com\/pl\/wp-json\/wp\/v2\/product_tag?post=8943"}],"curies":[{"name":"wp","href":"https:\/\/api.w.org\/{rel}","templated":true}]}}