{"id":8933,"date":"2025-06-18T11:30:13","date_gmt":"2025-06-18T03:30:13","guid":{"rendered":"https:\/\/www.hsymachinery.com\/?post_type=product&#038;p=8933"},"modified":"2025-06-25T22:20:03","modified_gmt":"2025-06-25T14:20:03","slug":"maszyna-do-ciecia-pretow-zbrojeniowych-gq60-noz-plaski","status":"publish","type":"product","link":"https:\/\/www.hsymachinery.com\/pl\/product\/maszyna-do-ciecia-pretow-zbrojeniowych-gq60-noz-plaski\/","title":{"rendered":"Maszyna do ci\u0119cia pr\u0119t\u00f3w zbrojeniowych GQ60 (n\u00f3\u017c p\u0142aski)"},"content":{"rendered":"<h3 data-start=\"151\" data-end=\"233\">Przecinak do pr\u0119t\u00f3w zbrojeniowych z p\u0142askim no\u017cem do bardzo du\u017cych obci\u0105\u017ce\u0144 dla przemys\u0142owych projekt\u00f3w zbrojeniowych<\/h3>\n<h3 data-start=\"240\" data-end=\"309\">Przegl\u0105d produkt\u00f3w - No\u017cyce do pr\u0119t\u00f3w stalowych z p\u0142askim ostrzem do pr\u0119t\u00f3w zbrojeniowych 6-50 mm<\/h3>\n<p data-start=\"311\" data-end=\"784\">The <strong data-start=\"315\" data-end=\"358\"><a href=\"https:\/\/www.hsymachinery.com\/pl\/produkty\/maszyna-do-ciecia-pretow-zbrojeniowych\/\" target=\"_blank\" rel=\"noopener\">Maszyna do ci\u0119cia pr\u0119t\u00f3w zbrojeniowych<\/a> GQ60 (n\u00f3\u017c p\u0142aski)<\/strong> zosta\u0142a zaprojektowana do ci\u0119cia pr\u0119t\u00f3w zbrojeniowych o du\u017cej \u015brednicy w intensywnych \u015brodowiskach budowlanych. Maszyna ta jest w stanie obs\u0142ugiwa\u0107 pr\u0119ty stalowe od 6 mm do 50 mm, co czyni j\u0105 idealnym wyborem do budowy zap\u00f3r, wiadukt\u00f3w autostradowych, produkcji konstrukcji stalowych i prac zbrojeniowych w tunelach. System p\u0142askich no\u017cy zapewnia r\u00f3wnomierny nacisk ci\u0119cia, co skutkuje p\u0142ynnym, precyzyjnym \u015bcinaniem bez uszczerbku dla integralno\u015bci pr\u0119ta.<\/p>\n<p data-start=\"786\" data-end=\"927\">Dzi\u0119ki zwi\u0119kszonemu momentowi obrotowemu, wytrzyma\u0142o\u015bci mechanicznej i zakresowi ci\u0119cia, model ten jest przeznaczony do prac, w kt\u00f3rych zar\u00f3wno moc, jak i precyzja nie podlegaj\u0105 negocjacjom.<\/p>\n<h3 data-start=\"934\" data-end=\"984\">Przemys\u0142owa moc ci\u0119cia z czystymi wynikami<\/h3>\n<p data-start=\"986\" data-end=\"1294\">P\u0142aska konstrukcja no\u017ca GQ60 umo\u017cliwia r\u00f3wnomierny kontakt ostrza z ca\u0142\u0105 powierzchni\u0105 stalowego pr\u0119ta podczas \u015bcinania. Pozwala to znacznie ograniczy\u0107 wykruszanie kraw\u0119dzi i deformacj\u0119 pr\u0119t\u00f3w. Co wi\u0119cej, mocne stalowe ostrze jest poddawane obr\u00f3bce cieplnej, aby zapewni\u0107, \u017ce pozostanie ostre i stabilne nawet po d\u0142ugich godzinach ci\u0105g\u0142ej pracy.<\/p>\n<p data-start=\"1296\" data-end=\"1603\">Nap\u0119dzana wysokowydajnym silnikiem z rdzeniem miedzianym, przecinarka do pr\u0119t\u00f3w zbrojeniowych GQ60 (p\u0142aski n\u00f3\u017c) zapewnia niezr\u00f3wnany moment obrotowy w swojej klasie wielko\u015bci. Pracuje stabilnie, wytwarzaj\u0105c niskie wibracje i minimalne straty energii. Przek\u0142adnia i zesp\u00f3\u0142 nap\u0119dowy s\u0105 zoptymalizowane pod k\u0105tem trwa\u0142o\u015bci w warunkach przemys\u0142owych.<\/p>\n<h3 data-start=\"1610\" data-end=\"1663\">Wzmocniony korpus i mo\u017cliwo\u015b\u0107 dostosowania do globalnego eksportu<\/h3>\n<p data-start=\"1665\" data-end=\"2042\">Obudowa tej maszyny jest wykonana z \u017celiwa sferoidalnego o wysokiej wytrzyma\u0142o\u015bci, co zapewnia doskona\u0142\u0105 sztywno\u015b\u0107 konstrukcji. Jest ona r\u00f3wnie\u017c wyposa\u017cona w wytrzyma\u0142e ko\u0142a transportowe zapewniaj\u0105ce mobilno\u015b\u0107 w trudnym terenie. Ergonomiczna d\u017awignia r\u0119czna zapewnia szybk\u0105 i precyzyjn\u0105 kontrol\u0119 nad ka\u017cdym ci\u0119ciem. Konserwacja jest szybka i \u0142atwa dzi\u0119ki otwieranemu panelowi dost\u0119pu i \u0142atwemu w obs\u0142udze mocowaniu tarczy tn\u0105cej.<\/p>\n<p data-start=\"2044\" data-end=\"2224\">GQ60 obs\u0142uguje mi\u0119dzynarodowe standardy z konfigurowalnymi opcjami napi\u0119cia (220V\/380V, 50Hz\/60Hz), dzi\u0119ki czemu doskonale nadaje si\u0119 do eksportu do Afryki, Azji, Ameryki Po\u0142udniowej i nie tylko.<\/p>\n<h3 data-start=\"2231\" data-end=\"2281\">Kluczowe zalety przecinaka do pr\u0119t\u00f3w zbrojeniowych z p\u0142askim no\u017cem GQ60<\/h3>\n<ul data-start=\"2283\" data-end=\"2506\">\n<li data-start=\"2283\" data-end=\"2337\">\n<p data-start=\"2285\" data-end=\"2337\">Tnie pr\u0119ty zbrojeniowe 6-50 mm z p\u0142ask\u0105, stabiln\u0105 si\u0142\u0105 ci\u0119cia<\/p>\n<\/li>\n<li data-start=\"2338\" data-end=\"2396\">\n<p data-start=\"2340\" data-end=\"2396\">Stworzony do zastosowa\u0144 przemys\u0142owych lub infrastrukturalnych o du\u017cej obj\u0119to\u015bci<\/p>\n<\/li>\n<li data-start=\"2397\" data-end=\"2448\">\n<p data-start=\"2399\" data-end=\"2448\">Mocny silnik i niezawodne przenoszenie momentu obrotowego<\/p>\n<\/li>\n<li data-start=\"2449\" data-end=\"2506\">\n<p data-start=\"2451\" data-end=\"2506\">Obs\u0142uguje mi\u0119dzynarodowe dostosowanie napi\u0119cia do eksportu<\/p>\n<\/li>\n<\/ul>\n<p><iframe title=\"#construction #constructionworker #rebarmachine #rebarcutter #rebarcuttingmachine #rebarbar\" width=\"720\" height=\"405\" src=\"https:\/\/www.youtube.com\/embed\/tdc4TA5-zRc?feature=oembed\" frameborder=\"0\" allow=\"accelerometer; autoplay; clipboard-write; encrypted-media; gyroscope; picture-in-picture; web-share\" referrerpolicy=\"strict-origin-when-cross-origin\" allowfullscreen><\/iframe><\/p>","protected":false},"excerpt":{"rendered":"<p>Przecinak do pr\u0119t\u00f3w zbrojeniowych GQ60 z p\u0142askim no\u017cem przetwarza pr\u0119ty 6-50 mm ze sta\u0142\u0105 si\u0142\u0105 i wysok\u0105 trwa\u0142o\u015bci\u0105. Idealny do pracy z pr\u0119tami zbrojeniowymi na skal\u0119 infrastrukturaln\u0105 na \u015bwiatowych rynkach budowlanych.<\/p>","protected":false},"featured_media":8934,"template":"","meta":{"_kad_post_transparent":"default","_kad_post_title":"","_kad_post_layout":"default","_kad_post_sidebar_id":"","_kad_post_content_style":"default","_kad_post_vertical_padding":"default","_kad_post_feature":"","_kad_post_feature_position":"","_kad_post_header":false,"_kad_post_footer":false},"product_brand":[],"product_cat":[51],"product_tag":[988,992,990,989,993,985,994,987,984,991,986],"class_list":{"0":"post-8933","1":"product","2":"type-product","3":"status-publish","4":"has-post-thumbnail","6":"product_cat-rebar-cutting-machine","7":"product_tag-automatic-rebar-cutter","8":"product_tag-construction-steel-bar-cutter","9":"product_tag-electric-rebar-cutting-tool","10":"product_tag-hydraulic-rebar-cutting-machine","11":"product_tag-portable-rebar-cutting-machine","12":"product_tag-rebar-cutter","13":"product_tag-rebar-cutting-machine","14":"product_tag-reinforcement-bar-cutter","15":"product_tag-steel-bar-cutting-machine","16":"product_tag-steel-rod-cutter-machine","17":"product_tag-tmt-bar-cutting-machine","19":"first","20":"instock","21":"shipping-taxable","22":"product-type-simple","23":"entry","24":"content-bg","25":"loop-entry"},"yoast_head":"<!-- This site is optimized with the Yoast SEO plugin v25.3.1 - https:\/\/yoast.com\/wordpress\/plugins\/seo\/ -->\n<title>Rebar Cutting Machine GQ60 (Flat knife) - HSY Construction Machinery<\/title>\n<meta name=\"description\" content=\"Rebar Cutting Machine GQ60 (Flat Knife) delivers strong, flat-blade shearing for 6\u201350mm rebar. Designed for heavy-duty construction and international export.\" \/>\n<meta name=\"robots\" content=\"index, follow, max-snippet:-1, max-image-preview:large, max-video-preview:-1\" \/>\n<link rel=\"canonical\" href=\"https:\/\/www.hsymachinery.com\/pl\/product\/maszyna-do-ciecia-pretow-zbrojeniowych-gq60-noz-plaski\/\" \/>\n<meta property=\"og:locale\" content=\"pl_PL\" \/>\n<meta property=\"og:type\" content=\"article\" \/>\n<meta property=\"og:title\" content=\"Rebar Cutting Machine GQ60 (Flat knife) - HSY Construction Machinery\" \/>\n<meta property=\"og:description\" content=\"Rebar Cutting Machine GQ60 (Flat Knife) delivers strong, flat-blade shearing for 6\u201350mm rebar. Designed for heavy-duty construction and international export.\" \/>\n<meta property=\"og:url\" content=\"https:\/\/www.hsymachinery.com\/pl\/product\/maszyna-do-ciecia-pretow-zbrojeniowych-gq60-noz-plaski\/\" \/>\n<meta property=\"og:site_name\" content=\"HSY Construction Machinery\" \/>\n<meta property=\"article:modified_time\" content=\"2025-06-25T14:20:03+00:00\" \/>\n<meta property=\"og:image\" content=\"https:\/\/www.hsymachinery.com\/wp-content\/uploads\/2025\/06\/Rebar-Cutting-Machine-GQ60-Flat-knife.jpg\" \/>\n\t<meta property=\"og:image:width\" content=\"600\" \/>\n\t<meta property=\"og:image:height\" content=\"600\" \/>\n\t<meta property=\"og:image:type\" content=\"image\/jpeg\" \/>\n<meta name=\"twitter:card\" content=\"summary_large_image\" \/>\n<meta name=\"twitter:label1\" content=\"Szacowany czas czytania\" \/>\n\t<meta name=\"twitter:data1\" content=\"2 minuty\" \/>\n<script type=\"application\/ld+json\" class=\"yoast-schema-graph\">{\"@context\":\"https:\/\/schema.org\",\"@graph\":[{\"@type\":\"WebPage\",\"@id\":\"https:\/\/www.hsymachinery.com\/product\/rebar-cutting-machine-gq60-flat-knife\/\",\"url\":\"https:\/\/www.hsymachinery.com\/product\/rebar-cutting-machine-gq60-flat-knife\/\",\"name\":\"Rebar Cutting Machine GQ60 (Flat knife) - HSY Construction Machinery\",\"isPartOf\":{\"@id\":\"https:\/\/www.hsymachinery.com\/#website\"},\"primaryImageOfPage\":{\"@id\":\"https:\/\/www.hsymachinery.com\/product\/rebar-cutting-machine-gq60-flat-knife\/#primaryimage\"},\"image\":{\"@id\":\"https:\/\/www.hsymachinery.com\/product\/rebar-cutting-machine-gq60-flat-knife\/#primaryimage\"},\"thumbnailUrl\":\"https:\/\/www.hsymachinery.com\/wp-content\/uploads\/2025\/06\/Rebar-Cutting-Machine-GQ60-Flat-knife.jpg\",\"datePublished\":\"2025-06-18T03:30:13+00:00\",\"dateModified\":\"2025-06-25T14:20:03+00:00\",\"description\":\"Rebar Cutting Machine GQ60 (Flat Knife) delivers strong, flat-blade shearing for 6\u201350mm rebar. Designed for heavy-duty construction and international export.\",\"breadcrumb\":{\"@id\":\"https:\/\/www.hsymachinery.com\/product\/rebar-cutting-machine-gq60-flat-knife\/#breadcrumb\"},\"inLanguage\":\"pl-PL\",\"potentialAction\":[{\"@type\":\"ReadAction\",\"target\":[\"https:\/\/www.hsymachinery.com\/product\/rebar-cutting-machine-gq60-flat-knife\/\"]}]},{\"@type\":\"ImageObject\",\"inLanguage\":\"pl-PL\",\"@id\":\"https:\/\/www.hsymachinery.com\/product\/rebar-cutting-machine-gq60-flat-knife\/#primaryimage\",\"url\":\"https:\/\/www.hsymachinery.com\/wp-content\/uploads\/2025\/06\/Rebar-Cutting-Machine-GQ60-Flat-knife.jpg\",\"contentUrl\":\"https:\/\/www.hsymachinery.com\/wp-content\/uploads\/2025\/06\/Rebar-Cutting-Machine-GQ60-Flat-knife.jpg\",\"width\":600,\"height\":600},{\"@type\":\"BreadcrumbList\",\"@id\":\"https:\/\/www.hsymachinery.com\/product\/rebar-cutting-machine-gq60-flat-knife\/#breadcrumb\",\"itemListElement\":[{\"@type\":\"ListItem\",\"position\":1,\"name\":\"home\",\"item\":\"https:\/\/www.hsymachinery.com\/\"},{\"@type\":\"ListItem\",\"position\":2,\"name\":\"products\",\"item\":\"https:\/\/www.hsymachinery.com\/products\/\"},{\"@type\":\"ListItem\",\"position\":3,\"name\":\"Rebar Cutting Machine GQ60 (Flat knife)\"}]},{\"@type\":\"WebSite\",\"@id\":\"https:\/\/www.hsymachinery.com\/#website\",\"url\":\"https:\/\/www.hsymachinery.com\/\",\"name\":\"HSY Construction Machinery\",\"description\":\"HSY Machinery \u2013 A leading China construction machinery supplier, offering a wide range of light construction equipment. Our main products include Rebar Cutting Machine, Rebar Bending Machine, Rebar Stirrup Bending Machine, Rebar Arc Bending Machine, Rebar Straightening Machine, Five-Head Rebar Stirrup Bending Machine, Tamping Rammer, Plate Compactor, Concrete Cutter, Power Trowel, and other construction machinery. We are equipped with advanced CNC machines, and we enforce strict quality inspection standards along with comprehensive after-sales service. If you are interested in our products or services, we warmly welcome your inquiries via message.\",\"publisher\":{\"@id\":\"https:\/\/www.hsymachinery.com\/#organization\"},\"potentialAction\":[{\"@type\":\"SearchAction\",\"target\":{\"@type\":\"EntryPoint\",\"urlTemplate\":\"https:\/\/www.hsymachinery.com\/?s={search_term_string}\"},\"query-input\":{\"@type\":\"PropertyValueSpecification\",\"valueRequired\":true,\"valueName\":\"search_term_string\"}}],\"inLanguage\":\"pl-PL\"},{\"@type\":\"Organization\",\"@id\":\"https:\/\/www.hsymachinery.com\/#organization\",\"name\":\"HSY Construction Machinery\",\"url\":\"https:\/\/www.hsymachinery.com\/\",\"logo\":{\"@type\":\"ImageObject\",\"inLanguage\":\"pl-PL\",\"@id\":\"https:\/\/www.hsymachinery.com\/#\/schema\/logo\/image\/\",\"url\":\"https:\/\/www.hsymachinery.com\/wp-content\/uploads\/2025\/06\/cropped-HSY-machinery.png\",\"contentUrl\":\"https:\/\/www.hsymachinery.com\/wp-content\/uploads\/2025\/06\/cropped-HSY-machinery.png\",\"width\":600,\"height\":240,\"caption\":\"HSY Construction Machinery\"},\"image\":{\"@id\":\"https:\/\/www.hsymachinery.com\/#\/schema\/logo\/image\/\"}}]}<\/script>\n<!-- \/ Yoast SEO plugin. -->","yoast_head_json":{"title":"Maszyna do ci\u0119cia pr\u0119t\u00f3w zbrojeniowych GQ60 (n\u00f3\u017c p\u0142aski) - HSY Construction Machinery","description":"Maszyna do ci\u0119cia pr\u0119t\u00f3w zbrojeniowych GQ60 (p\u0142aski n\u00f3\u017c) zapewnia mocne, p\u0142askie ci\u0119cie pr\u0119t\u00f3w zbrojeniowych 6-50 mm. Zaprojektowany do ci\u0119\u017ckich prac budowlanych i mi\u0119dzynarodowego eksportu.","robots":{"index":"index","follow":"follow","max-snippet":"max-snippet:-1","max-image-preview":"max-image-preview:large","max-video-preview":"max-video-preview:-1"},"canonical":"https:\/\/www.hsymachinery.com\/pl\/product\/maszyna-do-ciecia-pretow-zbrojeniowych-gq60-noz-plaski\/","og_locale":"pl_PL","og_type":"article","og_title":"Rebar Cutting Machine GQ60 (Flat knife) - HSY Construction Machinery","og_description":"Rebar Cutting Machine GQ60 (Flat Knife) delivers strong, flat-blade shearing for 6\u201350mm rebar. Designed for heavy-duty construction and international export.","og_url":"https:\/\/www.hsymachinery.com\/pl\/product\/maszyna-do-ciecia-pretow-zbrojeniowych-gq60-noz-plaski\/","og_site_name":"HSY Construction Machinery","article_modified_time":"2025-06-25T14:20:03+00:00","og_image":[{"width":600,"height":600,"url":"https:\/\/www.hsymachinery.com\/wp-content\/uploads\/2025\/06\/Rebar-Cutting-Machine-GQ60-Flat-knife.jpg","type":"image\/jpeg"}],"twitter_card":"summary_large_image","twitter_misc":{"Szacowany czas czytania":"2 minuty"},"schema":{"@context":"https:\/\/schema.org","@graph":[{"@type":"WebPage","@id":"https:\/\/www.hsymachinery.com\/product\/rebar-cutting-machine-gq60-flat-knife\/","url":"https:\/\/www.hsymachinery.com\/product\/rebar-cutting-machine-gq60-flat-knife\/","name":"Maszyna do ci\u0119cia pr\u0119t\u00f3w zbrojeniowych GQ60 (n\u00f3\u017c p\u0142aski) - HSY Construction Machinery","isPartOf":{"@id":"https:\/\/www.hsymachinery.com\/#website"},"primaryImageOfPage":{"@id":"https:\/\/www.hsymachinery.com\/product\/rebar-cutting-machine-gq60-flat-knife\/#primaryimage"},"image":{"@id":"https:\/\/www.hsymachinery.com\/product\/rebar-cutting-machine-gq60-flat-knife\/#primaryimage"},"thumbnailUrl":"https:\/\/www.hsymachinery.com\/wp-content\/uploads\/2025\/06\/Rebar-Cutting-Machine-GQ60-Flat-knife.jpg","datePublished":"2025-06-18T03:30:13+00:00","dateModified":"2025-06-25T14:20:03+00:00","description":"Maszyna do ci\u0119cia pr\u0119t\u00f3w zbrojeniowych GQ60 (p\u0142aski n\u00f3\u017c) zapewnia mocne, p\u0142askie ci\u0119cie pr\u0119t\u00f3w zbrojeniowych 6-50 mm. Zaprojektowany do ci\u0119\u017ckich prac budowlanych i mi\u0119dzynarodowego eksportu.","breadcrumb":{"@id":"https:\/\/www.hsymachinery.com\/product\/rebar-cutting-machine-gq60-flat-knife\/#breadcrumb"},"inLanguage":"pl-PL","potentialAction":[{"@type":"ReadAction","target":["https:\/\/www.hsymachinery.com\/product\/rebar-cutting-machine-gq60-flat-knife\/"]}]},{"@type":"ImageObject","inLanguage":"pl-PL","@id":"https:\/\/www.hsymachinery.com\/product\/rebar-cutting-machine-gq60-flat-knife\/#primaryimage","url":"https:\/\/www.hsymachinery.com\/wp-content\/uploads\/2025\/06\/Rebar-Cutting-Machine-GQ60-Flat-knife.jpg","contentUrl":"https:\/\/www.hsymachinery.com\/wp-content\/uploads\/2025\/06\/Rebar-Cutting-Machine-GQ60-Flat-knife.jpg","width":600,"height":600},{"@type":"BreadcrumbList","@id":"https:\/\/www.hsymachinery.com\/product\/rebar-cutting-machine-gq60-flat-knife\/#breadcrumb","itemListElement":[{"@type":"ListItem","position":1,"name":"home","item":"https:\/\/www.hsymachinery.com\/"},{"@type":"ListItem","position":2,"name":"products","item":"https:\/\/www.hsymachinery.com\/products\/"},{"@type":"ListItem","position":3,"name":"Rebar Cutting Machine GQ60 (Flat knife)"}]},{"@type":"WebSite","@id":"https:\/\/www.hsymachinery.com\/#website","url":"https:\/\/www.hsymachinery.com\/","name":"HSY Construction Machinery","description":"HSY Machinery - wiod\u0105cy chi\u0144ski dostawca maszyn budowlanych, oferuj\u0105cy szerok\u0105 gam\u0119 lekkiego sprz\u0119tu budowlanego. Nasze g\u0142\u00f3wne produkty to maszyna do ci\u0119cia pr\u0119t\u00f3w zbrojeniowych, maszyna do gi\u0119cia pr\u0119t\u00f3w zbrojeniowych, maszyna do gi\u0119cia strzemion pr\u0119t\u00f3w zbrojeniowych, maszyna do gi\u0119cia \u0142uk\u00f3w pr\u0119t\u00f3w zbrojeniowych, maszyna do prostowania pr\u0119t\u00f3w zbrojeniowych, pi\u0119ciog\u0142owicowa maszyna do gi\u0119cia strzemion pr\u0119t\u00f3w zbrojeniowych, ubijak, zag\u0119szczarka p\u0142ytowa, przecinarka do betonu, zacieraczka mechaniczna i inne maszyny budowlane. Jeste\u015bmy wyposa\u017ceni w zaawansowane maszyny CNC i egzekwujemy surowe standardy kontroli jako\u015bci wraz z kompleksow\u0105 obs\u0142ug\u0105 posprzeda\u017cn\u0105. Je\u015bli jeste\u015b zainteresowany naszymi produktami lub us\u0142ugami, serdecznie zapraszamy do sk\u0142adania zapyta\u0144 za po\u015brednictwem wiadomo\u015bci.","publisher":{"@id":"https:\/\/www.hsymachinery.com\/#organization"},"potentialAction":[{"@type":"SearchAction","target":{"@type":"EntryPoint","urlTemplate":"https:\/\/www.hsymachinery.com\/?s={search_term_string}"},"query-input":{"@type":"PropertyValueSpecification","valueRequired":true,"valueName":"search_term_string"}}],"inLanguage":"pl-PL"},{"@type":"Organization","@id":"https:\/\/www.hsymachinery.com\/#organization","name":"HSY Construction Machinery","url":"https:\/\/www.hsymachinery.com\/","logo":{"@type":"ImageObject","inLanguage":"pl-PL","@id":"https:\/\/www.hsymachinery.com\/#\/schema\/logo\/image\/","url":"https:\/\/www.hsymachinery.com\/wp-content\/uploads\/2025\/06\/cropped-HSY-machinery.png","contentUrl":"https:\/\/www.hsymachinery.com\/wp-content\/uploads\/2025\/06\/cropped-HSY-machinery.png","width":600,"height":240,"caption":"HSY Construction Machinery"},"image":{"@id":"https:\/\/www.hsymachinery.com\/#\/schema\/logo\/image\/"}}]}},"_links":{"self":[{"href":"https:\/\/www.hsymachinery.com\/pl\/wp-json\/wp\/v2\/product\/8933","targetHints":{"allow":["GET"]}}],"collection":[{"href":"https:\/\/www.hsymachinery.com\/pl\/wp-json\/wp\/v2\/product"}],"about":[{"href":"https:\/\/www.hsymachinery.com\/pl\/wp-json\/wp\/v2\/types\/product"}],"version-history":[{"count":4,"href":"https:\/\/www.hsymachinery.com\/pl\/wp-json\/wp\/v2\/product\/8933\/revisions"}],"predecessor-version":[{"id":9338,"href":"https:\/\/www.hsymachinery.com\/pl\/wp-json\/wp\/v2\/product\/8933\/revisions\/9338"}],"wp:featuredmedia":[{"embeddable":true,"href":"https:\/\/www.hsymachinery.com\/pl\/wp-json\/wp\/v2\/media\/8934"}],"wp:attachment":[{"href":"https:\/\/www.hsymachinery.com\/pl\/wp-json\/wp\/v2\/media?parent=8933"}],"wp:term":[{"taxonomy":"product_brand","embeddable":true,"href":"https:\/\/www.hsymachinery.com\/pl\/wp-json\/wp\/v2\/product_brand?post=8933"},{"taxonomy":"product_cat","embeddable":true,"href":"https:\/\/www.hsymachinery.com\/pl\/wp-json\/wp\/v2\/product_cat?post=8933"},{"taxonomy":"product_tag","embeddable":true,"href":"https:\/\/www.hsymachinery.com\/pl\/wp-json\/wp\/v2\/product_tag?post=8933"}],"curies":[{"name":"wp","href":"https:\/\/api.w.org\/{rel}","templated":true}]}}