{"id":8927,"date":"2025-06-18T11:27:56","date_gmt":"2025-06-18T03:27:56","guid":{"rendered":"https:\/\/www.hsymachinery.com\/?post_type=product&#038;p=8927"},"modified":"2025-06-25T21:03:06","modified_gmt":"2025-06-25T13:03:06","slug":"maszyna-do-ciecia-pretow-zbrojeniowych-gq55-noz-plaski","status":"publish","type":"product","link":"https:\/\/www.hsymachinery.com\/pl\/product\/maszyna-do-ciecia-pretow-zbrojeniowych-gq55-noz-plaski\/","title":{"rendered":"Maszyna do ci\u0119cia pr\u0119t\u00f3w zbrojeniowych GQ55 (n\u00f3\u017c p\u0142aski)"},"content":{"rendered":"<h3 data-start=\"429\" data-end=\"519\">Przegl\u0105d produkt\u00f3w - Precyzyjne no\u017cyce do pr\u0119t\u00f3w z p\u0142askim ostrzem do ci\u0119\u017ckich zastosowa\u0144<\/h3>\n<p data-start=\"521\" data-end=\"893\">The <strong data-start=\"525\" data-end=\"568\">Maszyna do ci\u0119cia pr\u0119t\u00f3w zbrojeniowych GQ55 (n\u00f3\u017c p\u0142aski)<\/strong> jest przeznaczony do wymagaj\u0105cych zada\u0144 ci\u0119cia stali w du\u017cych projektach budowlanych. Model ten wydajnie tnie pr\u0119ty stalowe o \u015brednicy od 6 mm do 42 mm, w tym pr\u0119ty \u017cebrowane, okr\u0105g\u0142e i w\u0119glowe. Wyposa\u017cony w precyzyjnie zaprojektowany p\u0142aski n\u00f3\u017c, zapewnia ostre, dok\u0142adne ci\u0119cia, kt\u00f3re spe\u0142niaj\u0105 standardy zbrojenia strukturalnego.<\/p>\n<p data-start=\"895\" data-end=\"1076\">W przeciwie\u0144stwie do l\u017cejszych maszyn, GQ55 zapewnia wi\u0119kszy moment obrotowy i wzmocnion\u0105 stabilno\u015b\u0107, dzi\u0119ki czemu nadaje si\u0119 do prac mostowych, budowy wie\u017cowc\u00f3w i plac\u00f3w prefabrykacji.<\/p>\n<h3 data-start=\"1083\" data-end=\"1130\">Dok\u0142adne i trwa\u0142e ci\u0119cie<\/h3>\n<p data-start=\"1132\" data-end=\"1363\">System p\u0142askich ostrzy zapewnia prost\u0105 lini\u0119 ci\u0119cia, co skutkuje minimalnym odkszta\u0142ceniem pr\u0119ta i czystszym wyko\u0144czeniem ci\u0119cia. Ponadto model ten zmniejsza straty materia\u0142u podczas obr\u00f3bki, co z czasem pomaga obni\u017cy\u0107 koszty operacyjne.<\/p>\n<p data-start=\"1365\" data-end=\"1643\">Dzi\u0119ki miedzianemu silnikowi klasy przemys\u0142owej, maszyna do ci\u0119cia pr\u0119t\u00f3w zbrojeniowych GQ55 (p\u0142aski n\u00f3\u017c) oferuje stabilne i ci\u0105g\u0142e dostarczanie mocy. Tymczasem wewn\u0119trzny system przek\u0142adni zosta\u0142 udoskonalony w celu zmniejszenia ha\u0142asu mechanicznego i zwi\u0119kszenia \u017cywotno\u015bci, nawet przy intensywnym u\u017cytkowaniu.<\/p>\n<p data-start=\"1645\" data-end=\"1802\">Co wi\u0119cej, konstrukcja z szybkim dost\u0119pem upraszcza rutynow\u0105 konserwacj\u0119. Operatorzy mog\u0105 \u0142atwo sprawdza\u0107, smarowa\u0107 lub wymienia\u0107 ostrza bez konieczno\u015bci demonta\u017cu wielu paneli.<\/p>\n<h3 data-start=\"1809\" data-end=\"1851\">Wzmocniona konstrukcja do d\u0142ugotrwa\u0142ego u\u017cytkowania<\/h3>\n<p data-start=\"1853\" data-end=\"2186\">Model GQ55 posiada wzmocnion\u0105 \u017celiwn\u0105 obudow\u0119, kt\u00f3ra zapewnia doskona\u0142\u0105 odporno\u015b\u0107 na wibracje i d\u0142ugotrwa\u0142e obci\u0105\u017cenie. Dodatkowo jest on wyposa\u017cony w odporne na zu\u017cycie k\u00f3\u0142ka, umo\u017cliwiaj\u0105ce \u0142atwe przemieszczanie po nier\u00f3wnych powierzchniach. R\u0119czna d\u017awignia zapewnia intuicyjne sterowanie, dzi\u0119ki czemu ka\u017cde ci\u0119cie jest wydajne i bezpieczne.<\/p>\n<p data-start=\"2188\" data-end=\"2365\">Obs\u0142uguje <strong data-start=\"2200\" data-end=\"2243\">konfiguracje dwunapi\u0119ciowe (220V\/380V)<\/strong> oraz <strong data-start=\"2248\" data-end=\"2261\">50Hz\/60Hz<\/strong>, dzi\u0119ki czemu jest wysoce przystosowany do rynk\u00f3w eksportowych w Azji, na Bliskim Wschodzie, w Afryce i Ameryce \u0141aci\u0144skiej.<\/p>\n<h3 data-start=\"2372\" data-end=\"2420\">Kluczowe zalety no\u017ca p\u0142askiego GQ55<\/h3>\n<ul data-start=\"2422\" data-end=\"2640\">\n<li data-start=\"2422\" data-end=\"2476\">\n<p data-start=\"2424\" data-end=\"2476\">No\u017cyce do pr\u0119t\u00f3w stalowych 6-42 mm z niezmienn\u0105 precyzj\u0105<\/p>\n<\/li>\n<li data-start=\"2477\" data-end=\"2522\">\n<p data-start=\"2479\" data-end=\"2522\">Stworzony do pracy w trudnych warunkach budowlanych<\/p>\n<\/li>\n<li data-start=\"2523\" data-end=\"2580\">\n<p data-start=\"2525\" data-end=\"2580\">Minimalne wibracje, d\u0142uga \u017cywotno\u015b\u0107 i \u0142atwa konserwacja<\/p>\n<\/li>\n<li data-start=\"2581\" data-end=\"2640\">\n<p data-start=\"2583\" data-end=\"2640\">Konfigurowalne opcje napi\u0119cia i cz\u0119stotliwo\u015bci do u\u017cytku globalnego<\/p>\n<\/li>\n<\/ul>\n<p><iframe title=\"maszyna do ci\u0119cia pr\u0119t\u00f3w zbrojeniowych maszyna do ci\u0119cia pr\u0119t\u00f3w zbrojeniowych, maszyna do ci\u0119cia pr\u0119t\u00f3w stalowych, maszyny budowlane\" width=\"720\" height=\"405\" src=\"https:\/\/www.youtube.com\/embed\/cIrJPBezWsw?feature=oembed\" frameborder=\"0\" allow=\"accelerometer; autoplay; clipboard-write; encrypted-media; gyroscope; picture-in-picture; web-share\" referrerpolicy=\"strict-origin-when-cross-origin\" allowfullscreen><\/iframe><\/p>","protected":false},"excerpt":{"rendered":"<p>Przecinak do pr\u0119t\u00f3w zbrojeniowych z p\u0142askim no\u017cem GQ55 zosta\u0142 zaprojektowany do ci\u0119cia pr\u0119t\u00f3w 6-42 mm z wysok\u0105 wytrzyma\u0142o\u015bci\u0105 i niezawodno\u015bci\u0105, oferuj\u0105c czyste ci\u0119cia i p\u0142ynn\u0105 prac\u0119 na potrzeby budownictwa przemys\u0142owego.<\/p>","protected":false},"featured_media":8928,"template":"","meta":{"_kad_post_transparent":"default","_kad_post_title":"","_kad_post_layout":"default","_kad_post_sidebar_id":"","_kad_post_content_style":"default","_kad_post_vertical_padding":"default","_kad_post_feature":"","_kad_post_feature_position":"","_kad_post_header":false,"_kad_post_footer":false},"product_brand":[],"product_cat":[51],"product_tag":[988,992,990,989,993,985,994,987,984,991,986],"class_list":{"0":"post-8927","1":"product","2":"type-product","3":"status-publish","4":"has-post-thumbnail","6":"product_cat-rebar-cutting-machine","7":"product_tag-automatic-rebar-cutter","8":"product_tag-construction-steel-bar-cutter","9":"product_tag-electric-rebar-cutting-tool","10":"product_tag-hydraulic-rebar-cutting-machine","11":"product_tag-portable-rebar-cutting-machine","12":"product_tag-rebar-cutter","13":"product_tag-rebar-cutting-machine","14":"product_tag-reinforcement-bar-cutter","15":"product_tag-steel-bar-cutting-machine","16":"product_tag-steel-rod-cutter-machine","17":"product_tag-tmt-bar-cutting-machine","19":"first","20":"instock","21":"shipping-taxable","22":"product-type-simple","23":"entry","24":"content-bg","25":"loop-entry"},"yoast_head":"<!-- This site is optimized with the Yoast SEO plugin v25.3.1 - https:\/\/yoast.com\/wordpress\/plugins\/seo\/ -->\n<title>Rebar Cutting Machine GQ55 (Flat knife) - HSY Construction Machinery<\/title>\n<meta name=\"description\" content=\"Rebar Cutting Machine GQ55 (Flat Knife) shears 6\u201342mm bars precisely. Heavy-duty design for durable use in global construction and steel processing sectors.\" \/>\n<meta name=\"robots\" content=\"index, follow, max-snippet:-1, max-image-preview:large, max-video-preview:-1\" \/>\n<link rel=\"canonical\" href=\"https:\/\/www.hsymachinery.com\/pl\/product\/maszyna-do-ciecia-pretow-zbrojeniowych-gq55-noz-plaski\/\" \/>\n<meta property=\"og:locale\" content=\"pl_PL\" \/>\n<meta property=\"og:type\" content=\"article\" \/>\n<meta property=\"og:title\" content=\"Rebar Cutting Machine GQ55 (Flat knife) - HSY Construction Machinery\" \/>\n<meta property=\"og:description\" content=\"Rebar Cutting Machine GQ55 (Flat Knife) shears 6\u201342mm bars precisely. Heavy-duty design for durable use in global construction and steel processing sectors.\" \/>\n<meta property=\"og:url\" content=\"https:\/\/www.hsymachinery.com\/pl\/product\/maszyna-do-ciecia-pretow-zbrojeniowych-gq55-noz-plaski\/\" \/>\n<meta property=\"og:site_name\" content=\"HSY Construction Machinery\" \/>\n<meta property=\"article:modified_time\" content=\"2025-06-25T13:03:06+00:00\" \/>\n<meta property=\"og:image\" content=\"https:\/\/www.hsymachinery.com\/wp-content\/uploads\/2025\/06\/Rebar-Cutting-Machine-GQ55-Flat-knife.jpg\" \/>\n\t<meta property=\"og:image:width\" content=\"600\" \/>\n\t<meta property=\"og:image:height\" content=\"600\" \/>\n\t<meta property=\"og:image:type\" content=\"image\/jpeg\" \/>\n<meta name=\"twitter:card\" content=\"summary_large_image\" \/>\n<meta name=\"twitter:label1\" content=\"Szacowany czas czytania\" \/>\n\t<meta name=\"twitter:data1\" content=\"2 minuty\" \/>\n<script type=\"application\/ld+json\" class=\"yoast-schema-graph\">{\"@context\":\"https:\/\/schema.org\",\"@graph\":[{\"@type\":\"WebPage\",\"@id\":\"https:\/\/www.hsymachinery.com\/product\/rebar-cutting-machine-gq55-flat-knife\/\",\"url\":\"https:\/\/www.hsymachinery.com\/product\/rebar-cutting-machine-gq55-flat-knife\/\",\"name\":\"Rebar Cutting Machine GQ55 (Flat knife) - HSY Construction Machinery\",\"isPartOf\":{\"@id\":\"https:\/\/www.hsymachinery.com\/#website\"},\"primaryImageOfPage\":{\"@id\":\"https:\/\/www.hsymachinery.com\/product\/rebar-cutting-machine-gq55-flat-knife\/#primaryimage\"},\"image\":{\"@id\":\"https:\/\/www.hsymachinery.com\/product\/rebar-cutting-machine-gq55-flat-knife\/#primaryimage\"},\"thumbnailUrl\":\"https:\/\/www.hsymachinery.com\/wp-content\/uploads\/2025\/06\/Rebar-Cutting-Machine-GQ55-Flat-knife.jpg\",\"datePublished\":\"2025-06-18T03:27:56+00:00\",\"dateModified\":\"2025-06-25T13:03:06+00:00\",\"description\":\"Rebar Cutting Machine GQ55 (Flat Knife) shears 6\u201342mm bars precisely. Heavy-duty design for durable use in global construction and steel processing sectors.\",\"breadcrumb\":{\"@id\":\"https:\/\/www.hsymachinery.com\/product\/rebar-cutting-machine-gq55-flat-knife\/#breadcrumb\"},\"inLanguage\":\"pl-PL\",\"potentialAction\":[{\"@type\":\"ReadAction\",\"target\":[\"https:\/\/www.hsymachinery.com\/product\/rebar-cutting-machine-gq55-flat-knife\/\"]}]},{\"@type\":\"ImageObject\",\"inLanguage\":\"pl-PL\",\"@id\":\"https:\/\/www.hsymachinery.com\/product\/rebar-cutting-machine-gq55-flat-knife\/#primaryimage\",\"url\":\"https:\/\/www.hsymachinery.com\/wp-content\/uploads\/2025\/06\/Rebar-Cutting-Machine-GQ55-Flat-knife.jpg\",\"contentUrl\":\"https:\/\/www.hsymachinery.com\/wp-content\/uploads\/2025\/06\/Rebar-Cutting-Machine-GQ55-Flat-knife.jpg\",\"width\":600,\"height\":600},{\"@type\":\"BreadcrumbList\",\"@id\":\"https:\/\/www.hsymachinery.com\/product\/rebar-cutting-machine-gq55-flat-knife\/#breadcrumb\",\"itemListElement\":[{\"@type\":\"ListItem\",\"position\":1,\"name\":\"home\",\"item\":\"https:\/\/www.hsymachinery.com\/\"},{\"@type\":\"ListItem\",\"position\":2,\"name\":\"products\",\"item\":\"https:\/\/www.hsymachinery.com\/products\/\"},{\"@type\":\"ListItem\",\"position\":3,\"name\":\"Rebar Cutting Machine GQ55 (Flat knife)\"}]},{\"@type\":\"WebSite\",\"@id\":\"https:\/\/www.hsymachinery.com\/#website\",\"url\":\"https:\/\/www.hsymachinery.com\/\",\"name\":\"HSY Construction Machinery\",\"description\":\"HSY Machinery \u2013 A leading China construction machinery supplier, offering a wide range of light construction equipment. Our main products include Rebar Cutting Machine, Rebar Bending Machine, Rebar Stirrup Bending Machine, Rebar Arc Bending Machine, Rebar Straightening Machine, Five-Head Rebar Stirrup Bending Machine, Tamping Rammer, Plate Compactor, Concrete Cutter, Power Trowel, and other construction machinery. We are equipped with advanced CNC machines, and we enforce strict quality inspection standards along with comprehensive after-sales service. If you are interested in our products or services, we warmly welcome your inquiries via message.\",\"publisher\":{\"@id\":\"https:\/\/www.hsymachinery.com\/#organization\"},\"potentialAction\":[{\"@type\":\"SearchAction\",\"target\":{\"@type\":\"EntryPoint\",\"urlTemplate\":\"https:\/\/www.hsymachinery.com\/?s={search_term_string}\"},\"query-input\":{\"@type\":\"PropertyValueSpecification\",\"valueRequired\":true,\"valueName\":\"search_term_string\"}}],\"inLanguage\":\"pl-PL\"},{\"@type\":\"Organization\",\"@id\":\"https:\/\/www.hsymachinery.com\/#organization\",\"name\":\"HSY Construction Machinery\",\"url\":\"https:\/\/www.hsymachinery.com\/\",\"logo\":{\"@type\":\"ImageObject\",\"inLanguage\":\"pl-PL\",\"@id\":\"https:\/\/www.hsymachinery.com\/#\/schema\/logo\/image\/\",\"url\":\"https:\/\/www.hsymachinery.com\/wp-content\/uploads\/2025\/06\/cropped-HSY-machinery.png\",\"contentUrl\":\"https:\/\/www.hsymachinery.com\/wp-content\/uploads\/2025\/06\/cropped-HSY-machinery.png\",\"width\":600,\"height\":240,\"caption\":\"HSY Construction Machinery\"},\"image\":{\"@id\":\"https:\/\/www.hsymachinery.com\/#\/schema\/logo\/image\/\"}}]}<\/script>\n<!-- \/ Yoast SEO plugin. -->","yoast_head_json":{"title":"Maszyna do ci\u0119cia pr\u0119t\u00f3w zbrojeniowych GQ55 (n\u00f3\u017c p\u0142aski) - HSY Construction Machinery","description":"Maszyna do ci\u0119cia pr\u0119t\u00f3w zbrojeniowych GQ55 (p\u0142aski n\u00f3\u017c) precyzyjnie tnie pr\u0119ty 6-42 mm. Wytrzyma\u0142a konstrukcja do trwa\u0142ego u\u017cytku w sektorach budownictwa i obr\u00f3bki stali na ca\u0142ym \u015bwiecie.","robots":{"index":"index","follow":"follow","max-snippet":"max-snippet:-1","max-image-preview":"max-image-preview:large","max-video-preview":"max-video-preview:-1"},"canonical":"https:\/\/www.hsymachinery.com\/pl\/product\/maszyna-do-ciecia-pretow-zbrojeniowych-gq55-noz-plaski\/","og_locale":"pl_PL","og_type":"article","og_title":"Rebar Cutting Machine GQ55 (Flat knife) - HSY Construction Machinery","og_description":"Rebar Cutting Machine GQ55 (Flat Knife) shears 6\u201342mm bars precisely. Heavy-duty design for durable use in global construction and steel processing sectors.","og_url":"https:\/\/www.hsymachinery.com\/pl\/product\/maszyna-do-ciecia-pretow-zbrojeniowych-gq55-noz-plaski\/","og_site_name":"HSY Construction Machinery","article_modified_time":"2025-06-25T13:03:06+00:00","og_image":[{"width":600,"height":600,"url":"https:\/\/www.hsymachinery.com\/wp-content\/uploads\/2025\/06\/Rebar-Cutting-Machine-GQ55-Flat-knife.jpg","type":"image\/jpeg"}],"twitter_card":"summary_large_image","twitter_misc":{"Szacowany czas czytania":"2 minuty"},"schema":{"@context":"https:\/\/schema.org","@graph":[{"@type":"WebPage","@id":"https:\/\/www.hsymachinery.com\/product\/rebar-cutting-machine-gq55-flat-knife\/","url":"https:\/\/www.hsymachinery.com\/product\/rebar-cutting-machine-gq55-flat-knife\/","name":"Maszyna do ci\u0119cia pr\u0119t\u00f3w zbrojeniowych GQ55 (n\u00f3\u017c p\u0142aski) - HSY Construction Machinery","isPartOf":{"@id":"https:\/\/www.hsymachinery.com\/#website"},"primaryImageOfPage":{"@id":"https:\/\/www.hsymachinery.com\/product\/rebar-cutting-machine-gq55-flat-knife\/#primaryimage"},"image":{"@id":"https:\/\/www.hsymachinery.com\/product\/rebar-cutting-machine-gq55-flat-knife\/#primaryimage"},"thumbnailUrl":"https:\/\/www.hsymachinery.com\/wp-content\/uploads\/2025\/06\/Rebar-Cutting-Machine-GQ55-Flat-knife.jpg","datePublished":"2025-06-18T03:27:56+00:00","dateModified":"2025-06-25T13:03:06+00:00","description":"Maszyna do ci\u0119cia pr\u0119t\u00f3w zbrojeniowych GQ55 (p\u0142aski n\u00f3\u017c) precyzyjnie tnie pr\u0119ty 6-42 mm. Wytrzyma\u0142a konstrukcja do trwa\u0142ego u\u017cytku w sektorach budownictwa i obr\u00f3bki stali na ca\u0142ym \u015bwiecie.","breadcrumb":{"@id":"https:\/\/www.hsymachinery.com\/product\/rebar-cutting-machine-gq55-flat-knife\/#breadcrumb"},"inLanguage":"pl-PL","potentialAction":[{"@type":"ReadAction","target":["https:\/\/www.hsymachinery.com\/product\/rebar-cutting-machine-gq55-flat-knife\/"]}]},{"@type":"ImageObject","inLanguage":"pl-PL","@id":"https:\/\/www.hsymachinery.com\/product\/rebar-cutting-machine-gq55-flat-knife\/#primaryimage","url":"https:\/\/www.hsymachinery.com\/wp-content\/uploads\/2025\/06\/Rebar-Cutting-Machine-GQ55-Flat-knife.jpg","contentUrl":"https:\/\/www.hsymachinery.com\/wp-content\/uploads\/2025\/06\/Rebar-Cutting-Machine-GQ55-Flat-knife.jpg","width":600,"height":600},{"@type":"BreadcrumbList","@id":"https:\/\/www.hsymachinery.com\/product\/rebar-cutting-machine-gq55-flat-knife\/#breadcrumb","itemListElement":[{"@type":"ListItem","position":1,"name":"home","item":"https:\/\/www.hsymachinery.com\/"},{"@type":"ListItem","position":2,"name":"products","item":"https:\/\/www.hsymachinery.com\/products\/"},{"@type":"ListItem","position":3,"name":"Rebar Cutting Machine GQ55 (Flat knife)"}]},{"@type":"WebSite","@id":"https:\/\/www.hsymachinery.com\/#website","url":"https:\/\/www.hsymachinery.com\/","name":"HSY Construction Machinery","description":"HSY Machinery - wiod\u0105cy chi\u0144ski dostawca maszyn budowlanych, oferuj\u0105cy szerok\u0105 gam\u0119 lekkiego sprz\u0119tu budowlanego. Nasze g\u0142\u00f3wne produkty to maszyna do ci\u0119cia pr\u0119t\u00f3w zbrojeniowych, maszyna do gi\u0119cia pr\u0119t\u00f3w zbrojeniowych, maszyna do gi\u0119cia strzemion pr\u0119t\u00f3w zbrojeniowych, maszyna do gi\u0119cia \u0142uk\u00f3w pr\u0119t\u00f3w zbrojeniowych, maszyna do prostowania pr\u0119t\u00f3w zbrojeniowych, pi\u0119ciog\u0142owicowa maszyna do gi\u0119cia strzemion pr\u0119t\u00f3w zbrojeniowych, ubijak, zag\u0119szczarka p\u0142ytowa, przecinarka do betonu, zacieraczka mechaniczna i inne maszyny budowlane. Jeste\u015bmy wyposa\u017ceni w zaawansowane maszyny CNC i egzekwujemy surowe standardy kontroli jako\u015bci wraz z kompleksow\u0105 obs\u0142ug\u0105 posprzeda\u017cn\u0105. Je\u015bli jeste\u015b zainteresowany naszymi produktami lub us\u0142ugami, serdecznie zapraszamy do sk\u0142adania zapyta\u0144 za po\u015brednictwem wiadomo\u015bci.","publisher":{"@id":"https:\/\/www.hsymachinery.com\/#organization"},"potentialAction":[{"@type":"SearchAction","target":{"@type":"EntryPoint","urlTemplate":"https:\/\/www.hsymachinery.com\/?s={search_term_string}"},"query-input":{"@type":"PropertyValueSpecification","valueRequired":true,"valueName":"search_term_string"}}],"inLanguage":"pl-PL"},{"@type":"Organization","@id":"https:\/\/www.hsymachinery.com\/#organization","name":"HSY Construction Machinery","url":"https:\/\/www.hsymachinery.com\/","logo":{"@type":"ImageObject","inLanguage":"pl-PL","@id":"https:\/\/www.hsymachinery.com\/#\/schema\/logo\/image\/","url":"https:\/\/www.hsymachinery.com\/wp-content\/uploads\/2025\/06\/cropped-HSY-machinery.png","contentUrl":"https:\/\/www.hsymachinery.com\/wp-content\/uploads\/2025\/06\/cropped-HSY-machinery.png","width":600,"height":240,"caption":"HSY Construction Machinery"},"image":{"@id":"https:\/\/www.hsymachinery.com\/#\/schema\/logo\/image\/"}}]}},"_links":{"self":[{"href":"https:\/\/www.hsymachinery.com\/pl\/wp-json\/wp\/v2\/product\/8927","targetHints":{"allow":["GET"]}}],"collection":[{"href":"https:\/\/www.hsymachinery.com\/pl\/wp-json\/wp\/v2\/product"}],"about":[{"href":"https:\/\/www.hsymachinery.com\/pl\/wp-json\/wp\/v2\/types\/product"}],"version-history":[{"count":3,"href":"https:\/\/www.hsymachinery.com\/pl\/wp-json\/wp\/v2\/product\/8927\/revisions"}],"predecessor-version":[{"id":9333,"href":"https:\/\/www.hsymachinery.com\/pl\/wp-json\/wp\/v2\/product\/8927\/revisions\/9333"}],"wp:featuredmedia":[{"embeddable":true,"href":"https:\/\/www.hsymachinery.com\/pl\/wp-json\/wp\/v2\/media\/8928"}],"wp:attachment":[{"href":"https:\/\/www.hsymachinery.com\/pl\/wp-json\/wp\/v2\/media?parent=8927"}],"wp:term":[{"taxonomy":"product_brand","embeddable":true,"href":"https:\/\/www.hsymachinery.com\/pl\/wp-json\/wp\/v2\/product_brand?post=8927"},{"taxonomy":"product_cat","embeddable":true,"href":"https:\/\/www.hsymachinery.com\/pl\/wp-json\/wp\/v2\/product_cat?post=8927"},{"taxonomy":"product_tag","embeddable":true,"href":"https:\/\/www.hsymachinery.com\/pl\/wp-json\/wp\/v2\/product_tag?post=8927"}],"curies":[{"name":"wp","href":"https:\/\/api.w.org\/{rel}","templated":true}]}}