{"id":8921,"date":"2025-06-18T11:24:46","date_gmt":"2025-06-18T03:24:46","guid":{"rendered":"https:\/\/www.hsymachinery.com\/?post_type=product&#038;p=8921"},"modified":"2025-06-25T20:50:31","modified_gmt":"2025-06-25T12:50:31","slug":"maszyna-do-ciecia-pretow-zbrojeniowych-gq50-noz-plaski","status":"publish","type":"product","link":"https:\/\/www.hsymachinery.com\/pl\/product\/maszyna-do-ciecia-pretow-zbrojeniowych-gq50-noz-plaski\/","title":{"rendered":"Maszyna do ci\u0119cia pr\u0119t\u00f3w zbrojeniowych GQ50 (n\u00f3\u017c p\u0142aski)"},"content":{"rendered":"<h3 data-start=\"419\" data-end=\"476\">Wytrzyma\u0142a maszyna do ci\u0119cia stali dla pr\u0119t\u00f3w zbrojeniowych do 40 mm<\/h3>\n<h3 data-start=\"483\" data-end=\"570\">\u00a0Przegl\u0105d produkt\u00f3w - Przemys\u0142owy sprz\u0119t do obr\u00f3bki pr\u0119t\u00f3w zbrojeniowych do ci\u0119cia na du\u017c\u0105 skal\u0119<\/h3>\n<p data-start=\"572\" data-end=\"990\">The <strong data-start=\"576\" data-end=\"619\">Maszyna do ci\u0119cia pr\u0119t\u00f3w zbrojeniowych GQ50 (n\u00f3\u017c p\u0142aski)<\/strong> to wysokowydajna maszyna do ci\u0119cia stali zbudowana z my\u015bl\u0105 o ci\u0119\u017ckich pracach budowlanych. Zaprojektowana do ci\u0119cia <strong data-start=\"724\" data-end=\"739\">6 mm do 40 mm<\/strong> Model ten jest idealny do zastosowa\u0144 zwi\u0105zanych z infrastruktur\u0105, mostami, tunelami i prefabrykacj\u0105. Mechanizm tn\u0105cy z p\u0142askim no\u017cem zapewnia stabilny i czysty proces \u015bcinania, zapewniaj\u0105c niezmiennie g\u0142adkie kraw\u0119dzie i mniejsze straty materia\u0142u.<\/p>\n<h3 data-start=\"997\" data-end=\"1062\">Stabilna wydajno\u015b\u0107 ci\u0119cia z ostrzem o wysokiej wytrzyma\u0142o\u015bci<\/h3>\n<p data-start=\"1064\" data-end=\"1407\">Ten model wykorzystuje <strong data-start=\"1082\" data-end=\"1112\">system strzy\u017cenia no\u017cem p\u0142askim<\/strong> kt\u00f3ry wywiera r\u00f3wnomierny nacisk na ka\u017cdy segment pr\u0119ta zbrojeniowego. W rezultacie ci\u0119cia s\u0105 dok\u0142adne i czyste, bez zniekszta\u0142ce\u0144 i zadzior\u00f3w. Wytrzyma\u0142y brzeszczot mo\u017ce wytrzyma\u0107 du\u017ce obci\u0105\u017cenia, zachowuj\u0105c precyzj\u0119 przez d\u0142ugi czas. Co wi\u0119cej, system szybkiej wymiany ostrza sprawia, \u017ce konserwacja jest szybka i \u0142atwa.<\/p>\n<p data-start=\"1409\" data-end=\"1692\">The <strong data-start=\"1413\" data-end=\"1456\"><a href=\"https:\/\/www.hsymachinery.com\/pl\/produkty\/maszyna-do-ciecia-pretow-zbrojeniowych\/\" target=\"_blank\" rel=\"noopener\">Maszyna do ci\u0119cia pr\u0119t\u00f3w zbrojeniowych<\/a> GQ50 (p\u0142aski n\u00f3\u017c)<\/strong> jest nap\u0119dzana wysokowydajnym silnikiem miedzianym, kt\u00f3ry zapewnia wysoki moment obrotowy przy niskim zu\u017cyciu energii. W po\u0142\u0105czeniu z precyzyjnie wykonan\u0105 przek\u0142adni\u0105, maszyna ta pracuje z minimalnymi wibracjami i niskim poziomem ha\u0142asu, nawet przy ci\u0105g\u0142ym u\u017cytkowaniu.<\/p>\n<h3 data-start=\"1699\" data-end=\"1749\">Wytrzyma\u0142a rama i konstrukcja gotowa do eksportu na ca\u0142y \u015bwiat<\/h3>\n<p data-start=\"1751\" data-end=\"2081\">Maszyna posiada wzmocniony \u017celiwny korpus, kt\u00f3ry zapewnia integralno\u015b\u0107 strukturaln\u0105 przy d\u0142ugotrwa\u0142ym obci\u0105\u017ceniu mechanicznym. Ko\u0142a z litej gumy poprawiaj\u0105 mobilno\u015b\u0107 w miejscu pracy, a r\u0119czny uchwyt steruj\u0105cy zapewnia przyjazn\u0105 dla u\u017cytkownika obs\u0142ug\u0119. Ponadto otwierana pokrywa umo\u017cliwia \u0142atwy dost\u0119p podczas konserwacji i wymiany ostrzy.<\/p>\n<p data-start=\"2083\" data-end=\"2335\">Dzi\u0119ki obs\u0142udze wielu standard\u00f3w napi\u0119cia (220V\/380V, 50Hz\/60Hz), maszyna ta doskonale nadaje si\u0119 na rynki mi\u0119dzynarodowe. Profesjonali\u015bci wybieraj\u0105 model GQ50 z p\u0142askim no\u017cem ze wzgl\u0119du na jego d\u0142ugoterminow\u0105 niezawodno\u015b\u0107, sp\u00f3jno\u015b\u0107 ci\u0119cia i wysoki zwrot z inwestycji.<\/p>\n<h3 data-start=\"2342\" data-end=\"2388\">\u00a0Dlaczego warto wybra\u0107 przecinak do pr\u0119t\u00f3w zbrojeniowych z p\u0142askim no\u017cem GQ50?<\/h3>\n<ul data-start=\"2390\" data-end=\"2631\">\n<li data-start=\"2390\" data-end=\"2452\">\n<p data-start=\"2392\" data-end=\"2452\">Tnie pr\u0119ty zbrojeniowe od 6 mm do 40 mm z czyst\u0105 i stabiln\u0105 wydajno\u015bci\u0105<\/p>\n<\/li>\n<li data-start=\"2453\" data-end=\"2525\">\n<p data-start=\"2455\" data-end=\"2525\">Wytrzyma\u0142a konstrukcja zapewniaj\u0105ca d\u0142ugie godziny ci\u0119cia bez utraty dok\u0142adno\u015bci<\/p>\n<\/li>\n<li data-start=\"2526\" data-end=\"2574\">\n<p data-start=\"2528\" data-end=\"2574\">Szybka wymiana ostrza i \u0142atwa konserwacja<\/p>\n<\/li>\n<li data-start=\"2575\" data-end=\"2631\">\n<p data-start=\"2577\" data-end=\"2631\">Gotowo\u015b\u0107 do eksportu z dostosowaniem napi\u0119cia do u\u017cytku globalnego<\/p>\n<\/li>\n<\/ul>\n<p><iframe title=\"maszyna do ci\u0119cia pr\u0119t\u00f3w zbrojeniowych maszyna do ci\u0119cia pr\u0119t\u00f3w zbrojeniowych, maszyna do ci\u0119cia pr\u0119t\u00f3w stalowych, maszyny budowlane\" width=\"720\" height=\"405\" src=\"https:\/\/www.youtube.com\/embed\/cIrJPBezWsw?feature=oembed\" frameborder=\"0\" allow=\"accelerometer; autoplay; clipboard-write; encrypted-media; gyroscope; picture-in-picture; web-share\" referrerpolicy=\"strict-origin-when-cross-origin\" allowfullscreen><\/iframe><\/p>","protected":false},"excerpt":{"rendered":"<p>Przecinarka do pr\u0119t\u00f3w zbrojeniowych GQ50 z p\u0142askim no\u017cem zapewnia stabilne, czyste ci\u0119cie pr\u0119t\u00f3w stalowych o \u015brednicy 6-40 mm. Idealna do pracy w warunkach du\u017cego obci\u0105\u017cenia i d\u0142ugotrwa\u0142ego u\u017cytkowania na placach budowy.<\/p>","protected":false},"featured_media":8922,"template":"","meta":{"_kad_post_transparent":"default","_kad_post_title":"","_kad_post_layout":"default","_kad_post_sidebar_id":"","_kad_post_content_style":"default","_kad_post_vertical_padding":"default","_kad_post_feature":"","_kad_post_feature_position":"","_kad_post_header":false,"_kad_post_footer":false},"product_brand":[],"product_cat":[51],"product_tag":[988,992,990,989,993,985,994,987,984,991,986],"class_list":{"0":"post-8921","1":"product","2":"type-product","3":"status-publish","4":"has-post-thumbnail","6":"product_cat-rebar-cutting-machine","7":"product_tag-automatic-rebar-cutter","8":"product_tag-construction-steel-bar-cutter","9":"product_tag-electric-rebar-cutting-tool","10":"product_tag-hydraulic-rebar-cutting-machine","11":"product_tag-portable-rebar-cutting-machine","12":"product_tag-rebar-cutter","13":"product_tag-rebar-cutting-machine","14":"product_tag-reinforcement-bar-cutter","15":"product_tag-steel-bar-cutting-machine","16":"product_tag-steel-rod-cutter-machine","17":"product_tag-tmt-bar-cutting-machine","19":"first","20":"instock","21":"shipping-taxable","22":"product-type-simple","23":"entry","24":"content-bg","25":"loop-entry"},"yoast_head":"<!-- This site is optimized with the Yoast SEO plugin v25.3.1 - https:\/\/yoast.com\/wordpress\/plugins\/seo\/ -->\n<title>Rebar Cutting Machine GQ50 (Flat knife) - HSY Construction Machinery<\/title>\n<meta name=\"description\" content=\"Rebar Cutting Machine GQ50 (Flat Knife) cuts 6\u201340mm rebar with clean edges and high efficiency. Designed for heavy-duty construction and export demands.\" \/>\n<meta name=\"robots\" content=\"index, follow, max-snippet:-1, max-image-preview:large, max-video-preview:-1\" \/>\n<link rel=\"canonical\" href=\"https:\/\/www.hsymachinery.com\/pl\/product\/maszyna-do-ciecia-pretow-zbrojeniowych-gq50-noz-plaski\/\" \/>\n<meta property=\"og:locale\" content=\"pl_PL\" \/>\n<meta property=\"og:type\" content=\"article\" \/>\n<meta property=\"og:title\" content=\"Rebar Cutting Machine GQ50 (Flat knife) - HSY Construction Machinery\" \/>\n<meta property=\"og:description\" content=\"Rebar Cutting Machine GQ50 (Flat Knife) cuts 6\u201340mm rebar with clean edges and high efficiency. Designed for heavy-duty construction and export demands.\" \/>\n<meta property=\"og:url\" content=\"https:\/\/www.hsymachinery.com\/pl\/product\/maszyna-do-ciecia-pretow-zbrojeniowych-gq50-noz-plaski\/\" \/>\n<meta property=\"og:site_name\" content=\"HSY Construction Machinery\" \/>\n<meta property=\"article:modified_time\" content=\"2025-06-25T12:50:31+00:00\" \/>\n<meta property=\"og:image\" content=\"https:\/\/www.hsymachinery.com\/wp-content\/uploads\/2025\/06\/Rebar-Cutting-Machine-GQ50-Flat-knife.jpg\" \/>\n\t<meta property=\"og:image:width\" content=\"600\" \/>\n\t<meta property=\"og:image:height\" content=\"600\" \/>\n\t<meta property=\"og:image:type\" content=\"image\/jpeg\" \/>\n<meta name=\"twitter:card\" content=\"summary_large_image\" \/>\n<meta name=\"twitter:label1\" content=\"Szacowany czas czytania\" \/>\n\t<meta name=\"twitter:data1\" content=\"2 minuty\" \/>\n<script type=\"application\/ld+json\" class=\"yoast-schema-graph\">{\"@context\":\"https:\/\/schema.org\",\"@graph\":[{\"@type\":\"WebPage\",\"@id\":\"https:\/\/www.hsymachinery.com\/product\/rebar-cutting-machine-gq50-flat-knife\/\",\"url\":\"https:\/\/www.hsymachinery.com\/product\/rebar-cutting-machine-gq50-flat-knife\/\",\"name\":\"Rebar Cutting Machine GQ50 (Flat knife) - HSY Construction Machinery\",\"isPartOf\":{\"@id\":\"https:\/\/www.hsymachinery.com\/#website\"},\"primaryImageOfPage\":{\"@id\":\"https:\/\/www.hsymachinery.com\/product\/rebar-cutting-machine-gq50-flat-knife\/#primaryimage\"},\"image\":{\"@id\":\"https:\/\/www.hsymachinery.com\/product\/rebar-cutting-machine-gq50-flat-knife\/#primaryimage\"},\"thumbnailUrl\":\"https:\/\/www.hsymachinery.com\/wp-content\/uploads\/2025\/06\/Rebar-Cutting-Machine-GQ50-Flat-knife.jpg\",\"datePublished\":\"2025-06-18T03:24:46+00:00\",\"dateModified\":\"2025-06-25T12:50:31+00:00\",\"description\":\"Rebar Cutting Machine GQ50 (Flat Knife) cuts 6\u201340mm rebar with clean edges and high efficiency. Designed for heavy-duty construction and export demands.\",\"breadcrumb\":{\"@id\":\"https:\/\/www.hsymachinery.com\/product\/rebar-cutting-machine-gq50-flat-knife\/#breadcrumb\"},\"inLanguage\":\"pl-PL\",\"potentialAction\":[{\"@type\":\"ReadAction\",\"target\":[\"https:\/\/www.hsymachinery.com\/product\/rebar-cutting-machine-gq50-flat-knife\/\"]}]},{\"@type\":\"ImageObject\",\"inLanguage\":\"pl-PL\",\"@id\":\"https:\/\/www.hsymachinery.com\/product\/rebar-cutting-machine-gq50-flat-knife\/#primaryimage\",\"url\":\"https:\/\/www.hsymachinery.com\/wp-content\/uploads\/2025\/06\/Rebar-Cutting-Machine-GQ50-Flat-knife.jpg\",\"contentUrl\":\"https:\/\/www.hsymachinery.com\/wp-content\/uploads\/2025\/06\/Rebar-Cutting-Machine-GQ50-Flat-knife.jpg\",\"width\":600,\"height\":600},{\"@type\":\"BreadcrumbList\",\"@id\":\"https:\/\/www.hsymachinery.com\/product\/rebar-cutting-machine-gq50-flat-knife\/#breadcrumb\",\"itemListElement\":[{\"@type\":\"ListItem\",\"position\":1,\"name\":\"home\",\"item\":\"https:\/\/www.hsymachinery.com\/\"},{\"@type\":\"ListItem\",\"position\":2,\"name\":\"products\",\"item\":\"https:\/\/www.hsymachinery.com\/products\/\"},{\"@type\":\"ListItem\",\"position\":3,\"name\":\"Rebar Cutting Machine GQ50 (Flat knife)\"}]},{\"@type\":\"WebSite\",\"@id\":\"https:\/\/www.hsymachinery.com\/#website\",\"url\":\"https:\/\/www.hsymachinery.com\/\",\"name\":\"HSY Construction Machinery\",\"description\":\"HSY Machinery \u2013 A leading China construction machinery supplier, offering a wide range of light construction equipment. Our main products include Rebar Cutting Machine, Rebar Bending Machine, Rebar Stirrup Bending Machine, Rebar Arc Bending Machine, Rebar Straightening Machine, Five-Head Rebar Stirrup Bending Machine, Tamping Rammer, Plate Compactor, Concrete Cutter, Power Trowel, and other construction machinery. We are equipped with advanced CNC machines, and we enforce strict quality inspection standards along with comprehensive after-sales service. If you are interested in our products or services, we warmly welcome your inquiries via message.\",\"publisher\":{\"@id\":\"https:\/\/www.hsymachinery.com\/#organization\"},\"potentialAction\":[{\"@type\":\"SearchAction\",\"target\":{\"@type\":\"EntryPoint\",\"urlTemplate\":\"https:\/\/www.hsymachinery.com\/?s={search_term_string}\"},\"query-input\":{\"@type\":\"PropertyValueSpecification\",\"valueRequired\":true,\"valueName\":\"search_term_string\"}}],\"inLanguage\":\"pl-PL\"},{\"@type\":\"Organization\",\"@id\":\"https:\/\/www.hsymachinery.com\/#organization\",\"name\":\"HSY Construction Machinery\",\"url\":\"https:\/\/www.hsymachinery.com\/\",\"logo\":{\"@type\":\"ImageObject\",\"inLanguage\":\"pl-PL\",\"@id\":\"https:\/\/www.hsymachinery.com\/#\/schema\/logo\/image\/\",\"url\":\"https:\/\/www.hsymachinery.com\/wp-content\/uploads\/2025\/06\/cropped-HSY-machinery.png\",\"contentUrl\":\"https:\/\/www.hsymachinery.com\/wp-content\/uploads\/2025\/06\/cropped-HSY-machinery.png\",\"width\":600,\"height\":240,\"caption\":\"HSY Construction Machinery\"},\"image\":{\"@id\":\"https:\/\/www.hsymachinery.com\/#\/schema\/logo\/image\/\"}}]}<\/script>\n<!-- \/ Yoast SEO plugin. -->","yoast_head_json":{"title":"Maszyna do ci\u0119cia pr\u0119t\u00f3w zbrojeniowych GQ50 (n\u00f3\u017c p\u0142aski) - HSY Construction Machinery","description":"Maszyna do ci\u0119cia pr\u0119t\u00f3w zbrojeniowych GQ50 (p\u0142aski n\u00f3\u017c) tnie pr\u0119ty zbrojeniowe 6-40 mm z czystymi kraw\u0119dziami i wysok\u0105 wydajno\u015bci\u0105. Zaprojektowana z my\u015bl\u0105 o ci\u0119\u017ckich pracach budowlanych i wymaganiach eksportowych.","robots":{"index":"index","follow":"follow","max-snippet":"max-snippet:-1","max-image-preview":"max-image-preview:large","max-video-preview":"max-video-preview:-1"},"canonical":"https:\/\/www.hsymachinery.com\/pl\/product\/maszyna-do-ciecia-pretow-zbrojeniowych-gq50-noz-plaski\/","og_locale":"pl_PL","og_type":"article","og_title":"Rebar Cutting Machine GQ50 (Flat knife) - HSY Construction Machinery","og_description":"Rebar Cutting Machine GQ50 (Flat Knife) cuts 6\u201340mm rebar with clean edges and high efficiency. Designed for heavy-duty construction and export demands.","og_url":"https:\/\/www.hsymachinery.com\/pl\/product\/maszyna-do-ciecia-pretow-zbrojeniowych-gq50-noz-plaski\/","og_site_name":"HSY Construction Machinery","article_modified_time":"2025-06-25T12:50:31+00:00","og_image":[{"width":600,"height":600,"url":"https:\/\/www.hsymachinery.com\/wp-content\/uploads\/2025\/06\/Rebar-Cutting-Machine-GQ50-Flat-knife.jpg","type":"image\/jpeg"}],"twitter_card":"summary_large_image","twitter_misc":{"Szacowany czas czytania":"2 minuty"},"schema":{"@context":"https:\/\/schema.org","@graph":[{"@type":"WebPage","@id":"https:\/\/www.hsymachinery.com\/product\/rebar-cutting-machine-gq50-flat-knife\/","url":"https:\/\/www.hsymachinery.com\/product\/rebar-cutting-machine-gq50-flat-knife\/","name":"Maszyna do ci\u0119cia pr\u0119t\u00f3w zbrojeniowych GQ50 (n\u00f3\u017c p\u0142aski) - HSY Construction Machinery","isPartOf":{"@id":"https:\/\/www.hsymachinery.com\/#website"},"primaryImageOfPage":{"@id":"https:\/\/www.hsymachinery.com\/product\/rebar-cutting-machine-gq50-flat-knife\/#primaryimage"},"image":{"@id":"https:\/\/www.hsymachinery.com\/product\/rebar-cutting-machine-gq50-flat-knife\/#primaryimage"},"thumbnailUrl":"https:\/\/www.hsymachinery.com\/wp-content\/uploads\/2025\/06\/Rebar-Cutting-Machine-GQ50-Flat-knife.jpg","datePublished":"2025-06-18T03:24:46+00:00","dateModified":"2025-06-25T12:50:31+00:00","description":"Maszyna do ci\u0119cia pr\u0119t\u00f3w zbrojeniowych GQ50 (p\u0142aski n\u00f3\u017c) tnie pr\u0119ty zbrojeniowe 6-40 mm z czystymi kraw\u0119dziami i wysok\u0105 wydajno\u015bci\u0105. Zaprojektowana z my\u015bl\u0105 o ci\u0119\u017ckich pracach budowlanych i wymaganiach eksportowych.","breadcrumb":{"@id":"https:\/\/www.hsymachinery.com\/product\/rebar-cutting-machine-gq50-flat-knife\/#breadcrumb"},"inLanguage":"pl-PL","potentialAction":[{"@type":"ReadAction","target":["https:\/\/www.hsymachinery.com\/product\/rebar-cutting-machine-gq50-flat-knife\/"]}]},{"@type":"ImageObject","inLanguage":"pl-PL","@id":"https:\/\/www.hsymachinery.com\/product\/rebar-cutting-machine-gq50-flat-knife\/#primaryimage","url":"https:\/\/www.hsymachinery.com\/wp-content\/uploads\/2025\/06\/Rebar-Cutting-Machine-GQ50-Flat-knife.jpg","contentUrl":"https:\/\/www.hsymachinery.com\/wp-content\/uploads\/2025\/06\/Rebar-Cutting-Machine-GQ50-Flat-knife.jpg","width":600,"height":600},{"@type":"BreadcrumbList","@id":"https:\/\/www.hsymachinery.com\/product\/rebar-cutting-machine-gq50-flat-knife\/#breadcrumb","itemListElement":[{"@type":"ListItem","position":1,"name":"home","item":"https:\/\/www.hsymachinery.com\/"},{"@type":"ListItem","position":2,"name":"products","item":"https:\/\/www.hsymachinery.com\/products\/"},{"@type":"ListItem","position":3,"name":"Rebar Cutting Machine GQ50 (Flat knife)"}]},{"@type":"WebSite","@id":"https:\/\/www.hsymachinery.com\/#website","url":"https:\/\/www.hsymachinery.com\/","name":"HSY Construction Machinery","description":"HSY Machinery - wiod\u0105cy chi\u0144ski dostawca maszyn budowlanych, oferuj\u0105cy szerok\u0105 gam\u0119 lekkiego sprz\u0119tu budowlanego. Nasze g\u0142\u00f3wne produkty to maszyna do ci\u0119cia pr\u0119t\u00f3w zbrojeniowych, maszyna do gi\u0119cia pr\u0119t\u00f3w zbrojeniowych, maszyna do gi\u0119cia strzemion pr\u0119t\u00f3w zbrojeniowych, maszyna do gi\u0119cia \u0142uk\u00f3w pr\u0119t\u00f3w zbrojeniowych, maszyna do prostowania pr\u0119t\u00f3w zbrojeniowych, pi\u0119ciog\u0142owicowa maszyna do gi\u0119cia strzemion pr\u0119t\u00f3w zbrojeniowych, ubijak, zag\u0119szczarka p\u0142ytowa, przecinarka do betonu, zacieraczka mechaniczna i inne maszyny budowlane. Jeste\u015bmy wyposa\u017ceni w zaawansowane maszyny CNC i egzekwujemy surowe standardy kontroli jako\u015bci wraz z kompleksow\u0105 obs\u0142ug\u0105 posprzeda\u017cn\u0105. Je\u015bli jeste\u015b zainteresowany naszymi produktami lub us\u0142ugami, serdecznie zapraszamy do sk\u0142adania zapyta\u0144 za po\u015brednictwem wiadomo\u015bci.","publisher":{"@id":"https:\/\/www.hsymachinery.com\/#organization"},"potentialAction":[{"@type":"SearchAction","target":{"@type":"EntryPoint","urlTemplate":"https:\/\/www.hsymachinery.com\/?s={search_term_string}"},"query-input":{"@type":"PropertyValueSpecification","valueRequired":true,"valueName":"search_term_string"}}],"inLanguage":"pl-PL"},{"@type":"Organization","@id":"https:\/\/www.hsymachinery.com\/#organization","name":"HSY Construction Machinery","url":"https:\/\/www.hsymachinery.com\/","logo":{"@type":"ImageObject","inLanguage":"pl-PL","@id":"https:\/\/www.hsymachinery.com\/#\/schema\/logo\/image\/","url":"https:\/\/www.hsymachinery.com\/wp-content\/uploads\/2025\/06\/cropped-HSY-machinery.png","contentUrl":"https:\/\/www.hsymachinery.com\/wp-content\/uploads\/2025\/06\/cropped-HSY-machinery.png","width":600,"height":240,"caption":"HSY Construction Machinery"},"image":{"@id":"https:\/\/www.hsymachinery.com\/#\/schema\/logo\/image\/"}}]}},"_links":{"self":[{"href":"https:\/\/www.hsymachinery.com\/pl\/wp-json\/wp\/v2\/product\/8921","targetHints":{"allow":["GET"]}}],"collection":[{"href":"https:\/\/www.hsymachinery.com\/pl\/wp-json\/wp\/v2\/product"}],"about":[{"href":"https:\/\/www.hsymachinery.com\/pl\/wp-json\/wp\/v2\/types\/product"}],"version-history":[{"count":3,"href":"https:\/\/www.hsymachinery.com\/pl\/wp-json\/wp\/v2\/product\/8921\/revisions"}],"predecessor-version":[{"id":9329,"href":"https:\/\/www.hsymachinery.com\/pl\/wp-json\/wp\/v2\/product\/8921\/revisions\/9329"}],"wp:featuredmedia":[{"embeddable":true,"href":"https:\/\/www.hsymachinery.com\/pl\/wp-json\/wp\/v2\/media\/8922"}],"wp:attachment":[{"href":"https:\/\/www.hsymachinery.com\/pl\/wp-json\/wp\/v2\/media?parent=8921"}],"wp:term":[{"taxonomy":"product_brand","embeddable":true,"href":"https:\/\/www.hsymachinery.com\/pl\/wp-json\/wp\/v2\/product_brand?post=8921"},{"taxonomy":"product_cat","embeddable":true,"href":"https:\/\/www.hsymachinery.com\/pl\/wp-json\/wp\/v2\/product_cat?post=8921"},{"taxonomy":"product_tag","embeddable":true,"href":"https:\/\/www.hsymachinery.com\/pl\/wp-json\/wp\/v2\/product_tag?post=8921"}],"curies":[{"name":"wp","href":"https:\/\/api.w.org\/{rel}","templated":true}]}}