{"id":8912,"date":"2025-06-18T11:19:29","date_gmt":"2025-06-18T03:19:29","guid":{"rendered":"https:\/\/www.hsymachinery.com\/?post_type=product&#038;p=8912"},"modified":"2025-06-25T20:33:40","modified_gmt":"2025-06-25T12:33:40","slug":"maszyna-do-ciecia-pretow-zbrojeniowych-gq40a-noz-okragly","status":"publish","type":"product","link":"https:\/\/www.hsymachinery.com\/pl\/product\/maszyna-do-ciecia-pretow-zbrojeniowych-gq40a-noz-okragly\/","title":{"rendered":"Maszyna do ci\u0119cia pr\u0119t\u00f3w zbrojeniowych GQ40A (n\u00f3\u017c okr\u0105g\u0142y)"},"content":{"rendered":"<h3 data-start=\"238\" data-end=\"303\">Wysokowydajny przecinak do pr\u0119t\u00f3w zbrojeniowych z p\u0142ynnie tocz\u0105cym si\u0119 ostrzem<\/h3>\n<h3 data-start=\"310\" data-end=\"333\">\u00a0Przegl\u0105d produkt\u00f3w<\/h3>\n<p data-start=\"335\" data-end=\"723\">The <strong data-start=\"339\" data-end=\"384\">Maszyna do ci\u0119cia pr\u0119t\u00f3w zbrojeniowych GQ40A (n\u00f3\u017c okr\u0105g\u0142y)<\/strong> zosta\u0142a zaprojektowana z my\u015bl\u0105 o wysokowydajnym ci\u0119ciu pr\u0119t\u00f3w stalowych na nowoczesnych placach budowy. Zosta\u0142a zaprojektowana do ci\u0119cia pr\u0119t\u00f3w zbrojeniowych o \u015brednicach<strong> od 6 mm do 32 mm, w tym stali w\u0119glowej, stali okr\u0105g\u0142ej i pr\u0119t\u00f3w odkszta\u0142conych. Okr\u0105g\u0142a konstrukcja no\u017ca zapewnia unikalne toczne \u015bcinanie, kt\u00f3re zmniejsza op\u00f3r ci\u0119cia i poprawia wydajno\u015b\u0107 pracy.<\/strong><\/p>\n<h3 data-start=\"730\" data-end=\"764\">\u00a0P\u0142ynne i wydajne ci\u0119cie<\/h3>\n<p data-start=\"766\" data-end=\"1114\">Wyposa\u017cony w <strong data-start=\"782\" data-end=\"811\">Wysokiej jako\u015bci miedziany silnik<\/strong>Ta maszyna zapewnia sta\u0142y moment obrotowy i stabiln\u0105 prac\u0119. Dzia\u0142a p\u0142ynnie nawet pod du\u017cym obci\u0105\u017ceniem, dzi\u0119ki czemu idealnie nadaje si\u0119 do d\u0142ugich zmian na wymagaj\u0105cych projektach budowlanych. Co wi\u0119cej, precyzyjna przek\u0142adnia redukuje wibracje i zu\u017cycie mechaniczne, wyd\u0142u\u017caj\u0105c \u017cywotno\u015b\u0107 maszyny.<\/p>\n<p data-start=\"1116\" data-end=\"1384\">The <strong data-start=\"1120\" data-end=\"1165\"><a href=\"https:\/\/www.hsymachinery.com\/pl\/produkty\/maszyna-do-ciecia-pretow-zbrojeniowych\/\" target=\"_blank\" rel=\"noopener\">Maszyna do ci\u0119cia pr\u0119t\u00f3w zbrojeniowych<\/a> GQ40A (n\u00f3\u017c okr\u0105g\u0142y)<\/strong> wyr\u00f3\u017cnia si\u0119 jako\u015bci\u0105 ci\u0119cia. Okr\u0105g\u0142y n\u00f3\u017c nie tylko tworzy czystsze kraw\u0119dzie, ale tak\u017ce minimalizuje zniekszta\u0142cenia pr\u0119t\u00f3w zbrojeniowych podczas procesu ci\u0119cia. W rezultacie u\u017cytkownicy ciesz\u0105 si\u0119 szybszymi cyklami ci\u0119cia i mniejszymi stratami materia\u0142u.<\/p>\n<h3 data-start=\"1391\" data-end=\"1439\">\u00a0Silna struktura i przyjazny dla u\u017cytkownika design<\/h3>\n<p data-start=\"1441\" data-end=\"1799\">Model ten posiada \u017celiwn\u0105 ram\u0119 zapewniaj\u0105c\u0105 maksymaln\u0105 trwa\u0142o\u015b\u0107 i stabilno\u015b\u0107 operacyjn\u0105. Ponadto jest on wyposa\u017cony w solidne ko\u0142a u\u0142atwiaj\u0105ce przemieszczanie si\u0119 po placu budowy. Operatorzy mog\u0105 kontrolowa\u0107 skok ci\u0119cia za pomoc\u0105 r\u0119cznej d\u017awigni, co pozwala na precyzyjn\u0105 i bezpieczn\u0105 prac\u0119. Konserwacja jest prosta dzi\u0119ki otwieranej pokrywie i mechanizmowi szybkiej wymiany ostrza.<\/p>\n<p data-start=\"1806\" data-end=\"2069\">GQ40A (n\u00f3\u017c okr\u0105g\u0142y) obs\u0142uguje dostosowanie napi\u0119cia (220V\/380V, 50Hz\/60Hz), dzi\u0119ki czemu idealnie nadaje si\u0119 do globalnego eksportu. Niezale\u017cnie od tego, czy jest u\u017cywana w budownictwie mieszkaniowym, infrastrukturze autostradowej czy zak\u0142adach przetw\u00f3rstwa stali, maszyna ta zapewnia sta\u0142\u0105 wydajno\u015b\u0107 ka\u017cdego dnia.<\/p>\n<p><iframe title=\"maszyna do ci\u0119cia pr\u0119t\u00f3w zbrojeniowych maszyna do ci\u0119cia pr\u0119t\u00f3w zbrojeniowych, maszyna do ci\u0119cia pr\u0119t\u00f3w stalowych, maszyny budowlane\" width=\"720\" height=\"405\" src=\"https:\/\/www.youtube.com\/embed\/cIrJPBezWsw?feature=oembed\" frameborder=\"0\" allow=\"accelerometer; autoplay; clipboard-write; encrypted-media; gyroscope; picture-in-picture; web-share\" referrerpolicy=\"strict-origin-when-cross-origin\" allowfullscreen><\/iframe><\/p>","protected":false},"excerpt":{"rendered":"<p>Maszyna do ci\u0119cia pr\u0119t\u00f3w zbrojeniowych GQ40A z okr\u0105g\u0142ym no\u017cem zapewnia szybkie ci\u0119cie pr\u0119t\u00f3w stalowych o \u015brednicy 6-32 mm przy niskim oporze. Idealna do codziennych, ci\u0119\u017ckich prac budowlanych.<\/p>","protected":false},"featured_media":8913,"template":"","meta":{"_kad_post_transparent":"default","_kad_post_title":"","_kad_post_layout":"default","_kad_post_sidebar_id":"","_kad_post_content_style":"default","_kad_post_vertical_padding":"default","_kad_post_feature":"","_kad_post_feature_position":"","_kad_post_header":false,"_kad_post_footer":false},"product_brand":[],"product_cat":[51],"product_tag":[988,992,990,989,993,985,994,987,984,991,986],"class_list":{"0":"post-8912","1":"product","2":"type-product","3":"status-publish","4":"has-post-thumbnail","6":"product_cat-rebar-cutting-machine","7":"product_tag-automatic-rebar-cutter","8":"product_tag-construction-steel-bar-cutter","9":"product_tag-electric-rebar-cutting-tool","10":"product_tag-hydraulic-rebar-cutting-machine","11":"product_tag-portable-rebar-cutting-machine","12":"product_tag-rebar-cutter","13":"product_tag-rebar-cutting-machine","14":"product_tag-reinforcement-bar-cutter","15":"product_tag-steel-bar-cutting-machine","16":"product_tag-steel-rod-cutter-machine","17":"product_tag-tmt-bar-cutting-machine","19":"first","20":"instock","21":"shipping-taxable","22":"product-type-simple","23":"entry","24":"content-bg","25":"loop-entry"},"yoast_head":"<!-- This site is optimized with the Yoast SEO plugin v25.3.1 - https:\/\/yoast.com\/wordpress\/plugins\/seo\/ -->\n<title>Rebar Cutting Machine GQ40A (Round knife) - HSY Construction Machinery<\/title>\n<meta name=\"description\" content=\"Rebar Cutting Machine GQ40A (Round Knife) delivers smooth, fast cutting of 6\u201332mm steel bars. Rolling blade design reduces resistance and boosts efficiency.\" \/>\n<meta name=\"robots\" content=\"index, follow, max-snippet:-1, max-image-preview:large, max-video-preview:-1\" \/>\n<link rel=\"canonical\" href=\"https:\/\/www.hsymachinery.com\/pl\/product\/maszyna-do-ciecia-pretow-zbrojeniowych-gq40a-noz-okragly\/\" \/>\n<meta property=\"og:locale\" content=\"pl_PL\" \/>\n<meta property=\"og:type\" content=\"article\" \/>\n<meta property=\"og:title\" content=\"Rebar Cutting Machine GQ40A (Round knife) - HSY Construction Machinery\" \/>\n<meta property=\"og:description\" content=\"Rebar Cutting Machine GQ40A (Round Knife) delivers smooth, fast cutting of 6\u201332mm steel bars. Rolling blade design reduces resistance and boosts efficiency.\" \/>\n<meta property=\"og:url\" content=\"https:\/\/www.hsymachinery.com\/pl\/product\/maszyna-do-ciecia-pretow-zbrojeniowych-gq40a-noz-okragly\/\" \/>\n<meta property=\"og:site_name\" content=\"HSY Construction Machinery\" \/>\n<meta property=\"article:modified_time\" content=\"2025-06-25T12:33:40+00:00\" \/>\n<meta property=\"og:image\" content=\"https:\/\/www.hsymachinery.com\/wp-content\/uploads\/2025\/06\/Rebar-Cutting-Machine-GQ40A-Round-knife.jpg\" \/>\n\t<meta property=\"og:image:width\" content=\"600\" \/>\n\t<meta property=\"og:image:height\" content=\"600\" \/>\n\t<meta property=\"og:image:type\" content=\"image\/jpeg\" \/>\n<meta name=\"twitter:card\" content=\"summary_large_image\" \/>\n<meta name=\"twitter:label1\" content=\"Szacowany czas czytania\" \/>\n\t<meta name=\"twitter:data1\" content=\"2 minuty\" \/>\n<script type=\"application\/ld+json\" class=\"yoast-schema-graph\">{\"@context\":\"https:\/\/schema.org\",\"@graph\":[{\"@type\":\"WebPage\",\"@id\":\"https:\/\/www.hsymachinery.com\/product\/rebar-cutting-machine-gq40a-round-knife\/\",\"url\":\"https:\/\/www.hsymachinery.com\/product\/rebar-cutting-machine-gq40a-round-knife\/\",\"name\":\"Rebar Cutting Machine GQ40A (Round knife) - HSY Construction Machinery\",\"isPartOf\":{\"@id\":\"https:\/\/www.hsymachinery.com\/#website\"},\"primaryImageOfPage\":{\"@id\":\"https:\/\/www.hsymachinery.com\/product\/rebar-cutting-machine-gq40a-round-knife\/#primaryimage\"},\"image\":{\"@id\":\"https:\/\/www.hsymachinery.com\/product\/rebar-cutting-machine-gq40a-round-knife\/#primaryimage\"},\"thumbnailUrl\":\"https:\/\/www.hsymachinery.com\/wp-content\/uploads\/2025\/06\/Rebar-Cutting-Machine-GQ40A-Round-knife.jpg\",\"datePublished\":\"2025-06-18T03:19:29+00:00\",\"dateModified\":\"2025-06-25T12:33:40+00:00\",\"description\":\"Rebar Cutting Machine GQ40A (Round Knife) delivers smooth, fast cutting of 6\u201332mm steel bars. Rolling blade design reduces resistance and boosts efficiency.\",\"breadcrumb\":{\"@id\":\"https:\/\/www.hsymachinery.com\/product\/rebar-cutting-machine-gq40a-round-knife\/#breadcrumb\"},\"inLanguage\":\"pl-PL\",\"potentialAction\":[{\"@type\":\"ReadAction\",\"target\":[\"https:\/\/www.hsymachinery.com\/product\/rebar-cutting-machine-gq40a-round-knife\/\"]}]},{\"@type\":\"ImageObject\",\"inLanguage\":\"pl-PL\",\"@id\":\"https:\/\/www.hsymachinery.com\/product\/rebar-cutting-machine-gq40a-round-knife\/#primaryimage\",\"url\":\"https:\/\/www.hsymachinery.com\/wp-content\/uploads\/2025\/06\/Rebar-Cutting-Machine-GQ40A-Round-knife.jpg\",\"contentUrl\":\"https:\/\/www.hsymachinery.com\/wp-content\/uploads\/2025\/06\/Rebar-Cutting-Machine-GQ40A-Round-knife.jpg\",\"width\":600,\"height\":600},{\"@type\":\"BreadcrumbList\",\"@id\":\"https:\/\/www.hsymachinery.com\/product\/rebar-cutting-machine-gq40a-round-knife\/#breadcrumb\",\"itemListElement\":[{\"@type\":\"ListItem\",\"position\":1,\"name\":\"home\",\"item\":\"https:\/\/www.hsymachinery.com\/\"},{\"@type\":\"ListItem\",\"position\":2,\"name\":\"products\",\"item\":\"https:\/\/www.hsymachinery.com\/products\/\"},{\"@type\":\"ListItem\",\"position\":3,\"name\":\"Rebar Cutting Machine GQ40A (Round knife)\"}]},{\"@type\":\"WebSite\",\"@id\":\"https:\/\/www.hsymachinery.com\/#website\",\"url\":\"https:\/\/www.hsymachinery.com\/\",\"name\":\"HSY Construction Machinery\",\"description\":\"HSY Machinery \u2013 A leading China construction machinery supplier, offering a wide range of light construction equipment. Our main products include Rebar Cutting Machine, Rebar Bending Machine, Rebar Stirrup Bending Machine, Rebar Arc Bending Machine, Rebar Straightening Machine, Five-Head Rebar Stirrup Bending Machine, Tamping Rammer, Plate Compactor, Concrete Cutter, Power Trowel, and other construction machinery. We are equipped with advanced CNC machines, and we enforce strict quality inspection standards along with comprehensive after-sales service. If you are interested in our products or services, we warmly welcome your inquiries via message.\",\"publisher\":{\"@id\":\"https:\/\/www.hsymachinery.com\/#organization\"},\"potentialAction\":[{\"@type\":\"SearchAction\",\"target\":{\"@type\":\"EntryPoint\",\"urlTemplate\":\"https:\/\/www.hsymachinery.com\/?s={search_term_string}\"},\"query-input\":{\"@type\":\"PropertyValueSpecification\",\"valueRequired\":true,\"valueName\":\"search_term_string\"}}],\"inLanguage\":\"pl-PL\"},{\"@type\":\"Organization\",\"@id\":\"https:\/\/www.hsymachinery.com\/#organization\",\"name\":\"HSY Construction Machinery\",\"url\":\"https:\/\/www.hsymachinery.com\/\",\"logo\":{\"@type\":\"ImageObject\",\"inLanguage\":\"pl-PL\",\"@id\":\"https:\/\/www.hsymachinery.com\/#\/schema\/logo\/image\/\",\"url\":\"https:\/\/www.hsymachinery.com\/wp-content\/uploads\/2025\/06\/cropped-HSY-machinery.png\",\"contentUrl\":\"https:\/\/www.hsymachinery.com\/wp-content\/uploads\/2025\/06\/cropped-HSY-machinery.png\",\"width\":600,\"height\":240,\"caption\":\"HSY Construction Machinery\"},\"image\":{\"@id\":\"https:\/\/www.hsymachinery.com\/#\/schema\/logo\/image\/\"}}]}<\/script>\n<!-- \/ Yoast SEO plugin. -->","yoast_head_json":{"title":"Maszyna do ci\u0119cia pr\u0119t\u00f3w zbrojeniowych GQ40A (n\u00f3\u017c okr\u0105g\u0142y) - HSY Construction Machinery","description":"Maszyna do ci\u0119cia pr\u0119t\u00f3w zbrojeniowych GQ40A (n\u00f3\u017c okr\u0105g\u0142y) zapewnia p\u0142ynne i szybkie ci\u0119cie pr\u0119t\u00f3w stalowych o \u015brednicy 6-32 mm. Rolkowa konstrukcja ostrza zmniejsza op\u00f3r i zwi\u0119ksza wydajno\u015b\u0107.","robots":{"index":"index","follow":"follow","max-snippet":"max-snippet:-1","max-image-preview":"max-image-preview:large","max-video-preview":"max-video-preview:-1"},"canonical":"https:\/\/www.hsymachinery.com\/pl\/product\/maszyna-do-ciecia-pretow-zbrojeniowych-gq40a-noz-okragly\/","og_locale":"pl_PL","og_type":"article","og_title":"Rebar Cutting Machine GQ40A (Round knife) - HSY Construction Machinery","og_description":"Rebar Cutting Machine GQ40A (Round Knife) delivers smooth, fast cutting of 6\u201332mm steel bars. Rolling blade design reduces resistance and boosts efficiency.","og_url":"https:\/\/www.hsymachinery.com\/pl\/product\/maszyna-do-ciecia-pretow-zbrojeniowych-gq40a-noz-okragly\/","og_site_name":"HSY Construction Machinery","article_modified_time":"2025-06-25T12:33:40+00:00","og_image":[{"width":600,"height":600,"url":"https:\/\/www.hsymachinery.com\/wp-content\/uploads\/2025\/06\/Rebar-Cutting-Machine-GQ40A-Round-knife.jpg","type":"image\/jpeg"}],"twitter_card":"summary_large_image","twitter_misc":{"Szacowany czas czytania":"2 minuty"},"schema":{"@context":"https:\/\/schema.org","@graph":[{"@type":"WebPage","@id":"https:\/\/www.hsymachinery.com\/product\/rebar-cutting-machine-gq40a-round-knife\/","url":"https:\/\/www.hsymachinery.com\/product\/rebar-cutting-machine-gq40a-round-knife\/","name":"Maszyna do ci\u0119cia pr\u0119t\u00f3w zbrojeniowych GQ40A (n\u00f3\u017c okr\u0105g\u0142y) - HSY Construction Machinery","isPartOf":{"@id":"https:\/\/www.hsymachinery.com\/#website"},"primaryImageOfPage":{"@id":"https:\/\/www.hsymachinery.com\/product\/rebar-cutting-machine-gq40a-round-knife\/#primaryimage"},"image":{"@id":"https:\/\/www.hsymachinery.com\/product\/rebar-cutting-machine-gq40a-round-knife\/#primaryimage"},"thumbnailUrl":"https:\/\/www.hsymachinery.com\/wp-content\/uploads\/2025\/06\/Rebar-Cutting-Machine-GQ40A-Round-knife.jpg","datePublished":"2025-06-18T03:19:29+00:00","dateModified":"2025-06-25T12:33:40+00:00","description":"Maszyna do ci\u0119cia pr\u0119t\u00f3w zbrojeniowych GQ40A (n\u00f3\u017c okr\u0105g\u0142y) zapewnia p\u0142ynne i szybkie ci\u0119cie pr\u0119t\u00f3w stalowych o \u015brednicy 6-32 mm. Rolkowa konstrukcja ostrza zmniejsza op\u00f3r i zwi\u0119ksza wydajno\u015b\u0107.","breadcrumb":{"@id":"https:\/\/www.hsymachinery.com\/product\/rebar-cutting-machine-gq40a-round-knife\/#breadcrumb"},"inLanguage":"pl-PL","potentialAction":[{"@type":"ReadAction","target":["https:\/\/www.hsymachinery.com\/product\/rebar-cutting-machine-gq40a-round-knife\/"]}]},{"@type":"ImageObject","inLanguage":"pl-PL","@id":"https:\/\/www.hsymachinery.com\/product\/rebar-cutting-machine-gq40a-round-knife\/#primaryimage","url":"https:\/\/www.hsymachinery.com\/wp-content\/uploads\/2025\/06\/Rebar-Cutting-Machine-GQ40A-Round-knife.jpg","contentUrl":"https:\/\/www.hsymachinery.com\/wp-content\/uploads\/2025\/06\/Rebar-Cutting-Machine-GQ40A-Round-knife.jpg","width":600,"height":600},{"@type":"BreadcrumbList","@id":"https:\/\/www.hsymachinery.com\/product\/rebar-cutting-machine-gq40a-round-knife\/#breadcrumb","itemListElement":[{"@type":"ListItem","position":1,"name":"home","item":"https:\/\/www.hsymachinery.com\/"},{"@type":"ListItem","position":2,"name":"products","item":"https:\/\/www.hsymachinery.com\/products\/"},{"@type":"ListItem","position":3,"name":"Rebar Cutting Machine GQ40A (Round knife)"}]},{"@type":"WebSite","@id":"https:\/\/www.hsymachinery.com\/#website","url":"https:\/\/www.hsymachinery.com\/","name":"HSY Construction Machinery","description":"HSY Machinery - wiod\u0105cy chi\u0144ski dostawca maszyn budowlanych, oferuj\u0105cy szerok\u0105 gam\u0119 lekkiego sprz\u0119tu budowlanego. Nasze g\u0142\u00f3wne produkty to maszyna do ci\u0119cia pr\u0119t\u00f3w zbrojeniowych, maszyna do gi\u0119cia pr\u0119t\u00f3w zbrojeniowych, maszyna do gi\u0119cia strzemion pr\u0119t\u00f3w zbrojeniowych, maszyna do gi\u0119cia \u0142uk\u00f3w pr\u0119t\u00f3w zbrojeniowych, maszyna do prostowania pr\u0119t\u00f3w zbrojeniowych, pi\u0119ciog\u0142owicowa maszyna do gi\u0119cia strzemion pr\u0119t\u00f3w zbrojeniowych, ubijak, zag\u0119szczarka p\u0142ytowa, przecinarka do betonu, zacieraczka mechaniczna i inne maszyny budowlane. Jeste\u015bmy wyposa\u017ceni w zaawansowane maszyny CNC i egzekwujemy surowe standardy kontroli jako\u015bci wraz z kompleksow\u0105 obs\u0142ug\u0105 posprzeda\u017cn\u0105. Je\u015bli jeste\u015b zainteresowany naszymi produktami lub us\u0142ugami, serdecznie zapraszamy do sk\u0142adania zapyta\u0144 za po\u015brednictwem wiadomo\u015bci.","publisher":{"@id":"https:\/\/www.hsymachinery.com\/#organization"},"potentialAction":[{"@type":"SearchAction","target":{"@type":"EntryPoint","urlTemplate":"https:\/\/www.hsymachinery.com\/?s={search_term_string}"},"query-input":{"@type":"PropertyValueSpecification","valueRequired":true,"valueName":"search_term_string"}}],"inLanguage":"pl-PL"},{"@type":"Organization","@id":"https:\/\/www.hsymachinery.com\/#organization","name":"HSY Construction Machinery","url":"https:\/\/www.hsymachinery.com\/","logo":{"@type":"ImageObject","inLanguage":"pl-PL","@id":"https:\/\/www.hsymachinery.com\/#\/schema\/logo\/image\/","url":"https:\/\/www.hsymachinery.com\/wp-content\/uploads\/2025\/06\/cropped-HSY-machinery.png","contentUrl":"https:\/\/www.hsymachinery.com\/wp-content\/uploads\/2025\/06\/cropped-HSY-machinery.png","width":600,"height":240,"caption":"HSY Construction Machinery"},"image":{"@id":"https:\/\/www.hsymachinery.com\/#\/schema\/logo\/image\/"}}]}},"_links":{"self":[{"href":"https:\/\/www.hsymachinery.com\/pl\/wp-json\/wp\/v2\/product\/8912","targetHints":{"allow":["GET"]}}],"collection":[{"href":"https:\/\/www.hsymachinery.com\/pl\/wp-json\/wp\/v2\/product"}],"about":[{"href":"https:\/\/www.hsymachinery.com\/pl\/wp-json\/wp\/v2\/types\/product"}],"version-history":[{"count":3,"href":"https:\/\/www.hsymachinery.com\/pl\/wp-json\/wp\/v2\/product\/8912\/revisions"}],"predecessor-version":[{"id":9322,"href":"https:\/\/www.hsymachinery.com\/pl\/wp-json\/wp\/v2\/product\/8912\/revisions\/9322"}],"wp:featuredmedia":[{"embeddable":true,"href":"https:\/\/www.hsymachinery.com\/pl\/wp-json\/wp\/v2\/media\/8913"}],"wp:attachment":[{"href":"https:\/\/www.hsymachinery.com\/pl\/wp-json\/wp\/v2\/media?parent=8912"}],"wp:term":[{"taxonomy":"product_brand","embeddable":true,"href":"https:\/\/www.hsymachinery.com\/pl\/wp-json\/wp\/v2\/product_brand?post=8912"},{"taxonomy":"product_cat","embeddable":true,"href":"https:\/\/www.hsymachinery.com\/pl\/wp-json\/wp\/v2\/product_cat?post=8912"},{"taxonomy":"product_tag","embeddable":true,"href":"https:\/\/www.hsymachinery.com\/pl\/wp-json\/wp\/v2\/product_tag?post=8912"}],"curies":[{"name":"wp","href":"https:\/\/api.w.org\/{rel}","templated":true}]}}