{"id":8909,"date":"2025-06-18T11:16:17","date_gmt":"2025-06-18T03:16:17","guid":{"rendered":"https:\/\/www.hsymachinery.com\/?post_type=product&#038;p=8909"},"modified":"2025-06-25T20:25:23","modified_gmt":"2025-06-25T12:25:23","slug":"maszyna-do-ciecia-pretow-zbrojeniowych-gq40a-noz-plaski","status":"publish","type":"product","link":"https:\/\/www.hsymachinery.com\/pl\/product\/maszyna-do-ciecia-pretow-zbrojeniowych-gq40a-noz-plaski\/","title":{"rendered":"Maszyna do ci\u0119cia pr\u0119t\u00f3w zbrojeniowych GQ40A (n\u00f3\u017c p\u0142aski)"},"content":{"rendered":"<h3 data-start=\"285\" data-end=\"362\">Precyzyjne rozwi\u0105zanie do ci\u0119cia pr\u0119t\u00f3w zbrojeniowych dla wymagaj\u0105cych projekt\u00f3w budowlanych<\/h3>\n<h3 data-start=\"369\" data-end=\"421\">Przegl\u0105d produkt\u00f3w: Stworzony do codziennej wydajno\u015bci<\/h3>\n<p data-start=\"423\" data-end=\"831\">The <strong data-start=\"427\" data-end=\"471\">Maszyna do ci\u0119cia pr\u0119t\u00f3w zbrojeniowych GQ40A (n\u00f3\u017c p\u0142aski)<\/strong> to profesjonalna przecinarka do pr\u0119t\u00f3w stalowych zaprojektowana, aby sprosta\u0107 codziennym wymaganiom projekt\u00f3w budowlanych i produkcji stali. Jako ulepszona wersja modelu GQ40, \u0142\u0105czy w sobie pot\u0119\u017cn\u0105 wydajno\u015b\u0107, wysok\u0105 precyzj\u0119 i wyj\u0105tkow\u0105 trwa\u0142o\u015b\u0107. Wykonawcy na ca\u0142ym \u015bwiecie u\u017cywaj\u0105 go w projektach takich jak drogi, mosty, tunele i budynki \u017celbetowe.<\/p>\n<h3 data-start=\"838\" data-end=\"885\">Wydajne ci\u0119cie dzi\u0119ki p\u0142askiej konstrukcji no\u017ca<\/h3>\n<p data-start=\"887\" data-end=\"1302\">U podstaw tej maszyny le\u017cy jej <strong data-start=\"924\" data-end=\"953\">system ci\u0119cia no\u017cem p\u0142askim<\/strong>kt\u00f3ra zapewnia czyste, g\u0142adkie ci\u0119cie pr\u0119t\u00f3w stalowych. Konstrukcja ta zapewnia r\u00f3wnomierny nacisk podczas ka\u017cdej operacji, zapobiegaj\u0105c deformacji pr\u0119t\u00f3w zbrojeniowych i minimalizuj\u0105c straty materia\u0142u. W przypadku <strong data-start=\"1126\" data-end=\"1170\">Maszyna do ci\u0119cia pr\u0119t\u00f3w zbrojeniowych GQ40A (n\u00f3\u017c p\u0142aski)<\/strong> mo\u017ce z \u0142atwo\u015bci\u0105 obs\u0142ugiwa\u0107 pr\u0119ty stalowe o \u015brednicach od <strong data-start=\"1228\" data-end=\"1243\">6 mm do 32 mm<\/strong>w tym stal okr\u0105g\u0142a, pr\u0119ty \u017cebrowane i stal niskow\u0119glowa.<\/p>\n<p data-start=\"1304\" data-end=\"1493\">Ponadto p\u0142aski n\u00f3\u017c jest \u0142atwy w konserwacji i wymianie, zapewniaj\u0105c minimalny czas przestoju w miejscu pracy. Jego doskona\u0142a wydajno\u015b\u0107 \u015bcinania poprawia wydajno\u015b\u0107 pracy i zmniejsza zm\u0119czenie operatora.<\/p>\n<h3 data-start=\"1500\" data-end=\"1549\">Mocny silnik i p\u0142ynna przek\u0142adnia<\/h3>\n<p data-start=\"1551\" data-end=\"1837\">Ten model wykorzystuje <strong data-start=\"1569\" data-end=\"1602\">wysokowydajny silnik miedziany<\/strong> kt\u00f3ry zapewnia wysoki moment obrotowy przy niskim zu\u017cyciu energii. Pracuje p\u0142ynnie przy minimalnym ha\u0142asie i wibracjach, dzi\u0119ki czemu nadaje si\u0119 do pracy ci\u0105g\u0142ej. Precyzyjnie wykonana przek\u0142adnia zapewnia stabiln\u0105 transmisj\u0119, nawet przy du\u017cych obci\u0105\u017ceniach.<\/p>\n<p data-start=\"1839\" data-end=\"1979\">W rezultacie maszyna zachowuje dok\u0142adno\u015b\u0107 ci\u0119cia przez tysi\u0105ce operacji, wyd\u0142u\u017caj\u0105c \u017cywotno\u015b\u0107 zar\u00f3wno silnika, jak i ostrzy tn\u0105cych.<\/p>\n<h3 data-start=\"1986\" data-end=\"2036\">\u00a0Silna struktura i mobilno\u015b\u0107 przyjazna dla u\u017cytkownika<\/h3>\n<p data-start=\"2038\" data-end=\"2272\">Korpus maszyny posiada nast\u0119puj\u0105ce cechy <strong data-start=\"2064\" data-end=\"2101\">Konstrukcja z wysokiej jako\u015bci \u017celiwa<\/strong>co zapewnia wytrzyma\u0142o\u015b\u0107 i odporno\u015b\u0107 na wibracje. Ponadto, kompaktowa konstrukcja i <strong data-start=\"2188\" data-end=\"2207\">wbudowane ko\u0142a<\/strong> u\u0142atwiaj\u0105 transport i przenoszenie, nawet na nier\u00f3wnych powierzchniach.<\/p>\n<p data-start=\"2274\" data-end=\"2456\">Otwierana g\u00f3rna pokrywa zapewnia szybki dost\u0119p w celu konserwacji i wymiany ostrza. Tymczasem r\u0119czna d\u017awignia pozwala u\u017cytkownikom kontrolowa\u0107 ka\u017cde ci\u0119cie z precyzj\u0105 i bezpiecze\u0144stwem.<\/p>\n<h3 data-start=\"2463\" data-end=\"2493\">Bezpiecze\u0144stwo i zdolno\u015b\u0107 adaptacji<\/h3>\n<p data-start=\"2495\" data-end=\"2727\">The <strong data-start=\"2499\" data-end=\"2543\">Maszyna do ci\u0119cia pr\u0119t\u00f3w zbrojeniowych GQ40A (n\u00f3\u017c p\u0142aski)<\/strong> zawiera wbudowane os\u0142ony zabezpieczaj\u0105ce przed przypadkowym kontaktem z ruchomymi cz\u0119\u015bciami. Mechanizm obs\u0142ugi jest prosty, dzi\u0119ki czemu idealnie nadaje si\u0119 zar\u00f3wno dla wykwalifikowanych pracownik\u00f3w, jak i pocz\u0105tkuj\u0105cych operator\u00f3w.<\/p>\n<p data-start=\"2729\" data-end=\"2959\">Ponadto urz\u0105dzenie obs\u0142uguje <strong data-start=\"2760\" data-end=\"2816\">niestandardowe konfiguracje napi\u0119cia (220V\/380V, 50Hz\/60Hz)<\/strong> dla zgodno\u015bci z globalnymi standardami zasilania. Sprawia to, \u017ce jest on bardzo odpowiedni dla mi\u0119dzynarodowych nabywc\u00f3w i dystrybutor\u00f3w sprz\u0119tu budowlanego.<\/p>\n<h3 data-start=\"2966\" data-end=\"3013\">\u00a0Dlaczego warto wybra\u0107 przecinak do pr\u0119t\u00f3w zbrojeniowych z p\u0142askim no\u017cem GQ40A?<\/h3>\n<ul data-start=\"3015\" data-end=\"3260\">\n<li data-start=\"3015\" data-end=\"3067\">\n<p data-start=\"3017\" data-end=\"3067\">Zapewnia czyste, sp\u00f3jne ci\u0119cie pr\u0119t\u00f3w zbrojeniowych 6-32 mm<\/p>\n<\/li>\n<li data-start=\"3068\" data-end=\"3120\">\n<p data-start=\"3070\" data-end=\"3120\">Mocny silnik o niezawodnym momencie obrotowym i wydajno\u015bci<\/p>\n<\/li>\n<li data-start=\"3121\" data-end=\"3169\">\n<p data-start=\"3123\" data-end=\"3169\">\u0141atwa konserwacja dzi\u0119ki szybkiej wymianie ostrza<\/p>\n<\/li>\n<li data-start=\"3170\" data-end=\"3218\">\n<p data-start=\"3172\" data-end=\"3218\">Mobilny, kompaktowy i wytrzyma\u0142y do u\u017cytku w miejscu pracy<\/p>\n<\/li>\n<li data-start=\"3219\" data-end=\"3260\">\n<p data-start=\"3221\" data-end=\"3260\">Gotowo\u015b\u0107 do eksportu z dostosowaniem napi\u0119cia<\/p>\n<\/li>\n<\/ul>\n<p data-start=\"3262\" data-end=\"3479\">Niezale\u017cnie od tego, czy pracujesz nad infrastruktur\u0105 na du\u017c\u0105 skal\u0119, czy nad rutynow\u0105 obr\u00f3bk\u0105 stali. <strong data-start=\"3349\" data-end=\"3393\"><a href=\"https:\/\/www.hsymachinery.com\/pl\/produkty\/maszyna-do-ciecia-pretow-zbrojeniowych\/\" target=\"_blank\" rel=\"noopener\">Maszyna do ci\u0119cia pr\u0119t\u00f3w zbrojeniowych<\/a> GQ40A (n\u00f3\u017c p\u0142aski)<\/strong> zapewnia niezawodne, szybkie rozwi\u0105zanie do ci\u0119cia, kt\u00f3re zwi\u0119ksza warto\u015b\u0107 ka\u017cdego projektu.<\/p>\n<p><iframe title=\"#construction #constructionworker #rebarmachine #rebarcutter #rebarcuttingmachine #rebarbar\" width=\"720\" height=\"405\" src=\"https:\/\/www.youtube.com\/embed\/tdc4TA5-zRc?feature=oembed\" frameborder=\"0\" allow=\"accelerometer; autoplay; clipboard-write; encrypted-media; gyroscope; picture-in-picture; web-share\" referrerpolicy=\"strict-origin-when-cross-origin\" allowfullscreen><\/iframe><\/p>","protected":false},"excerpt":{"rendered":"<p>Przecinak do pr\u0119t\u00f3w zbrojeniowych GQ40A z p\u0142askim no\u017cem zapewnia szybkie i p\u0142ynne ci\u0119cie pr\u0119t\u00f3w stalowych o \u015brednicy 6-32 mm. Idealny do codziennego u\u017cytku na placach budowy i rynkach eksportowych.<\/p>","protected":false},"featured_media":8910,"template":"","meta":{"_kad_post_transparent":"default","_kad_post_title":"","_kad_post_layout":"default","_kad_post_sidebar_id":"","_kad_post_content_style":"default","_kad_post_vertical_padding":"default","_kad_post_feature":"","_kad_post_feature_position":"","_kad_post_header":false,"_kad_post_footer":false},"product_brand":[],"product_cat":[51],"product_tag":[988,992,990,989,993,985,994,987,984,991,986],"class_list":{"0":"post-8909","1":"product","2":"type-product","3":"status-publish","4":"has-post-thumbnail","6":"product_cat-rebar-cutting-machine","7":"product_tag-automatic-rebar-cutter","8":"product_tag-construction-steel-bar-cutter","9":"product_tag-electric-rebar-cutting-tool","10":"product_tag-hydraulic-rebar-cutting-machine","11":"product_tag-portable-rebar-cutting-machine","12":"product_tag-rebar-cutter","13":"product_tag-rebar-cutting-machine","14":"product_tag-reinforcement-bar-cutter","15":"product_tag-steel-bar-cutting-machine","16":"product_tag-steel-rod-cutter-machine","17":"product_tag-tmt-bar-cutting-machine","19":"first","20":"instock","21":"shipping-taxable","22":"product-type-simple","23":"entry","24":"content-bg","25":"loop-entry"},"yoast_head":"<!-- This site is optimized with the Yoast SEO plugin v25.3.1 - https:\/\/yoast.com\/wordpress\/plugins\/seo\/ -->\n<title>Rebar Cutting Machine GQ40A (Flat knife) - HSY Construction Machinery<\/title>\n<meta name=\"description\" content=\"The Rebar Cutting Machine GQ40A (Flat Knife) cuts 6\u201332mm rebar cleanly and efficiently. Designed for high-volume construction and global export.\" \/>\n<meta name=\"robots\" content=\"index, follow, max-snippet:-1, max-image-preview:large, max-video-preview:-1\" \/>\n<link rel=\"canonical\" href=\"https:\/\/www.hsymachinery.com\/pl\/product\/maszyna-do-ciecia-pretow-zbrojeniowych-gq40a-noz-plaski\/\" \/>\n<meta property=\"og:locale\" content=\"pl_PL\" \/>\n<meta property=\"og:type\" content=\"article\" \/>\n<meta property=\"og:title\" content=\"Rebar Cutting Machine GQ40A (Flat knife) - HSY Construction Machinery\" \/>\n<meta property=\"og:description\" content=\"The Rebar Cutting Machine GQ40A (Flat Knife) cuts 6\u201332mm rebar cleanly and efficiently. Designed for high-volume construction and global export.\" \/>\n<meta property=\"og:url\" content=\"https:\/\/www.hsymachinery.com\/pl\/product\/maszyna-do-ciecia-pretow-zbrojeniowych-gq40a-noz-plaski\/\" \/>\n<meta property=\"og:site_name\" content=\"HSY Construction Machinery\" \/>\n<meta property=\"article:modified_time\" content=\"2025-06-25T12:25:23+00:00\" \/>\n<meta property=\"og:image\" content=\"https:\/\/www.hsymachinery.com\/wp-content\/uploads\/2025\/06\/Rebar-Cutting-Machine-GQ40A-Flat-knife.jpg\" \/>\n\t<meta property=\"og:image:width\" content=\"600\" \/>\n\t<meta property=\"og:image:height\" content=\"600\" \/>\n\t<meta property=\"og:image:type\" content=\"image\/jpeg\" \/>\n<meta name=\"twitter:card\" content=\"summary_large_image\" \/>\n<meta name=\"twitter:label1\" content=\"Szacowany czas czytania\" \/>\n\t<meta name=\"twitter:data1\" content=\"3 minuty\" \/>\n<script type=\"application\/ld+json\" class=\"yoast-schema-graph\">{\"@context\":\"https:\/\/schema.org\",\"@graph\":[{\"@type\":\"WebPage\",\"@id\":\"https:\/\/www.hsymachinery.com\/product\/rebar-cutting-machine-gq40a-flat-knife\/\",\"url\":\"https:\/\/www.hsymachinery.com\/product\/rebar-cutting-machine-gq40a-flat-knife\/\",\"name\":\"Rebar Cutting Machine GQ40A (Flat knife) - HSY Construction Machinery\",\"isPartOf\":{\"@id\":\"https:\/\/www.hsymachinery.com\/#website\"},\"primaryImageOfPage\":{\"@id\":\"https:\/\/www.hsymachinery.com\/product\/rebar-cutting-machine-gq40a-flat-knife\/#primaryimage\"},\"image\":{\"@id\":\"https:\/\/www.hsymachinery.com\/product\/rebar-cutting-machine-gq40a-flat-knife\/#primaryimage\"},\"thumbnailUrl\":\"https:\/\/www.hsymachinery.com\/wp-content\/uploads\/2025\/06\/Rebar-Cutting-Machine-GQ40A-Flat-knife.jpg\",\"datePublished\":\"2025-06-18T03:16:17+00:00\",\"dateModified\":\"2025-06-25T12:25:23+00:00\",\"description\":\"The Rebar Cutting Machine GQ40A (Flat Knife) cuts 6\u201332mm rebar cleanly and efficiently. Designed for high-volume construction and global export.\",\"breadcrumb\":{\"@id\":\"https:\/\/www.hsymachinery.com\/product\/rebar-cutting-machine-gq40a-flat-knife\/#breadcrumb\"},\"inLanguage\":\"pl-PL\",\"potentialAction\":[{\"@type\":\"ReadAction\",\"target\":[\"https:\/\/www.hsymachinery.com\/product\/rebar-cutting-machine-gq40a-flat-knife\/\"]}]},{\"@type\":\"ImageObject\",\"inLanguage\":\"pl-PL\",\"@id\":\"https:\/\/www.hsymachinery.com\/product\/rebar-cutting-machine-gq40a-flat-knife\/#primaryimage\",\"url\":\"https:\/\/www.hsymachinery.com\/wp-content\/uploads\/2025\/06\/Rebar-Cutting-Machine-GQ40A-Flat-knife.jpg\",\"contentUrl\":\"https:\/\/www.hsymachinery.com\/wp-content\/uploads\/2025\/06\/Rebar-Cutting-Machine-GQ40A-Flat-knife.jpg\",\"width\":600,\"height\":600},{\"@type\":\"BreadcrumbList\",\"@id\":\"https:\/\/www.hsymachinery.com\/product\/rebar-cutting-machine-gq40a-flat-knife\/#breadcrumb\",\"itemListElement\":[{\"@type\":\"ListItem\",\"position\":1,\"name\":\"home\",\"item\":\"https:\/\/www.hsymachinery.com\/\"},{\"@type\":\"ListItem\",\"position\":2,\"name\":\"products\",\"item\":\"https:\/\/www.hsymachinery.com\/products\/\"},{\"@type\":\"ListItem\",\"position\":3,\"name\":\"Rebar Cutting Machine GQ40A (Flat knife)\"}]},{\"@type\":\"WebSite\",\"@id\":\"https:\/\/www.hsymachinery.com\/#website\",\"url\":\"https:\/\/www.hsymachinery.com\/\",\"name\":\"HSY Construction Machinery\",\"description\":\"HSY Machinery \u2013 A leading China construction machinery supplier, offering a wide range of light construction equipment. Our main products include Rebar Cutting Machine, Rebar Bending Machine, Rebar Stirrup Bending Machine, Rebar Arc Bending Machine, Rebar Straightening Machine, Five-Head Rebar Stirrup Bending Machine, Tamping Rammer, Plate Compactor, Concrete Cutter, Power Trowel, and other construction machinery. We are equipped with advanced CNC machines, and we enforce strict quality inspection standards along with comprehensive after-sales service. If you are interested in our products or services, we warmly welcome your inquiries via message.\",\"publisher\":{\"@id\":\"https:\/\/www.hsymachinery.com\/#organization\"},\"potentialAction\":[{\"@type\":\"SearchAction\",\"target\":{\"@type\":\"EntryPoint\",\"urlTemplate\":\"https:\/\/www.hsymachinery.com\/?s={search_term_string}\"},\"query-input\":{\"@type\":\"PropertyValueSpecification\",\"valueRequired\":true,\"valueName\":\"search_term_string\"}}],\"inLanguage\":\"pl-PL\"},{\"@type\":\"Organization\",\"@id\":\"https:\/\/www.hsymachinery.com\/#organization\",\"name\":\"HSY Construction Machinery\",\"url\":\"https:\/\/www.hsymachinery.com\/\",\"logo\":{\"@type\":\"ImageObject\",\"inLanguage\":\"pl-PL\",\"@id\":\"https:\/\/www.hsymachinery.com\/#\/schema\/logo\/image\/\",\"url\":\"https:\/\/www.hsymachinery.com\/wp-content\/uploads\/2025\/06\/cropped-HSY-machinery.png\",\"contentUrl\":\"https:\/\/www.hsymachinery.com\/wp-content\/uploads\/2025\/06\/cropped-HSY-machinery.png\",\"width\":600,\"height\":240,\"caption\":\"HSY Construction Machinery\"},\"image\":{\"@id\":\"https:\/\/www.hsymachinery.com\/#\/schema\/logo\/image\/\"}}]}<\/script>\n<!-- \/ Yoast SEO plugin. -->","yoast_head_json":{"title":"Maszyna do ci\u0119cia pr\u0119t\u00f3w zbrojeniowych GQ40A (n\u00f3\u017c p\u0142aski) - HSY Construction Machinery","description":"Maszyna do ci\u0119cia pr\u0119t\u00f3w zbrojeniowych GQ40A (p\u0142aski n\u00f3\u017c) tnie pr\u0119ty zbrojeniowe 6-32 mm czysto i wydajnie. Zaprojektowana dla budownictwa wielkoseryjnego i globalnego eksportu.","robots":{"index":"index","follow":"follow","max-snippet":"max-snippet:-1","max-image-preview":"max-image-preview:large","max-video-preview":"max-video-preview:-1"},"canonical":"https:\/\/www.hsymachinery.com\/pl\/product\/maszyna-do-ciecia-pretow-zbrojeniowych-gq40a-noz-plaski\/","og_locale":"pl_PL","og_type":"article","og_title":"Rebar Cutting Machine GQ40A (Flat knife) - HSY Construction Machinery","og_description":"The Rebar Cutting Machine GQ40A (Flat Knife) cuts 6\u201332mm rebar cleanly and efficiently. Designed for high-volume construction and global export.","og_url":"https:\/\/www.hsymachinery.com\/pl\/product\/maszyna-do-ciecia-pretow-zbrojeniowych-gq40a-noz-plaski\/","og_site_name":"HSY Construction Machinery","article_modified_time":"2025-06-25T12:25:23+00:00","og_image":[{"width":600,"height":600,"url":"https:\/\/www.hsymachinery.com\/wp-content\/uploads\/2025\/06\/Rebar-Cutting-Machine-GQ40A-Flat-knife.jpg","type":"image\/jpeg"}],"twitter_card":"summary_large_image","twitter_misc":{"Szacowany czas czytania":"3 minuty"},"schema":{"@context":"https:\/\/schema.org","@graph":[{"@type":"WebPage","@id":"https:\/\/www.hsymachinery.com\/product\/rebar-cutting-machine-gq40a-flat-knife\/","url":"https:\/\/www.hsymachinery.com\/product\/rebar-cutting-machine-gq40a-flat-knife\/","name":"Maszyna do ci\u0119cia pr\u0119t\u00f3w zbrojeniowych GQ40A (n\u00f3\u017c p\u0142aski) - HSY Construction Machinery","isPartOf":{"@id":"https:\/\/www.hsymachinery.com\/#website"},"primaryImageOfPage":{"@id":"https:\/\/www.hsymachinery.com\/product\/rebar-cutting-machine-gq40a-flat-knife\/#primaryimage"},"image":{"@id":"https:\/\/www.hsymachinery.com\/product\/rebar-cutting-machine-gq40a-flat-knife\/#primaryimage"},"thumbnailUrl":"https:\/\/www.hsymachinery.com\/wp-content\/uploads\/2025\/06\/Rebar-Cutting-Machine-GQ40A-Flat-knife.jpg","datePublished":"2025-06-18T03:16:17+00:00","dateModified":"2025-06-25T12:25:23+00:00","description":"Maszyna do ci\u0119cia pr\u0119t\u00f3w zbrojeniowych GQ40A (p\u0142aski n\u00f3\u017c) tnie pr\u0119ty zbrojeniowe 6-32 mm czysto i wydajnie. Zaprojektowana dla budownictwa wielkoseryjnego i globalnego eksportu.","breadcrumb":{"@id":"https:\/\/www.hsymachinery.com\/product\/rebar-cutting-machine-gq40a-flat-knife\/#breadcrumb"},"inLanguage":"pl-PL","potentialAction":[{"@type":"ReadAction","target":["https:\/\/www.hsymachinery.com\/product\/rebar-cutting-machine-gq40a-flat-knife\/"]}]},{"@type":"ImageObject","inLanguage":"pl-PL","@id":"https:\/\/www.hsymachinery.com\/product\/rebar-cutting-machine-gq40a-flat-knife\/#primaryimage","url":"https:\/\/www.hsymachinery.com\/wp-content\/uploads\/2025\/06\/Rebar-Cutting-Machine-GQ40A-Flat-knife.jpg","contentUrl":"https:\/\/www.hsymachinery.com\/wp-content\/uploads\/2025\/06\/Rebar-Cutting-Machine-GQ40A-Flat-knife.jpg","width":600,"height":600},{"@type":"BreadcrumbList","@id":"https:\/\/www.hsymachinery.com\/product\/rebar-cutting-machine-gq40a-flat-knife\/#breadcrumb","itemListElement":[{"@type":"ListItem","position":1,"name":"home","item":"https:\/\/www.hsymachinery.com\/"},{"@type":"ListItem","position":2,"name":"products","item":"https:\/\/www.hsymachinery.com\/products\/"},{"@type":"ListItem","position":3,"name":"Rebar Cutting Machine GQ40A (Flat knife)"}]},{"@type":"WebSite","@id":"https:\/\/www.hsymachinery.com\/#website","url":"https:\/\/www.hsymachinery.com\/","name":"HSY Construction Machinery","description":"HSY Machinery - wiod\u0105cy chi\u0144ski dostawca maszyn budowlanych, oferuj\u0105cy szerok\u0105 gam\u0119 lekkiego sprz\u0119tu budowlanego. Nasze g\u0142\u00f3wne produkty to maszyna do ci\u0119cia pr\u0119t\u00f3w zbrojeniowych, maszyna do gi\u0119cia pr\u0119t\u00f3w zbrojeniowych, maszyna do gi\u0119cia strzemion pr\u0119t\u00f3w zbrojeniowych, maszyna do gi\u0119cia \u0142uk\u00f3w pr\u0119t\u00f3w zbrojeniowych, maszyna do prostowania pr\u0119t\u00f3w zbrojeniowych, pi\u0119ciog\u0142owicowa maszyna do gi\u0119cia strzemion pr\u0119t\u00f3w zbrojeniowych, ubijak, zag\u0119szczarka p\u0142ytowa, przecinarka do betonu, zacieraczka mechaniczna i inne maszyny budowlane. Jeste\u015bmy wyposa\u017ceni w zaawansowane maszyny CNC i egzekwujemy surowe standardy kontroli jako\u015bci wraz z kompleksow\u0105 obs\u0142ug\u0105 posprzeda\u017cn\u0105. Je\u015bli jeste\u015b zainteresowany naszymi produktami lub us\u0142ugami, serdecznie zapraszamy do sk\u0142adania zapyta\u0144 za po\u015brednictwem wiadomo\u015bci.","publisher":{"@id":"https:\/\/www.hsymachinery.com\/#organization"},"potentialAction":[{"@type":"SearchAction","target":{"@type":"EntryPoint","urlTemplate":"https:\/\/www.hsymachinery.com\/?s={search_term_string}"},"query-input":{"@type":"PropertyValueSpecification","valueRequired":true,"valueName":"search_term_string"}}],"inLanguage":"pl-PL"},{"@type":"Organization","@id":"https:\/\/www.hsymachinery.com\/#organization","name":"HSY Construction Machinery","url":"https:\/\/www.hsymachinery.com\/","logo":{"@type":"ImageObject","inLanguage":"pl-PL","@id":"https:\/\/www.hsymachinery.com\/#\/schema\/logo\/image\/","url":"https:\/\/www.hsymachinery.com\/wp-content\/uploads\/2025\/06\/cropped-HSY-machinery.png","contentUrl":"https:\/\/www.hsymachinery.com\/wp-content\/uploads\/2025\/06\/cropped-HSY-machinery.png","width":600,"height":240,"caption":"HSY Construction Machinery"},"image":{"@id":"https:\/\/www.hsymachinery.com\/#\/schema\/logo\/image\/"}}]}},"_links":{"self":[{"href":"https:\/\/www.hsymachinery.com\/pl\/wp-json\/wp\/v2\/product\/8909","targetHints":{"allow":["GET"]}}],"collection":[{"href":"https:\/\/www.hsymachinery.com\/pl\/wp-json\/wp\/v2\/product"}],"about":[{"href":"https:\/\/www.hsymachinery.com\/pl\/wp-json\/wp\/v2\/types\/product"}],"version-history":[{"count":4,"href":"https:\/\/www.hsymachinery.com\/pl\/wp-json\/wp\/v2\/product\/8909\/revisions"}],"predecessor-version":[{"id":9320,"href":"https:\/\/www.hsymachinery.com\/pl\/wp-json\/wp\/v2\/product\/8909\/revisions\/9320"}],"wp:featuredmedia":[{"embeddable":true,"href":"https:\/\/www.hsymachinery.com\/pl\/wp-json\/wp\/v2\/media\/8910"}],"wp:attachment":[{"href":"https:\/\/www.hsymachinery.com\/pl\/wp-json\/wp\/v2\/media?parent=8909"}],"wp:term":[{"taxonomy":"product_brand","embeddable":true,"href":"https:\/\/www.hsymachinery.com\/pl\/wp-json\/wp\/v2\/product_brand?post=8909"},{"taxonomy":"product_cat","embeddable":true,"href":"https:\/\/www.hsymachinery.com\/pl\/wp-json\/wp\/v2\/product_cat?post=8909"},{"taxonomy":"product_tag","embeddable":true,"href":"https:\/\/www.hsymachinery.com\/pl\/wp-json\/wp\/v2\/product_tag?post=8909"}],"curies":[{"name":"wp","href":"https:\/\/api.w.org\/{rel}","templated":true}]}}