{"id":8892,"date":"2025-06-16T10:10:43","date_gmt":"2025-06-16T02:10:43","guid":{"rendered":"https:\/\/www.hsymachinery.com\/?post_type=product&#038;p=8892"},"modified":"2025-06-25T20:14:34","modified_gmt":"2025-06-25T12:14:34","slug":"maszyna-do-ciecia-pretow-zbrojeniowych-gq40-noz-plaski","status":"publish","type":"product","link":"https:\/\/www.hsymachinery.com\/pl\/product\/maszyna-do-ciecia-pretow-zbrojeniowych-gq40-noz-plaski\/","title":{"rendered":"Maszyna do ci\u0119cia pr\u0119t\u00f3w zbrojeniowych GQ40 (n\u00f3\u017c p\u0142aski)"},"content":{"rendered":"<p data-start=\"333\" data-end=\"553\">The <strong data-start=\"337\" data-end=\"383\">Maszyna do ci\u0119cia pr\u0119t\u00f3w zbrojeniowych GQ40 z no\u017cem p\u0142askim<\/strong> zapewnia szybkie i precyzyjne ci\u0119cie pr\u0119t\u00f3w stalowych. Zespo\u0142y budowlane na ca\u0142ym \u015bwiecie polegaj\u0105 na niej w codziennej pracy na placach budowy, przy projektach mostowych i budowie dr\u00f3g.<\/p>\n<p data-start=\"555\" data-end=\"790\">Maszyna ta wykorzystuje system p\u0142askich no\u017cy do ci\u0119cia stali w\u0119glowej, odkszta\u0142conych pr\u0119t\u00f3w stalowych i pr\u0119t\u00f3w okr\u0105g\u0142ych. Mo\u017cna ci\u0105\u0107 pr\u0119ty zbrojeniowe o \u015brednicy od 6 mm do 28 mm. P\u0142aski n\u00f3\u017c wywiera r\u00f3wnomiern\u0105 si\u0142\u0119, dzi\u0119ki czemu ka\u017cde ci\u0119cie jest czyste i pozbawione zadzior\u00f3w.<\/p>\n<p data-start=\"792\" data-end=\"1029\">Model GQ40 jest wyposa\u017cony w silnik o du\u017cej mocy i trwa\u0142\u0105 przek\u0142adni\u0119. Operatorzy mog\u0105 u\u017cywa\u0107 go w spos\u00f3b ci\u0105g\u0142y bez przegrzewania. Maszyna pracuje p\u0142ynnie i wytwarza minimalne wibracje. Wbudowane k\u00f3\u0142ka u\u0142atwiaj\u0105 przemieszczanie po placu budowy.<\/p>\n<p data-start=\"1031\" data-end=\"1198\">W ramie zastosowano \u017celiwo o wysokiej wytrzyma\u0142o\u015bci. Jest ona odporna na zu\u017cycie i zapewnia stabilne ci\u0119cie przez lata. P\u0142aski modu\u0142 no\u017ca umo\u017cliwia szybk\u0105 wymian\u0119 ostrza i \u0142atw\u0105 konserwacj\u0119.<\/p>\n<p data-start=\"1200\" data-end=\"1392\">Operatorzy steruj\u0105 ci\u0119ciem za pomoc\u0105 r\u0119cznej d\u017awigni. Maszyna reaguje szybko, zwi\u0119kszaj\u0105c wydajno\u015b\u0107 w miejscu pracy. Os\u0142ony bezpiecze\u0144stwa chroni\u0105 u\u017cytkownik\u00f3w podczas pracy, nie blokuj\u0105c widoczno\u015bci.<\/p>\n<p data-start=\"1394\" data-end=\"1429\">Ten przecinak do pr\u0119t\u00f3w zbrojeniowych jest odpowiedni dla wielu u\u017cytkownik\u00f3w:<\/p>\n<ul data-start=\"1430\" data-end=\"1498\">\n<li data-start=\"1430\" data-end=\"1443\">\n<p data-start=\"1432\" data-end=\"1443\">Wykonawcy<\/p>\n<\/li>\n<li data-start=\"1444\" data-end=\"1468\">\n<p data-start=\"1446\" data-end=\"1468\">Warsztaty obr\u00f3bki pr\u0119t\u00f3w zbrojeniowych<\/p>\n<\/li>\n<li data-start=\"1469\" data-end=\"1498\">\n<p data-start=\"1471\" data-end=\"1498\">Firmy zajmuj\u0105ce si\u0119 in\u017cynieri\u0105 l\u0105dow\u0105 i wodn\u0105<\/p>\n<\/li>\n<\/ul>\n<p data-start=\"1500\" data-end=\"1654\">Kompaktowy rozmiar i mi\u0119dzynarodowa kompatybilno\u015b\u0107 napi\u0119ciowa (220V\/380V, 50Hz\/60Hz) sprawiaj\u0105, \u017ce idealnie nadaje si\u0119 do eksportu. Mo\u017cna go zainstalowa\u0107 po kr\u00f3tkim przeszkoleniu.<\/p>\n<p data-start=\"1656\" data-end=\"1846\">Wybierz<a href=\"https:\/\/www.hsymachinery.com\/pl\/produkty\/maszyna-do-ciecia-pretow-zbrojeniowych\/\" target=\"_blank\" rel=\"noopener\"> Maszyna do ci\u0119cia pr\u0119t\u00f3w zbrojeniowych<\/a> GQ40 (n\u00f3\u017c p\u0142aski), je\u015bli zale\u017cy Ci na niezawodnej wydajno\u015bci, niskich kosztach utrzymania i szybkim ci\u0119ciu ka\u017cdego dnia. Oszcz\u0119dza czas, zmniejsza ilo\u015b\u0107 odpad\u00f3w pr\u0119t\u00f3w zbrojeniowych i zapewnia produktywno\u015b\u0107 zespo\u0142u.<\/p>\n<p><iframe title=\"maszyna do ci\u0119cia pr\u0119t\u00f3w zbrojeniowych maszyna do ci\u0119cia pr\u0119t\u00f3w zbrojeniowych, maszyna do ci\u0119cia pr\u0119t\u00f3w stalowych, maszyny budowlane\" width=\"720\" height=\"405\" src=\"https:\/\/www.youtube.com\/embed\/cIrJPBezWsw?feature=oembed\" frameborder=\"0\" allow=\"accelerometer; autoplay; clipboard-write; encrypted-media; gyroscope; picture-in-picture; web-share\" referrerpolicy=\"strict-origin-when-cross-origin\" allowfullscreen><\/iframe><\/p>","protected":false},"excerpt":{"rendered":"<p>Przecinak do pr\u0119t\u00f3w zbrojeniowych GQ40 z p\u0142askim no\u017cem tnie pr\u0119ty 6-28 mm z szybko\u015bci\u0105 i precyzj\u0105. Przeno\u015bny, trwa\u0142y i idealny do codziennego u\u017cytku na budowie.<\/p>","protected":false},"featured_media":8908,"template":"","meta":{"_kad_post_transparent":"default","_kad_post_title":"","_kad_post_layout":"default","_kad_post_sidebar_id":"","_kad_post_content_style":"default","_kad_post_vertical_padding":"default","_kad_post_feature":"","_kad_post_feature_position":"","_kad_post_header":false,"_kad_post_footer":false},"product_brand":[],"product_cat":[51],"product_tag":[988,992,990,989,993,985,994,987,984,991,986],"class_list":{"0":"post-8892","1":"product","2":"type-product","3":"status-publish","4":"has-post-thumbnail","6":"product_cat-rebar-cutting-machine","7":"product_tag-automatic-rebar-cutter","8":"product_tag-construction-steel-bar-cutter","9":"product_tag-electric-rebar-cutting-tool","10":"product_tag-hydraulic-rebar-cutting-machine","11":"product_tag-portable-rebar-cutting-machine","12":"product_tag-rebar-cutter","13":"product_tag-rebar-cutting-machine","14":"product_tag-reinforcement-bar-cutter","15":"product_tag-steel-bar-cutting-machine","16":"product_tag-steel-rod-cutter-machine","17":"product_tag-tmt-bar-cutting-machine","19":"first","20":"instock","21":"shipping-taxable","22":"product-type-simple","23":"entry","24":"content-bg","25":"loop-entry"},"yoast_head":"<!-- This site is optimized with the Yoast SEO plugin v25.3.1 - https:\/\/yoast.com\/wordpress\/plugins\/seo\/ -->\n<title>Rebar Cutting Machine GQ40 (Flat knife) - HSY Construction Machinery<\/title>\n<meta name=\"description\" content=\"Export-grade GQ40 Rebar Cutting Machine with flat knife cuts 6\u201328mm rebar fast and clean. Ideal for construction and steel processing.\" \/>\n<meta name=\"robots\" content=\"index, follow, max-snippet:-1, max-image-preview:large, max-video-preview:-1\" \/>\n<link rel=\"canonical\" href=\"https:\/\/www.hsymachinery.com\/pl\/product\/maszyna-do-ciecia-pretow-zbrojeniowych-gq40-noz-plaski\/\" \/>\n<meta property=\"og:locale\" content=\"pl_PL\" \/>\n<meta property=\"og:type\" content=\"article\" \/>\n<meta property=\"og:title\" content=\"Rebar Cutting Machine GQ40 (Flat knife) - HSY Construction Machinery\" \/>\n<meta property=\"og:description\" content=\"Export-grade GQ40 Rebar Cutting Machine with flat knife cuts 6\u201328mm rebar fast and clean. Ideal for construction and steel processing.\" \/>\n<meta property=\"og:url\" content=\"https:\/\/www.hsymachinery.com\/pl\/product\/maszyna-do-ciecia-pretow-zbrojeniowych-gq40-noz-plaski\/\" \/>\n<meta property=\"og:site_name\" content=\"HSY Construction Machinery\" \/>\n<meta property=\"article:modified_time\" content=\"2025-06-25T12:14:34+00:00\" \/>\n<meta property=\"og:image\" content=\"https:\/\/www.hsymachinery.com\/wp-content\/uploads\/2025\/06\/Rebar-Cutting-Machine-GQ40-Flat-knife.jpg\" \/>\n\t<meta property=\"og:image:width\" content=\"600\" \/>\n\t<meta property=\"og:image:height\" content=\"600\" \/>\n\t<meta property=\"og:image:type\" content=\"image\/jpeg\" \/>\n<meta name=\"twitter:card\" content=\"summary_large_image\" \/>\n<meta name=\"twitter:label1\" content=\"Szacowany czas czytania\" \/>\n\t<meta name=\"twitter:data1\" content=\"2 minuty\" \/>\n<script type=\"application\/ld+json\" class=\"yoast-schema-graph\">{\"@context\":\"https:\/\/schema.org\",\"@graph\":[{\"@type\":\"WebPage\",\"@id\":\"https:\/\/www.hsymachinery.com\/product\/rebar-cutting-machine-gq40-flat-knife\/\",\"url\":\"https:\/\/www.hsymachinery.com\/product\/rebar-cutting-machine-gq40-flat-knife\/\",\"name\":\"Rebar Cutting Machine GQ40 (Flat knife) - HSY Construction Machinery\",\"isPartOf\":{\"@id\":\"https:\/\/www.hsymachinery.com\/#website\"},\"primaryImageOfPage\":{\"@id\":\"https:\/\/www.hsymachinery.com\/product\/rebar-cutting-machine-gq40-flat-knife\/#primaryimage\"},\"image\":{\"@id\":\"https:\/\/www.hsymachinery.com\/product\/rebar-cutting-machine-gq40-flat-knife\/#primaryimage\"},\"thumbnailUrl\":\"https:\/\/www.hsymachinery.com\/wp-content\/uploads\/2025\/06\/Rebar-Cutting-Machine-GQ40-Flat-knife.jpg\",\"datePublished\":\"2025-06-16T02:10:43+00:00\",\"dateModified\":\"2025-06-25T12:14:34+00:00\",\"description\":\"Export-grade GQ40 Rebar Cutting Machine with flat knife cuts 6\u201328mm rebar fast and clean. Ideal for construction and steel processing.\",\"breadcrumb\":{\"@id\":\"https:\/\/www.hsymachinery.com\/product\/rebar-cutting-machine-gq40-flat-knife\/#breadcrumb\"},\"inLanguage\":\"pl-PL\",\"potentialAction\":[{\"@type\":\"ReadAction\",\"target\":[\"https:\/\/www.hsymachinery.com\/product\/rebar-cutting-machine-gq40-flat-knife\/\"]}]},{\"@type\":\"ImageObject\",\"inLanguage\":\"pl-PL\",\"@id\":\"https:\/\/www.hsymachinery.com\/product\/rebar-cutting-machine-gq40-flat-knife\/#primaryimage\",\"url\":\"https:\/\/www.hsymachinery.com\/wp-content\/uploads\/2025\/06\/Rebar-Cutting-Machine-GQ40-Flat-knife.jpg\",\"contentUrl\":\"https:\/\/www.hsymachinery.com\/wp-content\/uploads\/2025\/06\/Rebar-Cutting-Machine-GQ40-Flat-knife.jpg\",\"width\":600,\"height\":600},{\"@type\":\"BreadcrumbList\",\"@id\":\"https:\/\/www.hsymachinery.com\/product\/rebar-cutting-machine-gq40-flat-knife\/#breadcrumb\",\"itemListElement\":[{\"@type\":\"ListItem\",\"position\":1,\"name\":\"home\",\"item\":\"https:\/\/www.hsymachinery.com\/\"},{\"@type\":\"ListItem\",\"position\":2,\"name\":\"products\",\"item\":\"https:\/\/www.hsymachinery.com\/products\/\"},{\"@type\":\"ListItem\",\"position\":3,\"name\":\"Rebar Cutting Machine GQ40 (Flat knife)\"}]},{\"@type\":\"WebSite\",\"@id\":\"https:\/\/www.hsymachinery.com\/#website\",\"url\":\"https:\/\/www.hsymachinery.com\/\",\"name\":\"HSY Construction Machinery\",\"description\":\"HSY Machinery \u2013 A leading China construction machinery supplier, offering a wide range of light construction equipment. Our main products include Rebar Cutting Machine, Rebar Bending Machine, Rebar Stirrup Bending Machine, Rebar Arc Bending Machine, Rebar Straightening Machine, Five-Head Rebar Stirrup Bending Machine, Tamping Rammer, Plate Compactor, Concrete Cutter, Power Trowel, and other construction machinery. We are equipped with advanced CNC machines, and we enforce strict quality inspection standards along with comprehensive after-sales service. If you are interested in our products or services, we warmly welcome your inquiries via message.\",\"publisher\":{\"@id\":\"https:\/\/www.hsymachinery.com\/#organization\"},\"potentialAction\":[{\"@type\":\"SearchAction\",\"target\":{\"@type\":\"EntryPoint\",\"urlTemplate\":\"https:\/\/www.hsymachinery.com\/?s={search_term_string}\"},\"query-input\":{\"@type\":\"PropertyValueSpecification\",\"valueRequired\":true,\"valueName\":\"search_term_string\"}}],\"inLanguage\":\"pl-PL\"},{\"@type\":\"Organization\",\"@id\":\"https:\/\/www.hsymachinery.com\/#organization\",\"name\":\"HSY Construction Machinery\",\"url\":\"https:\/\/www.hsymachinery.com\/\",\"logo\":{\"@type\":\"ImageObject\",\"inLanguage\":\"pl-PL\",\"@id\":\"https:\/\/www.hsymachinery.com\/#\/schema\/logo\/image\/\",\"url\":\"https:\/\/www.hsymachinery.com\/wp-content\/uploads\/2025\/06\/cropped-HSY-machinery.png\",\"contentUrl\":\"https:\/\/www.hsymachinery.com\/wp-content\/uploads\/2025\/06\/cropped-HSY-machinery.png\",\"width\":600,\"height\":240,\"caption\":\"HSY Construction Machinery\"},\"image\":{\"@id\":\"https:\/\/www.hsymachinery.com\/#\/schema\/logo\/image\/\"}}]}<\/script>\n<!-- \/ Yoast SEO plugin. -->","yoast_head_json":{"title":"Maszyna do ci\u0119cia pr\u0119t\u00f3w zbrojeniowych GQ40 (n\u00f3\u017c p\u0142aski) - HSY Construction Machinery","description":"Eksportowa maszyna do ci\u0119cia pr\u0119t\u00f3w zbrojeniowych GQ40 z p\u0142askim no\u017cem tnie pr\u0119ty zbrojeniowe 6-28 mm szybko i czysto. Idealna do prac budowlanych i obr\u00f3bki stali.","robots":{"index":"index","follow":"follow","max-snippet":"max-snippet:-1","max-image-preview":"max-image-preview:large","max-video-preview":"max-video-preview:-1"},"canonical":"https:\/\/www.hsymachinery.com\/pl\/product\/maszyna-do-ciecia-pretow-zbrojeniowych-gq40-noz-plaski\/","og_locale":"pl_PL","og_type":"article","og_title":"Rebar Cutting Machine GQ40 (Flat knife) - HSY Construction Machinery","og_description":"Export-grade GQ40 Rebar Cutting Machine with flat knife cuts 6\u201328mm rebar fast and clean. Ideal for construction and steel processing.","og_url":"https:\/\/www.hsymachinery.com\/pl\/product\/maszyna-do-ciecia-pretow-zbrojeniowych-gq40-noz-plaski\/","og_site_name":"HSY Construction Machinery","article_modified_time":"2025-06-25T12:14:34+00:00","og_image":[{"width":600,"height":600,"url":"https:\/\/www.hsymachinery.com\/wp-content\/uploads\/2025\/06\/Rebar-Cutting-Machine-GQ40-Flat-knife.jpg","type":"image\/jpeg"}],"twitter_card":"summary_large_image","twitter_misc":{"Szacowany czas czytania":"2 minuty"},"schema":{"@context":"https:\/\/schema.org","@graph":[{"@type":"WebPage","@id":"https:\/\/www.hsymachinery.com\/product\/rebar-cutting-machine-gq40-flat-knife\/","url":"https:\/\/www.hsymachinery.com\/product\/rebar-cutting-machine-gq40-flat-knife\/","name":"Maszyna do ci\u0119cia pr\u0119t\u00f3w zbrojeniowych GQ40 (n\u00f3\u017c p\u0142aski) - HSY Construction Machinery","isPartOf":{"@id":"https:\/\/www.hsymachinery.com\/#website"},"primaryImageOfPage":{"@id":"https:\/\/www.hsymachinery.com\/product\/rebar-cutting-machine-gq40-flat-knife\/#primaryimage"},"image":{"@id":"https:\/\/www.hsymachinery.com\/product\/rebar-cutting-machine-gq40-flat-knife\/#primaryimage"},"thumbnailUrl":"https:\/\/www.hsymachinery.com\/wp-content\/uploads\/2025\/06\/Rebar-Cutting-Machine-GQ40-Flat-knife.jpg","datePublished":"2025-06-16T02:10:43+00:00","dateModified":"2025-06-25T12:14:34+00:00","description":"Eksportowa maszyna do ci\u0119cia pr\u0119t\u00f3w zbrojeniowych GQ40 z p\u0142askim no\u017cem tnie pr\u0119ty zbrojeniowe 6-28 mm szybko i czysto. Idealna do prac budowlanych i obr\u00f3bki stali.","breadcrumb":{"@id":"https:\/\/www.hsymachinery.com\/product\/rebar-cutting-machine-gq40-flat-knife\/#breadcrumb"},"inLanguage":"pl-PL","potentialAction":[{"@type":"ReadAction","target":["https:\/\/www.hsymachinery.com\/product\/rebar-cutting-machine-gq40-flat-knife\/"]}]},{"@type":"ImageObject","inLanguage":"pl-PL","@id":"https:\/\/www.hsymachinery.com\/product\/rebar-cutting-machine-gq40-flat-knife\/#primaryimage","url":"https:\/\/www.hsymachinery.com\/wp-content\/uploads\/2025\/06\/Rebar-Cutting-Machine-GQ40-Flat-knife.jpg","contentUrl":"https:\/\/www.hsymachinery.com\/wp-content\/uploads\/2025\/06\/Rebar-Cutting-Machine-GQ40-Flat-knife.jpg","width":600,"height":600},{"@type":"BreadcrumbList","@id":"https:\/\/www.hsymachinery.com\/product\/rebar-cutting-machine-gq40-flat-knife\/#breadcrumb","itemListElement":[{"@type":"ListItem","position":1,"name":"home","item":"https:\/\/www.hsymachinery.com\/"},{"@type":"ListItem","position":2,"name":"products","item":"https:\/\/www.hsymachinery.com\/products\/"},{"@type":"ListItem","position":3,"name":"Rebar Cutting Machine GQ40 (Flat knife)"}]},{"@type":"WebSite","@id":"https:\/\/www.hsymachinery.com\/#website","url":"https:\/\/www.hsymachinery.com\/","name":"HSY Construction Machinery","description":"HSY Machinery - wiod\u0105cy chi\u0144ski dostawca maszyn budowlanych, oferuj\u0105cy szerok\u0105 gam\u0119 lekkiego sprz\u0119tu budowlanego. Nasze g\u0142\u00f3wne produkty to maszyna do ci\u0119cia pr\u0119t\u00f3w zbrojeniowych, maszyna do gi\u0119cia pr\u0119t\u00f3w zbrojeniowych, maszyna do gi\u0119cia strzemion pr\u0119t\u00f3w zbrojeniowych, maszyna do gi\u0119cia \u0142uk\u00f3w pr\u0119t\u00f3w zbrojeniowych, maszyna do prostowania pr\u0119t\u00f3w zbrojeniowych, pi\u0119ciog\u0142owicowa maszyna do gi\u0119cia strzemion pr\u0119t\u00f3w zbrojeniowych, ubijak, zag\u0119szczarka p\u0142ytowa, przecinarka do betonu, zacieraczka mechaniczna i inne maszyny budowlane. Jeste\u015bmy wyposa\u017ceni w zaawansowane maszyny CNC i egzekwujemy surowe standardy kontroli jako\u015bci wraz z kompleksow\u0105 obs\u0142ug\u0105 posprzeda\u017cn\u0105. Je\u015bli jeste\u015b zainteresowany naszymi produktami lub us\u0142ugami, serdecznie zapraszamy do sk\u0142adania zapyta\u0144 za po\u015brednictwem wiadomo\u015bci.","publisher":{"@id":"https:\/\/www.hsymachinery.com\/#organization"},"potentialAction":[{"@type":"SearchAction","target":{"@type":"EntryPoint","urlTemplate":"https:\/\/www.hsymachinery.com\/?s={search_term_string}"},"query-input":{"@type":"PropertyValueSpecification","valueRequired":true,"valueName":"search_term_string"}}],"inLanguage":"pl-PL"},{"@type":"Organization","@id":"https:\/\/www.hsymachinery.com\/#organization","name":"HSY Construction Machinery","url":"https:\/\/www.hsymachinery.com\/","logo":{"@type":"ImageObject","inLanguage":"pl-PL","@id":"https:\/\/www.hsymachinery.com\/#\/schema\/logo\/image\/","url":"https:\/\/www.hsymachinery.com\/wp-content\/uploads\/2025\/06\/cropped-HSY-machinery.png","contentUrl":"https:\/\/www.hsymachinery.com\/wp-content\/uploads\/2025\/06\/cropped-HSY-machinery.png","width":600,"height":240,"caption":"HSY Construction Machinery"},"image":{"@id":"https:\/\/www.hsymachinery.com\/#\/schema\/logo\/image\/"}}]}},"_links":{"self":[{"href":"https:\/\/www.hsymachinery.com\/pl\/wp-json\/wp\/v2\/product\/8892","targetHints":{"allow":["GET"]}}],"collection":[{"href":"https:\/\/www.hsymachinery.com\/pl\/wp-json\/wp\/v2\/product"}],"about":[{"href":"https:\/\/www.hsymachinery.com\/pl\/wp-json\/wp\/v2\/types\/product"}],"version-history":[{"count":10,"href":"https:\/\/www.hsymachinery.com\/pl\/wp-json\/wp\/v2\/product\/8892\/revisions"}],"predecessor-version":[{"id":9317,"href":"https:\/\/www.hsymachinery.com\/pl\/wp-json\/wp\/v2\/product\/8892\/revisions\/9317"}],"wp:featuredmedia":[{"embeddable":true,"href":"https:\/\/www.hsymachinery.com\/pl\/wp-json\/wp\/v2\/media\/8908"}],"wp:attachment":[{"href":"https:\/\/www.hsymachinery.com\/pl\/wp-json\/wp\/v2\/media?parent=8892"}],"wp:term":[{"taxonomy":"product_brand","embeddable":true,"href":"https:\/\/www.hsymachinery.com\/pl\/wp-json\/wp\/v2\/product_brand?post=8892"},{"taxonomy":"product_cat","embeddable":true,"href":"https:\/\/www.hsymachinery.com\/pl\/wp-json\/wp\/v2\/product_cat?post=8892"},{"taxonomy":"product_tag","embeddable":true,"href":"https:\/\/www.hsymachinery.com\/pl\/wp-json\/wp\/v2\/product_tag?post=8892"}],"curies":[{"name":"wp","href":"https:\/\/api.w.org\/{rel}","templated":true}]}}