{"id":9238,"date":"2025-06-18T21:21:50","date_gmt":"2025-06-18T13:21:50","guid":{"rendered":"https:\/\/www.hsymachinery.com\/?post_type=product&#038;p=9238"},"modified":"2025-06-29T00:02:34","modified_gmt":"2025-06-28T16:02:34","slug":"vaziuojanti-elektrine-mentele-ptr-h100d","status":"publish","type":"product","link":"https:\/\/www.hsymachinery.com\/lt\/produktas\/vaziuojanti-elektrine-mentele-ptr-h100d\/","title":{"rendered":"Va\u017eiuojanti elektrin\u0117 mentele PTR-H100D"},"content":{"rendered":"<h3 data-start=\"182\" data-end=\"304\">PTR-H100D Dvigubo disko va\u017eiuojamoji betono glaistykl\u0117 su \"Honda\" varikliu | Did\u017eiausia apdailos galia dideliems betonavimo projektams<\/h3>\n<h3 data-start=\"311\" data-end=\"410\">Produkto apra\u0161ymas - Dviej\u0173 rotori\u0173 mentele su \"Honda\" varikliu, u\u017etikrinan\u010dia maksimal\u0173 plok\u0161\u010di\u0173 efektyvum\u0105<a href=\"https:\/\/www.hsymachinery.com\/lt\/produktai\/vaziuoti-elektriniu-grebliu\/\" target=\"_blank\" rel=\"noopener\"><img fetchpriority=\"high\" decoding=\"async\" class=\"wp-image-9616 alignright\" src=\"https:\/\/www.hsymachinery.com\/wp-content\/uploads\/2025\/06\/Sitting-Type-Power-Trowel-209x300.jpg\" alt=\"\" width=\"451\" height=\"647\" srcset=\"https:\/\/www.hsymachinery.com\/wp-content\/uploads\/2025\/06\/Sitting-Type-Power-Trowel-209x300.jpg 209w, https:\/\/www.hsymachinery.com\/wp-content\/uploads\/2025\/06\/Sitting-Type-Power-Trowel-713x1024.jpg 713w, https:\/\/www.hsymachinery.com\/wp-content\/uploads\/2025\/06\/Sitting-Type-Power-Trowel-768x1103.jpg 768w, https:\/\/www.hsymachinery.com\/wp-content\/uploads\/2025\/06\/Sitting-Type-Power-Trowel-600x862.jpg 600w, https:\/\/www.hsymachinery.com\/wp-content\/uploads\/2025\/06\/Sitting-Type-Power-Trowel.jpg 800w\" sizes=\"(max-width: 451px) 100vw, 451px\" \/><\/a><\/h3>\n<p data-start=\"412\" data-end=\"789\">Svetain\u0117 <strong data-start=\"416\" data-end=\"450\">PTR-H100D va\u017eiuojanti elektrin\u0117 mentele<\/strong> Dviej\u0173 disk\u0173 apdailos sistema ir patikimas \"Honda\" benzininis variklis u\u017etikrina didel\u012f na\u0161um\u0105 dirbant su plataus profilio betono plok\u0161t\u0117mis. \u0160i ma\u0161ina sukurta rangovams, kuriems reikia grei\u010dio, galios ir tikslumo sud\u0117tingose darbo vietose, tokiose kaip logistikos centrai, komercin\u0117s grindys ir sand\u0117li\u0173 statyba.<\/p>\n<p data-start=\"791\" data-end=\"1137\">PTR-H100D turi dvi sinchronizuotas glaistymo l\u0117k\u0161tes, tod\u0117l per trumpesn\u012f laik\u0105 padengiamas didesnis pavir\u0161iaus plotas. Operatoriai d\u017eiaugiasi va\u017eiavimo patogumu, tod\u0117l gali apdirbti didelius plotus be nuovargio. Honda variklis, visame pasaulyje \u017einomas d\u0117l savo ilgaam\u017ei\u0161kumo ir degal\u0173 naudojimo efektyvumo, u\u017etikrina skland\u0173 darb\u0105 ir minimalias prastovas ilg\u0173 pamain\u0173 metu.<\/p>\n<p data-start=\"1139\" data-end=\"1477\">Be to, d\u0117l nepriklausomo a\u0161men\u0173 \u017eingsnio reguliavimo naudotojas gali tiksliai sureguliuoti menteli\u0173 nustatymus, atsi\u017evelgdamas \u012f projekto poreikius - nuo plaukiojan\u010dios iki blizgios apdailos. \u0160is modelis pagamintas i\u0161 didelio atsparumo plieninio r\u0117mo, sustiprintos pavar\u0173 d\u0117\u017e\u0117s ir sm\u016bgius amortizuojan\u010dios s\u0117dyn\u0117s, tod\u0117l gali b\u016bti nuolat naudojamas sud\u0117tingoje aplinkoje.<\/p>\n<p data-start=\"1479\" data-end=\"1643\">Nesvarbu, ar PTR-H100D b\u016bt\u0173 naudojamas patalpose, ar lauke, tai profesionalios klas\u0117s ma\u0161ina, sukurta siekiant maksimalaus efektyvumo ir u\u017etikrinanti pastovi\u0105 betono pavir\u0161iaus kokyb\u0119.<\/p>\n<h3 data-start=\"1650\" data-end=\"1697\">Pagrindin\u0117s PTR-H100D va\u017eiuojamosios mentel\u0117s savyb\u0117s<\/h3>\n<ul data-start=\"1699\" data-end=\"2102\">\n<li data-start=\"1699\" data-end=\"1771\">\n<p data-start=\"1701\" data-end=\"1771\">Dviej\u0173 disk\u0173 konstrukcija padidina glaistymo efektyvum\u0105 ir pavir\u0161iaus padengim\u0105<\/p>\n<\/li>\n<li data-start=\"1772\" data-end=\"1828\">\n<p data-start=\"1774\" data-end=\"1828\">\u012erengtas didelio na\u0161umo \"Honda\" benzininis variklis<\/p>\n<\/li>\n<li data-start=\"1829\" data-end=\"1898\">\n<p data-start=\"1831\" data-end=\"1898\">Patogus operatoriaus va\u017eiavimo \u012frenginys padidina komfort\u0105 ir na\u0161um\u0105<\/p>\n<\/li>\n<li data-start=\"1899\" data-end=\"1968\">\n<p data-start=\"1901\" data-end=\"1968\">Reguliuojamas abiej\u0173 disk\u0173 a\u0161men\u0173 \u017eingsnis, kad atitikt\u0173 pavir\u0161iaus s\u0105lygas<\/p>\n<\/li>\n<li data-start=\"1969\" data-end=\"2034\">\n<p data-start=\"1971\" data-end=\"2034\">Patvarus r\u0117mas ir transmisijos sistema u\u017etikrina atsparum\u0105 darbo vietoje<\/p>\n<\/li>\n<li data-start=\"2035\" data-end=\"2102\">\n<p data-start=\"2037\" data-end=\"2102\">Puikiai tinka dideli\u0173 betonini\u0173 plok\u0161\u010di\u0173 apdailai pramonin\u0117se zonose<\/p>\n<\/li>\n<\/ul>\n<h3 data-start=\"2109\" data-end=\"2194\">Taikymas - idealiai tinka oro uostams, logistikos sand\u0117liams ir didel\u0117ms gamykl\u0173 grindims<\/h3>\n<p data-start=\"2196\" data-end=\"2341\">PTR-H100D sukurtas rangovams, kuriems reikia didesnio glaistymo nuotolio, didelio patvarumo ir variklio patikimumo kiekviename projekte.<\/p>\n<p><iframe title=\"elektrin\u0117 mentele, va\u017eiuojamoji elektrin\u0117 mentele, rankin\u0117 stumiama elektrin\u0117 mentele, mentele, betono\" width=\"720\" height=\"405\" src=\"https:\/\/www.youtube.com\/embed\/f6bzSaqMaws?feature=oembed\" frameborder=\"0\" allow=\"accelerometer; autoplay; clipboard-write; encrypted-media; gyroscope; picture-in-picture; web-share\" referrerpolicy=\"strict-origin-when-cross-origin\" allowfullscreen><\/iframe><\/p>","protected":false},"excerpt":{"rendered":"<p>PTR-H100D va\u017eiuojanti glaistykl\u0117 su \"Honda\" varikliu ir dviej\u0173 disk\u0173 konstrukcija u\u017etikrina greit\u0105 ir veiksming\u0105 dideli\u0173 komercini\u0173 ir pramonini\u0173 betonini\u0173 plok\u0161\u010di\u0173 apdail\u0105.<\/p>","protected":false},"featured_media":9239,"template":"","meta":{"_kad_post_transparent":"default","_kad_post_title":"","_kad_post_layout":"default","_kad_post_sidebar_id":"","_kad_post_content_style":"default","_kad_post_vertical_padding":"default","_kad_post_feature":"","_kad_post_feature_position":"","_kad_post_header":false,"_kad_post_footer":false},"product_brand":[],"product_cat":[58],"product_tag":[1093,1094,1098,1091,1096,1092,1097,1099,1095,1100],"class_list":{"0":"post-9238","1":"product","2":"type-product","3":"status-publish","4":"has-post-thumbnail","6":"product_cat-ride-on-power-trowel","7":"product_tag-concrete-ride-on-trowel","8":"product_tag-concrete-ride-on-trowel-machine","9":"product_tag-concrete-surface-finishing-trowel","10":"product_tag-double-disc-ride-on-power-trowel","11":"product_tag-double-rotor-power-trowel","12":"product_tag-gasoline-ride-on-power-trowel","13":"product_tag-heavy-duty-ride-on-trowel","14":"product_tag-hydraulic-ride-on-trowel","15":"product_tag-ride-on-concrete-finishing-machine","16":"product_tag-ride-on-floor-trowel","18":"first","19":"instock","20":"shipping-taxable","21":"product-type-simple","22":"entry","23":"content-bg","24":"loop-entry"},"yoast_head":"<!-- This site is optimized with the Yoast SEO plugin v25.3.1 - https:\/\/yoast.com\/wordpress\/plugins\/seo\/ -->\n<title>Ride-On Power Trowel PTR-H100D - HSY Construction Machinery<\/title>\n<meta name=\"description\" content=\"PTR-H100D ride-on concrete trowel features Honda engine and dual-disc design for efficient slab finishing in commercial, airport, and industrial floor projects.Ride-On Power Trowel PTR-H100D\" \/>\n<meta name=\"robots\" content=\"index, follow, max-snippet:-1, max-image-preview:large, max-video-preview:-1\" \/>\n<link rel=\"canonical\" href=\"https:\/\/www.hsymachinery.com\/lt\/produktas\/vaziuojanti-elektrine-mentele-ptr-h100d\/\" \/>\n<meta property=\"og:locale\" content=\"lt_LT\" \/>\n<meta property=\"og:type\" content=\"article\" \/>\n<meta property=\"og:title\" content=\"Ride-On Power Trowel PTR-H100D - HSY Construction Machinery\" \/>\n<meta property=\"og:description\" content=\"PTR-H100D ride-on concrete trowel features Honda engine and dual-disc design for efficient slab finishing in commercial, airport, and industrial floor projects.Ride-On Power Trowel PTR-H100D\" \/>\n<meta property=\"og:url\" content=\"https:\/\/www.hsymachinery.com\/lt\/produktas\/vaziuojanti-elektrine-mentele-ptr-h100d\/\" \/>\n<meta property=\"og:site_name\" content=\"HSY Construction Machinery\" \/>\n<meta property=\"article:modified_time\" content=\"2025-06-28T16:02:34+00:00\" \/>\n<meta property=\"og:image\" content=\"https:\/\/www.hsymachinery.com\/wp-content\/uploads\/2025\/06\/Ride-On-Power-Trowel-PTR-H100D.jpg\" \/>\n\t<meta property=\"og:image:width\" content=\"800\" \/>\n\t<meta property=\"og:image:height\" content=\"800\" \/>\n\t<meta property=\"og:image:type\" content=\"image\/jpeg\" \/>\n<meta name=\"twitter:card\" content=\"summary_large_image\" \/>\n<meta name=\"twitter:label1\" content=\"Est. reading time\" \/>\n\t<meta name=\"twitter:data1\" content=\"2 minut\u0117s\" \/>\n<script type=\"application\/ld+json\" class=\"yoast-schema-graph\">{\"@context\":\"https:\/\/schema.org\",\"@graph\":[{\"@type\":\"WebPage\",\"@id\":\"https:\/\/www.hsymachinery.com\/product\/ride-on-power-trowel-ptr-h100d\/\",\"url\":\"https:\/\/www.hsymachinery.com\/product\/ride-on-power-trowel-ptr-h100d\/\",\"name\":\"Ride-On Power Trowel PTR-H100D - HSY Construction Machinery\",\"isPartOf\":{\"@id\":\"https:\/\/www.hsymachinery.com\/#website\"},\"primaryImageOfPage\":{\"@id\":\"https:\/\/www.hsymachinery.com\/product\/ride-on-power-trowel-ptr-h100d\/#primaryimage\"},\"image\":{\"@id\":\"https:\/\/www.hsymachinery.com\/product\/ride-on-power-trowel-ptr-h100d\/#primaryimage\"},\"thumbnailUrl\":\"https:\/\/www.hsymachinery.com\/wp-content\/uploads\/2025\/06\/Ride-On-Power-Trowel-PTR-H100D.jpg\",\"datePublished\":\"2025-06-18T13:21:50+00:00\",\"dateModified\":\"2025-06-28T16:02:34+00:00\",\"description\":\"PTR-H100D ride-on concrete trowel features Honda engine and dual-disc design for efficient slab finishing in commercial, airport, and industrial floor projects.Ride-On Power Trowel PTR-H100D\",\"breadcrumb\":{\"@id\":\"https:\/\/www.hsymachinery.com\/product\/ride-on-power-trowel-ptr-h100d\/#breadcrumb\"},\"inLanguage\":\"lt-LT\",\"potentialAction\":[{\"@type\":\"ReadAction\",\"target\":[\"https:\/\/www.hsymachinery.com\/product\/ride-on-power-trowel-ptr-h100d\/\"]}]},{\"@type\":\"ImageObject\",\"inLanguage\":\"lt-LT\",\"@id\":\"https:\/\/www.hsymachinery.com\/product\/ride-on-power-trowel-ptr-h100d\/#primaryimage\",\"url\":\"https:\/\/www.hsymachinery.com\/wp-content\/uploads\/2025\/06\/Ride-On-Power-Trowel-PTR-H100D.jpg\",\"contentUrl\":\"https:\/\/www.hsymachinery.com\/wp-content\/uploads\/2025\/06\/Ride-On-Power-Trowel-PTR-H100D.jpg\",\"width\":800,\"height\":800},{\"@type\":\"BreadcrumbList\",\"@id\":\"https:\/\/www.hsymachinery.com\/product\/ride-on-power-trowel-ptr-h100d\/#breadcrumb\",\"itemListElement\":[{\"@type\":\"ListItem\",\"position\":1,\"name\":\"home\",\"item\":\"https:\/\/www.hsymachinery.com\/\"},{\"@type\":\"ListItem\",\"position\":2,\"name\":\"products\",\"item\":\"https:\/\/www.hsymachinery.com\/products\/\"},{\"@type\":\"ListItem\",\"position\":3,\"name\":\"Ride-On Power Trowel PTR-H100D\"}]},{\"@type\":\"WebSite\",\"@id\":\"https:\/\/www.hsymachinery.com\/#website\",\"url\":\"https:\/\/www.hsymachinery.com\/\",\"name\":\"HSY Construction Machinery\",\"description\":\"HSY Machinery \u2013 A leading China construction machinery supplier, offering a wide range of light construction equipment. Our main products include Rebar Cutting Machine, Rebar Bending Machine, Rebar Stirrup Bending Machine, Rebar Arc Bending Machine, Rebar Straightening Machine, Five-Head Rebar Stirrup Bending Machine, Tamping Rammer, Plate Compactor, Concrete Cutter, Power Trowel, and other construction machinery. We are equipped with advanced CNC machines, and we enforce strict quality inspection standards along with comprehensive after-sales service. If you are interested in our products or services, we warmly welcome your inquiries via message.\",\"publisher\":{\"@id\":\"https:\/\/www.hsymachinery.com\/#organization\"},\"potentialAction\":[{\"@type\":\"SearchAction\",\"target\":{\"@type\":\"EntryPoint\",\"urlTemplate\":\"https:\/\/www.hsymachinery.com\/?s={search_term_string}\"},\"query-input\":{\"@type\":\"PropertyValueSpecification\",\"valueRequired\":true,\"valueName\":\"search_term_string\"}}],\"inLanguage\":\"lt-LT\"},{\"@type\":\"Organization\",\"@id\":\"https:\/\/www.hsymachinery.com\/#organization\",\"name\":\"HSY Construction Machinery\",\"url\":\"https:\/\/www.hsymachinery.com\/\",\"logo\":{\"@type\":\"ImageObject\",\"inLanguage\":\"lt-LT\",\"@id\":\"https:\/\/www.hsymachinery.com\/#\/schema\/logo\/image\/\",\"url\":\"https:\/\/www.hsymachinery.com\/wp-content\/uploads\/2025\/06\/cropped-HSY-machinery.png\",\"contentUrl\":\"https:\/\/www.hsymachinery.com\/wp-content\/uploads\/2025\/06\/cropped-HSY-machinery.png\",\"width\":600,\"height\":240,\"caption\":\"HSY Construction Machinery\"},\"image\":{\"@id\":\"https:\/\/www.hsymachinery.com\/#\/schema\/logo\/image\/\"}}]}<\/script>\n<!-- \/ Yoast SEO plugin. -->","yoast_head_json":{"title":"Va\u017eiuojanti elektrin\u0117 mentele PTR-H100D - HSY statybin\u0117s ma\u0161inos","description":"PTR-H100D va\u017eiuojamoji betono glaistykl\u0117 su \"Honda\" varikliu ir dviej\u0173 disk\u0173 konstrukcija skirta efektyviai plok\u0161\u010di\u0173 apdailai komercin\u0117s paskirties, oro uost\u0173 ir pramonini\u0173 grind\u0173 projektuose.Va\u017eiuojamoji betono glaistykl\u0117 PTR-H100D","robots":{"index":"index","follow":"follow","max-snippet":"max-snippet:-1","max-image-preview":"max-image-preview:large","max-video-preview":"max-video-preview:-1"},"canonical":"https:\/\/www.hsymachinery.com\/lt\/produktas\/vaziuojanti-elektrine-mentele-ptr-h100d\/","og_locale":"lt_LT","og_type":"article","og_title":"Ride-On Power Trowel PTR-H100D - HSY Construction Machinery","og_description":"PTR-H100D ride-on concrete trowel features Honda engine and dual-disc design for efficient slab finishing in commercial, airport, and industrial floor projects.Ride-On Power Trowel PTR-H100D","og_url":"https:\/\/www.hsymachinery.com\/lt\/produktas\/vaziuojanti-elektrine-mentele-ptr-h100d\/","og_site_name":"HSY Construction Machinery","article_modified_time":"2025-06-28T16:02:34+00:00","og_image":[{"width":800,"height":800,"url":"https:\/\/www.hsymachinery.com\/wp-content\/uploads\/2025\/06\/Ride-On-Power-Trowel-PTR-H100D.jpg","type":"image\/jpeg"}],"twitter_card":"summary_large_image","twitter_misc":{"Est. reading time":"2 minut\u0117s"},"schema":{"@context":"https:\/\/schema.org","@graph":[{"@type":"WebPage","@id":"https:\/\/www.hsymachinery.com\/product\/ride-on-power-trowel-ptr-h100d\/","url":"https:\/\/www.hsymachinery.com\/product\/ride-on-power-trowel-ptr-h100d\/","name":"Va\u017eiuojanti elektrin\u0117 mentele PTR-H100D - HSY statybin\u0117s ma\u0161inos","isPartOf":{"@id":"https:\/\/www.hsymachinery.com\/#website"},"primaryImageOfPage":{"@id":"https:\/\/www.hsymachinery.com\/product\/ride-on-power-trowel-ptr-h100d\/#primaryimage"},"image":{"@id":"https:\/\/www.hsymachinery.com\/product\/ride-on-power-trowel-ptr-h100d\/#primaryimage"},"thumbnailUrl":"https:\/\/www.hsymachinery.com\/wp-content\/uploads\/2025\/06\/Ride-On-Power-Trowel-PTR-H100D.jpg","datePublished":"2025-06-18T13:21:50+00:00","dateModified":"2025-06-28T16:02:34+00:00","description":"PTR-H100D va\u017eiuojamoji betono glaistykl\u0117 su \"Honda\" varikliu ir dviej\u0173 disk\u0173 konstrukcija skirta efektyviai plok\u0161\u010di\u0173 apdailai komercin\u0117s paskirties, oro uost\u0173 ir pramonini\u0173 grind\u0173 projektuose.Va\u017eiuojamoji betono glaistykl\u0117 PTR-H100D","breadcrumb":{"@id":"https:\/\/www.hsymachinery.com\/product\/ride-on-power-trowel-ptr-h100d\/#breadcrumb"},"inLanguage":"lt-LT","potentialAction":[{"@type":"ReadAction","target":["https:\/\/www.hsymachinery.com\/product\/ride-on-power-trowel-ptr-h100d\/"]}]},{"@type":"ImageObject","inLanguage":"lt-LT","@id":"https:\/\/www.hsymachinery.com\/product\/ride-on-power-trowel-ptr-h100d\/#primaryimage","url":"https:\/\/www.hsymachinery.com\/wp-content\/uploads\/2025\/06\/Ride-On-Power-Trowel-PTR-H100D.jpg","contentUrl":"https:\/\/www.hsymachinery.com\/wp-content\/uploads\/2025\/06\/Ride-On-Power-Trowel-PTR-H100D.jpg","width":800,"height":800},{"@type":"BreadcrumbList","@id":"https:\/\/www.hsymachinery.com\/product\/ride-on-power-trowel-ptr-h100d\/#breadcrumb","itemListElement":[{"@type":"ListItem","position":1,"name":"home","item":"https:\/\/www.hsymachinery.com\/"},{"@type":"ListItem","position":2,"name":"products","item":"https:\/\/www.hsymachinery.com\/products\/"},{"@type":"ListItem","position":3,"name":"Ride-On Power Trowel PTR-H100D"}]},{"@type":"WebSite","@id":"https:\/\/www.hsymachinery.com\/#website","url":"https:\/\/www.hsymachinery.com\/","name":"HSY statybin\u0117s ma\u0161inos","description":"\"HSY Machinery\" - pirmaujanti Kinijos statybos ma\u0161in\u0173 tiek\u0117ja, si\u016blanti plat\u0173 lengvosios statybos \u012frangos asortiment\u0105. Pagrindiniai m\u016bs\u0173 produktai - armat\u016bros pjovimo stakl\u0117s, armat\u016bros lenkimo stakl\u0117s, armat\u016bros stryp\u0173 lenkimo stakl\u0117s, armat\u016bros lanko lenkimo stakl\u0117s, armat\u016bros tiesinimo stakl\u0117s, penki\u0173 galvu\u010di\u0173 armat\u016bros stryp\u0173 lenkimo stakl\u0117s, tankinimo plaktukas, plok\u0161\u010di\u0173 tankintuvas, betono pjaustykl\u0117, elektrin\u0117 mentele ir kita statybin\u0117 technika. Turime pa\u017eangias CNC stakles, taikome grie\u017etus kokyb\u0117s tikrinimo standartus ir teikiame visapusi\u0161kas garantinio aptarnavimo paslaugas. Jei jus domina m\u016bs\u0173 gaminiai ar paslaugos, maloniai laukiame j\u016bs\u0173 u\u017eklaus\u0173 \u017einute.","publisher":{"@id":"https:\/\/www.hsymachinery.com\/#organization"},"potentialAction":[{"@type":"SearchAction","target":{"@type":"EntryPoint","urlTemplate":"https:\/\/www.hsymachinery.com\/?s={search_term_string}"},"query-input":{"@type":"PropertyValueSpecification","valueRequired":true,"valueName":"search_term_string"}}],"inLanguage":"lt-LT"},{"@type":"Organization","@id":"https:\/\/www.hsymachinery.com\/#organization","name":"HSY statybin\u0117s ma\u0161inos","url":"https:\/\/www.hsymachinery.com\/","logo":{"@type":"ImageObject","inLanguage":"lt-LT","@id":"https:\/\/www.hsymachinery.com\/#\/schema\/logo\/image\/","url":"https:\/\/www.hsymachinery.com\/wp-content\/uploads\/2025\/06\/cropped-HSY-machinery.png","contentUrl":"https:\/\/www.hsymachinery.com\/wp-content\/uploads\/2025\/06\/cropped-HSY-machinery.png","width":600,"height":240,"caption":"HSY Construction Machinery"},"image":{"@id":"https:\/\/www.hsymachinery.com\/#\/schema\/logo\/image\/"}}]}},"_links":{"self":[{"href":"https:\/\/www.hsymachinery.com\/lt\/wp-json\/wp\/v2\/product\/9238","targetHints":{"allow":["GET"]}}],"collection":[{"href":"https:\/\/www.hsymachinery.com\/lt\/wp-json\/wp\/v2\/product"}],"about":[{"href":"https:\/\/www.hsymachinery.com\/lt\/wp-json\/wp\/v2\/types\/product"}],"version-history":[{"count":3,"href":"https:\/\/www.hsymachinery.com\/lt\/wp-json\/wp\/v2\/product\/9238\/revisions"}],"predecessor-version":[{"id":9628,"href":"https:\/\/www.hsymachinery.com\/lt\/wp-json\/wp\/v2\/product\/9238\/revisions\/9628"}],"wp:featuredmedia":[{"embeddable":true,"href":"https:\/\/www.hsymachinery.com\/lt\/wp-json\/wp\/v2\/media\/9239"}],"wp:attachment":[{"href":"https:\/\/www.hsymachinery.com\/lt\/wp-json\/wp\/v2\/media?parent=9238"}],"wp:term":[{"taxonomy":"product_brand","embeddable":true,"href":"https:\/\/www.hsymachinery.com\/lt\/wp-json\/wp\/v2\/product_brand?post=9238"},{"taxonomy":"product_cat","embeddable":true,"href":"https:\/\/www.hsymachinery.com\/lt\/wp-json\/wp\/v2\/product_cat?post=9238"},{"taxonomy":"product_tag","embeddable":true,"href":"https:\/\/www.hsymachinery.com\/lt\/wp-json\/wp\/v2\/product_tag?post=9238"}],"curies":[{"name":"wp","href":"https:\/\/api.w.org\/{rel}","templated":true}]}}