{"id":9229,"date":"2025-06-18T21:17:54","date_gmt":"2025-06-18T13:17:54","guid":{"rendered":"https:\/\/www.hsymachinery.com\/?post_type=product&#038;p=9229"},"modified":"2025-06-28T23:48:37","modified_gmt":"2025-06-28T15:48:37","slug":"vaziuojanti-elektrine-mentele-ptr-l100","status":"publish","type":"product","link":"https:\/\/www.hsymachinery.com\/lt\/produktas\/vaziuojanti-elektrine-mentele-ptr-l100\/","title":{"rendered":"Va\u017eiuojanti elektrin\u0117 mentele PTR-L100"},"content":{"rendered":"<h2 data-start=\"139\" data-end=\"176\">Va\u017eiuojanti elektrin\u0117 mentele PTR-L100<\/h2>\n<h3 data-start=\"177\" data-end=\"289\">PTR-L100 va\u017eiuojamoji betono glaistykl\u0117 su \"Longxin\" varikliu | Didelio skersmens apdailos darbai pramonini\u0173 plok\u0161\u010di\u0173 projektuose<\/h3>\n<h3 data-start=\"296\" data-end=\"398\">Produkto apra\u0161ymas - \"Longxin-Driven Ride-On Trowel\" mentele, skirta efektyviai dideli\u0173 plok\u0161\u010di\u0173 betono apdailai<a href=\"https:\/\/www.hsymachinery.com\/lt\/produktai\/vaziuoti-elektriniu-grebliu\/\" target=\"_blank\" rel=\"noopener\"><img fetchpriority=\"high\" decoding=\"async\" class=\"wp-image-9616 alignright\" src=\"https:\/\/www.hsymachinery.com\/wp-content\/uploads\/2025\/06\/Sitting-Type-Power-Trowel-209x300.jpg\" alt=\"\" width=\"451\" height=\"647\" srcset=\"https:\/\/www.hsymachinery.com\/wp-content\/uploads\/2025\/06\/Sitting-Type-Power-Trowel-209x300.jpg 209w, https:\/\/www.hsymachinery.com\/wp-content\/uploads\/2025\/06\/Sitting-Type-Power-Trowel-713x1024.jpg 713w, https:\/\/www.hsymachinery.com\/wp-content\/uploads\/2025\/06\/Sitting-Type-Power-Trowel-768x1103.jpg 768w, https:\/\/www.hsymachinery.com\/wp-content\/uploads\/2025\/06\/Sitting-Type-Power-Trowel-600x862.jpg 600w, https:\/\/www.hsymachinery.com\/wp-content\/uploads\/2025\/06\/Sitting-Type-Power-Trowel.jpg 800w\" sizes=\"(max-width: 451px) 100vw, 451px\" \/><\/a><\/h3>\n<p data-start=\"400\" data-end=\"713\">Svetain\u0117 <strong data-start=\"404\" data-end=\"437\">PTR-L100 va\u017eiuojanti elektrin\u0117 mentele<\/strong> tai didelio skersmens betono apdailos ma\u0161ina, varoma patikimo \"Longxin\" benzininio variklio. \u0160is modelis, pasi\u017eymintis didesne apr\u0117ptimi ir geresniu manevringumu, idealiai tinka rangovams, dirbantiems dideliuose plok\u0161\u010di\u0173 plotuose, kur efektyvumas ir nuoseklumas yra svarbiausi.<\/p>\n<p data-start=\"715\" data-end=\"1068\">Ma\u0161inoje \u012frengta 100 cm dviej\u0173 disk\u0173 disk\u0173 sistema, leid\u017eianti ma\u017eesniu va\u017eiavim\u0173 skai\u010diumi padengti didesn\u012f plot\u0105. Tai ne tik sutrumpina darbo laik\u0105, bet ir u\u017etikrina lyg\u0173, lyg\u0173 betono pavir\u0161i\u0173. Valdymo sistema va\u017eiuojant u\u017etikrina geresn\u012f komfort\u0105 ir matomum\u0105, o kompakti\u0161ka vairo konstrukcija pagerina valdym\u0105 pla\u010diose betono atkarpose.<\/p>\n<p data-start=\"1070\" data-end=\"1467\">D\u0117l \"Longxin\" variklio PTR-L100 veikia tolygiai, u\u017etikrina didel\u012f sukimo moment\u0105 ir labai taupiai naudoja degalus. Operatoriai gali lengvai reguliuoti peili\u0173 \u017eingsn\u012f ir, priklausomai nuo plok\u0161t\u0117s b\u016bkl\u0117s, perjungti plaukiojim\u0105 ir poliravim\u0105. Tuo tarpu tvirtas plieninis ma\u0161inos r\u0117mas, didel\u0117s apkrovos pavar\u0173 d\u0117\u017e\u0117 ir antivibracin\u0117 s\u0117dyn\u0117 padeda i\u0161laikyti operatoriaus stabilum\u0105 ir ma\u017eina nusid\u0117v\u0117jim\u0105.<\/p>\n<p data-start=\"1469\" data-end=\"1651\">\u0160i va\u017eiuojamoji mentele idealiai tinka gamykl\u0173, dideli\u0173 sand\u0117li\u0173 ir komercini\u0173 aik\u0161\u010di\u0173 grind\u0173 apdailai, nes u\u017etikrina profesional\u0173 rezultat\u0105 kiekviename betono kvadratiniame metre.<\/p>\n<h3 data-start=\"1658\" data-end=\"1711\">Pagrindin\u0117s PTR-L100 betonavimo menteli\u0173 savyb\u0117s<\/h3>\n<ul data-start=\"1713\" data-end=\"2098\">\n<li data-start=\"1713\" data-end=\"1773\">\n<p data-start=\"1715\" data-end=\"1773\">100 cm skersmens peilis - greita ir efektyvi plok\u0161\u010di\u0173 apdaila<\/p>\n<\/li>\n<li data-start=\"1774\" data-end=\"1842\">\n<p data-start=\"1776\" data-end=\"1842\">\"Longxin\" benzininis variklis u\u017etikrina galing\u0105 ir patikim\u0105 veikim\u0105<\/p>\n<\/li>\n<li data-start=\"1843\" data-end=\"1899\">\n<p data-start=\"1845\" data-end=\"1899\">\"Ride-on\" dizainas padidina komfort\u0105 ir suma\u017eina nuovarg\u012f<\/p>\n<\/li>\n<li data-start=\"1900\" data-end=\"1968\">\n<p data-start=\"1902\" data-end=\"1968\">Reguliuojamo \u017eingsnio peiliukai leid\u017eia geriau kontroliuoti apdailos kokyb\u0119<\/p>\n<\/li>\n<li data-start=\"1969\" data-end=\"2033\">\n<p data-start=\"1971\" data-end=\"2033\">Patvarus r\u0117mas ir sustiprinta pavar\u0173 d\u0117\u017e\u0117 u\u017etikrina ilgesn\u012f tarnavimo laik\u0105<\/p>\n<\/li>\n<li data-start=\"2034\" data-end=\"2098\">\n<p data-start=\"2036\" data-end=\"2098\">Tinka didel\u0117ms vidaus ir lauko betonini\u0173 grind\u0173 dangos u\u017eduotims<\/p>\n<\/li>\n<\/ul>\n<h3 data-start=\"2105\" data-end=\"2198\">Taikymas - skirtas pramoniniams sand\u0117liams, dirbtuv\u0117ms ir dideliems betoniniams pavir\u0161iams<\/h3>\n<p data-start=\"2200\" data-end=\"2428\">PTR-L100 puikiai tinka profesionalams, dirbantiems su pramonin\u0117mis grindimis, gara\u017e\u0173 plok\u0161t\u0117mis ir automobili\u0173 stov\u0117jimo aik\u0161tel\u0117mis. D\u0117l subalansuotos galios, dyd\u017eio ir patogumo operatoriui \u0161is \u012frenginys tinka didel\u0117s apimties betono apdailos darbams.<\/p>\n<p><iframe title=\"elektrin\u0117 mentele, va\u017eiuojamoji elektrin\u0117 mentele, rankin\u0117 stumiama elektrin\u0117 mentele, mentele, betono\" width=\"720\" height=\"405\" src=\"https:\/\/www.youtube.com\/embed\/f6bzSaqMaws?feature=oembed\" frameborder=\"0\" allow=\"accelerometer; autoplay; clipboard-write; encrypted-media; gyroscope; picture-in-picture; web-share\" referrerpolicy=\"strict-origin-when-cross-origin\" allowfullscreen><\/iframe><\/p>","protected":false},"excerpt":{"rendered":"<p>PTR-L100 va\u017eiuojamoji mentele su \"Longxin\" varikliu u\u017etikrinama plati 100 cm apr\u0117ptis ir efektyvus dideli\u0173 betono plok\u0161\u010di\u0173 dirbimas. Patikimas pasirinkimas komercin\u0117ms grindims.<\/p>","protected":false},"featured_media":9230,"template":"","meta":{"_kad_post_transparent":"default","_kad_post_title":"","_kad_post_layout":"default","_kad_post_sidebar_id":"","_kad_post_content_style":"default","_kad_post_vertical_padding":"default","_kad_post_feature":"","_kad_post_feature_position":"","_kad_post_header":false,"_kad_post_footer":false},"product_brand":[],"product_cat":[58],"product_tag":[1093,1094,1098,1091,1096,1092,1097,1099,1095,1100],"class_list":{"0":"post-9229","1":"product","2":"type-product","3":"status-publish","4":"has-post-thumbnail","6":"product_cat-ride-on-power-trowel","7":"product_tag-concrete-ride-on-trowel","8":"product_tag-concrete-ride-on-trowel-machine","9":"product_tag-concrete-surface-finishing-trowel","10":"product_tag-double-disc-ride-on-power-trowel","11":"product_tag-double-rotor-power-trowel","12":"product_tag-gasoline-ride-on-power-trowel","13":"product_tag-heavy-duty-ride-on-trowel","14":"product_tag-hydraulic-ride-on-trowel","15":"product_tag-ride-on-concrete-finishing-machine","16":"product_tag-ride-on-floor-trowel","18":"first","19":"instock","20":"shipping-taxable","21":"product-type-simple","22":"entry","23":"content-bg","24":"loop-entry"},"yoast_head":"<!-- This site is optimized with the Yoast SEO plugin v25.3.1 - https:\/\/yoast.com\/wordpress\/plugins\/seo\/ -->\n<title>Ride-On Power Trowel PTR-L100 - HSY Construction Machinery<\/title>\n<meta name=\"description\" content=\"PTR-L100 ride-on concrete trowel features a Longxin engine and 100 cm dual disc for fast, consistent finishing on industrial concrete floors.Ride-On Power Trowel PTR-L100\" \/>\n<meta name=\"robots\" content=\"index, follow, max-snippet:-1, max-image-preview:large, max-video-preview:-1\" \/>\n<link rel=\"canonical\" href=\"https:\/\/www.hsymachinery.com\/lt\/produktas\/vaziuojanti-elektrine-mentele-ptr-l100\/\" \/>\n<meta property=\"og:locale\" content=\"lt_LT\" \/>\n<meta property=\"og:type\" content=\"article\" \/>\n<meta property=\"og:title\" content=\"Ride-On Power Trowel PTR-L100 - HSY Construction Machinery\" \/>\n<meta property=\"og:description\" content=\"PTR-L100 ride-on concrete trowel features a Longxin engine and 100 cm dual disc for fast, consistent finishing on industrial concrete floors.Ride-On Power Trowel PTR-L100\" \/>\n<meta property=\"og:url\" content=\"https:\/\/www.hsymachinery.com\/lt\/produktas\/vaziuojanti-elektrine-mentele-ptr-l100\/\" \/>\n<meta property=\"og:site_name\" content=\"HSY Construction Machinery\" \/>\n<meta property=\"article:modified_time\" content=\"2025-06-28T15:48:37+00:00\" \/>\n<meta property=\"og:image\" content=\"https:\/\/www.hsymachinery.com\/wp-content\/uploads\/2025\/06\/Ride-On-Power-Trowel-PTR-L100.jpg\" \/>\n\t<meta property=\"og:image:width\" content=\"800\" \/>\n\t<meta property=\"og:image:height\" content=\"800\" \/>\n\t<meta property=\"og:image:type\" content=\"image\/jpeg\" \/>\n<meta name=\"twitter:card\" content=\"summary_large_image\" \/>\n<meta name=\"twitter:label1\" content=\"Est. reading time\" \/>\n\t<meta name=\"twitter:data1\" content=\"2 minut\u0117s\" \/>\n<script type=\"application\/ld+json\" class=\"yoast-schema-graph\">{\"@context\":\"https:\/\/schema.org\",\"@graph\":[{\"@type\":\"WebPage\",\"@id\":\"https:\/\/www.hsymachinery.com\/product\/ride-on-power-trowel-ptr-l100\/\",\"url\":\"https:\/\/www.hsymachinery.com\/product\/ride-on-power-trowel-ptr-l100\/\",\"name\":\"Ride-On Power Trowel PTR-L100 - HSY Construction Machinery\",\"isPartOf\":{\"@id\":\"https:\/\/www.hsymachinery.com\/#website\"},\"primaryImageOfPage\":{\"@id\":\"https:\/\/www.hsymachinery.com\/product\/ride-on-power-trowel-ptr-l100\/#primaryimage\"},\"image\":{\"@id\":\"https:\/\/www.hsymachinery.com\/product\/ride-on-power-trowel-ptr-l100\/#primaryimage\"},\"thumbnailUrl\":\"https:\/\/www.hsymachinery.com\/wp-content\/uploads\/2025\/06\/Ride-On-Power-Trowel-PTR-L100.jpg\",\"datePublished\":\"2025-06-18T13:17:54+00:00\",\"dateModified\":\"2025-06-28T15:48:37+00:00\",\"description\":\"PTR-L100 ride-on concrete trowel features a Longxin engine and 100 cm dual disc for fast, consistent finishing on industrial concrete floors.Ride-On Power Trowel PTR-L100\",\"breadcrumb\":{\"@id\":\"https:\/\/www.hsymachinery.com\/product\/ride-on-power-trowel-ptr-l100\/#breadcrumb\"},\"inLanguage\":\"lt-LT\",\"potentialAction\":[{\"@type\":\"ReadAction\",\"target\":[\"https:\/\/www.hsymachinery.com\/product\/ride-on-power-trowel-ptr-l100\/\"]}]},{\"@type\":\"ImageObject\",\"inLanguage\":\"lt-LT\",\"@id\":\"https:\/\/www.hsymachinery.com\/product\/ride-on-power-trowel-ptr-l100\/#primaryimage\",\"url\":\"https:\/\/www.hsymachinery.com\/wp-content\/uploads\/2025\/06\/Ride-On-Power-Trowel-PTR-L100.jpg\",\"contentUrl\":\"https:\/\/www.hsymachinery.com\/wp-content\/uploads\/2025\/06\/Ride-On-Power-Trowel-PTR-L100.jpg\",\"width\":800,\"height\":800},{\"@type\":\"BreadcrumbList\",\"@id\":\"https:\/\/www.hsymachinery.com\/product\/ride-on-power-trowel-ptr-l100\/#breadcrumb\",\"itemListElement\":[{\"@type\":\"ListItem\",\"position\":1,\"name\":\"home\",\"item\":\"https:\/\/www.hsymachinery.com\/\"},{\"@type\":\"ListItem\",\"position\":2,\"name\":\"products\",\"item\":\"https:\/\/www.hsymachinery.com\/products\/\"},{\"@type\":\"ListItem\",\"position\":3,\"name\":\"Ride-On Power Trowel PTR-L100\"}]},{\"@type\":\"WebSite\",\"@id\":\"https:\/\/www.hsymachinery.com\/#website\",\"url\":\"https:\/\/www.hsymachinery.com\/\",\"name\":\"HSY Construction Machinery\",\"description\":\"HSY Machinery \u2013 A leading China construction machinery supplier, offering a wide range of light construction equipment. Our main products include Rebar Cutting Machine, Rebar Bending Machine, Rebar Stirrup Bending Machine, Rebar Arc Bending Machine, Rebar Straightening Machine, Five-Head Rebar Stirrup Bending Machine, Tamping Rammer, Plate Compactor, Concrete Cutter, Power Trowel, and other construction machinery. We are equipped with advanced CNC machines, and we enforce strict quality inspection standards along with comprehensive after-sales service. If you are interested in our products or services, we warmly welcome your inquiries via message.\",\"publisher\":{\"@id\":\"https:\/\/www.hsymachinery.com\/#organization\"},\"potentialAction\":[{\"@type\":\"SearchAction\",\"target\":{\"@type\":\"EntryPoint\",\"urlTemplate\":\"https:\/\/www.hsymachinery.com\/?s={search_term_string}\"},\"query-input\":{\"@type\":\"PropertyValueSpecification\",\"valueRequired\":true,\"valueName\":\"search_term_string\"}}],\"inLanguage\":\"lt-LT\"},{\"@type\":\"Organization\",\"@id\":\"https:\/\/www.hsymachinery.com\/#organization\",\"name\":\"HSY Construction Machinery\",\"url\":\"https:\/\/www.hsymachinery.com\/\",\"logo\":{\"@type\":\"ImageObject\",\"inLanguage\":\"lt-LT\",\"@id\":\"https:\/\/www.hsymachinery.com\/#\/schema\/logo\/image\/\",\"url\":\"https:\/\/www.hsymachinery.com\/wp-content\/uploads\/2025\/06\/cropped-HSY-machinery.png\",\"contentUrl\":\"https:\/\/www.hsymachinery.com\/wp-content\/uploads\/2025\/06\/cropped-HSY-machinery.png\",\"width\":600,\"height\":240,\"caption\":\"HSY Construction Machinery\"},\"image\":{\"@id\":\"https:\/\/www.hsymachinery.com\/#\/schema\/logo\/image\/\"}}]}<\/script>\n<!-- \/ Yoast SEO plugin. -->","yoast_head_json":{"title":"Va\u017eiuojanti elektrin\u0117 mentele PTR-L100 - HSY statybin\u0117s ma\u0161inos","description":"PTR-L100 va\u017eiuojamoji betono glaistykl\u0117 turi \"Longxin\" varikl\u012f ir 100 cm dvigub\u0105 disk\u0105, kad greitai ir nuosekliai atliktum\u0117te pramonini\u0173 betonini\u0173 grind\u0173 apdail\u0105.Va\u017eiuojamoji betono glaistykl\u0117 PTR-L100","robots":{"index":"index","follow":"follow","max-snippet":"max-snippet:-1","max-image-preview":"max-image-preview:large","max-video-preview":"max-video-preview:-1"},"canonical":"https:\/\/www.hsymachinery.com\/lt\/produktas\/vaziuojanti-elektrine-mentele-ptr-l100\/","og_locale":"lt_LT","og_type":"article","og_title":"Ride-On Power Trowel PTR-L100 - HSY Construction Machinery","og_description":"PTR-L100 ride-on concrete trowel features a Longxin engine and 100 cm dual disc for fast, consistent finishing on industrial concrete floors.Ride-On Power Trowel PTR-L100","og_url":"https:\/\/www.hsymachinery.com\/lt\/produktas\/vaziuojanti-elektrine-mentele-ptr-l100\/","og_site_name":"HSY Construction Machinery","article_modified_time":"2025-06-28T15:48:37+00:00","og_image":[{"width":800,"height":800,"url":"https:\/\/www.hsymachinery.com\/wp-content\/uploads\/2025\/06\/Ride-On-Power-Trowel-PTR-L100.jpg","type":"image\/jpeg"}],"twitter_card":"summary_large_image","twitter_misc":{"Est. reading time":"2 minut\u0117s"},"schema":{"@context":"https:\/\/schema.org","@graph":[{"@type":"WebPage","@id":"https:\/\/www.hsymachinery.com\/product\/ride-on-power-trowel-ptr-l100\/","url":"https:\/\/www.hsymachinery.com\/product\/ride-on-power-trowel-ptr-l100\/","name":"Va\u017eiuojanti elektrin\u0117 mentele PTR-L100 - HSY statybin\u0117s ma\u0161inos","isPartOf":{"@id":"https:\/\/www.hsymachinery.com\/#website"},"primaryImageOfPage":{"@id":"https:\/\/www.hsymachinery.com\/product\/ride-on-power-trowel-ptr-l100\/#primaryimage"},"image":{"@id":"https:\/\/www.hsymachinery.com\/product\/ride-on-power-trowel-ptr-l100\/#primaryimage"},"thumbnailUrl":"https:\/\/www.hsymachinery.com\/wp-content\/uploads\/2025\/06\/Ride-On-Power-Trowel-PTR-L100.jpg","datePublished":"2025-06-18T13:17:54+00:00","dateModified":"2025-06-28T15:48:37+00:00","description":"PTR-L100 va\u017eiuojamoji betono glaistykl\u0117 turi \"Longxin\" varikl\u012f ir 100 cm dvigub\u0105 disk\u0105, kad greitai ir nuosekliai atliktum\u0117te pramonini\u0173 betonini\u0173 grind\u0173 apdail\u0105.Va\u017eiuojamoji betono glaistykl\u0117 PTR-L100","breadcrumb":{"@id":"https:\/\/www.hsymachinery.com\/product\/ride-on-power-trowel-ptr-l100\/#breadcrumb"},"inLanguage":"lt-LT","potentialAction":[{"@type":"ReadAction","target":["https:\/\/www.hsymachinery.com\/product\/ride-on-power-trowel-ptr-l100\/"]}]},{"@type":"ImageObject","inLanguage":"lt-LT","@id":"https:\/\/www.hsymachinery.com\/product\/ride-on-power-trowel-ptr-l100\/#primaryimage","url":"https:\/\/www.hsymachinery.com\/wp-content\/uploads\/2025\/06\/Ride-On-Power-Trowel-PTR-L100.jpg","contentUrl":"https:\/\/www.hsymachinery.com\/wp-content\/uploads\/2025\/06\/Ride-On-Power-Trowel-PTR-L100.jpg","width":800,"height":800},{"@type":"BreadcrumbList","@id":"https:\/\/www.hsymachinery.com\/product\/ride-on-power-trowel-ptr-l100\/#breadcrumb","itemListElement":[{"@type":"ListItem","position":1,"name":"home","item":"https:\/\/www.hsymachinery.com\/"},{"@type":"ListItem","position":2,"name":"products","item":"https:\/\/www.hsymachinery.com\/products\/"},{"@type":"ListItem","position":3,"name":"Ride-On Power Trowel PTR-L100"}]},{"@type":"WebSite","@id":"https:\/\/www.hsymachinery.com\/#website","url":"https:\/\/www.hsymachinery.com\/","name":"HSY statybin\u0117s ma\u0161inos","description":"\"HSY Machinery\" - pirmaujanti Kinijos statybos ma\u0161in\u0173 tiek\u0117ja, si\u016blanti plat\u0173 lengvosios statybos \u012frangos asortiment\u0105. Pagrindiniai m\u016bs\u0173 produktai - armat\u016bros pjovimo stakl\u0117s, armat\u016bros lenkimo stakl\u0117s, armat\u016bros stryp\u0173 lenkimo stakl\u0117s, armat\u016bros lanko lenkimo stakl\u0117s, armat\u016bros tiesinimo stakl\u0117s, penki\u0173 galvu\u010di\u0173 armat\u016bros stryp\u0173 lenkimo stakl\u0117s, tankinimo plaktukas, plok\u0161\u010di\u0173 tankintuvas, betono pjaustykl\u0117, elektrin\u0117 mentele ir kita statybin\u0117 technika. Turime pa\u017eangias CNC stakles, taikome grie\u017etus kokyb\u0117s tikrinimo standartus ir teikiame visapusi\u0161kas garantinio aptarnavimo paslaugas. Jei jus domina m\u016bs\u0173 gaminiai ar paslaugos, maloniai laukiame j\u016bs\u0173 u\u017eklaus\u0173 \u017einute.","publisher":{"@id":"https:\/\/www.hsymachinery.com\/#organization"},"potentialAction":[{"@type":"SearchAction","target":{"@type":"EntryPoint","urlTemplate":"https:\/\/www.hsymachinery.com\/?s={search_term_string}"},"query-input":{"@type":"PropertyValueSpecification","valueRequired":true,"valueName":"search_term_string"}}],"inLanguage":"lt-LT"},{"@type":"Organization","@id":"https:\/\/www.hsymachinery.com\/#organization","name":"HSY statybin\u0117s ma\u0161inos","url":"https:\/\/www.hsymachinery.com\/","logo":{"@type":"ImageObject","inLanguage":"lt-LT","@id":"https:\/\/www.hsymachinery.com\/#\/schema\/logo\/image\/","url":"https:\/\/www.hsymachinery.com\/wp-content\/uploads\/2025\/06\/cropped-HSY-machinery.png","contentUrl":"https:\/\/www.hsymachinery.com\/wp-content\/uploads\/2025\/06\/cropped-HSY-machinery.png","width":600,"height":240,"caption":"HSY Construction Machinery"},"image":{"@id":"https:\/\/www.hsymachinery.com\/#\/schema\/logo\/image\/"}}]}},"_links":{"self":[{"href":"https:\/\/www.hsymachinery.com\/lt\/wp-json\/wp\/v2\/product\/9229","targetHints":{"allow":["GET"]}}],"collection":[{"href":"https:\/\/www.hsymachinery.com\/lt\/wp-json\/wp\/v2\/product"}],"about":[{"href":"https:\/\/www.hsymachinery.com\/lt\/wp-json\/wp\/v2\/types\/product"}],"version-history":[{"count":2,"href":"https:\/\/www.hsymachinery.com\/lt\/wp-json\/wp\/v2\/product\/9229\/revisions"}],"predecessor-version":[{"id":9622,"href":"https:\/\/www.hsymachinery.com\/lt\/wp-json\/wp\/v2\/product\/9229\/revisions\/9622"}],"wp:featuredmedia":[{"embeddable":true,"href":"https:\/\/www.hsymachinery.com\/lt\/wp-json\/wp\/v2\/media\/9230"}],"wp:attachment":[{"href":"https:\/\/www.hsymachinery.com\/lt\/wp-json\/wp\/v2\/media?parent=9229"}],"wp:term":[{"taxonomy":"product_brand","embeddable":true,"href":"https:\/\/www.hsymachinery.com\/lt\/wp-json\/wp\/v2\/product_brand?post=9229"},{"taxonomy":"product_cat","embeddable":true,"href":"https:\/\/www.hsymachinery.com\/lt\/wp-json\/wp\/v2\/product_cat?post=9229"},{"taxonomy":"product_tag","embeddable":true,"href":"https:\/\/www.hsymachinery.com\/lt\/wp-json\/wp\/v2\/product_tag?post=9229"}],"curies":[{"name":"wp","href":"https:\/\/api.w.org\/{rel}","templated":true}]}}