{"id":9217,"date":"2025-06-18T20:40:26","date_gmt":"2025-06-18T12:40:26","guid":{"rendered":"https:\/\/www.hsymachinery.com\/?post_type=product&#038;p=9217"},"modified":"2025-06-28T23:21:44","modified_gmt":"2025-06-28T15:21:44","slug":"vaiksciojanti-elektrine-mentele-pth-c100b","status":"publish","type":"product","link":"https:\/\/www.hsymachinery.com\/lt\/produktas\/vaiksciojanti-elektrine-mentele-pth-c100b\/","title":{"rendered":"Vejamas elektrinis mentele PTH-C100B"},"content":{"rendered":"<h2 data-start=\"141\" data-end=\"183\">Vejamas elektrinis mentele PTH-C100B<\/h2>\n<h3 data-start=\"184\" data-end=\"278\">PTH-C100B dyzelin\u0117 betono glaistykl\u0117 | Didelio sukimo momento variklis, skirtas patvariai dideli\u0173 plok\u0161\u010di\u0173 apdailai<\/h3>\n<h3 data-start=\"285\" data-end=\"398\">Produkto apra\u0161ymas - Dyzeliniu varikliu varomas elektrinis glaistytuvas, skirtas ilgai trunkan\u010diai komercini\u0173 betonini\u0173 grind\u0173 apdailai<a href=\"https:\/\/www.hsymachinery.com\/lt\/produktai\/vaiksciojimas-uz-elektrines-menteles\/\" target=\"_blank\" rel=\"noopener\"><img fetchpriority=\"high\" decoding=\"async\" class=\"wp-image-9218 alignright\" src=\"https:\/\/www.hsymachinery.com\/wp-content\/uploads\/2025\/06\/Walk-Behind-Power-Trowel-PTH-C100B-244x300.jpg\" alt=\"\" width=\"454\" height=\"558\" srcset=\"https:\/\/www.hsymachinery.com\/wp-content\/uploads\/2025\/06\/Walk-Behind-Power-Trowel-PTH-C100B-244x300.jpg 244w, https:\/\/www.hsymachinery.com\/wp-content\/uploads\/2025\/06\/Walk-Behind-Power-Trowel-PTH-C100B.jpg 600w\" sizes=\"(max-width: 454px) 100vw, 454px\" \/><\/a><\/h3>\n<p data-start=\"400\" data-end=\"716\">Svetain\u0117 <strong data-start=\"404\" data-end=\"442\">PTH-C100B u\u017epakalinis elektrinis gr\u0117bliukas<\/strong> tai dyzeliniu kuru varoma betono apdailos ma\u0161ina, sukurta siekiant u\u017etikrinti tvirtum\u0105, efektyvum\u0105 ir ilgalaik\u012f naudojim\u0105. \u0160is modelis su patvariu dyzeliniu varikliu puikiai tinka projektams, kuriuose svarbiausia - galimyb\u0117 naudoti degalus, variklio ilgaam\u017ei\u0161kumas ir didelis sukimo momentas.<\/p>\n<p data-start=\"718\" data-end=\"1104\">D\u0117l 100 cm glaistymo skersmens PTH-C100B per trumpesn\u012f laik\u0105 padengia didel\u012f pavir\u0161iaus plot\u0105, tod\u0117l tai puikus sprendimas didel\u0117ms betono plok\u0161t\u0117ms, pavyzd\u017eiui, automobili\u0173 stov\u0117jimo aik\u0161tel\u0117ms, pramonin\u0117ms grindims ir logistikos centrams. Reguliuojamo peili\u0173 \u017eingsnio sistema leid\u017eia tiksliai valdyti pl\u016bduriuojan\u010dio ir poliravimo etapus, tod\u0117l kiekvien\u0105 kart\u0105 i\u0161gaunama nuosekli ir lygi apdaila.<\/p>\n<p data-start=\"1106\" data-end=\"1406\">Be to, dyzelinis variklis u\u017etikrina stabil\u0173 sukimo moment\u0105 ir geresnes degal\u0173 s\u0105naudas esant didel\u0117ms darbo apkrovoms, ypa\u010d tuose regionuose, kur dyzelinas yra labiau prieinamas. Didelio atsparumo pavar\u0173 d\u0117\u017e\u0117, sustiprintos voratinklin\u0117s svirtys ir apsauginis apsauginis \u017eiedas u\u017etikrina ilgalaik\u012f patvarum\u0105 net ir kasdienio naudojimo s\u0105lygomis.<\/p>\n<p data-start=\"1408\" data-end=\"1576\">Kad b\u016bt\u0173 dar patogiau, ergonomi\u0161ka sulankstoma rankena suma\u017eina vibracij\u0105 ir nuovarg\u012f, o konstrukcija leid\u017eia lengvai transportuoti ir sand\u0117liuoti i\u0161 vienos vietos \u012f kit\u0105.<\/p>\n<h3 data-start=\"1583\" data-end=\"1635\">Pagrindin\u0117s PTH-C100B dyzelinio mentelio savyb\u0117s<\/h3>\n<ul data-start=\"1637\" data-end=\"1999\">\n<li data-start=\"1637\" data-end=\"1699\">\n<p data-start=\"1639\" data-end=\"1699\">Dyzelinis variklis u\u017etikrina didel\u012f sukimo moment\u0105 ir ilgesn\u012f veikimo laik\u0105<\/p>\n<\/li>\n<li data-start=\"1700\" data-end=\"1756\">\n<p data-start=\"1702\" data-end=\"1756\">100 cm skersmens peiliukai u\u017etikrina plat\u0173 apdailos apr\u0117pt\u012f<\/p>\n<\/li>\n<li data-start=\"1757\" data-end=\"1819\">\n<p data-start=\"1759\" data-end=\"1819\">Reguliuojamo \u017eingsnio sistema leid\u017eia kontroliuoti pavir\u0161iaus apdail\u0105<\/p>\n<\/li>\n<li data-start=\"1820\" data-end=\"1878\">\n<p data-start=\"1822\" data-end=\"1878\">Antivibracin\u0117 rankenos konstrukcija padidina operatoriaus komfort\u0105<\/p>\n<\/li>\n<li data-start=\"1879\" data-end=\"1937\">\n<p data-start=\"1881\" data-end=\"1937\">Tvirtas r\u0117mas ir pavar\u0173 d\u0117\u017e\u0117 padidina konstrukcijos patvarum\u0105<\/p>\n<\/li>\n<li data-start=\"1938\" data-end=\"1999\">\n<p data-start=\"1940\" data-end=\"1999\">Idealiai tinka lauko, sunkiems ar ilgai trunkantiems betonavimo darbams<\/p>\n<\/li>\n<\/ul>\n<h3 data-start=\"2006\" data-end=\"2102\">Taikymo sritys - idealiai tinka atviroms aik\u0161tel\u0117ms, pramonin\u0117ms grindims ir didel\u0117s apkrovos betono apdailai<\/h3>\n<p data-start=\"2104\" data-end=\"2400\">PTH-C100B puikiai tinka lauko projektams, kaimo statyb\u0173 aik\u0161tel\u0117ms ir didel\u0117s apimties infrastrukt\u016bros darbams. D\u0117l degal\u0173 universalumo ir mechaninio patvarumo rangovai da\u017enai renkasi \u0161\u012f model\u012f intensyviai plok\u0161\u010di\u0173 apdailai, kai labai svarbus veikimo laikas ir patikimumas.<\/p>\n<p><iframe title=\"elektrinis mentele, rankinis stumti elektrinis mentele, mentele, betono #trowel #powertrowe#concrete\" width=\"720\" height=\"405\" src=\"https:\/\/www.youtube.com\/embed\/pa6AuNhMrwI?feature=oembed\" frameborder=\"0\" allow=\"accelerometer; autoplay; clipboard-write; encrypted-media; gyroscope; picture-in-picture; web-share\" referrerpolicy=\"strict-origin-when-cross-origin\" allowfullscreen><\/iframe><\/p>","protected":false},"excerpt":{"rendered":"<p>PTH-C100B dyzelinis glaistytuvas pasi\u017eymi 100 cm apr\u0117ptimi, dideliu patvarumu ir efektyvia plok\u0161\u010di\u0173 apdaila, skirta lauko ir pramoniniams betonavimo projektams.<\/p>","protected":false},"featured_media":9218,"template":"","meta":{"_kad_post_transparent":"default","_kad_post_title":"","_kad_post_layout":"default","_kad_post_sidebar_id":"","_kad_post_content_style":"default","_kad_post_vertical_padding":"default","_kad_post_feature":"","_kad_post_feature_position":"","_kad_post_header":false,"_kad_post_footer":false},"product_brand":[],"product_cat":[55],"product_tag":[1084,1083,1087,1081,1086,1085,1089,1088,1090,1082],"class_list":{"0":"post-9217","1":"product","2":"type-product","3":"status-publish","4":"has-post-thumbnail","6":"product_cat-walk-behind-power-trowel","7":"product_tag-cement-power-trowel","8":"product_tag-concrete-finishing-trowel","9":"product_tag-concrete-floor-finishing-machine","10":"product_tag-concrete-power-trowel","11":"product_tag-electric-walk-behind-trowel","12":"product_tag-gasoline-power-trowel","13":"product_tag-hand-operated-power-trowel","14":"product_tag-manual-power-trowel","15":"product_tag-walk-behind-concrete-finishing-machine","16":"product_tag-walk-behind-trowel-machine","18":"first","19":"instock","20":"shipping-taxable","21":"product-type-simple","22":"entry","23":"content-bg","24":"loop-entry"},"yoast_head":"<!-- This site is optimized with the Yoast SEO plugin v25.3.1 - https:\/\/yoast.com\/wordpress\/plugins\/seo\/ -->\n<title>Walk-Behind Power Trowel PTH-C100B - HSY Construction Machinery<\/title>\n<meta name=\"description\" content=\"PTH-C100B diesel walk-behind trowel with 100cm diameter delivers durable and efficient finishing for concrete slabs in industrial and outdoor job sites.Walk-Behind Power Trowel PTH-C100B\" \/>\n<meta name=\"robots\" content=\"index, follow, max-snippet:-1, max-image-preview:large, max-video-preview:-1\" \/>\n<link rel=\"canonical\" href=\"https:\/\/www.hsymachinery.com\/lt\/produktas\/vaiksciojanti-elektrine-mentele-pth-c100b\/\" \/>\n<meta property=\"og:locale\" content=\"lt_LT\" \/>\n<meta property=\"og:type\" content=\"article\" \/>\n<meta property=\"og:title\" content=\"Walk-Behind Power Trowel PTH-C100B - HSY Construction Machinery\" \/>\n<meta property=\"og:description\" content=\"PTH-C100B diesel walk-behind trowel with 100cm diameter delivers durable and efficient finishing for concrete slabs in industrial and outdoor job sites.Walk-Behind Power Trowel PTH-C100B\" \/>\n<meta property=\"og:url\" content=\"https:\/\/www.hsymachinery.com\/lt\/produktas\/vaiksciojanti-elektrine-mentele-pth-c100b\/\" \/>\n<meta property=\"og:site_name\" content=\"HSY Construction Machinery\" \/>\n<meta property=\"article:modified_time\" content=\"2025-06-28T15:21:44+00:00\" \/>\n<meta property=\"og:image\" content=\"https:\/\/www.hsymachinery.com\/wp-content\/uploads\/2025\/06\/Walk-Behind-Power-Trowel-PTH-C100B.jpg\" \/>\n\t<meta property=\"og:image:width\" content=\"600\" \/>\n\t<meta property=\"og:image:height\" content=\"738\" \/>\n\t<meta property=\"og:image:type\" content=\"image\/jpeg\" \/>\n<meta name=\"twitter:card\" content=\"summary_large_image\" \/>\n<meta name=\"twitter:label1\" content=\"Est. reading time\" \/>\n\t<meta name=\"twitter:data1\" content=\"2 minut\u0117s\" \/>\n<script type=\"application\/ld+json\" class=\"yoast-schema-graph\">{\"@context\":\"https:\/\/schema.org\",\"@graph\":[{\"@type\":\"WebPage\",\"@id\":\"https:\/\/www.hsymachinery.com\/product\/walk-behind-power-trowel-pth-c100b\/\",\"url\":\"https:\/\/www.hsymachinery.com\/product\/walk-behind-power-trowel-pth-c100b\/\",\"name\":\"Walk-Behind Power Trowel PTH-C100B - HSY Construction Machinery\",\"isPartOf\":{\"@id\":\"https:\/\/www.hsymachinery.com\/#website\"},\"primaryImageOfPage\":{\"@id\":\"https:\/\/www.hsymachinery.com\/product\/walk-behind-power-trowel-pth-c100b\/#primaryimage\"},\"image\":{\"@id\":\"https:\/\/www.hsymachinery.com\/product\/walk-behind-power-trowel-pth-c100b\/#primaryimage\"},\"thumbnailUrl\":\"https:\/\/www.hsymachinery.com\/wp-content\/uploads\/2025\/06\/Walk-Behind-Power-Trowel-PTH-C100B.jpg\",\"datePublished\":\"2025-06-18T12:40:26+00:00\",\"dateModified\":\"2025-06-28T15:21:44+00:00\",\"description\":\"PTH-C100B diesel walk-behind trowel with 100cm diameter delivers durable and efficient finishing for concrete slabs in industrial and outdoor job sites.Walk-Behind Power Trowel PTH-C100B\",\"breadcrumb\":{\"@id\":\"https:\/\/www.hsymachinery.com\/product\/walk-behind-power-trowel-pth-c100b\/#breadcrumb\"},\"inLanguage\":\"lt-LT\",\"potentialAction\":[{\"@type\":\"ReadAction\",\"target\":[\"https:\/\/www.hsymachinery.com\/product\/walk-behind-power-trowel-pth-c100b\/\"]}]},{\"@type\":\"ImageObject\",\"inLanguage\":\"lt-LT\",\"@id\":\"https:\/\/www.hsymachinery.com\/product\/walk-behind-power-trowel-pth-c100b\/#primaryimage\",\"url\":\"https:\/\/www.hsymachinery.com\/wp-content\/uploads\/2025\/06\/Walk-Behind-Power-Trowel-PTH-C100B.jpg\",\"contentUrl\":\"https:\/\/www.hsymachinery.com\/wp-content\/uploads\/2025\/06\/Walk-Behind-Power-Trowel-PTH-C100B.jpg\",\"width\":600,\"height\":738},{\"@type\":\"BreadcrumbList\",\"@id\":\"https:\/\/www.hsymachinery.com\/product\/walk-behind-power-trowel-pth-c100b\/#breadcrumb\",\"itemListElement\":[{\"@type\":\"ListItem\",\"position\":1,\"name\":\"home\",\"item\":\"https:\/\/www.hsymachinery.com\/\"},{\"@type\":\"ListItem\",\"position\":2,\"name\":\"products\",\"item\":\"https:\/\/www.hsymachinery.com\/products\/\"},{\"@type\":\"ListItem\",\"position\":3,\"name\":\"Walk-Behind Power Trowel PTH-C100B\"}]},{\"@type\":\"WebSite\",\"@id\":\"https:\/\/www.hsymachinery.com\/#website\",\"url\":\"https:\/\/www.hsymachinery.com\/\",\"name\":\"HSY Construction Machinery\",\"description\":\"HSY Machinery \u2013 A leading China construction machinery supplier, offering a wide range of light construction equipment. Our main products include Rebar Cutting Machine, Rebar Bending Machine, Rebar Stirrup Bending Machine, Rebar Arc Bending Machine, Rebar Straightening Machine, Five-Head Rebar Stirrup Bending Machine, Tamping Rammer, Plate Compactor, Concrete Cutter, Power Trowel, and other construction machinery. We are equipped with advanced CNC machines, and we enforce strict quality inspection standards along with comprehensive after-sales service. If you are interested in our products or services, we warmly welcome your inquiries via message.\",\"publisher\":{\"@id\":\"https:\/\/www.hsymachinery.com\/#organization\"},\"potentialAction\":[{\"@type\":\"SearchAction\",\"target\":{\"@type\":\"EntryPoint\",\"urlTemplate\":\"https:\/\/www.hsymachinery.com\/?s={search_term_string}\"},\"query-input\":{\"@type\":\"PropertyValueSpecification\",\"valueRequired\":true,\"valueName\":\"search_term_string\"}}],\"inLanguage\":\"lt-LT\"},{\"@type\":\"Organization\",\"@id\":\"https:\/\/www.hsymachinery.com\/#organization\",\"name\":\"HSY Construction Machinery\",\"url\":\"https:\/\/www.hsymachinery.com\/\",\"logo\":{\"@type\":\"ImageObject\",\"inLanguage\":\"lt-LT\",\"@id\":\"https:\/\/www.hsymachinery.com\/#\/schema\/logo\/image\/\",\"url\":\"https:\/\/www.hsymachinery.com\/wp-content\/uploads\/2025\/06\/cropped-HSY-machinery.png\",\"contentUrl\":\"https:\/\/www.hsymachinery.com\/wp-content\/uploads\/2025\/06\/cropped-HSY-machinery.png\",\"width\":600,\"height\":240,\"caption\":\"HSY Construction Machinery\"},\"image\":{\"@id\":\"https:\/\/www.hsymachinery.com\/#\/schema\/logo\/image\/\"}}]}<\/script>\n<!-- \/ Yoast SEO plugin. -->","yoast_head_json":{"title":"Vejamas elektrinis mentele PTH-C100B - HSY statybin\u0117s ma\u0161inos","description":"PTH-C100B dyzelinis 100 cm skersmens dviratinis mentele varomas mentele, u\u017etikrinantis patvari\u0105 ir efektyvi\u0105 betono plok\u0161\u010di\u0173 apdail\u0105 pramonin\u0117se ir lauko darb\u0173 aik\u0161tel\u0117se.Dviratinis mentele varomas mentele varomas mentele PTH-C100B.","robots":{"index":"index","follow":"follow","max-snippet":"max-snippet:-1","max-image-preview":"max-image-preview:large","max-video-preview":"max-video-preview:-1"},"canonical":"https:\/\/www.hsymachinery.com\/lt\/produktas\/vaiksciojanti-elektrine-mentele-pth-c100b\/","og_locale":"lt_LT","og_type":"article","og_title":"Walk-Behind Power Trowel PTH-C100B - HSY Construction Machinery","og_description":"PTH-C100B diesel walk-behind trowel with 100cm diameter delivers durable and efficient finishing for concrete slabs in industrial and outdoor job sites.Walk-Behind Power Trowel PTH-C100B","og_url":"https:\/\/www.hsymachinery.com\/lt\/produktas\/vaiksciojanti-elektrine-mentele-pth-c100b\/","og_site_name":"HSY Construction Machinery","article_modified_time":"2025-06-28T15:21:44+00:00","og_image":[{"width":600,"height":738,"url":"https:\/\/www.hsymachinery.com\/wp-content\/uploads\/2025\/06\/Walk-Behind-Power-Trowel-PTH-C100B.jpg","type":"image\/jpeg"}],"twitter_card":"summary_large_image","twitter_misc":{"Est. reading time":"2 minut\u0117s"},"schema":{"@context":"https:\/\/schema.org","@graph":[{"@type":"WebPage","@id":"https:\/\/www.hsymachinery.com\/product\/walk-behind-power-trowel-pth-c100b\/","url":"https:\/\/www.hsymachinery.com\/product\/walk-behind-power-trowel-pth-c100b\/","name":"Vejamas elektrinis mentele PTH-C100B - HSY statybin\u0117s ma\u0161inos","isPartOf":{"@id":"https:\/\/www.hsymachinery.com\/#website"},"primaryImageOfPage":{"@id":"https:\/\/www.hsymachinery.com\/product\/walk-behind-power-trowel-pth-c100b\/#primaryimage"},"image":{"@id":"https:\/\/www.hsymachinery.com\/product\/walk-behind-power-trowel-pth-c100b\/#primaryimage"},"thumbnailUrl":"https:\/\/www.hsymachinery.com\/wp-content\/uploads\/2025\/06\/Walk-Behind-Power-Trowel-PTH-C100B.jpg","datePublished":"2025-06-18T12:40:26+00:00","dateModified":"2025-06-28T15:21:44+00:00","description":"PTH-C100B dyzelinis 100 cm skersmens dviratinis mentele varomas mentele, u\u017etikrinantis patvari\u0105 ir efektyvi\u0105 betono plok\u0161\u010di\u0173 apdail\u0105 pramonin\u0117se ir lauko darb\u0173 aik\u0161tel\u0117se.Dviratinis mentele varomas mentele varomas mentele PTH-C100B.","breadcrumb":{"@id":"https:\/\/www.hsymachinery.com\/product\/walk-behind-power-trowel-pth-c100b\/#breadcrumb"},"inLanguage":"lt-LT","potentialAction":[{"@type":"ReadAction","target":["https:\/\/www.hsymachinery.com\/product\/walk-behind-power-trowel-pth-c100b\/"]}]},{"@type":"ImageObject","inLanguage":"lt-LT","@id":"https:\/\/www.hsymachinery.com\/product\/walk-behind-power-trowel-pth-c100b\/#primaryimage","url":"https:\/\/www.hsymachinery.com\/wp-content\/uploads\/2025\/06\/Walk-Behind-Power-Trowel-PTH-C100B.jpg","contentUrl":"https:\/\/www.hsymachinery.com\/wp-content\/uploads\/2025\/06\/Walk-Behind-Power-Trowel-PTH-C100B.jpg","width":600,"height":738},{"@type":"BreadcrumbList","@id":"https:\/\/www.hsymachinery.com\/product\/walk-behind-power-trowel-pth-c100b\/#breadcrumb","itemListElement":[{"@type":"ListItem","position":1,"name":"home","item":"https:\/\/www.hsymachinery.com\/"},{"@type":"ListItem","position":2,"name":"products","item":"https:\/\/www.hsymachinery.com\/products\/"},{"@type":"ListItem","position":3,"name":"Walk-Behind Power Trowel PTH-C100B"}]},{"@type":"WebSite","@id":"https:\/\/www.hsymachinery.com\/#website","url":"https:\/\/www.hsymachinery.com\/","name":"HSY statybin\u0117s ma\u0161inos","description":"\"HSY Machinery\" - pirmaujanti Kinijos statybos ma\u0161in\u0173 tiek\u0117ja, si\u016blanti plat\u0173 lengvosios statybos \u012frangos asortiment\u0105. Pagrindiniai m\u016bs\u0173 produktai - armat\u016bros pjovimo stakl\u0117s, armat\u016bros lenkimo stakl\u0117s, armat\u016bros stryp\u0173 lenkimo stakl\u0117s, armat\u016bros lanko lenkimo stakl\u0117s, armat\u016bros tiesinimo stakl\u0117s, penki\u0173 galvu\u010di\u0173 armat\u016bros stryp\u0173 lenkimo stakl\u0117s, tankinimo plaktukas, plok\u0161\u010di\u0173 tankintuvas, betono pjaustykl\u0117, elektrin\u0117 mentele ir kita statybin\u0117 technika. Turime pa\u017eangias CNC stakles, taikome grie\u017etus kokyb\u0117s tikrinimo standartus ir teikiame visapusi\u0161kas garantinio aptarnavimo paslaugas. Jei jus domina m\u016bs\u0173 gaminiai ar paslaugos, maloniai laukiame j\u016bs\u0173 u\u017eklaus\u0173 \u017einute.","publisher":{"@id":"https:\/\/www.hsymachinery.com\/#organization"},"potentialAction":[{"@type":"SearchAction","target":{"@type":"EntryPoint","urlTemplate":"https:\/\/www.hsymachinery.com\/?s={search_term_string}"},"query-input":{"@type":"PropertyValueSpecification","valueRequired":true,"valueName":"search_term_string"}}],"inLanguage":"lt-LT"},{"@type":"Organization","@id":"https:\/\/www.hsymachinery.com\/#organization","name":"HSY statybin\u0117s ma\u0161inos","url":"https:\/\/www.hsymachinery.com\/","logo":{"@type":"ImageObject","inLanguage":"lt-LT","@id":"https:\/\/www.hsymachinery.com\/#\/schema\/logo\/image\/","url":"https:\/\/www.hsymachinery.com\/wp-content\/uploads\/2025\/06\/cropped-HSY-machinery.png","contentUrl":"https:\/\/www.hsymachinery.com\/wp-content\/uploads\/2025\/06\/cropped-HSY-machinery.png","width":600,"height":240,"caption":"HSY Construction Machinery"},"image":{"@id":"https:\/\/www.hsymachinery.com\/#\/schema\/logo\/image\/"}}]}},"_links":{"self":[{"href":"https:\/\/www.hsymachinery.com\/lt\/wp-json\/wp\/v2\/product\/9217","targetHints":{"allow":["GET"]}}],"collection":[{"href":"https:\/\/www.hsymachinery.com\/lt\/wp-json\/wp\/v2\/product"}],"about":[{"href":"https:\/\/www.hsymachinery.com\/lt\/wp-json\/wp\/v2\/types\/product"}],"version-history":[{"count":3,"href":"https:\/\/www.hsymachinery.com\/lt\/wp-json\/wp\/v2\/product\/9217\/revisions"}],"predecessor-version":[{"id":9610,"href":"https:\/\/www.hsymachinery.com\/lt\/wp-json\/wp\/v2\/product\/9217\/revisions\/9610"}],"wp:featuredmedia":[{"embeddable":true,"href":"https:\/\/www.hsymachinery.com\/lt\/wp-json\/wp\/v2\/media\/9218"}],"wp:attachment":[{"href":"https:\/\/www.hsymachinery.com\/lt\/wp-json\/wp\/v2\/media?parent=9217"}],"wp:term":[{"taxonomy":"product_brand","embeddable":true,"href":"https:\/\/www.hsymachinery.com\/lt\/wp-json\/wp\/v2\/product_brand?post=9217"},{"taxonomy":"product_cat","embeddable":true,"href":"https:\/\/www.hsymachinery.com\/lt\/wp-json\/wp\/v2\/product_cat?post=9217"},{"taxonomy":"product_tag","embeddable":true,"href":"https:\/\/www.hsymachinery.com\/lt\/wp-json\/wp\/v2\/product_tag?post=9217"}],"curies":[{"name":"wp","href":"https:\/\/api.w.org\/{rel}","templated":true}]}}