{"id":9214,"date":"2025-06-18T20:39:37","date_gmt":"2025-06-18T12:39:37","guid":{"rendered":"https:\/\/www.hsymachinery.com\/?post_type=product&#038;p=9214"},"modified":"2025-06-28T23:18:26","modified_gmt":"2025-06-28T15:18:26","slug":"vaiksciojanti-elektrine-mentele-pth-h100b","status":"publish","type":"product","link":"https:\/\/www.hsymachinery.com\/lt\/produktas\/vaiksciojanti-elektrine-mentele-pth-h100b\/","title":{"rendered":"Vejamas elektrinis mentele PTH-H100B"},"content":{"rendered":"<h2 data-start=\"166\" data-end=\"208\">Vejamas elektrinis mentele PTH-H100B<\/h2>\n<h3 data-start=\"209\" data-end=\"322\">PTH-H100B Benzinin\u0117 betono glaistykl\u0117 | Honda variklis | Didelio tikslumo pavir\u0161iaus apdaila didel\u0117ms betonin\u0117ms plok\u0161t\u0117ms<\/h3>\n<h3 data-start=\"329\" data-end=\"437\">Produkto apra\u0161ymas - \"Honda\" varikliu varoma apdailos mentele, u\u017etikrinan\u010dia auk\u0161\u010diausi\u0105 na\u0161um\u0105 dirbant dideliuose betono plotuose<a href=\"https:\/\/www.hsymachinery.com\/lt\/produktai\/vaiksciojimas-uz-elektrines-menteles\/\" target=\"_blank\" rel=\"noopener\"><img fetchpriority=\"high\" decoding=\"async\" class=\"wp-image-9215 alignright\" src=\"https:\/\/www.hsymachinery.com\/wp-content\/uploads\/2025\/06\/Walk-Behind-Power-Trowel-PTH-H100B-244x300.jpg\" alt=\"\" width=\"455\" height=\"559\" srcset=\"https:\/\/www.hsymachinery.com\/wp-content\/uploads\/2025\/06\/Walk-Behind-Power-Trowel-PTH-H100B-244x300.jpg 244w, https:\/\/www.hsymachinery.com\/wp-content\/uploads\/2025\/06\/Walk-Behind-Power-Trowel-PTH-H100B.jpg 600w\" sizes=\"(max-width: 455px) 100vw, 455px\" \/><\/a><\/h3>\n<p data-start=\"439\" data-end=\"790\">Svetain\u0117 <strong data-start=\"443\" data-end=\"481\">PTH-H100B u\u017epakalinis elektrinis mentele<\/strong> tai didel\u0117s galios betono apdailos ma\u0161ina, varoma tvirtu ir taupiu \"Honda\" benzininiu varikliu. \u0160is modelis, skirtas dideli\u0173 plok\u0161\u010di\u0173 projektams, pasi\u017eymi galingumu, tikslumu ir ilgaam\u017ei\u0161kumu, tod\u0117l yra geriausias pasirinkimas profesionaliems rangovams, siekiantiems nepriekai\u0161tingo betono pavir\u0161iaus.<\/p>\n<p data-start=\"792\" data-end=\"1164\">D\u0117l 100 cm glaistymo skersmens PTH-H100B leid\u017eia operatoriams per trumpesn\u012f laik\u0105 apdirbti didelius plotus. Reguliuojamo peili\u0173 \u017eingsnio sistema leid\u017eia lengvai pereiti nuo pl\u016bduriuojan\u010dio prie poliruojan\u010dio pavir\u0161iaus, o tai u\u017etikrina vienodus rezultatus kiekviename va\u017eiavime. Sustiprinta pavar\u0173 d\u0117\u017e\u0117 ir didelio atsparumo peili\u0173 svirtys u\u017etikrina ilgalaik\u012f patikimum\u0105 net ir sud\u0117tingomis darbo vietos s\u0105lygomis.<\/p>\n<p data-start=\"1166\" data-end=\"1499\">Be to, \"Honda\" variklis u\u017etikrina skland\u0173 ir stabil\u0173 veikim\u0105, ma\u017eesn\u012f i\u0161metam\u0173j\u0173 ter\u0161al\u0173 kiek\u012f ir didesn\u012f degal\u0173 naudojimo efektyvum\u0105. Ergonomi\u0161ka rankenos konstrukcija su vibracij\u0105 ma\u017einan\u010diomis rankenomis padeda suma\u017einti operatoriaus nuovarg\u012f per ilgas pamainas, o d\u0117l sulankstomos rankenos konstrukcijos patogiau transportuoti ir sand\u0117liuoti.<\/p>\n<p data-start=\"1501\" data-end=\"1698\">\u0160is modelis itin gerai tinka gamykl\u0173 grindims, didel\u0117ms lauko plok\u0161t\u0117ms, komerciniams pamatams ir automobili\u0173 stov\u0117jimo aik\u0161tel\u0117ms, kur labai svarbu tvirtumas ir apdailos nuoseklumas.<\/p>\n<h3 data-start=\"1705\" data-end=\"1759\">Pagrindin\u0117s PTH-H100B betonavimo menteli\u0173 savyb\u0117s<\/h3>\n<ul data-start=\"1761\" data-end=\"2125\">\n<li data-start=\"1761\" data-end=\"1823\">\n<p data-start=\"1763\" data-end=\"1823\">\u012erengtas galingas \"Honda\" variklis, u\u017etikrinantis stabil\u0173 veikim\u0105<\/p>\n<\/li>\n<li data-start=\"1824\" data-end=\"1892\">\n<p data-start=\"1826\" data-end=\"1892\">100 cm skersmens peiliukai greitai padengia pavir\u0161i\u0173 ir u\u017etikrina nuosekli\u0105 apdail\u0105<\/p>\n<\/li>\n<li data-start=\"1893\" data-end=\"1954\">\n<p data-start=\"1895\" data-end=\"1954\">Reguliuojamo peili\u0173 \u017eingsnio sistema, skirta pavir\u0161iaus tekst\u016bros kontrolei<\/p>\n<\/li>\n<li data-start=\"1955\" data-end=\"2008\">\n<p data-start=\"1957\" data-end=\"2008\">Ergonomi\u0161ka, antivibracin\u0117 rankena naudotojo patogumui<\/p>\n<\/li>\n<li data-start=\"2009\" data-end=\"2065\">\n<p data-start=\"2011\" data-end=\"2065\">Tvirta konstrukcija su sustiprinta pavar\u0173 d\u0117\u017ee ir svirtimis<\/p>\n<\/li>\n<li data-start=\"2066\" data-end=\"2125\">\n<p data-start=\"2068\" data-end=\"2125\">Geriausiai tinka pramonin\u0117ms ir komercin\u0117ms plok\u0161\u010di\u0173 apdailos u\u017eduotims<\/p>\n<\/li>\n<\/ul>\n<h3 data-start=\"2132\" data-end=\"2212\">Taikymas - puikiai tinka gamykloms, priva\u017eiavimams, sand\u0117liams ir automobili\u0173 stov\u0117jimo aik\u0161tel\u0117ms<\/h3>\n<p data-start=\"2214\" data-end=\"2481\">PTH-H100B idealiai tinka profesionalams, dirbantiems su didel\u0117mis betonin\u0117mis grindimis pramonin\u0117je ar komercin\u0117je aplinkoje. D\u0117l variklio na\u0161umo ir pla\u010dios apr\u0117pties jis tinka didel\u0117s apimties betono apdailos darbams, kuriems taikomi grie\u017eti terminai ir kokyb\u0117s standartai.<\/p>\n<p><iframe title=\"elektrinis mentele, rankinis stumti elektrinis mentele, mentele, betono #trowel #powertrowe#concrete\" width=\"720\" height=\"405\" src=\"https:\/\/www.youtube.com\/embed\/pa6AuNhMrwI?feature=oembed\" frameborder=\"0\" allow=\"accelerometer; autoplay; clipboard-write; encrypted-media; gyroscope; picture-in-picture; web-share\" referrerpolicy=\"strict-origin-when-cross-origin\" allowfullscreen><\/iframe><\/p>","protected":false},"excerpt":{"rendered":"<p>PTH-H100B \"Honda\" elektrinis glaistytuvas su 100 cm a\u0161menimis u\u017etikrina skland\u017ei\u0105 ir patvari\u0105 dideli\u0173 betono plok\u0161\u010di\u0173 apdail\u0105. Puikiai tinka gamykloms, sand\u0117liams ir automobili\u0173 stov\u0117jimo aik\u0161tel\u0117ms.<\/p>","protected":false},"featured_media":9215,"template":"","meta":{"_kad_post_transparent":"default","_kad_post_title":"","_kad_post_layout":"default","_kad_post_sidebar_id":"","_kad_post_content_style":"default","_kad_post_vertical_padding":"default","_kad_post_feature":"","_kad_post_feature_position":"","_kad_post_header":false,"_kad_post_footer":false},"product_brand":[],"product_cat":[55],"product_tag":[1084,1083,1087,1081,1086,1085,1089,1088,1090,1082],"class_list":{"0":"post-9214","1":"product","2":"type-product","3":"status-publish","4":"has-post-thumbnail","6":"product_cat-walk-behind-power-trowel","7":"product_tag-cement-power-trowel","8":"product_tag-concrete-finishing-trowel","9":"product_tag-concrete-floor-finishing-machine","10":"product_tag-concrete-power-trowel","11":"product_tag-electric-walk-behind-trowel","12":"product_tag-gasoline-power-trowel","13":"product_tag-hand-operated-power-trowel","14":"product_tag-manual-power-trowel","15":"product_tag-walk-behind-concrete-finishing-machine","16":"product_tag-walk-behind-trowel-machine","18":"first","19":"instock","20":"shipping-taxable","21":"product-type-simple","22":"entry","23":"content-bg","24":"loop-entry"},"yoast_head":"<!-- This site is optimized with the Yoast SEO plugin v25.3.1 - https:\/\/yoast.com\/wordpress\/plugins\/seo\/ -->\n<title>Walk-Behind Power Trowel PTH-H100B - HSY Construction Machinery<\/title>\n<meta name=\"description\" content=\"PTH-H100B walk-behind concrete trowel with Honda engine offers wide 100 cm coverage, fuel efficiency, and durable performance for industrial concrete finishing.Walk-Behind Power Trowel PTH-H100B\" \/>\n<meta name=\"robots\" content=\"index, follow, max-snippet:-1, max-image-preview:large, max-video-preview:-1\" \/>\n<link rel=\"canonical\" href=\"https:\/\/www.hsymachinery.com\/lt\/produktas\/vaiksciojanti-elektrine-mentele-pth-h100b\/\" \/>\n<meta property=\"og:locale\" content=\"lt_LT\" \/>\n<meta property=\"og:type\" content=\"article\" \/>\n<meta property=\"og:title\" content=\"Walk-Behind Power Trowel PTH-H100B - HSY Construction Machinery\" \/>\n<meta property=\"og:description\" content=\"PTH-H100B walk-behind concrete trowel with Honda engine offers wide 100 cm coverage, fuel efficiency, and durable performance for industrial concrete finishing.Walk-Behind Power Trowel PTH-H100B\" \/>\n<meta property=\"og:url\" content=\"https:\/\/www.hsymachinery.com\/lt\/produktas\/vaiksciojanti-elektrine-mentele-pth-h100b\/\" \/>\n<meta property=\"og:site_name\" content=\"HSY Construction Machinery\" \/>\n<meta property=\"article:modified_time\" content=\"2025-06-28T15:18:26+00:00\" \/>\n<meta property=\"og:image\" content=\"https:\/\/www.hsymachinery.com\/wp-content\/uploads\/2025\/06\/Walk-Behind-Power-Trowel-PTH-H100B.jpg\" \/>\n\t<meta property=\"og:image:width\" content=\"600\" \/>\n\t<meta property=\"og:image:height\" content=\"738\" \/>\n\t<meta property=\"og:image:type\" content=\"image\/jpeg\" \/>\n<meta name=\"twitter:card\" content=\"summary_large_image\" \/>\n<meta name=\"twitter:label1\" content=\"Est. reading time\" \/>\n\t<meta name=\"twitter:data1\" content=\"2 minut\u0117s\" \/>\n<script type=\"application\/ld+json\" class=\"yoast-schema-graph\">{\"@context\":\"https:\/\/schema.org\",\"@graph\":[{\"@type\":\"WebPage\",\"@id\":\"https:\/\/www.hsymachinery.com\/product\/walk-behind-power-trowel-pth-h100b\/\",\"url\":\"https:\/\/www.hsymachinery.com\/product\/walk-behind-power-trowel-pth-h100b\/\",\"name\":\"Walk-Behind Power Trowel PTH-H100B - HSY Construction Machinery\",\"isPartOf\":{\"@id\":\"https:\/\/www.hsymachinery.com\/#website\"},\"primaryImageOfPage\":{\"@id\":\"https:\/\/www.hsymachinery.com\/product\/walk-behind-power-trowel-pth-h100b\/#primaryimage\"},\"image\":{\"@id\":\"https:\/\/www.hsymachinery.com\/product\/walk-behind-power-trowel-pth-h100b\/#primaryimage\"},\"thumbnailUrl\":\"https:\/\/www.hsymachinery.com\/wp-content\/uploads\/2025\/06\/Walk-Behind-Power-Trowel-PTH-H100B.jpg\",\"datePublished\":\"2025-06-18T12:39:37+00:00\",\"dateModified\":\"2025-06-28T15:18:26+00:00\",\"description\":\"PTH-H100B walk-behind concrete trowel with Honda engine offers wide 100 cm coverage, fuel efficiency, and durable performance for industrial concrete finishing.Walk-Behind Power Trowel PTH-H100B\",\"breadcrumb\":{\"@id\":\"https:\/\/www.hsymachinery.com\/product\/walk-behind-power-trowel-pth-h100b\/#breadcrumb\"},\"inLanguage\":\"lt-LT\",\"potentialAction\":[{\"@type\":\"ReadAction\",\"target\":[\"https:\/\/www.hsymachinery.com\/product\/walk-behind-power-trowel-pth-h100b\/\"]}]},{\"@type\":\"ImageObject\",\"inLanguage\":\"lt-LT\",\"@id\":\"https:\/\/www.hsymachinery.com\/product\/walk-behind-power-trowel-pth-h100b\/#primaryimage\",\"url\":\"https:\/\/www.hsymachinery.com\/wp-content\/uploads\/2025\/06\/Walk-Behind-Power-Trowel-PTH-H100B.jpg\",\"contentUrl\":\"https:\/\/www.hsymachinery.com\/wp-content\/uploads\/2025\/06\/Walk-Behind-Power-Trowel-PTH-H100B.jpg\",\"width\":600,\"height\":738},{\"@type\":\"BreadcrumbList\",\"@id\":\"https:\/\/www.hsymachinery.com\/product\/walk-behind-power-trowel-pth-h100b\/#breadcrumb\",\"itemListElement\":[{\"@type\":\"ListItem\",\"position\":1,\"name\":\"home\",\"item\":\"https:\/\/www.hsymachinery.com\/\"},{\"@type\":\"ListItem\",\"position\":2,\"name\":\"products\",\"item\":\"https:\/\/www.hsymachinery.com\/products\/\"},{\"@type\":\"ListItem\",\"position\":3,\"name\":\"Walk-Behind Power Trowel PTH-H100B\"}]},{\"@type\":\"WebSite\",\"@id\":\"https:\/\/www.hsymachinery.com\/#website\",\"url\":\"https:\/\/www.hsymachinery.com\/\",\"name\":\"HSY Construction Machinery\",\"description\":\"HSY Machinery \u2013 A leading China construction machinery supplier, offering a wide range of light construction equipment. Our main products include Rebar Cutting Machine, Rebar Bending Machine, Rebar Stirrup Bending Machine, Rebar Arc Bending Machine, Rebar Straightening Machine, Five-Head Rebar Stirrup Bending Machine, Tamping Rammer, Plate Compactor, Concrete Cutter, Power Trowel, and other construction machinery. We are equipped with advanced CNC machines, and we enforce strict quality inspection standards along with comprehensive after-sales service. If you are interested in our products or services, we warmly welcome your inquiries via message.\",\"publisher\":{\"@id\":\"https:\/\/www.hsymachinery.com\/#organization\"},\"potentialAction\":[{\"@type\":\"SearchAction\",\"target\":{\"@type\":\"EntryPoint\",\"urlTemplate\":\"https:\/\/www.hsymachinery.com\/?s={search_term_string}\"},\"query-input\":{\"@type\":\"PropertyValueSpecification\",\"valueRequired\":true,\"valueName\":\"search_term_string\"}}],\"inLanguage\":\"lt-LT\"},{\"@type\":\"Organization\",\"@id\":\"https:\/\/www.hsymachinery.com\/#organization\",\"name\":\"HSY Construction Machinery\",\"url\":\"https:\/\/www.hsymachinery.com\/\",\"logo\":{\"@type\":\"ImageObject\",\"inLanguage\":\"lt-LT\",\"@id\":\"https:\/\/www.hsymachinery.com\/#\/schema\/logo\/image\/\",\"url\":\"https:\/\/www.hsymachinery.com\/wp-content\/uploads\/2025\/06\/cropped-HSY-machinery.png\",\"contentUrl\":\"https:\/\/www.hsymachinery.com\/wp-content\/uploads\/2025\/06\/cropped-HSY-machinery.png\",\"width\":600,\"height\":240,\"caption\":\"HSY Construction Machinery\"},\"image\":{\"@id\":\"https:\/\/www.hsymachinery.com\/#\/schema\/logo\/image\/\"}}]}<\/script>\n<!-- \/ Yoast SEO plugin. -->","yoast_head_json":{"title":"Vejamas elektrinis mentele PTH-H100B - HSY statybin\u0117s ma\u0161inos","description":"P\u0117s\u010diomis varoma betono glaistykl\u0117 PTH-H100B su \"Honda\" varikliu u\u017etikrina pla\u010di\u0105 100 cm apr\u0117pt\u012f, degal\u0173 naudojimo efektyvum\u0105 ir ilgaam\u017e\u012f veikim\u0105 pramoninei betono apdailai.P\u0117s\u010diomis varoma elektrin\u0117 glaistykl\u0117 PTH-H100B","robots":{"index":"index","follow":"follow","max-snippet":"max-snippet:-1","max-image-preview":"max-image-preview:large","max-video-preview":"max-video-preview:-1"},"canonical":"https:\/\/www.hsymachinery.com\/lt\/produktas\/vaiksciojanti-elektrine-mentele-pth-h100b\/","og_locale":"lt_LT","og_type":"article","og_title":"Walk-Behind Power Trowel PTH-H100B - HSY Construction Machinery","og_description":"PTH-H100B walk-behind concrete trowel with Honda engine offers wide 100 cm coverage, fuel efficiency, and durable performance for industrial concrete finishing.Walk-Behind Power Trowel PTH-H100B","og_url":"https:\/\/www.hsymachinery.com\/lt\/produktas\/vaiksciojanti-elektrine-mentele-pth-h100b\/","og_site_name":"HSY Construction Machinery","article_modified_time":"2025-06-28T15:18:26+00:00","og_image":[{"width":600,"height":738,"url":"https:\/\/www.hsymachinery.com\/wp-content\/uploads\/2025\/06\/Walk-Behind-Power-Trowel-PTH-H100B.jpg","type":"image\/jpeg"}],"twitter_card":"summary_large_image","twitter_misc":{"Est. reading time":"2 minut\u0117s"},"schema":{"@context":"https:\/\/schema.org","@graph":[{"@type":"WebPage","@id":"https:\/\/www.hsymachinery.com\/product\/walk-behind-power-trowel-pth-h100b\/","url":"https:\/\/www.hsymachinery.com\/product\/walk-behind-power-trowel-pth-h100b\/","name":"Vejamas elektrinis mentele PTH-H100B - HSY statybin\u0117s ma\u0161inos","isPartOf":{"@id":"https:\/\/www.hsymachinery.com\/#website"},"primaryImageOfPage":{"@id":"https:\/\/www.hsymachinery.com\/product\/walk-behind-power-trowel-pth-h100b\/#primaryimage"},"image":{"@id":"https:\/\/www.hsymachinery.com\/product\/walk-behind-power-trowel-pth-h100b\/#primaryimage"},"thumbnailUrl":"https:\/\/www.hsymachinery.com\/wp-content\/uploads\/2025\/06\/Walk-Behind-Power-Trowel-PTH-H100B.jpg","datePublished":"2025-06-18T12:39:37+00:00","dateModified":"2025-06-28T15:18:26+00:00","description":"P\u0117s\u010diomis varoma betono glaistykl\u0117 PTH-H100B su \"Honda\" varikliu u\u017etikrina pla\u010di\u0105 100 cm apr\u0117pt\u012f, degal\u0173 naudojimo efektyvum\u0105 ir ilgaam\u017e\u012f veikim\u0105 pramoninei betono apdailai.P\u0117s\u010diomis varoma elektrin\u0117 glaistykl\u0117 PTH-H100B","breadcrumb":{"@id":"https:\/\/www.hsymachinery.com\/product\/walk-behind-power-trowel-pth-h100b\/#breadcrumb"},"inLanguage":"lt-LT","potentialAction":[{"@type":"ReadAction","target":["https:\/\/www.hsymachinery.com\/product\/walk-behind-power-trowel-pth-h100b\/"]}]},{"@type":"ImageObject","inLanguage":"lt-LT","@id":"https:\/\/www.hsymachinery.com\/product\/walk-behind-power-trowel-pth-h100b\/#primaryimage","url":"https:\/\/www.hsymachinery.com\/wp-content\/uploads\/2025\/06\/Walk-Behind-Power-Trowel-PTH-H100B.jpg","contentUrl":"https:\/\/www.hsymachinery.com\/wp-content\/uploads\/2025\/06\/Walk-Behind-Power-Trowel-PTH-H100B.jpg","width":600,"height":738},{"@type":"BreadcrumbList","@id":"https:\/\/www.hsymachinery.com\/product\/walk-behind-power-trowel-pth-h100b\/#breadcrumb","itemListElement":[{"@type":"ListItem","position":1,"name":"home","item":"https:\/\/www.hsymachinery.com\/"},{"@type":"ListItem","position":2,"name":"products","item":"https:\/\/www.hsymachinery.com\/products\/"},{"@type":"ListItem","position":3,"name":"Walk-Behind Power Trowel PTH-H100B"}]},{"@type":"WebSite","@id":"https:\/\/www.hsymachinery.com\/#website","url":"https:\/\/www.hsymachinery.com\/","name":"HSY statybin\u0117s ma\u0161inos","description":"\"HSY Machinery\" - pirmaujanti Kinijos statybos ma\u0161in\u0173 tiek\u0117ja, si\u016blanti plat\u0173 lengvosios statybos \u012frangos asortiment\u0105. Pagrindiniai m\u016bs\u0173 produktai - armat\u016bros pjovimo stakl\u0117s, armat\u016bros lenkimo stakl\u0117s, armat\u016bros stryp\u0173 lenkimo stakl\u0117s, armat\u016bros lanko lenkimo stakl\u0117s, armat\u016bros tiesinimo stakl\u0117s, penki\u0173 galvu\u010di\u0173 armat\u016bros stryp\u0173 lenkimo stakl\u0117s, tankinimo plaktukas, plok\u0161\u010di\u0173 tankintuvas, betono pjaustykl\u0117, elektrin\u0117 mentele ir kita statybin\u0117 technika. Turime pa\u017eangias CNC stakles, taikome grie\u017etus kokyb\u0117s tikrinimo standartus ir teikiame visapusi\u0161kas garantinio aptarnavimo paslaugas. Jei jus domina m\u016bs\u0173 gaminiai ar paslaugos, maloniai laukiame j\u016bs\u0173 u\u017eklaus\u0173 \u017einute.","publisher":{"@id":"https:\/\/www.hsymachinery.com\/#organization"},"potentialAction":[{"@type":"SearchAction","target":{"@type":"EntryPoint","urlTemplate":"https:\/\/www.hsymachinery.com\/?s={search_term_string}"},"query-input":{"@type":"PropertyValueSpecification","valueRequired":true,"valueName":"search_term_string"}}],"inLanguage":"lt-LT"},{"@type":"Organization","@id":"https:\/\/www.hsymachinery.com\/#organization","name":"HSY statybin\u0117s ma\u0161inos","url":"https:\/\/www.hsymachinery.com\/","logo":{"@type":"ImageObject","inLanguage":"lt-LT","@id":"https:\/\/www.hsymachinery.com\/#\/schema\/logo\/image\/","url":"https:\/\/www.hsymachinery.com\/wp-content\/uploads\/2025\/06\/cropped-HSY-machinery.png","contentUrl":"https:\/\/www.hsymachinery.com\/wp-content\/uploads\/2025\/06\/cropped-HSY-machinery.png","width":600,"height":240,"caption":"HSY Construction Machinery"},"image":{"@id":"https:\/\/www.hsymachinery.com\/#\/schema\/logo\/image\/"}}]}},"_links":{"self":[{"href":"https:\/\/www.hsymachinery.com\/lt\/wp-json\/wp\/v2\/product\/9214","targetHints":{"allow":["GET"]}}],"collection":[{"href":"https:\/\/www.hsymachinery.com\/lt\/wp-json\/wp\/v2\/product"}],"about":[{"href":"https:\/\/www.hsymachinery.com\/lt\/wp-json\/wp\/v2\/types\/product"}],"version-history":[{"count":3,"href":"https:\/\/www.hsymachinery.com\/lt\/wp-json\/wp\/v2\/product\/9214\/revisions"}],"predecessor-version":[{"id":9608,"href":"https:\/\/www.hsymachinery.com\/lt\/wp-json\/wp\/v2\/product\/9214\/revisions\/9608"}],"wp:featuredmedia":[{"embeddable":true,"href":"https:\/\/www.hsymachinery.com\/lt\/wp-json\/wp\/v2\/media\/9215"}],"wp:attachment":[{"href":"https:\/\/www.hsymachinery.com\/lt\/wp-json\/wp\/v2\/media?parent=9214"}],"wp:term":[{"taxonomy":"product_brand","embeddable":true,"href":"https:\/\/www.hsymachinery.com\/lt\/wp-json\/wp\/v2\/product_brand?post=9214"},{"taxonomy":"product_cat","embeddable":true,"href":"https:\/\/www.hsymachinery.com\/lt\/wp-json\/wp\/v2\/product_cat?post=9214"},{"taxonomy":"product_tag","embeddable":true,"href":"https:\/\/www.hsymachinery.com\/lt\/wp-json\/wp\/v2\/product_tag?post=9214"}],"curies":[{"name":"wp","href":"https:\/\/api.w.org\/{rel}","templated":true}]}}