{"id":9187,"date":"2025-06-18T18:34:22","date_gmt":"2025-06-18T10:34:22","guid":{"rendered":"https:\/\/www.hsymachinery.com\/?post_type=product&#038;p=9187"},"modified":"2025-06-28T22:30:07","modified_gmt":"2025-06-28T14:30:07","slug":"vaiksciojanti-elektrine-mentele-pth-h100a","status":"publish","type":"product","link":"https:\/\/www.hsymachinery.com\/lt\/produktas\/vaiksciojanti-elektrine-mentele-pth-h100a\/","title":{"rendered":"Ve\u017eimin\u0117 elektrin\u0117 mentele PTH-H100A"},"content":{"rendered":"<h2 data-start=\"145\" data-end=\"187\">Ve\u017eimin\u0117 elektrin\u0117 mentele PTH-H100A<\/h2>\n<h3 data-start=\"188\" data-end=\"290\">PTH-H100A \"Honda\" betono apdailos mentele | Patobulintas galingumas, skirtas didelio tikslumo pramonini\u0173 plok\u0161\u010di\u0173 darbams<\/h3>\n<h3 data-start=\"297\" data-end=\"395\">Produkto apra\u0161ymas - Pa\u017eangi \"Honda\" varoma betono glaistykl\u0117, u\u017etikrinanti puik\u0173 pavir\u0161iaus i\u0161lyginim\u0105<a href=\"https:\/\/www.hsymachinery.com\/lt\/produktai\/vaiksciojimas-uz-elektrines-menteles\/\" target=\"_blank\" rel=\"noopener\"><img fetchpriority=\"high\" decoding=\"async\" class=\"wp-image-9188 alignright\" src=\"https:\/\/www.hsymachinery.com\/wp-content\/uploads\/2025\/06\/Walk-Behind-Power-Trowel-PTH-H100A-244x300.jpg\" alt=\"\" width=\"451\" height=\"555\" srcset=\"https:\/\/www.hsymachinery.com\/wp-content\/uploads\/2025\/06\/Walk-Behind-Power-Trowel-PTH-H100A-244x300.jpg 244w, https:\/\/www.hsymachinery.com\/wp-content\/uploads\/2025\/06\/Walk-Behind-Power-Trowel-PTH-H100A.jpg 600w\" sizes=\"(max-width: 451px) 100vw, 451px\" \/><\/a><\/h3>\n<p data-start=\"397\" data-end=\"794\">Svetain\u0117 <strong data-start=\"401\" data-end=\"439\">PTH-H100A vaik\u0161\u010diojantis elektrinis mentele<\/strong> tai patobulinta PTH-H100 modelio versija, sukurta sud\u0117tingiems betono apdailos darbams, kur svarbu ir galia, ir tikslumas. \u0160is \u012frenginys, kuriame sumontuotas didelio na\u0161umo \"Honda\" benzininis variklis, u\u017etikrina ilgalaik\u012f stabilum\u0105, degal\u0173 naudojimo efektyvum\u0105 ir pastov\u0173 sukimo moment\u0105, kad b\u016bt\u0173 galima susidoroti net su sud\u0117tingiausiomis pavir\u0161iaus s\u0105lygomis.<\/p>\n<p data-start=\"796\" data-end=\"1159\">\u0160is modelis pasi\u017eymi 100 cm glaistymo skersmeniu, tod\u0117l naudotojai gali greitai ir efektyviai i\u0161lyginti didelius betono plok\u0161\u010di\u0173 plotus. PTH-H100A i\u0161siskiria patobulinta droselin\u0117s sklend\u0117s valdymo sistema, geresniu peili\u0173 \u017eingsnio reguliavimu ir itin sustiprintu pavar\u0173 d\u0117\u017e\u0117s mazgu, kurie kartu u\u017etikrina sklandesn\u012f veikim\u0105 ir geresnius pavir\u0161iaus rezultatus.<\/p>\n<p data-start=\"1161\" data-end=\"1526\">Darbuotojai gali lengvai pritaikyti peili\u0173 kamp\u0105, priklausomai nuo to, ar reikia pradinio plaukiojimo, tarpinio i\u0161lyginimo, ar galutinio poliravimo. Sulankstoma rankena su antivibracin\u0117mis rankenomis ma\u017eina naudotojo nuovarg\u012f dirbant ilgas valandas, o patvarus voratinklinis rankenos mazgas ir apsauginis \u017eiedas u\u017etikrina maksimal\u0173 stabilum\u0105 ir saugum\u0105 darbo vietoje.<\/p>\n<p data-start=\"1528\" data-end=\"1733\">D\u0117l pramonin\u0117s konstrukcijos \u0161is modelis yra tinkamas sprendimas profesionalams, kuriems reikia atlikti tiksli\u0105 apdail\u0105 gamyklose, automobili\u0173 stov\u0117jimo aik\u0161tel\u0117se, sand\u0117liuose ir statyb\u0173 aik\u0161tel\u0117se.<\/p>\n<h3 data-start=\"1740\" data-end=\"1791\">Pagrindin\u0117s PTH-H100A \"Honda\" elektrinio mentelio savyb\u0117s<\/h3>\n<ul data-start=\"1793\" data-end=\"2183\">\n<li data-start=\"1793\" data-end=\"1860\">\n<p data-start=\"1795\" data-end=\"1860\">Patobulintas \"Honda\" variklis u\u017etikrina didesn\u012f na\u0161um\u0105 ir stabilum\u0105<\/p>\n<\/li>\n<li data-start=\"1861\" data-end=\"1925\">\n<p data-start=\"1863\" data-end=\"1925\">Plati 100 cm a\u0161men\u0173 apr\u0117ptis u\u017etikrina greitesn\u012f projekto u\u017ebaigim\u0105<\/p>\n<\/li>\n<li data-start=\"1926\" data-end=\"1990\">\n<p data-start=\"1928\" data-end=\"1990\">Patobulinta \u017eingsnio kontrol\u0117 leid\u017eia atlikti tiksli\u0105 pavir\u0161iaus apdail\u0105<\/p>\n<\/li>\n<li data-start=\"1991\" data-end=\"2053\">\n<p data-start=\"1993\" data-end=\"2053\">Sulankstoma ergonomi\u0161ka rankena su patogia antivibracine rankena<\/p>\n<\/li>\n<li data-start=\"2054\" data-end=\"2116\">\n<p data-start=\"2056\" data-end=\"2116\">Ilgalaikiam naudojimui skirta pramonin\u0117s klas\u0117s pavar\u0173 d\u0117\u017e\u0117 ir voratinkliai<\/p>\n<\/li>\n<li data-start=\"2117\" data-end=\"2183\">\n<p data-start=\"2119\" data-end=\"2183\">Taupiai naudoja degalus ir lengvai pri\u017ei\u016brimas, kad atitikt\u0173 kasdienius darbo vietos poreikius<\/p>\n<\/li>\n<\/ul>\n<h3 data-start=\"2190\" data-end=\"2271\">Taikymas - geriausiai tinka didel\u0117ms plok\u0161t\u0117ms, logistikos grindims ir komerciniams darbams<\/h3>\n<p data-start=\"2273\" data-end=\"2606\">PTH-H100A skirtas didel\u0117s apimties betono apdailos darbams logistikos centruose, pramon\u0117s dirbtuv\u0117se ir sunkiosios statybos zonose. Rangovai renkasi \u0161i\u0105 patobulint\u0105 versij\u0105 d\u0117l tikslaus valdymo, didelio darbo na\u0161umo ir profesionalios apdailos, net ir dirbant su dideliais pavir\u0161iais, kai spaud\u017eia laikas.<\/p>\n<p><iframe title=\"elektrinis mentele, rankinis stumti elektrinis mentele, mentele, betono #trowel #powertrowe#concrete\" width=\"720\" height=\"405\" src=\"https:\/\/www.youtube.com\/embed\/pa6AuNhMrwI?feature=oembed\" frameborder=\"0\" allow=\"accelerometer; autoplay; clipboard-write; encrypted-media; gyroscope; picture-in-picture; web-share\" referrerpolicy=\"strict-origin-when-cross-origin\" allowfullscreen><\/iframe><\/p>","protected":false},"excerpt":{"rendered":"<p>PTH-H100A patobulinta vaik\u0161\u010diojanti betono glaistykl\u0117 su \"Honda\" varikliu u\u017etikrina skland\u017ei\u0105 ir kontroliuojam\u0105 plok\u0161\u010di\u0173 apdail\u0105 didel\u0117ms statyboms ir pramoniniam naudojimui.<\/p>","protected":false},"featured_media":9188,"template":"","meta":{"_kad_post_transparent":"default","_kad_post_title":"","_kad_post_layout":"default","_kad_post_sidebar_id":"","_kad_post_content_style":"default","_kad_post_vertical_padding":"default","_kad_post_feature":"","_kad_post_feature_position":"","_kad_post_header":false,"_kad_post_footer":false},"product_brand":[],"product_cat":[55],"product_tag":[1084,1083,1087,1081,1086,1085,1089,1088,1090,1082],"class_list":{"0":"post-9187","1":"product","2":"type-product","3":"status-publish","4":"has-post-thumbnail","6":"product_cat-walk-behind-power-trowel","7":"product_tag-cement-power-trowel","8":"product_tag-concrete-finishing-trowel","9":"product_tag-concrete-floor-finishing-machine","10":"product_tag-concrete-power-trowel","11":"product_tag-electric-walk-behind-trowel","12":"product_tag-gasoline-power-trowel","13":"product_tag-hand-operated-power-trowel","14":"product_tag-manual-power-trowel","15":"product_tag-walk-behind-concrete-finishing-machine","16":"product_tag-walk-behind-trowel-machine","18":"first","19":"instock","20":"shipping-taxable","21":"product-type-simple","22":"entry","23":"content-bg","24":"loop-entry"},"yoast_head":"<!-- This site is optimized with the Yoast SEO plugin v25.3.1 - https:\/\/yoast.com\/wordpress\/plugins\/seo\/ -->\n<title>Walk-Behind Power Trowel PTH-H100A - HSY Construction Machinery<\/title>\n<meta name=\"description\" content=\"PTH-H100A walk-behind concrete power trowel with Honda engine ensures precise, wide-area surface finishing for large slabs and industrial projects. Fuel-efficient and durable.\" \/>\n<meta name=\"robots\" content=\"index, follow, max-snippet:-1, max-image-preview:large, max-video-preview:-1\" \/>\n<link rel=\"canonical\" href=\"https:\/\/www.hsymachinery.com\/lt\/produktas\/vaiksciojanti-elektrine-mentele-pth-h100a\/\" \/>\n<meta property=\"og:locale\" content=\"lt_LT\" \/>\n<meta property=\"og:type\" content=\"article\" \/>\n<meta property=\"og:title\" content=\"Walk-Behind Power Trowel PTH-H100A - HSY Construction Machinery\" \/>\n<meta property=\"og:description\" content=\"PTH-H100A walk-behind concrete power trowel with Honda engine ensures precise, wide-area surface finishing for large slabs and industrial projects. Fuel-efficient and durable.\" \/>\n<meta property=\"og:url\" content=\"https:\/\/www.hsymachinery.com\/lt\/produktas\/vaiksciojanti-elektrine-mentele-pth-h100a\/\" \/>\n<meta property=\"og:site_name\" content=\"HSY Construction Machinery\" \/>\n<meta property=\"article:modified_time\" content=\"2025-06-28T14:30:07+00:00\" \/>\n<meta property=\"og:image\" content=\"https:\/\/www.hsymachinery.com\/wp-content\/uploads\/2025\/06\/Walk-Behind-Power-Trowel-PTH-H100A.jpg\" \/>\n\t<meta property=\"og:image:width\" content=\"600\" \/>\n\t<meta property=\"og:image:height\" content=\"738\" \/>\n\t<meta property=\"og:image:type\" content=\"image\/jpeg\" \/>\n<meta name=\"twitter:card\" content=\"summary_large_image\" \/>\n<meta name=\"twitter:label1\" content=\"Est. reading time\" \/>\n\t<meta name=\"twitter:data1\" content=\"2 minut\u0117s\" \/>\n<script type=\"application\/ld+json\" class=\"yoast-schema-graph\">{\"@context\":\"https:\/\/schema.org\",\"@graph\":[{\"@type\":\"WebPage\",\"@id\":\"https:\/\/www.hsymachinery.com\/product\/walk-behind-power-trowel-pth-h100a\/\",\"url\":\"https:\/\/www.hsymachinery.com\/product\/walk-behind-power-trowel-pth-h100a\/\",\"name\":\"Walk-Behind Power Trowel PTH-H100A - HSY Construction Machinery\",\"isPartOf\":{\"@id\":\"https:\/\/www.hsymachinery.com\/#website\"},\"primaryImageOfPage\":{\"@id\":\"https:\/\/www.hsymachinery.com\/product\/walk-behind-power-trowel-pth-h100a\/#primaryimage\"},\"image\":{\"@id\":\"https:\/\/www.hsymachinery.com\/product\/walk-behind-power-trowel-pth-h100a\/#primaryimage\"},\"thumbnailUrl\":\"https:\/\/www.hsymachinery.com\/wp-content\/uploads\/2025\/06\/Walk-Behind-Power-Trowel-PTH-H100A.jpg\",\"datePublished\":\"2025-06-18T10:34:22+00:00\",\"dateModified\":\"2025-06-28T14:30:07+00:00\",\"description\":\"PTH-H100A walk-behind concrete power trowel with Honda engine ensures precise, wide-area surface finishing for large slabs and industrial projects. Fuel-efficient and durable.\",\"breadcrumb\":{\"@id\":\"https:\/\/www.hsymachinery.com\/product\/walk-behind-power-trowel-pth-h100a\/#breadcrumb\"},\"inLanguage\":\"lt-LT\",\"potentialAction\":[{\"@type\":\"ReadAction\",\"target\":[\"https:\/\/www.hsymachinery.com\/product\/walk-behind-power-trowel-pth-h100a\/\"]}]},{\"@type\":\"ImageObject\",\"inLanguage\":\"lt-LT\",\"@id\":\"https:\/\/www.hsymachinery.com\/product\/walk-behind-power-trowel-pth-h100a\/#primaryimage\",\"url\":\"https:\/\/www.hsymachinery.com\/wp-content\/uploads\/2025\/06\/Walk-Behind-Power-Trowel-PTH-H100A.jpg\",\"contentUrl\":\"https:\/\/www.hsymachinery.com\/wp-content\/uploads\/2025\/06\/Walk-Behind-Power-Trowel-PTH-H100A.jpg\",\"width\":600,\"height\":738},{\"@type\":\"BreadcrumbList\",\"@id\":\"https:\/\/www.hsymachinery.com\/product\/walk-behind-power-trowel-pth-h100a\/#breadcrumb\",\"itemListElement\":[{\"@type\":\"ListItem\",\"position\":1,\"name\":\"home\",\"item\":\"https:\/\/www.hsymachinery.com\/\"},{\"@type\":\"ListItem\",\"position\":2,\"name\":\"products\",\"item\":\"https:\/\/www.hsymachinery.com\/products\/\"},{\"@type\":\"ListItem\",\"position\":3,\"name\":\"Walk-Behind Power Trowel PTH-H100A\"}]},{\"@type\":\"WebSite\",\"@id\":\"https:\/\/www.hsymachinery.com\/#website\",\"url\":\"https:\/\/www.hsymachinery.com\/\",\"name\":\"HSY Construction Machinery\",\"description\":\"HSY Machinery \u2013 A leading China construction machinery supplier, offering a wide range of light construction equipment. Our main products include Rebar Cutting Machine, Rebar Bending Machine, Rebar Stirrup Bending Machine, Rebar Arc Bending Machine, Rebar Straightening Machine, Five-Head Rebar Stirrup Bending Machine, Tamping Rammer, Plate Compactor, Concrete Cutter, Power Trowel, and other construction machinery. We are equipped with advanced CNC machines, and we enforce strict quality inspection standards along with comprehensive after-sales service. If you are interested in our products or services, we warmly welcome your inquiries via message.\",\"publisher\":{\"@id\":\"https:\/\/www.hsymachinery.com\/#organization\"},\"potentialAction\":[{\"@type\":\"SearchAction\",\"target\":{\"@type\":\"EntryPoint\",\"urlTemplate\":\"https:\/\/www.hsymachinery.com\/?s={search_term_string}\"},\"query-input\":{\"@type\":\"PropertyValueSpecification\",\"valueRequired\":true,\"valueName\":\"search_term_string\"}}],\"inLanguage\":\"lt-LT\"},{\"@type\":\"Organization\",\"@id\":\"https:\/\/www.hsymachinery.com\/#organization\",\"name\":\"HSY Construction Machinery\",\"url\":\"https:\/\/www.hsymachinery.com\/\",\"logo\":{\"@type\":\"ImageObject\",\"inLanguage\":\"lt-LT\",\"@id\":\"https:\/\/www.hsymachinery.com\/#\/schema\/logo\/image\/\",\"url\":\"https:\/\/www.hsymachinery.com\/wp-content\/uploads\/2025\/06\/cropped-HSY-machinery.png\",\"contentUrl\":\"https:\/\/www.hsymachinery.com\/wp-content\/uploads\/2025\/06\/cropped-HSY-machinery.png\",\"width\":600,\"height\":240,\"caption\":\"HSY Construction Machinery\"},\"image\":{\"@id\":\"https:\/\/www.hsymachinery.com\/#\/schema\/logo\/image\/\"}}]}<\/script>\n<!-- \/ Yoast SEO plugin. -->","yoast_head_json":{"title":"Vejamas elektrinis mentele PTH-H100A - HSY statybin\u0117s ma\u0161inos","description":"PTH-H100A vaik\u0161\u010diojanti betono klotuv\u0117 su \"Honda\" varikliu u\u017etikrina tiksli\u0105, plataus ploto pavir\u0161iaus apdail\u0105 didel\u0117ms plok\u0161t\u0117ms ir pramoniniams projektams. Taupiai naudoja degalus ir yra ilgaam\u017eis.","robots":{"index":"index","follow":"follow","max-snippet":"max-snippet:-1","max-image-preview":"max-image-preview:large","max-video-preview":"max-video-preview:-1"},"canonical":"https:\/\/www.hsymachinery.com\/lt\/produktas\/vaiksciojanti-elektrine-mentele-pth-h100a\/","og_locale":"lt_LT","og_type":"article","og_title":"Walk-Behind Power Trowel PTH-H100A - HSY Construction Machinery","og_description":"PTH-H100A walk-behind concrete power trowel with Honda engine ensures precise, wide-area surface finishing for large slabs and industrial projects. Fuel-efficient and durable.","og_url":"https:\/\/www.hsymachinery.com\/lt\/produktas\/vaiksciojanti-elektrine-mentele-pth-h100a\/","og_site_name":"HSY Construction Machinery","article_modified_time":"2025-06-28T14:30:07+00:00","og_image":[{"width":600,"height":738,"url":"https:\/\/www.hsymachinery.com\/wp-content\/uploads\/2025\/06\/Walk-Behind-Power-Trowel-PTH-H100A.jpg","type":"image\/jpeg"}],"twitter_card":"summary_large_image","twitter_misc":{"Est. reading time":"2 minut\u0117s"},"schema":{"@context":"https:\/\/schema.org","@graph":[{"@type":"WebPage","@id":"https:\/\/www.hsymachinery.com\/product\/walk-behind-power-trowel-pth-h100a\/","url":"https:\/\/www.hsymachinery.com\/product\/walk-behind-power-trowel-pth-h100a\/","name":"Vejamas elektrinis mentele PTH-H100A - HSY statybin\u0117s ma\u0161inos","isPartOf":{"@id":"https:\/\/www.hsymachinery.com\/#website"},"primaryImageOfPage":{"@id":"https:\/\/www.hsymachinery.com\/product\/walk-behind-power-trowel-pth-h100a\/#primaryimage"},"image":{"@id":"https:\/\/www.hsymachinery.com\/product\/walk-behind-power-trowel-pth-h100a\/#primaryimage"},"thumbnailUrl":"https:\/\/www.hsymachinery.com\/wp-content\/uploads\/2025\/06\/Walk-Behind-Power-Trowel-PTH-H100A.jpg","datePublished":"2025-06-18T10:34:22+00:00","dateModified":"2025-06-28T14:30:07+00:00","description":"PTH-H100A vaik\u0161\u010diojanti betono klotuv\u0117 su \"Honda\" varikliu u\u017etikrina tiksli\u0105, plataus ploto pavir\u0161iaus apdail\u0105 didel\u0117ms plok\u0161t\u0117ms ir pramoniniams projektams. Taupiai naudoja degalus ir yra ilgaam\u017eis.","breadcrumb":{"@id":"https:\/\/www.hsymachinery.com\/product\/walk-behind-power-trowel-pth-h100a\/#breadcrumb"},"inLanguage":"lt-LT","potentialAction":[{"@type":"ReadAction","target":["https:\/\/www.hsymachinery.com\/product\/walk-behind-power-trowel-pth-h100a\/"]}]},{"@type":"ImageObject","inLanguage":"lt-LT","@id":"https:\/\/www.hsymachinery.com\/product\/walk-behind-power-trowel-pth-h100a\/#primaryimage","url":"https:\/\/www.hsymachinery.com\/wp-content\/uploads\/2025\/06\/Walk-Behind-Power-Trowel-PTH-H100A.jpg","contentUrl":"https:\/\/www.hsymachinery.com\/wp-content\/uploads\/2025\/06\/Walk-Behind-Power-Trowel-PTH-H100A.jpg","width":600,"height":738},{"@type":"BreadcrumbList","@id":"https:\/\/www.hsymachinery.com\/product\/walk-behind-power-trowel-pth-h100a\/#breadcrumb","itemListElement":[{"@type":"ListItem","position":1,"name":"home","item":"https:\/\/www.hsymachinery.com\/"},{"@type":"ListItem","position":2,"name":"products","item":"https:\/\/www.hsymachinery.com\/products\/"},{"@type":"ListItem","position":3,"name":"Walk-Behind Power Trowel PTH-H100A"}]},{"@type":"WebSite","@id":"https:\/\/www.hsymachinery.com\/#website","url":"https:\/\/www.hsymachinery.com\/","name":"HSY statybin\u0117s ma\u0161inos","description":"\"HSY Machinery\" - pirmaujanti Kinijos statybos ma\u0161in\u0173 tiek\u0117ja, si\u016blanti plat\u0173 lengvosios statybos \u012frangos asortiment\u0105. Pagrindiniai m\u016bs\u0173 produktai - armat\u016bros pjovimo stakl\u0117s, armat\u016bros lenkimo stakl\u0117s, armat\u016bros stryp\u0173 lenkimo stakl\u0117s, armat\u016bros lanko lenkimo stakl\u0117s, armat\u016bros tiesinimo stakl\u0117s, penki\u0173 galvu\u010di\u0173 armat\u016bros stryp\u0173 lenkimo stakl\u0117s, tankinimo plaktukas, plok\u0161\u010di\u0173 tankintuvas, betono pjaustykl\u0117, elektrin\u0117 mentele ir kita statybin\u0117 technika. Turime pa\u017eangias CNC stakles, taikome grie\u017etus kokyb\u0117s tikrinimo standartus ir teikiame visapusi\u0161kas garantinio aptarnavimo paslaugas. Jei jus domina m\u016bs\u0173 gaminiai ar paslaugos, maloniai laukiame j\u016bs\u0173 u\u017eklaus\u0173 \u017einute.","publisher":{"@id":"https:\/\/www.hsymachinery.com\/#organization"},"potentialAction":[{"@type":"SearchAction","target":{"@type":"EntryPoint","urlTemplate":"https:\/\/www.hsymachinery.com\/?s={search_term_string}"},"query-input":{"@type":"PropertyValueSpecification","valueRequired":true,"valueName":"search_term_string"}}],"inLanguage":"lt-LT"},{"@type":"Organization","@id":"https:\/\/www.hsymachinery.com\/#organization","name":"HSY statybin\u0117s ma\u0161inos","url":"https:\/\/www.hsymachinery.com\/","logo":{"@type":"ImageObject","inLanguage":"lt-LT","@id":"https:\/\/www.hsymachinery.com\/#\/schema\/logo\/image\/","url":"https:\/\/www.hsymachinery.com\/wp-content\/uploads\/2025\/06\/cropped-HSY-machinery.png","contentUrl":"https:\/\/www.hsymachinery.com\/wp-content\/uploads\/2025\/06\/cropped-HSY-machinery.png","width":600,"height":240,"caption":"HSY Construction Machinery"},"image":{"@id":"https:\/\/www.hsymachinery.com\/#\/schema\/logo\/image\/"}}]}},"_links":{"self":[{"href":"https:\/\/www.hsymachinery.com\/lt\/wp-json\/wp\/v2\/product\/9187","targetHints":{"allow":["GET"]}}],"collection":[{"href":"https:\/\/www.hsymachinery.com\/lt\/wp-json\/wp\/v2\/product"}],"about":[{"href":"https:\/\/www.hsymachinery.com\/lt\/wp-json\/wp\/v2\/types\/product"}],"version-history":[{"count":3,"href":"https:\/\/www.hsymachinery.com\/lt\/wp-json\/wp\/v2\/product\/9187\/revisions"}],"predecessor-version":[{"id":9589,"href":"https:\/\/www.hsymachinery.com\/lt\/wp-json\/wp\/v2\/product\/9187\/revisions\/9589"}],"wp:featuredmedia":[{"embeddable":true,"href":"https:\/\/www.hsymachinery.com\/lt\/wp-json\/wp\/v2\/media\/9188"}],"wp:attachment":[{"href":"https:\/\/www.hsymachinery.com\/lt\/wp-json\/wp\/v2\/media?parent=9187"}],"wp:term":[{"taxonomy":"product_brand","embeddable":true,"href":"https:\/\/www.hsymachinery.com\/lt\/wp-json\/wp\/v2\/product_brand?post=9187"},{"taxonomy":"product_cat","embeddable":true,"href":"https:\/\/www.hsymachinery.com\/lt\/wp-json\/wp\/v2\/product_cat?post=9187"},{"taxonomy":"product_tag","embeddable":true,"href":"https:\/\/www.hsymachinery.com\/lt\/wp-json\/wp\/v2\/product_tag?post=9187"}],"curies":[{"name":"wp","href":"https:\/\/api.w.org\/{rel}","templated":true}]}}