{"id":9181,"date":"2025-06-18T18:32:50","date_gmt":"2025-06-18T10:32:50","guid":{"rendered":"https:\/\/www.hsymachinery.com\/?post_type=product&#038;p=9181"},"modified":"2025-06-28T22:20:29","modified_gmt":"2025-06-28T14:20:29","slug":"vaiksciojantis-elektrinis-mentele-pth-h80-90","status":"publish","type":"product","link":"https:\/\/www.hsymachinery.com\/lt\/produktas\/vaiksciojantis-elektrinis-mentele-pth-h80-90\/","title":{"rendered":"Vejamas elektrinis mentele PTH-H80\/90"},"content":{"rendered":"<h2 data-start=\"122\" data-end=\"165\">Vejamas elektrinis mentele PTH-H80\/90<\/h2>\n<h3 data-start=\"166\" data-end=\"278\">PTH-H80\/90 betono glaistykl\u0117 su \"Honda\" varikliu | Vidutinio dyd\u017eio precizi\u0161ka apdailos ma\u0161ina profesionaliems betonavimo darbams<\/h3>\n<h3 data-start=\"285\" data-end=\"374\">Produkto apra\u0161ymas - Efektyvi \"Honda\" varoma mentele, skirta lygiai betono apdailai<a href=\"https:\/\/www.hsymachinery.com\/lt\/produktai\/vaiksciojimas-uz-elektrines-menteles\/\" target=\"_blank\" rel=\"noopener\"><img fetchpriority=\"high\" decoding=\"async\" class=\"wp-image-9182 alignright\" src=\"https:\/\/www.hsymachinery.com\/wp-content\/uploads\/2025\/06\/Walk-Behind-Power-Trowel-PTH-H80-244x300.jpg\" alt=\"\" width=\"451\" height=\"555\" srcset=\"https:\/\/www.hsymachinery.com\/wp-content\/uploads\/2025\/06\/Walk-Behind-Power-Trowel-PTH-H80-244x300.jpg 244w, https:\/\/www.hsymachinery.com\/wp-content\/uploads\/2025\/06\/Walk-Behind-Power-Trowel-PTH-H80.jpg 600w\" sizes=\"(max-width: 451px) 100vw, 451px\" \/><\/a><\/h3>\n<p data-start=\"376\" data-end=\"743\">Svetain\u0117 <strong data-start=\"380\" data-end=\"419\">PTH-H80\/90 vaik\u0161\u010diojanti elektrin\u0117 mentele<\/strong> skirtas i\u0161skirtinei betono pavir\u0161iaus apdailai vidutin\u0117s apimties statybos projektuose. \u0160i ma\u0161ina, varoma patikimo \"Honda\" benzininio variklio, pasi\u017eymi stabiliomis eksploatacin\u0117mis savyb\u0117mis, tiksliu valdymu ir ilgaam\u017ei\u0161kumu, tod\u0117l idealiai tinka rangovams, siekiantiems profesionali\u0173 rezultat\u0173.<\/p>\n<p data-start=\"745\" data-end=\"1104\">PTH-H80\/90, kurio glaistymo skersmuo nuo 80 iki 90 cm, padengia plat\u0173 plot\u0105, ta\u010diau puikiai manevruoja. Reguliuojamas a\u0161men\u0173 \u017eingsnis u\u017etikrina nuosekli\u0105 apdail\u0105 nuo pirminio i\u0161lyginimo iki galutinio poliravimo. Sustiprinta pavar\u0173 d\u0117\u017e\u0117, stiprios peili\u0173 svirtys ir apsauginis apsauginis \u017eiedas u\u017etikrina ir tvirtum\u0105, ir operatoriaus saugum\u0105.<\/p>\n<p data-start=\"1106\" data-end=\"1264\">\u0160i glaistykl\u0117 puikiai tinka tiek vidaus, tiek lauko darbams, tod\u0117l puikiai tinka sand\u0117lio grindims, priva\u017eiavimams, gara\u017e\u0173 aik\u0161tel\u0117ms ir komercin\u0117ms betono plok\u0161t\u0117ms.<\/p>\n<h3 data-start=\"1271\" data-end=\"1332\">Pagrindin\u0117s PTH-H80\/90 vaik\u0161\u010diojan\u010dio betono mentelio savyb\u0117s<\/h3>\n<ul data-start=\"1334\" data-end=\"1706\">\n<li data-start=\"1334\" data-end=\"1404\">\n<p data-start=\"1336\" data-end=\"1404\">\"Honda\" auk\u0161\u010diausios klas\u0117s variklis u\u017etikrina patikim\u0105 u\u017evedim\u0105 ir degal\u0173 naudojimo efektyvum\u0105<\/p>\n<\/li>\n<li data-start=\"1405\" data-end=\"1463\">\n<p data-start=\"1407\" data-end=\"1463\">80\/90 cm glaistymo skersmuo idealiai tinka vidutinio dyd\u017eio darbams<\/p>\n<\/li>\n<li data-start=\"1464\" data-end=\"1525\">\n<p data-start=\"1466\" data-end=\"1525\">Peili\u0173 \u017eingsn\u012f galima reguliuoti pagal skirtingus apdailos poreikius<\/p>\n<\/li>\n<li data-start=\"1526\" data-end=\"1587\">\n<p data-start=\"1528\" data-end=\"1587\">Ergonomi\u0161ka rankenos konstrukcija u\u017etikrina patogum\u0105 ir ma\u017eesn\u0119 vibracij\u0105<\/p>\n<\/li>\n<li data-start=\"1588\" data-end=\"1650\">\n<p data-start=\"1590\" data-end=\"1650\">Tvirta konstrukcija su ilgaam\u017ee pavar\u0173 d\u0117\u017ee ir voratinkliais<\/p>\n<\/li>\n<li data-start=\"1651\" data-end=\"1706\">\n<p data-start=\"1653\" data-end=\"1706\">Paprasta prie\u017ei\u016bra ir labai patvarus kasdienis naudojimas<\/p>\n<\/li>\n<\/ul>\n<h3 data-start=\"1713\" data-end=\"1784\">Taikymas - geriausiai tinka sand\u0117liams, priva\u017eiavimams, \u0161aligatviams ir plok\u0161t\u0117ms<\/h3>\n<p data-start=\"1786\" data-end=\"1991\">PTH-H80\/90 u\u017etikrina puiki\u0105 galios ir valdymo pusiausvyr\u0105, tod\u0117l idealiai tinka rangovams, dirbantiems su komercin\u0117mis grindimis, vidaus plok\u0161t\u0117mis, \u0161aligatviais ir pamat\u0173 trinkel\u0117mis.<\/p>\n<p data-start=\"1993\" data-end=\"2155\">Naudotojai pasitiki, kad \u0161is \u012frenginys d\u0117l \"Honda\" variklio ir patogios naudotojui konstrukcijos u\u017etikrins lygi\u0105 apdail\u0105 net ant netaisykling\u0173 pavir\u0161i\u0173.<\/p>\n<p><iframe title=\"elektrinis mentele, rankinis stumti elektrinis mentele, mentele, betono #trowel #powertrowe#concrete\" width=\"720\" height=\"405\" src=\"https:\/\/www.youtube.com\/embed\/pa6AuNhMrwI?feature=oembed\" frameborder=\"0\" allow=\"accelerometer; autoplay; clipboard-write; encrypted-media; gyroscope; picture-in-picture; web-share\" referrerpolicy=\"strict-origin-when-cross-origin\" allowfullscreen><\/iframe><\/p>","protected":false},"excerpt":{"rendered":"<p>PTH-H80\/90 vaik\u0161\u010diojanti glaistykl\u0117 su \"Honda\" varikliu u\u017etikrina galing\u0105 ir tiksli\u0105 betono apdail\u0105 vidutinio dyd\u017eio statyb\u0173 projektuose ir plok\u0161t\u0117se.<\/p>","protected":false},"featured_media":9182,"template":"","meta":{"_kad_post_transparent":"default","_kad_post_title":"","_kad_post_layout":"default","_kad_post_sidebar_id":"","_kad_post_content_style":"default","_kad_post_vertical_padding":"default","_kad_post_feature":"","_kad_post_feature_position":"","_kad_post_header":false,"_kad_post_footer":false},"product_brand":[],"product_cat":[55],"product_tag":[1084,1083,1087,1081,1086,1085,1089,1088,1090,1082],"class_list":{"0":"post-9181","1":"product","2":"type-product","3":"status-publish","4":"has-post-thumbnail","6":"product_cat-walk-behind-power-trowel","7":"product_tag-cement-power-trowel","8":"product_tag-concrete-finishing-trowel","9":"product_tag-concrete-floor-finishing-machine","10":"product_tag-concrete-power-trowel","11":"product_tag-electric-walk-behind-trowel","12":"product_tag-gasoline-power-trowel","13":"product_tag-hand-operated-power-trowel","14":"product_tag-manual-power-trowel","15":"product_tag-walk-behind-concrete-finishing-machine","16":"product_tag-walk-behind-trowel-machine","18":"first","19":"instock","20":"shipping-taxable","21":"product-type-simple","22":"entry","23":"content-bg","24":"loop-entry"},"yoast_head":"<!-- This site is optimized with the Yoast SEO plugin v25.3.1 - https:\/\/yoast.com\/wordpress\/plugins\/seo\/ -->\n<title>Walk-Behind Power Trowel PTH-H80\/90 - HSY Construction Machinery<\/title>\n<meta name=\"description\" content=\"Walk-Behind Power Trowel PTH-H80\/90 with Honda engine ensures reliable, wide-area concrete surface finishing for driveways, factory floors, and commercial slabs.\" \/>\n<meta name=\"robots\" content=\"index, follow, max-snippet:-1, max-image-preview:large, max-video-preview:-1\" \/>\n<link rel=\"canonical\" href=\"https:\/\/www.hsymachinery.com\/lt\/produktas\/vaiksciojantis-elektrinis-mentele-pth-h80-90\/\" \/>\n<meta property=\"og:locale\" content=\"lt_LT\" \/>\n<meta property=\"og:type\" content=\"article\" \/>\n<meta property=\"og:title\" content=\"Walk-Behind Power Trowel PTH-H80\/90 - HSY Construction Machinery\" \/>\n<meta property=\"og:description\" content=\"Walk-Behind Power Trowel PTH-H80\/90 with Honda engine ensures reliable, wide-area concrete surface finishing for driveways, factory floors, and commercial slabs.\" \/>\n<meta property=\"og:url\" content=\"https:\/\/www.hsymachinery.com\/lt\/produktas\/vaiksciojantis-elektrinis-mentele-pth-h80-90\/\" \/>\n<meta property=\"og:site_name\" content=\"HSY Construction Machinery\" \/>\n<meta property=\"article:modified_time\" content=\"2025-06-28T14:20:29+00:00\" \/>\n<meta property=\"og:image\" content=\"https:\/\/www.hsymachinery.com\/wp-content\/uploads\/2025\/06\/Walk-Behind-Power-Trowel-PTH-H80.jpg\" \/>\n\t<meta property=\"og:image:width\" content=\"600\" \/>\n\t<meta property=\"og:image:height\" content=\"738\" \/>\n\t<meta property=\"og:image:type\" content=\"image\/jpeg\" \/>\n<meta name=\"twitter:card\" content=\"summary_large_image\" \/>\n<meta name=\"twitter:label1\" content=\"Est. reading time\" \/>\n\t<meta name=\"twitter:data1\" content=\"2 minut\u0117s\" \/>\n<script type=\"application\/ld+json\" class=\"yoast-schema-graph\">{\"@context\":\"https:\/\/schema.org\",\"@graph\":[{\"@type\":\"WebPage\",\"@id\":\"https:\/\/www.hsymachinery.com\/product\/walk-behind-power-trowel-pth-h80-90\/\",\"url\":\"https:\/\/www.hsymachinery.com\/product\/walk-behind-power-trowel-pth-h80-90\/\",\"name\":\"Walk-Behind Power Trowel PTH-H80\/90 - HSY Construction Machinery\",\"isPartOf\":{\"@id\":\"https:\/\/www.hsymachinery.com\/#website\"},\"primaryImageOfPage\":{\"@id\":\"https:\/\/www.hsymachinery.com\/product\/walk-behind-power-trowel-pth-h80-90\/#primaryimage\"},\"image\":{\"@id\":\"https:\/\/www.hsymachinery.com\/product\/walk-behind-power-trowel-pth-h80-90\/#primaryimage\"},\"thumbnailUrl\":\"https:\/\/www.hsymachinery.com\/wp-content\/uploads\/2025\/06\/Walk-Behind-Power-Trowel-PTH-H80.jpg\",\"datePublished\":\"2025-06-18T10:32:50+00:00\",\"dateModified\":\"2025-06-28T14:20:29+00:00\",\"description\":\"Walk-Behind Power Trowel PTH-H80\/90 with Honda engine ensures reliable, wide-area concrete surface finishing for driveways, factory floors, and commercial slabs.\",\"breadcrumb\":{\"@id\":\"https:\/\/www.hsymachinery.com\/product\/walk-behind-power-trowel-pth-h80-90\/#breadcrumb\"},\"inLanguage\":\"lt-LT\",\"potentialAction\":[{\"@type\":\"ReadAction\",\"target\":[\"https:\/\/www.hsymachinery.com\/product\/walk-behind-power-trowel-pth-h80-90\/\"]}]},{\"@type\":\"ImageObject\",\"inLanguage\":\"lt-LT\",\"@id\":\"https:\/\/www.hsymachinery.com\/product\/walk-behind-power-trowel-pth-h80-90\/#primaryimage\",\"url\":\"https:\/\/www.hsymachinery.com\/wp-content\/uploads\/2025\/06\/Walk-Behind-Power-Trowel-PTH-H80.jpg\",\"contentUrl\":\"https:\/\/www.hsymachinery.com\/wp-content\/uploads\/2025\/06\/Walk-Behind-Power-Trowel-PTH-H80.jpg\",\"width\":600,\"height\":738},{\"@type\":\"BreadcrumbList\",\"@id\":\"https:\/\/www.hsymachinery.com\/product\/walk-behind-power-trowel-pth-h80-90\/#breadcrumb\",\"itemListElement\":[{\"@type\":\"ListItem\",\"position\":1,\"name\":\"home\",\"item\":\"https:\/\/www.hsymachinery.com\/\"},{\"@type\":\"ListItem\",\"position\":2,\"name\":\"products\",\"item\":\"https:\/\/www.hsymachinery.com\/products\/\"},{\"@type\":\"ListItem\",\"position\":3,\"name\":\"Walk-Behind Power Trowel PTH-H80\/90\"}]},{\"@type\":\"WebSite\",\"@id\":\"https:\/\/www.hsymachinery.com\/#website\",\"url\":\"https:\/\/www.hsymachinery.com\/\",\"name\":\"HSY Construction Machinery\",\"description\":\"HSY Machinery \u2013 A leading China construction machinery supplier, offering a wide range of light construction equipment. Our main products include Rebar Cutting Machine, Rebar Bending Machine, Rebar Stirrup Bending Machine, Rebar Arc Bending Machine, Rebar Straightening Machine, Five-Head Rebar Stirrup Bending Machine, Tamping Rammer, Plate Compactor, Concrete Cutter, Power Trowel, and other construction machinery. We are equipped with advanced CNC machines, and we enforce strict quality inspection standards along with comprehensive after-sales service. If you are interested in our products or services, we warmly welcome your inquiries via message.\",\"publisher\":{\"@id\":\"https:\/\/www.hsymachinery.com\/#organization\"},\"potentialAction\":[{\"@type\":\"SearchAction\",\"target\":{\"@type\":\"EntryPoint\",\"urlTemplate\":\"https:\/\/www.hsymachinery.com\/?s={search_term_string}\"},\"query-input\":{\"@type\":\"PropertyValueSpecification\",\"valueRequired\":true,\"valueName\":\"search_term_string\"}}],\"inLanguage\":\"lt-LT\"},{\"@type\":\"Organization\",\"@id\":\"https:\/\/www.hsymachinery.com\/#organization\",\"name\":\"HSY Construction Machinery\",\"url\":\"https:\/\/www.hsymachinery.com\/\",\"logo\":{\"@type\":\"ImageObject\",\"inLanguage\":\"lt-LT\",\"@id\":\"https:\/\/www.hsymachinery.com\/#\/schema\/logo\/image\/\",\"url\":\"https:\/\/www.hsymachinery.com\/wp-content\/uploads\/2025\/06\/cropped-HSY-machinery.png\",\"contentUrl\":\"https:\/\/www.hsymachinery.com\/wp-content\/uploads\/2025\/06\/cropped-HSY-machinery.png\",\"width\":600,\"height\":240,\"caption\":\"HSY Construction Machinery\"},\"image\":{\"@id\":\"https:\/\/www.hsymachinery.com\/#\/schema\/logo\/image\/\"}}]}<\/script>\n<!-- \/ Yoast SEO plugin. -->","yoast_head_json":{"title":"Vejamas elektrinis mentele PTH-H80\/90 - HSY statybin\u0117s ma\u0161inos","description":"P\u0117s\u010diomis varomas elektrinis glaistytuvas PTH-H80\/90 su \"Honda\" varikliu u\u017etikrina patikim\u0105, plataus ploto betono pavir\u0161iaus apdail\u0105 va\u017eiuojamiesiems keliams, gamykl\u0173 grindims ir komercin\u0117ms plok\u0161t\u0117ms.","robots":{"index":"index","follow":"follow","max-snippet":"max-snippet:-1","max-image-preview":"max-image-preview:large","max-video-preview":"max-video-preview:-1"},"canonical":"https:\/\/www.hsymachinery.com\/lt\/produktas\/vaiksciojantis-elektrinis-mentele-pth-h80-90\/","og_locale":"lt_LT","og_type":"article","og_title":"Walk-Behind Power Trowel PTH-H80\/90 - HSY Construction Machinery","og_description":"Walk-Behind Power Trowel PTH-H80\/90 with Honda engine ensures reliable, wide-area concrete surface finishing for driveways, factory floors, and commercial slabs.","og_url":"https:\/\/www.hsymachinery.com\/lt\/produktas\/vaiksciojantis-elektrinis-mentele-pth-h80-90\/","og_site_name":"HSY Construction Machinery","article_modified_time":"2025-06-28T14:20:29+00:00","og_image":[{"width":600,"height":738,"url":"https:\/\/www.hsymachinery.com\/wp-content\/uploads\/2025\/06\/Walk-Behind-Power-Trowel-PTH-H80.jpg","type":"image\/jpeg"}],"twitter_card":"summary_large_image","twitter_misc":{"Est. reading time":"2 minut\u0117s"},"schema":{"@context":"https:\/\/schema.org","@graph":[{"@type":"WebPage","@id":"https:\/\/www.hsymachinery.com\/product\/walk-behind-power-trowel-pth-h80-90\/","url":"https:\/\/www.hsymachinery.com\/product\/walk-behind-power-trowel-pth-h80-90\/","name":"Vejamas elektrinis mentele PTH-H80\/90 - HSY statybin\u0117s ma\u0161inos","isPartOf":{"@id":"https:\/\/www.hsymachinery.com\/#website"},"primaryImageOfPage":{"@id":"https:\/\/www.hsymachinery.com\/product\/walk-behind-power-trowel-pth-h80-90\/#primaryimage"},"image":{"@id":"https:\/\/www.hsymachinery.com\/product\/walk-behind-power-trowel-pth-h80-90\/#primaryimage"},"thumbnailUrl":"https:\/\/www.hsymachinery.com\/wp-content\/uploads\/2025\/06\/Walk-Behind-Power-Trowel-PTH-H80.jpg","datePublished":"2025-06-18T10:32:50+00:00","dateModified":"2025-06-28T14:20:29+00:00","description":"P\u0117s\u010diomis varomas elektrinis glaistytuvas PTH-H80\/90 su \"Honda\" varikliu u\u017etikrina patikim\u0105, plataus ploto betono pavir\u0161iaus apdail\u0105 va\u017eiuojamiesiems keliams, gamykl\u0173 grindims ir komercin\u0117ms plok\u0161t\u0117ms.","breadcrumb":{"@id":"https:\/\/www.hsymachinery.com\/product\/walk-behind-power-trowel-pth-h80-90\/#breadcrumb"},"inLanguage":"lt-LT","potentialAction":[{"@type":"ReadAction","target":["https:\/\/www.hsymachinery.com\/product\/walk-behind-power-trowel-pth-h80-90\/"]}]},{"@type":"ImageObject","inLanguage":"lt-LT","@id":"https:\/\/www.hsymachinery.com\/product\/walk-behind-power-trowel-pth-h80-90\/#primaryimage","url":"https:\/\/www.hsymachinery.com\/wp-content\/uploads\/2025\/06\/Walk-Behind-Power-Trowel-PTH-H80.jpg","contentUrl":"https:\/\/www.hsymachinery.com\/wp-content\/uploads\/2025\/06\/Walk-Behind-Power-Trowel-PTH-H80.jpg","width":600,"height":738},{"@type":"BreadcrumbList","@id":"https:\/\/www.hsymachinery.com\/product\/walk-behind-power-trowel-pth-h80-90\/#breadcrumb","itemListElement":[{"@type":"ListItem","position":1,"name":"home","item":"https:\/\/www.hsymachinery.com\/"},{"@type":"ListItem","position":2,"name":"products","item":"https:\/\/www.hsymachinery.com\/products\/"},{"@type":"ListItem","position":3,"name":"Walk-Behind Power Trowel PTH-H80\/90"}]},{"@type":"WebSite","@id":"https:\/\/www.hsymachinery.com\/#website","url":"https:\/\/www.hsymachinery.com\/","name":"HSY statybin\u0117s ma\u0161inos","description":"\"HSY Machinery\" - pirmaujanti Kinijos statybos ma\u0161in\u0173 tiek\u0117ja, si\u016blanti plat\u0173 lengvosios statybos \u012frangos asortiment\u0105. Pagrindiniai m\u016bs\u0173 produktai - armat\u016bros pjovimo stakl\u0117s, armat\u016bros lenkimo stakl\u0117s, armat\u016bros stryp\u0173 lenkimo stakl\u0117s, armat\u016bros lanko lenkimo stakl\u0117s, armat\u016bros tiesinimo stakl\u0117s, penki\u0173 galvu\u010di\u0173 armat\u016bros stryp\u0173 lenkimo stakl\u0117s, tankinimo plaktukas, plok\u0161\u010di\u0173 tankintuvas, betono pjaustykl\u0117, elektrin\u0117 mentele ir kita statybin\u0117 technika. Turime pa\u017eangias CNC stakles, taikome grie\u017etus kokyb\u0117s tikrinimo standartus ir teikiame visapusi\u0161kas garantinio aptarnavimo paslaugas. Jei jus domina m\u016bs\u0173 gaminiai ar paslaugos, maloniai laukiame j\u016bs\u0173 u\u017eklaus\u0173 \u017einute.","publisher":{"@id":"https:\/\/www.hsymachinery.com\/#organization"},"potentialAction":[{"@type":"SearchAction","target":{"@type":"EntryPoint","urlTemplate":"https:\/\/www.hsymachinery.com\/?s={search_term_string}"},"query-input":{"@type":"PropertyValueSpecification","valueRequired":true,"valueName":"search_term_string"}}],"inLanguage":"lt-LT"},{"@type":"Organization","@id":"https:\/\/www.hsymachinery.com\/#organization","name":"HSY statybin\u0117s ma\u0161inos","url":"https:\/\/www.hsymachinery.com\/","logo":{"@type":"ImageObject","inLanguage":"lt-LT","@id":"https:\/\/www.hsymachinery.com\/#\/schema\/logo\/image\/","url":"https:\/\/www.hsymachinery.com\/wp-content\/uploads\/2025\/06\/cropped-HSY-machinery.png","contentUrl":"https:\/\/www.hsymachinery.com\/wp-content\/uploads\/2025\/06\/cropped-HSY-machinery.png","width":600,"height":240,"caption":"HSY Construction Machinery"},"image":{"@id":"https:\/\/www.hsymachinery.com\/#\/schema\/logo\/image\/"}}]}},"_links":{"self":[{"href":"https:\/\/www.hsymachinery.com\/lt\/wp-json\/wp\/v2\/product\/9181","targetHints":{"allow":["GET"]}}],"collection":[{"href":"https:\/\/www.hsymachinery.com\/lt\/wp-json\/wp\/v2\/product"}],"about":[{"href":"https:\/\/www.hsymachinery.com\/lt\/wp-json\/wp\/v2\/types\/product"}],"version-history":[{"count":3,"href":"https:\/\/www.hsymachinery.com\/lt\/wp-json\/wp\/v2\/product\/9181\/revisions"}],"predecessor-version":[{"id":9585,"href":"https:\/\/www.hsymachinery.com\/lt\/wp-json\/wp\/v2\/product\/9181\/revisions\/9585"}],"wp:featuredmedia":[{"embeddable":true,"href":"https:\/\/www.hsymachinery.com\/lt\/wp-json\/wp\/v2\/media\/9182"}],"wp:attachment":[{"href":"https:\/\/www.hsymachinery.com\/lt\/wp-json\/wp\/v2\/media?parent=9181"}],"wp:term":[{"taxonomy":"product_brand","embeddable":true,"href":"https:\/\/www.hsymachinery.com\/lt\/wp-json\/wp\/v2\/product_brand?post=9181"},{"taxonomy":"product_cat","embeddable":true,"href":"https:\/\/www.hsymachinery.com\/lt\/wp-json\/wp\/v2\/product_cat?post=9181"},{"taxonomy":"product_tag","embeddable":true,"href":"https:\/\/www.hsymachinery.com\/lt\/wp-json\/wp\/v2\/product_tag?post=9181"}],"curies":[{"name":"wp","href":"https:\/\/api.w.org\/{rel}","templated":true}]}}