{"id":9172,"date":"2025-06-18T18:29:14","date_gmt":"2025-06-18T10:29:14","guid":{"rendered":"https:\/\/www.hsymachinery.com\/?post_type=product&#038;p=9172"},"modified":"2025-06-28T22:05:02","modified_gmt":"2025-06-28T14:05:02","slug":"vaiksciojanti-elektrine-mentele-pth-l100","status":"publish","type":"product","link":"https:\/\/www.hsymachinery.com\/lt\/produktas\/vaiksciojanti-elektrine-mentele-pth-l100\/","title":{"rendered":"Vejamas elektrinis mentele PTH-L100"},"content":{"rendered":"<h2 data-start=\"119\" data-end=\"160\">Vejamas elektrinis mentele PTH-L100<\/h2>\n<h3 data-start=\"161\" data-end=\"265\">PTH-L100 Longxin variklio betono mentele | Platus glaistymas, skirtas dideli\u0173 betonini\u0173 grind\u0173 apdailai<\/h3>\n<h3 data-start=\"272\" data-end=\"370\">Produkto apra\u0161ymas - Profesionalus glaistymo sprendimas, skirtas dideliems betonavimo darbams<a href=\"https:\/\/www.hsymachinery.com\/lt\/produktai\/vaiksciojimas-uz-elektrines-menteles\/\" target=\"_blank\" rel=\"noopener\"><img fetchpriority=\"high\" decoding=\"async\" class=\"wp-image-9173 alignright\" src=\"https:\/\/www.hsymachinery.com\/wp-content\/uploads\/2025\/06\/Walk-Behind-Power-Trowel-PTH-L100-244x300.jpg\" alt=\"\" width=\"453\" height=\"557\" srcset=\"https:\/\/www.hsymachinery.com\/wp-content\/uploads\/2025\/06\/Walk-Behind-Power-Trowel-PTH-L100-244x300.jpg 244w, https:\/\/www.hsymachinery.com\/wp-content\/uploads\/2025\/06\/Walk-Behind-Power-Trowel-PTH-L100.jpg 600w\" sizes=\"(max-width: 453px) 100vw, 453px\" \/><\/a><\/h3>\n<p data-start=\"372\" data-end=\"739\">Svetain\u0117 <strong data-start=\"376\" data-end=\"413\">PTH-L100 vaik\u0161\u010diojantis elektrinis mentele<\/strong> tai didel\u0117s galios betono apdailos ma\u0161ina, sukurta lengvai ir tiksliai apdirbti didelius plok\u0161\u010di\u0173 plotus. \u0160is modelis, varomas patvariu \"Longxin\" benzininiu varikliu, pasi\u017eymi na\u0161umu ir valdymu, kurio reikia rangovams, dirbantiems sud\u0117tingose darbo aik\u0161tel\u0117se, pavyzd\u017eiui, sand\u0117liuose, pramonin\u0117se grindyse ir didel\u0117se statyb\u0173 aik\u0161tel\u0117se.<\/p>\n<p data-start=\"741\" data-end=\"1054\">100 cm skersmens mentele PTH-L100 vienu prava\u017eiavimu padengiamas didesnis pavir\u0161iaus plotas, tod\u0117l padid\u0117ja darbo na\u0161umas nesuma\u017einant lygumo. Jo a\u0161men\u0173 \u017eingsn\u012f galima lengvai reguliuoti, tod\u0117l operatoriai gali patobulinti apdail\u0105 nuo \u0161iurk\u0161taus iki poliruoto pavir\u0161iaus, u\u017etikrindami vienodus rezultatus visame betono pavir\u0161iuje.<\/p>\n<p data-start=\"1056\" data-end=\"1233\">\u012erenginys turi tvirt\u0105 pavar\u0173 d\u0117\u017e\u0119, didelio atsparumo voratinklius ir vibracij\u0105 ma\u017einan\u010di\u0105 ranken\u0105, u\u017etikrinan\u010di\u0105 skland\u0173 veikim\u0105, didesn\u012f saugum\u0105 ir ilg\u0105 tarnavimo laik\u0105.<\/p>\n<h3 data-start=\"1240\" data-end=\"1293\">\u00a0Pagrindin\u0117s PTH-L100 betonavimo menteli\u0173 savyb\u0117s<\/h3>\n<ul data-start=\"1295\" data-end=\"1661\">\n<li data-start=\"1295\" data-end=\"1360\">\n<p data-start=\"1297\" data-end=\"1360\">\"Longxin\" benzininis variklis u\u017etikrina patikim\u0105 ir galing\u0105 i\u0161\u0117jim\u0105<\/p>\n<\/li>\n<li data-start=\"1361\" data-end=\"1424\">\n<p data-start=\"1363\" data-end=\"1424\">Platus 100 cm glaistymo skersmuo greitesnei pavir\u0161iaus apdailai<\/p>\n<\/li>\n<li data-start=\"1425\" data-end=\"1479\">\n<p data-start=\"1427\" data-end=\"1479\">Reguliuojamas a\u0161men\u0173 \u017eingsnis, kad b\u016bt\u0173 galima keisti apdailos kokyb\u0119<\/p>\n<\/li>\n<li data-start=\"1480\" data-end=\"1542\">\n<p data-start=\"1482\" data-end=\"1542\">Sustiprintas apsauginis \u017eiedas ir didelio atsparumo pavar\u0173 d\u0117\u017e\u0117s konstrukcija<\/p>\n<\/li>\n<li data-start=\"1543\" data-end=\"1603\">\n<p data-start=\"1545\" data-end=\"1603\">Sulankstoma rankena su ergonomi\u0161ka rankena operatoriaus patogumui<\/p>\n<\/li>\n<li data-start=\"1604\" data-end=\"1661\">\n<p data-start=\"1606\" data-end=\"1661\">Nereikalaujanti daug prie\u017ei\u016bros ir taupiai naudojanti degalus ilgoms darbo valandoms<\/p>\n<\/li>\n<\/ul>\n<h3 data-start=\"1668\" data-end=\"1750\">Taikymas - puikiai tinka sand\u0117liams, didel\u0117ms plok\u0161t\u0117ms ir pramoniniams projektams<\/h3>\n<p data-start=\"1752\" data-end=\"2056\">PTH-L100 sukurtas didelio na\u0161umo pavir\u0161i\u0173 apdailai didel\u0117se statyb\u0173 zonose, \u012fskaitant gamyklas, logistikos centrus, automobili\u0173 stov\u0117jimo aik\u0161teli\u0173 r\u016bsius ir betonines platformas. Platus darbo plotas ir stabili konstrukcija padeda komandoms taupyti laik\u0105 ir kartu i\u0161gauti vienod\u0105, lyg\u0173 pavir\u0161i\u0173.<\/p>\n<p data-start=\"2058\" data-end=\"2209\">Statyb\u0173 specialistai pasitiki \u0161iuo modeliu d\u0117l jo tvirtos konstrukcijos, ilgo veikimo laiko ir geb\u0117jimo nuolatos dirbti sud\u0117tingomis s\u0105lygomis.<\/p>\n<p><iframe title=\"elektrin\u0117 mentele, va\u017eiuojanti elektrin\u0117 mentele, rankin\u0117 stumiama elektrin\u0117 mentele, mentele, betono #trowel#powertrowel\" width=\"720\" height=\"405\" src=\"https:\/\/www.youtube.com\/embed\/VGFIPDTiUYI?feature=oembed\" frameborder=\"0\" allow=\"accelerometer; autoplay; clipboard-write; encrypted-media; gyroscope; picture-in-picture; web-share\" referrerpolicy=\"strict-origin-when-cross-origin\" allowfullscreen><\/iframe><\/p>","protected":false},"excerpt":{"rendered":"<p>PTH-L100 vaik\u0161\u010diojanti betono glaistykl\u0117 su \"Longxin\" varikliu idealiai tinka dideli\u0173 plok\u0161\u010di\u0173 apdailai, u\u017etikrina plat\u0173 padengim\u0105 ir reguliuojam\u0105 a\u0161men\u0173 valdym\u0105, kad pavir\u0161ius b\u016bt\u0173 nepriekai\u0161tingas.<\/p>","protected":false},"featured_media":9173,"template":"","meta":{"_kad_post_transparent":"default","_kad_post_title":"","_kad_post_layout":"default","_kad_post_sidebar_id":"","_kad_post_content_style":"default","_kad_post_vertical_padding":"default","_kad_post_feature":"","_kad_post_feature_position":"","_kad_post_header":false,"_kad_post_footer":false},"product_brand":[],"product_cat":[55],"product_tag":[1084,1083,1087,1081,1086,1085,1089,1088,1090,1082],"class_list":{"0":"post-9172","1":"product","2":"type-product","3":"status-publish","4":"has-post-thumbnail","6":"product_cat-walk-behind-power-trowel","7":"product_tag-cement-power-trowel","8":"product_tag-concrete-finishing-trowel","9":"product_tag-concrete-floor-finishing-machine","10":"product_tag-concrete-power-trowel","11":"product_tag-electric-walk-behind-trowel","12":"product_tag-gasoline-power-trowel","13":"product_tag-hand-operated-power-trowel","14":"product_tag-manual-power-trowel","15":"product_tag-walk-behind-concrete-finishing-machine","16":"product_tag-walk-behind-trowel-machine","18":"first","19":"instock","20":"shipping-taxable","21":"product-type-simple","22":"entry","23":"content-bg","24":"loop-entry"},"yoast_head":"<!-- This site is optimized with the Yoast SEO plugin v25.3.1 - https:\/\/yoast.com\/wordpress\/plugins\/seo\/ -->\n<title>Walk-Behind Power Trowel PTH-L100 - HSY Construction Machinery<\/title>\n<meta name=\"description\" content=\"PTH-L100 walk-behind concrete power trowel with Loncin engine ensures efficient wide-area finishing for industrial floors and slabs. Rugged, powerful, and operator-friendly.\" \/>\n<meta name=\"robots\" content=\"index, follow, max-snippet:-1, max-image-preview:large, max-video-preview:-1\" \/>\n<link rel=\"canonical\" href=\"https:\/\/www.hsymachinery.com\/lt\/produktas\/vaiksciojanti-elektrine-mentele-pth-l100\/\" \/>\n<meta property=\"og:locale\" content=\"lt_LT\" \/>\n<meta property=\"og:type\" content=\"article\" \/>\n<meta property=\"og:title\" content=\"Walk-Behind Power Trowel PTH-L100 - HSY Construction Machinery\" \/>\n<meta property=\"og:description\" content=\"PTH-L100 walk-behind concrete power trowel with Loncin engine ensures efficient wide-area finishing for industrial floors and slabs. Rugged, powerful, and operator-friendly.\" \/>\n<meta property=\"og:url\" content=\"https:\/\/www.hsymachinery.com\/lt\/produktas\/vaiksciojanti-elektrine-mentele-pth-l100\/\" \/>\n<meta property=\"og:site_name\" content=\"HSY Construction Machinery\" \/>\n<meta property=\"article:modified_time\" content=\"2025-06-28T14:05:02+00:00\" \/>\n<meta property=\"og:image\" content=\"https:\/\/www.hsymachinery.com\/wp-content\/uploads\/2025\/06\/Walk-Behind-Power-Trowel-PTH-L100.jpg\" \/>\n\t<meta property=\"og:image:width\" content=\"600\" \/>\n\t<meta property=\"og:image:height\" content=\"738\" \/>\n\t<meta property=\"og:image:type\" content=\"image\/jpeg\" \/>\n<meta name=\"twitter:card\" content=\"summary_large_image\" \/>\n<meta name=\"twitter:label1\" content=\"Est. reading time\" \/>\n\t<meta name=\"twitter:data1\" content=\"2 minut\u0117s\" \/>\n<script type=\"application\/ld+json\" class=\"yoast-schema-graph\">{\"@context\":\"https:\/\/schema.org\",\"@graph\":[{\"@type\":\"WebPage\",\"@id\":\"https:\/\/www.hsymachinery.com\/product\/walk-behind-power-trowel-pth-l100\/\",\"url\":\"https:\/\/www.hsymachinery.com\/product\/walk-behind-power-trowel-pth-l100\/\",\"name\":\"Walk-Behind Power Trowel PTH-L100 - HSY Construction Machinery\",\"isPartOf\":{\"@id\":\"https:\/\/www.hsymachinery.com\/#website\"},\"primaryImageOfPage\":{\"@id\":\"https:\/\/www.hsymachinery.com\/product\/walk-behind-power-trowel-pth-l100\/#primaryimage\"},\"image\":{\"@id\":\"https:\/\/www.hsymachinery.com\/product\/walk-behind-power-trowel-pth-l100\/#primaryimage\"},\"thumbnailUrl\":\"https:\/\/www.hsymachinery.com\/wp-content\/uploads\/2025\/06\/Walk-Behind-Power-Trowel-PTH-L100.jpg\",\"datePublished\":\"2025-06-18T10:29:14+00:00\",\"dateModified\":\"2025-06-28T14:05:02+00:00\",\"description\":\"PTH-L100 walk-behind concrete power trowel with Loncin engine ensures efficient wide-area finishing for industrial floors and slabs. Rugged, powerful, and operator-friendly.\",\"breadcrumb\":{\"@id\":\"https:\/\/www.hsymachinery.com\/product\/walk-behind-power-trowel-pth-l100\/#breadcrumb\"},\"inLanguage\":\"lt-LT\",\"potentialAction\":[{\"@type\":\"ReadAction\",\"target\":[\"https:\/\/www.hsymachinery.com\/product\/walk-behind-power-trowel-pth-l100\/\"]}]},{\"@type\":\"ImageObject\",\"inLanguage\":\"lt-LT\",\"@id\":\"https:\/\/www.hsymachinery.com\/product\/walk-behind-power-trowel-pth-l100\/#primaryimage\",\"url\":\"https:\/\/www.hsymachinery.com\/wp-content\/uploads\/2025\/06\/Walk-Behind-Power-Trowel-PTH-L100.jpg\",\"contentUrl\":\"https:\/\/www.hsymachinery.com\/wp-content\/uploads\/2025\/06\/Walk-Behind-Power-Trowel-PTH-L100.jpg\",\"width\":600,\"height\":738},{\"@type\":\"BreadcrumbList\",\"@id\":\"https:\/\/www.hsymachinery.com\/product\/walk-behind-power-trowel-pth-l100\/#breadcrumb\",\"itemListElement\":[{\"@type\":\"ListItem\",\"position\":1,\"name\":\"home\",\"item\":\"https:\/\/www.hsymachinery.com\/\"},{\"@type\":\"ListItem\",\"position\":2,\"name\":\"products\",\"item\":\"https:\/\/www.hsymachinery.com\/products\/\"},{\"@type\":\"ListItem\",\"position\":3,\"name\":\"Walk-Behind Power Trowel PTH-L100\"}]},{\"@type\":\"WebSite\",\"@id\":\"https:\/\/www.hsymachinery.com\/#website\",\"url\":\"https:\/\/www.hsymachinery.com\/\",\"name\":\"HSY Construction Machinery\",\"description\":\"HSY Machinery \u2013 A leading China construction machinery supplier, offering a wide range of light construction equipment. Our main products include Rebar Cutting Machine, Rebar Bending Machine, Rebar Stirrup Bending Machine, Rebar Arc Bending Machine, Rebar Straightening Machine, Five-Head Rebar Stirrup Bending Machine, Tamping Rammer, Plate Compactor, Concrete Cutter, Power Trowel, and other construction machinery. We are equipped with advanced CNC machines, and we enforce strict quality inspection standards along with comprehensive after-sales service. If you are interested in our products or services, we warmly welcome your inquiries via message.\",\"publisher\":{\"@id\":\"https:\/\/www.hsymachinery.com\/#organization\"},\"potentialAction\":[{\"@type\":\"SearchAction\",\"target\":{\"@type\":\"EntryPoint\",\"urlTemplate\":\"https:\/\/www.hsymachinery.com\/?s={search_term_string}\"},\"query-input\":{\"@type\":\"PropertyValueSpecification\",\"valueRequired\":true,\"valueName\":\"search_term_string\"}}],\"inLanguage\":\"lt-LT\"},{\"@type\":\"Organization\",\"@id\":\"https:\/\/www.hsymachinery.com\/#organization\",\"name\":\"HSY Construction Machinery\",\"url\":\"https:\/\/www.hsymachinery.com\/\",\"logo\":{\"@type\":\"ImageObject\",\"inLanguage\":\"lt-LT\",\"@id\":\"https:\/\/www.hsymachinery.com\/#\/schema\/logo\/image\/\",\"url\":\"https:\/\/www.hsymachinery.com\/wp-content\/uploads\/2025\/06\/cropped-HSY-machinery.png\",\"contentUrl\":\"https:\/\/www.hsymachinery.com\/wp-content\/uploads\/2025\/06\/cropped-HSY-machinery.png\",\"width\":600,\"height\":240,\"caption\":\"HSY Construction Machinery\"},\"image\":{\"@id\":\"https:\/\/www.hsymachinery.com\/#\/schema\/logo\/image\/\"}}]}<\/script>\n<!-- \/ Yoast SEO plugin. -->","yoast_head_json":{"title":"P\u0117s\u010diomis valdomas elektrinis mentele PTH-L100 - HSY statybin\u0117s ma\u0161inos","description":"PTH-L100 vaik\u0161\u010diojanti betonavimo ma\u0161ina su \"Loncin\" varikliu u\u017etikrina veiksming\u0105 pramonini\u0173 grind\u0173 ir perdang\u0173 plataus ploto apdail\u0105. Tvirtas, galingas ir patogus operatoriui.","robots":{"index":"index","follow":"follow","max-snippet":"max-snippet:-1","max-image-preview":"max-image-preview:large","max-video-preview":"max-video-preview:-1"},"canonical":"https:\/\/www.hsymachinery.com\/lt\/produktas\/vaiksciojanti-elektrine-mentele-pth-l100\/","og_locale":"lt_LT","og_type":"article","og_title":"Walk-Behind Power Trowel PTH-L100 - HSY Construction Machinery","og_description":"PTH-L100 walk-behind concrete power trowel with Loncin engine ensures efficient wide-area finishing for industrial floors and slabs. Rugged, powerful, and operator-friendly.","og_url":"https:\/\/www.hsymachinery.com\/lt\/produktas\/vaiksciojanti-elektrine-mentele-pth-l100\/","og_site_name":"HSY Construction Machinery","article_modified_time":"2025-06-28T14:05:02+00:00","og_image":[{"width":600,"height":738,"url":"https:\/\/www.hsymachinery.com\/wp-content\/uploads\/2025\/06\/Walk-Behind-Power-Trowel-PTH-L100.jpg","type":"image\/jpeg"}],"twitter_card":"summary_large_image","twitter_misc":{"Est. reading time":"2 minut\u0117s"},"schema":{"@context":"https:\/\/schema.org","@graph":[{"@type":"WebPage","@id":"https:\/\/www.hsymachinery.com\/product\/walk-behind-power-trowel-pth-l100\/","url":"https:\/\/www.hsymachinery.com\/product\/walk-behind-power-trowel-pth-l100\/","name":"P\u0117s\u010diomis valdomas elektrinis mentele PTH-L100 - HSY statybin\u0117s ma\u0161inos","isPartOf":{"@id":"https:\/\/www.hsymachinery.com\/#website"},"primaryImageOfPage":{"@id":"https:\/\/www.hsymachinery.com\/product\/walk-behind-power-trowel-pth-l100\/#primaryimage"},"image":{"@id":"https:\/\/www.hsymachinery.com\/product\/walk-behind-power-trowel-pth-l100\/#primaryimage"},"thumbnailUrl":"https:\/\/www.hsymachinery.com\/wp-content\/uploads\/2025\/06\/Walk-Behind-Power-Trowel-PTH-L100.jpg","datePublished":"2025-06-18T10:29:14+00:00","dateModified":"2025-06-28T14:05:02+00:00","description":"PTH-L100 vaik\u0161\u010diojanti betonavimo ma\u0161ina su \"Loncin\" varikliu u\u017etikrina veiksming\u0105 pramonini\u0173 grind\u0173 ir perdang\u0173 plataus ploto apdail\u0105. Tvirtas, galingas ir patogus operatoriui.","breadcrumb":{"@id":"https:\/\/www.hsymachinery.com\/product\/walk-behind-power-trowel-pth-l100\/#breadcrumb"},"inLanguage":"lt-LT","potentialAction":[{"@type":"ReadAction","target":["https:\/\/www.hsymachinery.com\/product\/walk-behind-power-trowel-pth-l100\/"]}]},{"@type":"ImageObject","inLanguage":"lt-LT","@id":"https:\/\/www.hsymachinery.com\/product\/walk-behind-power-trowel-pth-l100\/#primaryimage","url":"https:\/\/www.hsymachinery.com\/wp-content\/uploads\/2025\/06\/Walk-Behind-Power-Trowel-PTH-L100.jpg","contentUrl":"https:\/\/www.hsymachinery.com\/wp-content\/uploads\/2025\/06\/Walk-Behind-Power-Trowel-PTH-L100.jpg","width":600,"height":738},{"@type":"BreadcrumbList","@id":"https:\/\/www.hsymachinery.com\/product\/walk-behind-power-trowel-pth-l100\/#breadcrumb","itemListElement":[{"@type":"ListItem","position":1,"name":"home","item":"https:\/\/www.hsymachinery.com\/"},{"@type":"ListItem","position":2,"name":"products","item":"https:\/\/www.hsymachinery.com\/products\/"},{"@type":"ListItem","position":3,"name":"Walk-Behind Power Trowel PTH-L100"}]},{"@type":"WebSite","@id":"https:\/\/www.hsymachinery.com\/#website","url":"https:\/\/www.hsymachinery.com\/","name":"HSY statybin\u0117s ma\u0161inos","description":"\"HSY Machinery\" - pirmaujanti Kinijos statybos ma\u0161in\u0173 tiek\u0117ja, si\u016blanti plat\u0173 lengvosios statybos \u012frangos asortiment\u0105. Pagrindiniai m\u016bs\u0173 produktai - armat\u016bros pjovimo stakl\u0117s, armat\u016bros lenkimo stakl\u0117s, armat\u016bros stryp\u0173 lenkimo stakl\u0117s, armat\u016bros lanko lenkimo stakl\u0117s, armat\u016bros tiesinimo stakl\u0117s, penki\u0173 galvu\u010di\u0173 armat\u016bros stryp\u0173 lenkimo stakl\u0117s, tankinimo plaktukas, plok\u0161\u010di\u0173 tankintuvas, betono pjaustykl\u0117, elektrin\u0117 mentele ir kita statybin\u0117 technika. Turime pa\u017eangias CNC stakles, taikome grie\u017etus kokyb\u0117s tikrinimo standartus ir teikiame visapusi\u0161kas garantinio aptarnavimo paslaugas. Jei jus domina m\u016bs\u0173 gaminiai ar paslaugos, maloniai laukiame j\u016bs\u0173 u\u017eklaus\u0173 \u017einute.","publisher":{"@id":"https:\/\/www.hsymachinery.com\/#organization"},"potentialAction":[{"@type":"SearchAction","target":{"@type":"EntryPoint","urlTemplate":"https:\/\/www.hsymachinery.com\/?s={search_term_string}"},"query-input":{"@type":"PropertyValueSpecification","valueRequired":true,"valueName":"search_term_string"}}],"inLanguage":"lt-LT"},{"@type":"Organization","@id":"https:\/\/www.hsymachinery.com\/#organization","name":"HSY statybin\u0117s ma\u0161inos","url":"https:\/\/www.hsymachinery.com\/","logo":{"@type":"ImageObject","inLanguage":"lt-LT","@id":"https:\/\/www.hsymachinery.com\/#\/schema\/logo\/image\/","url":"https:\/\/www.hsymachinery.com\/wp-content\/uploads\/2025\/06\/cropped-HSY-machinery.png","contentUrl":"https:\/\/www.hsymachinery.com\/wp-content\/uploads\/2025\/06\/cropped-HSY-machinery.png","width":600,"height":240,"caption":"HSY Construction Machinery"},"image":{"@id":"https:\/\/www.hsymachinery.com\/#\/schema\/logo\/image\/"}}]}},"_links":{"self":[{"href":"https:\/\/www.hsymachinery.com\/lt\/wp-json\/wp\/v2\/product\/9172","targetHints":{"allow":["GET"]}}],"collection":[{"href":"https:\/\/www.hsymachinery.com\/lt\/wp-json\/wp\/v2\/product"}],"about":[{"href":"https:\/\/www.hsymachinery.com\/lt\/wp-json\/wp\/v2\/types\/product"}],"version-history":[{"count":3,"href":"https:\/\/www.hsymachinery.com\/lt\/wp-json\/wp\/v2\/product\/9172\/revisions"}],"predecessor-version":[{"id":9579,"href":"https:\/\/www.hsymachinery.com\/lt\/wp-json\/wp\/v2\/product\/9172\/revisions\/9579"}],"wp:featuredmedia":[{"embeddable":true,"href":"https:\/\/www.hsymachinery.com\/lt\/wp-json\/wp\/v2\/media\/9173"}],"wp:attachment":[{"href":"https:\/\/www.hsymachinery.com\/lt\/wp-json\/wp\/v2\/media?parent=9172"}],"wp:term":[{"taxonomy":"product_brand","embeddable":true,"href":"https:\/\/www.hsymachinery.com\/lt\/wp-json\/wp\/v2\/product_brand?post=9172"},{"taxonomy":"product_cat","embeddable":true,"href":"https:\/\/www.hsymachinery.com\/lt\/wp-json\/wp\/v2\/product_cat?post=9172"},{"taxonomy":"product_tag","embeddable":true,"href":"https:\/\/www.hsymachinery.com\/lt\/wp-json\/wp\/v2\/product_tag?post=9172"}],"curies":[{"name":"wp","href":"https:\/\/api.w.org\/{rel}","templated":true}]}}