{"id":9163,"date":"2025-06-18T18:18:13","date_gmt":"2025-06-18T10:18:13","guid":{"rendered":"https:\/\/www.hsymachinery.com\/?post_type=product&#038;p=9163"},"modified":"2025-06-28T21:51:41","modified_gmt":"2025-06-28T13:51:41","slug":"vaiksciojanti-elektrine-mentele-pth-l60-70","status":"publish","type":"product","link":"https:\/\/www.hsymachinery.com\/lt\/produktas\/vaiksciojanti-elektrine-mentele-pth-l60-70\/","title":{"rendered":"Vejamas elektrinis mentele PTH-L60\/70"},"content":{"rendered":"<h2 data-start=\"137\" data-end=\"180\">Vejamas elektrinis mentele PTH-L60\/70<\/h2>\n<h3 data-start=\"181\" data-end=\"289\">PTH-L60\/70 mentele su Longxin benzininiu varikliu | Lygus betono plok\u0161\u010di\u0173 ir grind\u0173 pavir\u0161ius<\/h3>\n<h3 data-start=\"296\" data-end=\"391\">Produkto apra\u0161ymas - Kompakti\u0161kas ir efektyvus betono apdailos \u012frenginys su Loncin Power<a href=\"https:\/\/www.hsymachinery.com\/lt\/produktai\/vaiksciojimas-uz-elektrines-menteles\/\" target=\"_blank\" rel=\"noopener\"><img fetchpriority=\"high\" decoding=\"async\" class=\"wp-image-9164 alignright\" src=\"https:\/\/www.hsymachinery.com\/wp-content\/uploads\/2025\/06\/Walk-Behind-Power-Trowel-PTH-L60-244x300.jpg\" alt=\"\" width=\"450\" height=\"554\" srcset=\"https:\/\/www.hsymachinery.com\/wp-content\/uploads\/2025\/06\/Walk-Behind-Power-Trowel-PTH-L60-244x300.jpg 244w, https:\/\/www.hsymachinery.com\/wp-content\/uploads\/2025\/06\/Walk-Behind-Power-Trowel-PTH-L60.jpg 600w\" sizes=\"(max-width: 450px) 100vw, 450px\" \/><\/a><\/h3>\n<p data-start=\"393\" data-end=\"846\">Svetain\u0117 <strong data-start=\"397\" data-end=\"436\">PTH-L60\/70 vaik\u0161\u010diojanti elektrin\u0117 mentele<\/strong> tai kompakti\u0161kas ir universalus betono apdailos \u012frankis, skirtas ma\u017eoms ir vidutinio dyd\u017eio plok\u0161t\u0117ms. \u0160is modelis, varomas \"Longxin\" (Loncin) benzininiu varikliu, u\u017etikrina patikim\u0105 veikim\u0105 ir efektyv\u0173 \u0161vie\u017eiai i\u0161lieto betono i\u0161lyginim\u0105. Dviej\u0173 peili\u0173 ranken\u0173 sistema, tikslus droselin\u0117s sklend\u0117s valdymas ir subalansuotas besisukantis apsauginis \u017eiedas kiekvien\u0105 kart\u0105 u\u017etikrina tolygi\u0105 ir kokybi\u0161k\u0105 pavir\u0161iaus apdail\u0105.<\/p>\n<p data-start=\"848\" data-end=\"1098\">Rangovai vertina \u0161io mentelio manevringum\u0105, ypa\u010d ank\u0161tose vietose, pavyzd\u017eiui, nam\u0173 perdangose, priva\u017eiavimuose ir \u0161aligatviuose. Tvirta pavar\u0173 d\u0117\u017e\u0117 ir stiprus voratinklis prailgina \u012frankio tarnavimo laik\u0105 net ir kasdien naudojantis darbo vietoje.<\/p>\n<p data-start=\"1100\" data-end=\"1233\">Nesvarbu, ar dirbate su gyvenam\u0173j\u0173 nam\u0173 grindimis, ar su komercin\u0117s paskirties lopais, PTH-L60\/70 u\u017etikrina skland\u0173 va\u017eiavim\u0105 ir profesionalius rezultatus.<\/p>\n<h3 data-start=\"1240\" data-end=\"1289\">Pagrindin\u0117s betono menteli\u0173 PTH-L60\/70 savyb\u0117s<\/h3>\n<ul data-start=\"1291\" data-end=\"1618\">\n<li data-start=\"1291\" data-end=\"1343\">\n<p data-start=\"1293\" data-end=\"1343\">\u012erengtas patikimas \"Longxin\" benzininis variklis<\/p>\n<\/li>\n<li data-start=\"1344\" data-end=\"1404\">\n<p data-start=\"1346\" data-end=\"1404\">Optimizuotas lengviems ir vidutinio sunkumo pavir\u0161iaus apdailos projektams<\/p>\n<\/li>\n<li data-start=\"1405\" data-end=\"1460\">\n<p data-start=\"1407\" data-end=\"1460\">Tikslus peili\u0173 \u017eingsnio valdymas, kad b\u016bt\u0173 galima tiksliai i\u0161lyginti<\/p>\n<\/li>\n<li data-start=\"1461\" data-end=\"1511\">\n<p data-start=\"1463\" data-end=\"1511\">Sulankstoma rankena, kad b\u016bt\u0173 lengva transportuoti ir laikyti<\/p>\n<\/li>\n<li data-start=\"1512\" data-end=\"1564\">\n<p data-start=\"1514\" data-end=\"1564\">Sustiprintas apsauginis \u017eiedas apsaugo a\u0161menis ir kra\u0161tus<\/p>\n<\/li>\n<li data-start=\"1565\" data-end=\"1618\">\n<p data-start=\"1567\" data-end=\"1618\">Patvari pavar\u0173 d\u0117\u017e\u0117 u\u017etikrina ilgesn\u012f darb\u0105 lauke<\/p>\n<\/li>\n<\/ul>\n<h3 data-start=\"1625\" data-end=\"1685\">Idealiai tinka nam\u0173 plok\u0161t\u0117ms, gara\u017eams, priva\u017eiavimams ir \u0161aligatviams<\/h3>\n<p data-start=\"1687\" data-end=\"1934\">PTH-L60\/70 puikiai tinka ten, kur reikia greitai, efektyviai ir lygiai atlikti betono apdail\u0105. D\u0117l kompakti\u0161ko dyd\u017eio jis ypa\u010d gerai tinka gyvenam\u0173j\u0173 nam\u0173 statybai, vidaus plok\u0161\u010di\u0173 darbams ir ribotose lauko erdv\u0117se.<\/p>\n<p data-start=\"1936\" data-end=\"2106\">Statybininkai renkasi \u0161\u012f model\u012f d\u0117l lengvos prie\u017ei\u016bros, degal\u0173 naudojimo efektyvumo ir ger\u0173 apdailos savybi\u0173 naudojant \u012fvairius betono mi\u0161inius ir kiet\u0117jimo s\u0105lygas.<\/p>\n<p><iframe title=\"elektrinis mentele, rankinis stumti elektrinis mentele, mentele, betono #trowel #powertrowe#concrete\" width=\"720\" height=\"405\" src=\"https:\/\/www.youtube.com\/embed\/pa6AuNhMrwI?feature=oembed\" frameborder=\"0\" allow=\"accelerometer; autoplay; clipboard-write; encrypted-media; gyroscope; picture-in-picture; web-share\" referrerpolicy=\"strict-origin-when-cross-origin\" allowfullscreen><\/iframe><\/p>\n<p data-start=\"1936\" data-end=\"2106\">","protected":false},"excerpt":{"rendered":"<p>PTH-L60\/70 vaik\u0161\u010diojanti mentele su \"Longxin\" varikliu idealiai tinka kompakti\u0161kiems betono apdailos darbams, u\u017etikrinant lyg\u0173 pavir\u0161i\u0173 namuose ir lengvosiose komercin\u0117se patalpose.<\/p>","protected":false},"featured_media":9164,"template":"","meta":{"_kad_post_transparent":"default","_kad_post_title":"","_kad_post_layout":"default","_kad_post_sidebar_id":"","_kad_post_content_style":"default","_kad_post_vertical_padding":"default","_kad_post_feature":"","_kad_post_feature_position":"","_kad_post_header":false,"_kad_post_footer":false},"product_brand":[],"product_cat":[55],"product_tag":[1084,1083,1087,1081,1086,1085,1089,1088,1090,1082],"class_list":{"0":"post-9163","1":"product","2":"type-product","3":"status-publish","4":"has-post-thumbnail","6":"product_cat-walk-behind-power-trowel","7":"product_tag-cement-power-trowel","8":"product_tag-concrete-finishing-trowel","9":"product_tag-concrete-floor-finishing-machine","10":"product_tag-concrete-power-trowel","11":"product_tag-electric-walk-behind-trowel","12":"product_tag-gasoline-power-trowel","13":"product_tag-hand-operated-power-trowel","14":"product_tag-manual-power-trowel","15":"product_tag-walk-behind-concrete-finishing-machine","16":"product_tag-walk-behind-trowel-machine","18":"first","19":"instock","20":"shipping-taxable","21":"product-type-simple","22":"entry","23":"content-bg","24":"loop-entry"},"yoast_head":"<!-- This site is optimized with the Yoast SEO plugin v25.3.1 - https:\/\/yoast.com\/wordpress\/plugins\/seo\/ -->\n<title>Walk-Behind Power Trowel PTH-L60\/70 - HSY Construction Machinery<\/title>\n<meta name=\"description\" content=\"Walk-Behind Power Trowel PTH-L60 with Longxin gasoline engine delivers smooth finishing for slabs, sidewalks, and garages. Compact, reliable, and easy to use.\" \/>\n<meta name=\"robots\" content=\"index, follow, max-snippet:-1, max-image-preview:large, max-video-preview:-1\" \/>\n<link rel=\"canonical\" href=\"https:\/\/www.hsymachinery.com\/lt\/produktas\/vaiksciojanti-elektrine-mentele-pth-l60-70\/\" \/>\n<meta property=\"og:locale\" content=\"lt_LT\" \/>\n<meta property=\"og:type\" content=\"article\" \/>\n<meta property=\"og:title\" content=\"Walk-Behind Power Trowel PTH-L60\/70 - HSY Construction Machinery\" \/>\n<meta property=\"og:description\" content=\"Walk-Behind Power Trowel PTH-L60 with Longxin gasoline engine delivers smooth finishing for slabs, sidewalks, and garages. Compact, reliable, and easy to use.\" \/>\n<meta property=\"og:url\" content=\"https:\/\/www.hsymachinery.com\/lt\/produktas\/vaiksciojanti-elektrine-mentele-pth-l60-70\/\" \/>\n<meta property=\"og:site_name\" content=\"HSY Construction Machinery\" \/>\n<meta property=\"article:modified_time\" content=\"2025-06-28T13:51:41+00:00\" \/>\n<meta property=\"og:image\" content=\"https:\/\/www.hsymachinery.com\/wp-content\/uploads\/2025\/06\/Walk-Behind-Power-Trowel-PTH-L60.jpg\" \/>\n\t<meta property=\"og:image:width\" content=\"600\" \/>\n\t<meta property=\"og:image:height\" content=\"738\" \/>\n\t<meta property=\"og:image:type\" content=\"image\/jpeg\" \/>\n<meta name=\"twitter:card\" content=\"summary_large_image\" \/>\n<meta name=\"twitter:label1\" content=\"Est. reading time\" \/>\n\t<meta name=\"twitter:data1\" content=\"2 minut\u0117s\" \/>\n<script type=\"application\/ld+json\" class=\"yoast-schema-graph\">{\"@context\":\"https:\/\/schema.org\",\"@graph\":[{\"@type\":\"WebPage\",\"@id\":\"https:\/\/www.hsymachinery.com\/product\/walk-behind-power-trowel-pth-l60-70\/\",\"url\":\"https:\/\/www.hsymachinery.com\/product\/walk-behind-power-trowel-pth-l60-70\/\",\"name\":\"Walk-Behind Power Trowel PTH-L60\/70 - HSY Construction Machinery\",\"isPartOf\":{\"@id\":\"https:\/\/www.hsymachinery.com\/#website\"},\"primaryImageOfPage\":{\"@id\":\"https:\/\/www.hsymachinery.com\/product\/walk-behind-power-trowel-pth-l60-70\/#primaryimage\"},\"image\":{\"@id\":\"https:\/\/www.hsymachinery.com\/product\/walk-behind-power-trowel-pth-l60-70\/#primaryimage\"},\"thumbnailUrl\":\"https:\/\/www.hsymachinery.com\/wp-content\/uploads\/2025\/06\/Walk-Behind-Power-Trowel-PTH-L60.jpg\",\"datePublished\":\"2025-06-18T10:18:13+00:00\",\"dateModified\":\"2025-06-28T13:51:41+00:00\",\"description\":\"Walk-Behind Power Trowel PTH-L60 with Longxin gasoline engine delivers smooth finishing for slabs, sidewalks, and garages. Compact, reliable, and easy to use.\",\"breadcrumb\":{\"@id\":\"https:\/\/www.hsymachinery.com\/product\/walk-behind-power-trowel-pth-l60-70\/#breadcrumb\"},\"inLanguage\":\"lt-LT\",\"potentialAction\":[{\"@type\":\"ReadAction\",\"target\":[\"https:\/\/www.hsymachinery.com\/product\/walk-behind-power-trowel-pth-l60-70\/\"]}]},{\"@type\":\"ImageObject\",\"inLanguage\":\"lt-LT\",\"@id\":\"https:\/\/www.hsymachinery.com\/product\/walk-behind-power-trowel-pth-l60-70\/#primaryimage\",\"url\":\"https:\/\/www.hsymachinery.com\/wp-content\/uploads\/2025\/06\/Walk-Behind-Power-Trowel-PTH-L60.jpg\",\"contentUrl\":\"https:\/\/www.hsymachinery.com\/wp-content\/uploads\/2025\/06\/Walk-Behind-Power-Trowel-PTH-L60.jpg\",\"width\":600,\"height\":738},{\"@type\":\"BreadcrumbList\",\"@id\":\"https:\/\/www.hsymachinery.com\/product\/walk-behind-power-trowel-pth-l60-70\/#breadcrumb\",\"itemListElement\":[{\"@type\":\"ListItem\",\"position\":1,\"name\":\"home\",\"item\":\"https:\/\/www.hsymachinery.com\/\"},{\"@type\":\"ListItem\",\"position\":2,\"name\":\"products\",\"item\":\"https:\/\/www.hsymachinery.com\/products\/\"},{\"@type\":\"ListItem\",\"position\":3,\"name\":\"Walk-Behind Power Trowel PTH-L60\/70\"}]},{\"@type\":\"WebSite\",\"@id\":\"https:\/\/www.hsymachinery.com\/#website\",\"url\":\"https:\/\/www.hsymachinery.com\/\",\"name\":\"HSY Construction Machinery\",\"description\":\"HSY Machinery \u2013 A leading China construction machinery supplier, offering a wide range of light construction equipment. Our main products include Rebar Cutting Machine, Rebar Bending Machine, Rebar Stirrup Bending Machine, Rebar Arc Bending Machine, Rebar Straightening Machine, Five-Head Rebar Stirrup Bending Machine, Tamping Rammer, Plate Compactor, Concrete Cutter, Power Trowel, and other construction machinery. We are equipped with advanced CNC machines, and we enforce strict quality inspection standards along with comprehensive after-sales service. If you are interested in our products or services, we warmly welcome your inquiries via message.\",\"publisher\":{\"@id\":\"https:\/\/www.hsymachinery.com\/#organization\"},\"potentialAction\":[{\"@type\":\"SearchAction\",\"target\":{\"@type\":\"EntryPoint\",\"urlTemplate\":\"https:\/\/www.hsymachinery.com\/?s={search_term_string}\"},\"query-input\":{\"@type\":\"PropertyValueSpecification\",\"valueRequired\":true,\"valueName\":\"search_term_string\"}}],\"inLanguage\":\"lt-LT\"},{\"@type\":\"Organization\",\"@id\":\"https:\/\/www.hsymachinery.com\/#organization\",\"name\":\"HSY Construction Machinery\",\"url\":\"https:\/\/www.hsymachinery.com\/\",\"logo\":{\"@type\":\"ImageObject\",\"inLanguage\":\"lt-LT\",\"@id\":\"https:\/\/www.hsymachinery.com\/#\/schema\/logo\/image\/\",\"url\":\"https:\/\/www.hsymachinery.com\/wp-content\/uploads\/2025\/06\/cropped-HSY-machinery.png\",\"contentUrl\":\"https:\/\/www.hsymachinery.com\/wp-content\/uploads\/2025\/06\/cropped-HSY-machinery.png\",\"width\":600,\"height\":240,\"caption\":\"HSY Construction Machinery\"},\"image\":{\"@id\":\"https:\/\/www.hsymachinery.com\/#\/schema\/logo\/image\/\"}}]}<\/script>\n<!-- \/ Yoast SEO plugin. -->","yoast_head_json":{"title":"Vejamas elektrinis mentele PTH-L60\/70 - HSY statybin\u0117s ma\u0161inos","description":"Su \"Longxin\" benzininiu varikliu atliekama sklandi plok\u0161\u010di\u0173, \u0161aligatvi\u0173 ir gara\u017e\u0173 apdaila. Kompakti\u0161kas, patikimas ir paprastas naudoti.","robots":{"index":"index","follow":"follow","max-snippet":"max-snippet:-1","max-image-preview":"max-image-preview:large","max-video-preview":"max-video-preview:-1"},"canonical":"https:\/\/www.hsymachinery.com\/lt\/produktas\/vaiksciojanti-elektrine-mentele-pth-l60-70\/","og_locale":"lt_LT","og_type":"article","og_title":"Walk-Behind Power Trowel PTH-L60\/70 - HSY Construction Machinery","og_description":"Walk-Behind Power Trowel PTH-L60 with Longxin gasoline engine delivers smooth finishing for slabs, sidewalks, and garages. Compact, reliable, and easy to use.","og_url":"https:\/\/www.hsymachinery.com\/lt\/produktas\/vaiksciojanti-elektrine-mentele-pth-l60-70\/","og_site_name":"HSY Construction Machinery","article_modified_time":"2025-06-28T13:51:41+00:00","og_image":[{"width":600,"height":738,"url":"https:\/\/www.hsymachinery.com\/wp-content\/uploads\/2025\/06\/Walk-Behind-Power-Trowel-PTH-L60.jpg","type":"image\/jpeg"}],"twitter_card":"summary_large_image","twitter_misc":{"Est. reading time":"2 minut\u0117s"},"schema":{"@context":"https:\/\/schema.org","@graph":[{"@type":"WebPage","@id":"https:\/\/www.hsymachinery.com\/product\/walk-behind-power-trowel-pth-l60-70\/","url":"https:\/\/www.hsymachinery.com\/product\/walk-behind-power-trowel-pth-l60-70\/","name":"Vejamas elektrinis mentele PTH-L60\/70 - HSY statybin\u0117s ma\u0161inos","isPartOf":{"@id":"https:\/\/www.hsymachinery.com\/#website"},"primaryImageOfPage":{"@id":"https:\/\/www.hsymachinery.com\/product\/walk-behind-power-trowel-pth-l60-70\/#primaryimage"},"image":{"@id":"https:\/\/www.hsymachinery.com\/product\/walk-behind-power-trowel-pth-l60-70\/#primaryimage"},"thumbnailUrl":"https:\/\/www.hsymachinery.com\/wp-content\/uploads\/2025\/06\/Walk-Behind-Power-Trowel-PTH-L60.jpg","datePublished":"2025-06-18T10:18:13+00:00","dateModified":"2025-06-28T13:51:41+00:00","description":"Su \"Longxin\" benzininiu varikliu atliekama sklandi plok\u0161\u010di\u0173, \u0161aligatvi\u0173 ir gara\u017e\u0173 apdaila. Kompakti\u0161kas, patikimas ir paprastas naudoti.","breadcrumb":{"@id":"https:\/\/www.hsymachinery.com\/product\/walk-behind-power-trowel-pth-l60-70\/#breadcrumb"},"inLanguage":"lt-LT","potentialAction":[{"@type":"ReadAction","target":["https:\/\/www.hsymachinery.com\/product\/walk-behind-power-trowel-pth-l60-70\/"]}]},{"@type":"ImageObject","inLanguage":"lt-LT","@id":"https:\/\/www.hsymachinery.com\/product\/walk-behind-power-trowel-pth-l60-70\/#primaryimage","url":"https:\/\/www.hsymachinery.com\/wp-content\/uploads\/2025\/06\/Walk-Behind-Power-Trowel-PTH-L60.jpg","contentUrl":"https:\/\/www.hsymachinery.com\/wp-content\/uploads\/2025\/06\/Walk-Behind-Power-Trowel-PTH-L60.jpg","width":600,"height":738},{"@type":"BreadcrumbList","@id":"https:\/\/www.hsymachinery.com\/product\/walk-behind-power-trowel-pth-l60-70\/#breadcrumb","itemListElement":[{"@type":"ListItem","position":1,"name":"home","item":"https:\/\/www.hsymachinery.com\/"},{"@type":"ListItem","position":2,"name":"products","item":"https:\/\/www.hsymachinery.com\/products\/"},{"@type":"ListItem","position":3,"name":"Walk-Behind Power Trowel PTH-L60\/70"}]},{"@type":"WebSite","@id":"https:\/\/www.hsymachinery.com\/#website","url":"https:\/\/www.hsymachinery.com\/","name":"HSY statybin\u0117s ma\u0161inos","description":"\"HSY Machinery\" - pirmaujanti Kinijos statybos ma\u0161in\u0173 tiek\u0117ja, si\u016blanti plat\u0173 lengvosios statybos \u012frangos asortiment\u0105. Pagrindiniai m\u016bs\u0173 produktai - armat\u016bros pjovimo stakl\u0117s, armat\u016bros lenkimo stakl\u0117s, armat\u016bros stryp\u0173 lenkimo stakl\u0117s, armat\u016bros lanko lenkimo stakl\u0117s, armat\u016bros tiesinimo stakl\u0117s, penki\u0173 galvu\u010di\u0173 armat\u016bros stryp\u0173 lenkimo stakl\u0117s, tankinimo plaktukas, plok\u0161\u010di\u0173 tankintuvas, betono pjaustykl\u0117, elektrin\u0117 mentele ir kita statybin\u0117 technika. Turime pa\u017eangias CNC stakles, taikome grie\u017etus kokyb\u0117s tikrinimo standartus ir teikiame visapusi\u0161kas garantinio aptarnavimo paslaugas. Jei jus domina m\u016bs\u0173 gaminiai ar paslaugos, maloniai laukiame j\u016bs\u0173 u\u017eklaus\u0173 \u017einute.","publisher":{"@id":"https:\/\/www.hsymachinery.com\/#organization"},"potentialAction":[{"@type":"SearchAction","target":{"@type":"EntryPoint","urlTemplate":"https:\/\/www.hsymachinery.com\/?s={search_term_string}"},"query-input":{"@type":"PropertyValueSpecification","valueRequired":true,"valueName":"search_term_string"}}],"inLanguage":"lt-LT"},{"@type":"Organization","@id":"https:\/\/www.hsymachinery.com\/#organization","name":"HSY statybin\u0117s ma\u0161inos","url":"https:\/\/www.hsymachinery.com\/","logo":{"@type":"ImageObject","inLanguage":"lt-LT","@id":"https:\/\/www.hsymachinery.com\/#\/schema\/logo\/image\/","url":"https:\/\/www.hsymachinery.com\/wp-content\/uploads\/2025\/06\/cropped-HSY-machinery.png","contentUrl":"https:\/\/www.hsymachinery.com\/wp-content\/uploads\/2025\/06\/cropped-HSY-machinery.png","width":600,"height":240,"caption":"HSY Construction Machinery"},"image":{"@id":"https:\/\/www.hsymachinery.com\/#\/schema\/logo\/image\/"}}]}},"_links":{"self":[{"href":"https:\/\/www.hsymachinery.com\/lt\/wp-json\/wp\/v2\/product\/9163","targetHints":{"allow":["GET"]}}],"collection":[{"href":"https:\/\/www.hsymachinery.com\/lt\/wp-json\/wp\/v2\/product"}],"about":[{"href":"https:\/\/www.hsymachinery.com\/lt\/wp-json\/wp\/v2\/types\/product"}],"version-history":[{"count":3,"href":"https:\/\/www.hsymachinery.com\/lt\/wp-json\/wp\/v2\/product\/9163\/revisions"}],"predecessor-version":[{"id":9575,"href":"https:\/\/www.hsymachinery.com\/lt\/wp-json\/wp\/v2\/product\/9163\/revisions\/9575"}],"wp:featuredmedia":[{"embeddable":true,"href":"https:\/\/www.hsymachinery.com\/lt\/wp-json\/wp\/v2\/media\/9164"}],"wp:attachment":[{"href":"https:\/\/www.hsymachinery.com\/lt\/wp-json\/wp\/v2\/media?parent=9163"}],"wp:term":[{"taxonomy":"product_brand","embeddable":true,"href":"https:\/\/www.hsymachinery.com\/lt\/wp-json\/wp\/v2\/product_brand?post=9163"},{"taxonomy":"product_cat","embeddable":true,"href":"https:\/\/www.hsymachinery.com\/lt\/wp-json\/wp\/v2\/product_cat?post=9163"},{"taxonomy":"product_tag","embeddable":true,"href":"https:\/\/www.hsymachinery.com\/lt\/wp-json\/wp\/v2\/product_tag?post=9163"}],"curies":[{"name":"wp","href":"https:\/\/api.w.org\/{rel}","templated":true}]}}