{"id":9160,"date":"2025-06-18T18:09:14","date_gmt":"2025-06-18T10:09:14","guid":{"rendered":"https:\/\/www.hsymachinery.com\/?post_type=product&#038;p=9160"},"modified":"2025-06-28T21:30:28","modified_gmt":"2025-06-28T13:30:28","slug":"betono-pjaustykle-hq-c800","status":"publish","type":"product","link":"https:\/\/www.hsymachinery.com\/lt\/produktas\/betono-pjaustykle-hq-c800\/","title":{"rendered":"Betono pjaustytuvas HQ-C800"},"content":{"rendered":"<h2 data-start=\"137\" data-end=\"168\">Betono pjaustytuvas HQ-C800<\/h2>\n<h3 data-start=\"169\" data-end=\"294\">HQ-C800 Didelio galingumo dyzelinis betono pjaustytuvas | itin gilus, taupiai degalus naudojantis betono pj\u016bklas, skirtas pramoninei ir greitkeli\u0173 statybai<\/h3>\n<h3 data-start=\"301\" data-end=\"393\">Produkto apra\u0161ymas - Did\u017eiausias pjovimo gylis ir ilgaam\u017ei\u0161kumas reiklioje aplinkoje<a href=\"https:\/\/www.hsymachinery.com\/lt\/produktai\/betono-pjaustytuvas\/\" target=\"_blank\" rel=\"noopener\"><img fetchpriority=\"high\" decoding=\"async\" class=\"wp-image-9161 alignright\" src=\"https:\/\/www.hsymachinery.com\/wp-content\/uploads\/2025\/06\/Concrete-Cutter-HQ-C800-300x300.jpg\" alt=\"\" width=\"451\" height=\"451\" srcset=\"https:\/\/www.hsymachinery.com\/wp-content\/uploads\/2025\/06\/Concrete-Cutter-HQ-C800-300x300.jpg 300w, https:\/\/www.hsymachinery.com\/wp-content\/uploads\/2025\/06\/Concrete-Cutter-HQ-C800-150x150.jpg 150w, https:\/\/www.hsymachinery.com\/wp-content\/uploads\/2025\/06\/Concrete-Cutter-HQ-C800-100x100.jpg 100w, https:\/\/www.hsymachinery.com\/wp-content\/uploads\/2025\/06\/Concrete-Cutter-HQ-C800.jpg 600w\" sizes=\"(max-width: 451px) 100vw, 451px\" \/><\/a><\/h3>\n<p data-start=\"395\" data-end=\"807\">Svetain\u0117 <strong data-start=\"399\" data-end=\"426\">HQ-C800 betono pjaustytuvas<\/strong> tai sustiprinta dyzelinu varoma ma\u0161ina, skirta itin giliam ir nepertraukiamam pjovimui pramon\u0117je, keliuose ir pamatuose. Didel\u0117s galios dyzelinis variklis u\u017etikrina sukimo moment\u0105 ir gali\u0105, kuri\u0173 reikia norint lengvai pjauti gel\u017ebeton\u012f, asfalto kelius ir betono pagrindo sluoksnius - net ekstremaliomis lauko s\u0105lygomis.<\/p>\n<p data-start=\"809\" data-end=\"1165\">\u0160is modelis su patobulintu konstrukciniu r\u0117mu, padidinto dyd\u017eio pjovimo peili\u0173 atrama ir ilgaam\u017eiais guoliais puikiai tinka dideliems, sud\u0117tingiems darbams, kuriems reikia i\u0161tverm\u0117s, patikimumo ir gylio. HQ-C800 reguliuojamo pjovimo gylio sistema u\u017etikrina tikslius ir pastovius rezultatus net pjaunant gilias deformacines si\u016bles ar aptarnavimo kanalus.<\/p>\n<p data-start=\"1167\" data-end=\"1303\">Didelis vandens rezervuaras pagerina dulki\u0173 kontrol\u0119 ir peili\u0173 au\u0161inim\u0105, tod\u0117l galima ilgiau nepertraukiamai dirbti ir prailginti peili\u0173 tarnavimo laik\u0105.<\/p>\n<h3 data-start=\"1310\" data-end=\"1363\">Pagrindin\u0117s HQ-C800 dyzelinio betono pjaustytuvo savyb\u0117s<\/h3>\n<ul data-start=\"1365\" data-end=\"1788\">\n<li data-start=\"1365\" data-end=\"1430\">\n<p data-start=\"1367\" data-end=\"1430\">Galingas dyzelinis variklis su didesniu sukimo momentu, skirtas sunkiems pjovimo darbams<\/p>\n<\/li>\n<li data-start=\"1431\" data-end=\"1499\">\n<p data-start=\"1433\" data-end=\"1499\">Galimyb\u0117 pjauti didesniu gyliu stor\u0105 beton\u0105 ir asfalt\u0105<\/p>\n<\/li>\n<li data-start=\"1500\" data-end=\"1579\">\n<p data-start=\"1502\" data-end=\"1579\">Didelio atsparumo r\u0117mas, pasi\u017eymintis padidintu konstrukcijos tvirtumu ir atsparumu vibracijai<\/p>\n<\/li>\n<li data-start=\"1580\" data-end=\"1647\">\n<p data-start=\"1582\" data-end=\"1647\">Suderinamas su didesni\u0173 dyd\u017ei\u0173 a\u0161menimis pramoniniam pjovimui<\/p>\n<\/li>\n<li data-start=\"1648\" data-end=\"1709\">\n<p data-start=\"1650\" data-end=\"1709\">Integruota vandens au\u0161inimo sistema, u\u017etikrinanti saug\u0173 ir \u0161var\u0173 veikim\u0105<\/p>\n<\/li>\n<li data-start=\"1710\" data-end=\"1788\">\n<p data-start=\"1712\" data-end=\"1788\">Skirtas naudoti greitkeliuose, gamyklose, infrastrukt\u016bros objektuose ir tiltuose.<\/p>\n<\/li>\n<\/ul>\n<h3 data-start=\"1795\" data-end=\"1872\">Taikymas - idealiai tinka keliams, tiltams, oro uostams ir statyb\u0173 aik\u0161tel\u0117ms<\/h3>\n<p data-start=\"1874\" data-end=\"2192\">HQ-C800 sukurtas sunkiausiems pjovimo darbams, susijusiems su keli\u0173 platinimu, tilt\u0173 dugno grioveli\u0173 darymu, oro uost\u0173 dangos tran\u0161\u0117j\u0173 kasimu ir komunalini\u0173 linij\u0173 pjovimu. D\u0117l taupiai degalus naudojan\u010dios dyzelin\u0117s sistemos jis yra patikimas sprendimas atokiose vietov\u0117se ir ilgoms darbo pamainoms, kai elektriniai \u012frankiai ne\u012fmanomi.<\/p>\n<p data-start=\"2194\" data-end=\"2402\">Rangovai pasitiki \u0161ia ma\u0161ina d\u0117l jos pjovimo galios, konstrukcijos vientisumo ir nedideli\u0173 eksploatavimo s\u0105naud\u0173, tod\u0117l ji yra auk\u0161\u010diausio lygio investicija \u012fmon\u0117ms, orientuotoms \u012f produktyvum\u0105 ir ilgalaik\u012f na\u0161um\u0105.<\/p>\n<p><iframe title=\"betono pjaustytuvas, betono pjaustymas, elektrinis pjaustytuvas, betono #konkretizatorius #konkretizavimas #pjaustytuvas\" width=\"720\" height=\"405\" src=\"https:\/\/www.youtube.com\/embed\/jd-0RTo7CAs?feature=oembed\" frameborder=\"0\" allow=\"accelerometer; autoplay; clipboard-write; encrypted-media; gyroscope; picture-in-picture; web-share\" referrerpolicy=\"strict-origin-when-cross-origin\" allowfullscreen><\/iframe><\/p>","protected":false},"excerpt":{"rendered":"<p>HQ-C800 dyzelinis betono pjaustytuvas itin giliai ir efektyviai pjauna stor\u0105 beton\u0105 ir asfalt\u0105 keliuose, tiltuose ir dideliuose infrastrukt\u016bros projektuose.<\/p>","protected":false},"featured_media":9161,"template":"","meta":{"_kad_post_transparent":"default","_kad_post_title":"","_kad_post_layout":"default","_kad_post_sidebar_id":"","_kad_post_content_style":"default","_kad_post_vertical_padding":"default","_kad_post_feature":"","_kad_post_feature_position":"","_kad_post_header":false,"_kad_post_footer":false},"product_brand":[],"product_cat":[57],"product_tag":[1073,1071,1080,1076,1078,1074,1077,1079,1072,1075],"class_list":{"0":"post-9160","1":"product","2":"type-product","3":"status-publish","4":"has-post-thumbnail","6":"product_cat-concrete-cutter","7":"product_tag-asphalt-cutter","8":"product_tag-concrete-cutting-machine","9":"product_tag-concrete-groove-cutting-machine","10":"product_tag-diesel-concrete-cutter","11":"product_tag-electric-concrete-cutter","12":"product_tag-floor-saw-machine","13":"product_tag-gasoline-concrete-cutter","14":"product_tag-pavement-cutter-machine","15":"product_tag-road-cutting-machine","16":"product_tag-walk-behind-concrete-cutter","18":"first","19":"instock","20":"shipping-taxable","21":"product-type-simple","22":"entry","23":"content-bg","24":"loop-entry"},"yoast_head":"<!-- This site is optimized with the Yoast SEO plugin v25.3.1 - https:\/\/yoast.com\/wordpress\/plugins\/seo\/ -->\n<title>Concrete Cutter HQ-C800 - HSY Construction Machinery<\/title>\n<meta name=\"description\" content=\"HQ-C800 diesel concrete cutter delivers ultra-deep, stable cutting performance for roads, bridge decks, and thick concrete foundations. Rugged and fuel-efficient.\" \/>\n<meta name=\"robots\" content=\"index, follow, max-snippet:-1, max-image-preview:large, max-video-preview:-1\" \/>\n<link rel=\"canonical\" href=\"https:\/\/www.hsymachinery.com\/lt\/produktas\/betono-pjaustykle-hq-c800\/\" \/>\n<meta property=\"og:locale\" content=\"lt_LT\" \/>\n<meta property=\"og:type\" content=\"article\" \/>\n<meta property=\"og:title\" content=\"Concrete Cutter HQ-C800 - HSY Construction Machinery\" \/>\n<meta property=\"og:description\" content=\"HQ-C800 diesel concrete cutter delivers ultra-deep, stable cutting performance for roads, bridge decks, and thick concrete foundations. Rugged and fuel-efficient.\" \/>\n<meta property=\"og:url\" content=\"https:\/\/www.hsymachinery.com\/lt\/produktas\/betono-pjaustykle-hq-c800\/\" \/>\n<meta property=\"og:site_name\" content=\"HSY Construction Machinery\" \/>\n<meta property=\"article:modified_time\" content=\"2025-06-28T13:30:28+00:00\" \/>\n<meta property=\"og:image\" content=\"https:\/\/www.hsymachinery.com\/wp-content\/uploads\/2025\/06\/Concrete-Cutter-HQ-C800.jpg\" \/>\n\t<meta property=\"og:image:width\" content=\"600\" \/>\n\t<meta property=\"og:image:height\" content=\"600\" \/>\n\t<meta property=\"og:image:type\" content=\"image\/jpeg\" \/>\n<meta name=\"twitter:card\" content=\"summary_large_image\" \/>\n<meta name=\"twitter:label1\" content=\"Est. reading time\" \/>\n\t<meta name=\"twitter:data1\" content=\"2 minut\u0117s\" \/>\n<script type=\"application\/ld+json\" class=\"yoast-schema-graph\">{\"@context\":\"https:\/\/schema.org\",\"@graph\":[{\"@type\":\"WebPage\",\"@id\":\"https:\/\/www.hsymachinery.com\/product\/concrete-cutter-hq-c800\/\",\"url\":\"https:\/\/www.hsymachinery.com\/product\/concrete-cutter-hq-c800\/\",\"name\":\"Concrete Cutter HQ-C800 - HSY Construction Machinery\",\"isPartOf\":{\"@id\":\"https:\/\/www.hsymachinery.com\/#website\"},\"primaryImageOfPage\":{\"@id\":\"https:\/\/www.hsymachinery.com\/product\/concrete-cutter-hq-c800\/#primaryimage\"},\"image\":{\"@id\":\"https:\/\/www.hsymachinery.com\/product\/concrete-cutter-hq-c800\/#primaryimage\"},\"thumbnailUrl\":\"https:\/\/www.hsymachinery.com\/wp-content\/uploads\/2025\/06\/Concrete-Cutter-HQ-C800.jpg\",\"datePublished\":\"2025-06-18T10:09:14+00:00\",\"dateModified\":\"2025-06-28T13:30:28+00:00\",\"description\":\"HQ-C800 diesel concrete cutter delivers ultra-deep, stable cutting performance for roads, bridge decks, and thick concrete foundations. Rugged and fuel-efficient.\",\"breadcrumb\":{\"@id\":\"https:\/\/www.hsymachinery.com\/product\/concrete-cutter-hq-c800\/#breadcrumb\"},\"inLanguage\":\"lt-LT\",\"potentialAction\":[{\"@type\":\"ReadAction\",\"target\":[\"https:\/\/www.hsymachinery.com\/product\/concrete-cutter-hq-c800\/\"]}]},{\"@type\":\"ImageObject\",\"inLanguage\":\"lt-LT\",\"@id\":\"https:\/\/www.hsymachinery.com\/product\/concrete-cutter-hq-c800\/#primaryimage\",\"url\":\"https:\/\/www.hsymachinery.com\/wp-content\/uploads\/2025\/06\/Concrete-Cutter-HQ-C800.jpg\",\"contentUrl\":\"https:\/\/www.hsymachinery.com\/wp-content\/uploads\/2025\/06\/Concrete-Cutter-HQ-C800.jpg\",\"width\":600,\"height\":600},{\"@type\":\"BreadcrumbList\",\"@id\":\"https:\/\/www.hsymachinery.com\/product\/concrete-cutter-hq-c800\/#breadcrumb\",\"itemListElement\":[{\"@type\":\"ListItem\",\"position\":1,\"name\":\"home\",\"item\":\"https:\/\/www.hsymachinery.com\/\"},{\"@type\":\"ListItem\",\"position\":2,\"name\":\"products\",\"item\":\"https:\/\/www.hsymachinery.com\/products\/\"},{\"@type\":\"ListItem\",\"position\":3,\"name\":\"Concrete Cutter HQ-C800\"}]},{\"@type\":\"WebSite\",\"@id\":\"https:\/\/www.hsymachinery.com\/#website\",\"url\":\"https:\/\/www.hsymachinery.com\/\",\"name\":\"HSY Construction Machinery\",\"description\":\"HSY Machinery \u2013 A leading China construction machinery supplier, offering a wide range of light construction equipment. Our main products include Rebar Cutting Machine, Rebar Bending Machine, Rebar Stirrup Bending Machine, Rebar Arc Bending Machine, Rebar Straightening Machine, Five-Head Rebar Stirrup Bending Machine, Tamping Rammer, Plate Compactor, Concrete Cutter, Power Trowel, and other construction machinery. We are equipped with advanced CNC machines, and we enforce strict quality inspection standards along with comprehensive after-sales service. If you are interested in our products or services, we warmly welcome your inquiries via message.\",\"publisher\":{\"@id\":\"https:\/\/www.hsymachinery.com\/#organization\"},\"potentialAction\":[{\"@type\":\"SearchAction\",\"target\":{\"@type\":\"EntryPoint\",\"urlTemplate\":\"https:\/\/www.hsymachinery.com\/?s={search_term_string}\"},\"query-input\":{\"@type\":\"PropertyValueSpecification\",\"valueRequired\":true,\"valueName\":\"search_term_string\"}}],\"inLanguage\":\"lt-LT\"},{\"@type\":\"Organization\",\"@id\":\"https:\/\/www.hsymachinery.com\/#organization\",\"name\":\"HSY Construction Machinery\",\"url\":\"https:\/\/www.hsymachinery.com\/\",\"logo\":{\"@type\":\"ImageObject\",\"inLanguage\":\"lt-LT\",\"@id\":\"https:\/\/www.hsymachinery.com\/#\/schema\/logo\/image\/\",\"url\":\"https:\/\/www.hsymachinery.com\/wp-content\/uploads\/2025\/06\/cropped-HSY-machinery.png\",\"contentUrl\":\"https:\/\/www.hsymachinery.com\/wp-content\/uploads\/2025\/06\/cropped-HSY-machinery.png\",\"width\":600,\"height\":240,\"caption\":\"HSY Construction Machinery\"},\"image\":{\"@id\":\"https:\/\/www.hsymachinery.com\/#\/schema\/logo\/image\/\"}}]}<\/script>\n<!-- \/ Yoast SEO plugin. -->","yoast_head_json":{"title":"Betono pjaustytuvas HQ-C800 - HSY statybin\u0117s ma\u0161inos","description":"HQ-C800 dyzelinis betono pjaustytuvas u\u017etikrina itin gil\u0173 ir stabil\u0173 pjovim\u0105 keliuose, tilt\u0173 deniuose ir storiuose betono pamatuose. Tvirtas ir taupus.","robots":{"index":"index","follow":"follow","max-snippet":"max-snippet:-1","max-image-preview":"max-image-preview:large","max-video-preview":"max-video-preview:-1"},"canonical":"https:\/\/www.hsymachinery.com\/lt\/produktas\/betono-pjaustykle-hq-c800\/","og_locale":"lt_LT","og_type":"article","og_title":"Concrete Cutter HQ-C800 - HSY Construction Machinery","og_description":"HQ-C800 diesel concrete cutter delivers ultra-deep, stable cutting performance for roads, bridge decks, and thick concrete foundations. Rugged and fuel-efficient.","og_url":"https:\/\/www.hsymachinery.com\/lt\/produktas\/betono-pjaustykle-hq-c800\/","og_site_name":"HSY Construction Machinery","article_modified_time":"2025-06-28T13:30:28+00:00","og_image":[{"width":600,"height":600,"url":"https:\/\/www.hsymachinery.com\/wp-content\/uploads\/2025\/06\/Concrete-Cutter-HQ-C800.jpg","type":"image\/jpeg"}],"twitter_card":"summary_large_image","twitter_misc":{"Est. reading time":"2 minut\u0117s"},"schema":{"@context":"https:\/\/schema.org","@graph":[{"@type":"WebPage","@id":"https:\/\/www.hsymachinery.com\/product\/concrete-cutter-hq-c800\/","url":"https:\/\/www.hsymachinery.com\/product\/concrete-cutter-hq-c800\/","name":"Betono pjaustytuvas HQ-C800 - HSY statybin\u0117s ma\u0161inos","isPartOf":{"@id":"https:\/\/www.hsymachinery.com\/#website"},"primaryImageOfPage":{"@id":"https:\/\/www.hsymachinery.com\/product\/concrete-cutter-hq-c800\/#primaryimage"},"image":{"@id":"https:\/\/www.hsymachinery.com\/product\/concrete-cutter-hq-c800\/#primaryimage"},"thumbnailUrl":"https:\/\/www.hsymachinery.com\/wp-content\/uploads\/2025\/06\/Concrete-Cutter-HQ-C800.jpg","datePublished":"2025-06-18T10:09:14+00:00","dateModified":"2025-06-28T13:30:28+00:00","description":"HQ-C800 dyzelinis betono pjaustytuvas u\u017etikrina itin gil\u0173 ir stabil\u0173 pjovim\u0105 keliuose, tilt\u0173 deniuose ir storiuose betono pamatuose. Tvirtas ir taupus.","breadcrumb":{"@id":"https:\/\/www.hsymachinery.com\/product\/concrete-cutter-hq-c800\/#breadcrumb"},"inLanguage":"lt-LT","potentialAction":[{"@type":"ReadAction","target":["https:\/\/www.hsymachinery.com\/product\/concrete-cutter-hq-c800\/"]}]},{"@type":"ImageObject","inLanguage":"lt-LT","@id":"https:\/\/www.hsymachinery.com\/product\/concrete-cutter-hq-c800\/#primaryimage","url":"https:\/\/www.hsymachinery.com\/wp-content\/uploads\/2025\/06\/Concrete-Cutter-HQ-C800.jpg","contentUrl":"https:\/\/www.hsymachinery.com\/wp-content\/uploads\/2025\/06\/Concrete-Cutter-HQ-C800.jpg","width":600,"height":600},{"@type":"BreadcrumbList","@id":"https:\/\/www.hsymachinery.com\/product\/concrete-cutter-hq-c800\/#breadcrumb","itemListElement":[{"@type":"ListItem","position":1,"name":"home","item":"https:\/\/www.hsymachinery.com\/"},{"@type":"ListItem","position":2,"name":"products","item":"https:\/\/www.hsymachinery.com\/products\/"},{"@type":"ListItem","position":3,"name":"Concrete Cutter HQ-C800"}]},{"@type":"WebSite","@id":"https:\/\/www.hsymachinery.com\/#website","url":"https:\/\/www.hsymachinery.com\/","name":"HSY statybin\u0117s ma\u0161inos","description":"\"HSY Machinery\" - pirmaujanti Kinijos statybos ma\u0161in\u0173 tiek\u0117ja, si\u016blanti plat\u0173 lengvosios statybos \u012frangos asortiment\u0105. Pagrindiniai m\u016bs\u0173 produktai - armat\u016bros pjovimo stakl\u0117s, armat\u016bros lenkimo stakl\u0117s, armat\u016bros stryp\u0173 lenkimo stakl\u0117s, armat\u016bros lanko lenkimo stakl\u0117s, armat\u016bros tiesinimo stakl\u0117s, penki\u0173 galvu\u010di\u0173 armat\u016bros stryp\u0173 lenkimo stakl\u0117s, tankinimo plaktukas, plok\u0161\u010di\u0173 tankintuvas, betono pjaustykl\u0117, elektrin\u0117 mentele ir kita statybin\u0117 technika. Turime pa\u017eangias CNC stakles, taikome grie\u017etus kokyb\u0117s tikrinimo standartus ir teikiame visapusi\u0161kas garantinio aptarnavimo paslaugas. Jei jus domina m\u016bs\u0173 gaminiai ar paslaugos, maloniai laukiame j\u016bs\u0173 u\u017eklaus\u0173 \u017einute.","publisher":{"@id":"https:\/\/www.hsymachinery.com\/#organization"},"potentialAction":[{"@type":"SearchAction","target":{"@type":"EntryPoint","urlTemplate":"https:\/\/www.hsymachinery.com\/?s={search_term_string}"},"query-input":{"@type":"PropertyValueSpecification","valueRequired":true,"valueName":"search_term_string"}}],"inLanguage":"lt-LT"},{"@type":"Organization","@id":"https:\/\/www.hsymachinery.com\/#organization","name":"HSY statybin\u0117s ma\u0161inos","url":"https:\/\/www.hsymachinery.com\/","logo":{"@type":"ImageObject","inLanguage":"lt-LT","@id":"https:\/\/www.hsymachinery.com\/#\/schema\/logo\/image\/","url":"https:\/\/www.hsymachinery.com\/wp-content\/uploads\/2025\/06\/cropped-HSY-machinery.png","contentUrl":"https:\/\/www.hsymachinery.com\/wp-content\/uploads\/2025\/06\/cropped-HSY-machinery.png","width":600,"height":240,"caption":"HSY Construction Machinery"},"image":{"@id":"https:\/\/www.hsymachinery.com\/#\/schema\/logo\/image\/"}}]}},"_links":{"self":[{"href":"https:\/\/www.hsymachinery.com\/lt\/wp-json\/wp\/v2\/product\/9160","targetHints":{"allow":["GET"]}}],"collection":[{"href":"https:\/\/www.hsymachinery.com\/lt\/wp-json\/wp\/v2\/product"}],"about":[{"href":"https:\/\/www.hsymachinery.com\/lt\/wp-json\/wp\/v2\/types\/product"}],"version-history":[{"count":3,"href":"https:\/\/www.hsymachinery.com\/lt\/wp-json\/wp\/v2\/product\/9160\/revisions"}],"predecessor-version":[{"id":9571,"href":"https:\/\/www.hsymachinery.com\/lt\/wp-json\/wp\/v2\/product\/9160\/revisions\/9571"}],"wp:featuredmedia":[{"embeddable":true,"href":"https:\/\/www.hsymachinery.com\/lt\/wp-json\/wp\/v2\/media\/9161"}],"wp:attachment":[{"href":"https:\/\/www.hsymachinery.com\/lt\/wp-json\/wp\/v2\/media?parent=9160"}],"wp:term":[{"taxonomy":"product_brand","embeddable":true,"href":"https:\/\/www.hsymachinery.com\/lt\/wp-json\/wp\/v2\/product_brand?post=9160"},{"taxonomy":"product_cat","embeddable":true,"href":"https:\/\/www.hsymachinery.com\/lt\/wp-json\/wp\/v2\/product_cat?post=9160"},{"taxonomy":"product_tag","embeddable":true,"href":"https:\/\/www.hsymachinery.com\/lt\/wp-json\/wp\/v2\/product_tag?post=9160"}],"curies":[{"name":"wp","href":"https:\/\/api.w.org\/{rel}","templated":true}]}}