{"id":9148,"date":"2025-06-18T18:04:34","date_gmt":"2025-06-18T10:04:34","guid":{"rendered":"https:\/\/www.hsymachinery.com\/?post_type=product&#038;p=9148"},"modified":"2025-06-28T21:07:27","modified_gmt":"2025-06-28T13:07:27","slug":"betono-pjaustytuvas-hq-d400","status":"publish","type":"product","link":"https:\/\/www.hsymachinery.com\/lt\/produktas\/betono-pjaustytuvas-hq-d400\/","title":{"rendered":"Betono pjaustytuvas HQ-D400"},"content":{"rendered":"<h2 data-start=\"122\" data-end=\"153\">Betono pjaustytuvas HQ-D400<\/h2>\n<h3 data-start=\"154\" data-end=\"266\">HQ-D400 elektrinis betono pjaustytuvas | Tylus, nei\u0161metantis joki\u0173 ter\u0161al\u0173 betono pj\u016bklas, skirtas vidaus ir miesto statybviet\u0117ms<\/h3>\n<h3 data-start=\"273\" data-end=\"367\">Gaminio apra\u0161ymas - Ekologi\u0161kos elektrin\u0117s pjaustykl\u0117s, skirtos tyliam ir tiksliam betonavimo darbui<a href=\"https:\/\/www.hsymachinery.com\/lt\/produktai\/betono-pjaustytuvas\/\" target=\"_blank\" rel=\"noopener\"><img fetchpriority=\"high\" decoding=\"async\" class=\"wp-image-9547 alignright\" src=\"https:\/\/www.hsymachinery.com\/wp-content\/uploads\/2025\/06\/Electric-Concrete-Cutter-147x300.jpg\" alt=\"\" width=\"454\" height=\"926\" \/><\/a><\/h3>\n<p data-start=\"369\" data-end=\"776\">Svetain\u0117 <strong data-start=\"373\" data-end=\"400\">HQ-D400 betono pjaustytuvas<\/strong> yra varomas didelio efektyvumo elektros varikliu, tod\u0117l si\u016blo tyl\u0173, jokios tar\u0161os nei\u0161skiriant\u012f betono pjovimo sprendim\u0105, skirt\u0105 pjauti beton\u0105 miestuose, gyvenamosiose vietov\u0117se ir u\u017edarose patalpose. \u0160is modelis idealiai tinka projektams, kuriems reikia \u0161varaus darbo, ma\u017eos vibracijos ir tikslaus pjovimo na\u0161umo be benzinini\u0173 ar dyzelini\u0173 ma\u0161in\u0173 degal\u0173 gar\u0173 ir triuk\u0161mo.<\/p>\n<p data-start=\"778\" data-end=\"1100\">Profesionaliems rangovams skirtas HQ-D400 apdoroja \u012fvairias med\u017eiagas, \u012fskaitant betono plok\u0161tes, grindin\u012f, plyteles ir asfalto lopus. Reguliuojamo pjovimo gylio mechanizmas ir stabilus plieninis r\u0117mas leid\u017eia operatoriams atlikti \u0161varius ir kontroliuojamus pj\u016bvius net ank\u0161tose ar u\u017edarose erdv\u0117se.<\/p>\n<p data-start=\"1102\" data-end=\"1270\">Be to, \u012fmontuotas vandens rezervuaras padeda suma\u017einti dulk\u0117tum\u0105 pjovimo metu ir prailgina peili\u0173 tarnavimo laik\u0105, tod\u0117l HQ-D400 yra ir efektyvus, ir ekologi\u0161kas.<\/p>\n<h3 data-start=\"1277\" data-end=\"1332\">Pagrindin\u0117s HQ-D400 elektrin\u0117s betono pjaustykl\u0117s savyb\u0117s<\/h3>\n<ul data-start=\"1334\" data-end=\"1695\">\n<li data-start=\"1334\" data-end=\"1387\">\n<p data-start=\"1336\" data-end=\"1387\">Veikiamas patvaraus ir efektyvaus elektros variklio<\/p>\n<\/li>\n<li data-start=\"1388\" data-end=\"1459\">\n<p data-start=\"1390\" data-end=\"1459\">Idealiai tinka triuk\u0161mui jautrioms zonoms, vidaus darbams ir gyvenamosioms patalpoms<\/p>\n<\/li>\n<li data-start=\"1460\" data-end=\"1514\">\n<p data-start=\"1462\" data-end=\"1514\">Reguliuojamas pjovimo gylis, kad b\u016bt\u0173 galima universaliai naudoti vietoje<\/p>\n<\/li>\n<li data-start=\"1515\" data-end=\"1568\">\n<p data-start=\"1517\" data-end=\"1568\">Sklandus, stabilus veikimas su minimalia vibracija<\/p>\n<\/li>\n<li data-start=\"1569\" data-end=\"1633\">\n<p data-start=\"1571\" data-end=\"1633\">Integruotas vandens bakas a\u0161menims au\u0161inti ir dulk\u0117ms slopinti<\/p>\n<\/li>\n<li data-start=\"1634\" data-end=\"1695\">\n<p data-start=\"1636\" data-end=\"1695\">Lengva pri\u017ei\u016br\u0117ti, nereikalauja degal\u0173 ir ilgainiui tampa ekonomi\u0161kai efektyvus.<\/p>\n<\/li>\n<\/ul>\n<h3 data-start=\"1702\" data-end=\"1780\">Programos - geriausias pasirinkimas vidaus plok\u0161\u010di\u0173 pjovimui ir miest\u0173 keli\u0173 remontui<\/h3>\n<p data-start=\"1782\" data-end=\"2087\">HQ-D400 pla\u010diai naudojamas patalp\u0173 renovacijai, daugiabu\u010di\u0173 r\u016bsi\u0173 darbams, automobili\u0173 stov\u0117jimo aik\u0161teli\u0173 gara\u017eams, \u0161aligatvi\u0173 prie\u017ei\u016brai ir ekologi\u0161kos statybos projektams. D\u0117l to, kad jis veikia be tar\u0161os, jis atitinka \u0161iuolaikines statybos taisykles miestuose, kuriuose degimo varikliais varom\u0173 \u012franki\u0173 naudojimas yra ribojamas.<\/p>\n<p data-start=\"2089\" data-end=\"2288\">\u0160is modelis ypa\u010d tinka rangovams, statybininkams ir savivaldybi\u0173 komandoms, kurioms reikia patikimo pjovimo sprendimo, atitinkan\u010dio aplinkosaugos ir na\u0161umo standartus.<\/p>\n<p><iframe title=\"betono pjaustytuvas, betono pjaustymas, betono pjaustytuvas, betono pjaustytuvas, betono pjaustytuvas\" width=\"720\" height=\"405\" src=\"https:\/\/www.youtube.com\/embed\/egJcI18gCcg?feature=oembed\" frameborder=\"0\" allow=\"accelerometer; autoplay; clipboard-write; encrypted-media; gyroscope; picture-in-picture; web-share\" referrerpolicy=\"strict-origin-when-cross-origin\" allowfullscreen><\/iframe><\/p>","protected":false},"excerpt":{"rendered":"<p>HQ-D400 elektrinis betono pjaustytuvas u\u017etikrina \u0161var\u0173 ir tyl\u0173 pjovim\u0105 atliekant darbus patalpose ir miestuose. Nulin\u0117s emisijos veikimas su tiksliu gylio reguliavimu ir dulki\u0173 slopinimu.<\/p>","protected":false},"featured_media":9149,"template":"","meta":{"_kad_post_transparent":"default","_kad_post_title":"","_kad_post_layout":"default","_kad_post_sidebar_id":"","_kad_post_content_style":"default","_kad_post_vertical_padding":"default","_kad_post_feature":"","_kad_post_feature_position":"","_kad_post_header":false,"_kad_post_footer":false},"product_brand":[],"product_cat":[57],"product_tag":[1073,1071,1080,1076,1078,1074,1077,1079,1072,1075],"class_list":{"0":"post-9148","1":"product","2":"type-product","3":"status-publish","4":"has-post-thumbnail","6":"product_cat-concrete-cutter","7":"product_tag-asphalt-cutter","8":"product_tag-concrete-cutting-machine","9":"product_tag-concrete-groove-cutting-machine","10":"product_tag-diesel-concrete-cutter","11":"product_tag-electric-concrete-cutter","12":"product_tag-floor-saw-machine","13":"product_tag-gasoline-concrete-cutter","14":"product_tag-pavement-cutter-machine","15":"product_tag-road-cutting-machine","16":"product_tag-walk-behind-concrete-cutter","18":"first","19":"instock","20":"shipping-taxable","21":"product-type-simple","22":"entry","23":"content-bg","24":"loop-entry"},"yoast_head":"<!-- This site is optimized with the Yoast SEO plugin v25.3.1 - https:\/\/yoast.com\/wordpress\/plugins\/seo\/ -->\n<title>Concrete Cutter HQ-D400 - HSY Construction Machinery<\/title>\n<meta name=\"description\" content=\"HQ-D400 electric concrete cutter offers quiet, emission-free concrete and asphalt cutting for indoor and urban construction sites. Precise, clean, and operator-friendly.\" \/>\n<meta name=\"robots\" content=\"index, follow, max-snippet:-1, max-image-preview:large, max-video-preview:-1\" \/>\n<link rel=\"canonical\" href=\"https:\/\/www.hsymachinery.com\/lt\/produktas\/betono-pjaustytuvas-hq-d400\/\" \/>\n<meta property=\"og:locale\" content=\"lt_LT\" \/>\n<meta property=\"og:type\" content=\"article\" \/>\n<meta property=\"og:title\" content=\"Concrete Cutter HQ-D400 - HSY Construction Machinery\" \/>\n<meta property=\"og:description\" content=\"HQ-D400 electric concrete cutter offers quiet, emission-free concrete and asphalt cutting for indoor and urban construction sites. Precise, clean, and operator-friendly.\" \/>\n<meta property=\"og:url\" content=\"https:\/\/www.hsymachinery.com\/lt\/produktas\/betono-pjaustytuvas-hq-d400\/\" \/>\n<meta property=\"og:site_name\" content=\"HSY Construction Machinery\" \/>\n<meta property=\"article:modified_time\" content=\"2025-06-28T13:07:27+00:00\" \/>\n<meta property=\"og:image\" content=\"https:\/\/www.hsymachinery.com\/wp-content\/uploads\/2025\/06\/Concrete-Cutter-HQ-D400.jpg\" \/>\n\t<meta property=\"og:image:width\" content=\"600\" \/>\n\t<meta property=\"og:image:height\" content=\"600\" \/>\n\t<meta property=\"og:image:type\" content=\"image\/jpeg\" \/>\n<meta name=\"twitter:card\" content=\"summary_large_image\" \/>\n<meta name=\"twitter:label1\" content=\"Est. reading time\" \/>\n\t<meta name=\"twitter:data1\" content=\"2 minut\u0117s\" \/>\n<script type=\"application\/ld+json\" class=\"yoast-schema-graph\">{\"@context\":\"https:\/\/schema.org\",\"@graph\":[{\"@type\":\"WebPage\",\"@id\":\"https:\/\/www.hsymachinery.com\/product\/concrete-cutter-hq-d400\/\",\"url\":\"https:\/\/www.hsymachinery.com\/product\/concrete-cutter-hq-d400\/\",\"name\":\"Concrete Cutter HQ-D400 - HSY Construction Machinery\",\"isPartOf\":{\"@id\":\"https:\/\/www.hsymachinery.com\/#website\"},\"primaryImageOfPage\":{\"@id\":\"https:\/\/www.hsymachinery.com\/product\/concrete-cutter-hq-d400\/#primaryimage\"},\"image\":{\"@id\":\"https:\/\/www.hsymachinery.com\/product\/concrete-cutter-hq-d400\/#primaryimage\"},\"thumbnailUrl\":\"https:\/\/www.hsymachinery.com\/wp-content\/uploads\/2025\/06\/Concrete-Cutter-HQ-D400.jpg\",\"datePublished\":\"2025-06-18T10:04:34+00:00\",\"dateModified\":\"2025-06-28T13:07:27+00:00\",\"description\":\"HQ-D400 electric concrete cutter offers quiet, emission-free concrete and asphalt cutting for indoor and urban construction sites. Precise, clean, and operator-friendly.\",\"breadcrumb\":{\"@id\":\"https:\/\/www.hsymachinery.com\/product\/concrete-cutter-hq-d400\/#breadcrumb\"},\"inLanguage\":\"lt-LT\",\"potentialAction\":[{\"@type\":\"ReadAction\",\"target\":[\"https:\/\/www.hsymachinery.com\/product\/concrete-cutter-hq-d400\/\"]}]},{\"@type\":\"ImageObject\",\"inLanguage\":\"lt-LT\",\"@id\":\"https:\/\/www.hsymachinery.com\/product\/concrete-cutter-hq-d400\/#primaryimage\",\"url\":\"https:\/\/www.hsymachinery.com\/wp-content\/uploads\/2025\/06\/Concrete-Cutter-HQ-D400.jpg\",\"contentUrl\":\"https:\/\/www.hsymachinery.com\/wp-content\/uploads\/2025\/06\/Concrete-Cutter-HQ-D400.jpg\",\"width\":600,\"height\":600},{\"@type\":\"BreadcrumbList\",\"@id\":\"https:\/\/www.hsymachinery.com\/product\/concrete-cutter-hq-d400\/#breadcrumb\",\"itemListElement\":[{\"@type\":\"ListItem\",\"position\":1,\"name\":\"home\",\"item\":\"https:\/\/www.hsymachinery.com\/\"},{\"@type\":\"ListItem\",\"position\":2,\"name\":\"products\",\"item\":\"https:\/\/www.hsymachinery.com\/products\/\"},{\"@type\":\"ListItem\",\"position\":3,\"name\":\"Concrete Cutter HQ-D400\"}]},{\"@type\":\"WebSite\",\"@id\":\"https:\/\/www.hsymachinery.com\/#website\",\"url\":\"https:\/\/www.hsymachinery.com\/\",\"name\":\"HSY Construction Machinery\",\"description\":\"HSY Machinery \u2013 A leading China construction machinery supplier, offering a wide range of light construction equipment. Our main products include Rebar Cutting Machine, Rebar Bending Machine, Rebar Stirrup Bending Machine, Rebar Arc Bending Machine, Rebar Straightening Machine, Five-Head Rebar Stirrup Bending Machine, Tamping Rammer, Plate Compactor, Concrete Cutter, Power Trowel, and other construction machinery. We are equipped with advanced CNC machines, and we enforce strict quality inspection standards along with comprehensive after-sales service. If you are interested in our products or services, we warmly welcome your inquiries via message.\",\"publisher\":{\"@id\":\"https:\/\/www.hsymachinery.com\/#organization\"},\"potentialAction\":[{\"@type\":\"SearchAction\",\"target\":{\"@type\":\"EntryPoint\",\"urlTemplate\":\"https:\/\/www.hsymachinery.com\/?s={search_term_string}\"},\"query-input\":{\"@type\":\"PropertyValueSpecification\",\"valueRequired\":true,\"valueName\":\"search_term_string\"}}],\"inLanguage\":\"lt-LT\"},{\"@type\":\"Organization\",\"@id\":\"https:\/\/www.hsymachinery.com\/#organization\",\"name\":\"HSY Construction Machinery\",\"url\":\"https:\/\/www.hsymachinery.com\/\",\"logo\":{\"@type\":\"ImageObject\",\"inLanguage\":\"lt-LT\",\"@id\":\"https:\/\/www.hsymachinery.com\/#\/schema\/logo\/image\/\",\"url\":\"https:\/\/www.hsymachinery.com\/wp-content\/uploads\/2025\/06\/cropped-HSY-machinery.png\",\"contentUrl\":\"https:\/\/www.hsymachinery.com\/wp-content\/uploads\/2025\/06\/cropped-HSY-machinery.png\",\"width\":600,\"height\":240,\"caption\":\"HSY Construction Machinery\"},\"image\":{\"@id\":\"https:\/\/www.hsymachinery.com\/#\/schema\/logo\/image\/\"}}]}<\/script>\n<!-- \/ Yoast SEO plugin. -->","yoast_head_json":{"title":"Betono pjaustytuvas HQ-D400 - HSY statybin\u0117s ma\u0161inos","description":"HQ-D400 elektrinis betono pjaustytuvas tyliai, be tar\u0161os pjauna beton\u0105 ir asfalt\u0105 patalpose ir miesto statybviet\u0117se. Tikslus, \u0161varus ir patogus operatoriui.","robots":{"index":"index","follow":"follow","max-snippet":"max-snippet:-1","max-image-preview":"max-image-preview:large","max-video-preview":"max-video-preview:-1"},"canonical":"https:\/\/www.hsymachinery.com\/lt\/produktas\/betono-pjaustytuvas-hq-d400\/","og_locale":"lt_LT","og_type":"article","og_title":"Concrete Cutter HQ-D400 - HSY Construction Machinery","og_description":"HQ-D400 electric concrete cutter offers quiet, emission-free concrete and asphalt cutting for indoor and urban construction sites. Precise, clean, and operator-friendly.","og_url":"https:\/\/www.hsymachinery.com\/lt\/produktas\/betono-pjaustytuvas-hq-d400\/","og_site_name":"HSY Construction Machinery","article_modified_time":"2025-06-28T13:07:27+00:00","og_image":[{"width":600,"height":600,"url":"https:\/\/www.hsymachinery.com\/wp-content\/uploads\/2025\/06\/Concrete-Cutter-HQ-D400.jpg","type":"image\/jpeg"}],"twitter_card":"summary_large_image","twitter_misc":{"Est. reading time":"2 minut\u0117s"},"schema":{"@context":"https:\/\/schema.org","@graph":[{"@type":"WebPage","@id":"https:\/\/www.hsymachinery.com\/product\/concrete-cutter-hq-d400\/","url":"https:\/\/www.hsymachinery.com\/product\/concrete-cutter-hq-d400\/","name":"Betono pjaustytuvas HQ-D400 - HSY statybin\u0117s ma\u0161inos","isPartOf":{"@id":"https:\/\/www.hsymachinery.com\/#website"},"primaryImageOfPage":{"@id":"https:\/\/www.hsymachinery.com\/product\/concrete-cutter-hq-d400\/#primaryimage"},"image":{"@id":"https:\/\/www.hsymachinery.com\/product\/concrete-cutter-hq-d400\/#primaryimage"},"thumbnailUrl":"https:\/\/www.hsymachinery.com\/wp-content\/uploads\/2025\/06\/Concrete-Cutter-HQ-D400.jpg","datePublished":"2025-06-18T10:04:34+00:00","dateModified":"2025-06-28T13:07:27+00:00","description":"HQ-D400 elektrinis betono pjaustytuvas tyliai, be tar\u0161os pjauna beton\u0105 ir asfalt\u0105 patalpose ir miesto statybviet\u0117se. Tikslus, \u0161varus ir patogus operatoriui.","breadcrumb":{"@id":"https:\/\/www.hsymachinery.com\/product\/concrete-cutter-hq-d400\/#breadcrumb"},"inLanguage":"lt-LT","potentialAction":[{"@type":"ReadAction","target":["https:\/\/www.hsymachinery.com\/product\/concrete-cutter-hq-d400\/"]}]},{"@type":"ImageObject","inLanguage":"lt-LT","@id":"https:\/\/www.hsymachinery.com\/product\/concrete-cutter-hq-d400\/#primaryimage","url":"https:\/\/www.hsymachinery.com\/wp-content\/uploads\/2025\/06\/Concrete-Cutter-HQ-D400.jpg","contentUrl":"https:\/\/www.hsymachinery.com\/wp-content\/uploads\/2025\/06\/Concrete-Cutter-HQ-D400.jpg","width":600,"height":600},{"@type":"BreadcrumbList","@id":"https:\/\/www.hsymachinery.com\/product\/concrete-cutter-hq-d400\/#breadcrumb","itemListElement":[{"@type":"ListItem","position":1,"name":"home","item":"https:\/\/www.hsymachinery.com\/"},{"@type":"ListItem","position":2,"name":"products","item":"https:\/\/www.hsymachinery.com\/products\/"},{"@type":"ListItem","position":3,"name":"Concrete Cutter HQ-D400"}]},{"@type":"WebSite","@id":"https:\/\/www.hsymachinery.com\/#website","url":"https:\/\/www.hsymachinery.com\/","name":"HSY statybin\u0117s ma\u0161inos","description":"\"HSY Machinery\" - pirmaujanti Kinijos statybos ma\u0161in\u0173 tiek\u0117ja, si\u016blanti plat\u0173 lengvosios statybos \u012frangos asortiment\u0105. Pagrindiniai m\u016bs\u0173 produktai - armat\u016bros pjovimo stakl\u0117s, armat\u016bros lenkimo stakl\u0117s, armat\u016bros stryp\u0173 lenkimo stakl\u0117s, armat\u016bros lanko lenkimo stakl\u0117s, armat\u016bros tiesinimo stakl\u0117s, penki\u0173 galvu\u010di\u0173 armat\u016bros stryp\u0173 lenkimo stakl\u0117s, tankinimo plaktukas, plok\u0161\u010di\u0173 tankintuvas, betono pjaustykl\u0117, elektrin\u0117 mentele ir kita statybin\u0117 technika. Turime pa\u017eangias CNC stakles, taikome grie\u017etus kokyb\u0117s tikrinimo standartus ir teikiame visapusi\u0161kas garantinio aptarnavimo paslaugas. Jei jus domina m\u016bs\u0173 gaminiai ar paslaugos, maloniai laukiame j\u016bs\u0173 u\u017eklaus\u0173 \u017einute.","publisher":{"@id":"https:\/\/www.hsymachinery.com\/#organization"},"potentialAction":[{"@type":"SearchAction","target":{"@type":"EntryPoint","urlTemplate":"https:\/\/www.hsymachinery.com\/?s={search_term_string}"},"query-input":{"@type":"PropertyValueSpecification","valueRequired":true,"valueName":"search_term_string"}}],"inLanguage":"lt-LT"},{"@type":"Organization","@id":"https:\/\/www.hsymachinery.com\/#organization","name":"HSY statybin\u0117s ma\u0161inos","url":"https:\/\/www.hsymachinery.com\/","logo":{"@type":"ImageObject","inLanguage":"lt-LT","@id":"https:\/\/www.hsymachinery.com\/#\/schema\/logo\/image\/","url":"https:\/\/www.hsymachinery.com\/wp-content\/uploads\/2025\/06\/cropped-HSY-machinery.png","contentUrl":"https:\/\/www.hsymachinery.com\/wp-content\/uploads\/2025\/06\/cropped-HSY-machinery.png","width":600,"height":240,"caption":"HSY Construction Machinery"},"image":{"@id":"https:\/\/www.hsymachinery.com\/#\/schema\/logo\/image\/"}}]}},"_links":{"self":[{"href":"https:\/\/www.hsymachinery.com\/lt\/wp-json\/wp\/v2\/product\/9148","targetHints":{"allow":["GET"]}}],"collection":[{"href":"https:\/\/www.hsymachinery.com\/lt\/wp-json\/wp\/v2\/product"}],"about":[{"href":"https:\/\/www.hsymachinery.com\/lt\/wp-json\/wp\/v2\/types\/product"}],"version-history":[{"count":3,"href":"https:\/\/www.hsymachinery.com\/lt\/wp-json\/wp\/v2\/product\/9148\/revisions"}],"predecessor-version":[{"id":9563,"href":"https:\/\/www.hsymachinery.com\/lt\/wp-json\/wp\/v2\/product\/9148\/revisions\/9563"}],"wp:featuredmedia":[{"embeddable":true,"href":"https:\/\/www.hsymachinery.com\/lt\/wp-json\/wp\/v2\/media\/9149"}],"wp:attachment":[{"href":"https:\/\/www.hsymachinery.com\/lt\/wp-json\/wp\/v2\/media?parent=9148"}],"wp:term":[{"taxonomy":"product_brand","embeddable":true,"href":"https:\/\/www.hsymachinery.com\/lt\/wp-json\/wp\/v2\/product_brand?post=9148"},{"taxonomy":"product_cat","embeddable":true,"href":"https:\/\/www.hsymachinery.com\/lt\/wp-json\/wp\/v2\/product_cat?post=9148"},{"taxonomy":"product_tag","embeddable":true,"href":"https:\/\/www.hsymachinery.com\/lt\/wp-json\/wp\/v2\/product_tag?post=9148"}],"curies":[{"name":"wp","href":"https:\/\/api.w.org\/{rel}","templated":true}]}}