{"id":9139,"date":"2025-06-18T18:00:19","date_gmt":"2025-06-18T10:00:19","guid":{"rendered":"https:\/\/www.hsymachinery.com\/?post_type=product&#038;p=9139"},"modified":"2025-06-28T20:46:32","modified_gmt":"2025-06-28T12:46:32","slug":"betono-pjaustykle-hq-l400a","status":"publish","type":"product","link":"https:\/\/www.hsymachinery.com\/lt\/produktas\/betono-pjaustykle-hq-l400a\/","title":{"rendered":"Betono pjaustytuvas HQ-L400A"},"content":{"rendered":"<h2 data-start=\"91\" data-end=\"123\">Betono pjaustytuvas HQ-L400A<\/h2>\n<h3 data-start=\"124\" data-end=\"235\">HQ-L400A \"Longxin\" benzininis betono pjovimo pj\u016bklas | Atnaujintas betono pj\u016bklas, skirtas keli\u0173, tilt\u0173 ir grind\u0173 pjovimo projektams<\/h3>\n<h3 data-start=\"242\" data-end=\"332\">Produkto apra\u0161ymas - Patobulintas ilgaam\u017ei\u0161kumas ir pjovimo efektyvumas su Longxin varikliu<a href=\"https:\/\/www.hsymachinery.com\/lt\/produktai\/betono-pjaustytuvas\/\" target=\"_blank\" rel=\"noopener\"><img fetchpriority=\"high\" decoding=\"async\" class=\"wp-image-9548 alignright\" src=\"https:\/\/www.hsymachinery.com\/wp-content\/uploads\/2025\/06\/Floor-Saw-Machine-146x300.jpg\" alt=\"\" width=\"450\" height=\"925\" srcset=\"https:\/\/www.hsymachinery.com\/wp-content\/uploads\/2025\/06\/Floor-Saw-Machine-146x300.jpg 146w, https:\/\/www.hsymachinery.com\/wp-content\/uploads\/2025\/06\/Floor-Saw-Machine-768x1581.jpg 768w, https:\/\/www.hsymachinery.com\/wp-content\/uploads\/2025\/06\/Floor-Saw-Machine-600x1235.jpg 600w, https:\/\/www.hsymachinery.com\/wp-content\/uploads\/2025\/06\/Floor-Saw-Machine.jpg 800w\" sizes=\"(max-width: 450px) 100vw, 450px\" \/><\/a><\/h3>\n<p data-start=\"334\" data-end=\"724\">Svetain\u0117 <strong data-start=\"338\" data-end=\"366\">HQ-L400A betono pjaustytuvas<\/strong> tai patobulinta HQ-L400 versija, varoma \"Longxin\" benzininiu varikliu ir skirta sunkesn\u0117ms pjovimo u\u017eduotims atlikti. D\u0117l didesnio stabilumo, sustiprinto r\u0117mo ir patobulinto pjovimo gylio valdymo \u0161is modelis pasi\u017eymi puikiu na\u0161umu pjaunant kelio dang\u0105, pjaunant grind\u0173 pl\u0117timosi si\u016bles ir apdorojant tilt\u0173 paklotus.<\/p>\n<p data-start=\"726\" data-end=\"897\">\u0160is pjaustytuvas suderina galing\u0105 sukimo moment\u0105 ir puik\u0173 manevringum\u0105, tod\u0117l operatorius gali geriau kontroliuoti net ir gilius, nepertraukiamus pj\u016bvius ant kiet\u0173 betono ar asfalto pavir\u0161i\u0173.<\/p>\n<h3 data-start=\"904\" data-end=\"950\">Pagrindin\u0117s funkcijos ir na\u0161umo privalumai<\/h3>\n<ul data-start=\"952\" data-end=\"1312\">\n<li data-start=\"952\" data-end=\"1012\">\n<p data-start=\"954\" data-end=\"1012\">\u012erengtas \"Longxin\" didelio na\u0161umo benzininis variklis<\/p>\n<\/li>\n<li data-start=\"1013\" data-end=\"1076\">\n<p data-start=\"1015\" data-end=\"1076\">Patobulinta va\u017eiuokl\u0117 ir vibracijos slopinimas u\u017etikrina stabil\u0173 veikim\u0105<\/p>\n<\/li>\n<li data-start=\"1077\" data-end=\"1122\">\n<p data-start=\"1079\" data-end=\"1122\">Tiksli pjovimo gylio reguliavimo sistema<\/p>\n<\/li>\n<li data-start=\"1123\" data-end=\"1190\">\n<p data-start=\"1125\" data-end=\"1190\">Tinka i\u0161tisiniams pj\u016bviams betone, asfalte ir grindinyje<\/p>\n<\/li>\n<li data-start=\"1191\" data-end=\"1252\">\n<p data-start=\"1193\" data-end=\"1252\">Didelio atsparumo plieninis korpusas atlaiko intensyvias lauko s\u0105lygas<\/p>\n<\/li>\n<li data-start=\"1253\" data-end=\"1312\">\n<p data-start=\"1255\" data-end=\"1312\">Kompakti\u0161kas ir ergonomi\u0161kas, kad valdymas b\u016bt\u0173 sklandesnis<\/p>\n<\/li>\n<\/ul>\n<h3 data-start=\"1319\" data-end=\"1396\">Patikimai naudojami miest\u0173 keliuose, statybviet\u0117se ir atnaujinant infrastrukt\u016br\u0105<\/h3>\n<p data-start=\"1398\" data-end=\"1673\">HQ-L400A puikiai tinka profesionalams - nuo savivaldybi\u0173 keli\u0173 prie\u017ei\u016bros iki automobili\u0173 stov\u0117jimo aik\u0161teli\u0173 dangos atnaujinimo ir komercini\u0173 plok\u0161\u010di\u0173 renovacijos. D\u0117l ilgesnio veikimo laiko ir tvirtos konstrukcijos jis yra tinkamiausias pasirinkimas ilgoms pamainoms ir sud\u0117tingiems pjovimo modeliams.<\/p>\n<p data-start=\"1675\" data-end=\"1817\">Nesvarbu, ar pjaunate kompensacines si\u016bles, kanalizacijos tran\u0161\u0117jas, ar komunalines linijas, \u0161i ma\u0161ina u\u017etikrina \u0161varius, tiesius ir saugius pj\u016bvius kiekvien\u0105 kart\u0105.<\/p>\n<p><iframe title=\"betono pjaustytuvas, betono pjaustymas, betono pjaustytuvas, betono pjaustytuvas, betono pjaustytuvas\" width=\"720\" height=\"405\" src=\"https:\/\/www.youtube.com\/embed\/egJcI18gCcg?feature=oembed\" frameborder=\"0\" allow=\"accelerometer; autoplay; clipboard-write; encrypted-media; gyroscope; picture-in-picture; web-share\" referrerpolicy=\"strict-origin-when-cross-origin\" allowfullscreen><\/iframe><\/p>","protected":false},"excerpt":{"rendered":"<p>HQ-L400A \"Longxin\" betono pjaustytuvas pasi\u017eymi geresne gylio kontrole ir stabilumu, idealiai tinka sunkiems betono, keli\u0173 ir deformacini\u0173 si\u016bli\u0173 pjovimo darbams.<\/p>","protected":false},"featured_media":9140,"template":"","meta":{"_kad_post_transparent":"default","_kad_post_title":"","_kad_post_layout":"default","_kad_post_sidebar_id":"","_kad_post_content_style":"default","_kad_post_vertical_padding":"default","_kad_post_feature":"","_kad_post_feature_position":"","_kad_post_header":false,"_kad_post_footer":false},"product_brand":[],"product_cat":[57],"product_tag":[1073,1071,1080,1076,1078,1074,1077,1079,1072,1075],"class_list":{"0":"post-9139","1":"product","2":"type-product","3":"status-publish","4":"has-post-thumbnail","6":"product_cat-concrete-cutter","7":"product_tag-asphalt-cutter","8":"product_tag-concrete-cutting-machine","9":"product_tag-concrete-groove-cutting-machine","10":"product_tag-diesel-concrete-cutter","11":"product_tag-electric-concrete-cutter","12":"product_tag-floor-saw-machine","13":"product_tag-gasoline-concrete-cutter","14":"product_tag-pavement-cutter-machine","15":"product_tag-road-cutting-machine","16":"product_tag-walk-behind-concrete-cutter","18":"first","19":"instock","20":"shipping-taxable","21":"product-type-simple","22":"entry","23":"content-bg","24":"loop-entry"},"yoast_head":"<!-- This site is optimized with the Yoast SEO plugin v25.3.1 - https:\/\/yoast.com\/wordpress\/plugins\/seo\/ -->\n<title>Concrete Cutter HQ-L400A - HSY Construction Machinery<\/title>\n<meta name=\"description\" content=\"HQ-L400A Longxin concrete cutter offers deep, precise cuts with upgraded stability for roads, bridge decks, and floor joints. Reliable for tough construction projects.\" \/>\n<meta name=\"robots\" content=\"index, follow, max-snippet:-1, max-image-preview:large, max-video-preview:-1\" \/>\n<link rel=\"canonical\" href=\"https:\/\/www.hsymachinery.com\/lt\/produktas\/betono-pjaustykle-hq-l400a\/\" \/>\n<meta property=\"og:locale\" content=\"lt_LT\" \/>\n<meta property=\"og:type\" content=\"article\" \/>\n<meta property=\"og:title\" content=\"Concrete Cutter HQ-L400A - HSY Construction Machinery\" \/>\n<meta property=\"og:description\" content=\"HQ-L400A Longxin concrete cutter offers deep, precise cuts with upgraded stability for roads, bridge decks, and floor joints. Reliable for tough construction projects.\" \/>\n<meta property=\"og:url\" content=\"https:\/\/www.hsymachinery.com\/lt\/produktas\/betono-pjaustykle-hq-l400a\/\" \/>\n<meta property=\"og:site_name\" content=\"HSY Construction Machinery\" \/>\n<meta property=\"article:modified_time\" content=\"2025-06-28T12:46:32+00:00\" \/>\n<meta property=\"og:image\" content=\"https:\/\/www.hsymachinery.com\/wp-content\/uploads\/2025\/06\/Concrete-Cutter-HQ-L400A.jpg\" \/>\n\t<meta property=\"og:image:width\" content=\"600\" \/>\n\t<meta property=\"og:image:height\" content=\"600\" \/>\n\t<meta property=\"og:image:type\" content=\"image\/jpeg\" \/>\n<meta name=\"twitter:card\" content=\"summary_large_image\" \/>\n<meta name=\"twitter:label1\" content=\"Est. reading time\" \/>\n\t<meta name=\"twitter:data1\" content=\"2 minut\u0117s\" \/>\n<script type=\"application\/ld+json\" class=\"yoast-schema-graph\">{\"@context\":\"https:\/\/schema.org\",\"@graph\":[{\"@type\":\"WebPage\",\"@id\":\"https:\/\/www.hsymachinery.com\/product\/concrete-cutter-hq-l400a\/\",\"url\":\"https:\/\/www.hsymachinery.com\/product\/concrete-cutter-hq-l400a\/\",\"name\":\"Concrete Cutter HQ-L400A - HSY Construction Machinery\",\"isPartOf\":{\"@id\":\"https:\/\/www.hsymachinery.com\/#website\"},\"primaryImageOfPage\":{\"@id\":\"https:\/\/www.hsymachinery.com\/product\/concrete-cutter-hq-l400a\/#primaryimage\"},\"image\":{\"@id\":\"https:\/\/www.hsymachinery.com\/product\/concrete-cutter-hq-l400a\/#primaryimage\"},\"thumbnailUrl\":\"https:\/\/www.hsymachinery.com\/wp-content\/uploads\/2025\/06\/Concrete-Cutter-HQ-L400A.jpg\",\"datePublished\":\"2025-06-18T10:00:19+00:00\",\"dateModified\":\"2025-06-28T12:46:32+00:00\",\"description\":\"HQ-L400A Longxin concrete cutter offers deep, precise cuts with upgraded stability for roads, bridge decks, and floor joints. Reliable for tough construction projects.\",\"breadcrumb\":{\"@id\":\"https:\/\/www.hsymachinery.com\/product\/concrete-cutter-hq-l400a\/#breadcrumb\"},\"inLanguage\":\"lt-LT\",\"potentialAction\":[{\"@type\":\"ReadAction\",\"target\":[\"https:\/\/www.hsymachinery.com\/product\/concrete-cutter-hq-l400a\/\"]}]},{\"@type\":\"ImageObject\",\"inLanguage\":\"lt-LT\",\"@id\":\"https:\/\/www.hsymachinery.com\/product\/concrete-cutter-hq-l400a\/#primaryimage\",\"url\":\"https:\/\/www.hsymachinery.com\/wp-content\/uploads\/2025\/06\/Concrete-Cutter-HQ-L400A.jpg\",\"contentUrl\":\"https:\/\/www.hsymachinery.com\/wp-content\/uploads\/2025\/06\/Concrete-Cutter-HQ-L400A.jpg\",\"width\":600,\"height\":600},{\"@type\":\"BreadcrumbList\",\"@id\":\"https:\/\/www.hsymachinery.com\/product\/concrete-cutter-hq-l400a\/#breadcrumb\",\"itemListElement\":[{\"@type\":\"ListItem\",\"position\":1,\"name\":\"home\",\"item\":\"https:\/\/www.hsymachinery.com\/\"},{\"@type\":\"ListItem\",\"position\":2,\"name\":\"products\",\"item\":\"https:\/\/www.hsymachinery.com\/products\/\"},{\"@type\":\"ListItem\",\"position\":3,\"name\":\"Concrete Cutter HQ-L400A\"}]},{\"@type\":\"WebSite\",\"@id\":\"https:\/\/www.hsymachinery.com\/#website\",\"url\":\"https:\/\/www.hsymachinery.com\/\",\"name\":\"HSY Construction Machinery\",\"description\":\"HSY Machinery \u2013 A leading China construction machinery supplier, offering a wide range of light construction equipment. Our main products include Rebar Cutting Machine, Rebar Bending Machine, Rebar Stirrup Bending Machine, Rebar Arc Bending Machine, Rebar Straightening Machine, Five-Head Rebar Stirrup Bending Machine, Tamping Rammer, Plate Compactor, Concrete Cutter, Power Trowel, and other construction machinery. We are equipped with advanced CNC machines, and we enforce strict quality inspection standards along with comprehensive after-sales service. If you are interested in our products or services, we warmly welcome your inquiries via message.\",\"publisher\":{\"@id\":\"https:\/\/www.hsymachinery.com\/#organization\"},\"potentialAction\":[{\"@type\":\"SearchAction\",\"target\":{\"@type\":\"EntryPoint\",\"urlTemplate\":\"https:\/\/www.hsymachinery.com\/?s={search_term_string}\"},\"query-input\":{\"@type\":\"PropertyValueSpecification\",\"valueRequired\":true,\"valueName\":\"search_term_string\"}}],\"inLanguage\":\"lt-LT\"},{\"@type\":\"Organization\",\"@id\":\"https:\/\/www.hsymachinery.com\/#organization\",\"name\":\"HSY Construction Machinery\",\"url\":\"https:\/\/www.hsymachinery.com\/\",\"logo\":{\"@type\":\"ImageObject\",\"inLanguage\":\"lt-LT\",\"@id\":\"https:\/\/www.hsymachinery.com\/#\/schema\/logo\/image\/\",\"url\":\"https:\/\/www.hsymachinery.com\/wp-content\/uploads\/2025\/06\/cropped-HSY-machinery.png\",\"contentUrl\":\"https:\/\/www.hsymachinery.com\/wp-content\/uploads\/2025\/06\/cropped-HSY-machinery.png\",\"width\":600,\"height\":240,\"caption\":\"HSY Construction Machinery\"},\"image\":{\"@id\":\"https:\/\/www.hsymachinery.com\/#\/schema\/logo\/image\/\"}}]}<\/script>\n<!-- \/ Yoast SEO plugin. -->","yoast_head_json":{"title":"Betono pjaustytuvas HQ-L400A - HSY statybin\u0117s ma\u0161inos","description":"HQ-L400A \"Longxin\" betono pjaustytuvas si\u016blo gilius ir tikslius pj\u016bvius, pasi\u017eymin\u010dius didesniu stabilumu, skirtus keliams, tilt\u0173 denginiams ir grind\u0173 sand\u016broms. Patikimas sunkiems statybos projektams.","robots":{"index":"index","follow":"follow","max-snippet":"max-snippet:-1","max-image-preview":"max-image-preview:large","max-video-preview":"max-video-preview:-1"},"canonical":"https:\/\/www.hsymachinery.com\/lt\/produktas\/betono-pjaustykle-hq-l400a\/","og_locale":"lt_LT","og_type":"article","og_title":"Concrete Cutter HQ-L400A - HSY Construction Machinery","og_description":"HQ-L400A Longxin concrete cutter offers deep, precise cuts with upgraded stability for roads, bridge decks, and floor joints. Reliable for tough construction projects.","og_url":"https:\/\/www.hsymachinery.com\/lt\/produktas\/betono-pjaustykle-hq-l400a\/","og_site_name":"HSY Construction Machinery","article_modified_time":"2025-06-28T12:46:32+00:00","og_image":[{"width":600,"height":600,"url":"https:\/\/www.hsymachinery.com\/wp-content\/uploads\/2025\/06\/Concrete-Cutter-HQ-L400A.jpg","type":"image\/jpeg"}],"twitter_card":"summary_large_image","twitter_misc":{"Est. reading time":"2 minut\u0117s"},"schema":{"@context":"https:\/\/schema.org","@graph":[{"@type":"WebPage","@id":"https:\/\/www.hsymachinery.com\/product\/concrete-cutter-hq-l400a\/","url":"https:\/\/www.hsymachinery.com\/product\/concrete-cutter-hq-l400a\/","name":"Betono pjaustytuvas HQ-L400A - HSY statybin\u0117s ma\u0161inos","isPartOf":{"@id":"https:\/\/www.hsymachinery.com\/#website"},"primaryImageOfPage":{"@id":"https:\/\/www.hsymachinery.com\/product\/concrete-cutter-hq-l400a\/#primaryimage"},"image":{"@id":"https:\/\/www.hsymachinery.com\/product\/concrete-cutter-hq-l400a\/#primaryimage"},"thumbnailUrl":"https:\/\/www.hsymachinery.com\/wp-content\/uploads\/2025\/06\/Concrete-Cutter-HQ-L400A.jpg","datePublished":"2025-06-18T10:00:19+00:00","dateModified":"2025-06-28T12:46:32+00:00","description":"HQ-L400A \"Longxin\" betono pjaustytuvas si\u016blo gilius ir tikslius pj\u016bvius, pasi\u017eymin\u010dius didesniu stabilumu, skirtus keliams, tilt\u0173 denginiams ir grind\u0173 sand\u016broms. Patikimas sunkiems statybos projektams.","breadcrumb":{"@id":"https:\/\/www.hsymachinery.com\/product\/concrete-cutter-hq-l400a\/#breadcrumb"},"inLanguage":"lt-LT","potentialAction":[{"@type":"ReadAction","target":["https:\/\/www.hsymachinery.com\/product\/concrete-cutter-hq-l400a\/"]}]},{"@type":"ImageObject","inLanguage":"lt-LT","@id":"https:\/\/www.hsymachinery.com\/product\/concrete-cutter-hq-l400a\/#primaryimage","url":"https:\/\/www.hsymachinery.com\/wp-content\/uploads\/2025\/06\/Concrete-Cutter-HQ-L400A.jpg","contentUrl":"https:\/\/www.hsymachinery.com\/wp-content\/uploads\/2025\/06\/Concrete-Cutter-HQ-L400A.jpg","width":600,"height":600},{"@type":"BreadcrumbList","@id":"https:\/\/www.hsymachinery.com\/product\/concrete-cutter-hq-l400a\/#breadcrumb","itemListElement":[{"@type":"ListItem","position":1,"name":"home","item":"https:\/\/www.hsymachinery.com\/"},{"@type":"ListItem","position":2,"name":"products","item":"https:\/\/www.hsymachinery.com\/products\/"},{"@type":"ListItem","position":3,"name":"Concrete Cutter HQ-L400A"}]},{"@type":"WebSite","@id":"https:\/\/www.hsymachinery.com\/#website","url":"https:\/\/www.hsymachinery.com\/","name":"HSY statybin\u0117s ma\u0161inos","description":"\"HSY Machinery\" - pirmaujanti Kinijos statybos ma\u0161in\u0173 tiek\u0117ja, si\u016blanti plat\u0173 lengvosios statybos \u012frangos asortiment\u0105. Pagrindiniai m\u016bs\u0173 produktai - armat\u016bros pjovimo stakl\u0117s, armat\u016bros lenkimo stakl\u0117s, armat\u016bros stryp\u0173 lenkimo stakl\u0117s, armat\u016bros lanko lenkimo stakl\u0117s, armat\u016bros tiesinimo stakl\u0117s, penki\u0173 galvu\u010di\u0173 armat\u016bros stryp\u0173 lenkimo stakl\u0117s, tankinimo plaktukas, plok\u0161\u010di\u0173 tankintuvas, betono pjaustykl\u0117, elektrin\u0117 mentele ir kita statybin\u0117 technika. Turime pa\u017eangias CNC stakles, taikome grie\u017etus kokyb\u0117s tikrinimo standartus ir teikiame visapusi\u0161kas garantinio aptarnavimo paslaugas. Jei jus domina m\u016bs\u0173 gaminiai ar paslaugos, maloniai laukiame j\u016bs\u0173 u\u017eklaus\u0173 \u017einute.","publisher":{"@id":"https:\/\/www.hsymachinery.com\/#organization"},"potentialAction":[{"@type":"SearchAction","target":{"@type":"EntryPoint","urlTemplate":"https:\/\/www.hsymachinery.com\/?s={search_term_string}"},"query-input":{"@type":"PropertyValueSpecification","valueRequired":true,"valueName":"search_term_string"}}],"inLanguage":"lt-LT"},{"@type":"Organization","@id":"https:\/\/www.hsymachinery.com\/#organization","name":"HSY statybin\u0117s ma\u0161inos","url":"https:\/\/www.hsymachinery.com\/","logo":{"@type":"ImageObject","inLanguage":"lt-LT","@id":"https:\/\/www.hsymachinery.com\/#\/schema\/logo\/image\/","url":"https:\/\/www.hsymachinery.com\/wp-content\/uploads\/2025\/06\/cropped-HSY-machinery.png","contentUrl":"https:\/\/www.hsymachinery.com\/wp-content\/uploads\/2025\/06\/cropped-HSY-machinery.png","width":600,"height":240,"caption":"HSY Construction Machinery"},"image":{"@id":"https:\/\/www.hsymachinery.com\/#\/schema\/logo\/image\/"}}]}},"_links":{"self":[{"href":"https:\/\/www.hsymachinery.com\/lt\/wp-json\/wp\/v2\/product\/9139","targetHints":{"allow":["GET"]}}],"collection":[{"href":"https:\/\/www.hsymachinery.com\/lt\/wp-json\/wp\/v2\/product"}],"about":[{"href":"https:\/\/www.hsymachinery.com\/lt\/wp-json\/wp\/v2\/types\/product"}],"version-history":[{"count":3,"href":"https:\/\/www.hsymachinery.com\/lt\/wp-json\/wp\/v2\/product\/9139\/revisions"}],"predecessor-version":[{"id":9554,"href":"https:\/\/www.hsymachinery.com\/lt\/wp-json\/wp\/v2\/product\/9139\/revisions\/9554"}],"wp:featuredmedia":[{"embeddable":true,"href":"https:\/\/www.hsymachinery.com\/lt\/wp-json\/wp\/v2\/media\/9140"}],"wp:attachment":[{"href":"https:\/\/www.hsymachinery.com\/lt\/wp-json\/wp\/v2\/media?parent=9139"}],"wp:term":[{"taxonomy":"product_brand","embeddable":true,"href":"https:\/\/www.hsymachinery.com\/lt\/wp-json\/wp\/v2\/product_brand?post=9139"},{"taxonomy":"product_cat","embeddable":true,"href":"https:\/\/www.hsymachinery.com\/lt\/wp-json\/wp\/v2\/product_cat?post=9139"},{"taxonomy":"product_tag","embeddable":true,"href":"https:\/\/www.hsymachinery.com\/lt\/wp-json\/wp\/v2\/product_tag?post=9139"}],"curies":[{"name":"wp","href":"https:\/\/api.w.org\/{rel}","templated":true}]}}